{"id":96031,"date":"2021-08-26T12:26:53","date_gmt":"2021-08-26T09:26:53","guid":{"rendered":"https:\/\/redsanstore.com\/%d1%81%d0%bf%d0%b8%d1%81%d0%be%d0%ba-%d0%b6%d0%b5%d0%bb%d0%b0%d0%bd%d0%b8%d0%b9\/"},"modified":"2025-03-11T10:20:24","modified_gmt":"2025-03-11T07:20:24","slug":"%d1%81%d0%bf%d0%b8%d1%81%d0%be%d0%ba-%d0%b6%d0%b5%d0%bb%d0%b0%d0%bd%d0%b8%d0%b9","status":"publish","type":"page","link":"https:\/\/redsanstore.com\/ru\/%d1%81%d0%bf%d0%b8%d1%81%d0%be%d0%ba-%d0%b6%d0%b5%d0%bb%d0%b0%d0%bd%d0%b8%d0%b9\/","title":{"rendered":"\u0421\u043f\u0438\u0441\u043e\u043a \u0436\u0435\u043b\u0430\u043d\u0438\u0439"},"content":{"rendered":"\t\t\n\t\t\n\t\t<div class=\"\">\n\t\t\t\t\t\t<div class=\"wd-wishlist-content\">\n\t\t\t\t\t\t\t\t\t\t\t\n\t\t<p class=\"wd-empty-wishlist wd-empty-page\">\n\t\t\tThis wishlist is empty.\t\t<\/p>\n\n\t\t\t\t\t<div class=\"wd-empty-page-text\">\n\t\t\t\t\u0412 \u0441\u043f\u0438\u0441\u043e\u043a \u0438\u0437\u0431\u0440\u0430\u043d\u043d\u043e\u0433\u043e \u043d\u0435 \u0431\u044b\u043b\u043e \u0434\u043e\u0431\u0430\u0432\u043b\u0435\u043d\u043e \u043d\u0438 \u043e\u0434\u043d\u043e\u0433\u043e \u0442\u043e\u0432\u0430\u0440\u0430. \u0412\u044b \u0434\u043e\u043b\u0436\u043d\u044b \u0432\u044b\u0431\u0440\u0430\u0442\u044c \u043d\u0435\u043a\u043e\u0442\u043e\u0440\u044b\u0435 \u043f\u0440\u043e\u0434\u0443\u043a\u0442\u044b, \u0447\u0442\u043e\u0431\u044b \u0434\u043e\u0431\u0430\u0432\u0438\u0442\u044c \u0438\u0445 \u0432 \u0438\u0437\u0431\u0440\u0430\u043d\u043d\u043e\u0435.\t\t\t<\/div>\n\t\t\n\t\t\n\t\t\t\t\t<p class=\"return-to-shop\">\n\t\t\t\t<a class=\"button\" href=\"https:\/\/redsanstore.com\/ru\/%d0%bc%d0%b0%d0%b3%d0%b0%d0%b7%d0%b8%d0%bd\/\">\n\t\t\t\t\tReturn to shop\t\t\t\t<\/a>\n\t\t\t<\/p>\n\t\t\t\t\t\t\t\t\t\t\t<\/div>\n\t\t\t\t<\/div>\n\t\t\n","protected":false},"excerpt":{"rendered":"","protected":false},"author":1,"featured_media":0,"parent":0,"menu_order":0,"comment_status":"closed","ping_status":"closed","template":"","meta":{"footnotes":""},"class_list":["post-96031","page","type-page","status-publish","hentry"],"yoast_head":"<!-- This site is optimized with the Yoast SEO Premium plugin v25.8 (Yoast SEO v25.9) - https:\/\/yoast.com\/wordpress\/plugins\/seo\/ -->\n<title>\u0421\u043f\u0438\u0441\u043e\u043a \u0436\u0435\u043b\u0430\u043d\u0438\u0439 - Redsan Store<\/title>\n<meta name=\"robots\" content=\"noindex, follow\" \/>\n<meta property=\"og:locale\" content=\"ru_RU\" \/>\n<meta property=\"og:type\" content=\"article\" \/>\n<meta property=\"og:title\" content=\"\u0421\u043f\u0438\u0441\u043e\u043a \u0436\u0435\u043b\u0430\u043d\u0438\u0439\" \/>\n<meta property=\"og:url\" content=\"https:\/\/redsanstore.com\/ru\/\u0441\u043f\u0438\u0441\u043e\u043a-\u0436\u0435\u043b\u0430\u043d\u0438\u0439\/\" \/>\n<meta property=\"og:site_name\" content=\"Redsan Store\" \/>\n<meta property=\"article:publisher\" content=\"https:\/\/www.facebook.com\/redsanelektronik\" \/>\n<meta property=\"article:modified_time\" content=\"2025-03-11T07:20:24+00:00\" \/>\n<meta property=\"og:image\" content=\"https:\/\/redsanstore.com\/wp-content\/uploads\/2024\/06\/redresor-ups-site-gorseli.jpg\" \/>\n\t<meta property=\"og:image:width\" content=\"1200\" \/>\n\t<meta property=\"og:image:height\" content=\"675\" \/>\n\t<meta property=\"og:image:type\" content=\"image\/jpeg\" \/>\n<meta name=\"twitter:card\" content=\"summary_large_image\" \/>\n<script type=\"application\/ld+json\" class=\"yoast-schema-graph\">{\"@context\":\"https:\/\/schema.org\",\"@graph\":[{\"@type\":\"WebPage\",\"@id\":\"https:\/\/redsanstore.com\/ru\/%d1%81%d0%bf%d0%b8%d1%81%d0%be%d0%ba-%d0%b6%d0%b5%d0%bb%d0%b0%d0%bd%d0%b8%d0%b9\/\",\"url\":\"https:\/\/redsanstore.com\/ru\/%d1%81%d0%bf%d0%b8%d1%81%d0%be%d0%ba-%d0%b6%d0%b5%d0%bb%d0%b0%d0%bd%d0%b8%d0%b9\/\",\"name\":\"\u0421\u043f\u0438\u0441\u043e\u043a \u0436\u0435\u043b\u0430\u043d\u0438\u0439 - Redsan Store\",\"isPartOf\":{\"@id\":\"https:\/\/redsanstore.com\/#website\"},\"datePublished\":\"2021-08-26T09:26:53+00:00\",\"dateModified\":\"2025-03-11T07:20:24+00:00\",\"breadcrumb\":{\"@id\":\"https:\/\/redsanstore.com\/ru\/%d1%81%d0%bf%d0%b8%d1%81%d0%be%d0%ba-%d0%b6%d0%b5%d0%bb%d0%b0%d0%bd%d0%b8%d0%b9\/#breadcrumb\"},\"inLanguage\":\"ru-RU\",\"potentialAction\":[{\"@type\":\"ReadAction\",\"target\":[\"https:\/\/redsanstore.com\/ru\/%d1%81%d0%bf%d0%b8%d1%81%d0%be%d0%ba-%d0%b6%d0%b5%d0%bb%d0%b0%d0%bd%d0%b8%d0%b9\/\"]}]},{\"@type\":\"BreadcrumbList\",\"@id\":\"https:\/\/redsanstore.com\/ru\/%d1%81%d0%bf%d0%b8%d1%81%d0%be%d0%ba-%d0%b6%d0%b5%d0%bb%d0%b0%d0%bd%d0%b8%d0%b9\/#breadcrumb\",\"itemListElement\":[{\"@type\":\"ListItem\",\"position\":1,\"name\":\"Anasayfa\",\"item\":\"https:\/\/redsanstore.com\/ru\/\"},{\"@type\":\"ListItem\",\"position\":2,\"name\":\"\u0421\u043f\u0438\u0441\u043e\u043a \u0436\u0435\u043b\u0430\u043d\u0438\u0439\"}]},{\"@type\":\"WebSite\",\"@id\":\"https:\/\/redsanstore.com\/#website\",\"url\":\"https:\/\/redsanstore.com\/\",\"name\":\"Redsan Store\",\"description\":\"Redres\u00f6r - Reg\u00fclat\u00f6r - UPS - Ak\u00fc\",\"publisher\":{\"@id\":\"https:\/\/redsanstore.com\/#organization\"},\"alternateName\":\"Redres\u00f6r ve Kesintisiz G\u00fc\u00e7 Kayna\u011f\u0131 Ups\",\"potentialAction\":[{\"@type\":\"SearchAction\",\"target\":{\"@type\":\"EntryPoint\",\"urlTemplate\":\"https:\/\/redsanstore.com\/?s={search_term_string}\"},\"query-input\":{\"@type\":\"PropertyValueSpecification\",\"valueRequired\":true,\"valueName\":\"search_term_string\"}}],\"inLanguage\":\"ru-RU\"},{\"@type\":\"Organization\",\"@id\":\"https:\/\/redsanstore.com\/#organization\",\"name\":\"Redsan Store\",\"alternateName\":\"Redres\u00f6r ve Kesintisiz G\u00fc\u00e7 Kayna\u011f\u0131 Ups\",\"url\":\"https:\/\/redsanstore.com\/\",\"logo\":{\"@type\":\"ImageObject\",\"inLanguage\":\"ru-RU\",\"@id\":\"https:\/\/redsanstore.com\/#\/schema\/logo\/image\/\",\"url\":\"https:\/\/redsanstore.com\/wp-content\/uploads\/2024\/06\/redresor-ups-site-gorseli.jpg\",\"contentUrl\":\"https:\/\/redsanstore.com\/wp-content\/uploads\/2024\/06\/redresor-ups-site-gorseli.jpg\",\"width\":1200,\"height\":675,\"caption\":\"Redsan Store\"},\"image\":{\"@id\":\"https:\/\/redsanstore.com\/#\/schema\/logo\/image\/\"},\"sameAs\":[\"https:\/\/www.facebook.com\/redsanelektronik\",\"https:\/\/www.instagram.com\/redsanelektronik\/\",\"https:\/\/www.linkedin.com\/company\/redsan-elektronik\/\"]}]}<\/script>\n<!-- \/ Yoast SEO Premium plugin. -->","yoast_head_json":{"title":"\u0421\u043f\u0438\u0441\u043e\u043a \u0436\u0435\u043b\u0430\u043d\u0438\u0439 - Redsan Store","robots":{"index":"noindex","follow":"follow"},"og_locale":"ru_RU","og_type":"article","og_title":"\u0421\u043f\u0438\u0441\u043e\u043a \u0436\u0435\u043b\u0430\u043d\u0438\u0439","og_url":"https:\/\/redsanstore.com\/ru\/\u0441\u043f\u0438\u0441\u043e\u043a-\u0436\u0435\u043b\u0430\u043d\u0438\u0439\/","og_site_name":"Redsan Store","article_publisher":"https:\/\/www.facebook.com\/redsanelektronik","article_modified_time":"2025-03-11T07:20:24+00:00","og_image":[{"width":1200,"height":675,"url":"https:\/\/redsanstore.com\/wp-content\/uploads\/2024\/06\/redresor-ups-site-gorseli.jpg","type":"image\/jpeg"}],"twitter_card":"summary_large_image","schema":{"@context":"https:\/\/schema.org","@graph":[{"@type":"WebPage","@id":"https:\/\/redsanstore.com\/ru\/%d1%81%d0%bf%d0%b8%d1%81%d0%be%d0%ba-%d0%b6%d0%b5%d0%bb%d0%b0%d0%bd%d0%b8%d0%b9\/","url":"https:\/\/redsanstore.com\/ru\/%d1%81%d0%bf%d0%b8%d1%81%d0%be%d0%ba-%d0%b6%d0%b5%d0%bb%d0%b0%d0%bd%d0%b8%d0%b9\/","name":"\u0421\u043f\u0438\u0441\u043e\u043a \u0436\u0435\u043b\u0430\u043d\u0438\u0439 - Redsan Store","isPartOf":{"@id":"https:\/\/redsanstore.com\/#website"},"datePublished":"2021-08-26T09:26:53+00:00","dateModified":"2025-03-11T07:20:24+00:00","breadcrumb":{"@id":"https:\/\/redsanstore.com\/ru\/%d1%81%d0%bf%d0%b8%d1%81%d0%be%d0%ba-%d0%b6%d0%b5%d0%bb%d0%b0%d0%bd%d0%b8%d0%b9\/#breadcrumb"},"inLanguage":"ru-RU","potentialAction":[{"@type":"ReadAction","target":["https:\/\/redsanstore.com\/ru\/%d1%81%d0%bf%d0%b8%d1%81%d0%be%d0%ba-%d0%b6%d0%b5%d0%bb%d0%b0%d0%bd%d0%b8%d0%b9\/"]}]},{"@type":"BreadcrumbList","@id":"https:\/\/redsanstore.com\/ru\/%d1%81%d0%bf%d0%b8%d1%81%d0%be%d0%ba-%d0%b6%d0%b5%d0%bb%d0%b0%d0%bd%d0%b8%d0%b9\/#breadcrumb","itemListElement":[{"@type":"ListItem","position":1,"name":"Anasayfa","item":"https:\/\/redsanstore.com\/ru\/"},{"@type":"ListItem","position":2,"name":"\u0421\u043f\u0438\u0441\u043e\u043a \u0436\u0435\u043b\u0430\u043d\u0438\u0439"}]},{"@type":"WebSite","@id":"https:\/\/redsanstore.com\/#website","url":"https:\/\/redsanstore.com\/","name":"Redsan Store","description":"Redres\u00f6r - Reg\u00fclat\u00f6r - UPS - Ak\u00fc","publisher":{"@id":"https:\/\/redsanstore.com\/#organization"},"alternateName":"Redres\u00f6r ve Kesintisiz G\u00fc\u00e7 Kayna\u011f\u0131 Ups","potentialAction":[{"@type":"SearchAction","target":{"@type":"EntryPoint","urlTemplate":"https:\/\/redsanstore.com\/?s={search_term_string}"},"query-input":{"@type":"PropertyValueSpecification","valueRequired":true,"valueName":"search_term_string"}}],"inLanguage":"ru-RU"},{"@type":"Organization","@id":"https:\/\/redsanstore.com\/#organization","name":"Redsan Store","alternateName":"Redres\u00f6r ve Kesintisiz G\u00fc\u00e7 Kayna\u011f\u0131 Ups","url":"https:\/\/redsanstore.com\/","logo":{"@type":"ImageObject","inLanguage":"ru-RU","@id":"https:\/\/redsanstore.com\/#\/schema\/logo\/image\/","url":"https:\/\/redsanstore.com\/wp-content\/uploads\/2024\/06\/redresor-ups-site-gorseli.jpg","contentUrl":"https:\/\/redsanstore.com\/wp-content\/uploads\/2024\/06\/redresor-ups-site-gorseli.jpg","width":1200,"height":675,"caption":"Redsan Store"},"image":{"@id":"https:\/\/redsanstore.com\/#\/schema\/logo\/image\/"},"sameAs":["https:\/\/www.facebook.com\/redsanelektronik","https:\/\/www.instagram.com\/redsanelektronik\/","https:\/\/www.linkedin.com\/company\/redsan-elektronik\/"]}]}},"_links":{"self":[{"href":"https:\/\/redsanstore.com\/ru\/wp-json\/wp\/v2\/pages\/96031","targetHints":{"allow":["GET"]}}],"collection":[{"href":"https:\/\/redsanstore.com\/ru\/wp-json\/wp\/v2\/pages"}],"about":[{"href":"https:\/\/redsanstore.com\/ru\/wp-json\/wp\/v2\/types\/page"}],"author":[{"embeddable":true,"href":"https:\/\/redsanstore.com\/ru\/wp-json\/wp\/v2\/users\/1"}],"replies":[{"embeddable":true,"href":"https:\/\/redsanstore.com\/ru\/wp-json\/wp\/v2\/comments?post=96031"}],"version-history":[{"count":0,"href":"https:\/\/redsanstore.com\/ru\/wp-json\/wp\/v2\/pages\/96031\/revisions"}],"wp:attachment":[{"href":"https:\/\/redsanstore.com\/ru\/wp-json\/wp\/v2\/media?parent=96031"}],"curies":[{"name":"wp","href":"https:\/\/api.w.org\/{rel}","templated":true}]}}