{"id":83342,"date":"2020-04-29T06:53:41","date_gmt":"2020-04-29T03:53:41","guid":{"rendered":"https:\/\/redsanstore.com\/%d0%b2%d0%be%d0%b7%d0%b2%d1%80%d0%b0%d1%82-%d0%b2%d0%be%d0%b7%d0%b2%d1%80%d0%b0%d1%82\/"},"modified":"2025-03-05T12:15:51","modified_gmt":"2025-03-05T09:15:51","slug":"%d0%b2%d0%be%d0%b7%d0%b2%d1%80%d0%b0%d1%82-%d0%b2%d0%be%d0%b7%d0%b2%d1%80%d0%b0%d1%82","status":"publish","type":"page","link":"https:\/\/redsanstore.com\/ru\/%d0%b2%d0%be%d0%b7%d0%b2%d1%80%d0%b0%d1%82-%d0%b2%d0%be%d0%b7%d0%b2%d1%80%d0%b0%d1%82\/","title":{"rendered":"\u0412\u043e\u0437\u0432\u0440\u0430\u0442 \u0412\u043e\u0437\u0432\u0440\u0430\u0442"},"content":{"rendered":"\t\t<div data-elementor-type=\"wp-page\" data-elementor-id=\"83342\" class=\"elementor elementor-83342 elementor-852\" data-elementor-post-type=\"page\">\n\t\t\t\t\t\t<section class=\"wd-negative-gap elementor-section elementor-top-section elementor-element elementor-element-4ead06d9 elementor-section-boxed elementor-section-height-default elementor-section-height-default\" data-id=\"4ead06d9\" data-element_type=\"section\" data-settings=\"{&quot;jet_parallax_layout_list&quot;:[]}\">\n\t\t\t\t\t\t<div class=\"elementor-container elementor-column-gap-default\">\n\t\t\t\t\t<div class=\"elementor-column elementor-col-100 elementor-top-column elementor-element elementor-element-133e9a4c\" data-id=\"133e9a4c\" data-element_type=\"column\">\n\t\t\t<div class=\"elementor-widget-wrap elementor-element-populated\">\n\t\t\t\t\t\t<div class=\"elementor-element elementor-element-8edbf70 elementor-mobile-button-align-center elementor-button-align-stretch elementor-widget elementor-widget-form\" data-id=\"8edbf70\" data-element_type=\"widget\" data-settings=\"{&quot;step_next_label&quot;:&quot;\\u0421\\u043b\\u0435\\u0434\\u0443\\u044e\\u0449\\u0438\\u0439&quot;,&quot;step_previous_label&quot;:&quot;\\u041f\\u0440\\u0435\\u0434\\u044b\\u0434\\u0443\\u0449\\u0438\\u0439&quot;,&quot;button_width&quot;:&quot;100&quot;,&quot;step_type&quot;:&quot;number_text&quot;,&quot;step_icon_shape&quot;:&quot;circle&quot;}\" data-widget_type=\"form.default\">\n\t\t\t\t<div class=\"elementor-widget-container\">\n\t\t\t\t\t\t\t<form class=\"elementor-form\" method=\"post\" name=\"\u041d\u043e\u0432\u0430\u044f \u0444\u043e\u0440\u043c\u0430\" aria-label=\"\u041d\u043e\u0432\u0430\u044f \u0444\u043e\u0440\u043c\u0430\">\n\t\t\t<input type=\"hidden\" name=\"post_id\" value=\"83342\"\/>\n\t\t\t<input type=\"hidden\" name=\"form_id\" value=\"8edbf70\"\/>\n\t\t\t<input type=\"hidden\" name=\"referer_title\" value=\"Redsan Store\" \/>\n\n\t\t\t\n\t\t\t<div class=\"elementor-form-fields-wrapper elementor-labels-above\">\n\t\t\t\t\t\t\t\t<div class=\"elementor-field-type-text elementor-field-group elementor-column elementor-field-group-name elementor-col-50 elementor-field-required elementor-mark-required\">\n\t\t\t\t\t\t\t\t\t\t\t\t<label for=\"form-field-name\" class=\"elementor-field-label\">\n\t\t\t\t\t\t\t\t\u0412\u0430\u0448\u0435 \u0438\u043c\u044f\t\t\t\t\t\t\t<\/label>\n\t\t\t\t\t\t\t\t\t\t\t\t\t\t<input size=\"1\" type=\"text\" name=\"form_fields[name]\" id=\"form-field-name\" class=\"elementor-field elementor-size-sm  elementor-field-textual\" required=\"required\">\n\t\t\t\t\t\t\t\t\t\t\t<\/div>\n\t\t\t\t\t\t\t\t<div class=\"elementor-field-type-text elementor-field-group elementor-column elementor-field-group-email elementor-col-50 elementor-field-required elementor-mark-required\">\n\t\t\t\t\t\t\t\t\t\t\t\t<label for=\"form-field-email\" class=\"elementor-field-label\">\n\t\t\t\t\t\t\t\t\u0424\u0430\u043c\u0438\u043b\u0438\u044f\t\t\t\t\t\t\t<\/label>\n\t\t\t\t\t\t\t\t\t\t\t\t\t\t<input size=\"1\" type=\"text\" name=\"form_fields[email]\" id=\"form-field-email\" class=\"elementor-field elementor-size-sm  elementor-field-textual\" required=\"required\">\n\t\t\t\t\t\t\t\t\t\t\t<\/div>\n\t\t\t\t\t\t\t\t<div class=\"elementor-field-type-email elementor-field-group elementor-column elementor-field-group-message elementor-col-50 elementor-field-required elementor-mark-required\">\n\t\t\t\t\t\t\t\t\t\t\t\t<label for=\"form-field-message\" class=\"elementor-field-label\">\n\t\t\t\t\t\t\t\t\u0412\u0430\u0448 \u0430\u0434\u0440\u0435\u0441 \u044d\u043b\u0435\u043a\u0442\u0440\u043e\u043d\u043d\u043e\u0439 \u043f\u043e\u0447\u0442\u044b\t\t\t\t\t\t\t<\/label>\n\t\t\t\t\t\t\t\t\t\t\t\t\t\t<input size=\"1\" type=\"email\" name=\"form_fields[message]\" id=\"form-field-message\" class=\"elementor-field elementor-size-sm  elementor-field-textual\" required=\"required\">\n\t\t\t\t\t\t\t\t\t\t\t<\/div>\n\t\t\t\t\t\t\t\t<div class=\"elementor-field-type-tel elementor-field-group elementor-column elementor-field-group-field_f570b3f elementor-col-50 elementor-field-required elementor-mark-required\">\n\t\t\t\t\t\t\t\t\t\t\t\t<label for=\"form-field-field_f570b3f\" class=\"elementor-field-label\">\n\t\t\t\t\t\t\t\t\u0422\u0435\u043b\u0435\u0444\u043e\u043d\t\t\t\t\t\t\t<\/label>\n\t\t\t\t\t\t\t\t<input size=\"1\" type=\"tel\" name=\"form_fields[field_f570b3f]\" id=\"form-field-field_f570b3f\" class=\"elementor-field elementor-size-sm  elementor-field-textual\" required=\"required\" pattern=\"[0-9()#&amp;+*-=.]+\" title=\"Only numbers and phone characters (#, -, *, etc) are accepted.\">\n\n\t\t\t\t\t\t<\/div>\n\t\t\t\t\t\t\t\t<div class=\"elementor-field-type-text elementor-field-group elementor-column elementor-field-group-field_049c742 elementor-col-50 elementor-field-required elementor-mark-required\">\n\t\t\t\t\t\t\t\t\t\t\t\t<label for=\"form-field-field_049c742\" class=\"elementor-field-label\">\n\t\t\t\t\t\t\t\t\u041d\u043e\u043c\u0435\u0440 \u0437\u0430\u043a\u0430\u0437\u0430\t\t\t\t\t\t\t<\/label>\n\t\t\t\t\t\t\t\t\t\t\t\t\t\t<input size=\"1\" type=\"text\" name=\"form_fields[field_049c742]\" id=\"form-field-field_049c742\" class=\"elementor-field elementor-size-sm  elementor-field-textual\" required=\"required\">\n\t\t\t\t\t\t\t\t\t\t\t<\/div>\n\t\t\t\t\t\t\t\t<div class=\"elementor-field-type-text elementor-field-group elementor-column elementor-field-group-field_ab4e98b elementor-col-50\">\n\t\t\t\t\t\t\t\t\t\t\t\t<label for=\"form-field-field_ab4e98b\" class=\"elementor-field-label\">\n\t\t\t\t\t\t\t\t\u0414\u0430\u0442\u0430 \u0437\u0430\u043a\u0430\u0437\u0430\t\t\t\t\t\t\t<\/label>\n\t\t\t\t\t\t\t\t\t\t\t\t\t\t<input size=\"1\" type=\"text\" name=\"form_fields[field_ab4e98b]\" id=\"form-field-field_ab4e98b\" class=\"elementor-field elementor-size-sm  elementor-field-textual\">\n\t\t\t\t\t\t\t\t\t\t\t<\/div>\n\t\t\t\t\t\t\t\t<div class=\"elementor-field-type-text elementor-field-group elementor-column elementor-field-group-field_2c218d0 elementor-col-50 elementor-field-required elementor-mark-required\">\n\t\t\t\t\t\t\t\t\t\t\t\t<label for=\"form-field-field_2c218d0\" class=\"elementor-field-label\">\n\t\t\t\t\t\t\t\t\u041d\u0430\u0437\u0432\u0430\u043d\u0438\u0435 \u043f\u0440\u043e\u0434\u0443\u043a\u0442\u0430\t\t\t\t\t\t\t<\/label>\n\t\t\t\t\t\t\t\t\t\t\t\t\t\t<input size=\"1\" type=\"text\" name=\"form_fields[field_2c218d0]\" id=\"form-field-field_2c218d0\" class=\"elementor-field elementor-size-sm  elementor-field-textual\" required=\"required\">\n\t\t\t\t\t\t\t\t\t\t\t<\/div>\n\t\t\t\t\t\t\t\t<div class=\"elementor-field-type-text elementor-field-group elementor-column elementor-field-group-field_710cb5e elementor-col-50\">\n\t\t\t\t\t\t\t\t\t\t\t\t<label for=\"form-field-field_710cb5e\" class=\"elementor-field-label\">\n\t\t\t\t\t\t\t\t\u041a\u043e\u0434 \u0442\u043e\u0432\u0430\u0440\u0430\t\t\t\t\t\t\t<\/label>\n\t\t\t\t\t\t\t\t\t\t\t\t\t\t<input size=\"1\" type=\"text\" name=\"form_fields[field_710cb5e]\" id=\"form-field-field_710cb5e\" class=\"elementor-field elementor-size-sm  elementor-field-textual\">\n\t\t\t\t\t\t\t\t\t\t\t<\/div>\n\t\t\t\t\t\t\t\t<div class=\"elementor-field-type-text elementor-field-group elementor-column elementor-field-group-field_d6bb8d1 elementor-col-100 elementor-field-required elementor-mark-required\">\n\t\t\t\t\t\t\t\t\t\t\t\t<label for=\"form-field-field_d6bb8d1\" class=\"elementor-field-label\">\n\t\t\t\t\t\t\t\t\u041a\u043e\u043b\u0438\u0447\u0435\u0441\u0442\u0432\u043e\t\t\t\t\t\t\t<\/label>\n\t\t\t\t\t\t\t\t\t\t\t\t\t\t<input size=\"1\" type=\"text\" name=\"form_fields[field_d6bb8d1]\" id=\"form-field-field_d6bb8d1\" class=\"elementor-field elementor-size-sm  elementor-field-textual\" required=\"required\">\n\t\t\t\t\t\t\t\t\t\t\t<\/div>\n\t\t\t\t\t\t\t\t<div class=\"elementor-field-type-textarea elementor-field-group elementor-column elementor-field-group-field_080f675 elementor-col-100 elementor-field-required elementor-mark-required\">\n\t\t\t\t\t\t\t\t\t\t\t\t<label for=\"form-field-field_080f675\" class=\"elementor-field-label\">\n\t\t\t\t\t\t\t\t\u041e\u043f\u0438\u0441\u0430\u043d\u0438\u0435\t\t\t\t\t\t\t<\/label>\n\t\t\t\t\t\t<textarea class=\"elementor-field-textual elementor-field  elementor-size-sm\" name=\"form_fields[field_080f675]\" id=\"form-field-field_080f675\" rows=\"4\" required=\"required\"><\/textarea>\t\t\t\t<\/div>\n\t\t\t\t\t\t\t\t<div class=\"elementor-field-group elementor-column elementor-field-type-submit elementor-col-100 e-form__buttons\">\n\t\t\t\t\t<button class=\"elementor-button elementor-size-sm\" type=\"submit\">\n\t\t\t\t\t\t<span class=\"elementor-button-content-wrapper\">\n\t\t\t\t\t\t\t\t\t\t\t\t\t\t\t\t\t\t\t\t\t\t<span class=\"elementor-button-text\">\u042f \u041e\u0414\u041e\u0411\u0420\u042f\u042e \u0412\u041e\u0417\u0412\u0420\u0410\u0422 \u0414\u0415\u041d\u0415\u0413<\/span>\n\t\t\t\t\t\t\t\t\t\t\t\t\t<\/span>\n\t\t\t\t\t<\/button>\n\t\t\t\t<\/div>\n\t\t\t<\/div>\n\t\t<\/form>\n\t\t\t\t\t\t<\/div>\n\t\t\t\t<\/div>\n\t\t\t\t\t<\/div>\n\t\t<\/div>\n\t\t\t\t\t<\/div>\n\t\t<\/section>\n\t\t\t\t<\/div>\n\t\t","protected":false},"excerpt":{"rendered":"","protected":false},"author":1,"featured_media":0,"parent":0,"menu_order":0,"comment_status":"closed","ping_status":"open","template":"","meta":{"footnotes":""},"class_list":["post-83342","page","type-page","status-publish","hentry"],"yoast_head":"<!-- This site is optimized with the Yoast SEO Premium plugin v25.8 (Yoast SEO v25.9) - https:\/\/yoast.com\/wordpress\/plugins\/seo\/ -->\n<title>\u0412\u043e\u0437\u0432\u0440\u0430\u0442 \u0412\u043e\u0437\u0432\u0440\u0430\u0442 - Redsan Store<\/title>\n<meta name=\"robots\" content=\"noindex, follow\" \/>\n<meta property=\"og:locale\" content=\"ru_RU\" \/>\n<meta property=\"og:type\" content=\"article\" \/>\n<meta property=\"og:title\" content=\"\u0412\u043e\u0437\u0432\u0440\u0430\u0442 \u0412\u043e\u0437\u0432\u0440\u0430\u0442\" \/>\n<meta property=\"og:url\" content=\"https:\/\/redsanstore.com\/ru\/\u0432\u043e\u0437\u0432\u0440\u0430\u0442-\u0432\u043e\u0437\u0432\u0440\u0430\u0442\/\" \/>\n<meta property=\"og:site_name\" content=\"Redsan Store\" \/>\n<meta property=\"article:publisher\" content=\"https:\/\/www.facebook.com\/redsanelektronik\" \/>\n<meta property=\"article:modified_time\" content=\"2025-03-05T09:15:51+00:00\" \/>\n<meta property=\"og:image\" content=\"https:\/\/redsanstore.com\/wp-content\/uploads\/2024\/06\/redresor-ups-site-gorseli.jpg\" \/>\n\t<meta property=\"og:image:width\" content=\"1200\" \/>\n\t<meta property=\"og:image:height\" content=\"675\" \/>\n\t<meta property=\"og:image:type\" content=\"image\/jpeg\" \/>\n<meta name=\"twitter:card\" content=\"summary_large_image\" \/>\n<meta name=\"twitter:label1\" content=\"\u041f\u0440\u0438\u043c\u0435\u0440\u043d\u043e\u0435 \u0432\u0440\u0435\u043c\u044f \u0434\u043b\u044f \u0447\u0442\u0435\u043d\u0438\u044f\" \/>\n\t<meta name=\"twitter:data1\" content=\"1 \u043c\u0438\u043d\u0443\u0442\u0430\" \/>\n<script type=\"application\/ld+json\" class=\"yoast-schema-graph\">{\"@context\":\"https:\/\/schema.org\",\"@graph\":[{\"@type\":\"WebPage\",\"@id\":\"https:\/\/redsanstore.com\/ru\/%d0%b2%d0%be%d0%b7%d0%b2%d1%80%d0%b0%d1%82-%d0%b2%d0%be%d0%b7%d0%b2%d1%80%d0%b0%d1%82\/\",\"url\":\"https:\/\/redsanstore.com\/ru\/%d0%b2%d0%be%d0%b7%d0%b2%d1%80%d0%b0%d1%82-%d0%b2%d0%be%d0%b7%d0%b2%d1%80%d0%b0%d1%82\/\",\"name\":\"\u0412\u043e\u0437\u0432\u0440\u0430\u0442 \u0412\u043e\u0437\u0432\u0440\u0430\u0442 - Redsan Store\",\"isPartOf\":{\"@id\":\"https:\/\/redsanstore.com\/#website\"},\"datePublished\":\"2020-04-29T03:53:41+00:00\",\"dateModified\":\"2025-03-05T09:15:51+00:00\",\"breadcrumb\":{\"@id\":\"https:\/\/redsanstore.com\/ru\/%d0%b2%d0%be%d0%b7%d0%b2%d1%80%d0%b0%d1%82-%d0%b2%d0%be%d0%b7%d0%b2%d1%80%d0%b0%d1%82\/#breadcrumb\"},\"inLanguage\":\"ru-RU\",\"potentialAction\":[{\"@type\":\"ReadAction\",\"target\":[\"https:\/\/redsanstore.com\/ru\/%d0%b2%d0%be%d0%b7%d0%b2%d1%80%d0%b0%d1%82-%d0%b2%d0%be%d0%b7%d0%b2%d1%80%d0%b0%d1%82\/\"]}]},{\"@type\":\"BreadcrumbList\",\"@id\":\"https:\/\/redsanstore.com\/ru\/%d0%b2%d0%be%d0%b7%d0%b2%d1%80%d0%b0%d1%82-%d0%b2%d0%be%d0%b7%d0%b2%d1%80%d0%b0%d1%82\/#breadcrumb\",\"itemListElement\":[{\"@type\":\"ListItem\",\"position\":1,\"name\":\"Anasayfa\",\"item\":\"https:\/\/redsanstore.com\/ru\/\"},{\"@type\":\"ListItem\",\"position\":2,\"name\":\"\u0412\u043e\u0437\u0432\u0440\u0430\u0442 \u0412\u043e\u0437\u0432\u0440\u0430\u0442\"}]},{\"@type\":\"WebSite\",\"@id\":\"https:\/\/redsanstore.com\/#website\",\"url\":\"https:\/\/redsanstore.com\/\",\"name\":\"Redsan Store\",\"description\":\"Redres\u00f6r - Reg\u00fclat\u00f6r - UPS - Ak\u00fc\",\"publisher\":{\"@id\":\"https:\/\/redsanstore.com\/#organization\"},\"alternateName\":\"Redres\u00f6r ve Kesintisiz G\u00fc\u00e7 Kayna\u011f\u0131 Ups\",\"potentialAction\":[{\"@type\":\"SearchAction\",\"target\":{\"@type\":\"EntryPoint\",\"urlTemplate\":\"https:\/\/redsanstore.com\/?s={search_term_string}\"},\"query-input\":{\"@type\":\"PropertyValueSpecification\",\"valueRequired\":true,\"valueName\":\"search_term_string\"}}],\"inLanguage\":\"ru-RU\"},{\"@type\":\"Organization\",\"@id\":\"https:\/\/redsanstore.com\/#organization\",\"name\":\"Redsan Store\",\"alternateName\":\"Redres\u00f6r ve Kesintisiz G\u00fc\u00e7 Kayna\u011f\u0131 Ups\",\"url\":\"https:\/\/redsanstore.com\/\",\"logo\":{\"@type\":\"ImageObject\",\"inLanguage\":\"ru-RU\",\"@id\":\"https:\/\/redsanstore.com\/#\/schema\/logo\/image\/\",\"url\":\"https:\/\/redsanstore.com\/wp-content\/uploads\/2024\/06\/redresor-ups-site-gorseli.jpg\",\"contentUrl\":\"https:\/\/redsanstore.com\/wp-content\/uploads\/2024\/06\/redresor-ups-site-gorseli.jpg\",\"width\":1200,\"height\":675,\"caption\":\"Redsan Store\"},\"image\":{\"@id\":\"https:\/\/redsanstore.com\/#\/schema\/logo\/image\/\"},\"sameAs\":[\"https:\/\/www.facebook.com\/redsanelektronik\",\"https:\/\/www.instagram.com\/redsanelektronik\/\",\"https:\/\/www.linkedin.com\/company\/redsan-elektronik\/\"]}]}<\/script>\n<!-- \/ Yoast SEO Premium plugin. -->","yoast_head_json":{"title":"\u0412\u043e\u0437\u0432\u0440\u0430\u0442 \u0412\u043e\u0437\u0432\u0440\u0430\u0442 - Redsan Store","robots":{"index":"noindex","follow":"follow"},"og_locale":"ru_RU","og_type":"article","og_title":"\u0412\u043e\u0437\u0432\u0440\u0430\u0442 \u0412\u043e\u0437\u0432\u0440\u0430\u0442","og_url":"https:\/\/redsanstore.com\/ru\/\u0432\u043e\u0437\u0432\u0440\u0430\u0442-\u0432\u043e\u0437\u0432\u0440\u0430\u0442\/","og_site_name":"Redsan Store","article_publisher":"https:\/\/www.facebook.com\/redsanelektronik","article_modified_time":"2025-03-05T09:15:51+00:00","og_image":[{"width":1200,"height":675,"url":"https:\/\/redsanstore.com\/wp-content\/uploads\/2024\/06\/redresor-ups-site-gorseli.jpg","type":"image\/jpeg"}],"twitter_card":"summary_large_image","twitter_misc":{"\u041f\u0440\u0438\u043c\u0435\u0440\u043d\u043e\u0435 \u0432\u0440\u0435\u043c\u044f \u0434\u043b\u044f \u0447\u0442\u0435\u043d\u0438\u044f":"1 \u043c\u0438\u043d\u0443\u0442\u0430"},"schema":{"@context":"https:\/\/schema.org","@graph":[{"@type":"WebPage","@id":"https:\/\/redsanstore.com\/ru\/%d0%b2%d0%be%d0%b7%d0%b2%d1%80%d0%b0%d1%82-%d0%b2%d0%be%d0%b7%d0%b2%d1%80%d0%b0%d1%82\/","url":"https:\/\/redsanstore.com\/ru\/%d0%b2%d0%be%d0%b7%d0%b2%d1%80%d0%b0%d1%82-%d0%b2%d0%be%d0%b7%d0%b2%d1%80%d0%b0%d1%82\/","name":"\u0412\u043e\u0437\u0432\u0440\u0430\u0442 \u0412\u043e\u0437\u0432\u0440\u0430\u0442 - Redsan Store","isPartOf":{"@id":"https:\/\/redsanstore.com\/#website"},"datePublished":"2020-04-29T03:53:41+00:00","dateModified":"2025-03-05T09:15:51+00:00","breadcrumb":{"@id":"https:\/\/redsanstore.com\/ru\/%d0%b2%d0%be%d0%b7%d0%b2%d1%80%d0%b0%d1%82-%d0%b2%d0%be%d0%b7%d0%b2%d1%80%d0%b0%d1%82\/#breadcrumb"},"inLanguage":"ru-RU","potentialAction":[{"@type":"ReadAction","target":["https:\/\/redsanstore.com\/ru\/%d0%b2%d0%be%d0%b7%d0%b2%d1%80%d0%b0%d1%82-%d0%b2%d0%be%d0%b7%d0%b2%d1%80%d0%b0%d1%82\/"]}]},{"@type":"BreadcrumbList","@id":"https:\/\/redsanstore.com\/ru\/%d0%b2%d0%be%d0%b7%d0%b2%d1%80%d0%b0%d1%82-%d0%b2%d0%be%d0%b7%d0%b2%d1%80%d0%b0%d1%82\/#breadcrumb","itemListElement":[{"@type":"ListItem","position":1,"name":"Anasayfa","item":"https:\/\/redsanstore.com\/ru\/"},{"@type":"ListItem","position":2,"name":"\u0412\u043e\u0437\u0432\u0440\u0430\u0442 \u0412\u043e\u0437\u0432\u0440\u0430\u0442"}]},{"@type":"WebSite","@id":"https:\/\/redsanstore.com\/#website","url":"https:\/\/redsanstore.com\/","name":"Redsan Store","description":"Redres\u00f6r - Reg\u00fclat\u00f6r - UPS - Ak\u00fc","publisher":{"@id":"https:\/\/redsanstore.com\/#organization"},"alternateName":"Redres\u00f6r ve Kesintisiz G\u00fc\u00e7 Kayna\u011f\u0131 Ups","potentialAction":[{"@type":"SearchAction","target":{"@type":"EntryPoint","urlTemplate":"https:\/\/redsanstore.com\/?s={search_term_string}"},"query-input":{"@type":"PropertyValueSpecification","valueRequired":true,"valueName":"search_term_string"}}],"inLanguage":"ru-RU"},{"@type":"Organization","@id":"https:\/\/redsanstore.com\/#organization","name":"Redsan Store","alternateName":"Redres\u00f6r ve Kesintisiz G\u00fc\u00e7 Kayna\u011f\u0131 Ups","url":"https:\/\/redsanstore.com\/","logo":{"@type":"ImageObject","inLanguage":"ru-RU","@id":"https:\/\/redsanstore.com\/#\/schema\/logo\/image\/","url":"https:\/\/redsanstore.com\/wp-content\/uploads\/2024\/06\/redresor-ups-site-gorseli.jpg","contentUrl":"https:\/\/redsanstore.com\/wp-content\/uploads\/2024\/06\/redresor-ups-site-gorseli.jpg","width":1200,"height":675,"caption":"Redsan Store"},"image":{"@id":"https:\/\/redsanstore.com\/#\/schema\/logo\/image\/"},"sameAs":["https:\/\/www.facebook.com\/redsanelektronik","https:\/\/www.instagram.com\/redsanelektronik\/","https:\/\/www.linkedin.com\/company\/redsan-elektronik\/"]}]}},"_links":{"self":[{"href":"https:\/\/redsanstore.com\/ru\/wp-json\/wp\/v2\/pages\/83342","targetHints":{"allow":["GET"]}}],"collection":[{"href":"https:\/\/redsanstore.com\/ru\/wp-json\/wp\/v2\/pages"}],"about":[{"href":"https:\/\/redsanstore.com\/ru\/wp-json\/wp\/v2\/types\/page"}],"author":[{"embeddable":true,"href":"https:\/\/redsanstore.com\/ru\/wp-json\/wp\/v2\/users\/1"}],"replies":[{"embeddable":true,"href":"https:\/\/redsanstore.com\/ru\/wp-json\/wp\/v2\/comments?post=83342"}],"version-history":[{"count":0,"href":"https:\/\/redsanstore.com\/ru\/wp-json\/wp\/v2\/pages\/83342\/revisions"}],"wp:attachment":[{"href":"https:\/\/redsanstore.com\/ru\/wp-json\/wp\/v2\/media?parent=83342"}],"curies":[{"name":"wp","href":"https:\/\/api.w.org\/{rel}","templated":true}]}}