{"id":101266,"date":"2026-02-04T16:58:48","date_gmt":"2026-02-04T13:58:48","guid":{"rendered":"https:\/\/redsanstore.com\/urun\/10-120-kva-en-ligne-ups\/"},"modified":"2026-02-20T15:37:33","modified_gmt":"2026-02-20T12:37:33","slug":"10-120-kva-en-ligne-ups","status":"publish","type":"product","link":"https:\/\/redsanstore.com\/fr\/urun\/10-120-kva-en-ligne-ups\/","title":{"rendered":"10 &#8211; 120 Kva En ligne Ups"},"content":{"rendered":"<h3>Caract\u00e9ristiques<\/h3>\n<ul>\n<li>VFI-SS-111 Norme Introduction Tension et fr\u00e9quence Ind\u00e9pendant Fonctionnement<\/li>\n<li>Redresseur IGBT contr\u00f4l\u00e9 par DSP<\/li>\n<li>Onduleur IGBT &#8211; Syst\u00e8me de charge de batterie<\/li>\n<li>Large plage de tension d&rsquo;entr\u00e9e<\/li>\n<li>Facteur de puissance d&rsquo;entr\u00e9e \u00e9lev\u00e9 (&gt;0,99)<\/li>\n<li>En ligne sur place jusqu&rsquo;\u00e0 94 % \u00e9lev\u00e9 rendement<\/li>\n<li>Rendement \u00e9lev\u00e9 pouvant atteindre 98 % en mode Eco<\/li>\n<li>Forme d&rsquo;onde de sortie sinuso\u00efdale r\u00e9elle<\/li>\n<li>Distorsion harmonique faible<\/li>\n<li>By-pass statique et manuel<\/li>\n<li>Protection \u00e9lectromagn\u00e9tique et RFI<\/li>\n<li>Panneau num\u00e9rique avec informations sur le r\u00e9seau, le syst\u00e8me de charge, l&rsquo;\u00e9tat de la batterie et la tension de sortie<\/li>\n<li>Longue dur\u00e9e de vie de la batterie gr\u00e2ce au syst\u00e8me de charge intelligent<\/li>\n<li>Surveillance et arr\u00eat s\u00e9curis\u00e9 via RS232<\/li>\n<li>Communication via port s\u00e9rie, sorties de contact relais intelligentes<\/li>\n<li>Fonctionnement silencieux gr\u00e2ce au contr\u00f4le intelligent de la vitesse du ventilateur<\/li>\n<li>Valeurs d&rsquo;entr\u00e9e\/sortie sp\u00e9ciales produites selon les besoins<\/li>\n<\/ul>\n<h3>Applications<\/h3>\n<ul>\n<li>Centres d&rsquo;information<\/li>\n<li>Usines<\/li>\n<li>Dispositifs m\u00e9dicaux<\/li>\n<li>Syst\u00e8mes d&rsquo;urgence (alarme)<\/li>\n<li>Appareils de communication<\/li>\n<li>Salles de serveurs<\/li>\n<li>Applications industrielles<\/li>\n<li>Ordinateurs personnels<\/li>\n<li>Petit r\u00e9seau informatique<\/li>\n<li>Syst\u00e8mes r\u00e9seau<\/li>\n<\/ul>\n<h3>Avantages<\/h3>\n<ul>\n<li style=\"list-style-type: none;\">\n<ul>\n<li>Technologie de pointe<\/li>\n<li>Utilisation \u00e9conomique<\/li>\n<li>Tension de sortie propre et stable<\/li>\n<li>Protection contre les surcharges et les courts-circuits<\/li>\n<li>Gestion \u00e0 distance<\/li>\n<\/ul>\n<\/li>\n<\/ul>\n<ul>\n<li>Valeurs r\u00e9glables<\/li>\n<li>Compatibilit\u00e9 du g\u00e9n\u00e9rateur<\/li>\n<\/ul>\n<h3>Caract\u00e9ristiques techniques<\/h3>\n<table border=\"1\" cellspacing=\"0\" cellpadding=\"5\">\n<tbody>\n<tr>\n<th>PUISSANCE<\/th>\n<th>10 kVA<\/th>\n<th>20 kVA<\/th>\n<th>30 kVA<\/th>\n<th>40 kVA<\/th>\n<th>45 kVA<\/th>\n<th>60 kVA<\/th>\n<th>80 kVA<\/th>\n<th>100 kVA<\/th>\n<th>120 kVA<\/th>\n<\/tr>\n<tr>\n<td colspan=\"10\"><strong>INTRODUCTION<\/strong><\/td>\n<\/tr>\n<tr>\n<td>Tension<\/td>\n<td colspan=\"9\">380 \/ 400 \/ 415 VCA 3 phases + N<\/td>\n<\/tr>\n<tr>\n<td>Tol\u00e9rance de tension<\/td>\n<td colspan=\"9\">\u00b1 5 % &#8211; 20 % (r\u00e9glable)<\/td>\n<\/tr>\n<tr>\n<td>Facteur de puissance<\/td>\n<td colspan=\"9\">\u22650,99<\/td>\n<\/tr>\n<tr>\n<td>Fr\u00e9quence<\/td>\n<td colspan=\"9\">50 \/ 60 Hz \u00b1 5 %<\/td>\n<\/tr>\n<tr>\n<td>THDi<\/td>\n<td colspan=\"9\">&lt; %4<\/td>\n<\/tr>\n<tr>\n<td colspan=\"10\"><strong>CONTOURNEMENT<\/strong><\/td>\n<\/tr>\n<tr>\n<td>Connexion double entr\u00e9e<\/td>\n<td colspan=\"9\">Standard<\/td>\n<\/tr>\n<tr>\n<td>Tension<\/td>\n<td colspan=\"9\">380 \/ 400 \/ 415 VCA 3 phases + N<\/td>\n<\/tr>\n<tr>\n<td>Tension Tol\u00e9rance<\/td>\n<td colspan=\"9\">\u00b110 % (r\u00e9glable)<\/td>\n<\/tr>\n<tr>\n<td>Fr\u00e9quence<\/td>\n<td colspan=\"9\">50\/60 Hz<\/td>\n<\/tr>\n<tr>\n<td>Fr\u00e9quence Tol\u00e9rance<\/td>\n<td colspan=\"9\">\u00b110 % (r\u00e9glable)<\/td>\n<\/tr>\n<tr>\n<td colspan=\"10\"><strong>SORTIE<\/strong><\/td>\n<\/tr>\n<tr>\n<td>Tension<\/td>\n<td colspan=\"9\">380 \/ 400 \/ 415 VCA 3 phases + N<\/td>\n<\/tr>\n<tr>\n<td>Tol\u00e9rance de tension<\/td>\n<td colspan=\"9\">\u00b11 % (charge statique), selon VFI-SS-111 sous charge dynamique<\/td>\n<\/tr>\n<tr>\n<td>Fr\u00e9quence<\/td>\n<td colspan=\"9\">50 Hz \/ 60 Hz (en option)<\/td>\n<\/tr>\n<tr>\n<td>Tol\u00e9rance de fr\u00e9quence<\/td>\n<td colspan=\"9\">\u00b10,1 % (en fonctionnement libre), \u00b14 % (synchronis\u00e9 avec le r\u00e9seau, r\u00e9glable \u00b15 %)<\/td>\n<\/tr>\n<tr>\n<td>Puissance Facteur<\/td>\n<td colspan=\"9\">0,8 (en option 0,9 ou 1)<\/td>\n<\/tr>\n<tr>\n<td>THDv<\/td>\n<td colspan=\"9\">&lt; 3 % de charge lin\u00e9aire, &lt; Charge non lin\u00e9aire de 5 % (IEC\/EN 62040-3)<\/td>\n<\/tr>\n<tr>\n<td>Facteur Crest<\/td>\n<td colspan=\"9\">3:1<\/td>\n<\/tr>\n<tr>\n<td colspan=\"10\"><strong>CAPACIT\u00c9 DE CHARGE EXCESSIVE<\/strong><\/td>\n<\/tr>\n<tr>\n<td>100 &#8211; 110 %<\/td>\n<td colspan=\"9\">Fonctionne en permanence en position normale<\/td>\n<\/tr>\n<tr>\n<td>110 &#8211; 125%<\/td>\n<td colspan=\"9\">10 dk.<\/td>\n<\/tr>\n<tr>\n<td>125 &#8211; 150%<\/td>\n<td colspan=\"9\">1 dk.<\/td>\n<\/tr>\n<tr>\n<td>&gt;150 %<\/td>\n<td colspan=\"9\">Continu en position de d\u00e9rivation by-pass<\/td>\n<\/tr>\n<tr>\n<td colspan=\"10\"><strong>AK\u00dc<\/strong><\/td>\n<\/tr>\n<tr>\n<td>Nombre de batteries<\/td>\n<td colspan=\"9\">60 pi\u00e8ces (+405 VCC \/ -405 VCC)<\/td>\n<\/tr>\n<tr>\n<td>Compartiment batterie<\/td>\n<td colspan=\"5\">Interne<\/td>\n<td colspan=\"4\">Externe<\/td>\n<\/tr>\n<tr>\n<td>Batterie Protection<\/td>\n<td colspan=\"9\">Profonde d\u00e9charge protection<\/td>\n<\/tr>\n<tr>\n<td>Test de batterie<\/td>\n<td colspan=\"9\">Automatique \/ Manuel<\/td>\n<\/tr>\n<tr>\n<td colspan=\"10\"><strong>RENDEMENT<\/strong><\/td>\n<\/tr>\n<tr>\n<td>Mode en ligne (\u00e0 pleine charge)<\/td>\n<td colspan=\"9\">&gt; 92 %<\/td>\n<\/tr>\n<tr>\n<td>Mode \u00c9co (\u00e0 pleine charge)<\/td>\n<td colspan=\"9\">&gt; 98 %<\/td>\n<\/tr>\n<tr>\n<td colspan=\"10\"><strong>G\u00c9N\u00c9RAL<\/strong><\/td>\n<\/tr>\n<tr>\n<td>Topologie<\/td>\n<td colspan=\"9\">R\u00e9el en ligne &#8211; Double conversion, redresseur IGBT et onduleur<\/td>\n<\/tr>\n<tr>\n<td>Technologie de contr\u00f4le<\/td>\n<td colspan=\"9\">3 processeurs DSP, SPWM<\/td>\n<\/tr>\n<tr>\n<td>Indicateurs<\/td>\n<td colspan=\"9\">\u00c9cran LCD graphique, diagramme Mimic, boutons de commande, voyants LED d&rsquo;erreur<\/td>\n<\/tr>\n<tr>\n<td colspan=\"10\"><strong>OPTIONS<\/strong><\/td>\n<\/tr>\n<tr>\n<td>Travail en parall\u00e8le<\/td>\n<td colspan=\"9\">Jusqu&rsquo;\u00e0 6 unit\u00e9s<\/td>\n<\/tr>\n<tr>\n<td>Communication<\/td>\n<td colspan=\"9\">SNMP, RS232, RS485, MODBUS<\/td>\n<\/tr>\n<tr>\n<td>Surveillance \u00e0 distance<\/td>\n<td colspan=\"9\">Vue SNMP, UPSMon, panneau distant<\/td>\n<\/tr>\n<tr>\n<td>Sorties relais \u00e0 contact sec<\/td>\n<td colspan=\"9\">3 contacts secs programmables<\/td>\n<\/tr>\n<tr>\n<td>Entr\u00e9es sp\u00e9ciales<\/td>\n<td colspan=\"9\">G\u00e9n\u00e9rateur, contr\u00f4le de la temp\u00e9rature de la batterie, arr\u00eat d&rsquo;urgence \u00e0 distance (EPO)<\/td>\n<\/tr>\n<tr>\n<td colspan=\"10\"><strong>CONDITIONS DE TRAVAIL<\/strong><\/td>\n<\/tr>\n<tr>\n<td>Temp\u00e9rature de fonctionnement<\/td>\n<td colspan=\"9\">0 \u00b0C &#8211; 40 \u00b0C<\/td>\n<\/tr>\n<tr>\n<td>Humidit\u00e9<\/td>\n<td colspan=\"9\">0 % &#8211; 95 % (sans condensation)<\/td>\n<\/tr>\n<tr>\n<td>Altitude<\/td>\n<td colspan=\"9\">\u2264 2000 m<\/td>\n<\/tr>\n<tr>\n<td>Bruit<\/td>\n<td colspan=\"9\">&lt; 65 dB(A)<\/td>\n<\/tr>\n<tr>\n<td colspan=\"10\"><strong>CONDITIONS PHYSIQUES<\/strong><\/td>\n<\/tr>\n<tr>\n<td>Dimensions (L x l x h) mm<\/td>\n<td colspan=\"3\">350 x 795 x 1110<\/td>\n<td colspan=\"3\">500 x 806 x 1213<\/td>\n<td colspan=\"3\">550x800x1335<\/td>\n<\/tr>\n<tr>\n<td>Poids (kg)<\/td>\n<td>82<\/td>\n<td>85<\/td>\n<td>90<\/td>\n<td>100<\/td>\n<td>110<\/td>\n<td>165<\/td>\n<td>172<\/td>\n<td>290<\/td>\n<td>315<\/td>\n<\/tr>\n<tr>\n<td>Classe de protection<\/td>\n<td colspan=\"9\">IP 20<\/td>\n<\/tr>\n<\/tbody>\n<\/table>\n<h2 style=\"color: #8b2533;\"><strong>10 \u2013 120 kVA UPS en ligne Pr\u00e9sentation g\u00e9n\u00e9rale<\/strong><\/h2>\n<p>La s\u00e9rie d&rsquo;onduleurs en ligne 10 \u2013 120 kVA est une solution d&rsquo;alimentation sans coupure professionnelle con\u00e7ue pour r\u00e9pondre aux besoins \u00e9lev\u00e9s en \u00e9nergie des moyennes et grandes entreprises, des centres de donn\u00e9es et des installations industrielles. Gr\u00e2ce \u00e0 sa topologie \u00e0 double conversion en ligne, elle isole compl\u00e8tement l&rsquo;\u00e9nergie provenant du r\u00e9seau et fournit une sortie pure et stable aux appareils. <\/p>\n<p>Cette s\u00e9rie s&rsquo;adapte \u00e0 des projets de diff\u00e9rentes envergures gr\u00e2ce \u00e0 ses options de capacit\u00e9 \u00e9tendues, allant de 10 kVA \u00e0 120 kVA. Elle offre une s\u00e9curit\u00e9 maximale, un rendement \u00e9lev\u00e9 et des performances durables dans les environnements o\u00f9 la protection des infrastructures critiques est indispensable. <\/p>\n<h2 style=\"color: #8b2533;\"><strong>R\u00e9el En ligne Double Cycle Technologie<\/strong><\/h2>\n<p>Dans les syst\u00e8mes UPS en ligne, l&rsquo;\u00e9nergie passe en permanence par le redresseur et l&rsquo;onduleur. Gr\u00e2ce \u00e0 cette structure, les fluctuations de tension soudaines, les perturbations de fr\u00e9quence, les harmoniques et les micro-coupures sont filtr\u00e9es avant d&rsquo;atteindre les appareils. Conform\u00e9ment \u00e0 la norme VFI-SS-111, il produit une sortie stable ind\u00e9pendamment de la tension et de la fr\u00e9quence d&rsquo;entr\u00e9e.  <\/p>\n<p>La technologie des redresseurs IGBT et des onduleurs IGBT permet une conversion d&rsquo;\u00e9nergie hautement performante et \u00e0 faibles pertes. Cela offre un avantage important tant en termes de s\u00e9curit\u00e9 des appareils que d&rsquo;efficacit\u00e9 \u00e9nerg\u00e9tique. <\/p>\n<h2 style=\"color: #8b2533;\"><strong>Haute efficacit\u00e9 et \u00e9conomie d&rsquo;\u00e9nergie<\/strong><\/h2>\n<p>Avec un rendement sup\u00e9rieur \u00e0 92 % en mode en ligne et pouvant atteindre 98 % en mode Eco, il permet aux entreprises de r\u00e9aliser d&rsquo;importantes \u00e9conomies d&rsquo;\u00e9nergie. Gr\u00e2ce \u00e0 son facteur de puissance d&rsquo;entr\u00e9e \u00e9lev\u00e9 (&gt;0,99) et \u00e0 sa faible distorsion harmonique (THDi &lt; 4 %), il impose une charge minimale au r\u00e9seau. <\/p>\n<p>Le syst\u00e8me intelligent de contr\u00f4le de la vitesse du ventilateur optimise la consommation d&rsquo;\u00e9nergie et garantit un fonctionnement silencieux. Cette fonctionnalit\u00e9 offre un confort d&rsquo;utilisation particuli\u00e8rement appr\u00e9ciable dans les environnements de bureau et les centres de donn\u00e9es. <\/p>\n<h2 style=\"color: #8b2533;\"><strong>Travail en parall\u00e8le et structure \u00e9volutive<\/strong><\/h2>\n<p>Cette s\u00e9rie offre une prise en charge du fonctionnement en parall\u00e8le jusqu&rsquo;\u00e0 6 unit\u00e9s. Cela permet d&rsquo;augmenter la capacit\u00e9 ou d&rsquo;assurer la redondance. \u00c0 mesure que les entreprises se d\u00e9veloppent, l&rsquo;infrastructure \u00e9lectrique peut \u00eatre \u00e9tendue de mani\u00e8re flexible.  <\/p>\n<p>Gr\u00e2ce \u00e0 sa structure parall\u00e8le, il offre une capacit\u00e9 de fonctionnement ininterrompu dans les centres de donn\u00e9es et les installations de production qui exigent une grande continuit\u00e9.<\/p>\n<h2 style=\"color: #8b2533;\"><strong>Intelligent Batterie Gestion Syst\u00e8me<\/strong><\/h2>\n<p>La technologie de charge avanc\u00e9e et la fonction de protection contre la d\u00e9charge profonde permettent d&rsquo;optimiser la dur\u00e9e de vie de la batterie. Gr\u00e2ce aux fonctions de test automatique et manuel de la batterie, la s\u00e9curit\u00e9 du syst\u00e8me est contr\u00f4l\u00e9e en permanence. <\/p>\n<p>L&rsquo;option d&rsquo;un bo\u00eetier de batterie externe permet d&rsquo;obtenir des dur\u00e9es de secours prolong\u00e9es. Cette fonctionnalit\u00e9 offre un avantage consid\u00e9rable, en particulier dans les r\u00e9gions o\u00f9 les coupures de courant sont fr\u00e9quentes. <\/p>\n<h2 style=\"color: #8b2533;\"><strong>Communication avanc\u00e9e et gestion \u00e0 distance<\/strong><\/h2>\n<p>Gr\u00e2ce aux protocoles de communication SNMP, RS232, RS485 et MODBUS, le syst\u00e8me peut \u00eatre surveill\u00e9 et g\u00e9r\u00e9 \u00e0 distance. Les \u00e9quipes informatiques peuvent assurer un contr\u00f4le centralis\u00e9 gr\u00e2ce \u00e0 des logiciels tels que UPSMon, SNMP View et Remote Panel. <\/p>\n<p>Les sorties relais \u00e0 contact sec programmables et les entr\u00e9es d&rsquo;arr\u00eat d&rsquo;urgence \u00e0 distance (EPO) am\u00e9liorent le niveau de s\u00e9curit\u00e9 et d&rsquo;int\u00e9gration.<\/p>\n<h2 style=\"color: #8b2533;\"><strong>R\u00e9sistance industrielle et s\u00e9curit\u00e9<\/strong><\/h2>\n<p>Avec son bo\u00eetier robuste de classe de protection IP20, il est adapt\u00e9 aux environnements industriels. Il offre des performances stables dans diff\u00e9rentes conditions environnementales gr\u00e2ce \u00e0 sa temp\u00e9rature de fonctionnement comprise entre 0 \u00b0C et 40 \u00b0C et sa tol\u00e9rance \u00e0 l&rsquo;humidit\u00e9 sans condensation pouvant atteindre 95 %. <\/p>\n<p>Gr\u00e2ce \u00e0 la fonction de d\u00e9rivation statique et manuelle, la charge peut \u00eatre transf\u00e9r\u00e9e sans interruption vers la ligne de d\u00e9rivation en cas de maintenance ou de panne.<\/p>\n<h2 style=\"color: #8b2533;\"><strong>Pourquoi choisir un onduleur en ligne de 10 \u00e0 120 kVA ?<\/strong><\/h2>\n<p>Gr\u00e2ce \u00e0 sa large plage de capacit\u00e9, son infrastructure mat\u00e9rielle robuste et ses syst\u00e8mes de protection avanc\u00e9s, cette s\u00e9rie constitue la solution \u00e9nerg\u00e9tique id\u00e9ale pour les centres de donn\u00e9es, les usines, les h\u00f4pitaux et les grandes entreprises.<\/p>\n<p>R\u00e9el en ligne double cycle technologie, haute efficacit\u00e9, parall\u00e8le travail support et \u00e0 distance gestion caract\u00e9ristiques avec votre entreprise \u00e9nergie infrastructure garantie sous prend. Critique vos syst\u00e8mes pour sans interruption, propre et fiable \u00e9nergie fournit. <\/p>\n","protected":false},"excerpt":{"rendered":"<p>Caract\u00e9ristiques VFI-SS-111 Norme Introduction Tension et fr\u00e9quence Ind\u00e9pendant Fonctionnement Redresseur IGBT contr\u00f4l\u00e9 par DSP Onduleur IGBT &#8211; Syst\u00e8me de charge<\/p>\n","protected":false},"featured_media":101226,"comment_status":"closed","ping_status":"closed","template":"","meta":[],"product_brand":[],"product_cat":[707],"product_tag":[],"class_list":{"0":"post-101266","1":"product","2":"type-product","3":"status-publish","4":"has-post-thumbnail","6":"product_cat-10-120-kva-online-ups","8":"first","9":"instock","10":"taxable","11":"shipping-taxable","12":"product-type-simple"},"yoast_head":"<!-- This site is optimized with the Yoast SEO Premium plugin v25.8 (Yoast SEO v25.9) - https:\/\/yoast.com\/wordpress\/plugins\/seo\/ -->\n<title>10 - 120 Kva En ligne Ups - Redsan Store<\/title>\n<meta name=\"robots\" content=\"index, follow, max-snippet:-1, max-image-preview:large, max-video-preview:-1\" \/>\n<link rel=\"canonical\" href=\"https:\/\/redsanstore.com\/fr\/urun\/10-120-kva-en-ligne-ups\/\" \/>\n<meta property=\"og:locale\" content=\"fr_FR\" \/>\n<meta property=\"og:type\" content=\"article\" \/>\n<meta property=\"og:title\" content=\"10 - 120 Kva En ligne Ups\" \/>\n<meta property=\"og:description\" content=\"Caract\u00e9ristiques VFI-SS-111 Norme Introduction Tension et fr\u00e9quence Ind\u00e9pendant Fonctionnement Redresseur IGBT contr\u00f4l\u00e9 par DSP Onduleur IGBT &#8211; Syst\u00e8me de charge\" \/>\n<meta property=\"og:url\" content=\"https:\/\/redsanstore.com\/fr\/urun\/10-120-kva-en-ligne-ups\/\" \/>\n<meta property=\"og:site_name\" content=\"Redsan Store\" \/>\n<meta property=\"article:publisher\" content=\"https:\/\/www.facebook.com\/redsanelektronik\" \/>\n<meta property=\"article:modified_time\" content=\"2026-02-20T12:37:33+00:00\" \/>\n<meta property=\"og:image\" content=\"https:\/\/redsanstore.com\/wp-content\/uploads\/2026\/02\/16c641e5-cb12-40e7-a8dc-15cae597c195.jpg\" \/>\n\t<meta property=\"og:image:width\" content=\"1024\" \/>\n\t<meta property=\"og:image:height\" content=\"1024\" \/>\n\t<meta property=\"og:image:type\" content=\"image\/jpeg\" \/>\n<meta name=\"twitter:card\" content=\"summary_large_image\" \/>\n<meta name=\"twitter:label1\" content=\"Est. reading time\" \/>\n\t<meta name=\"twitter:data1\" content=\"4 minutes\" \/>\n<script type=\"application\/ld+json\" class=\"yoast-schema-graph\">{\"@context\":\"https:\/\/schema.org\",\"@graph\":[{\"@type\":\"WebPage\",\"@id\":\"https:\/\/redsanstore.com\/fr\/urun\/10-120-kva-en-ligne-ups\/\",\"url\":\"https:\/\/redsanstore.com\/fr\/urun\/10-120-kva-en-ligne-ups\/\",\"name\":\"10 - 120 Kva En ligne Ups - Redsan Store\",\"isPartOf\":{\"@id\":\"https:\/\/redsanstore.com\/#website\"},\"primaryImageOfPage\":{\"@id\":\"https:\/\/redsanstore.com\/fr\/urun\/10-120-kva-en-ligne-ups\/#primaryimage\"},\"image\":{\"@id\":\"https:\/\/redsanstore.com\/fr\/urun\/10-120-kva-en-ligne-ups\/#primaryimage\"},\"thumbnailUrl\":\"https:\/\/redsanstore.com\/wp-content\/uploads\/2026\/02\/16c641e5-cb12-40e7-a8dc-15cae597c195.jpg\",\"datePublished\":\"2026-02-04T13:58:48+00:00\",\"dateModified\":\"2026-02-20T12:37:33+00:00\",\"breadcrumb\":{\"@id\":\"https:\/\/redsanstore.com\/fr\/urun\/10-120-kva-en-ligne-ups\/#breadcrumb\"},\"inLanguage\":\"fr-FR\",\"potentialAction\":[{\"@type\":\"ReadAction\",\"target\":[\"https:\/\/redsanstore.com\/fr\/urun\/10-120-kva-en-ligne-ups\/\"]}]},{\"@type\":\"ImageObject\",\"inLanguage\":\"fr-FR\",\"@id\":\"https:\/\/redsanstore.com\/fr\/urun\/10-120-kva-en-ligne-ups\/#primaryimage\",\"url\":\"https:\/\/redsanstore.com\/wp-content\/uploads\/2026\/02\/16c641e5-cb12-40e7-a8dc-15cae597c195.jpg\",\"contentUrl\":\"https:\/\/redsanstore.com\/wp-content\/uploads\/2026\/02\/16c641e5-cb12-40e7-a8dc-15cae597c195.jpg\",\"width\":1024,\"height\":1024},{\"@type\":\"BreadcrumbList\",\"@id\":\"https:\/\/redsanstore.com\/fr\/urun\/10-120-kva-en-ligne-ups\/#breadcrumb\",\"itemListElement\":[{\"@type\":\"ListItem\",\"position\":1,\"name\":\"Anasayfa\",\"item\":\"https:\/\/redsanstore.com\/fr\/\"},{\"@type\":\"ListItem\",\"position\":2,\"name\":\"Magasin\",\"item\":\"https:\/\/redsanstore.com\/fr\/magasin\/\"},{\"@type\":\"ListItem\",\"position\":3,\"name\":\"10 &#8211; 120 Kva En ligne Ups\"}]},{\"@type\":\"WebSite\",\"@id\":\"https:\/\/redsanstore.com\/#website\",\"url\":\"https:\/\/redsanstore.com\/\",\"name\":\"Redsan Store\",\"description\":\"Redres\u00f6r - Reg\u00fclat\u00f6r - UPS - Ak\u00fc\",\"publisher\":{\"@id\":\"https:\/\/redsanstore.com\/#organization\"},\"alternateName\":\"Redres\u00f6r ve Kesintisiz G\u00fc\u00e7 Kayna\u011f\u0131 Ups\",\"potentialAction\":[{\"@type\":\"SearchAction\",\"target\":{\"@type\":\"EntryPoint\",\"urlTemplate\":\"https:\/\/redsanstore.com\/?s={search_term_string}\"},\"query-input\":{\"@type\":\"PropertyValueSpecification\",\"valueRequired\":true,\"valueName\":\"search_term_string\"}}],\"inLanguage\":\"fr-FR\"},{\"@type\":\"Organization\",\"@id\":\"https:\/\/redsanstore.com\/#organization\",\"name\":\"Redsan Store\",\"alternateName\":\"Redres\u00f6r ve Kesintisiz G\u00fc\u00e7 Kayna\u011f\u0131 Ups\",\"url\":\"https:\/\/redsanstore.com\/\",\"logo\":{\"@type\":\"ImageObject\",\"inLanguage\":\"fr-FR\",\"@id\":\"https:\/\/redsanstore.com\/#\/schema\/logo\/image\/\",\"url\":\"https:\/\/redsanstore.com\/wp-content\/uploads\/2024\/06\/redresor-ups-site-gorseli.jpg\",\"contentUrl\":\"https:\/\/redsanstore.com\/wp-content\/uploads\/2024\/06\/redresor-ups-site-gorseli.jpg\",\"width\":1200,\"height\":675,\"caption\":\"Redsan Store\"},\"image\":{\"@id\":\"https:\/\/redsanstore.com\/#\/schema\/logo\/image\/\"},\"sameAs\":[\"https:\/\/www.facebook.com\/redsanelektronik\",\"https:\/\/www.instagram.com\/redsanelektronik\/\",\"https:\/\/www.linkedin.com\/company\/redsan-elektronik\/\"]}]}<\/script>\n<!-- \/ Yoast SEO Premium plugin. -->","yoast_head_json":{"title":"10 - 120 Kva En ligne Ups - Redsan Store","robots":{"index":"index","follow":"follow","max-snippet":"max-snippet:-1","max-image-preview":"max-image-preview:large","max-video-preview":"max-video-preview:-1"},"canonical":"https:\/\/redsanstore.com\/fr\/urun\/10-120-kva-en-ligne-ups\/","og_locale":"fr_FR","og_type":"article","og_title":"10 - 120 Kva En ligne Ups","og_description":"Caract\u00e9ristiques VFI-SS-111 Norme Introduction Tension et fr\u00e9quence Ind\u00e9pendant Fonctionnement Redresseur IGBT contr\u00f4l\u00e9 par DSP Onduleur IGBT &#8211; Syst\u00e8me de charge","og_url":"https:\/\/redsanstore.com\/fr\/urun\/10-120-kva-en-ligne-ups\/","og_site_name":"Redsan Store","article_publisher":"https:\/\/www.facebook.com\/redsanelektronik","article_modified_time":"2026-02-20T12:37:33+00:00","og_image":[{"width":1024,"height":1024,"url":"https:\/\/redsanstore.com\/wp-content\/uploads\/2026\/02\/16c641e5-cb12-40e7-a8dc-15cae597c195.jpg","type":"image\/jpeg"}],"twitter_card":"summary_large_image","twitter_misc":{"Est. reading time":"4 minutes"},"schema":{"@context":"https:\/\/schema.org","@graph":[{"@type":"WebPage","@id":"https:\/\/redsanstore.com\/fr\/urun\/10-120-kva-en-ligne-ups\/","url":"https:\/\/redsanstore.com\/fr\/urun\/10-120-kva-en-ligne-ups\/","name":"10 - 120 Kva En ligne Ups - Redsan Store","isPartOf":{"@id":"https:\/\/redsanstore.com\/#website"},"primaryImageOfPage":{"@id":"https:\/\/redsanstore.com\/fr\/urun\/10-120-kva-en-ligne-ups\/#primaryimage"},"image":{"@id":"https:\/\/redsanstore.com\/fr\/urun\/10-120-kva-en-ligne-ups\/#primaryimage"},"thumbnailUrl":"https:\/\/redsanstore.com\/wp-content\/uploads\/2026\/02\/16c641e5-cb12-40e7-a8dc-15cae597c195.jpg","datePublished":"2026-02-04T13:58:48+00:00","dateModified":"2026-02-20T12:37:33+00:00","breadcrumb":{"@id":"https:\/\/redsanstore.com\/fr\/urun\/10-120-kva-en-ligne-ups\/#breadcrumb"},"inLanguage":"fr-FR","potentialAction":[{"@type":"ReadAction","target":["https:\/\/redsanstore.com\/fr\/urun\/10-120-kva-en-ligne-ups\/"]}]},{"@type":"ImageObject","inLanguage":"fr-FR","@id":"https:\/\/redsanstore.com\/fr\/urun\/10-120-kva-en-ligne-ups\/#primaryimage","url":"https:\/\/redsanstore.com\/wp-content\/uploads\/2026\/02\/16c641e5-cb12-40e7-a8dc-15cae597c195.jpg","contentUrl":"https:\/\/redsanstore.com\/wp-content\/uploads\/2026\/02\/16c641e5-cb12-40e7-a8dc-15cae597c195.jpg","width":1024,"height":1024},{"@type":"BreadcrumbList","@id":"https:\/\/redsanstore.com\/fr\/urun\/10-120-kva-en-ligne-ups\/#breadcrumb","itemListElement":[{"@type":"ListItem","position":1,"name":"Anasayfa","item":"https:\/\/redsanstore.com\/fr\/"},{"@type":"ListItem","position":2,"name":"Magasin","item":"https:\/\/redsanstore.com\/fr\/magasin\/"},{"@type":"ListItem","position":3,"name":"10 &#8211; 120 Kva En ligne Ups"}]},{"@type":"WebSite","@id":"https:\/\/redsanstore.com\/#website","url":"https:\/\/redsanstore.com\/","name":"Redsan Store","description":"Redres\u00f6r - Reg\u00fclat\u00f6r - UPS - Ak\u00fc","publisher":{"@id":"https:\/\/redsanstore.com\/#organization"},"alternateName":"Redres\u00f6r ve Kesintisiz G\u00fc\u00e7 Kayna\u011f\u0131 Ups","potentialAction":[{"@type":"SearchAction","target":{"@type":"EntryPoint","urlTemplate":"https:\/\/redsanstore.com\/?s={search_term_string}"},"query-input":{"@type":"PropertyValueSpecification","valueRequired":true,"valueName":"search_term_string"}}],"inLanguage":"fr-FR"},{"@type":"Organization","@id":"https:\/\/redsanstore.com\/#organization","name":"Redsan Store","alternateName":"Redres\u00f6r ve Kesintisiz G\u00fc\u00e7 Kayna\u011f\u0131 Ups","url":"https:\/\/redsanstore.com\/","logo":{"@type":"ImageObject","inLanguage":"fr-FR","@id":"https:\/\/redsanstore.com\/#\/schema\/logo\/image\/","url":"https:\/\/redsanstore.com\/wp-content\/uploads\/2024\/06\/redresor-ups-site-gorseli.jpg","contentUrl":"https:\/\/redsanstore.com\/wp-content\/uploads\/2024\/06\/redresor-ups-site-gorseli.jpg","width":1200,"height":675,"caption":"Redsan Store"},"image":{"@id":"https:\/\/redsanstore.com\/#\/schema\/logo\/image\/"},"sameAs":["https:\/\/www.facebook.com\/redsanelektronik","https:\/\/www.instagram.com\/redsanelektronik\/","https:\/\/www.linkedin.com\/company\/redsan-elektronik\/"]}]}},"_links":{"self":[{"href":"https:\/\/redsanstore.com\/fr\/wp-json\/wp\/v2\/product\/101266","targetHints":{"allow":["GET"]}}],"collection":[{"href":"https:\/\/redsanstore.com\/fr\/wp-json\/wp\/v2\/product"}],"about":[{"href":"https:\/\/redsanstore.com\/fr\/wp-json\/wp\/v2\/types\/product"}],"replies":[{"embeddable":true,"href":"https:\/\/redsanstore.com\/fr\/wp-json\/wp\/v2\/comments?post=101266"}],"version-history":[{"count":4,"href":"https:\/\/redsanstore.com\/fr\/wp-json\/wp\/v2\/product\/101266\/revisions"}],"predecessor-version":[{"id":101451,"href":"https:\/\/redsanstore.com\/fr\/wp-json\/wp\/v2\/product\/101266\/revisions\/101451"}],"wp:featuredmedia":[{"embeddable":true,"href":"https:\/\/redsanstore.com\/fr\/wp-json\/wp\/v2\/media\/101226"}],"wp:attachment":[{"href":"https:\/\/redsanstore.com\/fr\/wp-json\/wp\/v2\/media?parent=101266"}],"wp:term":[{"taxonomy":"product_brand","embeddable":true,"href":"https:\/\/redsanstore.com\/fr\/wp-json\/wp\/v2\/product_brand?post=101266"},{"taxonomy":"product_cat","embeddable":true,"href":"https:\/\/redsanstore.com\/fr\/wp-json\/wp\/v2\/product_cat?post=101266"},{"taxonomy":"product_tag","embeddable":true,"href":"https:\/\/redsanstore.com\/fr\/wp-json\/wp\/v2\/product_tag?post=101266"}],"curies":[{"name":"wp","href":"https:\/\/api.w.org\/{rel}","templated":true}]}}