{"id":101261,"date":"2026-02-04T16:12:56","date_gmt":"2026-02-04T13:12:56","guid":{"rendered":"https:\/\/redsanstore.com\/urun\/indicateur-de-tension-capacitif\/"},"modified":"2026-02-23T08:56:41","modified_gmt":"2026-02-23T05:56:41","slug":"indicateur-de-tension-capacitif","status":"publish","type":"product","link":"https:\/\/redsanstore.com\/fr\/urun\/indicateur-de-tension-capacitif\/","title":{"rendered":"Indicateur de tension capacitif"},"content":{"rendered":"<h2>Indicateur de tension capacitif<\/h2>\n<p>Indicateur de tension capacitif ; il s&rsquo;agit d&rsquo;un \u00e9quipement d&rsquo;affichage professionnel utilis\u00e9 pour d\u00e9tecter de mani\u00e8re s\u00fbre et sans contact la pr\u00e9sence de tension sur les lignes des syst\u00e8mes \u00e0 moyenne tension (MT) et haute tension (HT). Il assure une s\u00e9curit\u00e9 maximale lors des op\u00e9rations de maintenance et d&rsquo;intervention en signalant visuellement \u00e0 l&rsquo;op\u00e9rateur l&rsquo;\u00e9tat de tension dans les syst\u00e8mes de barres internes aux cellules, les points de connexion des c\u00e2bles et les compartiments des disjoncteurs. <\/p>\n<p>Fonctionnant selon le principe de mesure capacitive, cet indicateur d\u00e9tecte la pr\u00e9sence de tension sans entrer en contact \u00e9lectrique direct avec la ligne. Cela permet de pr\u00e9server l&rsquo;int\u00e9grit\u00e9 du syst\u00e8me, de maintenir le niveau d&rsquo;isolation et d&rsquo;assurer un niveau \u00e9lev\u00e9 de s\u00e9curit\u00e9 pour l&rsquo;op\u00e9rateur. Utilis\u00e9 comme \u00e9quipement de s\u00e9curit\u00e9 standard dans les cellules OG, l&rsquo;indicateur de tension capacitif joue un r\u00f4le essentiel dans les infrastructures de distribution d&rsquo;\u00e9nergie.  <\/p>\n<h3>Principe de fonctionnement<\/h3>\n<p>L&rsquo;indicateur de tension capacitif d\u00e9tecte la pr\u00e9sence de tension en d\u00e9tectant les variations du champ \u00e9lectrique entre la phase et la terre. Gr\u00e2ce \u00e0 la m\u00e9thode de couplage capacitif, il indique la pr\u00e9sence ou l&rsquo;absence d&rsquo;\u00e9nergie sur la barre ou le c\u00e2ble \u00e0 l&rsquo;aide de voyants LED. Lorsque la tension est pr\u00e9sente, le voyant de phase correspondant s&rsquo;allume ; lorsque la tension est coup\u00e9e, le voyant s&rsquo;\u00e9teint.  <\/p>\n<p>Cette structure permet \u00e0 l&rsquo;op\u00e9rateur de prendre des d\u00e9cisions en toute s\u00e9curit\u00e9, en particulier lors des op\u00e9rations d&rsquo;entretien interne des cellules et des op\u00e9rations d&rsquo;ouverture et de fermeture des couteaux.<\/p>\n<h3>Fondamental Caract\u00e9ristiques<\/h3>\n<ul>\n<li>Technologie de mesure capacitive sans contact<\/li>\n<li>Indicateur LED ind\u00e9pendant pour chaque phase<\/li>\n<li>Structure s\u00e9curis\u00e9e \u00e0 haute isolation<\/li>\n<li>OG cellules et modulaires panneaux compatibles conception<\/li>\n<li>Faible consommation d&rsquo;\u00e9nergie<\/li>\n<li>Composants \u00e9lectroniques longue dur\u00e9e<\/li>\n<\/ul>\n<h2>Avantages en mati\u00e8re de s\u00e9curit\u00e9 et d&rsquo;exploitation<\/h2>\n<p>L&rsquo;un des aspects les plus importants des syst\u00e8mes de distribution d&rsquo;\u00e9nergie est la d\u00e9tection rapide et pr\u00e9cise de la pr\u00e9sence ou non de tension sur la ligne. L&rsquo;indicateur de tension capacitif \u00e9limine le risque d&rsquo;intervention incorrecte en fournissant \u00e0 l&rsquo;op\u00e9rateur une notification visuelle claire et compr\u00e9hensible. <\/p>\n<ul>\n<li>Possibilit\u00e9 de contr\u00f4le de s\u00e9curit\u00e9 avant l&rsquo;entretien<\/li>\n<li>Contribution \u00e0 la pr\u00e9vention des accidents du travail<\/li>\n<li>R\u00e9duction de la dur\u00e9e du contr\u00f4le de tension<\/li>\n<li>\u00c9nergie continuit\u00e9 pr\u00e9servation<\/li>\n<li>Niveau de s\u00e9curit\u00e9 conforme aux normes<\/li>\n<\/ul>\n<h2>Domaines d&rsquo;utilisation<\/h2>\n<ul>\n<li>Cellules moyenne tension (MT)<\/li>\n<li>Syst\u00e8mes Ring Main Unit (RMU)<\/li>\n<li>Centres de transformation<\/li>\n<li>Compartiments de coupe et de s\u00e9paration<\/li>\n<li>Panneaux de distribution industriels<\/li>\n<li>Installations de production d&rsquo;\u00e9nergie<\/li>\n<li>Zones industrielles organis\u00e9es<\/li>\n<\/ul>\n<h2>Conception robuste et durable<\/h2>\n<p>L&rsquo;indicateur de tension capacitif est con\u00e7u pour r\u00e9sister aux conditions difficiles sur le terrain. Il est r\u00e9sistant aux variations de temp\u00e9rature \u00e9lev\u00e9es, aux environnements humides et aux effets \u00e9lectromagn\u00e9tiques. Gr\u00e2ce \u00e0 sa conception compacte, il s&rsquo;installe facilement dans les panneaux et s&rsquo;int\u00e8gre rapidement aux syst\u00e8mes existants.  <\/p>\n<p>La premi\u00e8re \u00e9tape pour garantir la s\u00e9curit\u00e9 des infrastructures \u00e9nerg\u00e9tiques consiste \u00e0 d\u00e9tecter correctement la tension. L&rsquo;indicateur de tension capacitif offre une solution de surveillance de la tension rapide et fiable qui am\u00e9liore la s\u00e9curit\u00e9 des op\u00e9rateurs. <\/p>\n","protected":false},"excerpt":{"rendered":"<p>Indicateur de tension capacitif Indicateur de tension capacitif ; il s&rsquo;agit d&rsquo;un \u00e9quipement d&rsquo;affichage professionnel utilis\u00e9 pour d\u00e9tecter de mani\u00e8re<\/p>\n","protected":false},"featured_media":101207,"comment_status":"closed","ping_status":"closed","template":"","meta":[],"product_brand":[],"product_cat":[702],"product_tag":[],"class_list":{"0":"post-101261","1":"product","2":"type-product","3":"status-publish","4":"has-post-thumbnail","6":"product_cat-indicateur-de-tension-capacitif","8":"first","9":"instock","10":"taxable","11":"shipping-taxable","12":"product-type-simple"},"yoast_head":"<!-- This site is optimized with the Yoast SEO Premium plugin v25.8 (Yoast SEO v25.9) - https:\/\/yoast.com\/wordpress\/plugins\/seo\/ -->\n<title>Indicateur de tension capacitif - Redsan Store<\/title>\n<meta name=\"robots\" content=\"index, follow, max-snippet:-1, max-image-preview:large, max-video-preview:-1\" \/>\n<link rel=\"canonical\" href=\"https:\/\/redsanstore.com\/fr\/urun\/indicateur-de-tension-capacitif\/\" \/>\n<meta property=\"og:locale\" content=\"fr_FR\" \/>\n<meta property=\"og:type\" content=\"article\" \/>\n<meta property=\"og:title\" content=\"Indicateur de tension capacitif\" \/>\n<meta property=\"og:description\" content=\"Indicateur de tension capacitif Indicateur de tension capacitif ; il s&rsquo;agit d&rsquo;un \u00e9quipement d&rsquo;affichage professionnel utilis\u00e9 pour d\u00e9tecter de mani\u00e8re\" \/>\n<meta property=\"og:url\" content=\"https:\/\/redsanstore.com\/fr\/urun\/indicateur-de-tension-capacitif\/\" \/>\n<meta property=\"og:site_name\" content=\"Redsan Store\" \/>\n<meta property=\"article:publisher\" content=\"https:\/\/www.facebook.com\/redsanelektronik\" \/>\n<meta property=\"article:modified_time\" content=\"2026-02-23T05:56:41+00:00\" \/>\n<meta property=\"og:image\" content=\"https:\/\/redsanstore.com\/wp-content\/uploads\/2026\/02\/1024x1024-indikator-scaled.jpg\" \/>\n\t<meta property=\"og:image:width\" content=\"2560\" \/>\n\t<meta property=\"og:image:height\" content=\"2560\" \/>\n\t<meta property=\"og:image:type\" content=\"image\/jpeg\" \/>\n<meta name=\"twitter:card\" content=\"summary_large_image\" \/>\n<meta name=\"twitter:label1\" content=\"Est. reading time\" \/>\n\t<meta name=\"twitter:data1\" content=\"3 minutes\" \/>\n<script type=\"application\/ld+json\" class=\"yoast-schema-graph\">{\"@context\":\"https:\/\/schema.org\",\"@graph\":[{\"@type\":\"WebPage\",\"@id\":\"https:\/\/redsanstore.com\/fr\/urun\/indicateur-de-tension-capacitif\/\",\"url\":\"https:\/\/redsanstore.com\/fr\/urun\/indicateur-de-tension-capacitif\/\",\"name\":\"Indicateur de tension capacitif - Redsan Store\",\"isPartOf\":{\"@id\":\"https:\/\/redsanstore.com\/#website\"},\"primaryImageOfPage\":{\"@id\":\"https:\/\/redsanstore.com\/fr\/urun\/indicateur-de-tension-capacitif\/#primaryimage\"},\"image\":{\"@id\":\"https:\/\/redsanstore.com\/fr\/urun\/indicateur-de-tension-capacitif\/#primaryimage\"},\"thumbnailUrl\":\"https:\/\/redsanstore.com\/wp-content\/uploads\/2026\/02\/1024x1024-indikator-scaled.jpg\",\"datePublished\":\"2026-02-04T13:12:56+00:00\",\"dateModified\":\"2026-02-23T05:56:41+00:00\",\"breadcrumb\":{\"@id\":\"https:\/\/redsanstore.com\/fr\/urun\/indicateur-de-tension-capacitif\/#breadcrumb\"},\"inLanguage\":\"fr-FR\",\"potentialAction\":[{\"@type\":\"ReadAction\",\"target\":[\"https:\/\/redsanstore.com\/fr\/urun\/indicateur-de-tension-capacitif\/\"]}]},{\"@type\":\"ImageObject\",\"inLanguage\":\"fr-FR\",\"@id\":\"https:\/\/redsanstore.com\/fr\/urun\/indicateur-de-tension-capacitif\/#primaryimage\",\"url\":\"https:\/\/redsanstore.com\/wp-content\/uploads\/2026\/02\/1024x1024-indikator-scaled.jpg\",\"contentUrl\":\"https:\/\/redsanstore.com\/wp-content\/uploads\/2026\/02\/1024x1024-indikator-scaled.jpg\",\"width\":2560,\"height\":2560},{\"@type\":\"BreadcrumbList\",\"@id\":\"https:\/\/redsanstore.com\/fr\/urun\/indicateur-de-tension-capacitif\/#breadcrumb\",\"itemListElement\":[{\"@type\":\"ListItem\",\"position\":1,\"name\":\"Anasayfa\",\"item\":\"https:\/\/redsanstore.com\/fr\/\"},{\"@type\":\"ListItem\",\"position\":2,\"name\":\"Magasin\",\"item\":\"https:\/\/redsanstore.com\/fr\/magasin\/\"},{\"@type\":\"ListItem\",\"position\":3,\"name\":\"Indicateur de tension capacitif\"}]},{\"@type\":\"WebSite\",\"@id\":\"https:\/\/redsanstore.com\/#website\",\"url\":\"https:\/\/redsanstore.com\/\",\"name\":\"Redsan Store\",\"description\":\"Redres\u00f6r - Reg\u00fclat\u00f6r - UPS - Ak\u00fc\",\"publisher\":{\"@id\":\"https:\/\/redsanstore.com\/#organization\"},\"alternateName\":\"Redres\u00f6r ve Kesintisiz G\u00fc\u00e7 Kayna\u011f\u0131 Ups\",\"potentialAction\":[{\"@type\":\"SearchAction\",\"target\":{\"@type\":\"EntryPoint\",\"urlTemplate\":\"https:\/\/redsanstore.com\/?s={search_term_string}\"},\"query-input\":{\"@type\":\"PropertyValueSpecification\",\"valueRequired\":true,\"valueName\":\"search_term_string\"}}],\"inLanguage\":\"fr-FR\"},{\"@type\":\"Organization\",\"@id\":\"https:\/\/redsanstore.com\/#organization\",\"name\":\"Redsan Store\",\"alternateName\":\"Redres\u00f6r ve Kesintisiz G\u00fc\u00e7 Kayna\u011f\u0131 Ups\",\"url\":\"https:\/\/redsanstore.com\/\",\"logo\":{\"@type\":\"ImageObject\",\"inLanguage\":\"fr-FR\",\"@id\":\"https:\/\/redsanstore.com\/#\/schema\/logo\/image\/\",\"url\":\"https:\/\/redsanstore.com\/wp-content\/uploads\/2024\/06\/redresor-ups-site-gorseli.jpg\",\"contentUrl\":\"https:\/\/redsanstore.com\/wp-content\/uploads\/2024\/06\/redresor-ups-site-gorseli.jpg\",\"width\":1200,\"height\":675,\"caption\":\"Redsan Store\"},\"image\":{\"@id\":\"https:\/\/redsanstore.com\/#\/schema\/logo\/image\/\"},\"sameAs\":[\"https:\/\/www.facebook.com\/redsanelektronik\",\"https:\/\/www.instagram.com\/redsanelektronik\/\",\"https:\/\/www.linkedin.com\/company\/redsan-elektronik\/\"]}]}<\/script>\n<!-- \/ Yoast SEO Premium plugin. -->","yoast_head_json":{"title":"Indicateur de tension capacitif - Redsan Store","robots":{"index":"index","follow":"follow","max-snippet":"max-snippet:-1","max-image-preview":"max-image-preview:large","max-video-preview":"max-video-preview:-1"},"canonical":"https:\/\/redsanstore.com\/fr\/urun\/indicateur-de-tension-capacitif\/","og_locale":"fr_FR","og_type":"article","og_title":"Indicateur de tension capacitif","og_description":"Indicateur de tension capacitif Indicateur de tension capacitif ; il s&rsquo;agit d&rsquo;un \u00e9quipement d&rsquo;affichage professionnel utilis\u00e9 pour d\u00e9tecter de mani\u00e8re","og_url":"https:\/\/redsanstore.com\/fr\/urun\/indicateur-de-tension-capacitif\/","og_site_name":"Redsan Store","article_publisher":"https:\/\/www.facebook.com\/redsanelektronik","article_modified_time":"2026-02-23T05:56:41+00:00","og_image":[{"width":2560,"height":2560,"url":"https:\/\/redsanstore.com\/wp-content\/uploads\/2026\/02\/1024x1024-indikator-scaled.jpg","type":"image\/jpeg"}],"twitter_card":"summary_large_image","twitter_misc":{"Est. reading time":"3 minutes"},"schema":{"@context":"https:\/\/schema.org","@graph":[{"@type":"WebPage","@id":"https:\/\/redsanstore.com\/fr\/urun\/indicateur-de-tension-capacitif\/","url":"https:\/\/redsanstore.com\/fr\/urun\/indicateur-de-tension-capacitif\/","name":"Indicateur de tension capacitif - Redsan Store","isPartOf":{"@id":"https:\/\/redsanstore.com\/#website"},"primaryImageOfPage":{"@id":"https:\/\/redsanstore.com\/fr\/urun\/indicateur-de-tension-capacitif\/#primaryimage"},"image":{"@id":"https:\/\/redsanstore.com\/fr\/urun\/indicateur-de-tension-capacitif\/#primaryimage"},"thumbnailUrl":"https:\/\/redsanstore.com\/wp-content\/uploads\/2026\/02\/1024x1024-indikator-scaled.jpg","datePublished":"2026-02-04T13:12:56+00:00","dateModified":"2026-02-23T05:56:41+00:00","breadcrumb":{"@id":"https:\/\/redsanstore.com\/fr\/urun\/indicateur-de-tension-capacitif\/#breadcrumb"},"inLanguage":"fr-FR","potentialAction":[{"@type":"ReadAction","target":["https:\/\/redsanstore.com\/fr\/urun\/indicateur-de-tension-capacitif\/"]}]},{"@type":"ImageObject","inLanguage":"fr-FR","@id":"https:\/\/redsanstore.com\/fr\/urun\/indicateur-de-tension-capacitif\/#primaryimage","url":"https:\/\/redsanstore.com\/wp-content\/uploads\/2026\/02\/1024x1024-indikator-scaled.jpg","contentUrl":"https:\/\/redsanstore.com\/wp-content\/uploads\/2026\/02\/1024x1024-indikator-scaled.jpg","width":2560,"height":2560},{"@type":"BreadcrumbList","@id":"https:\/\/redsanstore.com\/fr\/urun\/indicateur-de-tension-capacitif\/#breadcrumb","itemListElement":[{"@type":"ListItem","position":1,"name":"Anasayfa","item":"https:\/\/redsanstore.com\/fr\/"},{"@type":"ListItem","position":2,"name":"Magasin","item":"https:\/\/redsanstore.com\/fr\/magasin\/"},{"@type":"ListItem","position":3,"name":"Indicateur de tension capacitif"}]},{"@type":"WebSite","@id":"https:\/\/redsanstore.com\/#website","url":"https:\/\/redsanstore.com\/","name":"Redsan Store","description":"Redres\u00f6r - Reg\u00fclat\u00f6r - UPS - Ak\u00fc","publisher":{"@id":"https:\/\/redsanstore.com\/#organization"},"alternateName":"Redres\u00f6r ve Kesintisiz G\u00fc\u00e7 Kayna\u011f\u0131 Ups","potentialAction":[{"@type":"SearchAction","target":{"@type":"EntryPoint","urlTemplate":"https:\/\/redsanstore.com\/?s={search_term_string}"},"query-input":{"@type":"PropertyValueSpecification","valueRequired":true,"valueName":"search_term_string"}}],"inLanguage":"fr-FR"},{"@type":"Organization","@id":"https:\/\/redsanstore.com\/#organization","name":"Redsan Store","alternateName":"Redres\u00f6r ve Kesintisiz G\u00fc\u00e7 Kayna\u011f\u0131 Ups","url":"https:\/\/redsanstore.com\/","logo":{"@type":"ImageObject","inLanguage":"fr-FR","@id":"https:\/\/redsanstore.com\/#\/schema\/logo\/image\/","url":"https:\/\/redsanstore.com\/wp-content\/uploads\/2024\/06\/redresor-ups-site-gorseli.jpg","contentUrl":"https:\/\/redsanstore.com\/wp-content\/uploads\/2024\/06\/redresor-ups-site-gorseli.jpg","width":1200,"height":675,"caption":"Redsan Store"},"image":{"@id":"https:\/\/redsanstore.com\/#\/schema\/logo\/image\/"},"sameAs":["https:\/\/www.facebook.com\/redsanelektronik","https:\/\/www.instagram.com\/redsanelektronik\/","https:\/\/www.linkedin.com\/company\/redsan-elektronik\/"]}]}},"_links":{"self":[{"href":"https:\/\/redsanstore.com\/fr\/wp-json\/wp\/v2\/product\/101261","targetHints":{"allow":["GET"]}}],"collection":[{"href":"https:\/\/redsanstore.com\/fr\/wp-json\/wp\/v2\/product"}],"about":[{"href":"https:\/\/redsanstore.com\/fr\/wp-json\/wp\/v2\/types\/product"}],"replies":[{"embeddable":true,"href":"https:\/\/redsanstore.com\/fr\/wp-json\/wp\/v2\/comments?post=101261"}],"version-history":[{"count":1,"href":"https:\/\/redsanstore.com\/fr\/wp-json\/wp\/v2\/product\/101261\/revisions"}],"predecessor-version":[{"id":101457,"href":"https:\/\/redsanstore.com\/fr\/wp-json\/wp\/v2\/product\/101261\/revisions\/101457"}],"wp:featuredmedia":[{"embeddable":true,"href":"https:\/\/redsanstore.com\/fr\/wp-json\/wp\/v2\/media\/101207"}],"wp:attachment":[{"href":"https:\/\/redsanstore.com\/fr\/wp-json\/wp\/v2\/media?parent=101261"}],"wp:term":[{"taxonomy":"product_brand","embeddable":true,"href":"https:\/\/redsanstore.com\/fr\/wp-json\/wp\/v2\/product_brand?post=101261"},{"taxonomy":"product_cat","embeddable":true,"href":"https:\/\/redsanstore.com\/fr\/wp-json\/wp\/v2\/product_cat?post=101261"},{"taxonomy":"product_tag","embeddable":true,"href":"https:\/\/redsanstore.com\/fr\/wp-json\/wp\/v2\/product_tag?post=101261"}],"curies":[{"name":"wp","href":"https:\/\/api.w.org\/{rel}","templated":true}]}}