{"id":100725,"date":"2022-09-19T17:50:51","date_gmt":"2022-09-19T14:50:51","guid":{"rendered":"https:\/\/redsanstore.com\/urun\/onduleur-interactif-1200-va\/"},"modified":"2026-02-27T12:28:32","modified_gmt":"2026-02-27T09:28:32","slug":"onduleur-interactif-1200-va","status":"publish","type":"product","link":"https:\/\/redsanstore.com\/fr\/urun\/onduleur-interactif-1200-va\/","title":{"rendered":"ONDULEUR INTERACTIF 1200 VA"},"content":{"rendered":"\n<table id=\"tablepress-33\" class=\"tablepress tablepress-id-33 tbody-has-connected-cells\">\n<tbody class=\"row-striping row-hover\">\n<tr class=\"row-1\">\n\t<td class=\"column-1\"><a href=\"#\">Katalog \u0130ndir<\/a><\/td><td class=\"column-2\"><\/td>\n<\/tr>\n<tr class=\"row-2\">\n\t<td colspan=\"2\" class=\"column-1\"><strong>1200 VA LINE INTERACTIVE UPS<\/strong><\/td>\n<\/tr>\n<tr class=\"row-3\">\n\t<td class=\"column-1\">Kapasite<\/td><td class=\"column-2\">: 1200 VA 720 W<\/td>\n<\/tr>\n<tr class=\"row-4\">\n\t<td class=\"column-1\"><strong>G\u0130R\u0130\u015e<\/strong><\/td><td class=\"column-2\"><\/td>\n<\/tr>\n<tr class=\"row-5\">\n\t<td class=\"column-1\">Voltaj<\/td><td class=\"column-2\">: 100 \/ 110 \/ 120 V: 80 ~ 150 Vac; 220 \/ 230 \/ 240 V: 162 ~ 295 Vac (145 ~ 295 VAC Opsiyonel)<\/td>\n<\/tr>\n<tr class=\"row-6\">\n\t<td class=\"column-1\">Frekans<\/td><td class=\"column-2\">: 50 \/ 60 Hz \u00b1 10% (otomatik alg\u0131lama)<\/td>\n<\/tr>\n<tr class=\"row-7\">\n\t<td class=\"column-1\"><strong>\u00c7IKI\u015e<\/strong><\/td><td class=\"column-2\"><\/td>\n<\/tr>\n<tr class=\"row-8\">\n\t<td class=\"column-1\">Voltaj<\/td><td class=\"column-2\">: 100 \/ 110 \/ 120 Vac \u00b1 10% or 220 \/ 230 \/ 240 Vac \u00b1 10%<\/td>\n<\/tr>\n<tr class=\"row-9\">\n\t<td class=\"column-1\">Frekans<\/td><td class=\"column-2\">: 50 \/ 60 Hz \u00b1 1% (otomatik alg\u0131lama)<\/td>\n<\/tr>\n<tr class=\"row-10\">\n\t<td class=\"column-1\">Dalga Bi\u00e7imi<\/td><td class=\"column-2\">: \u015eebeke modu: saf sin\u00fcs dalgas\u0131; Pil modu: sim\u00fcle edilmi\u015f sin\u00fcs dalgas\u0131<\/td>\n<\/tr>\n<tr class=\"row-11\">\n\t<td class=\"column-1\">Transfer S\u00fcresi<\/td><td class=\"column-2\">: Karakteristik 8 ms, 10 ms max.<\/td>\n<\/tr>\n<tr class=\"row-12\">\n\t<td class=\"column-1\"><strong>AK\u00dc<\/strong><\/td><td class=\"column-2\"><\/td>\n<\/tr>\n<tr class=\"row-13\">\n\t<td class=\"column-1\">DC VoltaJ<\/td><td class=\"column-2\">: 24 V<\/td>\n<\/tr>\n<tr class=\"row-14\">\n\t<td class=\"column-1\">Konfig\u00fcrasyon<\/td><td class=\"column-2\">: 12 V \/ 7.0 Ah \u00d7 2<\/td>\n<\/tr>\n<tr class=\"row-15\">\n\t<td class=\"column-1\">\u015earj S\u00fcresi<\/td><td class=\"column-2\">: 6 ~ 8 h<\/td>\n<\/tr>\n<tr class=\"row-16\">\n\t<td class=\"column-1\"><strong>D\u0130\u011eER<\/strong><\/td><td class=\"column-2\"><\/td>\n<\/tr>\n<tr class=\"row-17\">\n\t<td class=\"column-1\">Koruma<\/td><td class=\"column-2\">: K\u0131sa Devre- Ak\u00fc A\u015f\u0131r\u0131 \u015earj- A\u015f\u0131r\u0131 De\u015farj- A\u015f\u0131r\u0131 Y\u00fck<\/td>\n<\/tr>\n<tr class=\"row-18\">\n\t<td class=\"column-1\">Ba\u011flant\u0131lar<\/td><td class=\"column-2\">: USB \/ RS232\u00a0 (opsiyonel)<\/td>\n<\/tr>\n<tr class=\"row-19\">\n\t<td class=\"column-1\">Nem Aral\u0131\u011f\u0131<\/td><td class=\"column-2\">: 20 ~ 90% RH @ 0 ~ 40\u2103<\/td>\n<\/tr>\n<tr class=\"row-20\">\n\t<td class=\"column-1\">G\u00fcr\u00fclt\u00fc Seviyesi<\/td><td class=\"column-2\">: \u2264 45 dB (1 m)<\/td>\n<\/tr>\n<\/tbody>\n<\/table>\n<!-- #tablepress-33 from cache -->\n<h2 style=\"color: #8b2533;\"><strong>1200 VA Line-Interactive UPS Qu&rsquo;est-ce que c&rsquo;est ?<\/strong><\/h2>\n<p>L&rsquo;onduleur interactif 1200 VA est une solution de protection \u00e9lectrique puissante con\u00e7ue pour les bureaux de taille moyenne, les bureaux \u00e0 domicile et les petites applications professionnelles critiques. La technologie Line-Interactive d\u00e9tecte et r\u00e9gule automatiquement les fluctuations de tension du r\u00e9seau et fournit une alimentation par batterie aux appareils connect\u00e9s en cas de coupures de courant de courte dur\u00e9e. Cela permet de prot\u00e9ger vos appareils, d&rsquo;\u00e9viter toute perte de donn\u00e9es et d&rsquo;assurer la continuit\u00e9 de vos activit\u00e9s.  <\/p>\n<p>Les onduleurs interactifs sont plus \u00e9conomiques que les onduleurs en ligne, mais ils offrent une r\u00e9gulation de tension et une protection efficace contre les coupures de courant de courte dur\u00e9e. Avec une capacit\u00e9 de 1 200 VA, ils prennent en charge davantage d&rsquo;appareils et fournissent une alimentation fiable \u00e0 une large gamme d&rsquo;appareils. <\/p>\n<h2 style=\"color: #8b2533;\"><strong>Caract\u00e9ristiques techniques<\/strong><\/h2>\n<ul>\n<li><strong>Capacit\u00e9 \u00e9lectrique :<\/strong> 1200 VA \/ Environ 720 \u2013 840 W<\/li>\n<li><strong>Technologie Line-Interactive :<\/strong> R\u00e9gulation de tension et assistance batterie en cas de coupures courtes<\/li>\n<li>Forme d&rsquo;onde de sortie : onde sinuso\u00efdale simul\u00e9e ou onde sinuso\u00efdale pure (selon les sp\u00e9cifications du mod\u00e8le)<\/li>\n<li><strong>Tol\u00e9rance de tension d&rsquo;entr\u00e9e :<\/strong> Fonctionnement stable malgr\u00e9 les fluctuations du r\u00e9seau \u00e9lectrique<\/li>\n<li><strong>Batterie :<\/strong> Batterie s\u00e8che sans entretien<\/li>\n<li><strong>Indicateur :<\/strong> Suivi de l&rsquo;\u00e9tat de la batterie et de la charge via un panneau LED ou LCD<\/li>\n<li><strong>Connexion :<\/strong> Port USB ou RS232 (sur certains mod\u00e8les)<\/li>\n<\/ul>\n<h2 style=\"color: #8b2533;\"><strong>Avantages de la technologie UPS interactive en ligne<\/strong><\/h2>\n<p>Les onduleurs interactifs d\u00e9tectent les fluctuations de tension du r\u00e9seau et assurent une r\u00e9gulation automatique de la tension. Ainsi, vos appareils connect\u00e9s continuent de fonctionner sans \u00eatre affect\u00e9s par les surtensions, les sous-tensions ou les coupures de courant de courte dur\u00e9e. Avec une capacit\u00e9 de 1 200 VA, ils fournissent une puissance suffisante pour les petits \u00e9quipements de bureau et les syst\u00e8mes de bureau \u00e0 domicile, et peuvent prendre en charge plusieurs appareils simultan\u00e9ment.  <\/p>\n<p>Gr\u00e2ce \u00e0 cet onduleur, vous pouvez \u00e9teindre vos syst\u00e8mes de mani\u00e8re contr\u00f4l\u00e9e ou poursuivre vos activit\u00e9s sans perdre vos donn\u00e9es en cas de coupures de courant de courte dur\u00e9e.<\/p>\n<h2 style=\"color: #8b2533;\"><strong>Pour quels appareils est-il adapt\u00e9 ?<\/strong><\/h2>\n<ul>\n<li>Ordinateurs et ordinateurs portables<\/li>\n<li>Modems et routeurs<\/li>\n<li>Imprimantes pour petites et moyennes entreprises<\/li>\n<li>POS et petit mat\u00e9riel de bureau<\/li>\n<li>Petites cam\u00e9ras de s\u00e9curit\u00e9<\/li>\n<li>Projecteurs et syst\u00e8mes multim\u00e9dias pour le bureau \u00e0 domicile<\/li>\n<\/ul>\n<h2 style=\"color: #8b2533;\"><strong>Avantages offerts par l&rsquo;onduleur 1200 VA<\/strong><\/h2>\n<ul>\n<li><strong>S\u00e9curit\u00e9 des donn\u00e9es :<\/strong> Vous aide \u00e0 \u00e9teindre votre syst\u00e8me de mani\u00e8re contr\u00f4l\u00e9e en cas de coupure de courant et emp\u00eache la perte de donn\u00e9es.<\/li>\n<li><strong>Protection \u00e9nerg\u00e9tique :<\/strong> Prot\u00e8ge vos appareils contre les fluctuations de tension et maintient leur performance \u00e0 un niveau stable.<\/li>\n<li><strong>Facilit\u00e9 d&rsquo;utilisation :<\/strong> Gr\u00e2ce \u00e0 sa conception plug-and-play, son installation et son utilisation sont tr\u00e8s simples.<\/li>\n<li><strong>Large support :<\/strong> Permet de prot\u00e9ger plusieurs appareils simultan\u00e9ment gr\u00e2ce \u00e0 une capacit\u00e9 de 1 200 VA.<\/li>\n<\/ul>\n<h2 style=\"color: #8b2533;\"><strong>Facilit\u00e9 d&rsquo;installation et d&rsquo;utilisation<\/strong><\/h2>\n<p>L&rsquo;onduleur interactif 1200 VA, gr\u00e2ce \u00e0 son design compact et robuste, peut \u00eatre facilement install\u00e9 sur un bureau ou dans des espaces techniques. L&rsquo;\u00e9tat de la batterie, le niveau de charge et les alertes instantan\u00e9es peuvent \u00eatre facilement suivis via le panneau LED ou LCD. <\/p>\n<p>Certains mod\u00e8les prennent en charge les connexions USB ou RS232, ce qui permet de surveiller l&rsquo;\u00e9tat de l&rsquo;onduleur depuis un ordinateur et d&rsquo;activer la fonction d&rsquo;arr\u00eat automatique s\u00e9curis\u00e9 en cas de probl\u00e8me d&rsquo;alimentation.<\/p>\n<h2 style=\"color: #8b2533;\"><strong>Pourquoi choisir un onduleur interactif 1200 VA ?<\/strong><\/h2>\n<p>Elektrik kesintileri, voltaj dalgalanmalar\u0131 ve \u015febeke problemleri cihaz ar\u0131zalar\u0131na, veri kayb\u0131na ve i\u015f kesintilerine neden olabilir. 1200 VA Line-Interactive UPS, uygun maliyeti, g\u00fc\u00e7l\u00fc koruma \u00f6zellikleri ve y\u00fcksek kapasitesi ile ev ofis kullan\u0131c\u0131lar\u0131, k\u00fc\u00e7\u00fck i\u015fletmeler ve orta \u00f6l\u00e7ekli ekipmanlar i\u00e7in ideal bir g\u00fc\u00e7 kayna\u011f\u0131 \u00e7\u00f6z\u00fcm\u00fcd\u00fcr. <\/p>\n<p>Cet onduleur prot\u00e8ge vos appareils, vous permet de continuer \u00e0 travailler sans interruption en cas de coupures de courant de courte dur\u00e9e et vous pr\u00e9pare aux probl\u00e8mes d&rsquo;alimentation \u00e9lectrique pouvant survenir au quotidien.<\/p>\n","protected":false},"excerpt":{"rendered":"<p><a href=\"https:\/\/redsanstore.com\/wp-content\/uploads\/2022\/09\/Varlik-1.png\"><img decoding=\"async\" class=\"wp-image-93650 alignnone\" src=\"https:\/\/redsanstore.com\/wp-content\/uploads\/2022\/09\/Varlik-1.png\" alt=\"\" width=\"209\" height=\"37\" srcset=\"https:\/\/redsanstore.com\/wp-content\/uploads\/2022\/09\/Varlik-1.png 361w, https:\/\/redsanstore.com\/wp-content\/uploads\/2022\/09\/Varlik-1-300x53.png 300w, https:\/\/redsanstore.com\/wp-content\/uploads\/2022\/09\/Varlik-1-150x27.png 150w\" sizes=\"(max-width: 209px) 100vw, 209px\" \/><\/a><\/p>\n<div class=\"woocommerce-product-details__short-description\">\n<p>Le produit sera exp\u00e9di\u00e9 sous 1 \u00e0 3 jours ouvr\u00e9s.<\/p>\n<\/div>\n","protected":false},"featured_media":100723,"comment_status":"open","ping_status":"closed","template":"","meta":[],"product_brand":[],"product_cat":[625],"product_tag":[],"class_list":{"0":"post-100725","1":"product","2":"type-product","3":"status-publish","4":"has-post-thumbnail","6":"product_cat-onduleur-interactif-400-2000-va","8":"first","9":"outofstock","10":"taxable","11":"shipping-taxable","12":"purchasable","13":"product-type-simple"},"yoast_head":"<!-- This site is optimized with the Yoast SEO Premium plugin v25.8 (Yoast SEO v25.9) - https:\/\/yoast.com\/wordpress\/plugins\/seo\/ -->\n<title>ONDULEUR INTERACTIF 1200 VA - Redsan Store<\/title>\n<meta name=\"robots\" content=\"index, follow, max-snippet:-1, max-image-preview:large, max-video-preview:-1\" \/>\n<link rel=\"canonical\" href=\"https:\/\/redsanstore.com\/fr\/urun\/onduleur-interactif-1200-va\/\" \/>\n<meta property=\"og:locale\" content=\"fr_FR\" \/>\n<meta property=\"og:type\" content=\"article\" \/>\n<meta property=\"og:title\" content=\"ONDULEUR INTERACTIF 1200 VA\" \/>\n<meta property=\"og:description\" content=\"Le produit sera exp\u00e9di\u00e9 sous 1 \u00e0 3 jours ouvr\u00e9s.\" \/>\n<meta property=\"og:url\" content=\"https:\/\/redsanstore.com\/fr\/urun\/onduleur-interactif-1200-va\/\" \/>\n<meta property=\"og:site_name\" content=\"Redsan Store\" \/>\n<meta property=\"article:publisher\" content=\"https:\/\/www.facebook.com\/redsanelektronik\" \/>\n<meta property=\"article:modified_time\" content=\"2026-02-27T09:28:32+00:00\" \/>\n<meta property=\"og:image\" content=\"https:\/\/redsanstore.com\/wp-content\/uploads\/2022\/09\/400-800-600.jpg\" \/>\n\t<meta property=\"og:image:width\" content=\"1440\" \/>\n\t<meta property=\"og:image:height\" content=\"1080\" \/>\n\t<meta property=\"og:image:type\" content=\"image\/jpeg\" \/>\n<meta name=\"twitter:card\" content=\"summary_large_image\" \/>\n<meta name=\"twitter:label1\" content=\"Est. reading time\" \/>\n\t<meta name=\"twitter:data1\" content=\"3 minutes\" \/>\n<script type=\"application\/ld+json\" class=\"yoast-schema-graph\">{\"@context\":\"https:\/\/schema.org\",\"@graph\":[{\"@type\":\"WebPage\",\"@id\":\"https:\/\/redsanstore.com\/fr\/urun\/onduleur-interactif-1200-va\/\",\"url\":\"https:\/\/redsanstore.com\/fr\/urun\/onduleur-interactif-1200-va\/\",\"name\":\"ONDULEUR INTERACTIF 1200 VA - Redsan Store\",\"isPartOf\":{\"@id\":\"https:\/\/redsanstore.com\/#website\"},\"primaryImageOfPage\":{\"@id\":\"https:\/\/redsanstore.com\/fr\/urun\/onduleur-interactif-1200-va\/#primaryimage\"},\"image\":{\"@id\":\"https:\/\/redsanstore.com\/fr\/urun\/onduleur-interactif-1200-va\/#primaryimage\"},\"thumbnailUrl\":\"https:\/\/redsanstore.com\/wp-content\/uploads\/2022\/09\/400-800-600.jpg\",\"datePublished\":\"2022-09-19T14:50:51+00:00\",\"dateModified\":\"2026-02-27T09:28:32+00:00\",\"breadcrumb\":{\"@id\":\"https:\/\/redsanstore.com\/fr\/urun\/onduleur-interactif-1200-va\/#breadcrumb\"},\"inLanguage\":\"fr-FR\",\"potentialAction\":[{\"@type\":\"ReadAction\",\"target\":[\"https:\/\/redsanstore.com\/fr\/urun\/onduleur-interactif-1200-va\/\"]}]},{\"@type\":\"ImageObject\",\"inLanguage\":\"fr-FR\",\"@id\":\"https:\/\/redsanstore.com\/fr\/urun\/onduleur-interactif-1200-va\/#primaryimage\",\"url\":\"https:\/\/redsanstore.com\/wp-content\/uploads\/2022\/09\/400-800-600.jpg\",\"contentUrl\":\"https:\/\/redsanstore.com\/wp-content\/uploads\/2022\/09\/400-800-600.jpg\",\"width\":1440,\"height\":1080,\"caption\":\"onduleurs interactifs\"},{\"@type\":\"BreadcrumbList\",\"@id\":\"https:\/\/redsanstore.com\/fr\/urun\/onduleur-interactif-1200-va\/#breadcrumb\",\"itemListElement\":[{\"@type\":\"ListItem\",\"position\":1,\"name\":\"Anasayfa\",\"item\":\"https:\/\/redsanstore.com\/fr\/\"},{\"@type\":\"ListItem\",\"position\":2,\"name\":\"Magasin\",\"item\":\"https:\/\/redsanstore.com\/fr\/magasin\/\"},{\"@type\":\"ListItem\",\"position\":3,\"name\":\"ONDULEUR INTERACTIF 1200 VA\"}]},{\"@type\":\"WebSite\",\"@id\":\"https:\/\/redsanstore.com\/#website\",\"url\":\"https:\/\/redsanstore.com\/\",\"name\":\"Redsan Store\",\"description\":\"Redres\u00f6r - Reg\u00fclat\u00f6r - UPS - Ak\u00fc\",\"publisher\":{\"@id\":\"https:\/\/redsanstore.com\/#organization\"},\"alternateName\":\"Redres\u00f6r ve Kesintisiz G\u00fc\u00e7 Kayna\u011f\u0131 Ups\",\"potentialAction\":[{\"@type\":\"SearchAction\",\"target\":{\"@type\":\"EntryPoint\",\"urlTemplate\":\"https:\/\/redsanstore.com\/?s={search_term_string}\"},\"query-input\":{\"@type\":\"PropertyValueSpecification\",\"valueRequired\":true,\"valueName\":\"search_term_string\"}}],\"inLanguage\":\"fr-FR\"},{\"@type\":\"Organization\",\"@id\":\"https:\/\/redsanstore.com\/#organization\",\"name\":\"Redsan Store\",\"alternateName\":\"Redres\u00f6r ve Kesintisiz G\u00fc\u00e7 Kayna\u011f\u0131 Ups\",\"url\":\"https:\/\/redsanstore.com\/\",\"logo\":{\"@type\":\"ImageObject\",\"inLanguage\":\"fr-FR\",\"@id\":\"https:\/\/redsanstore.com\/#\/schema\/logo\/image\/\",\"url\":\"https:\/\/redsanstore.com\/wp-content\/uploads\/2024\/06\/redresor-ups-site-gorseli.jpg\",\"contentUrl\":\"https:\/\/redsanstore.com\/wp-content\/uploads\/2024\/06\/redresor-ups-site-gorseli.jpg\",\"width\":1200,\"height\":675,\"caption\":\"Redsan Store\"},\"image\":{\"@id\":\"https:\/\/redsanstore.com\/#\/schema\/logo\/image\/\"},\"sameAs\":[\"https:\/\/www.facebook.com\/redsanelektronik\",\"https:\/\/www.instagram.com\/redsanelektronik\/\",\"https:\/\/www.linkedin.com\/company\/redsan-elektronik\/\"]}]}<\/script>\n<!-- \/ Yoast SEO Premium plugin. -->","yoast_head_json":{"title":"ONDULEUR INTERACTIF 1200 VA - Redsan Store","robots":{"index":"index","follow":"follow","max-snippet":"max-snippet:-1","max-image-preview":"max-image-preview:large","max-video-preview":"max-video-preview:-1"},"canonical":"https:\/\/redsanstore.com\/fr\/urun\/onduleur-interactif-1200-va\/","og_locale":"fr_FR","og_type":"article","og_title":"ONDULEUR INTERACTIF 1200 VA","og_description":"Le produit sera exp\u00e9di\u00e9 sous 1 \u00e0 3 jours ouvr\u00e9s.","og_url":"https:\/\/redsanstore.com\/fr\/urun\/onduleur-interactif-1200-va\/","og_site_name":"Redsan Store","article_publisher":"https:\/\/www.facebook.com\/redsanelektronik","article_modified_time":"2026-02-27T09:28:32+00:00","og_image":[{"width":1440,"height":1080,"url":"https:\/\/redsanstore.com\/wp-content\/uploads\/2022\/09\/400-800-600.jpg","type":"image\/jpeg"}],"twitter_card":"summary_large_image","twitter_misc":{"Est. reading time":"3 minutes"},"schema":{"@context":"https:\/\/schema.org","@graph":[{"@type":"WebPage","@id":"https:\/\/redsanstore.com\/fr\/urun\/onduleur-interactif-1200-va\/","url":"https:\/\/redsanstore.com\/fr\/urun\/onduleur-interactif-1200-va\/","name":"ONDULEUR INTERACTIF 1200 VA - Redsan Store","isPartOf":{"@id":"https:\/\/redsanstore.com\/#website"},"primaryImageOfPage":{"@id":"https:\/\/redsanstore.com\/fr\/urun\/onduleur-interactif-1200-va\/#primaryimage"},"image":{"@id":"https:\/\/redsanstore.com\/fr\/urun\/onduleur-interactif-1200-va\/#primaryimage"},"thumbnailUrl":"https:\/\/redsanstore.com\/wp-content\/uploads\/2022\/09\/400-800-600.jpg","datePublished":"2022-09-19T14:50:51+00:00","dateModified":"2026-02-27T09:28:32+00:00","breadcrumb":{"@id":"https:\/\/redsanstore.com\/fr\/urun\/onduleur-interactif-1200-va\/#breadcrumb"},"inLanguage":"fr-FR","potentialAction":[{"@type":"ReadAction","target":["https:\/\/redsanstore.com\/fr\/urun\/onduleur-interactif-1200-va\/"]}]},{"@type":"ImageObject","inLanguage":"fr-FR","@id":"https:\/\/redsanstore.com\/fr\/urun\/onduleur-interactif-1200-va\/#primaryimage","url":"https:\/\/redsanstore.com\/wp-content\/uploads\/2022\/09\/400-800-600.jpg","contentUrl":"https:\/\/redsanstore.com\/wp-content\/uploads\/2022\/09\/400-800-600.jpg","width":1440,"height":1080,"caption":"onduleurs interactifs"},{"@type":"BreadcrumbList","@id":"https:\/\/redsanstore.com\/fr\/urun\/onduleur-interactif-1200-va\/#breadcrumb","itemListElement":[{"@type":"ListItem","position":1,"name":"Anasayfa","item":"https:\/\/redsanstore.com\/fr\/"},{"@type":"ListItem","position":2,"name":"Magasin","item":"https:\/\/redsanstore.com\/fr\/magasin\/"},{"@type":"ListItem","position":3,"name":"ONDULEUR INTERACTIF 1200 VA"}]},{"@type":"WebSite","@id":"https:\/\/redsanstore.com\/#website","url":"https:\/\/redsanstore.com\/","name":"Redsan Store","description":"Redres\u00f6r - Reg\u00fclat\u00f6r - UPS - Ak\u00fc","publisher":{"@id":"https:\/\/redsanstore.com\/#organization"},"alternateName":"Redres\u00f6r ve Kesintisiz G\u00fc\u00e7 Kayna\u011f\u0131 Ups","potentialAction":[{"@type":"SearchAction","target":{"@type":"EntryPoint","urlTemplate":"https:\/\/redsanstore.com\/?s={search_term_string}"},"query-input":{"@type":"PropertyValueSpecification","valueRequired":true,"valueName":"search_term_string"}}],"inLanguage":"fr-FR"},{"@type":"Organization","@id":"https:\/\/redsanstore.com\/#organization","name":"Redsan Store","alternateName":"Redres\u00f6r ve Kesintisiz G\u00fc\u00e7 Kayna\u011f\u0131 Ups","url":"https:\/\/redsanstore.com\/","logo":{"@type":"ImageObject","inLanguage":"fr-FR","@id":"https:\/\/redsanstore.com\/#\/schema\/logo\/image\/","url":"https:\/\/redsanstore.com\/wp-content\/uploads\/2024\/06\/redresor-ups-site-gorseli.jpg","contentUrl":"https:\/\/redsanstore.com\/wp-content\/uploads\/2024\/06\/redresor-ups-site-gorseli.jpg","width":1200,"height":675,"caption":"Redsan Store"},"image":{"@id":"https:\/\/redsanstore.com\/#\/schema\/logo\/image\/"},"sameAs":["https:\/\/www.facebook.com\/redsanelektronik","https:\/\/www.instagram.com\/redsanelektronik\/","https:\/\/www.linkedin.com\/company\/redsan-elektronik\/"]}]}},"_links":{"self":[{"href":"https:\/\/redsanstore.com\/fr\/wp-json\/wp\/v2\/product\/100725","targetHints":{"allow":["GET"]}}],"collection":[{"href":"https:\/\/redsanstore.com\/fr\/wp-json\/wp\/v2\/product"}],"about":[{"href":"https:\/\/redsanstore.com\/fr\/wp-json\/wp\/v2\/types\/product"}],"replies":[{"embeddable":true,"href":"https:\/\/redsanstore.com\/fr\/wp-json\/wp\/v2\/comments?post=100725"}],"version-history":[{"count":1,"href":"https:\/\/redsanstore.com\/fr\/wp-json\/wp\/v2\/product\/100725\/revisions"}],"predecessor-version":[{"id":101625,"href":"https:\/\/redsanstore.com\/fr\/wp-json\/wp\/v2\/product\/100725\/revisions\/101625"}],"wp:featuredmedia":[{"embeddable":true,"href":"https:\/\/redsanstore.com\/fr\/wp-json\/wp\/v2\/media\/100723"}],"wp:attachment":[{"href":"https:\/\/redsanstore.com\/fr\/wp-json\/wp\/v2\/media?parent=100725"}],"wp:term":[{"taxonomy":"product_brand","embeddable":true,"href":"https:\/\/redsanstore.com\/fr\/wp-json\/wp\/v2\/product_brand?post=100725"},{"taxonomy":"product_cat","embeddable":true,"href":"https:\/\/redsanstore.com\/fr\/wp-json\/wp\/v2\/product_cat?post=100725"},{"taxonomy":"product_tag","embeddable":true,"href":"https:\/\/redsanstore.com\/fr\/wp-json\/wp\/v2\/product_tag?post=100725"}],"curies":[{"name":"wp","href":"https:\/\/api.w.org\/{rel}","templated":true}]}}