{"id":100662,"date":"2022-09-26T17:51:14","date_gmt":"2022-09-26T14:51:14","guid":{"rendered":"https:\/\/redsanstore.com\/urun\/220-110v-dc-7-ahr-5a-redresor\/"},"modified":"2026-02-26T11:39:35","modified_gmt":"2026-02-26T08:39:35","slug":"220-110v-dc-7-ahr-5a-redresor","status":"publish","type":"product","link":"https:\/\/redsanstore.com\/fr\/urun\/220-110v-dc-7-ahr-5a-redresor\/","title":{"rendered":"220-110V DC \u2013 7 Ahr \/ 5A REDRES\u00d6R"},"content":{"rendered":"\t\t<div data-elementor-type=\"product-post\" data-elementor-id=\"100662\" class=\"elementor elementor-100662 elementor-84990\" data-elementor-post-type=\"product\">\n\t\t\t\t\t\t<section class=\"wd-negative-gap elementor-section elementor-top-section elementor-element elementor-element-528dad42 elementor-section-boxed elementor-section-height-default elementor-section-height-default\" data-id=\"528dad42\" data-element_type=\"section\" data-settings=\"{&quot;jet_parallax_layout_list&quot;:[]}\">\n\t\t\t\t\t\t<div class=\"elementor-container elementor-column-gap-default\">\n\t\t\t\t\t<div class=\"elementor-column elementor-col-100 elementor-top-column elementor-element elementor-element-3b57fe19\" data-id=\"3b57fe19\" data-element_type=\"column\">\n\t\t\t<div class=\"elementor-widget-wrap elementor-element-populated\">\n\t\t\t\t\t\t<div class=\"elementor-element elementor-element-781570e9 color-scheme-inherit text-left elementor-widget elementor-widget-text-editor\" data-id=\"781570e9\" data-element_type=\"widget\" data-widget_type=\"text-editor.default\">\n\t\t\t\t<div class=\"elementor-widget-container\">\n\t\t\t\t\t\t\t\t\t<a class=\"aciklama-pdf button product_type_simple add-to-cart-loop\" href=\"https:\/\/redsanstore.com\/wp-content\/uploads\/2022\/11\/110VDC-7Ah-5A.pdf\" download=\"\">T\u00e9l\u00e9charger la d\u00e9claration au format PDF<\/a>\r\n<table border=\"0\" width=\"710\" cellspacing=\"0\" cellpadding=\"0\"><colgroup> <col span=\"10\" width=\"71\"><\/colgroup>\r\n<tbody>\r\n<tr>\r\n<td class=\"xl69\" colspan=\"5\" width=\"355\" height=\"20\">Tension nominale<\/td><td class=\"xl69\" colspan=\"5\" width=\"355\"> 230 V CA ( \u00b120 %)<\/td>\r\n<\/tr>\r\n<tr>\r\n<td class=\"xl69\" colspan=\"5\" height=\"20\">Fr\u00e9quence<\/td><td class=\"xl69\" colspan=\"5\"> 50 Hz (\u00b15 %)<\/td>\r\n<\/tr>\r\n<tr>\r\n<td class=\"xl69\" colspan=\"5\" height=\"20\">Puissance d&rsquo;entr\u00e9e<\/td> <td class=\"xl69\" colspan=\"5\">1000 VA<\/td>\r\n<\/tr>\r\n<tr>\r\n<td class=\"xl69\" colspan=\"5\" height=\"20\">Facteur de puissance<\/td> <td class=\"xl69\" colspan=\"5\">&lt; 0 &gt;&gt;<\/td>\r\n<\/tr>\r\n<tr>\r\n<td class=\"xl69\" colspan=\"5\" height=\"20\">Tension de sortie<\/td> <td class=\"xl69\" colspan=\"5\">122 V CC<\/td>\r\n<\/tr>\r\n<tr>\r\n<td class=\"xl69\" colspan=\"5\" height=\"20\">Tension r\u00e9glable<\/td> <td class=\"xl69\" colspan=\"5\">110-132 V CC (par paliers de 1 V)<\/td>\r\n<\/tr>\r\n<tr>\r\n<td class=\"xl69\" colspan=\"5\" height=\"20\">Courant de <\/td><td class=\"xl69\" colspan=\"5\">sortie 5 A<\/td>\r\n<\/tr>\r\n<tr>\r\n<td class=\"xl69\" colspan=\"5\" height=\"20\">Courant de sortie r\u00e9glable<\/td> <td class=\"xl69\" colspan=\"5\">1-5 A<\/td>\r\n<\/tr>\r\n<tr>\r\n<td class=\"xl69\" colspan=\"5\" height=\"20\">Puissance de sortie<\/td> <td class=\"xl69\" colspan=\"5\">700 W (max)<\/td>\r\n<\/tr>\r\n<tr>\r\n<td class=\"xl69\" colspan=\"5\" height=\"20\">Technologie de contr\u00f4le de puissance Redresseur <\/td><td class=\"xl69\" colspan=\"5\">\u00e0 thyristor avec transformateur d&rsquo;isolation<\/td>\r\n<\/tr>\r\n<tr>\r\n<td class=\"xl69\" colspan=\"5\" height=\"20\">Rendement \u02c3<\/td><td class=\"xl69\" colspan=\"5\">75 %<\/td>\r\n<\/tr>\r\n<tr>\r\n<td class=\"xl69\" colspan=\"5\" height=\"20\">Refroidissement<\/td>\r\n<td class=\"xl69\" colspan=\"5\">AL. DISSIPATEUR THERMIQUEv <\/td>\r\n<\/tr>\r\n<tr>\r\n<td class=\"xl69\" colspan=\"5\" height=\"20\">Isolation<\/td> <td class=\"xl69\" colspan=\"5\">2 kV\/1 min (entr\u00e9e-sortie, entr\u00e9e-corps, sortie-corps)<\/td>\r\n<\/tr>\r\n<tr>\r\n<td class=\"xl69\" colspan=\"5\" height=\"20\">Groupe de batteries<\/td><td class=\"xl69\" colspan=\"5\"> 7Ahr<\/td>\r\n<\/tr>\r\n<tr>\r\n<td class=\"xl68\" colspan=\"5\" width=\"355\" height=\"60\">Param\u00e8tres affich\u00e9s sur<\/td><td class=\"xl65\" colspan=\"5\" width=\"355\"> l&rsquo;\u00e9cran principal Tension et courant de sortie<\/td> Fuite positive et n\u00e9gative CC Surcharge\r\n<\/tr>\r\n<\/tbody>\r\n<\/table>\t\t\t\t\t\t\t\t<\/div>\n\t\t\t\t<\/div>\n\t\t\t\t<div class=\"elementor-element elementor-element-318e908 elementor-widget__width-initial color-scheme-inherit text-left elementor-widget elementor-widget-text-editor\" data-id=\"318e908\" data-element_type=\"widget\" data-widget_type=\"text-editor.default\">\n\t\t\t\t<div class=\"elementor-widget-container\">\n\t\t\t\t\t\t\t\t\t<h2 style=\"color: #8b2533;\"><strong style=\"font-family: Inter, Arial, Helvetica, sans-serif; font-size: 22px; font-style: normal; background-color: transparent;\">G\u00e9n\u00e9ralit\u00e9s D\u00e9finition<\/strong><\/h2>\n<p>220-110 V CC \u2013 7 Ahr \/ 5 A Le redresseur convertit la tension secteur 220 V CA en courant continu stable et r\u00e9gul\u00e9 de 110 V CC, fournissant ainsi une \u00e9nergie s\u00fbre et stable pour les syst\u00e8mes CC de petite capacit\u00e9. Avec un courant de sortie de 5 amp\u00e8res, il fonctionne avec des groupes de batteries de 7 Ahr et cr\u00e9e une infrastructure d&rsquo;\u00e9nergie ininterrompue pour les applications \u00e0 faible consommation d&rsquo;\u00e9nergie. <\/p>\n<p>Gr\u00e2ce \u00e0 sa structure compacte, son rendement \u00e9lev\u00e9 et ses syst\u00e8mes de protection int\u00e9gr\u00e9s, il s&rsquo;agit d&rsquo;une solution d&rsquo;alimentation \u00e9lectrique qui peut \u00eatre choisie en toute confiance pour les projets industriels et techniques.<\/p>\n<h3 style=\"color: #8b2533;\"><strong>Caract\u00e9ristiques techniques<\/strong><\/h3>\n<ul>\n<li><strong>Tension d&rsquo;entr\u00e9e :<\/strong> 220 V CA<\/li>\n<li><strong>Tension de sortie :<\/strong> 110 V CC (stable et r\u00e9gul\u00e9e)<\/li>\n<li><strong>Courant de sortie :<\/strong> 5 A<\/li>\n<li><strong>Compatibilit\u00e9 batterie :<\/strong> 7 Ahr<\/li>\n<li><strong>Syst\u00e8me de charge :<\/strong> Circuit automatique de charge et de protection de la batterie<\/li>\n<li><strong>Protection :<\/strong> Protection contre les surcharges, les courts-circuits, les connexions invers\u00e9es et les surtensions<\/li>\n<li><strong>Refroidissement :<\/strong> Naturel ou ventilateur assist\u00e9 refroidissement (selon le mod\u00e8le)<\/li>\n<li><strong>Indicateur :<\/strong> LED \u00e9tat indicateurs<\/li>\n<\/ul>\n<h3 style=\"color: #8b2533;\"><strong>Sortie d&rsquo;\u00e9nergie stable de 110 V CC<\/strong><\/h3>\n<p>Les syst\u00e8mes 110 V CC sont couramment utilis\u00e9s dans les panneaux de commande, les unit\u00e9s de signalisation, les petits syst\u00e8mes d&rsquo;automatisation et les appareils de communication. Ce mod\u00e8le de redresseur garantit le fonctionnement s\u00fbr des appareils sensibles gr\u00e2ce \u00e0 son faible taux d&rsquo;ondulation. <\/p>\n<p>Gr\u00e2ce \u00e0 sa sortie r\u00e9gul\u00e9e, il fournit un flux d&rsquo;\u00e9nergie constant sans \u00eatre affect\u00e9 par les variations de tension et pr\u00e9serve les performances des \u00e9quipements connect\u00e9s.<\/p>\n<h3 style=\"color: #8b2533;\"><strong>Syst\u00e8me de secours aliment\u00e9 par batterie<\/strong><\/h3>\n<p>Le syst\u00e8me, compatible avec une batterie de 7 Ahr, recharge la batterie de mani\u00e8re contr\u00f4l\u00e9e lorsque le r\u00e9seau est disponible. En cas de coupure de courant, la batterie prend le relais et permet aux appareils connect\u00e9s de continuer \u00e0 fonctionner. <\/p>\n<p>Le contr\u00f4le intelligent de la charge pr\u00e9serve la dur\u00e9e de vie de la batterie et minimise les risques de surcharge et de d\u00e9charge profonde.<\/p>\n<h3 style=\"color: #8b2533;\"><strong>S\u00e9curit\u00e9 et durabilit\u00e9<\/strong><\/h3>\n<p>Gr\u00e2ce aux circuits de protection int\u00e9gr\u00e9s, le syst\u00e8me passe automatiquement en mode protection en cas de court-circuit, de surcharge ou de connexion inverse. Cela permet de prot\u00e9ger \u00e0 la fois le redresseur et les appareils connect\u00e9s. <\/p>\n<p>Solide corps structure et composants \u00e9lectroniques de qualit\u00e9 gr\u00e2ce \u00e0 composants \u00e9lectroniques gr\u00e2ce \u00e0 longue a9&gt; dur\u00e9e de vie et stable fonctionnement performances offre.<\/p>\n<h3 style=\"color: #8b2533;\"><strong>Domaines d&rsquo;utilisation<\/strong><\/h3>\n<ul>\n<li>Petits panneaux de commande et de contr\u00f4le<\/li>\n<li>Syst\u00e8mes d&rsquo;alarme et de s\u00e9curit\u00e9<\/li>\n<li>\u00c9quipements de t\u00e9l\u00e9communication<\/li>\n<li>Syst\u00e8mes de signalisation<\/li>\n<li>Applications d&rsquo;automatisation industrielle<\/li>\n<li>Solutions d&rsquo;alimentation CC pour les situations d&rsquo;urgence<\/li>\n<\/ul>\n<h3 style=\"color: #8b2533;\"><strong>Pourquoi un redresseur 220-110 V CC \u2013 7 Ahr \/ 5 A ?<\/strong><\/h3>\n<p>Faible courant n\u00e9cessitant DC syst\u00e8mes pour \u00e9conomique, s\u00fbre et stable une solution \u00e9nerg\u00e9tique offre. 5A puissance de sortie et 7 Ahr batterie compatibilit\u00e9 avec petits a21&gt; \u00e0 petite \u00e9chelle projets pour id\u00e9al un redresseur mod\u00e8le. Compact design et hautes normes de s\u00e9curit\u00e9 avec longue a35&gt; longue dur\u00e9e de vie avantage offre.  <\/p>\t\t\t\t\t\t\t\t<\/div>\n\t\t\t\t<\/div>\n\t\t\t\t\t<\/div>\n\t\t<\/div>\n\t\t\t\t\t<\/div>\n\t\t<\/section>\n\t\t\t\t<\/div>\n\t\t","protected":false},"excerpt":{"rendered":"<p><a href=\"https:\/\/redsanstore.com\/wp-content\/uploads\/2022\/09\/Varlik-1.png\"><img decoding=\"async\" class=\"wp-image-93650 alignnone\" src=\"https:\/\/redsanstore.com\/wp-content\/uploads\/2022\/09\/Varlik-1.png\" alt=\"\" width=\"209\" height=\"37\" srcset=\"https:\/\/redsanstore.com\/wp-content\/uploads\/2022\/09\/Varlik-1.png 361w, https:\/\/redsanstore.com\/wp-content\/uploads\/2022\/09\/Varlik-1-300x53.png 300w, https:\/\/redsanstore.com\/wp-content\/uploads\/2022\/09\/Varlik-1-150x27.png 150w\" sizes=\"(max-width: 209px) 100vw, 209px\" \/><\/a><\/p>\n<div class=\"woocommerce-product-details__short-description\">\n<p>Le produit sera exp\u00e9di\u00e9 sous 1 \u00e0 3 jours ouvr\u00e9s.<\/p>\n<\/div>\n","protected":false},"featured_media":100671,"comment_status":"open","ping_status":"closed","template":"","meta":[],"product_brand":[],"product_cat":[623],"product_tag":[],"class_list":{"0":"post-100662","1":"product","2":"type-product","3":"status-publish","4":"has-post-thumbnail","6":"product_cat-110-vdc","8":"first","9":"instock","10":"taxable","11":"shipping-taxable","12":"purchasable","13":"product-type-simple"},"yoast_head":"<!-- This site is optimized with the Yoast SEO Premium plugin v25.8 (Yoast SEO v25.9) - https:\/\/yoast.com\/wordpress\/plugins\/seo\/ -->\n<title>220-110V DC \u2013 7 Ahr \/ 5A REDRES\u00d6R - Redsan Store<\/title>\n<meta name=\"robots\" content=\"index, follow, max-snippet:-1, max-image-preview:large, max-video-preview:-1\" \/>\n<link rel=\"canonical\" href=\"https:\/\/redsanstore.com\/fr\/urun\/220-110v-dc-7-ahr-5a-redresor\/\" \/>\n<meta property=\"og:locale\" content=\"fr_FR\" \/>\n<meta property=\"og:type\" content=\"article\" \/>\n<meta property=\"og:title\" content=\"220-110V DC \u2013 7 Ahr \/ 5A REDRES\u00d6R\" \/>\n<meta property=\"og:description\" content=\"Le produit sera exp\u00e9di\u00e9 sous 1 \u00e0 3 jours ouvr\u00e9s.\" \/>\n<meta property=\"og:url\" content=\"https:\/\/redsanstore.com\/fr\/urun\/220-110v-dc-7-ahr-5a-redresor\/\" \/>\n<meta property=\"og:site_name\" content=\"Redsan Store\" \/>\n<meta property=\"article:publisher\" content=\"https:\/\/www.facebook.com\/redsanelektronik\" \/>\n<meta property=\"article:modified_time\" content=\"2026-02-26T08:39:35+00:00\" \/>\n<meta property=\"og:image\" content=\"https:\/\/redsanstore.com\/wp-content\/uploads\/2022\/09\/220-110V-DC-7AH-5A-REDRESOR-on.jpg\" \/>\n\t<meta property=\"og:image:width\" content=\"1200\" \/>\n\t<meta property=\"og:image:height\" content=\"1200\" \/>\n\t<meta property=\"og:image:type\" content=\"image\/jpeg\" \/>\n<meta name=\"twitter:card\" content=\"summary_large_image\" \/>\n<meta name=\"twitter:label1\" content=\"Est. reading time\" \/>\n\t<meta name=\"twitter:data1\" content=\"3 minutes\" \/>\n<script type=\"application\/ld+json\" class=\"yoast-schema-graph\">{\"@context\":\"https:\/\/schema.org\",\"@graph\":[{\"@type\":\"WebPage\",\"@id\":\"https:\/\/redsanstore.com\/fr\/urun\/220-110v-dc-7-ahr-5a-redresor\/\",\"url\":\"https:\/\/redsanstore.com\/fr\/urun\/220-110v-dc-7-ahr-5a-redresor\/\",\"name\":\"220-110V DC \u2013 7 Ahr \/ 5A REDRES\u00d6R - Redsan Store\",\"isPartOf\":{\"@id\":\"https:\/\/redsanstore.com\/#website\"},\"primaryImageOfPage\":{\"@id\":\"https:\/\/redsanstore.com\/fr\/urun\/220-110v-dc-7-ahr-5a-redresor\/#primaryimage\"},\"image\":{\"@id\":\"https:\/\/redsanstore.com\/fr\/urun\/220-110v-dc-7-ahr-5a-redresor\/#primaryimage\"},\"thumbnailUrl\":\"https:\/\/redsanstore.com\/wp-content\/uploads\/2022\/09\/220-110V-DC-7AH-5A-REDRESOR-on.jpg\",\"datePublished\":\"2022-09-26T14:51:14+00:00\",\"dateModified\":\"2026-02-26T08:39:35+00:00\",\"breadcrumb\":{\"@id\":\"https:\/\/redsanstore.com\/fr\/urun\/220-110v-dc-7-ahr-5a-redresor\/#breadcrumb\"},\"inLanguage\":\"fr-FR\",\"potentialAction\":[{\"@type\":\"ReadAction\",\"target\":[\"https:\/\/redsanstore.com\/fr\/urun\/220-110v-dc-7-ahr-5a-redresor\/\"]}]},{\"@type\":\"ImageObject\",\"inLanguage\":\"fr-FR\",\"@id\":\"https:\/\/redsanstore.com\/fr\/urun\/220-110v-dc-7-ahr-5a-redresor\/#primaryimage\",\"url\":\"https:\/\/redsanstore.com\/wp-content\/uploads\/2022\/09\/220-110V-DC-7AH-5A-REDRESOR-on.jpg\",\"contentUrl\":\"https:\/\/redsanstore.com\/wp-content\/uploads\/2022\/09\/220-110V-DC-7AH-5A-REDRESOR-on.jpg\",\"width\":1200,\"height\":1200},{\"@type\":\"BreadcrumbList\",\"@id\":\"https:\/\/redsanstore.com\/fr\/urun\/220-110v-dc-7-ahr-5a-redresor\/#breadcrumb\",\"itemListElement\":[{\"@type\":\"ListItem\",\"position\":1,\"name\":\"Anasayfa\",\"item\":\"https:\/\/redsanstore.com\/fr\/\"},{\"@type\":\"ListItem\",\"position\":2,\"name\":\"Magasin\",\"item\":\"https:\/\/redsanstore.com\/fr\/magasin\/\"},{\"@type\":\"ListItem\",\"position\":3,\"name\":\"220-110V DC \u2013 7 Ahr \/ 5A REDRES\u00d6R\"}]},{\"@type\":\"WebSite\",\"@id\":\"https:\/\/redsanstore.com\/#website\",\"url\":\"https:\/\/redsanstore.com\/\",\"name\":\"Redsan Store\",\"description\":\"Redres\u00f6r - Reg\u00fclat\u00f6r - UPS - Ak\u00fc\",\"publisher\":{\"@id\":\"https:\/\/redsanstore.com\/#organization\"},\"alternateName\":\"Redres\u00f6r ve Kesintisiz G\u00fc\u00e7 Kayna\u011f\u0131 Ups\",\"potentialAction\":[{\"@type\":\"SearchAction\",\"target\":{\"@type\":\"EntryPoint\",\"urlTemplate\":\"https:\/\/redsanstore.com\/?s={search_term_string}\"},\"query-input\":{\"@type\":\"PropertyValueSpecification\",\"valueRequired\":true,\"valueName\":\"search_term_string\"}}],\"inLanguage\":\"fr-FR\"},{\"@type\":\"Organization\",\"@id\":\"https:\/\/redsanstore.com\/#organization\",\"name\":\"Redsan Store\",\"alternateName\":\"Redres\u00f6r ve Kesintisiz G\u00fc\u00e7 Kayna\u011f\u0131 Ups\",\"url\":\"https:\/\/redsanstore.com\/\",\"logo\":{\"@type\":\"ImageObject\",\"inLanguage\":\"fr-FR\",\"@id\":\"https:\/\/redsanstore.com\/#\/schema\/logo\/image\/\",\"url\":\"https:\/\/redsanstore.com\/wp-content\/uploads\/2024\/06\/redresor-ups-site-gorseli.jpg\",\"contentUrl\":\"https:\/\/redsanstore.com\/wp-content\/uploads\/2024\/06\/redresor-ups-site-gorseli.jpg\",\"width\":1200,\"height\":675,\"caption\":\"Redsan Store\"},\"image\":{\"@id\":\"https:\/\/redsanstore.com\/#\/schema\/logo\/image\/\"},\"sameAs\":[\"https:\/\/www.facebook.com\/redsanelektronik\",\"https:\/\/www.instagram.com\/redsanelektronik\/\",\"https:\/\/www.linkedin.com\/company\/redsan-elektronik\/\"]}]}<\/script>\n<!-- \/ Yoast SEO Premium plugin. -->","yoast_head_json":{"title":"220-110V DC \u2013 7 Ahr \/ 5A REDRES\u00d6R - Redsan Store","robots":{"index":"index","follow":"follow","max-snippet":"max-snippet:-1","max-image-preview":"max-image-preview:large","max-video-preview":"max-video-preview:-1"},"canonical":"https:\/\/redsanstore.com\/fr\/urun\/220-110v-dc-7-ahr-5a-redresor\/","og_locale":"fr_FR","og_type":"article","og_title":"220-110V DC \u2013 7 Ahr \/ 5A REDRES\u00d6R","og_description":"Le produit sera exp\u00e9di\u00e9 sous 1 \u00e0 3 jours ouvr\u00e9s.","og_url":"https:\/\/redsanstore.com\/fr\/urun\/220-110v-dc-7-ahr-5a-redresor\/","og_site_name":"Redsan Store","article_publisher":"https:\/\/www.facebook.com\/redsanelektronik","article_modified_time":"2026-02-26T08:39:35+00:00","og_image":[{"width":1200,"height":1200,"url":"https:\/\/redsanstore.com\/wp-content\/uploads\/2022\/09\/220-110V-DC-7AH-5A-REDRESOR-on.jpg","type":"image\/jpeg"}],"twitter_card":"summary_large_image","twitter_misc":{"Est. reading time":"3 minutes"},"schema":{"@context":"https:\/\/schema.org","@graph":[{"@type":"WebPage","@id":"https:\/\/redsanstore.com\/fr\/urun\/220-110v-dc-7-ahr-5a-redresor\/","url":"https:\/\/redsanstore.com\/fr\/urun\/220-110v-dc-7-ahr-5a-redresor\/","name":"220-110V DC \u2013 7 Ahr \/ 5A REDRES\u00d6R - Redsan Store","isPartOf":{"@id":"https:\/\/redsanstore.com\/#website"},"primaryImageOfPage":{"@id":"https:\/\/redsanstore.com\/fr\/urun\/220-110v-dc-7-ahr-5a-redresor\/#primaryimage"},"image":{"@id":"https:\/\/redsanstore.com\/fr\/urun\/220-110v-dc-7-ahr-5a-redresor\/#primaryimage"},"thumbnailUrl":"https:\/\/redsanstore.com\/wp-content\/uploads\/2022\/09\/220-110V-DC-7AH-5A-REDRESOR-on.jpg","datePublished":"2022-09-26T14:51:14+00:00","dateModified":"2026-02-26T08:39:35+00:00","breadcrumb":{"@id":"https:\/\/redsanstore.com\/fr\/urun\/220-110v-dc-7-ahr-5a-redresor\/#breadcrumb"},"inLanguage":"fr-FR","potentialAction":[{"@type":"ReadAction","target":["https:\/\/redsanstore.com\/fr\/urun\/220-110v-dc-7-ahr-5a-redresor\/"]}]},{"@type":"ImageObject","inLanguage":"fr-FR","@id":"https:\/\/redsanstore.com\/fr\/urun\/220-110v-dc-7-ahr-5a-redresor\/#primaryimage","url":"https:\/\/redsanstore.com\/wp-content\/uploads\/2022\/09\/220-110V-DC-7AH-5A-REDRESOR-on.jpg","contentUrl":"https:\/\/redsanstore.com\/wp-content\/uploads\/2022\/09\/220-110V-DC-7AH-5A-REDRESOR-on.jpg","width":1200,"height":1200},{"@type":"BreadcrumbList","@id":"https:\/\/redsanstore.com\/fr\/urun\/220-110v-dc-7-ahr-5a-redresor\/#breadcrumb","itemListElement":[{"@type":"ListItem","position":1,"name":"Anasayfa","item":"https:\/\/redsanstore.com\/fr\/"},{"@type":"ListItem","position":2,"name":"Magasin","item":"https:\/\/redsanstore.com\/fr\/magasin\/"},{"@type":"ListItem","position":3,"name":"220-110V DC \u2013 7 Ahr \/ 5A REDRES\u00d6R"}]},{"@type":"WebSite","@id":"https:\/\/redsanstore.com\/#website","url":"https:\/\/redsanstore.com\/","name":"Redsan Store","description":"Redres\u00f6r - Reg\u00fclat\u00f6r - UPS - Ak\u00fc","publisher":{"@id":"https:\/\/redsanstore.com\/#organization"},"alternateName":"Redres\u00f6r ve Kesintisiz G\u00fc\u00e7 Kayna\u011f\u0131 Ups","potentialAction":[{"@type":"SearchAction","target":{"@type":"EntryPoint","urlTemplate":"https:\/\/redsanstore.com\/?s={search_term_string}"},"query-input":{"@type":"PropertyValueSpecification","valueRequired":true,"valueName":"search_term_string"}}],"inLanguage":"fr-FR"},{"@type":"Organization","@id":"https:\/\/redsanstore.com\/#organization","name":"Redsan Store","alternateName":"Redres\u00f6r ve Kesintisiz G\u00fc\u00e7 Kayna\u011f\u0131 Ups","url":"https:\/\/redsanstore.com\/","logo":{"@type":"ImageObject","inLanguage":"fr-FR","@id":"https:\/\/redsanstore.com\/#\/schema\/logo\/image\/","url":"https:\/\/redsanstore.com\/wp-content\/uploads\/2024\/06\/redresor-ups-site-gorseli.jpg","contentUrl":"https:\/\/redsanstore.com\/wp-content\/uploads\/2024\/06\/redresor-ups-site-gorseli.jpg","width":1200,"height":675,"caption":"Redsan Store"},"image":{"@id":"https:\/\/redsanstore.com\/#\/schema\/logo\/image\/"},"sameAs":["https:\/\/www.facebook.com\/redsanelektronik","https:\/\/www.instagram.com\/redsanelektronik\/","https:\/\/www.linkedin.com\/company\/redsan-elektronik\/"]}]}},"_links":{"self":[{"href":"https:\/\/redsanstore.com\/fr\/wp-json\/wp\/v2\/product\/100662","targetHints":{"allow":["GET"]}}],"collection":[{"href":"https:\/\/redsanstore.com\/fr\/wp-json\/wp\/v2\/product"}],"about":[{"href":"https:\/\/redsanstore.com\/fr\/wp-json\/wp\/v2\/types\/product"}],"replies":[{"embeddable":true,"href":"https:\/\/redsanstore.com\/fr\/wp-json\/wp\/v2\/comments?post=100662"}],"version-history":[{"count":2,"href":"https:\/\/redsanstore.com\/fr\/wp-json\/wp\/v2\/product\/100662\/revisions"}],"predecessor-version":[{"id":101526,"href":"https:\/\/redsanstore.com\/fr\/wp-json\/wp\/v2\/product\/100662\/revisions\/101526"}],"wp:featuredmedia":[{"embeddable":true,"href":"https:\/\/redsanstore.com\/fr\/wp-json\/wp\/v2\/media\/100671"}],"wp:attachment":[{"href":"https:\/\/redsanstore.com\/fr\/wp-json\/wp\/v2\/media?parent=100662"}],"wp:term":[{"taxonomy":"product_brand","embeddable":true,"href":"https:\/\/redsanstore.com\/fr\/wp-json\/wp\/v2\/product_brand?post=100662"},{"taxonomy":"product_cat","embeddable":true,"href":"https:\/\/redsanstore.com\/fr\/wp-json\/wp\/v2\/product_cat?post=100662"},{"taxonomy":"product_tag","embeddable":true,"href":"https:\/\/redsanstore.com\/fr\/wp-json\/wp\/v2\/product_tag?post=100662"}],"curies":[{"name":"wp","href":"https:\/\/api.w.org\/{rel}","templated":true}]}}