{"id":100633,"date":"2022-09-28T11:43:04","date_gmt":"2022-09-28T08:43:04","guid":{"rendered":"https:\/\/redsanstore.com\/urun\/monophase-1-200-kva\/"},"modified":"2026-02-25T14:12:46","modified_gmt":"2026-02-25T11:12:46","slug":"monophase-1-200-kva","status":"publish","type":"product","link":"https:\/\/redsanstore.com\/fr\/urun\/monophase-1-200-kva\/","title":{"rendered":"Monophas\u00e9 1-200 KVA"},"content":{"rendered":"<table border=\"0\" width=\"780\" cellspacing=\"0\" cellpadding=\"0\">\n<colgroup>\n<col span=\"13\" width=\"60\"><\/colgroup>\n<tbody>\n<tr>\n<td class=\"xl69\" style=\"text-align: center;\" colspan=\"11\" width=\"660\" height=\"17\"><strong><span class=\"font5\">PARAM\u00c8TRES D&rsquo;ENTR\u00c9E<\/span><\/strong><\/td>\n<td width=\"60\"><\/td>\n<td width=\"60\"><\/td>\n<\/tr>\n<tr>\n<td class=\"xl72\" colspan=\"5\" width=\"300\" height=\"17\">Nombre de phases du raccordement d&rsquo;entr\u00e9e<\/td>\n<td class=\"xl75\" colspan=\"6\" width=\"360\"><span class=\"font8\">1 Phase<\/span><\/td>\n<td><\/td>\n<td><\/td>\n<\/tr>\n<tr>\n<td class=\"xl72\" colspan=\"5\" width=\"300\" height=\"17\"><span class=\"font6\">G<\/span><span class=\"font7\">i<\/span><span class=\"font8\">r<\/span><span class=\"font7\">i<\/span><span class=\"font6\">\u015f <\/span><span class=\"font9\">vol<\/span><span class=\"font8\">ta<\/span><span class=\"font7\">j<\/span><span class=\"font8\">\u0131 <\/span><span class=\"font9\">d\u00fc<\/span><span class=\"font8\">zelt<\/span><span class=\"font9\">m<\/span><span class=\"font8\">e a<\/span><span class=\"font9\">r<\/span><span class=\"font8\">a<\/span><span class=\"font7\">l<\/span><span class=\"font8\">\u0131<\/span><span class=\"font9\">\u011f\u0131<\/span><\/td>\n<td class=\"xl78\" colspan=\"6\" width=\"360\">Min. 11OV CA &#8211; Max 300 V CA<\/td>\n<td><\/td>\n<td><\/td>\n<\/tr>\n<tr>\n<td class=\"xl72\" colspan=\"5\" width=\"300\" height=\"17\">Tension de fonctionnement de l&rsquo;alimentation de la carte<\/td>\n<td class=\"xl75\" colspan=\"6\" width=\"360\">75 V. CA<\/td>\n<td><\/td>\n<td><\/td>\n<\/tr>\n<tr>\n<td class=\"xl72\" colspan=\"5\" width=\"300\" height=\"17\">Dur\u00e9e de fonctionnement continu \u00e0 pleine charge<\/td>\n<td class=\"xl81\" colspan=\"6\" width=\"360\">24 heures sur 24, 7 jours sur 7<\/td>\n<td><\/td>\n<td><\/td>\n<\/tr>\n<tr>\nFr\u00e9quence de fonctionnement <\/p>\n<td class=\"xl72\" colspan=\"5\" width=\"300\" height=\"17\">50 \/<\/td>\n<td class=\"xl75\" colspan=\"6\" width=\"360\">60 Hz.<\/td>\n<td><\/td>\n<td><\/td>\n<\/tr>\n<tr>\n<td class=\"xl69\" style=\"text-align: center;\" colspan=\"11\" width=\"660\" height=\"17\"><strong><span class=\"font5\">PARAM\u00c8TRES DE SORTIE<\/span><\/strong><\/td>\n<td><\/td>\n<td><\/td>\n<\/tr>\n<tr>\n<td class=\"xl63\" colspan=\"5\" width=\"300\" height=\"17\">Tension de sortie corrig\u00e9e<\/td>\n<td class=\"xl66\" colspan=\"6\" width=\"360\">200 V CA&#8230;. 220 V CA.. 240 V CA (Menur\u00e9glable)<\/td>\n<td><\/td>\n<td><\/td>\n<\/tr>\n<tr>\n<td class=\"xl72\" colspan=\"5\" width=\"300\" height=\"17\">Vitesse de correction<\/td>\n<td class=\"xl84\" colspan=\"6\" width=\"360\">Fr\u00e9quence 50 = 20 ms &#8211; Fr\u00e9quence 60 = 50 ms<\/td>\n<td><\/td>\n<td><\/td>\n<\/tr>\n<tr>\n<td class=\"xl72\" colspan=\"5\" width=\"300\" height=\"17\">Tol\u00e9rance de sortie<\/td>\n<td class=\"xl78\" colspan=\"6\" width=\"360\">1 % 9 % (R\u00e9glable dans le menu.)<\/td>\n<td><\/td>\n<td><\/td>\n<\/tr>\n<tr>\n<td class=\"xl72\" colspan=\"5\" width=\"300\" height=\"17\">R\u00e9glage du d\u00e9lai de sortie<\/td>\n<td class=\"xl87\" colspan=\"6\" width=\"360\"><span class=\"font6\">1 seconde <\/span><span class=\"font9\">1 Os <\/span><span class=\"font8\">n <\/span><span class=\"font9\">(Me<\/span><span class=\"font8\">n\u00fc<\/span><span class=\"font9\">d<\/span><span class=\"font8\">e<\/span><span class=\"font9\">n <\/span><span class=\"font8\">a<\/span><span class=\"font9\">ya<\/span><span class=\"font8\">r<\/span><span class=\"font7\">l<\/span><span class=\"font6\">anab<\/span><span class=\"font7\">i<\/span><span class=\"font8\">li<\/span><span class=\"font9\">r.)<\/span><\/td>\n<td><\/td>\n<td><\/td>\n<\/tr>\n<tr>\n<td class=\"xl63\" colspan=\"5\" width=\"300\" height=\"17\">Fermeture de la limite sup\u00e9rieure de sortie<\/td>\n<td class=\"xl96\" colspan=\"6\" width=\"360\">&#8230;242 V CA R\u00e9glable \u00e0 partir du menu (sur les mod\u00e8les prot\u00e9g\u00e9s)<\/td>\n<td><\/td>\n<td><\/td>\n<\/tr>\n<tr>\n<td class=\"xl63\" colspan=\"5\" width=\"300\" height=\"17\">Fermeture de la limite inf\u00e9rieure de sortie<\/td>\n<td class=\"xl66\" colspan=\"6\" width=\"360\">Fermeture de la limite inf\u00e9rieure de sortie<\/td>\n<td><\/td>\n<td><\/td>\n<\/tr>\n<tr>\n<td class=\"xl72\" colspan=\"5\" width=\"300\" height=\"17\">Surcharge<\/td>\n<td class=\"xl99\" colspan=\"6\" width=\"360\">1 seconde \u00e0 200 charges<\/td>\n<td><\/td>\n<td><\/td>\n<\/tr>\n<tr>\nRendement <\/p>\n<td class=\"xl72\" colspan=\"5\" width=\"300\" height=\"17\">98 %<\/td>\n<p> \u00e0 pleine c<\/p>\n<td class=\"xl75\" colspan=\"6\" width=\"360\">harge<\/td>\n<td><\/td>\n<td><\/td>\n<\/tr>\n<tr>\n<td class=\"xl102\" style=\"text-align: center;\" colspan=\"11\" width=\"660\" height=\"17\"><strong><span class=\"font20\">PARAM\u00c8TRES G\u00c9N\u00c9RAUX<\/span><\/strong><\/td>\n<td><\/td>\n<td><\/td>\n<\/tr>\n<tr>\n<td class=\"xl90\" colspan=\"5\" width=\"300\" height=\"17\">By-Pas<\/td>\n<p>s m\u00e9canique Avec interrup<\/p>\n<td class=\"xl93\" colspan=\"6\" width=\"360\">teur Pako<\/td>\n<td><\/td>\n<td><\/td>\n<\/tr>\n<tr>\n<td class=\"xl90\" colspan=\"5\" width=\"300\" height=\"17\">By-Pass automatique<\/td>\n<td class=\"xl93\" colspan=\"6\" width=\"360\">Facultatif<\/td>\n<td><\/td>\n<td><\/td>\n<\/tr>\n<tr>\n<td class=\"xl90\" colspan=\"5\" width=\"300\" height=\"17\">Syst\u00e8me de refroidissement<\/td>\n<td class=\"xl93\" colspan=\"6\" width=\"360\">Ventilateur intelligent<\/td>\n<td><\/td>\n<td><\/td>\n<\/tr>\n<tr>\n<td class=\"xl90\" colspan=\"5\" width=\"300\" height=\"17\">Distorsion<\/td>\n<p> harmonique <\/p>\n<td class=\"xl93\" colspan=\"6\" width=\"360\">Aucune<\/td>\n<td><\/td>\n<td><\/td>\n<\/tr>\n<tr>\n<td class=\"xl90\" colspan=\"5\" width=\"300\" height=\"17\">Mesure de la tension d&rsquo;entr\u00e9e &#8211; tension de sortie<\/td>\n<td class=\"xl105\" colspan=\"6\" width=\"360\">TRUERMS (r\u00e9glable dans le menu)<\/td>\n<td><\/td>\n<td><\/td>\n<\/tr>\n<tr>\n<td class=\"xl90\" colspan=\"5\" width=\"300\" height=\"17\">Affichage<\/td>\n<td class=\"xl110\" colspan=\"6\" width=\"360\">\u00c9cran LED rouge \u00e0 2&#215;3 chiffres<\/td>\n<td><\/td>\n<td><\/td>\n<\/tr>\n<tr>\n<td class=\"xl102\" colspan=\"11\" width=\"660\" height=\"17\">CONDITIONS ENVIRONNEMENTALES<\/td>\n<td><\/td>\n<td><\/td>\n<\/tr>\n<tr>\n<td class=\"xl90\" colspan=\"5\" width=\"300\" height=\"17\">Temp\u00e9rature<\/td>\n<p> de fonctionnement <\/p>\n<td class=\"xl113\" colspan=\"6\" width=\"360\">-l 0 \u00b0C \/ + S0 \u00b0C<\/td>\n<td><\/td>\n<td><\/td>\n<\/tr>\n<tr>\n<td class=\"xl90\" colspan=\"5\" width=\"300\" height=\"17\">Humidit\u00e9 relative<\/td>\n<td class=\"xl93\" colspan=\"6\" width=\"360\"><span class=\"font23\">&lt;90 % DiN<\/span><\/td>\n<td><\/td>\n<td><\/td>\n<\/tr>\n<tr>\n<td class=\"xl90\" colspan=\"5\" width=\"300\" height=\"17\">Hauteur de travail<\/td>\n<td class=\"xl93\" colspan=\"6\" width=\"360\"><span class=\"font22\">&lt;<\/span>Hauteur de travail<\/td>\n<td><\/td>\n<td><\/td>\n<\/tr>\n<tr>\n<td class=\"xl90\" colspan=\"5\" width=\"300\" height=\"17\">Niveau acoustique<\/td>\n<td class=\"xl93\" colspan=\"6\" width=\"360\"><span class=\"font22\">&lt;<\/span><span class=\"font23\">50 dB<\/span><\/td>\n<td><\/td>\n<td><\/td>\n<\/tr>\n<tr>\n<td class=\"xl109\" colspan=\"13\" width=\"780\">R\u00e9gulateur \u00e0 microprocesseur Large choix de mod\u00e8les Plus de 200 mod\u00e8les standard de 1 kVA \u00e0 40 kVA monophas\u00e9s, de 1 kVA \u00e0 2000 kVA triphas\u00e9s. Large choix de tensions Les mod\u00e8les standard monophas\u00e9s ont une entr\u00e9e de 150 \u00e0 250 volts et une sortie de 220 volts. <span class=\"font31\">Entr\u00e9e triphas\u00e9e 275-450 volts, sortie 380 volts. La production est r\u00e9alis\u00e9e aux tensions souhait\u00e9es sur commande.<br \/>\n<\/span>Vitesse de r\u00e9gulation Pour les mod\u00e8les standard, la vitesse de r\u00e9gulation (moyenne) est de 200 volts\/seconde.<\/td>\n<\/tr>\n<tr>\n<td class=\"xl108\" colspan=\"13\" rowspan=\"2\" width=\"780\"><span class=\"font30\">R\u00e9gulation de sortie<br \/>\n<\/span><span class=\"font31\">Dans les limites de la capacit\u00e9 du r\u00e9gulateur, il ne produit aucune fluctuation lors des charges comprises entre z\u00e9ro (0) et le maximum ni lors des variations de tension instantan\u00e9es, il ne perturbe pas la fr\u00e9quence du r\u00e9seau, la sortie est parfaitement sinuso\u00efdale et la pr\u00e9cision est r\u00e9glable entre 1 et 5 %. Tant que l&rsquo;on reste dans les limites kVA du r\u00e9gulateur, le facteur de puissance de la charge n&rsquo;a aucune importance.<br \/>\n<\/span><span class=\"font30\">Construction m\u00e9canique<br \/>\n<\/span><span class=\"font31\">Tous les mod\u00e8les sont fabriqu\u00e9s pour l&rsquo;industrie lourde et peuvent donc \u00eatre utilis\u00e9s dans tous les domaines. Le syst\u00e8me de brosses \u00e0 rouleaux et refroidisseurs emp\u00eache les br\u00fblures et l&rsquo;usure du charbon. Les brosses ne produisent pas d&rsquo;\u00e9tincelles\/d&rsquo;arcs \u00e9lectriques lors de la r\u00e9gulation.<br \/>\n<\/span><span class=\"font30\">Rendement \u00e9lev\u00e9<br \/>\n<\/span><span class=\"font31\">Le rendement moyen est sup\u00e9rieur \u00e0 97 %. Les r\u00e9gulateurs \u00e9lectroniques Redsan sont fabriqu\u00e9s \u00e0 partir de t\u00f4le de silicium et de cuivre \u00e9lectrolytique de haute qualit\u00e9, ce qui r\u00e9duit au minimum les pertes \u00e0 vide.<br \/>\n<\/span>Temp\u00e9rature de fonctionnement Dans les espaces clos, de -10 \u00b0C \u00e0 +40 \u00b0C<span class=\"font31\">Pour les zones situ\u00e9es au-dessus de C, un refroidissement suppl\u00e9mentaire par air doit \u00eatre pr\u00e9vu ou les r\u00e9gulateurs doivent \u00eatre utilis\u00e9s en dessous de leur capacit\u00e9. Il convient de veiller \u00e0 ne pas utiliser les r\u00e9gulateurs dans des environnements excessivement humides et acides.<br \/>\n<\/span>Unit\u00e9 de protection contre les surtensions (en option) * En cas de tensions sup\u00e9rieures \u00e0 la capacit\u00e9 du r\u00e9gulateur * Lorsque le r\u00e9gulateur est en circuit \u00e0 basse tension et que la tension du r\u00e9seau est coup\u00e9e puis redevient \u00e9lev\u00e9e <span class=\"font31\">Si le r\u00e9gulateur fonctionne dans un environnement sale, n&rsquo;est pas entretenu et tombe en panne ou fournit une tension irr\u00e9guli\u00e8re, il coupe la tension de sortie pendant 8 secondes, puis la r\u00e9tablit une fois la r\u00e9gulation termin\u00e9e. En cas de panne, il ne fournit aucune tension de sortie.<br \/>\n<\/span><span class=\"font30\">Unit\u00e9 de protection de phase<br \/>\n<\/span><span class=\"font31\">Dans les r\u00e9gulateurs triphas\u00e9s, la coupure d&rsquo;une des trois phases entra\u00eene la coupure totale de la sortie. Lorsque la phase revient, le r\u00e9gulateur se met automatiquement en marche et fournit une sortie. <\/span><\/td>\n<\/tr>\n<\/tbody>\n<\/table>\n<h2><strong>R\u00e9gulateur de tension monophas\u00e9 \u00e0 microprocesseur<\/strong><\/h2>\n<p>Le r\u00e9gulateur de tension \u00e0 microprocesseur monophas\u00e9 est un syst\u00e8me professionnel d&rsquo;\u00e9quilibrage de l&rsquo;\u00e9nergie qui stabilise les tensions irr\u00e9guli\u00e8res provenant du r\u00e9seau et garantit ainsi le fonctionnement s\u00fbr et ininterrompu des appareils \u00e9lectriques sensibles. Dot\u00e9 d&rsquo;une structure d&rsquo;entr\u00e9e monophas\u00e9e, ce r\u00e9gulateur est con\u00e7u pour une utilisation industrielle et commerciale gr\u00e2ce \u00e0 sa large tol\u00e9rance de tension d&rsquo;entr\u00e9e, son temps de correction rapide et son rendement \u00e9lev\u00e9. <\/p>\n<p>Gr\u00e2ce \u00e0 sa large tol\u00e9rance d&rsquo;entr\u00e9e pouvant fonctionner entre 110 V CA et 300 V CA, il prot\u00e8ge les syst\u00e8mes contre les chutes et les hausses de tension soudaines. Les options de tension de sortie r\u00e9glables via le menu (200 V &#8211; 220 V &#8211; 240 V CA) lui permettent de s&rsquo;adapter \u00e0 diff\u00e9rents projets. <\/p>\n<h3><strong>Introduction Caract\u00e9ristiques<\/strong><\/h3>\n<ul>\n<li>1 Connexion d&rsquo;entr\u00e9e de phase<\/li>\n<li>Large plage de fonctionnement de 110 V CA \u00e0 300 V CA<\/li>\n<li>Compatibilit\u00e9 avec les fr\u00e9quences 50\/60 Hz<\/li>\n<li>Fonctionnement continu \u00e0 pleine charge 24 heures sur 24, 7 jours sur 7<\/li>\n<li>Tension de fonctionnement de la carte d&rsquo;alimentation 75 V CA<\/li>\n<\/ul>\n<h3><strong>Caract\u00e9ristiques de sortie<\/strong><\/h3>\n<ul>\n<li>Sortie r\u00e9glable 200 V \u2013 220 V \u2013 240 V CA<\/li>\n<li>Tol\u00e9rance r\u00e9glable entre 1 % et 9 %.<\/li>\n<li>Temps de correction de 20 ms \u00e0 50 Hz et de 50 ms \u00e0 60 Hz<\/li>\n<li>Protection contre les surtensions jusqu&rsquo;\u00e0 242 V (r\u00e9glable dans le menu)<\/li>\n<li>Protection contre les sous-tensions (mod\u00e8les prot\u00e9g\u00e9s)<\/li>\n<li>200 % de r\u00e9sistance \u00e0 la charge en 10 secondes<\/li>\n<li>Une efficacit\u00e9 pouvant atteindre 98 %<\/li>\n<\/ul>\n<h3><strong>Syst\u00e8mes de protection avanc\u00e9s<\/strong><\/h3>\n<p>Le r\u00e9gulateur prot\u00e8ge les appareils connect\u00e9s en coupant automatiquement la sortie en cas de surtension ou de sous-tension. En cas de coupure soudaine du courant et de retour \u00e0 une tension \u00e9lev\u00e9e, les circuits de s\u00e9curit\u00e9 se d\u00e9clenchent. En cas de panne, la sortie est coup\u00e9e pendant 8 secondes afin de permettre au syst\u00e8me de se stabiliser en toute s\u00e9curit\u00e9.  <\/p>\n<h3><strong>Structure m\u00e9canique et \u00e9lectronique<\/strong><\/h3>\n<p>Con\u00e7u selon les normes de qualit\u00e9 de l&rsquo;industrie lourde, ce mod\u00e8le offre une longue dur\u00e9e de vie gr\u00e2ce \u00e0 son bo\u00eetier m\u00e9tallique robuste et son syst\u00e8me de brosses \u00e0 rouleaux. Gr\u00e2ce \u00e0 sa structure refroidie et \u00e0 son syst\u00e8me de ventilation intelligent, il fonctionne de mani\u00e8re stable m\u00eame \u00e0 haute performance. Le syst\u00e8me de brosses emp\u00eache la formation d&rsquo;\u00e9tincelles et d&rsquo;arcs \u00e9lectriques, renfor\u00e7ant ainsi la s\u00e9curit\u00e9.  <\/p>\n<h3><strong>Syst\u00e8mes de d\u00e9rivation Syst\u00e8mes<\/strong><\/h3>\n<ul>\n<li>By-Pass m\u00e9canique (avec interrupteur Pako)<\/li>\n<li>By-Pass automatique (en option)<\/li>\n<\/ul>\n<p>Gr\u00e2ce \u00e0 la fonction de d\u00e9rivation, le syst\u00e8me ne reste pas sans alimentation en cas de maintenance ou de panne. Cela repr\u00e9sente un avantage consid\u00e9rable, en particulier pour les sites de production, les centres de donn\u00e9es et les infrastructures critiques. <\/p>\n<h3><strong>Mesure et contr\u00f4le<\/strong><\/h3>\n<ul>\n<li>TRUERMS mesure de tension d&rsquo;entr\u00e9e-sortie<\/li>\n<li>\u00c9cran LED rouge \u00e0 2&#215;3 chiffres<\/li>\n<li>R\u00e9glage des param\u00e8tres via le menu<\/li>\n<\/ul>\n<h3><strong>R\u00e9sistance environnementale<\/strong><\/h3>\n<ul>\n<li>Temp\u00e9rature de fonctionnement : -10 \u00b0C \u00e0 +50 \u00b0C<\/li>\n<li>&lt;90 % d&rsquo;humidit\u00e9 relative<\/li>\n<li>&lt;Hauteur de travail de 3000 m\u00e8tres<\/li>\n<li>&lt;Niveau acoustique de 50 dB<\/li>\n<\/ul>\n<h3><strong>Domaines d&rsquo;utilisation<\/strong><\/h3>\n<ul>\n<li>Installations de production industrielle<\/li>\n<li>Dispositifs m\u00e9dicaux<\/li>\n<li>Laboratoire \u00e9quipements<\/li>\n<li>T\u00e9l\u00e9communications syst\u00e8mes<\/li>\n<li>Serveurs et centres de donn\u00e9es<\/li>\n<li>Panneaux d&rsquo;automatisation<\/li>\n<li>Appareils \u00e9lectroniques sensibles<\/li>\n<\/ul>\n<h3><strong>Rendement \u00e9lev\u00e9 et performances stables<\/strong><\/h3>\n<p>Fonctionnant avec un rendement moyen de 97 \u00e0 98 %, ce r\u00e9gulateur est fabriqu\u00e9 \u00e0 partir de t\u00f4le de silicium et de cuivre \u00e9lectrolytique de haute qualit\u00e9. Les pertes \u00e0 vide sont minimales. Il ne provoque pas de fluctuations lors des changements de charge, ne perturbe pas la fr\u00e9quence du r\u00e9seau et produit une sortie sinuso\u00efdale parfaite.  <\/p>\n<p>R\u00e9gulateur de tension \u00e0 microprocesseur monophas\u00e9 ; il offre une stabilisation \u00e9nerg\u00e9tique durable et s\u00fbre gr\u00e2ce \u00e0 sa vitesse de r\u00e9gulation rapide, sa large tol\u00e9rance de tension et ses syst\u00e8mes de protection avanc\u00e9s. Il s&rsquo;agit d&rsquo;une solution haute performance qui peut \u00eatre choisie en toute confiance pour les projets professionnels. <\/p>\n","protected":false},"excerpt":{"rendered":"<p><a class=\"button product_type_simple add-to-cart-loop\" style=\"background-color: #8b2332; color: #fff;\" href=\"https:\/\/redsanstore.com\/fr\/communication\/\">Obtenir un devis<\/a><\/p>\n","protected":false},"featured_media":100634,"comment_status":"open","ping_status":"closed","template":"","meta":[],"product_brand":[],"product_cat":[621],"product_tag":[],"class_list":{"0":"post-100633","1":"product","2":"type-product","3":"status-publish","4":"has-post-thumbnail","6":"product_cat-monofaze","8":"first","9":"instock","10":"taxable","11":"shipping-taxable","12":"product-type-simple"},"yoast_head":"<!-- This site is optimized with the Yoast SEO Premium plugin v25.8 (Yoast SEO v25.9) - https:\/\/yoast.com\/wordpress\/plugins\/seo\/ -->\n<title>Monophas\u00e9 1-200 KVA - Redsan Store<\/title>\n<meta name=\"robots\" content=\"index, follow, max-snippet:-1, max-image-preview:large, max-video-preview:-1\" \/>\n<link rel=\"canonical\" href=\"https:\/\/redsanstore.com\/fr\/urun\/monophase-1-200-kva\/\" \/>\n<meta property=\"og:locale\" content=\"fr_FR\" \/>\n<meta property=\"og:type\" content=\"article\" \/>\n<meta property=\"og:title\" content=\"Monophas\u00e9 1-200 KVA\" \/>\n<meta property=\"og:description\" content=\"Obtenir un devis\" \/>\n<meta property=\"og:url\" content=\"https:\/\/redsanstore.com\/fr\/urun\/monophase-1-200-kva\/\" \/>\n<meta property=\"og:site_name\" content=\"Redsan Store\" \/>\n<meta property=\"article:publisher\" content=\"https:\/\/www.facebook.com\/redsanelektronik\" \/>\n<meta property=\"article:modified_time\" content=\"2026-02-25T11:12:46+00:00\" \/>\n<meta property=\"og:image\" content=\"https:\/\/redsanstore.com\/wp-content\/uploads\/2022\/09\/regulator-monofaz.jpg\" \/>\n\t<meta property=\"og:image:width\" content=\"1440\" \/>\n\t<meta property=\"og:image:height\" content=\"1080\" \/>\n\t<meta property=\"og:image:type\" content=\"image\/jpeg\" \/>\n<meta name=\"twitter:card\" content=\"summary_large_image\" \/>\n<meta name=\"twitter:label1\" content=\"Est. reading time\" \/>\n\t<meta name=\"twitter:data1\" content=\"7 minutes\" \/>\n<script type=\"application\/ld+json\" class=\"yoast-schema-graph\">{\"@context\":\"https:\/\/schema.org\",\"@graph\":[{\"@type\":\"WebPage\",\"@id\":\"https:\/\/redsanstore.com\/fr\/urun\/monophase-1-200-kva\/\",\"url\":\"https:\/\/redsanstore.com\/fr\/urun\/monophase-1-200-kva\/\",\"name\":\"Monophas\u00e9 1-200 KVA - Redsan Store\",\"isPartOf\":{\"@id\":\"https:\/\/redsanstore.com\/#website\"},\"primaryImageOfPage\":{\"@id\":\"https:\/\/redsanstore.com\/fr\/urun\/monophase-1-200-kva\/#primaryimage\"},\"image\":{\"@id\":\"https:\/\/redsanstore.com\/fr\/urun\/monophase-1-200-kva\/#primaryimage\"},\"thumbnailUrl\":\"https:\/\/redsanstore.com\/wp-content\/uploads\/2022\/09\/regulator-monofaz.jpg\",\"datePublished\":\"2022-09-28T08:43:04+00:00\",\"dateModified\":\"2026-02-25T11:12:46+00:00\",\"breadcrumb\":{\"@id\":\"https:\/\/redsanstore.com\/fr\/urun\/monophase-1-200-kva\/#breadcrumb\"},\"inLanguage\":\"fr-FR\",\"potentialAction\":[{\"@type\":\"ReadAction\",\"target\":[\"https:\/\/redsanstore.com\/fr\/urun\/monophase-1-200-kva\/\"]}]},{\"@type\":\"ImageObject\",\"inLanguage\":\"fr-FR\",\"@id\":\"https:\/\/redsanstore.com\/fr\/urun\/monophase-1-200-kva\/#primaryimage\",\"url\":\"https:\/\/redsanstore.com\/wp-content\/uploads\/2022\/09\/regulator-monofaz.jpg\",\"contentUrl\":\"https:\/\/redsanstore.com\/wp-content\/uploads\/2022\/09\/regulator-monofaz.jpg\",\"width\":1440,\"height\":1080},{\"@type\":\"BreadcrumbList\",\"@id\":\"https:\/\/redsanstore.com\/fr\/urun\/monophase-1-200-kva\/#breadcrumb\",\"itemListElement\":[{\"@type\":\"ListItem\",\"position\":1,\"name\":\"Anasayfa\",\"item\":\"https:\/\/redsanstore.com\/fr\/\"},{\"@type\":\"ListItem\",\"position\":2,\"name\":\"Magasin\",\"item\":\"https:\/\/redsanstore.com\/fr\/magasin\/\"},{\"@type\":\"ListItem\",\"position\":3,\"name\":\"Monophas\u00e9 1-200 KVA\"}]},{\"@type\":\"WebSite\",\"@id\":\"https:\/\/redsanstore.com\/#website\",\"url\":\"https:\/\/redsanstore.com\/\",\"name\":\"Redsan Store\",\"description\":\"Redres\u00f6r - Reg\u00fclat\u00f6r - UPS - Ak\u00fc\",\"publisher\":{\"@id\":\"https:\/\/redsanstore.com\/#organization\"},\"alternateName\":\"Redres\u00f6r ve Kesintisiz G\u00fc\u00e7 Kayna\u011f\u0131 Ups\",\"potentialAction\":[{\"@type\":\"SearchAction\",\"target\":{\"@type\":\"EntryPoint\",\"urlTemplate\":\"https:\/\/redsanstore.com\/?s={search_term_string}\"},\"query-input\":{\"@type\":\"PropertyValueSpecification\",\"valueRequired\":true,\"valueName\":\"search_term_string\"}}],\"inLanguage\":\"fr-FR\"},{\"@type\":\"Organization\",\"@id\":\"https:\/\/redsanstore.com\/#organization\",\"name\":\"Redsan Store\",\"alternateName\":\"Redres\u00f6r ve Kesintisiz G\u00fc\u00e7 Kayna\u011f\u0131 Ups\",\"url\":\"https:\/\/redsanstore.com\/\",\"logo\":{\"@type\":\"ImageObject\",\"inLanguage\":\"fr-FR\",\"@id\":\"https:\/\/redsanstore.com\/#\/schema\/logo\/image\/\",\"url\":\"https:\/\/redsanstore.com\/wp-content\/uploads\/2024\/06\/redresor-ups-site-gorseli.jpg\",\"contentUrl\":\"https:\/\/redsanstore.com\/wp-content\/uploads\/2024\/06\/redresor-ups-site-gorseli.jpg\",\"width\":1200,\"height\":675,\"caption\":\"Redsan Store\"},\"image\":{\"@id\":\"https:\/\/redsanstore.com\/#\/schema\/logo\/image\/\"},\"sameAs\":[\"https:\/\/www.facebook.com\/redsanelektronik\",\"https:\/\/www.instagram.com\/redsanelektronik\/\",\"https:\/\/www.linkedin.com\/company\/redsan-elektronik\/\"]}]}<\/script>\n<!-- \/ Yoast SEO Premium plugin. -->","yoast_head_json":{"title":"Monophas\u00e9 1-200 KVA - Redsan Store","robots":{"index":"index","follow":"follow","max-snippet":"max-snippet:-1","max-image-preview":"max-image-preview:large","max-video-preview":"max-video-preview:-1"},"canonical":"https:\/\/redsanstore.com\/fr\/urun\/monophase-1-200-kva\/","og_locale":"fr_FR","og_type":"article","og_title":"Monophas\u00e9 1-200 KVA","og_description":"Obtenir un devis","og_url":"https:\/\/redsanstore.com\/fr\/urun\/monophase-1-200-kva\/","og_site_name":"Redsan Store","article_publisher":"https:\/\/www.facebook.com\/redsanelektronik","article_modified_time":"2026-02-25T11:12:46+00:00","og_image":[{"width":1440,"height":1080,"url":"https:\/\/redsanstore.com\/wp-content\/uploads\/2022\/09\/regulator-monofaz.jpg","type":"image\/jpeg"}],"twitter_card":"summary_large_image","twitter_misc":{"Est. reading time":"7 minutes"},"schema":{"@context":"https:\/\/schema.org","@graph":[{"@type":"WebPage","@id":"https:\/\/redsanstore.com\/fr\/urun\/monophase-1-200-kva\/","url":"https:\/\/redsanstore.com\/fr\/urun\/monophase-1-200-kva\/","name":"Monophas\u00e9 1-200 KVA - Redsan Store","isPartOf":{"@id":"https:\/\/redsanstore.com\/#website"},"primaryImageOfPage":{"@id":"https:\/\/redsanstore.com\/fr\/urun\/monophase-1-200-kva\/#primaryimage"},"image":{"@id":"https:\/\/redsanstore.com\/fr\/urun\/monophase-1-200-kva\/#primaryimage"},"thumbnailUrl":"https:\/\/redsanstore.com\/wp-content\/uploads\/2022\/09\/regulator-monofaz.jpg","datePublished":"2022-09-28T08:43:04+00:00","dateModified":"2026-02-25T11:12:46+00:00","breadcrumb":{"@id":"https:\/\/redsanstore.com\/fr\/urun\/monophase-1-200-kva\/#breadcrumb"},"inLanguage":"fr-FR","potentialAction":[{"@type":"ReadAction","target":["https:\/\/redsanstore.com\/fr\/urun\/monophase-1-200-kva\/"]}]},{"@type":"ImageObject","inLanguage":"fr-FR","@id":"https:\/\/redsanstore.com\/fr\/urun\/monophase-1-200-kva\/#primaryimage","url":"https:\/\/redsanstore.com\/wp-content\/uploads\/2022\/09\/regulator-monofaz.jpg","contentUrl":"https:\/\/redsanstore.com\/wp-content\/uploads\/2022\/09\/regulator-monofaz.jpg","width":1440,"height":1080},{"@type":"BreadcrumbList","@id":"https:\/\/redsanstore.com\/fr\/urun\/monophase-1-200-kva\/#breadcrumb","itemListElement":[{"@type":"ListItem","position":1,"name":"Anasayfa","item":"https:\/\/redsanstore.com\/fr\/"},{"@type":"ListItem","position":2,"name":"Magasin","item":"https:\/\/redsanstore.com\/fr\/magasin\/"},{"@type":"ListItem","position":3,"name":"Monophas\u00e9 1-200 KVA"}]},{"@type":"WebSite","@id":"https:\/\/redsanstore.com\/#website","url":"https:\/\/redsanstore.com\/","name":"Redsan Store","description":"Redres\u00f6r - Reg\u00fclat\u00f6r - UPS - Ak\u00fc","publisher":{"@id":"https:\/\/redsanstore.com\/#organization"},"alternateName":"Redres\u00f6r ve Kesintisiz G\u00fc\u00e7 Kayna\u011f\u0131 Ups","potentialAction":[{"@type":"SearchAction","target":{"@type":"EntryPoint","urlTemplate":"https:\/\/redsanstore.com\/?s={search_term_string}"},"query-input":{"@type":"PropertyValueSpecification","valueRequired":true,"valueName":"search_term_string"}}],"inLanguage":"fr-FR"},{"@type":"Organization","@id":"https:\/\/redsanstore.com\/#organization","name":"Redsan Store","alternateName":"Redres\u00f6r ve Kesintisiz G\u00fc\u00e7 Kayna\u011f\u0131 Ups","url":"https:\/\/redsanstore.com\/","logo":{"@type":"ImageObject","inLanguage":"fr-FR","@id":"https:\/\/redsanstore.com\/#\/schema\/logo\/image\/","url":"https:\/\/redsanstore.com\/wp-content\/uploads\/2024\/06\/redresor-ups-site-gorseli.jpg","contentUrl":"https:\/\/redsanstore.com\/wp-content\/uploads\/2024\/06\/redresor-ups-site-gorseli.jpg","width":1200,"height":675,"caption":"Redsan Store"},"image":{"@id":"https:\/\/redsanstore.com\/#\/schema\/logo\/image\/"},"sameAs":["https:\/\/www.facebook.com\/redsanelektronik","https:\/\/www.instagram.com\/redsanelektronik\/","https:\/\/www.linkedin.com\/company\/redsan-elektronik\/"]}]}},"_links":{"self":[{"href":"https:\/\/redsanstore.com\/fr\/wp-json\/wp\/v2\/product\/100633","targetHints":{"allow":["GET"]}}],"collection":[{"href":"https:\/\/redsanstore.com\/fr\/wp-json\/wp\/v2\/product"}],"about":[{"href":"https:\/\/redsanstore.com\/fr\/wp-json\/wp\/v2\/types\/product"}],"replies":[{"embeddable":true,"href":"https:\/\/redsanstore.com\/fr\/wp-json\/wp\/v2\/comments?post=100633"}],"version-history":[{"count":1,"href":"https:\/\/redsanstore.com\/fr\/wp-json\/wp\/v2\/product\/100633\/revisions"}],"predecessor-version":[{"id":101485,"href":"https:\/\/redsanstore.com\/fr\/wp-json\/wp\/v2\/product\/100633\/revisions\/101485"}],"wp:featuredmedia":[{"embeddable":true,"href":"https:\/\/redsanstore.com\/fr\/wp-json\/wp\/v2\/media\/100634"}],"wp:attachment":[{"href":"https:\/\/redsanstore.com\/fr\/wp-json\/wp\/v2\/media?parent=100633"}],"wp:term":[{"taxonomy":"product_brand","embeddable":true,"href":"https:\/\/redsanstore.com\/fr\/wp-json\/wp\/v2\/product_brand?post=100633"},{"taxonomy":"product_cat","embeddable":true,"href":"https:\/\/redsanstore.com\/fr\/wp-json\/wp\/v2\/product_cat?post=100633"},{"taxonomy":"product_tag","embeddable":true,"href":"https:\/\/redsanstore.com\/fr\/wp-json\/wp\/v2\/product_tag?post=100633"}],"curies":[{"name":"wp","href":"https:\/\/api.w.org\/{rel}","templated":true}]}}