{"id":100592,"date":"2024-10-02T09:43:08","date_gmt":"2024-10-02T06:43:08","guid":{"rendered":"https:\/\/redsanstore.com\/urun\/220-24v-dc-26-ahr-20a-redresor\/"},"modified":"2024-10-02T09:43:08","modified_gmt":"2024-10-02T06:43:08","slug":"220-24v-dc-26-ahr-20a-redresor","status":"publish","type":"product","link":"https:\/\/redsanstore.com\/fr\/urun\/220-24v-dc-26-ahr-20a-redresor\/","title":{"rendered":"220-24V DC-26 Ahr 20A REDRES\u00d6R"},"content":{"rendered":"\n<table id=\"tablepress-37\" class=\"tablepress tablepress-id-37 tbody-has-connected-cells\">\n<tbody class=\"row-striping row-hover\">\n<tr class=\"row-1\">\n\t<td class=\"column-1\"><a href=\"https:\/\/redsanstore.com\/wp-content\/uploads\/2024\/10\/220-24V-DC-26AH-20A-REDRESOR.pdf\">Katalog \u0130ndir<\/a><\/td><td class=\"column-2\"><\/td>\n<\/tr>\n<tr class=\"row-2\">\n\t<td colspan=\"2\" class=\"column-1\"><strong>220-24V DC-26 AHR \/ 10A REDRES\u00d6R<\/strong><\/td>\n<\/tr>\n<tr class=\"row-3\">\n\t<td class=\"column-1\">Nominal Gerilim<\/td><td class=\"column-2\">: 230V AC\u00a0( \u00b1% 20 )<\/td>\n<\/tr>\n<tr class=\"row-4\">\n\t<td class=\"column-1\">Frekans<\/td><td class=\"column-2\">: 50 Hz\u00a0(\u00b1% 5)<\/td>\n<\/tr>\n<tr class=\"row-5\">\n\t<td class=\"column-1\">Giri\u015f G\u00fcc\u00fc<\/td><td class=\"column-2\">: 1000VA<\/td>\n<\/tr>\n<tr class=\"row-6\">\n\t<td class=\"column-1\">G\u00fc\u00e7 Fakt\u00f6r\u00fc<\/td><td class=\"column-2\">: > 0.8<\/td>\n<\/tr>\n<tr class=\"row-7\">\n\t<td class=\"column-1\">\u00c7\u0131k\u0131\u015f Gerilimi<\/td><td class=\"column-2\">: 26.5V DC<\/td>\n<\/tr>\n<tr class=\"row-8\">\n\t<td class=\"column-1\">Ayarlanabilir Gerilim<\/td><td class=\"column-2\">: 20-30V DC (1V Ad\u0131mlarla)<\/td>\n<\/tr>\n<tr class=\"row-9\">\n\t<td class=\"column-1\">\u00c7\u0131k\u0131\u015f Ak\u0131m\u0131<\/td><td class=\"column-2\">: 20A<\/td>\n<\/tr>\n<tr class=\"row-10\">\n\t<td class=\"column-1\">Ayarlanabilir \u00c7\u0131k\u0131\u015f Ak\u0131m\u0131<\/td><td class=\"column-2\">: 1-20A<\/td>\n<\/tr>\n<tr class=\"row-11\">\n\t<td class=\"column-1\">\u00c7\u0131k\u0131\u015f G\u00fcc\u00fc<\/td><td class=\"column-2\">: 520W (maks)<\/td>\n<\/tr>\n<tr class=\"row-12\">\n\t<td class=\"column-1\">G\u00fc\u00e7 Kontrol Teknolojisi<\/td><td class=\"column-2\">: \u0130zolasyon Trafolu Trist\u00f6r Kontroll\u00fc Do\u011frultucu<\/td>\n<\/tr>\n<tr class=\"row-13\">\n\t<td class=\"column-1\">Verim<\/td><td class=\"column-2\">: \u02c3%75<\/td>\n<\/tr>\n<tr class=\"row-14\">\n\t<td class=\"column-1\">So\u011futma<\/td><td class=\"column-2\">: Hava so\u011futmal\u0131 do\u011fal dola\u015f\u0131ml\u0131 (AN)<\/td>\n<\/tr>\n<tr class=\"row-15\">\n\t<td class=\"column-1\">:al\u0131\u015fma S\u0131cakl\u0131\u011f\u0131<\/td><td class=\"column-2\">: -20 ile 55 C<\/td>\n<\/tr>\n<tr class=\"row-16\">\n\t<td class=\"column-1\">Standartlar<\/td><td class=\"column-2\">: IEC 60146 (T\u0130P TEST\u0130) IEC 62040 (EMC)<\/td>\n<\/tr>\n<tr class=\"row-17\">\n\t<td class=\"column-1\">Kalite Belgeleri<\/td><td class=\"column-2\">: ISO 9001:2015, ISO 14001:2015, OHSAS 18001:2007<\/td>\n<\/tr>\n<tr class=\"row-18\">\n\t<td class=\"column-1\">\u0130zolasyon<\/td><td class=\"column-2\">: 2kV\/1 dk. (giri\u015f-\u00e7\u0131k\u0131\u015f, giri\u015f-g\u00f6vde, \u00e7\u0131k\u0131\u015f-g\u00f6vde)<\/td>\n<\/tr>\n<tr class=\"row-19\">\n\t<td class=\"column-1\">Ak\u00fc gurubu<\/td><td class=\"column-2\">: 26Ahr<\/td>\n<\/tr>\n<tr class=\"row-20\">\n\t<td class=\"column-1\">Ana Ekranda \u0130zlenebilen Parametreler<\/td><td class=\"column-2\">: \u00c7\u0131k\u0131\u015f gerilimi ve ak\u0131m\u0131 DC art\u0131 ve eksi ka\u00e7ak a\u015f\u0131r\u0131 y\u00fck<\/td>\n<\/tr>\n<tr class=\"row-21\">\n\t<td class=\"column-1\">\u00d6l\u00e7\u00fc \/ Kg<\/td><td class=\"column-2\">: En 24 cm, Boy 43 cm, Derinlik 48 cm, A\u011f\u0131rl\u0131k 21 kg<\/td>\n<\/tr>\n<\/tbody>\n<\/table>\n<!-- #tablepress-37 from cache -->\n<h2><strong><span style=\"color: #8a2432;\">220-24 V CC &#8211; 26 Ahr 20 A REDRES\u00d6R<\/span><\/strong><\/h2>\n<blockquote>\n<h2>2 ANS DE GARANTIE<\/h2>\n<h2>LIVRAISON GRATUITE<\/h2>\n<h4 style=\"text-align: left;\"><strong>#redres\u00f6r #220-24V-DC<\/strong><\/h4>\n<\/blockquote>\n<p><span style=\"color: #8b2533;\"><strong>Informations g\u00e9n\u00e9rales<\/strong><\/span><\/p>\n<p>Le redresseur est un composant \u00e9lectronique qui convertit l&rsquo;\u00e9nergie \u00e9lectrique du courant alternatif (CA) en courant continu (CC). Ce processus de conversion joue un r\u00f4le essentiel dans de nombreuses applications, car de nombreux appareils \u00e9lectroniques ont besoin de courant continu pour fonctionner correctement. Les redresseurs ont g\u00e9n\u00e9ralement une fonction de redressement et sont utilis\u00e9s dans un large \u00e9ventail d&rsquo;applications, des applications industrielles aux appareils m\u00e9nagers. Le principe de fonctionnement des redresseurs repose sur les propri\u00e9t\u00e9s des diodes. Les diodes sont des composants semi-conducteurs qui ne permettent le passage du courant que dans un seul sens. Lorsqu&rsquo;une tension alternative est appliqu\u00e9e, les diodes ne laissent passer le courant que dans un certain sens, convertissant ainsi la demi-onde positive du courant alternatif en courant continu. Ce processus est simple dans les redresseurs \u00e0 demi-onde, mais une structure plus complexe est utilis\u00e9e dans les redresseurs \u00e0 onde compl\u00e8te. En conclusion, le redresseur est un \u00e9l\u00e9ment indispensable de l&rsquo;\u00e9lectronique moderne. Indispensable \u00e0 la bonne utilisation de l&rsquo;\u00e9nergie \u00e9lectrique, cet \u00e9l\u00e9ment joue un r\u00f4le important dans un large \u00e9ventail d&rsquo;applications, des syst\u00e8mes complexes aux applications simples. Dans le domaine de l&rsquo;ing\u00e9nierie \u00e9lectrique et de la conception \u00e9lectronique, le choix correct des redresseurs est d&rsquo;une importance cruciale pour l&rsquo;efficacit\u00e9 et les performances des syst\u00e8mes.       <\/p>\n<h3><strong><span style=\"color: #8a2432;\">Fonctions principales :<\/span><\/strong><\/h3>\n<ul>\n<li><strong>Conversion du courant alternatif en courant continu :<\/strong> le redresseur convertit le courant alternatif en courant continu, ce qui permet de stocker ou d&rsquo;utiliser l&rsquo;\u00e9lectricit\u00e9.<\/li>\n<li><strong>Assurer une sortie r\u00e9guli\u00e8re :<\/strong> Assure que la tension CC en sortie est stable et r\u00e9guli\u00e8re.<\/li>\n<\/ul>\n<h3><strong><span style=\"color: #8a2432;\">Types :<\/span><\/strong><\/h3>\n<ul>\n<li><span style=\"color: #000000;\"><strong>Redresseurs unidirectionnels :<\/strong> ils convertissent g\u00e9n\u00e9ralement le courant alternatif en courant continu \u00e0 l&rsquo;aide de diodes.<\/span><\/li>\n<li><span style=\"color: #000000;\"><strong>Redresseurs \u00e0 quatre voies :<\/strong> utilis\u00e9s pour obtenir un rendement sup\u00e9rieur et une sortie CC r\u00e9guli\u00e8re.<\/span><\/li>\n<\/ul>\n<h2><strong><span style=\"color: #8a2432;\">Domaines d&rsquo;utilisation :<\/span><\/strong><\/h2>\n<h3><strong><span style=\"color: #8a2432;\">1. Appareils \u00e9lectroniques :<\/span><\/strong><\/h3>\n<ul>\n<li>Il est utilis\u00e9 dans les appareils tels que les radios, les t\u00e9l\u00e9viseurs et les ordinateurs pour convertir le courant alternatif en courant continu.<\/li>\n<\/ul>\n<h3><strong><span style=\"color: #8a2432;\">2. Chargeurs de batterie :<\/span><\/strong><\/h3>\n<ul>\n<li>Il est couramment utilis\u00e9 pour charger les batteries de v\u00e9hicules et divers syst\u00e8mes de stockage d&rsquo;\u00e9nergie.<\/li>\n<\/ul>\n<h3><strong><span style=\"color: #8a2432;\">3. Applications industrielles :<\/span><\/strong><\/h3>\n<ul>\n<li>Il est utilis\u00e9 dans les syst\u00e8mes de contr\u00f4le moteur, les syst\u00e8mes d&rsquo;automatisation et les technologies robotiques.<\/li>\n<\/ul>\n<h3><strong><span style=\"color: #8a2432;\">4. Sources d&rsquo;\u00e9nergie :<\/span><\/strong><\/h3>\n<ul>\n<li>Les alimentations \u00e9lectriques \u00e0 courant continu utilisent des redresseurs pour assurer le fonctionnement de divers circuits \u00e9lectroniques.<\/li>\n<\/ul>\n<h3><strong><span style=\"color: #8a2432;\">5. T\u00e9l\u00e9communications :<\/span><\/strong><\/h3>\n<ul>\n<li>Il fonctionne en fournissant une tension continue aux centraux t\u00e9l\u00e9phoniques et aux syst\u00e8mes de communication.<\/li>\n<\/ul>\n<h3><strong><span style=\"color: #8a2432;\">6. Syst\u00e8mes d&rsquo;\u00e9nergie renouvelable :<\/span><\/strong><\/h3>\n<ul>\n<li>Il est utilis\u00e9 pour convertir le courant alternatif produit par les panneaux solaires en courant continu.<\/li>\n<\/ul>\n<h3><strong><span style=\"color: #8a2432;\">7. \u00c9quipements m\u00e9dicaux :<\/span><\/strong><\/h3>\n<ul>\n<li>Utilis\u00e9 dans les h\u00f4pitaux et les appareils m\u00e9dicaux pour fournir une alimentation \u00e9lectrique fiable et stable.<\/li>\n<\/ul>\n<h3><strong><span style=\"color: #8a2432;\">8. Syst\u00e8mes d&rsquo;\u00e9clairage :<\/span><\/strong><\/h3>\n<ul>\n<li>Il est pr\u00e9f\u00e9r\u00e9 dans les syst\u00e8mes d&rsquo;\u00e9clairage n\u00e9cessitant du courant continu, tels que les \u00e9clairages LED.<\/li>\n<\/ul>\n<p>&nbsp;<\/p>\n<h3><strong><span style=\"color: #8b2533;\">L&rsquo;utilisation d&rsquo;un redresseur pr\u00e9sente de nombreux avantages. Voici ses principaux atouts : <\/span><\/strong><\/h3>\n<h3><strong>1. Conversion du courant alternatif en courant continu :<\/strong><\/h3>\n<ul>\n<li>La plupart des circuits \u00e9lectroniques et des appareils ont besoin d&rsquo;une tension continue. Les redresseurs adaptent l&rsquo;alimentation en courant alternatif \u00e0 ce type d&rsquo;appareils. <\/li>\n<\/ul>\n<h3><strong><span style=\"color: #8a2432;\">2. Efficacit\u00e9 \u00e9nerg\u00e9tique :<\/span><\/strong><\/h3>\n<ul>\n<li>Les redresseurs modernes fonctionnent avec un rendement \u00e9lev\u00e9, ce qui minimise les pertes d&rsquo;\u00e9nergie et r\u00e9duit la consommation d&rsquo;\u00e9nergie.<\/li>\n<\/ul>\n<h3><strong><span style=\"color: #8a2432;\">3. Fiabilit\u00e9 :<\/span><\/strong><\/h3>\n<ul>\n<li>Les redresseurs assurent un fonctionnement plus stable des syst\u00e8mes \u00e9lectriques. Une sortie CC r\u00e9guli\u00e8re prolonge la dur\u00e9e de vie des appareils. <\/li>\n<\/ul>\n<h3><strong><span style=\"color: #8a2432;\">4. Charge de la batterie :<\/span><\/strong><\/h3>\n<ul>\n<li>Utilis\u00e9 dans les syst\u00e8mes de charge de batterie, il garantit une charge s\u00fbre et efficace des batteries.<\/li>\n<\/ul>\n<h3><strong><span style=\"color: #8a2432;\">5. Diff\u00e9rentes applications :<\/span><\/strong><\/h3>\n<ul>\n<li>Il est utilis\u00e9 dans de nombreux domaines, des machines industrielles \u00e0 l&rsquo;\u00e9lectronique domestique, ce qui lui conf\u00e8re une grande polyvalence.<\/li>\n<\/ul>\n<h3><strong><span style=\"color: #8a2432;\">6. Niveaux sonores plus faibles :<\/span><\/strong><\/h3>\n<ul>\n<li>Une sortie CC r\u00e9guli\u00e8re g\u00e9n\u00e8re moins de bruit et de vibrations sur les moteurs et autres appareils.<\/li>\n<\/ul>\n<h3><strong><span style=\"color: #8a2432;\">7. Int\u00e9gration facile :<\/span><\/strong><\/h3>\n<ul>\n<li>Les redresseurs peuvent \u00eatre facilement int\u00e9gr\u00e9s \u00e0 divers composants de circuit, ce qui simplifie la conception des circuits.<\/li>\n<\/ul>\n<ul>\n<li>Machines industrielles<a href=\"https:\/\/redsanstore.com\/wp-content\/uploads\/2022\/09\/Varlik-25.png\"><img fetchpriority=\"high\" decoding=\"async\" class=\"alignnone wp-image-94285 size-full\" src=\"https:\/\/redsanstore.com\/wp-content\/uploads\/2022\/09\/Varlik-25.png\" alt=\"\" width=\"1120\" height=\"1464\" srcset=\"https:\/\/redsanstore.com\/wp-content\/uploads\/2022\/09\/Varlik-25.png 1120w, https:\/\/redsanstore.com\/wp-content\/uploads\/2022\/09\/Varlik-25-230x300.png 230w, https:\/\/redsanstore.com\/wp-content\/uploads\/2022\/09\/Varlik-25-783x1024.png 783w, https:\/\/redsanstore.com\/wp-content\/uploads\/2022\/09\/Varlik-25-768x1004.png 768w, https:\/\/redsanstore.com\/wp-content\/uploads\/2022\/09\/Varlik-25-600x784.png 600w, https:\/\/redsanstore.com\/wp-content\/uploads\/2022\/09\/Varlik-25-150x196.png 150w\" sizes=\"(max-width: 1120px) 100vw, 1120px\" \/><\/a><\/li>\n<\/ul>\n<p>&nbsp;<\/p>\n","protected":false},"excerpt":{"rendered":"<p><a href=\"https:\/\/redsanstore.com\/wp-content\/uploads\/2022\/09\/Varlik-1.png\"><img decoding=\"async\" class=\"wp-image-93650 alignnone\" src=\"https:\/\/redsanstore.com\/wp-content\/uploads\/2022\/09\/Varlik-1.png\" alt=\"\" width=\"209\" height=\"37\" srcset=\"https:\/\/redsanstore.com\/wp-content\/uploads\/2022\/09\/Varlik-1.png 361w, https:\/\/redsanstore.com\/wp-content\/uploads\/2022\/09\/Varlik-1-300x53.png 300w, https:\/\/redsanstore.com\/wp-content\/uploads\/2022\/09\/Varlik-1-150x27.png 150w\" sizes=\"(max-width: 209px) 100vw, 209px\" \/><\/a><\/p>\n<div class=\"woocommerce-product-details__short-description\">\n<p>Le produit sera exp\u00e9di\u00e9 sous 1 \u00e0 3 jours ouvr\u00e9s.<\/p>\n<\/div>\n","protected":false},"featured_media":100598,"comment_status":"open","ping_status":"closed","template":"","meta":[],"product_brand":[],"product_cat":[618],"product_tag":[],"class_list":{"0":"post-100592","1":"product","2":"type-product","3":"status-publish","4":"has-post-thumbnail","6":"product_cat-24-vcc","8":"first","9":"instock","10":"taxable","11":"shipping-taxable","12":"purchasable","13":"product-type-simple"},"yoast_head":"<!-- This site is optimized with the Yoast SEO Premium plugin v25.8 (Yoast SEO v25.9) - https:\/\/yoast.com\/wordpress\/plugins\/seo\/ -->\n<title>220-24V DC-26 Ahr 20A REDRES\u00d6R - Boutique Redsan<\/title>\n<meta name=\"robots\" content=\"index, follow, max-snippet:-1, max-image-preview:large, max-video-preview:-1\" \/>\n<link rel=\"canonical\" href=\"https:\/\/redsanstore.com\/fr\/urun\/220-24v-dc-26-ahr-20a-redresor\/\" \/>\n<meta property=\"og:locale\" content=\"fr_FR\" \/>\n<meta property=\"og:type\" content=\"article\" \/>\n<meta property=\"og:title\" content=\"220-24V DC-26 Ahr 20A REDRES\u00d6R\" \/>\n<meta property=\"og:description\" content=\"Le produit sera exp\u00e9di\u00e9 sous 1 \u00e0 3 jours ouvr\u00e9s.\" \/>\n<meta property=\"og:url\" content=\"https:\/\/redsanstore.com\/fr\/urun\/220-24v-dc-26-ahr-20a-redresor\/\" \/>\n<meta property=\"og:site_name\" content=\"Redsan Store\" \/>\n<meta property=\"article:publisher\" content=\"https:\/\/www.facebook.com\/redsanelektronik\" \/>\n<meta property=\"og:image\" content=\"https:\/\/redsanstore.com\/wp-content\/uploads\/2024\/10\/220-24V-DC-26-Ahr-20A-REDRESOR-on.jpg\" \/>\n\t<meta property=\"og:image:width\" content=\"1200\" \/>\n\t<meta property=\"og:image:height\" content=\"1200\" \/>\n\t<meta property=\"og:image:type\" content=\"image\/jpeg\" \/>\n<meta name=\"twitter:card\" content=\"summary_large_image\" \/>\n<meta name=\"twitter:label1\" content=\"Est. reading time\" \/>\n\t<meta name=\"twitter:data1\" content=\"3 minutes\" \/>\n<script type=\"application\/ld+json\" class=\"yoast-schema-graph\">{\"@context\":\"https:\/\/schema.org\",\"@graph\":[{\"@type\":\"WebPage\",\"@id\":\"https:\/\/redsanstore.com\/fr\/urun\/220-24v-dc-26-ahr-20a-redresor\/\",\"url\":\"https:\/\/redsanstore.com\/fr\/urun\/220-24v-dc-26-ahr-20a-redresor\/\",\"name\":\"220-24V DC-26 Ahr 20A REDRES\u00d6R - Boutique Redsan\",\"isPartOf\":{\"@id\":\"https:\/\/redsanstore.com\/#website\"},\"primaryImageOfPage\":{\"@id\":\"https:\/\/redsanstore.com\/fr\/urun\/220-24v-dc-26-ahr-20a-redresor\/#primaryimage\"},\"image\":{\"@id\":\"https:\/\/redsanstore.com\/fr\/urun\/220-24v-dc-26-ahr-20a-redresor\/#primaryimage\"},\"thumbnailUrl\":\"https:\/\/redsanstore.com\/wp-content\/uploads\/2024\/10\/220-24V-DC-26-Ahr-20A-REDRESOR-on.jpg\",\"datePublished\":\"2024-10-02T06:43:08+00:00\",\"breadcrumb\":{\"@id\":\"https:\/\/redsanstore.com\/fr\/urun\/220-24v-dc-26-ahr-20a-redresor\/#breadcrumb\"},\"inLanguage\":\"fr-FR\",\"potentialAction\":[{\"@type\":\"ReadAction\",\"target\":[\"https:\/\/redsanstore.com\/fr\/urun\/220-24v-dc-26-ahr-20a-redresor\/\"]}]},{\"@type\":\"ImageObject\",\"inLanguage\":\"fr-FR\",\"@id\":\"https:\/\/redsanstore.com\/fr\/urun\/220-24v-dc-26-ahr-20a-redresor\/#primaryimage\",\"url\":\"https:\/\/redsanstore.com\/wp-content\/uploads\/2024\/10\/220-24V-DC-26-Ahr-20A-REDRESOR-on.jpg\",\"contentUrl\":\"https:\/\/redsanstore.com\/wp-content\/uploads\/2024\/10\/220-24V-DC-26-Ahr-20A-REDRESOR-on.jpg\",\"width\":1200,\"height\":1200},{\"@type\":\"BreadcrumbList\",\"@id\":\"https:\/\/redsanstore.com\/fr\/urun\/220-24v-dc-26-ahr-20a-redresor\/#breadcrumb\",\"itemListElement\":[{\"@type\":\"ListItem\",\"position\":1,\"name\":\"Anasayfa\",\"item\":\"https:\/\/redsanstore.com\/fr\/\"},{\"@type\":\"ListItem\",\"position\":2,\"name\":\"Magasin\",\"item\":\"https:\/\/redsanstore.com\/fr\/magasin\/\"},{\"@type\":\"ListItem\",\"position\":3,\"name\":\"220-24V DC-26 Ahr 20A REDRES\u00d6R\"}]},{\"@type\":\"WebSite\",\"@id\":\"https:\/\/redsanstore.com\/#website\",\"url\":\"https:\/\/redsanstore.com\/\",\"name\":\"Redsan Store\",\"description\":\"Redres\u00f6r - Reg\u00fclat\u00f6r - UPS - Ak\u00fc\",\"publisher\":{\"@id\":\"https:\/\/redsanstore.com\/#organization\"},\"alternateName\":\"Redres\u00f6r ve Kesintisiz G\u00fc\u00e7 Kayna\u011f\u0131 Ups\",\"potentialAction\":[{\"@type\":\"SearchAction\",\"target\":{\"@type\":\"EntryPoint\",\"urlTemplate\":\"https:\/\/redsanstore.com\/?s={search_term_string}\"},\"query-input\":{\"@type\":\"PropertyValueSpecification\",\"valueRequired\":true,\"valueName\":\"search_term_string\"}}],\"inLanguage\":\"fr-FR\"},{\"@type\":\"Organization\",\"@id\":\"https:\/\/redsanstore.com\/#organization\",\"name\":\"Redsan Store\",\"alternateName\":\"Redres\u00f6r ve Kesintisiz G\u00fc\u00e7 Kayna\u011f\u0131 Ups\",\"url\":\"https:\/\/redsanstore.com\/\",\"logo\":{\"@type\":\"ImageObject\",\"inLanguage\":\"fr-FR\",\"@id\":\"https:\/\/redsanstore.com\/#\/schema\/logo\/image\/\",\"url\":\"https:\/\/redsanstore.com\/wp-content\/uploads\/2024\/06\/redresor-ups-site-gorseli.jpg\",\"contentUrl\":\"https:\/\/redsanstore.com\/wp-content\/uploads\/2024\/06\/redresor-ups-site-gorseli.jpg\",\"width\":1200,\"height\":675,\"caption\":\"Redsan Store\"},\"image\":{\"@id\":\"https:\/\/redsanstore.com\/#\/schema\/logo\/image\/\"},\"sameAs\":[\"https:\/\/www.facebook.com\/redsanelektronik\",\"https:\/\/www.instagram.com\/redsanelektronik\/\",\"https:\/\/www.linkedin.com\/company\/redsan-elektronik\/\"]}]}<\/script>\n<!-- \/ Yoast SEO Premium plugin. -->","yoast_head_json":{"title":"220-24V DC-26 Ahr 20A REDRES\u00d6R - Boutique Redsan","robots":{"index":"index","follow":"follow","max-snippet":"max-snippet:-1","max-image-preview":"max-image-preview:large","max-video-preview":"max-video-preview:-1"},"canonical":"https:\/\/redsanstore.com\/fr\/urun\/220-24v-dc-26-ahr-20a-redresor\/","og_locale":"fr_FR","og_type":"article","og_title":"220-24V DC-26 Ahr 20A REDRES\u00d6R","og_description":"Le produit sera exp\u00e9di\u00e9 sous 1 \u00e0 3 jours ouvr\u00e9s.","og_url":"https:\/\/redsanstore.com\/fr\/urun\/220-24v-dc-26-ahr-20a-redresor\/","og_site_name":"Redsan Store","article_publisher":"https:\/\/www.facebook.com\/redsanelektronik","og_image":[{"width":1200,"height":1200,"url":"https:\/\/redsanstore.com\/wp-content\/uploads\/2024\/10\/220-24V-DC-26-Ahr-20A-REDRESOR-on.jpg","type":"image\/jpeg"}],"twitter_card":"summary_large_image","twitter_misc":{"Est. reading time":"3 minutes"},"schema":{"@context":"https:\/\/schema.org","@graph":[{"@type":"WebPage","@id":"https:\/\/redsanstore.com\/fr\/urun\/220-24v-dc-26-ahr-20a-redresor\/","url":"https:\/\/redsanstore.com\/fr\/urun\/220-24v-dc-26-ahr-20a-redresor\/","name":"220-24V DC-26 Ahr 20A REDRES\u00d6R - Boutique Redsan","isPartOf":{"@id":"https:\/\/redsanstore.com\/#website"},"primaryImageOfPage":{"@id":"https:\/\/redsanstore.com\/fr\/urun\/220-24v-dc-26-ahr-20a-redresor\/#primaryimage"},"image":{"@id":"https:\/\/redsanstore.com\/fr\/urun\/220-24v-dc-26-ahr-20a-redresor\/#primaryimage"},"thumbnailUrl":"https:\/\/redsanstore.com\/wp-content\/uploads\/2024\/10\/220-24V-DC-26-Ahr-20A-REDRESOR-on.jpg","datePublished":"2024-10-02T06:43:08+00:00","breadcrumb":{"@id":"https:\/\/redsanstore.com\/fr\/urun\/220-24v-dc-26-ahr-20a-redresor\/#breadcrumb"},"inLanguage":"fr-FR","potentialAction":[{"@type":"ReadAction","target":["https:\/\/redsanstore.com\/fr\/urun\/220-24v-dc-26-ahr-20a-redresor\/"]}]},{"@type":"ImageObject","inLanguage":"fr-FR","@id":"https:\/\/redsanstore.com\/fr\/urun\/220-24v-dc-26-ahr-20a-redresor\/#primaryimage","url":"https:\/\/redsanstore.com\/wp-content\/uploads\/2024\/10\/220-24V-DC-26-Ahr-20A-REDRESOR-on.jpg","contentUrl":"https:\/\/redsanstore.com\/wp-content\/uploads\/2024\/10\/220-24V-DC-26-Ahr-20A-REDRESOR-on.jpg","width":1200,"height":1200},{"@type":"BreadcrumbList","@id":"https:\/\/redsanstore.com\/fr\/urun\/220-24v-dc-26-ahr-20a-redresor\/#breadcrumb","itemListElement":[{"@type":"ListItem","position":1,"name":"Anasayfa","item":"https:\/\/redsanstore.com\/fr\/"},{"@type":"ListItem","position":2,"name":"Magasin","item":"https:\/\/redsanstore.com\/fr\/magasin\/"},{"@type":"ListItem","position":3,"name":"220-24V DC-26 Ahr 20A REDRES\u00d6R"}]},{"@type":"WebSite","@id":"https:\/\/redsanstore.com\/#website","url":"https:\/\/redsanstore.com\/","name":"Redsan Store","description":"Redres\u00f6r - Reg\u00fclat\u00f6r - UPS - Ak\u00fc","publisher":{"@id":"https:\/\/redsanstore.com\/#organization"},"alternateName":"Redres\u00f6r ve Kesintisiz G\u00fc\u00e7 Kayna\u011f\u0131 Ups","potentialAction":[{"@type":"SearchAction","target":{"@type":"EntryPoint","urlTemplate":"https:\/\/redsanstore.com\/?s={search_term_string}"},"query-input":{"@type":"PropertyValueSpecification","valueRequired":true,"valueName":"search_term_string"}}],"inLanguage":"fr-FR"},{"@type":"Organization","@id":"https:\/\/redsanstore.com\/#organization","name":"Redsan Store","alternateName":"Redres\u00f6r ve Kesintisiz G\u00fc\u00e7 Kayna\u011f\u0131 Ups","url":"https:\/\/redsanstore.com\/","logo":{"@type":"ImageObject","inLanguage":"fr-FR","@id":"https:\/\/redsanstore.com\/#\/schema\/logo\/image\/","url":"https:\/\/redsanstore.com\/wp-content\/uploads\/2024\/06\/redresor-ups-site-gorseli.jpg","contentUrl":"https:\/\/redsanstore.com\/wp-content\/uploads\/2024\/06\/redresor-ups-site-gorseli.jpg","width":1200,"height":675,"caption":"Redsan Store"},"image":{"@id":"https:\/\/redsanstore.com\/#\/schema\/logo\/image\/"},"sameAs":["https:\/\/www.facebook.com\/redsanelektronik","https:\/\/www.instagram.com\/redsanelektronik\/","https:\/\/www.linkedin.com\/company\/redsan-elektronik\/"]}]}},"_links":{"self":[{"href":"https:\/\/redsanstore.com\/fr\/wp-json\/wp\/v2\/product\/100592","targetHints":{"allow":["GET"]}}],"collection":[{"href":"https:\/\/redsanstore.com\/fr\/wp-json\/wp\/v2\/product"}],"about":[{"href":"https:\/\/redsanstore.com\/fr\/wp-json\/wp\/v2\/types\/product"}],"replies":[{"embeddable":true,"href":"https:\/\/redsanstore.com\/fr\/wp-json\/wp\/v2\/comments?post=100592"}],"version-history":[{"count":0,"href":"https:\/\/redsanstore.com\/fr\/wp-json\/wp\/v2\/product\/100592\/revisions"}],"wp:featuredmedia":[{"embeddable":true,"href":"https:\/\/redsanstore.com\/fr\/wp-json\/wp\/v2\/media\/100598"}],"wp:attachment":[{"href":"https:\/\/redsanstore.com\/fr\/wp-json\/wp\/v2\/media?parent=100592"}],"wp:term":[{"taxonomy":"product_brand","embeddable":true,"href":"https:\/\/redsanstore.com\/fr\/wp-json\/wp\/v2\/product_brand?post=100592"},{"taxonomy":"product_cat","embeddable":true,"href":"https:\/\/redsanstore.com\/fr\/wp-json\/wp\/v2\/product_cat?post=100592"},{"taxonomy":"product_tag","embeddable":true,"href":"https:\/\/redsanstore.com\/fr\/wp-json\/wp\/v2\/product_tag?post=100592"}],"curies":[{"name":"wp","href":"https:\/\/api.w.org\/{rel}","templated":true}]}}