{"id":100484,"date":"2024-02-22T12:23:01","date_gmt":"2024-02-22T09:23:01","guid":{"rendered":"https:\/\/redsanstore.com\/ups-monofaze-trifaze\/"},"modified":"2025-12-15T13:16:16","modified_gmt":"2025-12-15T10:16:16","slug":"ups-monofaze-trifaze","status":"publish","type":"page","link":"https:\/\/redsanstore.com\/fr\/ups-monofaze-trifaze\/","title":{"rendered":"UPS (MONOFAZE -TR\u0130FAZE)"},"content":{"rendered":"\t\t<div data-elementor-type=\"wp-page\" data-elementor-id=\"100484\" class=\"elementor elementor-100484 elementor-91426\" data-elementor-post-type=\"page\">\n\t\t\t\t\t\t<section class=\"wd-negative-gap elementor-section elementor-top-section elementor-element elementor-element-f96af4f elementor-section-boxed elementor-section-height-default elementor-section-height-default\" data-id=\"f96af4f\" data-element_type=\"section\" data-settings=\"{&quot;jet_parallax_layout_list&quot;:[]}\">\n\t\t\t\t\t\t<div class=\"elementor-container elementor-column-gap-default\">\n\t\t\t\t\t<div class=\"elementor-column elementor-col-50 elementor-top-column elementor-element elementor-element-2d25d05\" data-id=\"2d25d05\" data-element_type=\"column\">\n\t\t\t<div class=\"elementor-widget-wrap elementor-element-populated\">\n\t\t\t\t\t\t<div class=\"elementor-element elementor-element-8a58023 elementor-widget elementor-widget-wd_text_block\" data-id=\"8a58023\" data-element_type=\"widget\" data-widget_type=\"wd_text_block.default\">\n\t\t\t\t<div class=\"elementor-widget-container\">\n\t\t\t\t\t\t\t<div class=\"wd-text-block reset-last-child text-left\">\n\t\t\t\n\t\t\t<h2 style=\"text-align: center;\">UPS (monophas\u00e9 - triphas\u00e9) : solutions d'alimentation sans coupure<\/h2><p>L'UPS (Uninterruptible Power Supply), c'est-\u00e0-dire l'alimentation sans coupure, est un dispositif important utilis\u00e9 pour maintenir le fonctionnement des appareils en cas de coupure de courant. Les UPS monophas\u00e9s et triphas\u00e9s sont utilis\u00e9s pour \u00e9viter la perte de donn\u00e9es due aux coupures de courant, prot\u00e9ger les \u00e9quipements sensibles et assurer la continuit\u00e9 des activit\u00e9s. <\/p><h3 style=\"text-align: center;\">Qu'est-ce qu'un onduleur monophas\u00e9 ?<\/h3><p>Les onduleurs monophas\u00e9s sont des dispositifs d'alimentation \u00e9lectrique utilis\u00e9s dans les syst\u00e8mes CA (courant alternatif) monophas\u00e9s. Ils sont utilis\u00e9s dans les maisons, les petits bureaux et les entreprises pour assurer le fonctionnement ininterrompu des appareils connect\u00e9s \u00e0 des syst\u00e8mes \u00e9lectriques monophas\u00e9s. Les onduleurs monophas\u00e9s offrent une protection id\u00e9ale pour les ordinateurs, les routeurs, les modems et autres appareils sensibles.  <\/p>\n\t\t\t\t\t<\/div>\n\t\t\t\t\t\t<\/div>\n\t\t\t\t<\/div>\n\t\t\t\t<div class=\"elementor-element elementor-element-03c7c21 elementor-widget elementor-widget-spacer\" data-id=\"03c7c21\" data-element_type=\"widget\" data-widget_type=\"spacer.default\">\n\t\t\t\t<div class=\"elementor-widget-container\">\n\t\t\t\t\t\t\t<div class=\"elementor-spacer\">\n\t\t\t<div class=\"elementor-spacer-inner\"><\/div>\n\t\t<\/div>\n\t\t\t\t\t\t<\/div>\n\t\t\t\t<\/div>\n\t\t\t\t<div class=\"elementor-element elementor-element-0901954 elementor-widget__width-initial elementor-widget elementor-widget-image\" data-id=\"0901954\" data-element_type=\"widget\" data-widget_type=\"image.default\">\n\t\t\t\t<div class=\"elementor-widget-container\">\n\t\t\t\t\t\t\t\t\t\t\t\t\t\t\t<img fetchpriority=\"high\" decoding=\"async\" width=\"350\" height=\"350\" src=\"https:\/\/redsanstore.com\/wp-content\/uploads\/2024\/02\/ups.webp\" class=\"attachment-large size-large wp-image-100486\" alt=\"\" srcset=\"https:\/\/redsanstore.com\/wp-content\/uploads\/2024\/02\/ups.webp 350w, https:\/\/redsanstore.com\/wp-content\/uploads\/2024\/02\/ups-300x300.webp 300w, https:\/\/redsanstore.com\/wp-content\/uploads\/2024\/02\/ups-150x150.webp 150w\" sizes=\"(max-width: 350px) 100vw, 350px\" \/>\t\t\t\t\t\t\t\t\t\t\t\t\t\t\t<\/div>\n\t\t\t\t<\/div>\n\t\t\t\t\t<\/div>\n\t\t<\/div>\n\t\t\t\t<div class=\"elementor-column elementor-col-50 elementor-top-column elementor-element elementor-element-20af59d\" data-id=\"20af59d\" data-element_type=\"column\">\n\t\t\t<div class=\"elementor-widget-wrap elementor-element-populated\">\n\t\t\t\t\t\t<div class=\"elementor-element elementor-element-6b3f57e elementor-widget elementor-widget-image\" data-id=\"6b3f57e\" data-element_type=\"widget\" data-widget_type=\"image.default\">\n\t\t\t\t<div class=\"elementor-widget-container\">\n\t\t\t\t\t\t\t\t\t\t\t\t\t\t\t<img decoding=\"async\" width=\"200\" height=\"300\" src=\"https:\/\/redsanstore.com\/wp-content\/uploads\/2024\/02\/ups-monofaze-200x300-1.webp\" class=\"attachment-large size-large wp-image-100485\" alt=\"\" srcset=\"https:\/\/redsanstore.com\/wp-content\/uploads\/2024\/02\/ups-monofaze-200x300-1.webp 200w, https:\/\/redsanstore.com\/wp-content\/uploads\/2024\/02\/ups-monofaze-200x300-1-150x225.webp 150w\" sizes=\"(max-width: 200px) 100vw, 200px\" \/>\t\t\t\t\t\t\t\t\t\t\t\t\t\t\t<\/div>\n\t\t\t\t<\/div>\n\t\t\t\t<div class=\"elementor-element elementor-element-4aabf5c elementor-widget elementor-widget-wd_text_block\" data-id=\"4aabf5c\" data-element_type=\"widget\" data-widget_type=\"wd_text_block.default\">\n\t\t\t\t<div class=\"elementor-widget-container\">\n\t\t\t\t\t\t\t<div class=\"wd-text-block reset-last-child text-left\">\n\t\t\t\n\t\t\t<h3 style=\"text-align: center;\">Qu'est-ce qu'un onduleur triphas\u00e9 ?<\/h3><p>Les UPS triphas\u00e9s sont des dispositifs d'alimentation \u00e9lectrique utilis\u00e9s dans les syst\u00e8mes CA triphas\u00e9s. Ils sont utilis\u00e9s dans les installations industrielles, les grandes entreprises et les h\u00f4pitaux, qui n\u00e9cessitent une consommation d'\u00e9nergie \u00e9lev\u00e9e. Les UPS triphas\u00e9s assurent le fonctionnement ininterrompu des appareils connect\u00e9s \u00e0 des syst\u00e8mes \u00e9lectriques triphas\u00e9s et garantissent la continuit\u00e9 des syst\u00e8mes critiques.  <\/p>\n\t\t\t\t\t<\/div>\n\t\t\t\t\t\t<\/div>\n\t\t\t\t<\/div>\n\t\t\t\t<div class=\"elementor-element elementor-element-d385368 elementor-widget elementor-widget-wd_text_block\" data-id=\"d385368\" data-element_type=\"widget\" data-widget_type=\"wd_text_block.default\">\n\t\t\t\t<div class=\"elementor-widget-container\">\n\t\t\t\t\t\t\t<div class=\"wd-text-block reset-last-child text-left\">\n\t\t\t\n\t\t\t<p><strong>Les UPS comprennent g\u00e9n\u00e9ralement les composants suivants :<\/strong><\/p><p><strong>Batteries (Piles) :<\/strong> Elles sont utilis\u00e9es pour fournir de l'\u00e9nergie en cas de coupure de courant.<\/p><p><strong>Chargeur :<\/strong> Permet de recharger les batteries.<\/p><p><strong>Onduleur : <\/strong>convertit le courant continu en courant alternatif afin que les appareils connect\u00e9s puissent \u00eatre aliment\u00e9s en courant alternatif.<\/p><p><strong>Circuits de contr\u00f4le <\/strong>: d\u00e9tecte les pertes de puissance et contr\u00f4le le fonctionnement de l'onduleur.<\/p><p><strong>Prises de sortie ou connexions :<\/strong> permettent aux appareils connect\u00e9s d'acc\u00e9der \u00e0 l'alimentation fournie par l'onduleur.<\/p><p>Les onduleurs sont importants pour \u00e9viter les pertes de donn\u00e9es, les dommages mat\u00e9riels ou les interruptions de travail pouvant r\u00e9sulter de coupures de courant. Dans les endroits o\u00f9 se trouvent des syst\u00e8mes critiques, l'utilisation d'onduleurs garantit une continuit\u00e9 de travail sans interruption et contribue \u00e0 la protection des \u00e9quipements. <\/p>\n\t\t\t\t\t<\/div>\n\t\t\t\t\t\t<\/div>\n\t\t\t\t<\/div>\n\t\t\t\t\t<\/div>\n\t\t<\/div>\n\t\t\t\t\t<\/div>\n\t\t<\/section>\n\t\t\t\t<section class=\"wd-negative-gap elementor-section elementor-top-section elementor-element elementor-element-e713166 elementor-section-boxed elementor-section-height-default elementor-section-height-default\" data-id=\"e713166\" data-element_type=\"section\" data-settings=\"{&quot;jet_parallax_layout_list&quot;:[]}\">\n\t\t\t\t\t\t<div class=\"elementor-container elementor-column-gap-default\">\n\t\t\t\t\t<div class=\"elementor-column elementor-col-100 elementor-top-column elementor-element elementor-element-555da17\" data-id=\"555da17\" data-element_type=\"column\">\n\t\t\t<div class=\"elementor-widget-wrap elementor-element-populated\">\n\t\t\t\t\t\t<div class=\"elementor-element elementor-element-4ddc430 elementor-widget elementor-widget-spacer\" data-id=\"4ddc430\" data-element_type=\"widget\" data-widget_type=\"spacer.default\">\n\t\t\t\t<div class=\"elementor-widget-container\">\n\t\t\t\t\t\t\t<div class=\"elementor-spacer\">\n\t\t\t<div class=\"elementor-spacer-inner\"><\/div>\n\t\t<\/div>\n\t\t\t\t\t\t<\/div>\n\t\t\t\t<\/div>\n\t\t\t\t\t<\/div>\n\t\t<\/div>\n\t\t\t\t\t<\/div>\n\t\t<\/section>\n\t\t\t\t<section class=\"wd-negative-gap elementor-section elementor-top-section elementor-element elementor-element-2b15f24 elementor-section-boxed elementor-section-height-default elementor-section-height-default\" data-id=\"2b15f24\" data-element_type=\"section\" data-settings=\"{&quot;jet_parallax_layout_list&quot;:[]}\">\n\t\t\t\t\t\t<div class=\"elementor-container elementor-column-gap-default\">\n\t\t\t\t\t<div class=\"elementor-column elementor-col-100 elementor-top-column elementor-element elementor-element-f1a7a4a\" data-id=\"f1a7a4a\" data-element_type=\"column\">\n\t\t\t<div class=\"elementor-widget-wrap elementor-element-populated\">\n\t\t\t\t\t\t<div class=\"elementor-element elementor-element-cf71fa0 elementor-widget elementor-widget-wd_text_block\" data-id=\"cf71fa0\" data-element_type=\"widget\" data-widget_type=\"wd_text_block.default\">\n\t\t\t\t<div class=\"elementor-widget-container\">\n\t\t\t\t\t\t\t<div class=\"wd-text-block reset-last-child text-left\">\n\t\t\t\n\t\t\t<h3 style=\"text-align: center;\">Avantages<\/h3><ol><li><p><strong>Alimentation sans coupure :<\/strong> les onduleurs se mettent rapidement en marche en cas de coupure de courant afin d'assurer la continuit\u00e9 du fonctionnement des appareils et de fournir une alimentation sans interruption.<\/p><\/li><li><p><strong>Protection des donn\u00e9es :<\/strong> les onduleurs emp\u00eachent la perte de donn\u00e9es due aux coupures de courant et prot\u00e8gent les syst\u00e8mes informatiques.<\/p><\/li><li><p><strong>Protection des \u00e9quipements sensibles : <\/strong>les onduleurs pr\u00e9viennent les dommages caus\u00e9s par les fluctuations \u00e9lectriques et prot\u00e8gent les \u00e9quipements sensibles, ce qui prolonge la dur\u00e9e de vie des appareils.<\/p><\/li><li><p><strong>Continuit\u00e9 des activit\u00e9s :<\/strong> les onduleurs garantissent le fonctionnement ininterrompu des syst\u00e8mes critiques, am\u00e9liorant ainsi la continuit\u00e9 des activit\u00e9s et la productivit\u00e9.<\/p><\/li><li><p>Protection contre les surtensions : les onduleurs pr\u00e9viennent les dommages caus\u00e9s par les surtensions et assurent la s\u00e9curit\u00e9 des \u00e9quipements \u00e9lectroniques.<\/p><\/li><\/ol><p>Les onduleurs permettent aux entreprises et aux utilisateurs de disposer d'une source d'alimentation fiable en minimisant les effets n\u00e9gatifs des coupures de courant. Les onduleurs monophas\u00e9s et triphas\u00e9s offrent des solutions adapt\u00e9es \u00e0 divers domaines d'application et jouent un r\u00f4le essentiel dans la s\u00e9curit\u00e9 \u00e9lectrique et la stabilit\u00e9 des syst\u00e8mes. <\/p>\n\t\t\t\t\t<\/div>\n\t\t\t\t\t\t<\/div>\n\t\t\t\t<\/div>\n\t\t\t\t\t<\/div>\n\t\t<\/div>\n\t\t\t\t\t<\/div>\n\t\t<\/section>\n\t\t\t\t<\/div>\n\t\t","protected":false},"excerpt":{"rendered":"<p>UPS (monophas\u00e9 &#8211; triphas\u00e9) : solutions d&rsquo;alimentation sans coupure L&rsquo;UPS (Uninterruptible Power Supply), c&rsquo;est-\u00e0-dire l&rsquo;alimentation sans coupure, est un dispositif<\/p>\n","protected":false},"author":1,"featured_media":0,"parent":0,"menu_order":0,"comment_status":"closed","ping_status":"closed","template":"","meta":{"footnotes":""},"class_list":["post-100484","page","type-page","status-publish","hentry"],"yoast_head":"<!-- This site is optimized with the Yoast SEO Premium plugin v25.8 (Yoast SEO v25.9) - https:\/\/yoast.com\/wordpress\/plugins\/seo\/ -->\n<title>UPS (MONOFAZE -TR\u0130FAZE) - Redsan Store<\/title>\n<meta name=\"description\" content=\"UPS : L&#039;alimentation sans coupure est un dispositif important utilis\u00e9 pour maintenir le fonctionnement des appareils en cas de coupure de courant...\" \/>\n<meta name=\"robots\" content=\"index, follow, max-snippet:-1, max-image-preview:large, max-video-preview:-1\" \/>\n<link rel=\"canonical\" href=\"https:\/\/redsanstore.com\/fr\/ups-monofaze-trifaze\/\" \/>\n<meta property=\"og:locale\" content=\"fr_FR\" \/>\n<meta property=\"og:type\" content=\"article\" \/>\n<meta property=\"og:title\" content=\"UPS (MONOFAZE -TR\u0130FAZE)\" \/>\n<meta property=\"og:description\" content=\"UPS : L&#039;alimentation sans coupure est un dispositif important utilis\u00e9 pour maintenir le fonctionnement des appareils en cas de coupure de courant...\" \/>\n<meta property=\"og:url\" content=\"https:\/\/redsanstore.com\/fr\/ups-monofaze-trifaze\/\" \/>\n<meta property=\"og:site_name\" content=\"Redsan Store\" \/>\n<meta property=\"article:publisher\" content=\"https:\/\/www.facebook.com\/redsanelektronik\" \/>\n<meta property=\"article:modified_time\" content=\"2025-12-15T10:16:16+00:00\" \/>\n<meta property=\"og:image\" content=\"https:\/\/redsanstore.com\/wp-content\/uploads\/2024\/02\/ups.webp\" \/>\n\t<meta property=\"og:image:width\" content=\"350\" \/>\n\t<meta property=\"og:image:height\" content=\"350\" \/>\n\t<meta property=\"og:image:type\" content=\"image\/webp\" \/>\n<meta name=\"twitter:card\" content=\"summary_large_image\" \/>\n<meta name=\"twitter:label1\" content=\"Dur\u00e9e de lecture estim\u00e9e\" \/>\n\t<meta name=\"twitter:data1\" content=\"3 minutes\" \/>\n<script type=\"application\/ld+json\" class=\"yoast-schema-graph\">{\"@context\":\"https:\/\/schema.org\",\"@graph\":[{\"@type\":\"WebPage\",\"@id\":\"https:\/\/redsanstore.com\/fr\/ups-monofaze-trifaze\/\",\"url\":\"https:\/\/redsanstore.com\/fr\/ups-monofaze-trifaze\/\",\"name\":\"UPS (MONOFAZE -TR\u0130FAZE) - Redsan Store\",\"isPartOf\":{\"@id\":\"https:\/\/redsanstore.com\/#website\"},\"primaryImageOfPage\":{\"@id\":\"https:\/\/redsanstore.com\/fr\/ups-monofaze-trifaze\/#primaryimage\"},\"image\":{\"@id\":\"https:\/\/redsanstore.com\/fr\/ups-monofaze-trifaze\/#primaryimage\"},\"thumbnailUrl\":\"https:\/\/redsanstore.com\/wp-content\/uploads\/2024\/02\/ups.webp\",\"datePublished\":\"2024-02-22T09:23:01+00:00\",\"dateModified\":\"2025-12-15T10:16:16+00:00\",\"description\":\"UPS : L'alimentation sans coupure est un dispositif important utilis\u00e9 pour maintenir le fonctionnement des appareils en cas de coupure de courant...\",\"breadcrumb\":{\"@id\":\"https:\/\/redsanstore.com\/fr\/ups-monofaze-trifaze\/#breadcrumb\"},\"inLanguage\":\"fr-FR\",\"potentialAction\":[{\"@type\":\"ReadAction\",\"target\":[\"https:\/\/redsanstore.com\/fr\/ups-monofaze-trifaze\/\"]}]},{\"@type\":\"ImageObject\",\"inLanguage\":\"fr-FR\",\"@id\":\"https:\/\/redsanstore.com\/fr\/ups-monofaze-trifaze\/#primaryimage\",\"url\":\"https:\/\/redsanstore.com\/wp-content\/uploads\/2024\/02\/ups.webp\",\"contentUrl\":\"https:\/\/redsanstore.com\/wp-content\/uploads\/2024\/02\/ups.webp\"},{\"@type\":\"BreadcrumbList\",\"@id\":\"https:\/\/redsanstore.com\/fr\/ups-monofaze-trifaze\/#breadcrumb\",\"itemListElement\":[{\"@type\":\"ListItem\",\"position\":1,\"name\":\"Anasayfa\",\"item\":\"https:\/\/redsanstore.com\/fr\/\"},{\"@type\":\"ListItem\",\"position\":2,\"name\":\"UPS (MONOFAZE -TR\u0130FAZE)\"}]},{\"@type\":\"WebSite\",\"@id\":\"https:\/\/redsanstore.com\/#website\",\"url\":\"https:\/\/redsanstore.com\/\",\"name\":\"Redsan Store\",\"description\":\"Redres\u00f6r - Reg\u00fclat\u00f6r - UPS - Ak\u00fc\",\"publisher\":{\"@id\":\"https:\/\/redsanstore.com\/#organization\"},\"alternateName\":\"Redres\u00f6r ve Kesintisiz G\u00fc\u00e7 Kayna\u011f\u0131 Ups\",\"potentialAction\":[{\"@type\":\"SearchAction\",\"target\":{\"@type\":\"EntryPoint\",\"urlTemplate\":\"https:\/\/redsanstore.com\/?s={search_term_string}\"},\"query-input\":{\"@type\":\"PropertyValueSpecification\",\"valueRequired\":true,\"valueName\":\"search_term_string\"}}],\"inLanguage\":\"fr-FR\"},{\"@type\":\"Organization\",\"@id\":\"https:\/\/redsanstore.com\/#organization\",\"name\":\"Redsan Store\",\"alternateName\":\"Redres\u00f6r ve Kesintisiz G\u00fc\u00e7 Kayna\u011f\u0131 Ups\",\"url\":\"https:\/\/redsanstore.com\/\",\"logo\":{\"@type\":\"ImageObject\",\"inLanguage\":\"fr-FR\",\"@id\":\"https:\/\/redsanstore.com\/#\/schema\/logo\/image\/\",\"url\":\"https:\/\/redsanstore.com\/wp-content\/uploads\/2024\/06\/redresor-ups-site-gorseli.jpg\",\"contentUrl\":\"https:\/\/redsanstore.com\/wp-content\/uploads\/2024\/06\/redresor-ups-site-gorseli.jpg\",\"width\":1200,\"height\":675,\"caption\":\"Redsan Store\"},\"image\":{\"@id\":\"https:\/\/redsanstore.com\/#\/schema\/logo\/image\/\"},\"sameAs\":[\"https:\/\/www.facebook.com\/redsanelektronik\",\"https:\/\/www.instagram.com\/redsanelektronik\/\",\"https:\/\/www.linkedin.com\/company\/redsan-elektronik\/\"]}]}<\/script>\n<!-- \/ Yoast SEO Premium plugin. -->","yoast_head_json":{"title":"UPS (MONOFAZE -TR\u0130FAZE) - Redsan Store","description":"UPS : L'alimentation sans coupure est un dispositif important utilis\u00e9 pour maintenir le fonctionnement des appareils en cas de coupure de courant...","robots":{"index":"index","follow":"follow","max-snippet":"max-snippet:-1","max-image-preview":"max-image-preview:large","max-video-preview":"max-video-preview:-1"},"canonical":"https:\/\/redsanstore.com\/fr\/ups-monofaze-trifaze\/","og_locale":"fr_FR","og_type":"article","og_title":"UPS (MONOFAZE -TR\u0130FAZE)","og_description":"UPS : L'alimentation sans coupure est un dispositif important utilis\u00e9 pour maintenir le fonctionnement des appareils en cas de coupure de courant...","og_url":"https:\/\/redsanstore.com\/fr\/ups-monofaze-trifaze\/","og_site_name":"Redsan Store","article_publisher":"https:\/\/www.facebook.com\/redsanelektronik","article_modified_time":"2025-12-15T10:16:16+00:00","og_image":[{"width":350,"height":350,"url":"https:\/\/redsanstore.com\/wp-content\/uploads\/2024\/02\/ups.webp","type":"image\/webp"}],"twitter_card":"summary_large_image","twitter_misc":{"Dur\u00e9e de lecture estim\u00e9e":"3 minutes"},"schema":{"@context":"https:\/\/schema.org","@graph":[{"@type":"WebPage","@id":"https:\/\/redsanstore.com\/fr\/ups-monofaze-trifaze\/","url":"https:\/\/redsanstore.com\/fr\/ups-monofaze-trifaze\/","name":"UPS (MONOFAZE -TR\u0130FAZE) - Redsan Store","isPartOf":{"@id":"https:\/\/redsanstore.com\/#website"},"primaryImageOfPage":{"@id":"https:\/\/redsanstore.com\/fr\/ups-monofaze-trifaze\/#primaryimage"},"image":{"@id":"https:\/\/redsanstore.com\/fr\/ups-monofaze-trifaze\/#primaryimage"},"thumbnailUrl":"https:\/\/redsanstore.com\/wp-content\/uploads\/2024\/02\/ups.webp","datePublished":"2024-02-22T09:23:01+00:00","dateModified":"2025-12-15T10:16:16+00:00","description":"UPS : L'alimentation sans coupure est un dispositif important utilis\u00e9 pour maintenir le fonctionnement des appareils en cas de coupure de courant...","breadcrumb":{"@id":"https:\/\/redsanstore.com\/fr\/ups-monofaze-trifaze\/#breadcrumb"},"inLanguage":"fr-FR","potentialAction":[{"@type":"ReadAction","target":["https:\/\/redsanstore.com\/fr\/ups-monofaze-trifaze\/"]}]},{"@type":"ImageObject","inLanguage":"fr-FR","@id":"https:\/\/redsanstore.com\/fr\/ups-monofaze-trifaze\/#primaryimage","url":"https:\/\/redsanstore.com\/wp-content\/uploads\/2024\/02\/ups.webp","contentUrl":"https:\/\/redsanstore.com\/wp-content\/uploads\/2024\/02\/ups.webp"},{"@type":"BreadcrumbList","@id":"https:\/\/redsanstore.com\/fr\/ups-monofaze-trifaze\/#breadcrumb","itemListElement":[{"@type":"ListItem","position":1,"name":"Anasayfa","item":"https:\/\/redsanstore.com\/fr\/"},{"@type":"ListItem","position":2,"name":"UPS (MONOFAZE -TR\u0130FAZE)"}]},{"@type":"WebSite","@id":"https:\/\/redsanstore.com\/#website","url":"https:\/\/redsanstore.com\/","name":"Redsan Store","description":"Redres\u00f6r - Reg\u00fclat\u00f6r - UPS - Ak\u00fc","publisher":{"@id":"https:\/\/redsanstore.com\/#organization"},"alternateName":"Redres\u00f6r ve Kesintisiz G\u00fc\u00e7 Kayna\u011f\u0131 Ups","potentialAction":[{"@type":"SearchAction","target":{"@type":"EntryPoint","urlTemplate":"https:\/\/redsanstore.com\/?s={search_term_string}"},"query-input":{"@type":"PropertyValueSpecification","valueRequired":true,"valueName":"search_term_string"}}],"inLanguage":"fr-FR"},{"@type":"Organization","@id":"https:\/\/redsanstore.com\/#organization","name":"Redsan Store","alternateName":"Redres\u00f6r ve Kesintisiz G\u00fc\u00e7 Kayna\u011f\u0131 Ups","url":"https:\/\/redsanstore.com\/","logo":{"@type":"ImageObject","inLanguage":"fr-FR","@id":"https:\/\/redsanstore.com\/#\/schema\/logo\/image\/","url":"https:\/\/redsanstore.com\/wp-content\/uploads\/2024\/06\/redresor-ups-site-gorseli.jpg","contentUrl":"https:\/\/redsanstore.com\/wp-content\/uploads\/2024\/06\/redresor-ups-site-gorseli.jpg","width":1200,"height":675,"caption":"Redsan Store"},"image":{"@id":"https:\/\/redsanstore.com\/#\/schema\/logo\/image\/"},"sameAs":["https:\/\/www.facebook.com\/redsanelektronik","https:\/\/www.instagram.com\/redsanelektronik\/","https:\/\/www.linkedin.com\/company\/redsan-elektronik\/"]}]}},"_links":{"self":[{"href":"https:\/\/redsanstore.com\/fr\/wp-json\/wp\/v2\/pages\/100484","targetHints":{"allow":["GET"]}}],"collection":[{"href":"https:\/\/redsanstore.com\/fr\/wp-json\/wp\/v2\/pages"}],"about":[{"href":"https:\/\/redsanstore.com\/fr\/wp-json\/wp\/v2\/types\/page"}],"author":[{"embeddable":true,"href":"https:\/\/redsanstore.com\/fr\/wp-json\/wp\/v2\/users\/1"}],"replies":[{"embeddable":true,"href":"https:\/\/redsanstore.com\/fr\/wp-json\/wp\/v2\/comments?post=100484"}],"version-history":[{"count":1,"href":"https:\/\/redsanstore.com\/fr\/wp-json\/wp\/v2\/pages\/100484\/revisions"}],"predecessor-version":[{"id":100487,"href":"https:\/\/redsanstore.com\/fr\/wp-json\/wp\/v2\/pages\/100484\/revisions\/100487"}],"wp:attachment":[{"href":"https:\/\/redsanstore.com\/fr\/wp-json\/wp\/v2\/media?parent=100484"}],"curies":[{"name":"wp","href":"https:\/\/api.w.org\/{rel}","templated":true}]}}