{"id":100470,"date":"2024-02-22T12:03:59","date_gmt":"2024-02-22T09:03:59","guid":{"rendered":"https:\/\/redsanstore.com\/regulateur-monophase-triphase\/"},"modified":"2025-12-15T11:54:38","modified_gmt":"2025-12-15T08:54:38","slug":"regulateur-monophase-triphase","status":"publish","type":"page","link":"https:\/\/redsanstore.com\/fr\/regulateur-monophase-triphase\/","title":{"rendered":"R\u00c9GULATEUR (MONOPHAS\u00c9 &#8211; TRIPHAS\u00c9)"},"content":{"rendered":"\t\t<div data-elementor-type=\"wp-page\" data-elementor-id=\"100470\" class=\"elementor elementor-100470 elementor-91410\" data-elementor-post-type=\"page\">\n\t\t\t\t\t\t<section class=\"wd-negative-gap elementor-section elementor-top-section elementor-element elementor-element-5fc78e8 elementor-section-boxed elementor-section-height-default elementor-section-height-default\" data-id=\"5fc78e8\" data-element_type=\"section\" data-settings=\"{&quot;jet_parallax_layout_list&quot;:[]}\">\n\t\t\t\t\t\t<div class=\"elementor-container elementor-column-gap-default\">\n\t\t\t\t\t<div class=\"elementor-column elementor-col-50 elementor-top-column elementor-element elementor-element-1fef1e3\" data-id=\"1fef1e3\" data-element_type=\"column\">\n\t\t\t<div class=\"elementor-widget-wrap elementor-element-populated\">\n\t\t\t\t\t\t<div class=\"elementor-element elementor-element-25bf0aa elementor-widget elementor-widget-wd_text_block\" data-id=\"25bf0aa\" data-element_type=\"widget\" data-widget_type=\"wd_text_block.default\">\n\t\t\t\t<div class=\"elementor-widget-container\">\n\t\t\t\t\t\t\t<div class=\"wd-text-block reset-last-child text-left\">\n\t\t\t\n\t\t\t<h2 style=\"text-align: center;\">R\u00e9gulateur (monophas\u00e9 - triphas\u00e9) : solutions d'\u00e9quilibrage et de protection du courant \u00e9lectrique<\/h2><p>Les r\u00e9gulateurs sont des appareils \u00e9lectroniques qui r\u00e9gulent les fluctuations de tension dans les syst\u00e8mes \u00e9lectriques et assurent un niveau de tension constant. Les r\u00e9gulateurs monophas\u00e9s et triphas\u00e9s sont largement utilis\u00e9s pour garantir la fiabilit\u00e9, l'efficacit\u00e9 et la protection de l'alimentation \u00e9lectrique dans les r\u00e9seaux \u00e9lectriques. <\/p><h3 style=\"text-align: center;\">Qu'est-ce qu'un r\u00e9gulateur monophas\u00e9 ?<\/h3><p>Les r\u00e9gulateurs monophas\u00e9s sont des appareils utilis\u00e9s dans les syst\u00e8mes \u00e0 courant alternatif (CA) monophas\u00e9s pour r\u00e9guler les fluctuations de tension et maintenir la tension \u00e0 un niveau constant. Largement utilis\u00e9s dans les maisons, les petites entreprises et les bureaux, les r\u00e9gulateurs monophas\u00e9s prot\u00e8gent les appareils \u00e9lectriques contre les surtensions et prolongent leur dur\u00e9e de vie. <\/p>\n\t\t\t\t\t<\/div>\n\t\t\t\t\t\t<\/div>\n\t\t\t\t<\/div>\n\t\t\t\t<div class=\"elementor-element elementor-element-e603b91 elementor-widget elementor-widget-spacer\" data-id=\"e603b91\" data-element_type=\"widget\" data-widget_type=\"spacer.default\">\n\t\t\t\t<div class=\"elementor-widget-container\">\n\t\t\t\t\t\t\t<div class=\"elementor-spacer\">\n\t\t\t<div class=\"elementor-spacer-inner\"><\/div>\n\t\t<\/div>\n\t\t\t\t\t\t<\/div>\n\t\t\t\t<\/div>\n\t\t\t\t<div class=\"elementor-element elementor-element-f48a33e elementor-widget elementor-widget-image\" data-id=\"f48a33e\" data-element_type=\"widget\" data-widget_type=\"image.default\">\n\t\t\t\t<div class=\"elementor-widget-container\">\n\t\t\t\t\t\t\t\t\t\t\t\t\t\t\t<img fetchpriority=\"high\" decoding=\"async\" width=\"768\" height=\"576\" src=\"https:\/\/redsanstore.com\/wp-content\/uploads\/2024\/02\/trifaz-768x576-1.webp\" class=\"attachment-large size-large wp-image-100472\" alt=\"\" srcset=\"https:\/\/redsanstore.com\/wp-content\/uploads\/2024\/02\/trifaz-768x576-1.webp 768w, https:\/\/redsanstore.com\/wp-content\/uploads\/2024\/02\/trifaz-768x576-1-300x225.webp 300w, https:\/\/redsanstore.com\/wp-content\/uploads\/2024\/02\/trifaz-768x576-1-600x450.webp 600w, https:\/\/redsanstore.com\/wp-content\/uploads\/2024\/02\/trifaz-768x576-1-150x113.webp 150w\" sizes=\"(max-width: 768px) 100vw, 768px\" \/>\t\t\t\t\t\t\t\t\t\t\t\t\t\t\t<\/div>\n\t\t\t\t<\/div>\n\t\t\t\t\t<\/div>\n\t\t<\/div>\n\t\t\t\t<div class=\"elementor-column elementor-col-50 elementor-top-column elementor-element elementor-element-95e6252\" data-id=\"95e6252\" data-element_type=\"column\">\n\t\t\t<div class=\"elementor-widget-wrap elementor-element-populated\">\n\t\t\t\t\t\t<div class=\"elementor-element elementor-element-d79a794 elementor-widget elementor-widget-image\" data-id=\"d79a794\" data-element_type=\"widget\" data-widget_type=\"image.default\">\n\t\t\t\t<div class=\"elementor-widget-container\">\n\t\t\t\t\t\t\t\t\t\t\t\t\t\t\t<img decoding=\"async\" width=\"200\" height=\"300\" src=\"https:\/\/redsanstore.com\/wp-content\/uploads\/2024\/02\/regulator-monofaze1-200x300-1.webp\" class=\"attachment-large size-large wp-image-100471\" alt=\"\" srcset=\"https:\/\/redsanstore.com\/wp-content\/uploads\/2024\/02\/regulator-monofaze1-200x300-1.webp 200w, https:\/\/redsanstore.com\/wp-content\/uploads\/2024\/02\/regulator-monofaze1-200x300-1-150x225.webp 150w\" sizes=\"(max-width: 200px) 100vw, 200px\" \/>\t\t\t\t\t\t\t\t\t\t\t\t\t\t\t<\/div>\n\t\t\t\t<\/div>\n\t\t\t\t<div class=\"elementor-element elementor-element-7cb8a3b elementor-widget elementor-widget-spacer\" data-id=\"7cb8a3b\" data-element_type=\"widget\" data-widget_type=\"spacer.default\">\n\t\t\t\t<div class=\"elementor-widget-container\">\n\t\t\t\t\t\t\t<div class=\"elementor-spacer\">\n\t\t\t<div class=\"elementor-spacer-inner\"><\/div>\n\t\t<\/div>\n\t\t\t\t\t\t<\/div>\n\t\t\t\t<\/div>\n\t\t\t\t<div class=\"elementor-element elementor-element-2419dd3 elementor-widget elementor-widget-wd_text_block\" data-id=\"2419dd3\" data-element_type=\"widget\" data-widget_type=\"wd_text_block.default\">\n\t\t\t\t<div class=\"elementor-widget-container\">\n\t\t\t\t\t\t\t<div class=\"wd-text-block reset-last-child text-left\">\n\t\t\t\n\t\t\t<h3 style=\"text-align: center;\">Qu'est-ce qu'un r\u00e9gulateur triphas\u00e9 ?<\/h3><p>Les r\u00e9gulateurs triphas\u00e9s sont des appareils utilis\u00e9s dans les syst\u00e8mes triphas\u00e9s \u00e0 courant alternatif pour contr\u00f4ler les fluctuations de tension et maintenir la tension \u00e0 un niveau constant. Ils sont utilis\u00e9s dans les installations industrielles, les usines et les grandes entreprises qui n\u00e9cessitent une consommation d'\u00e9nergie \u00e9lev\u00e9e. Les r\u00e9gulateurs triphas\u00e9s sont essentiels pour prot\u00e9ger les \u00e9quipements sensibles et garantir les processus de production.  <\/p>\n\t\t\t\t\t<\/div>\n\t\t\t\t\t\t<\/div>\n\t\t\t\t<\/div>\n\t\t\t\t\t<\/div>\n\t\t<\/div>\n\t\t\t\t\t<\/div>\n\t\t<\/section>\n\t\t\t\t<section class=\"wd-negative-gap elementor-section elementor-top-section elementor-element elementor-element-8b414de elementor-section-boxed elementor-section-height-default elementor-section-height-default\" data-id=\"8b414de\" data-element_type=\"section\" data-settings=\"{&quot;jet_parallax_layout_list&quot;:[]}\">\n\t\t\t\t\t\t<div class=\"elementor-container elementor-column-gap-default\">\n\t\t\t\t\t<div class=\"elementor-column elementor-col-100 elementor-top-column elementor-element elementor-element-cacc092\" data-id=\"cacc092\" data-element_type=\"column\">\n\t\t\t<div class=\"elementor-widget-wrap elementor-element-populated\">\n\t\t\t\t\t\t<div class=\"elementor-element elementor-element-702c4cd elementor-widget elementor-widget-spacer\" data-id=\"702c4cd\" data-element_type=\"widget\" data-widget_type=\"spacer.default\">\n\t\t\t\t<div class=\"elementor-widget-container\">\n\t\t\t\t\t\t\t<div class=\"elementor-spacer\">\n\t\t\t<div class=\"elementor-spacer-inner\"><\/div>\n\t\t<\/div>\n\t\t\t\t\t\t<\/div>\n\t\t\t\t<\/div>\n\t\t\t\t\t<\/div>\n\t\t<\/div>\n\t\t\t\t\t<\/div>\n\t\t<\/section>\n\t\t\t\t<section class=\"wd-negative-gap elementor-section elementor-top-section elementor-element elementor-element-d61b5ac elementor-section-boxed elementor-section-height-default elementor-section-height-default\" data-id=\"d61b5ac\" data-element_type=\"section\" data-settings=\"{&quot;jet_parallax_layout_list&quot;:[]}\">\n\t\t\t\t\t\t<div class=\"elementor-container elementor-column-gap-default\">\n\t\t\t\t\t<div class=\"elementor-column elementor-col-100 elementor-top-column elementor-element elementor-element-3ee2df9\" data-id=\"3ee2df9\" data-element_type=\"column\">\n\t\t\t<div class=\"elementor-widget-wrap elementor-element-populated\">\n\t\t\t\t\t\t<div class=\"elementor-element elementor-element-4d4d934 elementor-widget elementor-widget-wd_text_block\" data-id=\"4d4d934\" data-element_type=\"widget\" data-widget_type=\"wd_text_block.default\">\n\t\t\t\t<div class=\"elementor-widget-container\">\n\t\t\t\t\t\t\t<div class=\"wd-text-block reset-last-child text-left\">\n\t\t\t\n\t\t\t<h3 style=\"text-align: center;\">Avantages<\/h3><ol><li><p><strong>\u00c9quilibrage de tension :<\/strong> les r\u00e9gulateurs r\u00e9gulent les fluctuations du courant \u00e9lectrique afin de maintenir un niveau de tension constant, ce qui garantit un fonctionnement s\u00fbr et efficace des appareils.<\/p><\/li><li><p><strong>Protection des appareils : <\/strong>prot\u00e8ge contre les surtensions et les chutes de tension, prolongeant ainsi la dur\u00e9e de vie des appareils \u00e9lectriques et pr\u00e9venant les pannes.<\/p><\/li><li><p><strong>Efficacit\u00e9 :<\/strong> un niveau de tension constant permet aux appareils \u00e9lectriques de fonctionner plus efficacement et contribue \u00e0 \u00e9conomiser l'\u00e9nergie.<\/p><\/li><li><p><strong>Flexibilit\u00e9 : <\/strong>Les r\u00e9gulateurs monophas\u00e9s et triphas\u00e9s sont disponibles dans diff\u00e9rents mod\u00e8les pouvant s'adapter \u00e0 diff\u00e9rents syst\u00e8mes \u00e9lectriques, ce qui offre une grande flexibilit\u00e9 pour diverses applications.<\/p><\/li><li><p><strong>Fiabilit\u00e9 : <\/strong>les r\u00e9gulateurs sont con\u00e7us pour fournir une alimentation \u00e9lectrique fiable et continue aux r\u00e9seaux \u00e9lectriques, ce qui am\u00e9liore la continuit\u00e9 des activit\u00e9s et la productivit\u00e9 des entreprises.<\/p><\/li><\/ol><p>Les r\u00e9gulateurs jouent un r\u00f4le important dans la fiabilit\u00e9, la protection et l'efficacit\u00e9 des syst\u00e8mes \u00e9lectriques. Les r\u00e9gulateurs monophas\u00e9s et triphas\u00e9s sont essentiels pour la s\u00e9curit\u00e9 \u00e9lectrique et la stabilit\u00e9 des syst\u00e8mes dans divers domaines d'application. <\/p>\n\t\t\t\t\t<\/div>\n\t\t\t\t\t\t<\/div>\n\t\t\t\t<\/div>\n\t\t\t\t\t<\/div>\n\t\t<\/div>\n\t\t\t\t\t<\/div>\n\t\t<\/section>\n\t\t\t\t<section class=\"wd-negative-gap elementor-section elementor-top-section elementor-element elementor-element-f312830 elementor-section-boxed elementor-section-height-default elementor-section-height-default\" data-id=\"f312830\" data-element_type=\"section\" data-settings=\"{&quot;jet_parallax_layout_list&quot;:[]}\">\n\t\t\t\t\t\t<div class=\"elementor-container elementor-column-gap-default\">\n\t\t\t\t\t<div class=\"elementor-column elementor-col-100 elementor-top-column elementor-element elementor-element-9628c1b\" data-id=\"9628c1b\" data-element_type=\"column\">\n\t\t\t<div class=\"elementor-widget-wrap elementor-element-populated\">\n\t\t\t\t\t\t<div class=\"elementor-element elementor-element-b8cfe5e elementor-widget elementor-widget-spacer\" data-id=\"b8cfe5e\" data-element_type=\"widget\" data-widget_type=\"spacer.default\">\n\t\t\t\t<div class=\"elementor-widget-container\">\n\t\t\t\t\t\t\t<div class=\"elementor-spacer\">\n\t\t\t<div class=\"elementor-spacer-inner\"><\/div>\n\t\t<\/div>\n\t\t\t\t\t\t<\/div>\n\t\t\t\t<\/div>\n\t\t\t\t\t<\/div>\n\t\t<\/div>\n\t\t\t\t\t<\/div>\n\t\t<\/section>\n\t\t\t\t<section class=\"wd-negative-gap elementor-section elementor-top-section elementor-element elementor-element-21d2e78 elementor-section-boxed elementor-section-height-default elementor-section-height-default\" data-id=\"21d2e78\" data-element_type=\"section\" data-settings=\"{&quot;jet_parallax_layout_list&quot;:[]}\">\n\t\t\t\t\t\t<div class=\"elementor-container elementor-column-gap-default\">\n\t\t\t\t\t<div class=\"elementor-column elementor-col-100 elementor-top-column elementor-element elementor-element-b8e1dc7\" data-id=\"b8e1dc7\" data-element_type=\"column\">\n\t\t\t<div class=\"elementor-widget-wrap elementor-element-populated\">\n\t\t\t\t\t\t<div class=\"elementor-element elementor-element-f1c3830 elementor-widget elementor-widget-wd_text_block\" data-id=\"f1c3830\" data-element_type=\"widget\" data-widget_type=\"wd_text_block.default\">\n\t\t\t\t<div class=\"elementor-widget-container\">\n\t\t\t\t\t\t\t<div class=\"wd-text-block reset-last-child text-left\">\n\t\t\t\n\t\t\t<p>Les r\u00e9gulateurs triphas\u00e9s sont utilis\u00e9s pour garantir le fonctionnement s\u00fbr des \u00e9quipements \u00e0 haute puissance, r\u00e9guler les fluctuations de tension et s'adapter aux variations de charge dans le syst\u00e8me.<\/p><p>Les r\u00e9gulateurs comprennent g\u00e9n\u00e9ralement les composants suivants :<\/p><p><strong>Transformateurs :<\/strong> utilis\u00e9s pour modifier la tension d'entr\u00e9e.<\/p><p><strong>Circuits r\u00e9gulateurs :<\/strong> utilis\u00e9s pour r\u00e9guler la tension ou le courant.<\/p><p><strong>Syst\u00e8mes de contr\u00f4le <\/strong>: Syst\u00e8mes \u00e9lectroniques ou m\u00e9caniques qui surveillent et r\u00e9gulent la tension d'entr\u00e9e et de sortie.<\/p><p><strong>Circuits de protection : <\/strong>utilis\u00e9s pour prot\u00e9ger le syst\u00e8me en cas de surtension ou de surintensit\u00e9.<\/p><p>Les r\u00e9gulateurs sont importants pour am\u00e9liorer la fiabilit\u00e9 et les performances des syst\u00e8mes \u00e9lectriques. En particulier dans des situations telles que les fluctuations de tension ou les changements brusques de charge, l'utilisation de r\u00e9gulateurs peut contribuer \u00e0 prot\u00e9ger les \u00e9quipements et \u00e0 assurer la stabilit\u00e9 du syst\u00e8me. <\/p>\n\t\t\t\t\t<\/div>\n\t\t\t\t\t\t<\/div>\n\t\t\t\t<\/div>\n\t\t\t\t\t<\/div>\n\t\t<\/div>\n\t\t\t\t\t<\/div>\n\t\t<\/section>\n\t\t\t\t<\/div>\n\t\t","protected":false},"excerpt":{"rendered":"<p>R\u00e9gulateur (monophas\u00e9 &#8211; triphas\u00e9) : solutions d&rsquo;\u00e9quilibrage et de protection du courant \u00e9lectrique Les r\u00e9gulateurs sont des appareils \u00e9lectroniques qui<\/p>\n","protected":false},"author":1,"featured_media":0,"parent":0,"menu_order":0,"comment_status":"closed","ping_status":"closed","template":"","meta":{"footnotes":""},"class_list":["post-100470","page","type-page","status-publish","hentry"],"yoast_head":"<!-- This site is optimized with the Yoast SEO Premium plugin v25.8 (Yoast SEO v25.9) - https:\/\/yoast.com\/wordpress\/plugins\/seo\/ -->\n<title>R\u00c9GULATEUR (MONOPHAS\u00c9 - TRIPHAS\u00c9) - Redsan Store<\/title>\n<meta name=\"description\" content=\"R\u00c9GULATEUR : Les r\u00e9gulateurs sont des dispositifs \u00e9lectroniques qui r\u00e9gulent les fluctuations de tension dans les syst\u00e8mes \u00e9lectriques et maintiennent un niveau de tension constant...\" \/>\n<meta name=\"robots\" content=\"index, follow, max-snippet:-1, max-image-preview:large, max-video-preview:-1\" \/>\n<link rel=\"canonical\" href=\"https:\/\/redsanstore.com\/fr\/regulateur-monophase-triphase\/\" \/>\n<meta property=\"og:locale\" content=\"fr_FR\" \/>\n<meta property=\"og:type\" content=\"article\" \/>\n<meta property=\"og:title\" content=\"R\u00c9GULATEUR (MONOPHAS\u00c9 - TRIPHAS\u00c9)\" \/>\n<meta property=\"og:description\" content=\"R\u00c9GULATEUR : Les r\u00e9gulateurs sont des dispositifs \u00e9lectroniques qui r\u00e9gulent les fluctuations de tension dans les syst\u00e8mes \u00e9lectriques et maintiennent un niveau de tension constant...\" \/>\n<meta property=\"og:url\" content=\"https:\/\/redsanstore.com\/fr\/regulateur-monophase-triphase\/\" \/>\n<meta property=\"og:site_name\" content=\"Redsan Store\" \/>\n<meta property=\"article:publisher\" content=\"https:\/\/www.facebook.com\/redsanelektronik\" \/>\n<meta property=\"article:modified_time\" content=\"2025-12-15T08:54:38+00:00\" \/>\n<meta property=\"og:image\" content=\"https:\/\/redsanstore.com\/wp-content\/uploads\/2024\/02\/trifaz-768x576-1.webp\" \/>\n\t<meta property=\"og:image:width\" content=\"768\" \/>\n\t<meta property=\"og:image:height\" content=\"576\" \/>\n\t<meta property=\"og:image:type\" content=\"image\/webp\" \/>\n<meta name=\"twitter:card\" content=\"summary_large_image\" \/>\n<meta name=\"twitter:label1\" content=\"Est. reading time\" \/>\n\t<meta name=\"twitter:data1\" content=\"3 minutes\" \/>\n<script type=\"application\/ld+json\" class=\"yoast-schema-graph\">{\"@context\":\"https:\/\/schema.org\",\"@graph\":[{\"@type\":\"WebPage\",\"@id\":\"https:\/\/redsanstore.com\/fr\/regulateur-monophase-triphase\/\",\"url\":\"https:\/\/redsanstore.com\/fr\/regulateur-monophase-triphase\/\",\"name\":\"R\u00c9GULATEUR (MONOPHAS\u00c9 - TRIPHAS\u00c9) - Redsan Store\",\"isPartOf\":{\"@id\":\"https:\/\/redsanstore.com\/#website\"},\"primaryImageOfPage\":{\"@id\":\"https:\/\/redsanstore.com\/fr\/regulateur-monophase-triphase\/#primaryimage\"},\"image\":{\"@id\":\"https:\/\/redsanstore.com\/fr\/regulateur-monophase-triphase\/#primaryimage\"},\"thumbnailUrl\":\"https:\/\/redsanstore.com\/wp-content\/uploads\/2024\/02\/trifaz-768x576-1.webp\",\"datePublished\":\"2024-02-22T09:03:59+00:00\",\"dateModified\":\"2025-12-15T08:54:38+00:00\",\"description\":\"R\u00c9GULATEUR : Les r\u00e9gulateurs sont des dispositifs \u00e9lectroniques qui r\u00e9gulent les fluctuations de tension dans les syst\u00e8mes \u00e9lectriques et maintiennent un niveau de tension constant...\",\"breadcrumb\":{\"@id\":\"https:\/\/redsanstore.com\/fr\/regulateur-monophase-triphase\/#breadcrumb\"},\"inLanguage\":\"fr-FR\",\"potentialAction\":[{\"@type\":\"ReadAction\",\"target\":[\"https:\/\/redsanstore.com\/fr\/regulateur-monophase-triphase\/\"]}]},{\"@type\":\"ImageObject\",\"inLanguage\":\"fr-FR\",\"@id\":\"https:\/\/redsanstore.com\/fr\/regulateur-monophase-triphase\/#primaryimage\",\"url\":\"https:\/\/redsanstore.com\/wp-content\/uploads\/2024\/02\/trifaz-768x576-1.webp\",\"contentUrl\":\"https:\/\/redsanstore.com\/wp-content\/uploads\/2024\/02\/trifaz-768x576-1.webp\"},{\"@type\":\"BreadcrumbList\",\"@id\":\"https:\/\/redsanstore.com\/fr\/regulateur-monophase-triphase\/#breadcrumb\",\"itemListElement\":[{\"@type\":\"ListItem\",\"position\":1,\"name\":\"Anasayfa\",\"item\":\"https:\/\/redsanstore.com\/fr\/\"},{\"@type\":\"ListItem\",\"position\":2,\"name\":\"R\u00c9GULATEUR (MONOPHAS\u00c9 &#8211; TRIPHAS\u00c9)\"}]},{\"@type\":\"WebSite\",\"@id\":\"https:\/\/redsanstore.com\/#website\",\"url\":\"https:\/\/redsanstore.com\/\",\"name\":\"Redsan Store\",\"description\":\"Redres\u00f6r - Reg\u00fclat\u00f6r - UPS - Ak\u00fc\",\"publisher\":{\"@id\":\"https:\/\/redsanstore.com\/#organization\"},\"alternateName\":\"Redres\u00f6r ve Kesintisiz G\u00fc\u00e7 Kayna\u011f\u0131 Ups\",\"potentialAction\":[{\"@type\":\"SearchAction\",\"target\":{\"@type\":\"EntryPoint\",\"urlTemplate\":\"https:\/\/redsanstore.com\/?s={search_term_string}\"},\"query-input\":{\"@type\":\"PropertyValueSpecification\",\"valueRequired\":true,\"valueName\":\"search_term_string\"}}],\"inLanguage\":\"fr-FR\"},{\"@type\":\"Organization\",\"@id\":\"https:\/\/redsanstore.com\/#organization\",\"name\":\"Redsan Store\",\"alternateName\":\"Redres\u00f6r ve Kesintisiz G\u00fc\u00e7 Kayna\u011f\u0131 Ups\",\"url\":\"https:\/\/redsanstore.com\/\",\"logo\":{\"@type\":\"ImageObject\",\"inLanguage\":\"fr-FR\",\"@id\":\"https:\/\/redsanstore.com\/#\/schema\/logo\/image\/\",\"url\":\"https:\/\/redsanstore.com\/wp-content\/uploads\/2024\/06\/redresor-ups-site-gorseli.jpg\",\"contentUrl\":\"https:\/\/redsanstore.com\/wp-content\/uploads\/2024\/06\/redresor-ups-site-gorseli.jpg\",\"width\":1200,\"height\":675,\"caption\":\"Redsan Store\"},\"image\":{\"@id\":\"https:\/\/redsanstore.com\/#\/schema\/logo\/image\/\"},\"sameAs\":[\"https:\/\/www.facebook.com\/redsanelektronik\",\"https:\/\/www.instagram.com\/redsanelektronik\/\",\"https:\/\/www.linkedin.com\/company\/redsan-elektronik\/\"]}]}<\/script>\n<!-- \/ Yoast SEO Premium plugin. -->","yoast_head_json":{"title":"R\u00c9GULATEUR (MONOPHAS\u00c9 - TRIPHAS\u00c9) - Redsan Store","description":"R\u00c9GULATEUR : Les r\u00e9gulateurs sont des dispositifs \u00e9lectroniques qui r\u00e9gulent les fluctuations de tension dans les syst\u00e8mes \u00e9lectriques et maintiennent un niveau de tension constant...","robots":{"index":"index","follow":"follow","max-snippet":"max-snippet:-1","max-image-preview":"max-image-preview:large","max-video-preview":"max-video-preview:-1"},"canonical":"https:\/\/redsanstore.com\/fr\/regulateur-monophase-triphase\/","og_locale":"fr_FR","og_type":"article","og_title":"R\u00c9GULATEUR (MONOPHAS\u00c9 - TRIPHAS\u00c9)","og_description":"R\u00c9GULATEUR : Les r\u00e9gulateurs sont des dispositifs \u00e9lectroniques qui r\u00e9gulent les fluctuations de tension dans les syst\u00e8mes \u00e9lectriques et maintiennent un niveau de tension constant...","og_url":"https:\/\/redsanstore.com\/fr\/regulateur-monophase-triphase\/","og_site_name":"Redsan Store","article_publisher":"https:\/\/www.facebook.com\/redsanelektronik","article_modified_time":"2025-12-15T08:54:38+00:00","og_image":[{"width":768,"height":576,"url":"https:\/\/redsanstore.com\/wp-content\/uploads\/2024\/02\/trifaz-768x576-1.webp","type":"image\/webp"}],"twitter_card":"summary_large_image","twitter_misc":{"Est. reading time":"3 minutes"},"schema":{"@context":"https:\/\/schema.org","@graph":[{"@type":"WebPage","@id":"https:\/\/redsanstore.com\/fr\/regulateur-monophase-triphase\/","url":"https:\/\/redsanstore.com\/fr\/regulateur-monophase-triphase\/","name":"R\u00c9GULATEUR (MONOPHAS\u00c9 - TRIPHAS\u00c9) - Redsan Store","isPartOf":{"@id":"https:\/\/redsanstore.com\/#website"},"primaryImageOfPage":{"@id":"https:\/\/redsanstore.com\/fr\/regulateur-monophase-triphase\/#primaryimage"},"image":{"@id":"https:\/\/redsanstore.com\/fr\/regulateur-monophase-triphase\/#primaryimage"},"thumbnailUrl":"https:\/\/redsanstore.com\/wp-content\/uploads\/2024\/02\/trifaz-768x576-1.webp","datePublished":"2024-02-22T09:03:59+00:00","dateModified":"2025-12-15T08:54:38+00:00","description":"R\u00c9GULATEUR : Les r\u00e9gulateurs sont des dispositifs \u00e9lectroniques qui r\u00e9gulent les fluctuations de tension dans les syst\u00e8mes \u00e9lectriques et maintiennent un niveau de tension constant...","breadcrumb":{"@id":"https:\/\/redsanstore.com\/fr\/regulateur-monophase-triphase\/#breadcrumb"},"inLanguage":"fr-FR","potentialAction":[{"@type":"ReadAction","target":["https:\/\/redsanstore.com\/fr\/regulateur-monophase-triphase\/"]}]},{"@type":"ImageObject","inLanguage":"fr-FR","@id":"https:\/\/redsanstore.com\/fr\/regulateur-monophase-triphase\/#primaryimage","url":"https:\/\/redsanstore.com\/wp-content\/uploads\/2024\/02\/trifaz-768x576-1.webp","contentUrl":"https:\/\/redsanstore.com\/wp-content\/uploads\/2024\/02\/trifaz-768x576-1.webp"},{"@type":"BreadcrumbList","@id":"https:\/\/redsanstore.com\/fr\/regulateur-monophase-triphase\/#breadcrumb","itemListElement":[{"@type":"ListItem","position":1,"name":"Anasayfa","item":"https:\/\/redsanstore.com\/fr\/"},{"@type":"ListItem","position":2,"name":"R\u00c9GULATEUR (MONOPHAS\u00c9 &#8211; TRIPHAS\u00c9)"}]},{"@type":"WebSite","@id":"https:\/\/redsanstore.com\/#website","url":"https:\/\/redsanstore.com\/","name":"Redsan Store","description":"Redres\u00f6r - Reg\u00fclat\u00f6r - UPS - Ak\u00fc","publisher":{"@id":"https:\/\/redsanstore.com\/#organization"},"alternateName":"Redres\u00f6r ve Kesintisiz G\u00fc\u00e7 Kayna\u011f\u0131 Ups","potentialAction":[{"@type":"SearchAction","target":{"@type":"EntryPoint","urlTemplate":"https:\/\/redsanstore.com\/?s={search_term_string}"},"query-input":{"@type":"PropertyValueSpecification","valueRequired":true,"valueName":"search_term_string"}}],"inLanguage":"fr-FR"},{"@type":"Organization","@id":"https:\/\/redsanstore.com\/#organization","name":"Redsan Store","alternateName":"Redres\u00f6r ve Kesintisiz G\u00fc\u00e7 Kayna\u011f\u0131 Ups","url":"https:\/\/redsanstore.com\/","logo":{"@type":"ImageObject","inLanguage":"fr-FR","@id":"https:\/\/redsanstore.com\/#\/schema\/logo\/image\/","url":"https:\/\/redsanstore.com\/wp-content\/uploads\/2024\/06\/redresor-ups-site-gorseli.jpg","contentUrl":"https:\/\/redsanstore.com\/wp-content\/uploads\/2024\/06\/redresor-ups-site-gorseli.jpg","width":1200,"height":675,"caption":"Redsan Store"},"image":{"@id":"https:\/\/redsanstore.com\/#\/schema\/logo\/image\/"},"sameAs":["https:\/\/www.facebook.com\/redsanelektronik","https:\/\/www.instagram.com\/redsanelektronik\/","https:\/\/www.linkedin.com\/company\/redsan-elektronik\/"]}]}},"_links":{"self":[{"href":"https:\/\/redsanstore.com\/fr\/wp-json\/wp\/v2\/pages\/100470","targetHints":{"allow":["GET"]}}],"collection":[{"href":"https:\/\/redsanstore.com\/fr\/wp-json\/wp\/v2\/pages"}],"about":[{"href":"https:\/\/redsanstore.com\/fr\/wp-json\/wp\/v2\/types\/page"}],"author":[{"embeddable":true,"href":"https:\/\/redsanstore.com\/fr\/wp-json\/wp\/v2\/users\/1"}],"replies":[{"embeddable":true,"href":"https:\/\/redsanstore.com\/fr\/wp-json\/wp\/v2\/comments?post=100470"}],"version-history":[{"count":1,"href":"https:\/\/redsanstore.com\/fr\/wp-json\/wp\/v2\/pages\/100470\/revisions"}],"predecessor-version":[{"id":100473,"href":"https:\/\/redsanstore.com\/fr\/wp-json\/wp\/v2\/pages\/100470\/revisions\/100473"}],"wp:attachment":[{"href":"https:\/\/redsanstore.com\/fr\/wp-json\/wp\/v2\/media?parent=100470"}],"curies":[{"name":"wp","href":"https:\/\/api.w.org\/{rel}","templated":true}]}}