{"id":100461,"date":"2024-02-23T18:10:44","date_gmt":"2024-02-23T15:10:44","guid":{"rendered":"https:\/\/redsanstore.com\/ups-en-ligne-1-10-kva\/"},"modified":"2025-12-15T11:45:36","modified_gmt":"2025-12-15T08:45:36","slug":"ups-en-ligne-1-10-kva","status":"publish","type":"page","link":"https:\/\/redsanstore.com\/fr\/ups-en-ligne-1-10-kva\/","title":{"rendered":"UPS en ligne 1-10 KVA"},"content":{"rendered":"\t\t<div data-elementor-type=\"wp-page\" data-elementor-id=\"100461\" class=\"elementor elementor-100461 elementor-91588\" data-elementor-post-type=\"page\">\n\t\t\t\t\t\t<section class=\"wd-negative-gap elementor-section elementor-top-section elementor-element elementor-element-fddabe5 elementor-section-boxed elementor-section-height-default elementor-section-height-default\" data-id=\"fddabe5\" data-element_type=\"section\" data-settings=\"{&quot;jet_parallax_layout_list&quot;:[]}\">\n\t\t\t\t\t\t<div class=\"elementor-container elementor-column-gap-default\">\n\t\t\t\t\t<div class=\"elementor-column elementor-col-50 elementor-top-column elementor-element elementor-element-14619a0\" data-id=\"14619a0\" data-element_type=\"column\">\n\t\t\t<div class=\"elementor-widget-wrap elementor-element-populated\">\n\t\t\t\t\t\t<div class=\"elementor-element elementor-element-45dd4f4 elementor-widget elementor-widget-wd_text_block\" data-id=\"45dd4f4\" data-element_type=\"widget\" data-widget_type=\"wd_text_block.default\">\n\t\t\t\t<div class=\"elementor-widget-container\">\n\t\t\t\t\t\t\t<div class=\"wd-text-block reset-last-child text-left\">\n\t\t\t\n\t\t\t<h2 style=\"text-align: center;\">UPS en ligne 1-10 KVA : solutions de secours fiables pour une alimentation \u00e9lectrique sans interruption<\/h2><p>Les onduleurs (UPS) 1-10 KVA en ligne sont des dispositifs de secours utilis\u00e9s pour prot\u00e9ger les \u00e9quipements sensibles contre les coupures de courant et les fluctuations de tension et pour fournir une alimentation \u00e9lectrique ininterrompue. Destin\u00e9s \u00e0 un large \u00e9ventail d'utilisateurs, des petites et moyennes entreprises aux particuliers, ces mod\u00e8les d'onduleurs sont consid\u00e9r\u00e9s comme un \u00e9l\u00e9ment essentiel pour la s\u00e9curit\u00e9 \u00e9lectrique. <\/p><h3 style=\"text-align: center;\">Principe de fonctionnement<\/h3><p>Les onduleurs en ligne 1-10 kVA sont \u00e9quip\u00e9s d'une technologie \u00e0 double conversion. Cette technologie convertit d'abord le courant alternatif (CA) en courant continu (CC), puis reconvertit ce courant continu en courant alternatif avant de l'alimenter aux appareils. Au cours de ce processus, l'onduleur est aliment\u00e9 en permanence par les batteries et maintient la tension de sortie \u00e0 un niveau constant, garantissant ainsi le fonctionnement ininterrompu des appareils.  <\/p>\n\t\t\t\t\t<\/div>\n\t\t\t\t\t\t<\/div>\n\t\t\t\t<\/div>\n\t\t\t\t<div class=\"elementor-element elementor-element-da7fc62 elementor-widget elementor-widget-image\" data-id=\"da7fc62\" data-element_type=\"widget\" data-widget_type=\"image.default\">\n\t\t\t\t<div class=\"elementor-widget-container\">\n\t\t\t\t\t\t\t\t\t\t\t\t\t\t\t<img fetchpriority=\"high\" decoding=\"async\" width=\"1024\" height=\"768\" src=\"https:\/\/redsanstore.com\/wp-content\/uploads\/2022\/09\/2-KV-ON-1024x768.jpg\" class=\"attachment-large size-large wp-image-100674\" alt=\"\" srcset=\"https:\/\/redsanstore.com\/wp-content\/uploads\/2022\/09\/2-KV-ON-1024x768.jpg 1024w, https:\/\/redsanstore.com\/wp-content\/uploads\/2022\/09\/2-KV-ON-300x225.jpg 300w, https:\/\/redsanstore.com\/wp-content\/uploads\/2022\/09\/2-KV-ON-768x576.jpg 768w, https:\/\/redsanstore.com\/wp-content\/uploads\/2022\/09\/2-KV-ON-600x450.jpg 600w, https:\/\/redsanstore.com\/wp-content\/uploads\/2022\/09\/2-KV-ON-150x113.jpg 150w, https:\/\/redsanstore.com\/wp-content\/uploads\/2022\/09\/2-KV-ON.jpg 1440w\" sizes=\"(max-width: 1024px) 100vw, 1024px\" \/>\t\t\t\t\t\t\t\t\t\t\t\t\t\t\t<\/div>\n\t\t\t\t<\/div>\n\t\t\t\t\t<\/div>\n\t\t<\/div>\n\t\t\t\t<div class=\"elementor-column elementor-col-50 elementor-top-column elementor-element elementor-element-ba68097\" data-id=\"ba68097\" data-element_type=\"column\">\n\t\t\t<div class=\"elementor-widget-wrap elementor-element-populated\">\n\t\t\t\t\t\t<div class=\"elementor-element elementor-element-44f0b37 elementor-widget elementor-widget-image\" data-id=\"44f0b37\" data-element_type=\"widget\" data-widget_type=\"image.default\">\n\t\t\t\t<div class=\"elementor-widget-container\">\n\t\t\t\t\t\t\t\t\t\t\t\t\t\t\t<img decoding=\"async\" width=\"1024\" height=\"768\" src=\"https:\/\/redsanstore.com\/wp-content\/uploads\/2022\/09\/6-ve-kv-on-1024x768.jpg\" class=\"attachment-large size-large wp-image-100583\" alt=\"\" srcset=\"https:\/\/redsanstore.com\/wp-content\/uploads\/2022\/09\/6-ve-kv-on-1024x768.jpg 1024w, https:\/\/redsanstore.com\/wp-content\/uploads\/2022\/09\/6-ve-kv-on-300x225.jpg 300w, https:\/\/redsanstore.com\/wp-content\/uploads\/2022\/09\/6-ve-kv-on-768x576.jpg 768w, https:\/\/redsanstore.com\/wp-content\/uploads\/2022\/09\/6-ve-kv-on-600x450.jpg 600w, https:\/\/redsanstore.com\/wp-content\/uploads\/2022\/09\/6-ve-kv-on-150x113.jpg 150w, https:\/\/redsanstore.com\/wp-content\/uploads\/2022\/09\/6-ve-kv-on.jpg 1440w\" sizes=\"(max-width: 1024px) 100vw, 1024px\" \/>\t\t\t\t\t\t\t\t\t\t\t\t\t\t\t<\/div>\n\t\t\t\t<\/div>\n\t\t\t\t<div class=\"elementor-element elementor-element-094ec37 elementor-widget elementor-widget-wd_text_block\" data-id=\"094ec37\" data-element_type=\"widget\" data-widget_type=\"wd_text_block.default\">\n\t\t\t\t<div class=\"elementor-widget-container\">\n\t\t\t\t\t\t\t<div class=\"wd-text-block reset-last-child text-left\">\n\t\t\t\n\t\t\t<h3 style=\"text-align: center;\">Domaines d'application<\/h3><ul><li>Petites et moyennes entreprises<\/li><li>Centres de donn\u00e9es et salles de serveurs<\/li><li>Infrastructure de t\u00e9l\u00e9communications<\/li><li>\u00c9tablissements m\u00e9dicaux et laboratoires<\/li><li>Usage domestique (en particulier les bureaux \u00e0 domicile et les ordinateurs personnels)<\/li><\/ul><p>Les onduleurs en ligne 1-10 kVA offrent une protection efficace contre les coupures de courant et les fluctuations de tension, garantissant ainsi aux entreprises et aux utilisateurs une alimentation \u00e9lectrique fiable. Leur conception flexible et leurs diff\u00e9rentes options de capacit\u00e9 leur permettent de s'adapter \u00e0 divers domaines d'application. Ils sont consid\u00e9r\u00e9s comme un \u00e9l\u00e9ment essentiel pour la s\u00e9curit\u00e9 \u00e9lectrique. <\/p><p>Les onduleurs en ligne 1-10 kVA fournissent une alimentation \u00e9lectrique ininterrompue en cas de coupure de courant, assurant ainsi la protection des \u00e9quipements sensibles et la continuit\u00e9 des activit\u00e9s.<\/p>\n\t\t\t\t\t<\/div>\n\t\t\t\t\t\t<\/div>\n\t\t\t\t<\/div>\n\t\t\t\t\t<\/div>\n\t\t<\/div>\n\t\t\t\t\t<\/div>\n\t\t<\/section>\n\t\t\t\t<section class=\"wd-negative-gap elementor-section elementor-top-section elementor-element elementor-element-1a167fc elementor-section-boxed elementor-section-height-default elementor-section-height-default\" data-id=\"1a167fc\" data-element_type=\"section\" data-settings=\"{&quot;jet_parallax_layout_list&quot;:[]}\">\n\t\t\t\t\t\t<div class=\"elementor-container elementor-column-gap-default\">\n\t\t\t\t\t<div class=\"elementor-column elementor-col-100 elementor-top-column elementor-element elementor-element-04aca77\" data-id=\"04aca77\" data-element_type=\"column\">\n\t\t\t<div class=\"elementor-widget-wrap elementor-element-populated\">\n\t\t\t\t\t\t<div class=\"elementor-element elementor-element-4dd07cc elementor-widget elementor-widget-spacer\" data-id=\"4dd07cc\" data-element_type=\"widget\" data-widget_type=\"spacer.default\">\n\t\t\t\t<div class=\"elementor-widget-container\">\n\t\t\t\t\t\t\t<div class=\"elementor-spacer\">\n\t\t\t<div class=\"elementor-spacer-inner\"><\/div>\n\t\t<\/div>\n\t\t\t\t\t\t<\/div>\n\t\t\t\t<\/div>\n\t\t\t\t\t<\/div>\n\t\t<\/div>\n\t\t\t\t\t<\/div>\n\t\t<\/section>\n\t\t\t\t<section class=\"wd-negative-gap elementor-section elementor-top-section elementor-element elementor-element-8875407 elementor-section-boxed elementor-section-height-default elementor-section-height-default\" data-id=\"8875407\" data-element_type=\"section\" data-settings=\"{&quot;jet_parallax_layout_list&quot;:[]}\">\n\t\t\t\t\t\t<div class=\"elementor-container elementor-column-gap-default\">\n\t\t\t\t\t<div class=\"elementor-column elementor-col-50 elementor-top-column elementor-element elementor-element-9a66f0d\" data-id=\"9a66f0d\" data-element_type=\"column\">\n\t\t\t<div class=\"elementor-widget-wrap elementor-element-populated\">\n\t\t\t\t\t\t<div class=\"elementor-element elementor-element-a120cd3 elementor-widget elementor-widget-wd_text_block\" data-id=\"a120cd3\" data-element_type=\"widget\" data-widget_type=\"wd_text_block.default\">\n\t\t\t\t<div class=\"elementor-widget-container\">\n\t\t\t\t\t\t\t<div class=\"wd-text-block reset-last-child text-left\">\n\t\t\t\n\t\t\t<h3 style=\"text-align: center;\">Avantages<\/h3><p><strong>Alimentation \u00e9lectrique sans interruption :<\/strong> l'onduleur en ligne garantit le fonctionnement ininterrompu des appareils en cas de coupure de courant, emp\u00eache la perte de donn\u00e9es et assure la continuit\u00e9 des activit\u00e9s.<\/p><p>R\u00e9gulation de tension et de fr\u00e9quence :<strong> la technologie \u00e0 double conversion, qui corrige les fluctuations de la tension <\/strong>d'entr\u00e9e et fournit une tension de sortie stable, garantit le fonctionnement s\u00fbr des \u00e9quipements sensibles.<\/p><p><strong>Charge et protection des batteries :<\/strong> l'UPS assure la charge continue des batteries tout en les prot\u00e9geant contre les surcharges, ce qui prolonge leur dur\u00e9e de vie.<\/p><p><strong>Haute efficacit\u00e9 :<\/strong> gr\u00e2ce \u00e0 la technologie \u00e0 double conversion, les onduleurs en ligne offrent une haute efficacit\u00e9 \u00e9nerg\u00e9tique, ce qui permet de r\u00e9aliser des \u00e9conomies d'\u00e9nergie et de r\u00e9duire les co\u00fbts d'exploitation.<\/p><p><strong>Connectivit\u00e9 parall\u00e8le :<\/strong> certains mod\u00e8les permettent de connecter plusieurs onduleurs en parall\u00e8le afin d'augmenter la capacit\u00e9 et d'assurer la redondance.<\/p>\n\t\t\t\t\t<\/div>\n\t\t\t\t\t\t<\/div>\n\t\t\t\t<\/div>\n\t\t\t\t\t<\/div>\n\t\t<\/div>\n\t\t\t\t<div class=\"elementor-column elementor-col-50 elementor-top-column elementor-element elementor-element-5b826c1\" data-id=\"5b826c1\" data-element_type=\"column\">\n\t\t\t<div class=\"elementor-widget-wrap\">\n\t\t\t\t\t\t\t<\/div>\n\t\t<\/div>\n\t\t\t\t\t<\/div>\n\t\t<\/section>\n\t\t\t\t<\/div>\n\t\t","protected":false},"excerpt":{"rendered":"<p>UPS en ligne 1-10 KVA : solutions de secours fiables pour une alimentation \u00e9lectrique sans interruption Les onduleurs (UPS) 1-10<\/p>\n","protected":false},"author":1,"featured_media":0,"parent":0,"menu_order":0,"comment_status":"closed","ping_status":"closed","template":"","meta":{"footnotes":""},"class_list":["post-100461","page","type-page","status-publish","hentry"],"yoast_head":"<!-- This site is optimized with the Yoast SEO Premium plugin v25.8 (Yoast SEO v25.9) - https:\/\/yoast.com\/wordpress\/plugins\/seo\/ -->\n<title>UPS en ligne 1-10 KVA - Redsan Store<\/title>\n<meta name=\"description\" content=\"UPS (alimentation sans coupure) en ligne 1-10 kVA, pour prot\u00e9ger les \u00e9quipements sensibles contre les coupures de courant et les fluctuations de tension...\" \/>\n<meta name=\"robots\" content=\"index, follow, max-snippet:-1, max-image-preview:large, max-video-preview:-1\" \/>\n<link rel=\"canonical\" href=\"https:\/\/redsanstore.com\/fr\/ups-en-ligne-1-10-kva\/\" \/>\n<meta property=\"og:locale\" content=\"fr_FR\" \/>\n<meta property=\"og:type\" content=\"article\" \/>\n<meta property=\"og:title\" content=\"UPS en ligne 1-10 KVA\" \/>\n<meta property=\"og:description\" content=\"UPS (alimentation sans coupure) en ligne 1-10 kVA, pour prot\u00e9ger les \u00e9quipements sensibles contre les coupures de courant et les fluctuations de tension...\" \/>\n<meta property=\"og:url\" content=\"https:\/\/redsanstore.com\/fr\/ups-en-ligne-1-10-kva\/\" \/>\n<meta property=\"og:site_name\" content=\"Redsan Store\" \/>\n<meta property=\"article:publisher\" content=\"https:\/\/www.facebook.com\/redsanelektronik\" \/>\n<meta property=\"article:modified_time\" content=\"2025-12-15T08:45:36+00:00\" \/>\n<meta property=\"og:image\" content=\"https:\/\/redsanstore.com\/wp-content\/uploads\/2022\/09\/2-KV-ON.jpg\" \/>\n\t<meta property=\"og:image:width\" content=\"1440\" \/>\n\t<meta property=\"og:image:height\" content=\"1080\" \/>\n\t<meta property=\"og:image:type\" content=\"image\/jpeg\" \/>\n<meta name=\"twitter:card\" content=\"summary_large_image\" \/>\n<meta name=\"twitter:label1\" content=\"Est. reading time\" \/>\n\t<meta name=\"twitter:data1\" content=\"2 minutes\" \/>\n<script type=\"application\/ld+json\" class=\"yoast-schema-graph\">{\"@context\":\"https:\/\/schema.org\",\"@graph\":[{\"@type\":\"WebPage\",\"@id\":\"https:\/\/redsanstore.com\/fr\/ups-en-ligne-1-10-kva\/\",\"url\":\"https:\/\/redsanstore.com\/fr\/ups-en-ligne-1-10-kva\/\",\"name\":\"UPS en ligne 1-10 KVA - Redsan Store\",\"isPartOf\":{\"@id\":\"https:\/\/redsanstore.com\/#website\"},\"primaryImageOfPage\":{\"@id\":\"https:\/\/redsanstore.com\/fr\/ups-en-ligne-1-10-kva\/#primaryimage\"},\"image\":{\"@id\":\"https:\/\/redsanstore.com\/fr\/ups-en-ligne-1-10-kva\/#primaryimage\"},\"thumbnailUrl\":\"https:\/\/redsanstore.com\/wp-content\/uploads\/2022\/09\/2-KV-ON-1024x768.jpg\",\"datePublished\":\"2024-02-23T15:10:44+00:00\",\"dateModified\":\"2025-12-15T08:45:36+00:00\",\"description\":\"UPS (alimentation sans coupure) en ligne 1-10 kVA, pour prot\u00e9ger les \u00e9quipements sensibles contre les coupures de courant et les fluctuations de tension...\",\"breadcrumb\":{\"@id\":\"https:\/\/redsanstore.com\/fr\/ups-en-ligne-1-10-kva\/#breadcrumb\"},\"inLanguage\":\"fr-FR\",\"potentialAction\":[{\"@type\":\"ReadAction\",\"target\":[\"https:\/\/redsanstore.com\/fr\/ups-en-ligne-1-10-kva\/\"]}]},{\"@type\":\"ImageObject\",\"inLanguage\":\"fr-FR\",\"@id\":\"https:\/\/redsanstore.com\/fr\/ups-en-ligne-1-10-kva\/#primaryimage\",\"url\":\"https:\/\/redsanstore.com\/wp-content\/uploads\/2022\/09\/2-KV-ON-1024x768.jpg\",\"contentUrl\":\"https:\/\/redsanstore.com\/wp-content\/uploads\/2022\/09\/2-KV-ON-1024x768.jpg\"},{\"@type\":\"BreadcrumbList\",\"@id\":\"https:\/\/redsanstore.com\/fr\/ups-en-ligne-1-10-kva\/#breadcrumb\",\"itemListElement\":[{\"@type\":\"ListItem\",\"position\":1,\"name\":\"Anasayfa\",\"item\":\"https:\/\/redsanstore.com\/fr\/\"},{\"@type\":\"ListItem\",\"position\":2,\"name\":\"UPS en ligne 1-10 KVA\"}]},{\"@type\":\"WebSite\",\"@id\":\"https:\/\/redsanstore.com\/#website\",\"url\":\"https:\/\/redsanstore.com\/\",\"name\":\"Redsan Store\",\"description\":\"Redres\u00f6r - Reg\u00fclat\u00f6r - UPS - Ak\u00fc\",\"publisher\":{\"@id\":\"https:\/\/redsanstore.com\/#organization\"},\"alternateName\":\"Redres\u00f6r ve Kesintisiz G\u00fc\u00e7 Kayna\u011f\u0131 Ups\",\"potentialAction\":[{\"@type\":\"SearchAction\",\"target\":{\"@type\":\"EntryPoint\",\"urlTemplate\":\"https:\/\/redsanstore.com\/?s={search_term_string}\"},\"query-input\":{\"@type\":\"PropertyValueSpecification\",\"valueRequired\":true,\"valueName\":\"search_term_string\"}}],\"inLanguage\":\"fr-FR\"},{\"@type\":\"Organization\",\"@id\":\"https:\/\/redsanstore.com\/#organization\",\"name\":\"Redsan Store\",\"alternateName\":\"Redres\u00f6r ve Kesintisiz G\u00fc\u00e7 Kayna\u011f\u0131 Ups\",\"url\":\"https:\/\/redsanstore.com\/\",\"logo\":{\"@type\":\"ImageObject\",\"inLanguage\":\"fr-FR\",\"@id\":\"https:\/\/redsanstore.com\/#\/schema\/logo\/image\/\",\"url\":\"https:\/\/redsanstore.com\/wp-content\/uploads\/2024\/06\/redresor-ups-site-gorseli.jpg\",\"contentUrl\":\"https:\/\/redsanstore.com\/wp-content\/uploads\/2024\/06\/redresor-ups-site-gorseli.jpg\",\"width\":1200,\"height\":675,\"caption\":\"Redsan Store\"},\"image\":{\"@id\":\"https:\/\/redsanstore.com\/#\/schema\/logo\/image\/\"},\"sameAs\":[\"https:\/\/www.facebook.com\/redsanelektronik\",\"https:\/\/www.instagram.com\/redsanelektronik\/\",\"https:\/\/www.linkedin.com\/company\/redsan-elektronik\/\"]}]}<\/script>\n<!-- \/ Yoast SEO Premium plugin. -->","yoast_head_json":{"title":"UPS en ligne 1-10 KVA - Redsan Store","description":"UPS (alimentation sans coupure) en ligne 1-10 kVA, pour prot\u00e9ger les \u00e9quipements sensibles contre les coupures de courant et les fluctuations de tension...","robots":{"index":"index","follow":"follow","max-snippet":"max-snippet:-1","max-image-preview":"max-image-preview:large","max-video-preview":"max-video-preview:-1"},"canonical":"https:\/\/redsanstore.com\/fr\/ups-en-ligne-1-10-kva\/","og_locale":"fr_FR","og_type":"article","og_title":"UPS en ligne 1-10 KVA","og_description":"UPS (alimentation sans coupure) en ligne 1-10 kVA, pour prot\u00e9ger les \u00e9quipements sensibles contre les coupures de courant et les fluctuations de tension...","og_url":"https:\/\/redsanstore.com\/fr\/ups-en-ligne-1-10-kva\/","og_site_name":"Redsan Store","article_publisher":"https:\/\/www.facebook.com\/redsanelektronik","article_modified_time":"2025-12-15T08:45:36+00:00","og_image":[{"width":1440,"height":1080,"url":"https:\/\/redsanstore.com\/wp-content\/uploads\/2022\/09\/2-KV-ON.jpg","type":"image\/jpeg"}],"twitter_card":"summary_large_image","twitter_misc":{"Est. reading time":"2 minutes"},"schema":{"@context":"https:\/\/schema.org","@graph":[{"@type":"WebPage","@id":"https:\/\/redsanstore.com\/fr\/ups-en-ligne-1-10-kva\/","url":"https:\/\/redsanstore.com\/fr\/ups-en-ligne-1-10-kva\/","name":"UPS en ligne 1-10 KVA - Redsan Store","isPartOf":{"@id":"https:\/\/redsanstore.com\/#website"},"primaryImageOfPage":{"@id":"https:\/\/redsanstore.com\/fr\/ups-en-ligne-1-10-kva\/#primaryimage"},"image":{"@id":"https:\/\/redsanstore.com\/fr\/ups-en-ligne-1-10-kva\/#primaryimage"},"thumbnailUrl":"https:\/\/redsanstore.com\/wp-content\/uploads\/2022\/09\/2-KV-ON-1024x768.jpg","datePublished":"2024-02-23T15:10:44+00:00","dateModified":"2025-12-15T08:45:36+00:00","description":"UPS (alimentation sans coupure) en ligne 1-10 kVA, pour prot\u00e9ger les \u00e9quipements sensibles contre les coupures de courant et les fluctuations de tension...","breadcrumb":{"@id":"https:\/\/redsanstore.com\/fr\/ups-en-ligne-1-10-kva\/#breadcrumb"},"inLanguage":"fr-FR","potentialAction":[{"@type":"ReadAction","target":["https:\/\/redsanstore.com\/fr\/ups-en-ligne-1-10-kva\/"]}]},{"@type":"ImageObject","inLanguage":"fr-FR","@id":"https:\/\/redsanstore.com\/fr\/ups-en-ligne-1-10-kva\/#primaryimage","url":"https:\/\/redsanstore.com\/wp-content\/uploads\/2022\/09\/2-KV-ON-1024x768.jpg","contentUrl":"https:\/\/redsanstore.com\/wp-content\/uploads\/2022\/09\/2-KV-ON-1024x768.jpg"},{"@type":"BreadcrumbList","@id":"https:\/\/redsanstore.com\/fr\/ups-en-ligne-1-10-kva\/#breadcrumb","itemListElement":[{"@type":"ListItem","position":1,"name":"Anasayfa","item":"https:\/\/redsanstore.com\/fr\/"},{"@type":"ListItem","position":2,"name":"UPS en ligne 1-10 KVA"}]},{"@type":"WebSite","@id":"https:\/\/redsanstore.com\/#website","url":"https:\/\/redsanstore.com\/","name":"Redsan Store","description":"Redres\u00f6r - Reg\u00fclat\u00f6r - UPS - Ak\u00fc","publisher":{"@id":"https:\/\/redsanstore.com\/#organization"},"alternateName":"Redres\u00f6r ve Kesintisiz G\u00fc\u00e7 Kayna\u011f\u0131 Ups","potentialAction":[{"@type":"SearchAction","target":{"@type":"EntryPoint","urlTemplate":"https:\/\/redsanstore.com\/?s={search_term_string}"},"query-input":{"@type":"PropertyValueSpecification","valueRequired":true,"valueName":"search_term_string"}}],"inLanguage":"fr-FR"},{"@type":"Organization","@id":"https:\/\/redsanstore.com\/#organization","name":"Redsan Store","alternateName":"Redres\u00f6r ve Kesintisiz G\u00fc\u00e7 Kayna\u011f\u0131 Ups","url":"https:\/\/redsanstore.com\/","logo":{"@type":"ImageObject","inLanguage":"fr-FR","@id":"https:\/\/redsanstore.com\/#\/schema\/logo\/image\/","url":"https:\/\/redsanstore.com\/wp-content\/uploads\/2024\/06\/redresor-ups-site-gorseli.jpg","contentUrl":"https:\/\/redsanstore.com\/wp-content\/uploads\/2024\/06\/redresor-ups-site-gorseli.jpg","width":1200,"height":675,"caption":"Redsan Store"},"image":{"@id":"https:\/\/redsanstore.com\/#\/schema\/logo\/image\/"},"sameAs":["https:\/\/www.facebook.com\/redsanelektronik","https:\/\/www.instagram.com\/redsanelektronik\/","https:\/\/www.linkedin.com\/company\/redsan-elektronik\/"]}]}},"_links":{"self":[{"href":"https:\/\/redsanstore.com\/fr\/wp-json\/wp\/v2\/pages\/100461","targetHints":{"allow":["GET"]}}],"collection":[{"href":"https:\/\/redsanstore.com\/fr\/wp-json\/wp\/v2\/pages"}],"about":[{"href":"https:\/\/redsanstore.com\/fr\/wp-json\/wp\/v2\/types\/page"}],"author":[{"embeddable":true,"href":"https:\/\/redsanstore.com\/fr\/wp-json\/wp\/v2\/users\/1"}],"replies":[{"embeddable":true,"href":"https:\/\/redsanstore.com\/fr\/wp-json\/wp\/v2\/comments?post=100461"}],"version-history":[{"count":1,"href":"https:\/\/redsanstore.com\/fr\/wp-json\/wp\/v2\/pages\/100461\/revisions"}],"predecessor-version":[{"id":100462,"href":"https:\/\/redsanstore.com\/fr\/wp-json\/wp\/v2\/pages\/100461\/revisions\/100462"}],"wp:attachment":[{"href":"https:\/\/redsanstore.com\/fr\/wp-json\/wp\/v2\/media?parent=100461"}],"curies":[{"name":"wp","href":"https:\/\/api.w.org\/{rel}","templated":true}]}}