{"id":100456,"date":"2024-02-23T17:55:55","date_gmt":"2024-02-23T14:55:55","guid":{"rendered":"https:\/\/redsanstore.com\/regulateurs-monophases\/"},"modified":"2025-12-15T11:41:22","modified_gmt":"2025-12-15T08:41:22","slug":"regulateurs-monophases","status":"publish","type":"page","link":"https:\/\/redsanstore.com\/fr\/regulateurs-monophases\/","title":{"rendered":"R\u00e9gulateurs monophas\u00e9s"},"content":{"rendered":"\t\t<div data-elementor-type=\"wp-page\" data-elementor-id=\"100456\" class=\"elementor elementor-100456 elementor-91582\" data-elementor-post-type=\"page\">\n\t\t\t\t\t\t<section class=\"wd-negative-gap elementor-section elementor-top-section elementor-element elementor-element-9d32e0e elementor-section-boxed elementor-section-height-default elementor-section-height-default\" data-id=\"9d32e0e\" data-element_type=\"section\" data-settings=\"{&quot;jet_parallax_layout_list&quot;:[]}\">\n\t\t\t\t\t\t<div class=\"elementor-container elementor-column-gap-default\">\n\t\t\t\t\t<div class=\"elementor-column elementor-col-50 elementor-top-column elementor-element elementor-element-fe5d18e\" data-id=\"fe5d18e\" data-element_type=\"column\">\n\t\t\t<div class=\"elementor-widget-wrap elementor-element-populated\">\n\t\t\t\t\t\t<div class=\"elementor-element elementor-element-e6b807f elementor-widget elementor-widget-wd_text_block\" data-id=\"e6b807f\" data-element_type=\"widget\" data-widget_type=\"wd_text_block.default\">\n\t\t\t\t<div class=\"elementor-widget-container\">\n\t\t\t\t\t\t\t<div class=\"wd-text-block reset-last-child text-left\">\n\t\t\t\n\t\t\t<h2 style=\"text-align: center;\">R\u00e9gulateurs monophas\u00e9s : dispositifs de protection \u00e9lectrique r\u00e9gulant les fluctuations de tension<\/h2><p>Les r\u00e9gulateurs monophas\u00e9s sont des dispositifs de protection \u00e9lectrique importants qui r\u00e9gulent les fluctuations de tension sur le r\u00e9seau \u00e9lectrique et garantissent le fonctionnement s\u00fbr des appareils. Utilis\u00e9s dans divers domaines d'application, des maisons aux petites entreprises et aux bureaux, ces dispositifs sont con\u00e7us pour prot\u00e9ger les \u00e9quipements \u00e9lectroniques sensibles et pr\u00e9venir les dommages caus\u00e9s par les surtensions. <\/p><h3 style=\"text-align: center;\">Principe de fonctionnement<\/h3><p>Les r\u00e9gulateurs monophas\u00e9s r\u00e9gulent les fluctuations de tension survenant sur le r\u00e9seau \u00e9lectrique et assurent la s\u00e9curit\u00e9 des appareils. Les r\u00e9gulateurs monophas\u00e9s d\u00e9tectent les fluctuations de tension sur le r\u00e9seau \u00e9lectrique \u00e0 courant alternatif (CA) et les r\u00e9gulent automatiquement. Dans des conditions normales, la tension d'entr\u00e9e est contr\u00f4l\u00e9e par le r\u00e9gulateur et une tension de sortie constante est fournie. Si la tension d'entr\u00e9e est trop \u00e9lev\u00e9e ou trop basse, le r\u00e9gulateur corrige ces fluctuations et garantit le fonctionnement s\u00fbr des appareils. Les r\u00e9gulateurs monophas\u00e9s sont des dispositifs de protection \u00e9lectrique importants qui garantissent le fonctionnement s\u00fbr des appareils. Utilis\u00e9s dans divers domaines d'application, des maisons aux petites entreprises et aux bureaux, ces dispositifs sont con\u00e7us pour prot\u00e9ger les \u00e9quipements \u00e9lectroniques sensibles et pr\u00e9venir les dommages caus\u00e9s par les surtensions.  <\/p>\n\t\t\t\t\t<\/div>\n\t\t\t\t\t\t<\/div>\n\t\t\t\t<\/div>\n\t\t\t\t<div class=\"elementor-element elementor-element-8122526 elementor-widget elementor-widget-image\" data-id=\"8122526\" data-element_type=\"widget\" data-widget_type=\"image.default\">\n\t\t\t\t<div class=\"elementor-widget-container\">\n\t\t\t\t\t\t\t\t\t\t\t\t\t\t\t<img fetchpriority=\"high\" decoding=\"async\" width=\"1024\" height=\"768\" src=\"https:\/\/redsanstore.com\/wp-content\/uploads\/2022\/09\/mon11-1024x768.jpg\" class=\"attachment-large size-large wp-image-100570\" alt=\"\" srcset=\"https:\/\/redsanstore.com\/wp-content\/uploads\/2022\/09\/mon11-1024x768.jpg 1024w, https:\/\/redsanstore.com\/wp-content\/uploads\/2022\/09\/mon11-300x225.jpg 300w, https:\/\/redsanstore.com\/wp-content\/uploads\/2022\/09\/mon11-768x576.jpg 768w, https:\/\/redsanstore.com\/wp-content\/uploads\/2022\/09\/mon11-600x450.jpg 600w, https:\/\/redsanstore.com\/wp-content\/uploads\/2022\/09\/mon11-150x113.jpg 150w, https:\/\/redsanstore.com\/wp-content\/uploads\/2022\/09\/mon11.jpg 1440w\" sizes=\"(max-width: 1024px) 100vw, 1024px\" \/>\t\t\t\t\t\t\t\t\t\t\t\t\t\t\t<\/div>\n\t\t\t\t<\/div>\n\t\t\t\t\t<\/div>\n\t\t<\/div>\n\t\t\t\t<div class=\"elementor-column elementor-col-50 elementor-top-column elementor-element elementor-element-8924323\" data-id=\"8924323\" data-element_type=\"column\">\n\t\t\t<div class=\"elementor-widget-wrap elementor-element-populated\">\n\t\t\t\t\t\t<div class=\"elementor-element elementor-element-5d7719a elementor-widget elementor-widget-image\" data-id=\"5d7719a\" data-element_type=\"widget\" data-widget_type=\"image.default\">\n\t\t\t\t<div class=\"elementor-widget-container\">\n\t\t\t\t\t\t\t\t\t\t\t\t\t\t\t<img decoding=\"async\" width=\"1024\" height=\"768\" src=\"https:\/\/redsanstore.com\/wp-content\/uploads\/2022\/09\/regulator-monofaz-1024x768.jpg\" class=\"attachment-large size-large wp-image-100634\" alt=\"\" srcset=\"https:\/\/redsanstore.com\/wp-content\/uploads\/2022\/09\/regulator-monofaz-1024x768.jpg 1024w, https:\/\/redsanstore.com\/wp-content\/uploads\/2022\/09\/regulator-monofaz-300x225.jpg 300w, https:\/\/redsanstore.com\/wp-content\/uploads\/2022\/09\/regulator-monofaz-768x576.jpg 768w, https:\/\/redsanstore.com\/wp-content\/uploads\/2022\/09\/regulator-monofaz-600x450.jpg 600w, https:\/\/redsanstore.com\/wp-content\/uploads\/2022\/09\/regulator-monofaz-150x113.jpg 150w, https:\/\/redsanstore.com\/wp-content\/uploads\/2022\/09\/regulator-monofaz.jpg 1440w\" sizes=\"(max-width: 1024px) 100vw, 1024px\" \/>\t\t\t\t\t\t\t\t\t\t\t\t\t\t\t<\/div>\n\t\t\t\t<\/div>\n\t\t\t\t<div class=\"elementor-element elementor-element-d61324a elementor-widget elementor-widget-wd_text_block\" data-id=\"d61324a\" data-element_type=\"widget\" data-widget_type=\"wd_text_block.default\">\n\t\t\t\t<div class=\"elementor-widget-container\">\n\t\t\t\t\t\t\t<div class=\"wd-text-block reset-last-child text-left\">\n\t\t\t\n\t\t\t<h3 style=\"text-align: center;\">\u00c0 quoi servent-ils ?<\/h3><p> <\/p><p>Les r\u00e9gulateurs monophas\u00e9s r\u00e9gulent les fluctuations dans les syst\u00e8mes \u00e9lectriques et maintiennent la charge \u00e9lectrique \u00e0 un niveau de tension constant.<\/p><p>Il se d\u00e9clenche automatiquement en cas de surtension ou de sous-tension dans les syst\u00e8mes \u00e9lectriques, emp\u00eachant ainsi tout dommage aux \u00e9quipements connect\u00e9s.<\/p><p>En fournissant une tension stable, il garantit un fonctionnement plus fiable des appareils \u00e9lectriques et prolonge leur dur\u00e9e de vie.<\/p>\n\t\t\t\t\t<\/div>\n\t\t\t\t\t\t<\/div>\n\t\t\t\t<\/div>\n\t\t\t\t\t<\/div>\n\t\t<\/div>\n\t\t\t\t\t<\/div>\n\t\t<\/section>\n\t\t\t\t<section class=\"wd-negative-gap elementor-section elementor-top-section elementor-element elementor-element-c4d49d2 elementor-section-boxed elementor-section-height-default elementor-section-height-default\" data-id=\"c4d49d2\" data-element_type=\"section\" data-settings=\"{&quot;jet_parallax_layout_list&quot;:[]}\">\n\t\t\t\t\t\t<div class=\"elementor-container elementor-column-gap-default\">\n\t\t\t\t\t<div class=\"elementor-column elementor-col-100 elementor-top-column elementor-element elementor-element-3288289\" data-id=\"3288289\" data-element_type=\"column\">\n\t\t\t<div class=\"elementor-widget-wrap elementor-element-populated\">\n\t\t\t\t\t\t<div class=\"elementor-element elementor-element-f863e70 elementor-widget elementor-widget-spacer\" data-id=\"f863e70\" data-element_type=\"widget\" data-widget_type=\"spacer.default\">\n\t\t\t\t<div class=\"elementor-widget-container\">\n\t\t\t\t\t\t\t<div class=\"elementor-spacer\">\n\t\t\t<div class=\"elementor-spacer-inner\"><\/div>\n\t\t<\/div>\n\t\t\t\t\t\t<\/div>\n\t\t\t\t<\/div>\n\t\t\t\t\t<\/div>\n\t\t<\/div>\n\t\t\t\t\t<\/div>\n\t\t<\/section>\n\t\t\t\t<section class=\"wd-negative-gap elementor-section elementor-top-section elementor-element elementor-element-952d8f2 elementor-section-boxed elementor-section-height-default elementor-section-height-default\" data-id=\"952d8f2\" data-element_type=\"section\" data-settings=\"{&quot;jet_parallax_layout_list&quot;:[]}\">\n\t\t\t\t\t\t<div class=\"elementor-container elementor-column-gap-default\">\n\t\t\t\t\t<div class=\"elementor-column elementor-col-50 elementor-top-column elementor-element elementor-element-44866e9\" data-id=\"44866e9\" data-element_type=\"column\">\n\t\t\t<div class=\"elementor-widget-wrap elementor-element-populated\">\n\t\t\t\t\t\t<div class=\"elementor-element elementor-element-687abc4 elementor-widget elementor-widget-wd_text_block\" data-id=\"687abc4\" data-element_type=\"widget\" data-widget_type=\"wd_text_block.default\">\n\t\t\t\t<div class=\"elementor-widget-container\">\n\t\t\t\t\t\t\t<div class=\"wd-text-block reset-last-child text-left\">\n\t\t\t\n\t\t\t<h3 style=\"text-align: center;\">Avantages<\/h3><p><strong>Stabilisation de tension :<\/strong> les r\u00e9gulateurs monophas\u00e9s r\u00e9gulent les fluctuations de tension d'entr\u00e9e afin de fournir une tension de sortie constante, ce qui garantit le fonctionnement s\u00fbr et efficace des \u00e9quipements sensibles.<\/p><p>Protection des appareils : pr\u00e9vient les dommages caus\u00e9s par les surtensions du r\u00e9seau \u00e9lectrique et prot\u00e8ge les \u00e9quipements \u00e9lectroniques, ce qui prolonge la dur\u00e9e de vie des appareils.<\/p><p><strong>Temps de r\u00e9ponse rapide : <\/strong>les r\u00e9gulateurs r\u00e9agissent rapidement en cas de variations instantan\u00e9es de la tension d'entr\u00e9e et assurent la protection des appareils.<\/p><p><strong>Conception compacte : <\/strong>g\u00e9n\u00e9ralement con\u00e7us dans un format compact, les r\u00e9gulateurs monophas\u00e9s prennent peu de place et s'installent facilement, ce qui facilite leur mise en place et leur utilisation.<\/p><p><strong>Solution \u00e9conomique :<\/strong> le prix abordable et les faibles besoins en maintenance des appareils font des r\u00e9gulateurs monophas\u00e9s une solution \u00e9conomique pour la protection de l'alimentation \u00e9lectrique.<\/p>\n\t\t\t\t\t<\/div>\n\t\t\t\t\t\t<\/div>\n\t\t\t\t<\/div>\n\t\t\t\t\t<\/div>\n\t\t<\/div>\n\t\t\t\t<div class=\"elementor-column elementor-col-50 elementor-top-column elementor-element elementor-element-368d5c5\" data-id=\"368d5c5\" data-element_type=\"column\">\n\t\t\t<div class=\"elementor-widget-wrap elementor-element-populated\">\n\t\t\t\t\t\t<div class=\"elementor-element elementor-element-e949777 elementor-widget elementor-widget-wd_text_block\" data-id=\"e949777\" data-element_type=\"widget\" data-widget_type=\"wd_text_block.default\">\n\t\t\t\t<div class=\"elementor-widget-container\">\n\t\t\t\t\t\t\t<div class=\"wd-text-block reset-last-child text-left\">\n\t\t\t\n\t\t\t<h3 style=\"text-align: center;\">Domaines d'application<\/h3><ul><li>Usage domestique : appareils \u00e9lectrom\u00e9nagers sensibles, ordinateurs, t\u00e9l\u00e9viseurs<\/li><li>Petites entreprises : \u00e9quipement de bureau, imprimantes, photocopieurs<\/li><li>Usage commercial : \u00c9quipements de magasin, syst\u00e8mes de point de vente, \u00e9quipements professionnels<\/li><li>\u00c9tablissements d'enseignement : laboratoires informatiques, \u00e9quipement de classe<\/li><li>\u00c9tablissements de sant\u00e9 : appareils m\u00e9dicaux, \u00e9quipements de laboratoire<\/li><\/ul><p>Les r\u00e9gulateurs monophas\u00e9s minimisent les effets n\u00e9gatifs caus\u00e9s par les fluctuations de tension dans le r\u00e9seau \u00e9lectrique et garantissent ainsi la s\u00e9curit\u00e9 des \u00e9quipements sensibles. Gr\u00e2ce \u00e0 leur utilisation dans divers domaines d'application et \u00e0 leur facilit\u00e9 d'installation et d'utilisation, ils sont consid\u00e9r\u00e9s comme un \u00e9l\u00e9ment important pour la s\u00e9curit\u00e9 \u00e9lectrique. <\/p>\n\t\t\t\t\t<\/div>\n\t\t\t\t\t\t<\/div>\n\t\t\t\t<\/div>\n\t\t\t\t\t<\/div>\n\t\t<\/div>\n\t\t\t\t\t<\/div>\n\t\t<\/section>\n\t\t\t\t<\/div>\n\t\t","protected":false},"excerpt":{"rendered":"<p>R\u00e9gulateurs monophas\u00e9s : dispositifs de protection \u00e9lectrique r\u00e9gulant les fluctuations de tension Les r\u00e9gulateurs monophas\u00e9s sont des dispositifs de protection<\/p>\n","protected":false},"author":1,"featured_media":0,"parent":0,"menu_order":0,"comment_status":"closed","ping_status":"closed","template":"","meta":{"footnotes":""},"class_list":["post-100456","page","type-page","status-publish","hentry"],"yoast_head":"<!-- This site is optimized with the Yoast SEO Premium plugin v25.8 (Yoast SEO v25.9) - https:\/\/yoast.com\/wordpress\/plugins\/seo\/ -->\n<title>R\u00e9gulateurs monophas\u00e9s - Redsan Store<\/title>\n<meta name=\"description\" content=\"Monofaze Reg\u00fclat\u00f6rler : Monofaze reg\u00fclat\u00f6rler, elektrik a\u011f\u0131nda meydana gelen gerilim dalgalanmalar\u0131n\u0131 d\u00fczenleyen ve cihazlar\u0131n g\u00fcvenli...\" \/>\n<meta name=\"robots\" content=\"index, follow, max-snippet:-1, max-image-preview:large, max-video-preview:-1\" \/>\n<link rel=\"canonical\" href=\"https:\/\/redsanstore.com\/fr\/regulateurs-monophases\/\" \/>\n<meta property=\"og:locale\" content=\"fr_FR\" \/>\n<meta property=\"og:type\" content=\"article\" \/>\n<meta property=\"og:title\" content=\"R\u00e9gulateurs monophas\u00e9s\" \/>\n<meta property=\"og:description\" content=\"Monofaze Reg\u00fclat\u00f6rler : Monofaze reg\u00fclat\u00f6rler, elektrik a\u011f\u0131nda meydana gelen gerilim dalgalanmalar\u0131n\u0131 d\u00fczenleyen ve cihazlar\u0131n g\u00fcvenli...\" \/>\n<meta property=\"og:url\" content=\"https:\/\/redsanstore.com\/fr\/regulateurs-monophases\/\" \/>\n<meta property=\"og:site_name\" content=\"Redsan Store\" \/>\n<meta property=\"article:publisher\" content=\"https:\/\/www.facebook.com\/redsanelektronik\" \/>\n<meta property=\"article:modified_time\" content=\"2025-12-15T08:41:22+00:00\" \/>\n<meta property=\"og:image\" content=\"https:\/\/redsanstore.com\/wp-content\/uploads\/2022\/09\/mon11.jpg\" \/>\n\t<meta property=\"og:image:width\" content=\"1440\" \/>\n\t<meta property=\"og:image:height\" content=\"1080\" \/>\n\t<meta property=\"og:image:type\" content=\"image\/jpeg\" \/>\n<meta name=\"twitter:card\" content=\"summary_large_image\" \/>\n<meta name=\"twitter:label1\" content=\"Est. reading time\" \/>\n\t<meta name=\"twitter:data1\" content=\"3 minutes\" \/>\n<script type=\"application\/ld+json\" class=\"yoast-schema-graph\">{\"@context\":\"https:\/\/schema.org\",\"@graph\":[{\"@type\":\"WebPage\",\"@id\":\"https:\/\/redsanstore.com\/fr\/regulateurs-monophases\/\",\"url\":\"https:\/\/redsanstore.com\/fr\/regulateurs-monophases\/\",\"name\":\"R\u00e9gulateurs monophas\u00e9s - Redsan Store\",\"isPartOf\":{\"@id\":\"https:\/\/redsanstore.com\/#website\"},\"primaryImageOfPage\":{\"@id\":\"https:\/\/redsanstore.com\/fr\/regulateurs-monophases\/#primaryimage\"},\"image\":{\"@id\":\"https:\/\/redsanstore.com\/fr\/regulateurs-monophases\/#primaryimage\"},\"thumbnailUrl\":\"https:\/\/redsanstore.com\/wp-content\/uploads\/2022\/09\/mon11-1024x768.jpg\",\"datePublished\":\"2024-02-23T14:55:55+00:00\",\"dateModified\":\"2025-12-15T08:41:22+00:00\",\"description\":\"Monofaze Reg\u00fclat\u00f6rler : Monofaze reg\u00fclat\u00f6rler, elektrik a\u011f\u0131nda meydana gelen gerilim dalgalanmalar\u0131n\u0131 d\u00fczenleyen ve cihazlar\u0131n g\u00fcvenli...\",\"breadcrumb\":{\"@id\":\"https:\/\/redsanstore.com\/fr\/regulateurs-monophases\/#breadcrumb\"},\"inLanguage\":\"fr-FR\",\"potentialAction\":[{\"@type\":\"ReadAction\",\"target\":[\"https:\/\/redsanstore.com\/fr\/regulateurs-monophases\/\"]}]},{\"@type\":\"ImageObject\",\"inLanguage\":\"fr-FR\",\"@id\":\"https:\/\/redsanstore.com\/fr\/regulateurs-monophases\/#primaryimage\",\"url\":\"https:\/\/redsanstore.com\/wp-content\/uploads\/2022\/09\/mon11-1024x768.jpg\",\"contentUrl\":\"https:\/\/redsanstore.com\/wp-content\/uploads\/2022\/09\/mon11-1024x768.jpg\"},{\"@type\":\"BreadcrumbList\",\"@id\":\"https:\/\/redsanstore.com\/fr\/regulateurs-monophases\/#breadcrumb\",\"itemListElement\":[{\"@type\":\"ListItem\",\"position\":1,\"name\":\"Anasayfa\",\"item\":\"https:\/\/redsanstore.com\/fr\/\"},{\"@type\":\"ListItem\",\"position\":2,\"name\":\"R\u00e9gulateurs monophas\u00e9s\"}]},{\"@type\":\"WebSite\",\"@id\":\"https:\/\/redsanstore.com\/#website\",\"url\":\"https:\/\/redsanstore.com\/\",\"name\":\"Redsan Store\",\"description\":\"Redres\u00f6r - Reg\u00fclat\u00f6r - UPS - Ak\u00fc\",\"publisher\":{\"@id\":\"https:\/\/redsanstore.com\/#organization\"},\"alternateName\":\"Redres\u00f6r ve Kesintisiz G\u00fc\u00e7 Kayna\u011f\u0131 Ups\",\"potentialAction\":[{\"@type\":\"SearchAction\",\"target\":{\"@type\":\"EntryPoint\",\"urlTemplate\":\"https:\/\/redsanstore.com\/?s={search_term_string}\"},\"query-input\":{\"@type\":\"PropertyValueSpecification\",\"valueRequired\":true,\"valueName\":\"search_term_string\"}}],\"inLanguage\":\"fr-FR\"},{\"@type\":\"Organization\",\"@id\":\"https:\/\/redsanstore.com\/#organization\",\"name\":\"Redsan Store\",\"alternateName\":\"Redres\u00f6r ve Kesintisiz G\u00fc\u00e7 Kayna\u011f\u0131 Ups\",\"url\":\"https:\/\/redsanstore.com\/\",\"logo\":{\"@type\":\"ImageObject\",\"inLanguage\":\"fr-FR\",\"@id\":\"https:\/\/redsanstore.com\/#\/schema\/logo\/image\/\",\"url\":\"https:\/\/redsanstore.com\/wp-content\/uploads\/2024\/06\/redresor-ups-site-gorseli.jpg\",\"contentUrl\":\"https:\/\/redsanstore.com\/wp-content\/uploads\/2024\/06\/redresor-ups-site-gorseli.jpg\",\"width\":1200,\"height\":675,\"caption\":\"Redsan Store\"},\"image\":{\"@id\":\"https:\/\/redsanstore.com\/#\/schema\/logo\/image\/\"},\"sameAs\":[\"https:\/\/www.facebook.com\/redsanelektronik\",\"https:\/\/www.instagram.com\/redsanelektronik\/\",\"https:\/\/www.linkedin.com\/company\/redsan-elektronik\/\"]}]}<\/script>\n<!-- \/ Yoast SEO Premium plugin. -->","yoast_head_json":{"title":"R\u00e9gulateurs monophas\u00e9s - Redsan Store","description":"Monofaze Reg\u00fclat\u00f6rler : Monofaze reg\u00fclat\u00f6rler, elektrik a\u011f\u0131nda meydana gelen gerilim dalgalanmalar\u0131n\u0131 d\u00fczenleyen ve cihazlar\u0131n g\u00fcvenli...","robots":{"index":"index","follow":"follow","max-snippet":"max-snippet:-1","max-image-preview":"max-image-preview:large","max-video-preview":"max-video-preview:-1"},"canonical":"https:\/\/redsanstore.com\/fr\/regulateurs-monophases\/","og_locale":"fr_FR","og_type":"article","og_title":"R\u00e9gulateurs monophas\u00e9s","og_description":"Monofaze Reg\u00fclat\u00f6rler : Monofaze reg\u00fclat\u00f6rler, elektrik a\u011f\u0131nda meydana gelen gerilim dalgalanmalar\u0131n\u0131 d\u00fczenleyen ve cihazlar\u0131n g\u00fcvenli...","og_url":"https:\/\/redsanstore.com\/fr\/regulateurs-monophases\/","og_site_name":"Redsan Store","article_publisher":"https:\/\/www.facebook.com\/redsanelektronik","article_modified_time":"2025-12-15T08:41:22+00:00","og_image":[{"width":1440,"height":1080,"url":"https:\/\/redsanstore.com\/wp-content\/uploads\/2022\/09\/mon11.jpg","type":"image\/jpeg"}],"twitter_card":"summary_large_image","twitter_misc":{"Est. reading time":"3 minutes"},"schema":{"@context":"https:\/\/schema.org","@graph":[{"@type":"WebPage","@id":"https:\/\/redsanstore.com\/fr\/regulateurs-monophases\/","url":"https:\/\/redsanstore.com\/fr\/regulateurs-monophases\/","name":"R\u00e9gulateurs monophas\u00e9s - Redsan Store","isPartOf":{"@id":"https:\/\/redsanstore.com\/#website"},"primaryImageOfPage":{"@id":"https:\/\/redsanstore.com\/fr\/regulateurs-monophases\/#primaryimage"},"image":{"@id":"https:\/\/redsanstore.com\/fr\/regulateurs-monophases\/#primaryimage"},"thumbnailUrl":"https:\/\/redsanstore.com\/wp-content\/uploads\/2022\/09\/mon11-1024x768.jpg","datePublished":"2024-02-23T14:55:55+00:00","dateModified":"2025-12-15T08:41:22+00:00","description":"Monofaze Reg\u00fclat\u00f6rler : Monofaze reg\u00fclat\u00f6rler, elektrik a\u011f\u0131nda meydana gelen gerilim dalgalanmalar\u0131n\u0131 d\u00fczenleyen ve cihazlar\u0131n g\u00fcvenli...","breadcrumb":{"@id":"https:\/\/redsanstore.com\/fr\/regulateurs-monophases\/#breadcrumb"},"inLanguage":"fr-FR","potentialAction":[{"@type":"ReadAction","target":["https:\/\/redsanstore.com\/fr\/regulateurs-monophases\/"]}]},{"@type":"ImageObject","inLanguage":"fr-FR","@id":"https:\/\/redsanstore.com\/fr\/regulateurs-monophases\/#primaryimage","url":"https:\/\/redsanstore.com\/wp-content\/uploads\/2022\/09\/mon11-1024x768.jpg","contentUrl":"https:\/\/redsanstore.com\/wp-content\/uploads\/2022\/09\/mon11-1024x768.jpg"},{"@type":"BreadcrumbList","@id":"https:\/\/redsanstore.com\/fr\/regulateurs-monophases\/#breadcrumb","itemListElement":[{"@type":"ListItem","position":1,"name":"Anasayfa","item":"https:\/\/redsanstore.com\/fr\/"},{"@type":"ListItem","position":2,"name":"R\u00e9gulateurs monophas\u00e9s"}]},{"@type":"WebSite","@id":"https:\/\/redsanstore.com\/#website","url":"https:\/\/redsanstore.com\/","name":"Redsan Store","description":"Redres\u00f6r - Reg\u00fclat\u00f6r - UPS - Ak\u00fc","publisher":{"@id":"https:\/\/redsanstore.com\/#organization"},"alternateName":"Redres\u00f6r ve Kesintisiz G\u00fc\u00e7 Kayna\u011f\u0131 Ups","potentialAction":[{"@type":"SearchAction","target":{"@type":"EntryPoint","urlTemplate":"https:\/\/redsanstore.com\/?s={search_term_string}"},"query-input":{"@type":"PropertyValueSpecification","valueRequired":true,"valueName":"search_term_string"}}],"inLanguage":"fr-FR"},{"@type":"Organization","@id":"https:\/\/redsanstore.com\/#organization","name":"Redsan Store","alternateName":"Redres\u00f6r ve Kesintisiz G\u00fc\u00e7 Kayna\u011f\u0131 Ups","url":"https:\/\/redsanstore.com\/","logo":{"@type":"ImageObject","inLanguage":"fr-FR","@id":"https:\/\/redsanstore.com\/#\/schema\/logo\/image\/","url":"https:\/\/redsanstore.com\/wp-content\/uploads\/2024\/06\/redresor-ups-site-gorseli.jpg","contentUrl":"https:\/\/redsanstore.com\/wp-content\/uploads\/2024\/06\/redresor-ups-site-gorseli.jpg","width":1200,"height":675,"caption":"Redsan Store"},"image":{"@id":"https:\/\/redsanstore.com\/#\/schema\/logo\/image\/"},"sameAs":["https:\/\/www.facebook.com\/redsanelektronik","https:\/\/www.instagram.com\/redsanelektronik\/","https:\/\/www.linkedin.com\/company\/redsan-elektronik\/"]}]}},"_links":{"self":[{"href":"https:\/\/redsanstore.com\/fr\/wp-json\/wp\/v2\/pages\/100456","targetHints":{"allow":["GET"]}}],"collection":[{"href":"https:\/\/redsanstore.com\/fr\/wp-json\/wp\/v2\/pages"}],"about":[{"href":"https:\/\/redsanstore.com\/fr\/wp-json\/wp\/v2\/types\/page"}],"author":[{"embeddable":true,"href":"https:\/\/redsanstore.com\/fr\/wp-json\/wp\/v2\/users\/1"}],"replies":[{"embeddable":true,"href":"https:\/\/redsanstore.com\/fr\/wp-json\/wp\/v2\/comments?post=100456"}],"version-history":[{"count":1,"href":"https:\/\/redsanstore.com\/fr\/wp-json\/wp\/v2\/pages\/100456\/revisions"}],"predecessor-version":[{"id":100457,"href":"https:\/\/redsanstore.com\/fr\/wp-json\/wp\/v2\/pages\/100456\/revisions\/100457"}],"wp:attachment":[{"href":"https:\/\/redsanstore.com\/fr\/wp-json\/wp\/v2\/media?parent=100456"}],"curies":[{"name":"wp","href":"https:\/\/api.w.org\/{rel}","templated":true}]}}