{"id":100445,"date":"2022-09-16T13:39:14","date_gmt":"2022-09-16T10:39:14","guid":{"rendered":"https:\/\/redsanstore.com\/texte-dinformation-sur-la-kvkk\/"},"modified":"2025-12-15T11:30:22","modified_gmt":"2025-12-15T08:30:22","slug":"texte-dinformation-sur-la-kvkk","status":"publish","type":"page","link":"https:\/\/redsanstore.com\/fr\/texte-dinformation-sur-la-kvkk\/","title":{"rendered":"Texte d&rsquo;information sur la KVKK"},"content":{"rendered":"\t\t<div data-elementor-type=\"wp-page\" data-elementor-id=\"100445\" class=\"elementor elementor-100445 elementor-83308\" data-elementor-post-type=\"page\">\n\t\t\t\t\t\t<section class=\"wd-negative-gap elementor-section elementor-top-section elementor-element elementor-element-6f75131 elementor-section-boxed elementor-section-height-default elementor-section-height-default\" data-id=\"6f75131\" data-element_type=\"section\" data-settings=\"{&quot;jet_parallax_layout_list&quot;:[{&quot;jet_parallax_layout_image&quot;:{&quot;url&quot;:&quot;&quot;,&quot;id&quot;:&quot;&quot;,&quot;size&quot;:&quot;&quot;},&quot;_id&quot;:&quot;e294124&quot;,&quot;jet_parallax_layout_image_tablet&quot;:{&quot;url&quot;:&quot;&quot;,&quot;id&quot;:&quot;&quot;,&quot;size&quot;:&quot;&quot;},&quot;jet_parallax_layout_image_mobile&quot;:{&quot;url&quot;:&quot;&quot;,&quot;id&quot;:&quot;&quot;,&quot;size&quot;:&quot;&quot;},&quot;jet_parallax_layout_speed&quot;:{&quot;unit&quot;:&quot;%&quot;,&quot;size&quot;:50,&quot;sizes&quot;:[]},&quot;jet_parallax_layout_type&quot;:&quot;scroll&quot;,&quot;jet_parallax_layout_direction&quot;:&quot;1&quot;,&quot;jet_parallax_layout_fx_direction&quot;:null,&quot;jet_parallax_layout_z_index&quot;:&quot;&quot;,&quot;jet_parallax_layout_bg_x&quot;:50,&quot;jet_parallax_layout_bg_x_tablet&quot;:&quot;&quot;,&quot;jet_parallax_layout_bg_x_mobile&quot;:&quot;&quot;,&quot;jet_parallax_layout_bg_y&quot;:50,&quot;jet_parallax_layout_bg_y_tablet&quot;:&quot;&quot;,&quot;jet_parallax_layout_bg_y_mobile&quot;:&quot;&quot;,&quot;jet_parallax_layout_bg_size&quot;:&quot;auto&quot;,&quot;jet_parallax_layout_bg_size_tablet&quot;:&quot;&quot;,&quot;jet_parallax_layout_bg_size_mobile&quot;:&quot;&quot;,&quot;jet_parallax_layout_animation_prop&quot;:&quot;transform&quot;,&quot;jet_parallax_layout_on&quot;:[&quot;desktop&quot;,&quot;tablet&quot;]}]}\">\n\t\t\t\t\t\t<div class=\"elementor-container elementor-column-gap-default\">\n\t\t\t\t\t<div class=\"elementor-column elementor-col-100 elementor-top-column elementor-element elementor-element-7c5b056\" data-id=\"7c5b056\" data-element_type=\"column\">\n\t\t\t<div class=\"elementor-widget-wrap elementor-element-populated\">\n\t\t\t\t\t\t<div class=\"elementor-element elementor-element-113b6dc wd-width-100 elementor-widget elementor-widget-wd_title\" data-id=\"113b6dc\" data-element_type=\"widget\" data-widget_type=\"wd_title.default\">\n\t\t\t\t<div class=\"elementor-widget-container\">\n\t\t\t\t\t\t\t<div class=\"title-wrapper wd-set-mb reset-last-child wd-title-color-default wd-title-style-default wd-title-size-default text-left\">\n\n\t\t\t\t\t\t\t\t\t\t\t<div class=\"title-subtitle subtitle-color-default subtitle-style-default wd-fontsize-xs\">\n\t\t\t\t\tREDSANSTORE LOI SUR LA PROTECTION DES DONN\u00c9ES PERSONNELLES - NOTICE D'INFORMATION\t\t\t\t<\/div>\n\t\t\t\n\t\t\t<div class=\"liner-continer\">\n\t\t\t\t<h3 class=\"woodmart-title-container title wd-fontsize-l\">EXPLICATION<\/h3> \n\t\t\t\t\t\t\t<\/div>\n\n\t\t\t\t\t\t\t<div class=\"title-after_title reset-last-child wd-fontsize-xs\">\n\t\t\t\t\t<p>Conform\u00e9ment \u00e0 l'article 10 de la loi n\u00b0 6698 sur la protection des donn\u00e9es personnelles (\u00ab KVKK \u00bb), Redsan store, en tant que \u00ab responsable du traitement des donn\u00e9es \u00bb, vous informe sur les m\u00e9thodes de collecte et de traitement de vos donn\u00e9es personnelles, les raisons juridiques du traitement et vos droits. Responsable du traitement et repr\u00e9sentant Les donn\u00e9es \u00e0 caract\u00e8re personnel vous concernant sont trait\u00e9es par Redsan store en sa qualit\u00e9 de \u00ab responsable du traitement \u00bb aux fins d\u00e9crites ci-dessous et dans les limites de celles-ci, conform\u00e9ment \u00e0 la KVKK.   4. conform\u00e9ment \u00e0 l'article; Elles peuvent \u00eatre trait\u00e9es, sauvegard\u00e9es, stock\u00e9es, class\u00e9es, mises \u00e0 jour et divulgu\u00e9es \u00e0 des tiers conform\u00e9ment \u00e0 la loi et aux r\u00e8gles d'honn\u00eatet\u00e9, de mani\u00e8re pr\u00e9cise et \u00e0 jour, \u00e0 des fins sp\u00e9cifiques, claires et l\u00e9gitimes et en relation avec ces finalit\u00e9s, de mani\u00e8re limit\u00e9e et mesur\u00e9e, et\/ou divulgu\u00e9es \/ transf\u00e9r\u00e9es \u00e0 des tiers dans des cas limit\u00e9s et\/ou aux fins pour lesquelles elles sont trait\u00e9es. Finalit\u00e9 du traitement des Donn\u00e9es personnelles Notre Soci\u00e9t\u00e9 est une organisation qui a re\u00e7u une Licence \u00e0 compter du 15.09.2022 conform\u00e9ment \u00e0 la Loi n \u00b0 6493. Vos donn\u00e9es personnelles sont soumises \u00e0 la section 5 du KVKK. et 6. Elles sont trait\u00e9es, enregistr\u00e9es et partag\u00e9es avec les institutions concern\u00e9es \u00e0 condition qu'elles soient \u201cclairement stipul\u00e9es dans les lois\u201d contenues dans leurs statuts. Vos donn\u00e9es personnelles, conform\u00e9ment aux principes de base stipul\u00e9s dans le KVKK; La capacit\u00e9 de mener \u00e0 bien les activit\u00e9s de notre entreprise, nos relations commerciales et nos processus de ressources humaines, de r\u00e9pondre aux demandes des personnes concern\u00e9es, de vous fournir des produits et services de la mani\u00e8re la plus appropri\u00e9e, de poursuivre les processus marketing et techniques, de planifier les processus op\u00e9rationnels, d'obtenir les informations n\u00e9cessaires dans les contrats avec le repr\u00e9sentant, de mener \u00e0 bien notre travail pour assurer la s\u00e9curit\u00e9 commerciale de l'entreprise, de suivre les processus juridiques, de stocker les informations et documents demand\u00e9s par la CBRT, MASAK et les institutions associ\u00e9es JSC JSC JSC JSC JSC JSC JSC JSC JSC JSC JSC JSC JSC JSC JSC Soci\u00e9t\u00e9 Anonyme SOCI\u00c9T\u00c9 ANONYME SOCI\u00c9T\u00c9 ANONYME SOCI\u00c9T\u00c9 ANONYME SOCI\u00c9T\u00c9 ANONYME SOCI\u00c9T\u00c9 ANONYME SOCI\u00c9T\u00c9 ANONYME SOCI\u00c9T\u00c9 ANONYME SOCI\u00c9T\u00c9 ANONYME SOCI\u00c9T\u00c9 ANONYME SOCI\u00c9T\u00c9 ANONYME SOCI\u00c9T\u00c9 ANONYME SOCI\u00c9T\u00c9 ANONYME SOCI\u00c9T\u00c9 ANONYME SOCI\u00c9T\u00c9 ANONYME SOCI\u00c9T\u00c9 ANONYME SOCI\u00c9T\u00c9 ANONYME SOCI\u00c9T\u00c9 ANONYME SOCI\u00c9T\u00c9 ANONYME SOCI\u00c9T\u00c9 ANONYME SOCI\u00c9T\u00c9 ANONYME SOCI\u00c9T\u00c9 ANONYME SOCI\u00c9T\u00c9 ANONYME SOCI\u00c9T\u00c9 ANONYME SOCI\u00c9T\u00c9 ANONYME SOCI\u00c9T\u00c9 ANONYME SOCI\u00c9T\u00c9 ANONYME SOCI\u00c9T\u00c9 ANONYME SOCI\u00c9T\u00c9 ANONYME SOCI\u00c9T\u00c9 ANONYME SOCI\u00c9T\u00c9 ANONYME SOCI\u00c9T\u00c9 ANONYME SOCI\u00c9T\u00c9 ANONYME SOCI\u00c9T\u00c9 ANONYME SOCI\u00c9T\u00c9 ANONYME SOCI\u00c9T\u00c9 ANONYME SOCI\u00c9T\u00c9 ANONYME SOCI\u00c9T\u00c9 ANONYME SOCI\u00c9T\u00c9 ANONYME SOCI\u00c9T\u00c9 ANONYME SOCI\u00c9T\u00c9 ANONYME SOCI\u00c9T\u00c9 ANONYME SOCI\u00c9T\u00c9 ANONYME SOCI\u00c9T\u00c9 ANONYME SOCI\u00c9T\u00c9 ANONYME SOCI\u00c9T\u00c9 ANONYME SOCI\u00c9T\u00c9 ANONYME SOCI\u00c9T\u00c9 ANONYME SOCI\u00c9T\u00c9 ANONYME SOCI\u00c9T\u00c9 ANONYME SOCI\u00c9T\u00c9 ANONYME SOCI\u00c9T\u00c9 ANONYME SOCI\u00c9T\u00c9 ANONYME SOCI\u00c9T\u00c9 ANONYME SOCI\u00c9T\u00c9 ANONYME SOCI\u00c9T\u00c9 ANONYME SOCI\u00c9T\u00c9 ANONYME SOCI\u00c9T\u00c9 ANONYME SOCI\u00c9T\u00c9 ANONYME SOCI\u00c9T\u00c9 ANONYME SOCI\u00c9T\u00c9 ANONYME SOCI\u00c9T\u00c9 ANONYME SOCI\u00c9T\u00c9 ANONYME SOCI\u00c9T\u00c9 ANONYME SOCI\u00c9T\u00c9 ANONYME SOCI\u00c9T\u00c9 ANONYME SOCI\u00c9T\u00c9 ANONYME SOCI\u00c9T\u00c9 ANONYME SOCI\u00c9T\u00c9 ANONYME SOCI\u00c9T\u00c9 ANONYME SOCI\u00c9T\u00c9 ANONYME SOCI\u00c9T\u00c9 ANONYME SOCI\u00c9T\u00c9 ANONYME, ils sont trait\u00e9s dans le cadre de l'ex\u00e9cution des obligations de d\u00e9claration et de partage d'informations et sont stock\u00e9s en toute s\u00e9curit\u00e9 dans un environnement physique ou \u00e9lectronique pendant la p\u00e9riode appropri\u00e9e aux fins du traitement. Transfert de vos donn\u00e9es personnelles trait\u00e9es par Redsan stockez vos donn\u00e9es personnelles conform\u00e9ment \u00e0 la loi; paiement des Syst\u00e8mes de Paiement et de R\u00e8glement de Titres, des Services de Paiement et des \u00c9tablissements de Monnaie \u00c9lectronique n \u00b0 6493 afin d'exercer nos activit\u00e9s conform\u00e9ment aux dispositions de la Loi et d'autres l\u00e9gislations sur les Syst\u00e8mes de Paiement et de R\u00e8glement de Titres, les Services de Paiement et les \u00c9tablissements de Monnaie \u00c9lectronique conform\u00e9ment aux obligations l\u00e9gales et aux restrictions l\u00e9gales, le transfert d'informations peut \u00eatre transf\u00e9r\u00e9 \u00e0 nos partenaires commerciaux, actionnaires, institutions publiques autoris\u00e9es, personnes priv\u00e9es ou personnes ou organisations autoris\u00e9es ou mandat\u00e9es par d'autres l\u00e9gislations. La M\u00e9thode de Collecte de Vos Donn\u00e9es Personnelles et la Raison L\u00e9gale de vos donn\u00e9es personnelles; bureaux de repr\u00e9sentation, directions r\u00e9gionales, \u00e9quipes de vente, centre d'appels, institutions sous contrat, organisations et entreprises, canaux SMS, site Web, canaux de m\u00e9dias sociaux, canaux de point de vente sur le lieu de travail des membres, autres canaux par lesquels l'entreprise vous contacte et peut vous contacter \u00e0 l'avenir, etc. fourni par Redsan store afin d'am\u00e9liorer les services que nous offrons et de mener \u00e0 bien nos activit\u00e9s commerciales. elles sont collect\u00e9es par des moyens oraux, \u00e9crits ou \u00e9lectroniques ou par des m\u00e9thodes automatiques ou non automatiques sp\u00e9cifi\u00e9es dans la loi. Dans ce contexte, vos donn\u00e9es personnelles sont soumises \u00e0 KVKK 4\/2. en obtenant un consentement explicite \u00e0 la lumi\u00e8re des principes pr\u00e9vus dans la disposition de l'article 5\/2 juillet du KVKK. Article et KVKK 6\/3. en cas d'existence des situations stipul\u00e9es dans les dispositions de l'article, elles peuvent \u00eatre trait\u00e9es et transf\u00e9r\u00e9es sans obtenir le consentement explicite de l'utilisateur. 11 du KVKK. Les Droits dont Vous Disposez conform\u00e9ment \u00e0 l'article 11 de la Loi sur la Protection des Donn\u00e9es Personnelles. conform\u00e9ment aux dispositions de l'article;                <\/p>\t\t\t\t<\/div>\n\t\t\t\t\t<\/div>\n\t\t\t\t\t\t<\/div>\n\t\t\t\t<\/div>\n\t\t\t\t<div class=\"elementor-element elementor-element-b085c37 wd-width-100 elementor-widget elementor-widget-wd_title\" data-id=\"b085c37\" data-element_type=\"widget\" data-widget_type=\"wd_title.default\">\n\t\t\t\t<div class=\"elementor-widget-container\">\n\t\t\t\t\t\t\t<div class=\"title-wrapper wd-set-mb reset-last-child wd-title-color-default wd-title-style-default wd-title-size-default text-left\">\n\n\t\t\t\n\t\t\t<div class=\"liner-continer\">\n\t\t\t\t<h3 class=\"woodmart-title-container title wd-fontsize-l\">MADDELER<\/h3> \n\t\t\t\t\t\t\t<\/div>\n\n\t\t\t\t\t\t\t<div class=\"title-after_title reset-last-child wd-fontsize-xs\">\n\t\t\t\t\t<p>a) Savoir si vos donn\u00e9es personnelles sont trait\u00e9es ou non par la Soci\u00e9t\u00e9, <\/p><p> b) Si vos donn\u00e9es personnelles ont \u00e9t\u00e9 trait\u00e9es, demander des informations \u00e0 ce sujet, <\/p><p> c) Conna\u00eetre la finalit\u00e9 du traitement de vos donn\u00e9es \u00e0 caract\u00e8re personnel et savoir si elles sont utilis\u00e9es conform\u00e9ment \u00e0 cette finalit\u00e9, <\/p><p> \u00e7) Conna\u00eetre les tiers auxquels les donn\u00e9es \u00e0 caract\u00e8re personnel ont \u00e9t\u00e9 transf\u00e9r\u00e9es, que ce soit dans le pays ou \u00e0 l'\u00e9tranger, <\/p><p> d) En cas de traitement incomplet ou erron\u00e9 des donn\u00e9es \u00e0 caract\u00e8re personnel, demander leur rectification, <\/p><p> e) Demander la suppression ou la destruction des donn\u00e9es \u00e0 caract\u00e8re personnel dans le cadre des conditions pr\u00e9vues \u00e0 l'article 7 de la KVKK,  <\/p><p> f) Conform\u00e9ment \u00e0 l'article 11, paragraphes (d) et (e) de la KVKK, demander que les op\u00e9rations effectu\u00e9es soient notifi\u00e9es aux tiers auxquels les donn\u00e9es \u00e0 caract\u00e8re personnel ont \u00e9t\u00e9 transf\u00e9r\u00e9es,    <\/p><p> g) Si l'analyse de vos donn\u00e9es personnelles effectu\u00e9e exclusivement \u00e0 l'aide de syst\u00e8mes automatis\u00e9s aboutit \u00e0 un r\u00e9sultat d\u00e9favorable pour vous, vous avez le droit de vous y opposer. <\/p><p> h) Si vous subissez un pr\u00e9judice du fait du traitement de vos donn\u00e9es personnelles en violation de la l\u00e9gislation applicable, vous avez le droit de demander la r\u00e9paration du pr\u00e9judice subi. <\/p>\t\t\t\t<\/div>\n\t\t\t\t\t<\/div>\n\t\t\t\t\t\t<\/div>\n\t\t\t\t<\/div>\n\t\t\t\t<div class=\"elementor-element elementor-element-35ce242 wd-width-100 elementor-widget elementor-widget-wd_title\" data-id=\"35ce242\" data-element_type=\"widget\" data-widget_type=\"wd_title.default\">\n\t\t\t\t<div class=\"elementor-widget-container\">\n\t\t\t\t\t\t\t<div class=\"title-wrapper wd-set-mb reset-last-child wd-title-color-default wd-title-style-default wd-title-size-default text-left\">\n\n\t\t\t\n\t\t\t<div class=\"liner-continer\">\n\t\t\t\t<h3 class=\"woodmart-title-container title wd-fontsize-l\">R\u00c9SULTAT<\/h3> \n\t\t\t\t\t\t\t<\/div>\n\n\t\t\t\t\t\t\t<div class=\"title-after_title reset-last-child wd-fontsize-xs\">\n\t\t\t\t\t<p>Conform\u00e9ment \u00e0 l'article 13\/1 de la loi, vous pouvez exercer vos droits susmentionn\u00e9s en remplissant le formulaire de demande du titulaire des donn\u00e9es et en le transmettant \u00e0 notre soci\u00e9t\u00e9 par les autres moyens pr\u00e9vus par la l\u00e9gislation. En fonction de la nature de votre demande, celle-ci sera trait\u00e9e gratuitement dans les plus brefs d\u00e9lais et au plus tard dans un d\u00e9lai de 30 (trente) jours ; toutefois, si le traitement entra\u00eene des frais suppl\u00e9mentaires, ceux-ci vous seront factur\u00e9s selon le tarif fix\u00e9 par la Commission de protection des donn\u00e9es personnelles. En ce qui concerne les droits susmentionn\u00e9s, vous pouvez envoyer vos demandes \u00e0 notre soci\u00e9t\u00e9 par \u00e9crit et avec signature manuscrite \u00e0 l'adresse suivante : Hara\u00e7\u00e7\u0131 Mahallesi Hara\u00e7\u00e7\u0131-Had\u0131mk\u00f6y Yolu Caddesi No132\/1 Arnavutk\u00f6y\/\u0130STANBUL, accompagn\u00e9es des informations et documents suppl\u00e9mentaires relatifs au sujet, en les remettant en mains propres, en les envoyant par notaire, info@redsanstore.com avec une signature \u00e9lectronique s\u00e9curis\u00e9e\/signature mobile ou \u00e0 l'adresse e-mail info@redsanstore.com, via votre adresse e-mail enregistr\u00e9e sur Redsanstore.   <\/p>\t\t\t\t<\/div>\n\t\t\t\t\t<\/div>\n\t\t\t\t\t\t<\/div>\n\t\t\t\t<\/div>\n\t\t\t\t\t<\/div>\n\t\t<\/div>\n\t\t\t\t\t<\/div>\n\t\t<\/section>\n\t\t\t\t<\/div>\n\t\t","protected":false},"excerpt":{"rendered":"<p>REDSANSTORE LOI SUR LA PROTECTION DES DONN\u00c9ES PERSONNELLES &#8211; NOTICE D&rsquo;INFORMATION EXPLICATION Conform\u00e9ment \u00e0 l&rsquo;article 10 de la loi n\u00b0<\/p>\n","protected":false},"author":1,"featured_media":0,"parent":0,"menu_order":0,"comment_status":"closed","ping_status":"closed","template":"","meta":{"footnotes":""},"class_list":["post-100445","page","type-page","status-publish","hentry"],"yoast_head":"<!-- This site is optimized with the Yoast SEO Premium plugin v25.8 (Yoast SEO v25.9) - https:\/\/yoast.com\/wordpress\/plugins\/seo\/ -->\n<title>Texte d&#039;information sur la KVKK - Redsan Store<\/title>\n<meta name=\"robots\" content=\"noindex, follow\" \/>\n<meta property=\"og:locale\" content=\"fr_FR\" \/>\n<meta property=\"og:type\" content=\"article\" \/>\n<meta property=\"og:title\" content=\"Texte d&#039;information sur la KVKK\" \/>\n<meta property=\"og:description\" content=\"REDSANSTORE LOI SUR LA PROTECTION DES DONN\u00c9ES PERSONNELLES &#8211; NOTICE D&rsquo;INFORMATION EXPLICATION Conform\u00e9ment \u00e0 l&rsquo;article 10 de la loi n\u00b0\" \/>\n<meta property=\"og:url\" content=\"https:\/\/redsanstore.com\/fr\/texte-dinformation-sur-la-kvkk\/\" \/>\n<meta property=\"og:site_name\" content=\"Redsan Store\" \/>\n<meta property=\"article:publisher\" content=\"https:\/\/www.facebook.com\/redsanelektronik\" \/>\n<meta property=\"article:modified_time\" content=\"2025-12-15T08:30:22+00:00\" \/>\n<meta property=\"og:image\" content=\"https:\/\/redsanstore.com\/wp-content\/uploads\/2024\/06\/redresor-ups-site-gorseli.jpg\" \/>\n\t<meta property=\"og:image:width\" content=\"1200\" \/>\n\t<meta property=\"og:image:height\" content=\"675\" \/>\n\t<meta property=\"og:image:type\" content=\"image\/jpeg\" \/>\n<meta name=\"twitter:card\" content=\"summary_large_image\" \/>\n<meta name=\"twitter:label1\" content=\"Est. reading time\" \/>\n\t<meta name=\"twitter:data1\" content=\"7 minutes\" \/>\n<script type=\"application\/ld+json\" class=\"yoast-schema-graph\">{\"@context\":\"https:\/\/schema.org\",\"@graph\":[{\"@type\":\"WebPage\",\"@id\":\"https:\/\/redsanstore.com\/fr\/texte-dinformation-sur-la-kvkk\/\",\"url\":\"https:\/\/redsanstore.com\/fr\/texte-dinformation-sur-la-kvkk\/\",\"name\":\"Texte d'information sur la KVKK - Redsan Store\",\"isPartOf\":{\"@id\":\"https:\/\/redsanstore.com\/#website\"},\"datePublished\":\"2022-09-16T10:39:14+00:00\",\"dateModified\":\"2025-12-15T08:30:22+00:00\",\"breadcrumb\":{\"@id\":\"https:\/\/redsanstore.com\/fr\/texte-dinformation-sur-la-kvkk\/#breadcrumb\"},\"inLanguage\":\"fr-FR\",\"potentialAction\":[{\"@type\":\"ReadAction\",\"target\":[\"https:\/\/redsanstore.com\/fr\/texte-dinformation-sur-la-kvkk\/\"]}]},{\"@type\":\"BreadcrumbList\",\"@id\":\"https:\/\/redsanstore.com\/fr\/texte-dinformation-sur-la-kvkk\/#breadcrumb\",\"itemListElement\":[{\"@type\":\"ListItem\",\"position\":1,\"name\":\"Anasayfa\",\"item\":\"https:\/\/redsanstore.com\/fr\/\"},{\"@type\":\"ListItem\",\"position\":2,\"name\":\"Texte d&rsquo;information sur la KVKK\"}]},{\"@type\":\"WebSite\",\"@id\":\"https:\/\/redsanstore.com\/#website\",\"url\":\"https:\/\/redsanstore.com\/\",\"name\":\"Redsan Store\",\"description\":\"Redres\u00f6r - Reg\u00fclat\u00f6r - UPS - Ak\u00fc\",\"publisher\":{\"@id\":\"https:\/\/redsanstore.com\/#organization\"},\"alternateName\":\"Redres\u00f6r ve Kesintisiz G\u00fc\u00e7 Kayna\u011f\u0131 Ups\",\"potentialAction\":[{\"@type\":\"SearchAction\",\"target\":{\"@type\":\"EntryPoint\",\"urlTemplate\":\"https:\/\/redsanstore.com\/?s={search_term_string}\"},\"query-input\":{\"@type\":\"PropertyValueSpecification\",\"valueRequired\":true,\"valueName\":\"search_term_string\"}}],\"inLanguage\":\"fr-FR\"},{\"@type\":\"Organization\",\"@id\":\"https:\/\/redsanstore.com\/#organization\",\"name\":\"Redsan Store\",\"alternateName\":\"Redres\u00f6r ve Kesintisiz G\u00fc\u00e7 Kayna\u011f\u0131 Ups\",\"url\":\"https:\/\/redsanstore.com\/\",\"logo\":{\"@type\":\"ImageObject\",\"inLanguage\":\"fr-FR\",\"@id\":\"https:\/\/redsanstore.com\/#\/schema\/logo\/image\/\",\"url\":\"https:\/\/redsanstore.com\/wp-content\/uploads\/2024\/06\/redresor-ups-site-gorseli.jpg\",\"contentUrl\":\"https:\/\/redsanstore.com\/wp-content\/uploads\/2024\/06\/redresor-ups-site-gorseli.jpg\",\"width\":1200,\"height\":675,\"caption\":\"Redsan Store\"},\"image\":{\"@id\":\"https:\/\/redsanstore.com\/#\/schema\/logo\/image\/\"},\"sameAs\":[\"https:\/\/www.facebook.com\/redsanelektronik\",\"https:\/\/www.instagram.com\/redsanelektronik\/\",\"https:\/\/www.linkedin.com\/company\/redsan-elektronik\/\"]}]}<\/script>\n<!-- \/ Yoast SEO Premium plugin. -->","yoast_head_json":{"title":"Texte d'information sur la KVKK - Redsan Store","robots":{"index":"noindex","follow":"follow"},"og_locale":"fr_FR","og_type":"article","og_title":"Texte d'information sur la KVKK","og_description":"REDSANSTORE LOI SUR LA PROTECTION DES DONN\u00c9ES PERSONNELLES &#8211; NOTICE D&rsquo;INFORMATION EXPLICATION Conform\u00e9ment \u00e0 l&rsquo;article 10 de la loi n\u00b0","og_url":"https:\/\/redsanstore.com\/fr\/texte-dinformation-sur-la-kvkk\/","og_site_name":"Redsan Store","article_publisher":"https:\/\/www.facebook.com\/redsanelektronik","article_modified_time":"2025-12-15T08:30:22+00:00","og_image":[{"width":1200,"height":675,"url":"https:\/\/redsanstore.com\/wp-content\/uploads\/2024\/06\/redresor-ups-site-gorseli.jpg","type":"image\/jpeg"}],"twitter_card":"summary_large_image","twitter_misc":{"Est. reading time":"7 minutes"},"schema":{"@context":"https:\/\/schema.org","@graph":[{"@type":"WebPage","@id":"https:\/\/redsanstore.com\/fr\/texte-dinformation-sur-la-kvkk\/","url":"https:\/\/redsanstore.com\/fr\/texte-dinformation-sur-la-kvkk\/","name":"Texte d'information sur la KVKK - Redsan Store","isPartOf":{"@id":"https:\/\/redsanstore.com\/#website"},"datePublished":"2022-09-16T10:39:14+00:00","dateModified":"2025-12-15T08:30:22+00:00","breadcrumb":{"@id":"https:\/\/redsanstore.com\/fr\/texte-dinformation-sur-la-kvkk\/#breadcrumb"},"inLanguage":"fr-FR","potentialAction":[{"@type":"ReadAction","target":["https:\/\/redsanstore.com\/fr\/texte-dinformation-sur-la-kvkk\/"]}]},{"@type":"BreadcrumbList","@id":"https:\/\/redsanstore.com\/fr\/texte-dinformation-sur-la-kvkk\/#breadcrumb","itemListElement":[{"@type":"ListItem","position":1,"name":"Anasayfa","item":"https:\/\/redsanstore.com\/fr\/"},{"@type":"ListItem","position":2,"name":"Texte d&rsquo;information sur la KVKK"}]},{"@type":"WebSite","@id":"https:\/\/redsanstore.com\/#website","url":"https:\/\/redsanstore.com\/","name":"Redsan Store","description":"Redres\u00f6r - Reg\u00fclat\u00f6r - UPS - Ak\u00fc","publisher":{"@id":"https:\/\/redsanstore.com\/#organization"},"alternateName":"Redres\u00f6r ve Kesintisiz G\u00fc\u00e7 Kayna\u011f\u0131 Ups","potentialAction":[{"@type":"SearchAction","target":{"@type":"EntryPoint","urlTemplate":"https:\/\/redsanstore.com\/?s={search_term_string}"},"query-input":{"@type":"PropertyValueSpecification","valueRequired":true,"valueName":"search_term_string"}}],"inLanguage":"fr-FR"},{"@type":"Organization","@id":"https:\/\/redsanstore.com\/#organization","name":"Redsan Store","alternateName":"Redres\u00f6r ve Kesintisiz G\u00fc\u00e7 Kayna\u011f\u0131 Ups","url":"https:\/\/redsanstore.com\/","logo":{"@type":"ImageObject","inLanguage":"fr-FR","@id":"https:\/\/redsanstore.com\/#\/schema\/logo\/image\/","url":"https:\/\/redsanstore.com\/wp-content\/uploads\/2024\/06\/redresor-ups-site-gorseli.jpg","contentUrl":"https:\/\/redsanstore.com\/wp-content\/uploads\/2024\/06\/redresor-ups-site-gorseli.jpg","width":1200,"height":675,"caption":"Redsan Store"},"image":{"@id":"https:\/\/redsanstore.com\/#\/schema\/logo\/image\/"},"sameAs":["https:\/\/www.facebook.com\/redsanelektronik","https:\/\/www.instagram.com\/redsanelektronik\/","https:\/\/www.linkedin.com\/company\/redsan-elektronik\/"]}]}},"_links":{"self":[{"href":"https:\/\/redsanstore.com\/fr\/wp-json\/wp\/v2\/pages\/100445","targetHints":{"allow":["GET"]}}],"collection":[{"href":"https:\/\/redsanstore.com\/fr\/wp-json\/wp\/v2\/pages"}],"about":[{"href":"https:\/\/redsanstore.com\/fr\/wp-json\/wp\/v2\/types\/page"}],"author":[{"embeddable":true,"href":"https:\/\/redsanstore.com\/fr\/wp-json\/wp\/v2\/users\/1"}],"replies":[{"embeddable":true,"href":"https:\/\/redsanstore.com\/fr\/wp-json\/wp\/v2\/comments?post=100445"}],"version-history":[{"count":1,"href":"https:\/\/redsanstore.com\/fr\/wp-json\/wp\/v2\/pages\/100445\/revisions"}],"predecessor-version":[{"id":100447,"href":"https:\/\/redsanstore.com\/fr\/wp-json\/wp\/v2\/pages\/100445\/revisions\/100447"}],"wp:attachment":[{"href":"https:\/\/redsanstore.com\/fr\/wp-json\/wp\/v2\/media?parent=100445"}],"curies":[{"name":"wp","href":"https:\/\/api.w.org\/{rel}","templated":true}]}}