{"id":100427,"date":"2024-09-11T13:33:56","date_gmt":"2024-09-11T10:33:56","guid":{"rendered":"https:\/\/redsanstore.com\/ups-pour-une-alimentation-electrique-ininterrompue\/"},"modified":"2025-12-15T11:07:32","modified_gmt":"2025-12-15T08:07:32","slug":"ups-pour-une-alimentation-electrique-ininterrompue","status":"publish","type":"page","link":"https:\/\/redsanstore.com\/fr\/ups-pour-une-alimentation-electrique-ininterrompue\/","title":{"rendered":"UPS pour une alimentation \u00e9lectrique ininterrompue"},"content":{"rendered":"\t\t<div data-elementor-type=\"wp-page\" data-elementor-id=\"100427\" class=\"elementor elementor-100427 elementor-94264\" data-elementor-post-type=\"page\">\n\t\t\t\t\t\t<section class=\"wd-negative-gap elementor-section elementor-top-section elementor-element elementor-element-6f549cd elementor-section-boxed elementor-section-height-default elementor-section-height-default\" data-id=\"6f549cd\" data-element_type=\"section\" data-settings=\"{&quot;jet_parallax_layout_list&quot;:[]}\">\n\t\t\t\t\t\t<div class=\"elementor-container elementor-column-gap-default\">\n\t\t\t\t\t<div class=\"elementor-column elementor-col-100 elementor-top-column elementor-element elementor-element-592e37a\" data-id=\"592e37a\" data-element_type=\"column\">\n\t\t\t<div class=\"elementor-widget-wrap elementor-element-populated\">\n\t\t\t\t\t\t<div class=\"elementor-element elementor-element-abf4cc2 elementor-widget elementor-widget-spacer\" data-id=\"abf4cc2\" data-element_type=\"widget\" data-widget_type=\"spacer.default\">\n\t\t\t\t<div class=\"elementor-widget-container\">\n\t\t\t\t\t\t\t<div class=\"elementor-spacer\">\n\t\t\t<div class=\"elementor-spacer-inner\"><\/div>\n\t\t<\/div>\n\t\t\t\t\t\t<\/div>\n\t\t\t\t<\/div>\n\t\t\t\t\t<\/div>\n\t\t<\/div>\n\t\t\t\t\t<\/div>\n\t\t<\/section>\n\t\t\t\t<section class=\"wd-negative-gap elementor-section elementor-top-section elementor-element elementor-element-691e2ef elementor-section-boxed elementor-section-height-default elementor-section-height-default\" data-id=\"691e2ef\" data-element_type=\"section\" data-settings=\"{&quot;jet_parallax_layout_list&quot;:[]}\">\n\t\t\t\t\t\t<div class=\"elementor-container elementor-column-gap-default\">\n\t\t\t\t\t<div class=\"elementor-column elementor-col-50 elementor-top-column elementor-element elementor-element-1e159ac\" data-id=\"1e159ac\" data-element_type=\"column\">\n\t\t\t<div class=\"elementor-widget-wrap elementor-element-populated\">\n\t\t\t\t\t\t<div class=\"elementor-element elementor-element-a68ee56 color-scheme-inherit text-left elementor-widget elementor-widget-text-editor\" data-id=\"a68ee56\" data-element_type=\"widget\" data-widget_type=\"text-editor.default\">\n\t\t\t\t<div class=\"elementor-widget-container\">\n\t\t\t\t\t\t\t\t\t<h2><strong>UPS pour une alimentation \u00e9lectrique ininterrompue : une source d&rsquo;alimentation s\u00fbre et continue<\/strong><\/h2><p>Les syst\u00e8mes UPS (alimentation sans coupure) pour une alimentation \u00e9lectrique ininterrompue sont des solutions qui garantissent le fonctionnement s\u00fbr et continu des appareils \u00e9lectroniques et des infrastructures critiques en cas de coupures de courant, de fluctuations de tension et de probl\u00e8mes \u00e9lectriques. Particuli\u00e8rement importants pour les ordinateurs, les serveurs, les appareils m\u00e9dicaux et les \u00e9quipements industriels, les syst\u00e8mes UPS assurent la continuit\u00e9 de l&rsquo;alimentation \u00e9lectrique tout en pr\u00e9venant la perte de donn\u00e9es et les dommages mat\u00e9riels. <\/p><h4>Qu&rsquo;est-ce que l&rsquo;UPS et pourquoi est-il important ?<\/h4><p>Les syst\u00e8mes UPS sont des sources d&rsquo;\u00e9nergie de secours qui se mettent en marche en cas de coupure de courant. Ces syst\u00e8mes fournissent temporairement de l&rsquo;\u00e9nergie aux appareils connect\u00e9s, ce qui permet d&rsquo;\u00e9viter les probl\u00e8mes pouvant \u00eatre caus\u00e9s par les coupures de courant. En m\u00eame temps, les UPS \u00e9quilibrent les fluctuations de tension et garantissent un fonctionnement plus long et plus s\u00fbr des appareils.  <\/p>\t\t\t\t\t\t\t\t<\/div>\n\t\t\t\t<\/div>\n\t\t\t\t\t<\/div>\n\t\t<\/div>\n\t\t\t\t<div class=\"elementor-column elementor-col-50 elementor-top-column elementor-element elementor-element-62161e0\" data-id=\"62161e0\" data-element_type=\"column\">\n\t\t\t<div class=\"elementor-widget-wrap elementor-element-populated\">\n\t\t\t\t\t\t<div class=\"elementor-element elementor-element-739b41b elementor-widget elementor-widget-image\" data-id=\"739b41b\" data-element_type=\"widget\" data-widget_type=\"image.default\">\n\t\t\t\t<div class=\"elementor-widget-container\">\n\t\t\t\t\t\t\t\t\t\t\t\t\t\t\t<img fetchpriority=\"high\" decoding=\"async\" width=\"1024\" height=\"768\" src=\"https:\/\/redsanstore.com\/wp-content\/uploads\/2024\/09\/Kesintisiz-Enerji-Icin-UPS-1024x768.jpeg\" class=\"attachment-large size-large wp-image-100428\" alt=\"Kesintisiz Enerji \u0130\u00e7in UPS\" srcset=\"https:\/\/redsanstore.com\/wp-content\/uploads\/2024\/09\/Kesintisiz-Enerji-Icin-UPS-1024x768.jpeg 1024w, https:\/\/redsanstore.com\/wp-content\/uploads\/2024\/09\/Kesintisiz-Enerji-Icin-UPS-300x225.jpeg 300w, https:\/\/redsanstore.com\/wp-content\/uploads\/2024\/09\/Kesintisiz-Enerji-Icin-UPS-768x576.jpeg 768w, https:\/\/redsanstore.com\/wp-content\/uploads\/2024\/09\/Kesintisiz-Enerji-Icin-UPS-1536x1152.jpeg 1536w, https:\/\/redsanstore.com\/wp-content\/uploads\/2024\/09\/Kesintisiz-Enerji-Icin-UPS-600x450.jpeg 600w, https:\/\/redsanstore.com\/wp-content\/uploads\/2024\/09\/Kesintisiz-Enerji-Icin-UPS-150x113.jpeg 150w, https:\/\/redsanstore.com\/wp-content\/uploads\/2024\/09\/Kesintisiz-Enerji-Icin-UPS.jpeg 1600w\" sizes=\"(max-width: 1024px) 100vw, 1024px\" \/>\t\t\t\t\t\t\t\t\t\t\t\t\t\t\t<\/div>\n\t\t\t\t<\/div>\n\t\t\t\t\t<\/div>\n\t\t<\/div>\n\t\t\t\t\t<\/div>\n\t\t<\/section>\n\t\t\t\t<section class=\"wd-negative-gap elementor-section elementor-top-section elementor-element elementor-element-f48ccd1 elementor-section-boxed elementor-section-height-default elementor-section-height-default\" data-id=\"f48ccd1\" data-element_type=\"section\" data-settings=\"{&quot;jet_parallax_layout_list&quot;:[]}\">\n\t\t\t\t\t\t<div class=\"elementor-container elementor-column-gap-default\">\n\t\t\t\t\t<div class=\"elementor-column elementor-col-100 elementor-top-column elementor-element elementor-element-e63519a\" data-id=\"e63519a\" data-element_type=\"column\">\n\t\t\t<div class=\"elementor-widget-wrap elementor-element-populated\">\n\t\t\t\t\t\t<div class=\"elementor-element elementor-element-99a15db elementor-widget elementor-widget-spacer\" data-id=\"99a15db\" data-element_type=\"widget\" data-widget_type=\"spacer.default\">\n\t\t\t\t<div class=\"elementor-widget-container\">\n\t\t\t\t\t\t\t<div class=\"elementor-spacer\">\n\t\t\t<div class=\"elementor-spacer-inner\"><\/div>\n\t\t<\/div>\n\t\t\t\t\t\t<\/div>\n\t\t\t\t<\/div>\n\t\t\t\t\t<\/div>\n\t\t<\/div>\n\t\t\t\t\t<\/div>\n\t\t<\/section>\n\t\t\t\t<section class=\"wd-negative-gap elementor-section elementor-top-section elementor-element elementor-element-f52e8dd elementor-section-boxed elementor-section-height-default elementor-section-height-default\" data-id=\"f52e8dd\" data-element_type=\"section\" data-settings=\"{&quot;jet_parallax_layout_list&quot;:[]}\">\n\t\t\t\t\t\t<div class=\"elementor-container elementor-column-gap-default\">\n\t\t\t\t\t<div class=\"elementor-column elementor-col-50 elementor-top-column elementor-element elementor-element-8a5e71f\" data-id=\"8a5e71f\" data-element_type=\"column\">\n\t\t\t<div class=\"elementor-widget-wrap elementor-element-populated\">\n\t\t\t\t\t\t<div class=\"elementor-element elementor-element-2e4a284 color-scheme-inherit text-left elementor-widget elementor-widget-text-editor\" data-id=\"2e4a284\" data-element_type=\"widget\" data-widget_type=\"text-editor.default\">\n\t\t\t\t<div class=\"elementor-widget-container\">\n\t\t\t\t\t\t\t\t\t<h4>Les avantages de l&rsquo;utilisation d&rsquo;un onduleur pour une alimentation \u00e9lectrique ininterrompue<\/h4><ul><li><strong>Emp\u00eache la perte de donn\u00e9es : <\/strong>en cas de coupure de courant, il emp\u00eache la perte de donn\u00e9es critiques pour les ordinateurs et les serveurs.<\/li><li><strong>Assure la s\u00e9curit\u00e9 des appareils <\/strong>: prot\u00e8ge contre les fluctuations \u00e9lectriques et emp\u00eache ainsi les appareils d&rsquo;\u00eatre endommag\u00e9s.<\/li><li><strong>Flux de travail ininterrompu :<\/strong> emp\u00eache toute interruption des activit\u00e9s commerciales et industrielles, garantissant ainsi le fonctionnement ininterrompu des entreprises.<\/li><li><strong>Alimentation de secours :<\/strong> fournit une alimentation de secours temporaire en cas de coupure de courant, permettant ainsi l&rsquo;arr\u00eat s\u00e9curis\u00e9 des syst\u00e8mes ou le passage \u00e0 des sources d&rsquo;\u00e9nergie alternatives.<\/li><\/ul>\t\t\t\t\t\t\t\t<\/div>\n\t\t\t\t<\/div>\n\t\t\t\t\t<\/div>\n\t\t<\/div>\n\t\t\t\t<div class=\"elementor-column elementor-col-50 elementor-top-column elementor-element elementor-element-379cf1d\" data-id=\"379cf1d\" data-element_type=\"column\">\n\t\t\t<div class=\"elementor-widget-wrap elementor-element-populated\">\n\t\t\t\t\t\t<div class=\"elementor-element elementor-element-e01bf11 color-scheme-inherit text-left elementor-widget elementor-widget-text-editor\" data-id=\"e01bf11\" data-element_type=\"widget\" data-widget_type=\"text-editor.default\">\n\t\t\t\t<div class=\"elementor-widget-container\">\n\t\t\t\t\t\t\t\t\t<h4>Domaines d&rsquo;application des syst\u00e8mes UPS<\/h4><ul><li><strong>Centres de donn\u00e9es :<\/strong> ils garantissent le fonctionnement s\u00e9curis\u00e9 des serveurs et la protection des donn\u00e9es.<\/li><li><strong>Utilisation \u00e0 domicile et au bureau :<\/strong> garantit le fonctionnement s\u00e9curis\u00e9 des ordinateurs, modems et autres appareils \u00e9lectroniques.<\/li><li><strong>Installations industrielles :<\/strong> augmente la productivit\u00e9 en \u00e9vitant les interruptions pouvant survenir sur les cha\u00eenes de production en raison de coupures d&rsquo;\u00e9lectricit\u00e9.<\/li><li><strong>H\u00f4pitaux :<\/strong> garantit la s\u00e9curit\u00e9 des patients en assurant le fonctionnement ininterrompu des appareils m\u00e9dicaux.<\/li><\/ul><p>Il s&rsquo;agit d&rsquo;une technologie vitale qui prot\u00e8ge les appareils et les donn\u00e9es contre les coupures de courant et les fluctuations de tension. Elle rev\u00eat une importance cruciale pour les utilisateurs particuliers et professionnels en termes de continuit\u00e9 des activit\u00e9s, de s\u00e9curit\u00e9 des donn\u00e9es et de protection des appareils. \u00c0 long terme, les syst\u00e8mes UPS prolongent la dur\u00e9e de vie des appareils et r\u00e9duisent les co\u00fbts en assurant la continuit\u00e9 de l&rsquo;alimentation \u00e9lectrique.  <\/p>\t\t\t\t\t\t\t\t<\/div>\n\t\t\t\t<\/div>\n\t\t\t\t\t<\/div>\n\t\t<\/div>\n\t\t\t\t\t<\/div>\n\t\t<\/section>\n\t\t\t\t<\/div>\n\t\t","protected":false},"excerpt":{"rendered":"<p>UPS pour une alimentation \u00e9lectrique ininterrompue : une source d&rsquo;alimentation s\u00fbre et continue Les syst\u00e8mes UPS (alimentation sans coupure) pour<\/p>\n","protected":false},"author":1,"featured_media":0,"parent":0,"menu_order":0,"comment_status":"closed","ping_status":"closed","template":"","meta":{"footnotes":""},"class_list":["post-100427","page","type-page","status-publish","hentry"],"yoast_head":"<!-- This site is optimized with the Yoast SEO Premium plugin v25.8 (Yoast SEO v25.9) - https:\/\/yoast.com\/wordpress\/plugins\/seo\/ -->\n<title>UPS pour une alimentation \u00e9lectrique ininterrompue - Redsan Store<\/title>\n<meta name=\"description\" content=\"Pour une alimentation \u00e9lectrique ininterrompue, l&#039;UPS prot\u00e8ge les appareils et emp\u00eache la perte de donn\u00e9es en cas de coupure de courant. Pour plus d&#039;informations...\" \/>\n<meta name=\"robots\" content=\"index, follow, max-snippet:-1, max-image-preview:large, max-video-preview:-1\" \/>\n<link rel=\"canonical\" href=\"https:\/\/redsanstore.com\/fr\/ups-pour-une-alimentation-electrique-ininterrompue\/\" \/>\n<meta property=\"og:locale\" content=\"fr_FR\" \/>\n<meta property=\"og:type\" content=\"article\" \/>\n<meta property=\"og:title\" content=\"UPS pour une alimentation \u00e9lectrique ininterrompue\" \/>\n<meta property=\"og:description\" content=\"Pour une alimentation \u00e9lectrique ininterrompue, l&#039;UPS prot\u00e8ge les appareils et emp\u00eache la perte de donn\u00e9es en cas de coupure de courant. Pour plus d&#039;informations...\" \/>\n<meta property=\"og:url\" content=\"https:\/\/redsanstore.com\/fr\/ups-pour-une-alimentation-electrique-ininterrompue\/\" \/>\n<meta property=\"og:site_name\" content=\"Redsan Store\" \/>\n<meta property=\"article:publisher\" content=\"https:\/\/www.facebook.com\/redsanelektronik\" \/>\n<meta property=\"article:modified_time\" content=\"2025-12-15T08:07:32+00:00\" \/>\n<meta property=\"og:image\" content=\"https:\/\/redsanstore.com\/wp-content\/uploads\/2024\/09\/Kesintisiz-Enerji-Icin-UPS.jpeg\" \/>\n\t<meta property=\"og:image:width\" content=\"1600\" \/>\n\t<meta property=\"og:image:height\" content=\"1200\" \/>\n\t<meta property=\"og:image:type\" content=\"image\/jpeg\" \/>\n<meta name=\"twitter:card\" content=\"summary_large_image\" \/>\n<meta name=\"twitter:label1\" content=\"Est. reading time\" \/>\n\t<meta name=\"twitter:data1\" content=\"2 minutes\" \/>\n<script type=\"application\/ld+json\" class=\"yoast-schema-graph\">{\"@context\":\"https:\/\/schema.org\",\"@graph\":[{\"@type\":\"WebPage\",\"@id\":\"https:\/\/redsanstore.com\/fr\/ups-pour-une-alimentation-electrique-ininterrompue\/\",\"url\":\"https:\/\/redsanstore.com\/fr\/ups-pour-une-alimentation-electrique-ininterrompue\/\",\"name\":\"UPS pour une alimentation \u00e9lectrique ininterrompue - Redsan Store\",\"isPartOf\":{\"@id\":\"https:\/\/redsanstore.com\/#website\"},\"primaryImageOfPage\":{\"@id\":\"https:\/\/redsanstore.com\/fr\/ups-pour-une-alimentation-electrique-ininterrompue\/#primaryimage\"},\"image\":{\"@id\":\"https:\/\/redsanstore.com\/fr\/ups-pour-une-alimentation-electrique-ininterrompue\/#primaryimage\"},\"thumbnailUrl\":\"https:\/\/redsanstore.com\/wp-content\/uploads\/2024\/09\/Kesintisiz-Enerji-Icin-UPS-1024x768.jpeg\",\"datePublished\":\"2024-09-11T10:33:56+00:00\",\"dateModified\":\"2025-12-15T08:07:32+00:00\",\"description\":\"Pour une alimentation \u00e9lectrique ininterrompue, l'UPS prot\u00e8ge les appareils et emp\u00eache la perte de donn\u00e9es en cas de coupure de courant. Pour plus d'informations...\",\"breadcrumb\":{\"@id\":\"https:\/\/redsanstore.com\/fr\/ups-pour-une-alimentation-electrique-ininterrompue\/#breadcrumb\"},\"inLanguage\":\"fr-FR\",\"potentialAction\":[{\"@type\":\"ReadAction\",\"target\":[\"https:\/\/redsanstore.com\/fr\/ups-pour-une-alimentation-electrique-ininterrompue\/\"]}]},{\"@type\":\"ImageObject\",\"inLanguage\":\"fr-FR\",\"@id\":\"https:\/\/redsanstore.com\/fr\/ups-pour-une-alimentation-electrique-ininterrompue\/#primaryimage\",\"url\":\"https:\/\/redsanstore.com\/wp-content\/uploads\/2024\/09\/Kesintisiz-Enerji-Icin-UPS-1024x768.jpeg\",\"contentUrl\":\"https:\/\/redsanstore.com\/wp-content\/uploads\/2024\/09\/Kesintisiz-Enerji-Icin-UPS-1024x768.jpeg\"},{\"@type\":\"BreadcrumbList\",\"@id\":\"https:\/\/redsanstore.com\/fr\/ups-pour-une-alimentation-electrique-ininterrompue\/#breadcrumb\",\"itemListElement\":[{\"@type\":\"ListItem\",\"position\":1,\"name\":\"Anasayfa\",\"item\":\"https:\/\/redsanstore.com\/fr\/\"},{\"@type\":\"ListItem\",\"position\":2,\"name\":\"UPS pour une alimentation \u00e9lectrique ininterrompue\"}]},{\"@type\":\"WebSite\",\"@id\":\"https:\/\/redsanstore.com\/#website\",\"url\":\"https:\/\/redsanstore.com\/\",\"name\":\"Redsan Store\",\"description\":\"Redres\u00f6r - Reg\u00fclat\u00f6r - UPS - Ak\u00fc\",\"publisher\":{\"@id\":\"https:\/\/redsanstore.com\/#organization\"},\"alternateName\":\"Redres\u00f6r ve Kesintisiz G\u00fc\u00e7 Kayna\u011f\u0131 Ups\",\"potentialAction\":[{\"@type\":\"SearchAction\",\"target\":{\"@type\":\"EntryPoint\",\"urlTemplate\":\"https:\/\/redsanstore.com\/?s={search_term_string}\"},\"query-input\":{\"@type\":\"PropertyValueSpecification\",\"valueRequired\":true,\"valueName\":\"search_term_string\"}}],\"inLanguage\":\"fr-FR\"},{\"@type\":\"Organization\",\"@id\":\"https:\/\/redsanstore.com\/#organization\",\"name\":\"Redsan Store\",\"alternateName\":\"Redres\u00f6r ve Kesintisiz G\u00fc\u00e7 Kayna\u011f\u0131 Ups\",\"url\":\"https:\/\/redsanstore.com\/\",\"logo\":{\"@type\":\"ImageObject\",\"inLanguage\":\"fr-FR\",\"@id\":\"https:\/\/redsanstore.com\/#\/schema\/logo\/image\/\",\"url\":\"https:\/\/redsanstore.com\/wp-content\/uploads\/2024\/06\/redresor-ups-site-gorseli.jpg\",\"contentUrl\":\"https:\/\/redsanstore.com\/wp-content\/uploads\/2024\/06\/redresor-ups-site-gorseli.jpg\",\"width\":1200,\"height\":675,\"caption\":\"Redsan Store\"},\"image\":{\"@id\":\"https:\/\/redsanstore.com\/#\/schema\/logo\/image\/\"},\"sameAs\":[\"https:\/\/www.facebook.com\/redsanelektronik\",\"https:\/\/www.instagram.com\/redsanelektronik\/\",\"https:\/\/www.linkedin.com\/company\/redsan-elektronik\/\"]}]}<\/script>\n<!-- \/ Yoast SEO Premium plugin. -->","yoast_head_json":{"title":"UPS pour une alimentation \u00e9lectrique ininterrompue - Redsan Store","description":"Pour une alimentation \u00e9lectrique ininterrompue, l'UPS prot\u00e8ge les appareils et emp\u00eache la perte de donn\u00e9es en cas de coupure de courant. Pour plus d'informations...","robots":{"index":"index","follow":"follow","max-snippet":"max-snippet:-1","max-image-preview":"max-image-preview:large","max-video-preview":"max-video-preview:-1"},"canonical":"https:\/\/redsanstore.com\/fr\/ups-pour-une-alimentation-electrique-ininterrompue\/","og_locale":"fr_FR","og_type":"article","og_title":"UPS pour une alimentation \u00e9lectrique ininterrompue","og_description":"Pour une alimentation \u00e9lectrique ininterrompue, l'UPS prot\u00e8ge les appareils et emp\u00eache la perte de donn\u00e9es en cas de coupure de courant. Pour plus d'informations...","og_url":"https:\/\/redsanstore.com\/fr\/ups-pour-une-alimentation-electrique-ininterrompue\/","og_site_name":"Redsan Store","article_publisher":"https:\/\/www.facebook.com\/redsanelektronik","article_modified_time":"2025-12-15T08:07:32+00:00","og_image":[{"width":1600,"height":1200,"url":"https:\/\/redsanstore.com\/wp-content\/uploads\/2024\/09\/Kesintisiz-Enerji-Icin-UPS.jpeg","type":"image\/jpeg"}],"twitter_card":"summary_large_image","twitter_misc":{"Est. reading time":"2 minutes"},"schema":{"@context":"https:\/\/schema.org","@graph":[{"@type":"WebPage","@id":"https:\/\/redsanstore.com\/fr\/ups-pour-une-alimentation-electrique-ininterrompue\/","url":"https:\/\/redsanstore.com\/fr\/ups-pour-une-alimentation-electrique-ininterrompue\/","name":"UPS pour une alimentation \u00e9lectrique ininterrompue - Redsan Store","isPartOf":{"@id":"https:\/\/redsanstore.com\/#website"},"primaryImageOfPage":{"@id":"https:\/\/redsanstore.com\/fr\/ups-pour-une-alimentation-electrique-ininterrompue\/#primaryimage"},"image":{"@id":"https:\/\/redsanstore.com\/fr\/ups-pour-une-alimentation-electrique-ininterrompue\/#primaryimage"},"thumbnailUrl":"https:\/\/redsanstore.com\/wp-content\/uploads\/2024\/09\/Kesintisiz-Enerji-Icin-UPS-1024x768.jpeg","datePublished":"2024-09-11T10:33:56+00:00","dateModified":"2025-12-15T08:07:32+00:00","description":"Pour une alimentation \u00e9lectrique ininterrompue, l'UPS prot\u00e8ge les appareils et emp\u00eache la perte de donn\u00e9es en cas de coupure de courant. Pour plus d'informations...","breadcrumb":{"@id":"https:\/\/redsanstore.com\/fr\/ups-pour-une-alimentation-electrique-ininterrompue\/#breadcrumb"},"inLanguage":"fr-FR","potentialAction":[{"@type":"ReadAction","target":["https:\/\/redsanstore.com\/fr\/ups-pour-une-alimentation-electrique-ininterrompue\/"]}]},{"@type":"ImageObject","inLanguage":"fr-FR","@id":"https:\/\/redsanstore.com\/fr\/ups-pour-une-alimentation-electrique-ininterrompue\/#primaryimage","url":"https:\/\/redsanstore.com\/wp-content\/uploads\/2024\/09\/Kesintisiz-Enerji-Icin-UPS-1024x768.jpeg","contentUrl":"https:\/\/redsanstore.com\/wp-content\/uploads\/2024\/09\/Kesintisiz-Enerji-Icin-UPS-1024x768.jpeg"},{"@type":"BreadcrumbList","@id":"https:\/\/redsanstore.com\/fr\/ups-pour-une-alimentation-electrique-ininterrompue\/#breadcrumb","itemListElement":[{"@type":"ListItem","position":1,"name":"Anasayfa","item":"https:\/\/redsanstore.com\/fr\/"},{"@type":"ListItem","position":2,"name":"UPS pour une alimentation \u00e9lectrique ininterrompue"}]},{"@type":"WebSite","@id":"https:\/\/redsanstore.com\/#website","url":"https:\/\/redsanstore.com\/","name":"Redsan Store","description":"Redres\u00f6r - Reg\u00fclat\u00f6r - UPS - Ak\u00fc","publisher":{"@id":"https:\/\/redsanstore.com\/#organization"},"alternateName":"Redres\u00f6r ve Kesintisiz G\u00fc\u00e7 Kayna\u011f\u0131 Ups","potentialAction":[{"@type":"SearchAction","target":{"@type":"EntryPoint","urlTemplate":"https:\/\/redsanstore.com\/?s={search_term_string}"},"query-input":{"@type":"PropertyValueSpecification","valueRequired":true,"valueName":"search_term_string"}}],"inLanguage":"fr-FR"},{"@type":"Organization","@id":"https:\/\/redsanstore.com\/#organization","name":"Redsan Store","alternateName":"Redres\u00f6r ve Kesintisiz G\u00fc\u00e7 Kayna\u011f\u0131 Ups","url":"https:\/\/redsanstore.com\/","logo":{"@type":"ImageObject","inLanguage":"fr-FR","@id":"https:\/\/redsanstore.com\/#\/schema\/logo\/image\/","url":"https:\/\/redsanstore.com\/wp-content\/uploads\/2024\/06\/redresor-ups-site-gorseli.jpg","contentUrl":"https:\/\/redsanstore.com\/wp-content\/uploads\/2024\/06\/redresor-ups-site-gorseli.jpg","width":1200,"height":675,"caption":"Redsan Store"},"image":{"@id":"https:\/\/redsanstore.com\/#\/schema\/logo\/image\/"},"sameAs":["https:\/\/www.facebook.com\/redsanelektronik","https:\/\/www.instagram.com\/redsanelektronik\/","https:\/\/www.linkedin.com\/company\/redsan-elektronik\/"]}]}},"_links":{"self":[{"href":"https:\/\/redsanstore.com\/fr\/wp-json\/wp\/v2\/pages\/100427","targetHints":{"allow":["GET"]}}],"collection":[{"href":"https:\/\/redsanstore.com\/fr\/wp-json\/wp\/v2\/pages"}],"about":[{"href":"https:\/\/redsanstore.com\/fr\/wp-json\/wp\/v2\/types\/page"}],"author":[{"embeddable":true,"href":"https:\/\/redsanstore.com\/fr\/wp-json\/wp\/v2\/users\/1"}],"replies":[{"embeddable":true,"href":"https:\/\/redsanstore.com\/fr\/wp-json\/wp\/v2\/comments?post=100427"}],"version-history":[{"count":1,"href":"https:\/\/redsanstore.com\/fr\/wp-json\/wp\/v2\/pages\/100427\/revisions"}],"predecessor-version":[{"id":100429,"href":"https:\/\/redsanstore.com\/fr\/wp-json\/wp\/v2\/pages\/100427\/revisions\/100429"}],"wp:attachment":[{"href":"https:\/\/redsanstore.com\/fr\/wp-json\/wp\/v2\/media?parent=100427"}],"curies":[{"name":"wp","href":"https:\/\/api.w.org\/{rel}","templated":true}]}}