{"id":100419,"date":"2024-02-22T11:46:18","date_gmt":"2024-02-22T08:46:18","guid":{"rendered":"https:\/\/redsanstore.com\/inverter\/"},"modified":"2025-12-15T11:01:56","modified_gmt":"2025-12-15T08:01:56","slug":"inverter","status":"publish","type":"page","link":"https:\/\/redsanstore.com\/fr\/inverter\/","title":{"rendered":"INVERTER"},"content":{"rendered":"\t\t<div data-elementor-type=\"wp-page\" data-elementor-id=\"100419\" class=\"elementor elementor-100419 elementor-91384\" data-elementor-post-type=\"page\">\n\t\t\t\t\t\t<section class=\"wd-negative-gap elementor-section elementor-top-section elementor-element elementor-element-227226a elementor-section-boxed elementor-section-height-default elementor-section-height-default\" data-id=\"227226a\" data-element_type=\"section\" data-settings=\"{&quot;jet_parallax_layout_list&quot;:[]}\">\n\t\t\t\t\t\t<div class=\"elementor-container elementor-column-gap-default\">\n\t\t\t\t\t<div class=\"elementor-column elementor-col-50 elementor-top-column elementor-element elementor-element-b3be767\" data-id=\"b3be767\" data-element_type=\"column\">\n\t\t\t<div class=\"elementor-widget-wrap elementor-element-populated\">\n\t\t\t\t\t\t<div class=\"elementor-element elementor-element-ae8221d elementor-widget elementor-widget-wd_text_block\" data-id=\"ae8221d\" data-element_type=\"widget\" data-widget_type=\"wd_text_block.default\">\n\t\t\t\t<div class=\"elementor-widget-container\">\n\t\t\t\t\t\t\t<div class=\"wd-text-block reset-last-child text-left\">\n\t\t\t\n\t\t\t<h2 style=\"text-align: center;\">Onduleurs : conversion moderne de l'\u00e9nergie solaire en \u00e9nergie<\/h2><p>Onduleur : L'\u00e9nergie solaire gagne en popularit\u00e9 dans le monde moderne et l'int\u00e9r\u00eat pour l'\u00e9nergie propre et illimit\u00e9e du soleil afin de r\u00e9pondre \u00e0 nos besoins \u00e9nerg\u00e9tiques ne cesse de cro\u00eetre. Dans ce contexte, les onduleurs sont des technologies essentielles pour convertir l'\u00e9nergie solaire en \u00e9nergie \u00e9lectrique utilisable. <\/p><h3 style=\"text-align: center;\">Qu'est-ce qu'un onduleur ?<\/h3><p>L'onduleur est un appareil qui transforme le courant continu (CC) produit par les panneaux solaires en courant alternatif (CA) utilisable dans les maisons ou les lieux de travail. Le courant continu produit par les panneaux solaires est rendu compatible avec les appareils fonctionnant en courant alternatif, tels que les appareils \u00e9lectrom\u00e9nagers et les \u00e9quipements industriels. <\/p>\n\t\t\t\t\t<\/div>\n\t\t\t\t\t\t<\/div>\n\t\t\t\t<\/div>\n\t\t\t\t<div class=\"elementor-element elementor-element-d7d540d elementor-widget elementor-widget-image\" data-id=\"d7d540d\" data-element_type=\"widget\" data-widget_type=\"image.default\">\n\t\t\t\t<div class=\"elementor-widget-container\">\n\t\t\t\t\t\t\t\t\t\t\t\t\t\t\t<img fetchpriority=\"high\" decoding=\"async\" width=\"320\" height=\"320\" src=\"https:\/\/redsanstore.com\/wp-content\/uploads\/2024\/02\/INVERTOR.webp\" class=\"attachment-large size-large wp-image-100420\" alt=\"\" srcset=\"https:\/\/redsanstore.com\/wp-content\/uploads\/2024\/02\/INVERTOR.webp 320w, https:\/\/redsanstore.com\/wp-content\/uploads\/2024\/02\/INVERTOR-300x300.webp 300w, https:\/\/redsanstore.com\/wp-content\/uploads\/2024\/02\/INVERTOR-150x150.webp 150w\" sizes=\"(max-width: 320px) 100vw, 320px\" \/>\t\t\t\t\t\t\t\t\t\t\t\t\t\t\t<\/div>\n\t\t\t\t<\/div>\n\t\t\t\t\t<\/div>\n\t\t<\/div>\n\t\t\t\t<div class=\"elementor-column elementor-col-50 elementor-top-column elementor-element elementor-element-44c4ab4\" data-id=\"44c4ab4\" data-element_type=\"column\">\n\t\t\t<div class=\"elementor-widget-wrap elementor-element-populated\">\n\t\t\t\t\t\t<div class=\"elementor-element elementor-element-ea61571 elementor-widget elementor-widget-image\" data-id=\"ea61571\" data-element_type=\"widget\" data-widget_type=\"image.default\">\n\t\t\t\t<div class=\"elementor-widget-container\">\n\t\t\t\t\t\t\t\t\t\t\t\t\t\t\t<img fetchpriority=\"high\" decoding=\"async\" width=\"320\" height=\"320\" src=\"https:\/\/redsanstore.com\/wp-content\/uploads\/2024\/02\/INVERTOR.webp\" class=\"attachment-large size-large wp-image-100420\" alt=\"\" srcset=\"https:\/\/redsanstore.com\/wp-content\/uploads\/2024\/02\/INVERTOR.webp 320w, https:\/\/redsanstore.com\/wp-content\/uploads\/2024\/02\/INVERTOR-300x300.webp 300w, https:\/\/redsanstore.com\/wp-content\/uploads\/2024\/02\/INVERTOR-150x150.webp 150w\" sizes=\"(max-width: 320px) 100vw, 320px\" \/>\t\t\t\t\t\t\t\t\t\t\t\t\t\t\t<\/div>\n\t\t\t\t<\/div>\n\t\t\t\t<div class=\"elementor-element elementor-element-cc2a6bb elementor-widget elementor-widget-wd_text_block\" data-id=\"cc2a6bb\" data-element_type=\"widget\" data-widget_type=\"wd_text_block.default\">\n\t\t\t\t<div class=\"elementor-widget-container\">\n\t\t\t\t\t\t\t<div class=\"wd-text-block reset-last-child text-left\">\n\t\t\t\n\t\t\t<h3 style=\"text-align: center;\">Comment \u00e7a marche ?<\/h3><ol><li><p><strong>Collecte d'\u00e9lectricit\u00e9 en courant continu <\/strong>: les panneaux solaires transforment directement la lumi\u00e8re du soleil en \u00e9nergie \u00e9lectrique et produisent du courant continu.<\/p><\/li><li><p><strong>Conversion de l'onduleur :<\/strong> l'onduleur re\u00e7oit le courant continu et le convertit en courant alternatif \u00e0 l'aide de ses circuits \u00e9lectroniques.<\/p><\/li><li><p><strong>Utilisation de l'\u00e9lectricit\u00e9 alternative <\/strong>: L'\u00e9lectricit\u00e9 alternative produite est raccord\u00e9e au syst\u00e8me \u00e9lectrique d'un b\u00e2timent ou au r\u00e9seau \u00e9lectrique afin d'alimenter les appareils m\u00e9nagers, les syst\u00e8mes d'\u00e9clairage et autres appareils \u00e9lectriques.<\/p><\/li><\/ol>\n\t\t\t\t\t<\/div>\n\t\t\t\t\t\t<\/div>\n\t\t\t\t<\/div>\n\t\t\t\t\t<\/div>\n\t\t<\/div>\n\t\t\t\t\t<\/div>\n\t\t<\/section>\n\t\t\t\t<section class=\"wd-negative-gap elementor-section elementor-top-section elementor-element elementor-element-2d8195b elementor-section-boxed elementor-section-height-default elementor-section-height-default\" data-id=\"2d8195b\" data-element_type=\"section\" data-settings=\"{&quot;jet_parallax_layout_list&quot;:[]}\">\n\t\t\t\t\t\t<div class=\"elementor-container elementor-column-gap-default\">\n\t\t\t\t\t<div class=\"elementor-column elementor-col-100 elementor-top-column elementor-element elementor-element-1023cba\" data-id=\"1023cba\" data-element_type=\"column\">\n\t\t\t<div class=\"elementor-widget-wrap elementor-element-populated\">\n\t\t\t\t\t\t<div class=\"elementor-element elementor-element-fe68728 elementor-widget elementor-widget-spacer\" data-id=\"fe68728\" data-element_type=\"widget\" data-widget_type=\"spacer.default\">\n\t\t\t\t<div class=\"elementor-widget-container\">\n\t\t\t\t\t\t\t<div class=\"elementor-spacer\">\n\t\t\t<div class=\"elementor-spacer-inner\"><\/div>\n\t\t<\/div>\n\t\t\t\t\t\t<\/div>\n\t\t\t\t<\/div>\n\t\t\t\t\t<\/div>\n\t\t<\/div>\n\t\t\t\t\t<\/div>\n\t\t<\/section>\n\t\t\t\t<section class=\"wd-negative-gap elementor-section elementor-top-section elementor-element elementor-element-da56ebc elementor-section-boxed elementor-section-height-default elementor-section-height-default\" data-id=\"da56ebc\" data-element_type=\"section\" data-settings=\"{&quot;jet_parallax_layout_list&quot;:[]}\">\n\t\t\t\t\t\t<div class=\"elementor-container elementor-column-gap-default\">\n\t\t\t\t\t<div class=\"elementor-column elementor-col-50 elementor-top-column elementor-element elementor-element-f43f63d\" data-id=\"f43f63d\" data-element_type=\"column\">\n\t\t\t<div class=\"elementor-widget-wrap elementor-element-populated\">\n\t\t\t\t\t\t<div class=\"elementor-element elementor-element-3ba51ef elementor-widget elementor-widget-wd_text_block\" data-id=\"3ba51ef\" data-element_type=\"widget\" data-widget_type=\"wd_text_block.default\">\n\t\t\t\t<div class=\"elementor-widget-container\">\n\t\t\t\t\t\t\t<div class=\"wd-text-block reset-last-child text-left\">\n\t\t\t\n\t\t\t<h3 style=\"text-align: center;\">Types d'onduleurs<\/h3><ol><li><p><strong>Onduleurs centraux : <\/strong>utilis\u00e9s dans les syst\u00e8mes solaires \u00e0 grande \u00e9chelle, ces onduleurs collectent l'\u00e9lectricit\u00e9 CC produite par plusieurs panneaux solaires et la convertissent en \u00e9lectricit\u00e9 CA \u00e0 l'aide d'un seul grand onduleur.<\/p><\/li><li><p><strong>Onduleurs en s\u00e9rie :<\/strong> utilis\u00e9s pour les syst\u00e8mes \u00e0 petite \u00e9chelle ou les installations solaires domestiques, ces onduleurs sont plac\u00e9s sous chaque s\u00e9rie de panneaux solaires et convertissent le courant continu de chaque panneau en courant alternatif.<\/p><\/li><li><p><strong>Micro-onduleurs : <\/strong>install\u00e9s sur chaque panneau solaire, ces onduleurs convertissent imm\u00e9diatement le courant continu provenant de chaque panneau en courant alternatif, ce qui augmente le rendement et permet de surveiller les performances du panneau.<\/p><\/li><\/ol>\n\t\t\t\t\t<\/div>\n\t\t\t\t\t\t<\/div>\n\t\t\t\t<\/div>\n\t\t\t\t\t<\/div>\n\t\t<\/div>\n\t\t\t\t<div class=\"elementor-column elementor-col-50 elementor-top-column elementor-element elementor-element-a4d7dab\" data-id=\"a4d7dab\" data-element_type=\"column\">\n\t\t\t<div class=\"elementor-widget-wrap elementor-element-populated\">\n\t\t\t\t\t\t<div class=\"elementor-element elementor-element-84da816 elementor-widget elementor-widget-wd_text_block\" data-id=\"84da816\" data-element_type=\"widget\" data-widget_type=\"wd_text_block.default\">\n\t\t\t\t<div class=\"elementor-widget-container\">\n\t\t\t\t\t\t\t<div class=\"wd-text-block reset-last-child text-left\">\n\t\t\t\n\t\t\t<div class=\"flex-1 overflow-hidden\"><div class=\"react-scroll-to-bottom--css-cbanq-79elbk h-full\"><div class=\"react-scroll-to-bottom--css-cbanq-1n7m0yu\"><div class=\"flex flex-col pb-9 text-sm\"><div class=\"w-full text-token-text-primary\" data-testid=\"conversation-turn-5\"><div class=\"px-4 py-2 justify-center text-base md:gap-6 m-auto\"><div class=\"flex flex-1 text-base mx-auto gap-3 md:px-5 lg:px-1 xl:px-5 md:max-w-3xl lg:max-w-[40rem] xl:max-w-[48rem] group final-completion\"><div class=\"relative flex w-full flex-col agent-turn\"><div class=\"flex-col gap-1 md:gap-3\"><div class=\"flex flex-grow flex-col max-w-full\"><div class=\"min-h-[20px] text-message flex flex-col items-start gap-3 whitespace-pre-wrap break-words [.text-message+&amp;]:mt-5 overflow-x-auto\" data-message-author-role=\"assistant\" data-message-id=\"6b3e95aa-70a2-4e98-b56a-2a7e910825c8\"><div class=\"markdown prose w-full break-words dark:prose-invert dark\"><h3 style=\"text-align: center;\">Avantages<\/h3><ul><li><strong>Production d'\u00e9nergie propre : <\/strong>Elle permet une production d'\u00e9lectricit\u00e9 respectueuse de l'environnement et durable gr\u00e2ce \u00e0 l'utilisation de l'\u00e9nergie solaire.<\/li><li><strong>Faibles co\u00fbts d'entretien : <\/strong>les onduleurs n\u00e9cessitent g\u00e9n\u00e9ralement peu d'entretien et ont une longue dur\u00e9e de vie.<\/li><li><strong>Ind\u00e9pendance \u00e9nerg\u00e9tique :<\/strong> l'\u00e9nergie solaire et les onduleurs r\u00e9duisent la d\u00e9pendance au r\u00e9seau \u00e9lectrique et renforcent l'ind\u00e9pendance \u00e9nerg\u00e9tique.<\/li><\/ul><p>Les onduleurs jouent un r\u00f4le important dans la g\u00e9n\u00e9ralisation de l'utilisation de l'\u00e9nergie solaire et l'acc\u00e9l\u00e9ration de la transition vers les \u00e9nergies renouvelables. Ces technologies constituent une \u00e9tape importante vers un avenir \u00e9nerg\u00e9tique plus propre et plus vert. <\/p><\/div><\/div><\/div><\/div><\/div><\/div><\/div><\/div><\/div><\/div><\/div><\/div>\n\t\t\t\t\t<\/div>\n\t\t\t\t\t\t<\/div>\n\t\t\t\t<\/div>\n\t\t\t\t\t<\/div>\n\t\t<\/div>\n\t\t\t\t\t<\/div>\n\t\t<\/section>\n\t\t\t\t<section class=\"wd-negative-gap elementor-section elementor-top-section elementor-element elementor-element-592de7c elementor-section-boxed elementor-section-height-default elementor-section-height-default\" data-id=\"592de7c\" data-element_type=\"section\" data-settings=\"{&quot;jet_parallax_layout_list&quot;:[]}\">\n\t\t\t\t\t\t<div class=\"elementor-container elementor-column-gap-default\">\n\t\t\t\t\t<div class=\"elementor-column elementor-col-100 elementor-top-column elementor-element elementor-element-aa1c433\" data-id=\"aa1c433\" data-element_type=\"column\">\n\t\t\t<div class=\"elementor-widget-wrap elementor-element-populated\">\n\t\t\t\t\t\t<div class=\"elementor-element elementor-element-560f21c elementor-widget elementor-widget-spacer\" data-id=\"560f21c\" data-element_type=\"widget\" data-widget_type=\"spacer.default\">\n\t\t\t\t<div class=\"elementor-widget-container\">\n\t\t\t\t\t\t\t<div class=\"elementor-spacer\">\n\t\t\t<div class=\"elementor-spacer-inner\"><\/div>\n\t\t<\/div>\n\t\t\t\t\t\t<\/div>\n\t\t\t\t<\/div>\n\t\t\t\t\t<\/div>\n\t\t<\/div>\n\t\t\t\t\t<\/div>\n\t\t<\/section>\n\t\t\t\t<section class=\"wd-negative-gap elementor-section elementor-top-section elementor-element elementor-element-a7a4114 elementor-section-boxed elementor-section-height-default elementor-section-height-default\" data-id=\"a7a4114\" data-element_type=\"section\" data-settings=\"{&quot;jet_parallax_layout_list&quot;:[]}\">\n\t\t\t\t\t\t<div class=\"elementor-container elementor-column-gap-default\">\n\t\t\t\t\t<div class=\"elementor-column elementor-col-100 elementor-top-column elementor-element elementor-element-c66dac6\" data-id=\"c66dac6\" data-element_type=\"column\">\n\t\t\t<div class=\"elementor-widget-wrap elementor-element-populated\">\n\t\t\t\t\t\t<div class=\"elementor-element elementor-element-52b3322 elementor-widget elementor-widget-wd_text_block\" data-id=\"52b3322\" data-element_type=\"widget\" data-widget_type=\"wd_text_block.default\">\n\t\t\t\t<div class=\"elementor-widget-container\">\n\t\t\t\t\t\t\t<div class=\"wd-text-block reset-last-child text-left\">\n\t\t\t\n\t\t\t<h3 style=\"text-align: center;\">Domaines d'application des onduleurs<\/h3><p><strong>Source d'alimentation : <\/strong>les onduleurs sont utilis\u00e9s pour convertir le courant continu en courant alternatif dans les endroits o\u00f9 il n'y a pas d'alimentation en courant alternatif, en particulier pour les appareils \u00e9lectroniques portables. Cela est couramment fait pour permettre l'utilisation d'appareils \u00e9lectroniques lors de campings, de voyages en caravane ou de voyages. <\/p><p><strong>Syst\u00e8mes d'\u00e9nergie renouvelable : <\/strong>les sources d'\u00e9nergie renouvelables telles que les panneaux solaires ou les \u00e9oliennes produisent de l'\u00e9lectricit\u00e9 en courant continu. Cependant, les maisons et les entreprises utilisent g\u00e9n\u00e9ralement de l'\u00e9lectricit\u00e9 en courant alternatif. Les onduleurs servent \u00e0 convertir ce courant continu en courant alternatif utilisable dans les maisons ou les entreprises.  <\/p><p><a href=\"https:\/\/redsanstore.com\/ups-monofaze-trifaze\/\">Syst\u00e8mes UPS (alimentation sans coupure) :<\/a> Les syst\u00e8mes d'alimentation sans coupure sont utilis\u00e9s pour fournir une alimentation continue en cas de coupure de courant alternatif. Dans ces syst\u00e8mes, une batterie fournit une alimentation en courant continu et un onduleur convertit ce courant continu en courant alternatif pour permettre le fonctionnement des appareils connect\u00e9s. <\/p><p><strong>Stations de recharge pour v\u00e9hicules \u00e9lectriques : <\/strong>les v\u00e9hicules \u00e9lectriques fonctionnent \u00e0 l'\u00e9lectricit\u00e9 continue, mais de nombreuses stations de recharge fournissent du courant alternatif. Les onduleurs utilis\u00e9s dans les stations de recharge convertissent le courant alternatif en courant continu, permettant ainsi de recharger les v\u00e9hicules \u00e9lectriques. <\/p>\n\t\t\t\t\t<\/div>\n\t\t\t\t\t\t<\/div>\n\t\t\t\t<\/div>\n\t\t\t\t\t<\/div>\n\t\t<\/div>\n\t\t\t\t\t<\/div>\n\t\t<\/section>\n\t\t\t\t<\/div>\n\t\t","protected":false},"excerpt":{"rendered":"<p>Onduleurs : conversion moderne de l&rsquo;\u00e9nergie solaire en \u00e9nergie Onduleur : L&rsquo;\u00e9nergie solaire gagne en popularit\u00e9 dans le monde moderne<\/p>\n","protected":false},"author":1,"featured_media":0,"parent":0,"menu_order":0,"comment_status":"closed","ping_status":"closed","template":"","meta":{"footnotes":""},"class_list":["post-100419","page","type-page","status-publish","hentry"],"yoast_head":"<!-- This site is optimized with the Yoast SEO Premium plugin v25.8 (Yoast SEO v25.9) - https:\/\/yoast.com\/wordpress\/plugins\/seo\/ -->\n<title>INVERTER - Redsan Store<\/title>\n<meta name=\"description\" content=\"ONDULEUR : L&#039;onduleur transforme le courant continu (CC) produit par les panneaux solaires en courant alternatif utilisable dans les maisons ou les lieux de travail...\" \/>\n<meta name=\"robots\" content=\"index, follow, max-snippet:-1, max-image-preview:large, max-video-preview:-1\" \/>\n<link rel=\"canonical\" href=\"https:\/\/redsanstore.com\/fr\/inverter\/\" \/>\n<meta property=\"og:locale\" content=\"fr_FR\" \/>\n<meta property=\"og:type\" content=\"article\" \/>\n<meta property=\"og:title\" content=\"INVERTER\" \/>\n<meta property=\"og:description\" content=\"ONDULEUR : L&#039;onduleur transforme le courant continu (CC) produit par les panneaux solaires en courant alternatif utilisable dans les maisons ou les lieux de travail...\" \/>\n<meta property=\"og:url\" content=\"https:\/\/redsanstore.com\/fr\/inverter\/\" \/>\n<meta property=\"og:site_name\" content=\"Redsan Store\" \/>\n<meta property=\"article:publisher\" content=\"https:\/\/www.facebook.com\/redsanelektronik\" \/>\n<meta property=\"article:modified_time\" content=\"2025-12-15T08:01:56+00:00\" \/>\n<meta property=\"og:image\" content=\"https:\/\/redsanstore.com\/wp-content\/uploads\/2024\/02\/INVERTOR.webp\" \/>\n\t<meta property=\"og:image:width\" content=\"320\" \/>\n\t<meta property=\"og:image:height\" content=\"320\" \/>\n\t<meta property=\"og:image:type\" content=\"image\/webp\" \/>\n<meta name=\"twitter:card\" content=\"summary_large_image\" \/>\n<meta name=\"twitter:label1\" content=\"Dur\u00e9e de lecture estim\u00e9e\" \/>\n\t<meta name=\"twitter:data1\" content=\"3 minutes\" \/>\n<script type=\"application\/ld+json\" class=\"yoast-schema-graph\">{\"@context\":\"https:\/\/schema.org\",\"@graph\":[{\"@type\":\"WebPage\",\"@id\":\"https:\/\/redsanstore.com\/fr\/inverter\/\",\"url\":\"https:\/\/redsanstore.com\/fr\/inverter\/\",\"name\":\"INVERTER - Redsan Store\",\"isPartOf\":{\"@id\":\"https:\/\/redsanstore.com\/#website\"},\"primaryImageOfPage\":{\"@id\":\"https:\/\/redsanstore.com\/fr\/inverter\/#primaryimage\"},\"image\":{\"@id\":\"https:\/\/redsanstore.com\/fr\/inverter\/#primaryimage\"},\"thumbnailUrl\":\"https:\/\/redsanstore.com\/wp-content\/uploads\/2024\/02\/INVERTOR.webp\",\"datePublished\":\"2024-02-22T08:46:18+00:00\",\"dateModified\":\"2025-12-15T08:01:56+00:00\",\"description\":\"ONDULEUR : L'onduleur transforme le courant continu (CC) produit par les panneaux solaires en courant alternatif utilisable dans les maisons ou les lieux de travail...\",\"breadcrumb\":{\"@id\":\"https:\/\/redsanstore.com\/fr\/inverter\/#breadcrumb\"},\"inLanguage\":\"fr-FR\",\"potentialAction\":[{\"@type\":\"ReadAction\",\"target\":[\"https:\/\/redsanstore.com\/fr\/inverter\/\"]}]},{\"@type\":\"ImageObject\",\"inLanguage\":\"fr-FR\",\"@id\":\"https:\/\/redsanstore.com\/fr\/inverter\/#primaryimage\",\"url\":\"https:\/\/redsanstore.com\/wp-content\/uploads\/2024\/02\/INVERTOR.webp\",\"contentUrl\":\"https:\/\/redsanstore.com\/wp-content\/uploads\/2024\/02\/INVERTOR.webp\"},{\"@type\":\"BreadcrumbList\",\"@id\":\"https:\/\/redsanstore.com\/fr\/inverter\/#breadcrumb\",\"itemListElement\":[{\"@type\":\"ListItem\",\"position\":1,\"name\":\"Anasayfa\",\"item\":\"https:\/\/redsanstore.com\/fr\/\"},{\"@type\":\"ListItem\",\"position\":2,\"name\":\"INVERTER\"}]},{\"@type\":\"WebSite\",\"@id\":\"https:\/\/redsanstore.com\/#website\",\"url\":\"https:\/\/redsanstore.com\/\",\"name\":\"Redsan Store\",\"description\":\"Redres\u00f6r - Reg\u00fclat\u00f6r - UPS - Ak\u00fc\",\"publisher\":{\"@id\":\"https:\/\/redsanstore.com\/#organization\"},\"alternateName\":\"Redres\u00f6r ve Kesintisiz G\u00fc\u00e7 Kayna\u011f\u0131 Ups\",\"potentialAction\":[{\"@type\":\"SearchAction\",\"target\":{\"@type\":\"EntryPoint\",\"urlTemplate\":\"https:\/\/redsanstore.com\/?s={search_term_string}\"},\"query-input\":{\"@type\":\"PropertyValueSpecification\",\"valueRequired\":true,\"valueName\":\"search_term_string\"}}],\"inLanguage\":\"fr-FR\"},{\"@type\":\"Organization\",\"@id\":\"https:\/\/redsanstore.com\/#organization\",\"name\":\"Redsan Store\",\"alternateName\":\"Redres\u00f6r ve Kesintisiz G\u00fc\u00e7 Kayna\u011f\u0131 Ups\",\"url\":\"https:\/\/redsanstore.com\/\",\"logo\":{\"@type\":\"ImageObject\",\"inLanguage\":\"fr-FR\",\"@id\":\"https:\/\/redsanstore.com\/#\/schema\/logo\/image\/\",\"url\":\"https:\/\/redsanstore.com\/wp-content\/uploads\/2024\/06\/redresor-ups-site-gorseli.jpg\",\"contentUrl\":\"https:\/\/redsanstore.com\/wp-content\/uploads\/2024\/06\/redresor-ups-site-gorseli.jpg\",\"width\":1200,\"height\":675,\"caption\":\"Redsan Store\"},\"image\":{\"@id\":\"https:\/\/redsanstore.com\/#\/schema\/logo\/image\/\"},\"sameAs\":[\"https:\/\/www.facebook.com\/redsanelektronik\",\"https:\/\/www.instagram.com\/redsanelektronik\/\",\"https:\/\/www.linkedin.com\/company\/redsan-elektronik\/\"]}]}<\/script>\n<!-- \/ Yoast SEO Premium plugin. -->","yoast_head_json":{"title":"INVERTER - Redsan Store","description":"ONDULEUR : L'onduleur transforme le courant continu (CC) produit par les panneaux solaires en courant alternatif utilisable dans les maisons ou les lieux de travail...","robots":{"index":"index","follow":"follow","max-snippet":"max-snippet:-1","max-image-preview":"max-image-preview:large","max-video-preview":"max-video-preview:-1"},"canonical":"https:\/\/redsanstore.com\/fr\/inverter\/","og_locale":"fr_FR","og_type":"article","og_title":"INVERTER","og_description":"ONDULEUR : L'onduleur transforme le courant continu (CC) produit par les panneaux solaires en courant alternatif utilisable dans les maisons ou les lieux de travail...","og_url":"https:\/\/redsanstore.com\/fr\/inverter\/","og_site_name":"Redsan Store","article_publisher":"https:\/\/www.facebook.com\/redsanelektronik","article_modified_time":"2025-12-15T08:01:56+00:00","og_image":[{"width":320,"height":320,"url":"https:\/\/redsanstore.com\/wp-content\/uploads\/2024\/02\/INVERTOR.webp","type":"image\/webp"}],"twitter_card":"summary_large_image","twitter_misc":{"Dur\u00e9e de lecture estim\u00e9e":"3 minutes"},"schema":{"@context":"https:\/\/schema.org","@graph":[{"@type":"WebPage","@id":"https:\/\/redsanstore.com\/fr\/inverter\/","url":"https:\/\/redsanstore.com\/fr\/inverter\/","name":"INVERTER - Redsan Store","isPartOf":{"@id":"https:\/\/redsanstore.com\/#website"},"primaryImageOfPage":{"@id":"https:\/\/redsanstore.com\/fr\/inverter\/#primaryimage"},"image":{"@id":"https:\/\/redsanstore.com\/fr\/inverter\/#primaryimage"},"thumbnailUrl":"https:\/\/redsanstore.com\/wp-content\/uploads\/2024\/02\/INVERTOR.webp","datePublished":"2024-02-22T08:46:18+00:00","dateModified":"2025-12-15T08:01:56+00:00","description":"ONDULEUR : L'onduleur transforme le courant continu (CC) produit par les panneaux solaires en courant alternatif utilisable dans les maisons ou les lieux de travail...","breadcrumb":{"@id":"https:\/\/redsanstore.com\/fr\/inverter\/#breadcrumb"},"inLanguage":"fr-FR","potentialAction":[{"@type":"ReadAction","target":["https:\/\/redsanstore.com\/fr\/inverter\/"]}]},{"@type":"ImageObject","inLanguage":"fr-FR","@id":"https:\/\/redsanstore.com\/fr\/inverter\/#primaryimage","url":"https:\/\/redsanstore.com\/wp-content\/uploads\/2024\/02\/INVERTOR.webp","contentUrl":"https:\/\/redsanstore.com\/wp-content\/uploads\/2024\/02\/INVERTOR.webp"},{"@type":"BreadcrumbList","@id":"https:\/\/redsanstore.com\/fr\/inverter\/#breadcrumb","itemListElement":[{"@type":"ListItem","position":1,"name":"Anasayfa","item":"https:\/\/redsanstore.com\/fr\/"},{"@type":"ListItem","position":2,"name":"INVERTER"}]},{"@type":"WebSite","@id":"https:\/\/redsanstore.com\/#website","url":"https:\/\/redsanstore.com\/","name":"Redsan Store","description":"Redres\u00f6r - Reg\u00fclat\u00f6r - UPS - Ak\u00fc","publisher":{"@id":"https:\/\/redsanstore.com\/#organization"},"alternateName":"Redres\u00f6r ve Kesintisiz G\u00fc\u00e7 Kayna\u011f\u0131 Ups","potentialAction":[{"@type":"SearchAction","target":{"@type":"EntryPoint","urlTemplate":"https:\/\/redsanstore.com\/?s={search_term_string}"},"query-input":{"@type":"PropertyValueSpecification","valueRequired":true,"valueName":"search_term_string"}}],"inLanguage":"fr-FR"},{"@type":"Organization","@id":"https:\/\/redsanstore.com\/#organization","name":"Redsan Store","alternateName":"Redres\u00f6r ve Kesintisiz G\u00fc\u00e7 Kayna\u011f\u0131 Ups","url":"https:\/\/redsanstore.com\/","logo":{"@type":"ImageObject","inLanguage":"fr-FR","@id":"https:\/\/redsanstore.com\/#\/schema\/logo\/image\/","url":"https:\/\/redsanstore.com\/wp-content\/uploads\/2024\/06\/redresor-ups-site-gorseli.jpg","contentUrl":"https:\/\/redsanstore.com\/wp-content\/uploads\/2024\/06\/redresor-ups-site-gorseli.jpg","width":1200,"height":675,"caption":"Redsan Store"},"image":{"@id":"https:\/\/redsanstore.com\/#\/schema\/logo\/image\/"},"sameAs":["https:\/\/www.facebook.com\/redsanelektronik","https:\/\/www.instagram.com\/redsanelektronik\/","https:\/\/www.linkedin.com\/company\/redsan-elektronik\/"]}]}},"_links":{"self":[{"href":"https:\/\/redsanstore.com\/fr\/wp-json\/wp\/v2\/pages\/100419","targetHints":{"allow":["GET"]}}],"collection":[{"href":"https:\/\/redsanstore.com\/fr\/wp-json\/wp\/v2\/pages"}],"about":[{"href":"https:\/\/redsanstore.com\/fr\/wp-json\/wp\/v2\/types\/page"}],"author":[{"embeddable":true,"href":"https:\/\/redsanstore.com\/fr\/wp-json\/wp\/v2\/users\/1"}],"replies":[{"embeddable":true,"href":"https:\/\/redsanstore.com\/fr\/wp-json\/wp\/v2\/comments?post=100419"}],"version-history":[{"count":1,"href":"https:\/\/redsanstore.com\/fr\/wp-json\/wp\/v2\/pages\/100419\/revisions"}],"predecessor-version":[{"id":100421,"href":"https:\/\/redsanstore.com\/fr\/wp-json\/wp\/v2\/pages\/100419\/revisions\/100421"}],"wp:attachment":[{"href":"https:\/\/redsanstore.com\/fr\/wp-json\/wp\/v2\/media?parent=100419"}],"curies":[{"name":"wp","href":"https:\/\/api.w.org\/{rel}","templated":true}]}}