{"id":100399,"date":"2024-09-18T14:04:34","date_gmt":"2024-09-18T11:04:34","guid":{"rendered":"https:\/\/redsanstore.com\/systemes-dalimentation-sans-coupure-ups-efficaces\/"},"modified":"2025-12-15T10:44:45","modified_gmt":"2025-12-15T07:44:45","slug":"systemes-dalimentation-sans-coupure-ups-efficaces","status":"publish","type":"page","link":"https:\/\/redsanstore.com\/fr\/systemes-dalimentation-sans-coupure-ups-efficaces\/","title":{"rendered":"Syst\u00e8mes d&rsquo;alimentation sans coupure (UPS) efficaces"},"content":{"rendered":"\t\t<div data-elementor-type=\"wp-page\" data-elementor-id=\"100399\" class=\"elementor elementor-100399 elementor-94317\" data-elementor-post-type=\"page\">\n\t\t\t\t\t\t<section class=\"wd-negative-gap elementor-section elementor-top-section elementor-element elementor-element-b4c5b24 elementor-section-boxed elementor-section-height-default elementor-section-height-default\" data-id=\"b4c5b24\" data-element_type=\"section\" data-settings=\"{&quot;jet_parallax_layout_list&quot;:[]}\">\n\t\t\t\t\t\t<div class=\"elementor-container elementor-column-gap-default\">\n\t\t\t\t\t<div class=\"elementor-column elementor-col-50 elementor-top-column elementor-element elementor-element-1b485e6\" data-id=\"1b485e6\" data-element_type=\"column\">\n\t\t\t<div class=\"elementor-widget-wrap elementor-element-populated\">\n\t\t\t\t\t\t<div class=\"elementor-element elementor-element-6fe0dbf elementor-widget elementor-widget-spacer\" data-id=\"6fe0dbf\" data-element_type=\"widget\" data-widget_type=\"spacer.default\">\n\t\t\t\t<div class=\"elementor-widget-container\">\n\t\t\t\t\t\t\t<div class=\"elementor-spacer\">\n\t\t\t<div class=\"elementor-spacer-inner\"><\/div>\n\t\t<\/div>\n\t\t\t\t\t\t<\/div>\n\t\t\t\t<\/div>\n\t\t\t\t<div class=\"elementor-element elementor-element-6706e04 color-scheme-inherit text-left elementor-widget elementor-widget-text-editor\" data-id=\"6706e04\" data-element_type=\"widget\" data-widget_type=\"text-editor.default\">\n\t\t\t\t<div class=\"elementor-widget-container\">\n\t\t\t\t\t\t\t\t\t<h2><strong>Syst\u00e8mes d&rsquo;alimentation sans coupure (UPS) efficaces<\/strong><\/h2><p class=\"entry-title title\">Syst\u00e8mes d&rsquo;alimentation sans coupure (UPS) efficaces : ils jouent un r\u00f4le essentiel pour permettre aux appareils \u00e9lectroniques de continuer \u00e0 fonctionner pendant les coupures de courant. Ces syst\u00e8mes prot\u00e8gent les appareils et assurent la continuit\u00e9 des activit\u00e9s en cas de coupures de courant soudaines, de fluctuations de tension ou de pannes de courant. Les syst\u00e8mes UPS rev\u00eatent une importance particuli\u00e8re dans les domaines critiques tels que les centres de donn\u00e9es, les services de sant\u00e9, les installations industrielles et les bureaux.  <\/p><h4>L&rsquo;importance des syst\u00e8mes UPS<\/h4><p>Les syst\u00e8mes UPS permettent aux appareils de s&rsquo;\u00e9teindre en toute s\u00e9curit\u00e9 et d&rsquo;\u00e9viter la perte de donn\u00e9es en cas de coupure de courant. Ils emp\u00eachent \u00e9galement les anomalies \u00e9lectriques et les fluctuations de tension d&rsquo;endommager les appareils. Ces syst\u00e8mes offrent divers avantages, notamment :  <\/p><ol><li><p><strong>Alimentation \u00e9lectrique ininterrompue : <\/strong>permet aux appareils de continuer \u00e0 fonctionner pendant les coupures de courant. Cela permet d&rsquo;\u00e9viter les interruptions de travail et les pertes de donn\u00e9es. <\/p><\/li><li><p><strong>Pr\u00e9vention des fluctuations de courant <\/strong>: prot\u00e8ge contre les fluctuations de tension et les augmentations soudaines de courant. Cela permet de prolonger la dur\u00e9e de vie de vos appareils \u00e9lectroniques. <\/p><\/li><li><p><strong>Protection des donn\u00e9es :<\/strong> emp\u00eache la perte de donn\u00e9es en cas d&rsquo;arr\u00eat soudain, en particulier dans les centres de donn\u00e9es et les syst\u00e8mes informatiques. Contribue \u00e0 la conservation s\u00e9curis\u00e9e de vos donn\u00e9es. <\/p><\/li><li><p><strong>S\u00e9curit\u00e9 du syst\u00e8me :<\/strong> garantit l&rsquo;arr\u00eat s\u00e9curis\u00e9 des syst\u00e8mes en cas de probl\u00e8mes \u00e9lectriques. Cela permet d&rsquo;\u00e9viter d&rsquo;endommager les appareils et facilite le processus de maintenance. <\/p><\/li><\/ol>\t\t\t\t\t\t\t\t<\/div>\n\t\t\t\t<\/div>\n\t\t\t\t<div class=\"elementor-element elementor-element-917e44f elementor-widget elementor-widget-spacer\" data-id=\"917e44f\" data-element_type=\"widget\" data-widget_type=\"spacer.default\">\n\t\t\t\t<div class=\"elementor-widget-container\">\n\t\t\t\t\t\t\t<div class=\"elementor-spacer\">\n\t\t\t<div class=\"elementor-spacer-inner\"><\/div>\n\t\t<\/div>\n\t\t\t\t\t\t<\/div>\n\t\t\t\t<\/div>\n\t\t\t\t<div class=\"elementor-element elementor-element-b477b5e color-scheme-inherit text-left elementor-widget elementor-widget-text-editor\" data-id=\"b477b5e\" data-element_type=\"widget\" data-widget_type=\"text-editor.default\">\n\t\t\t\t<div class=\"elementor-widget-container\">\n\t\t\t\t\t\t\t\t\t<h4>Types de syst\u00e8mes UPS<\/h4><p>Les syst\u00e8mes UPS sont disponibles en diff\u00e9rents types selon leur utilisation et les besoins :<\/p><ol><li><p><strong>UPS en veille (Standby) :<\/strong> Il s&rsquo;agit du type d&rsquo;UPS le plus basique. Il prot\u00e8ge les appareils en basculant sur la batterie en cas de coupure de courant. Il est g\u00e9n\u00e9ralement adapt\u00e9 aux petits bureaux et \u00e0 un usage domestique.  <\/p><\/li><li><p><strong>UPS en ligne :<\/strong> ce type d&rsquo;UPS fournit en permanence de l&rsquo;\u00e9nergie via la batterie et purifie le courant secteur. Il est id\u00e9al pour les appareils critiques et les centres de donn\u00e9es, car il offre la meilleure protection contre les coupures de courant. <\/p><\/li><li><p><strong>UPS interactif :<\/strong> ce mod\u00e8le utilise un r\u00e9gulateur de tension automatique (AVR) pour compenser les fluctuations de tension. Il convient aux petites entreprises et aux bureaux. <\/p><\/li><li><p><strong>UPS modulaire :<\/strong> Con\u00e7u pour les grands centres de donn\u00e9es et les applications industrielles. Gr\u00e2ce \u00e0 sa structure modulaire, ses capacit\u00e9s peuvent \u00eatre facilement \u00e9tendues. <\/p><\/li><\/ol><p>Points \u00e0 prendre en compte lors du choix d&rsquo;un onduleur<\/p><p>Les facteurs suivants doivent \u00eatre pris en compte lors du choix des syst\u00e8mes UPS :<\/p><ol><li><p><strong>Capacit\u00e9 :<\/strong> vous devez choisir un onduleur de capacit\u00e9 appropri\u00e9e en calculant la consommation \u00e9lectrique totale de vos appareils. La capacit\u00e9 d\u00e9termine le niveau de puissance maximal que l&rsquo;onduleur peut supporter. <\/p><\/li><li><p><strong>Dur\u00e9e de sortie : <\/strong>v\u00e9rifiez la dur\u00e9e pendant laquelle l&rsquo;onduleur peut fournir de l&rsquo;\u00e9nergie en cas de coupure de courant. Cette dur\u00e9e doit \u00eatre suffisante en fonction de la dur\u00e9e de la coupure. <\/p><\/li><li><p><strong>Dur\u00e9e de secours :<\/strong> La dur\u00e9e de charge et la dur\u00e9e de secours de la batterie de l&rsquo;onduleur doivent \u00eatre suffisantes pour permettre aux appareils de continuer \u00e0 fonctionner.<\/p><\/li><li><p><strong>Caract\u00e9ristiques suppl\u00e9mentaires :<\/strong> les syst\u00e8mes UPS peuvent \u00eatre \u00e9quip\u00e9s de fonctionnalit\u00e9s suppl\u00e9mentaires telles que des panneaux de surveillance \u00e0 \u00e9cran, un acc\u00e8s \u00e0 distance, des syst\u00e8mes d&rsquo;alarme et des fonctions d&rsquo;efficacit\u00e9 \u00e9nerg\u00e9tique. Vous devez tenir compte de ces caract\u00e9ristiques en fonction de vos besoins. <\/p><\/li><li><p><strong>Haute efficacit\u00e9 :<\/strong> les syst\u00e8mes UPS \u00e0 haute efficacit\u00e9 \u00e9nerg\u00e9tique r\u00e9duisent les co\u00fbts \u00e9nerg\u00e9tiques et limitent l&rsquo;impact environnemental.<\/p><\/li><\/ol>\t\t\t\t\t\t\t\t<\/div>\n\t\t\t\t<\/div>\n\t\t\t\t\t<\/div>\n\t\t<\/div>\n\t\t\t\t<div class=\"elementor-column elementor-col-50 elementor-top-column elementor-element elementor-element-8ce7b9c\" data-id=\"8ce7b9c\" data-element_type=\"column\">\n\t\t\t<div class=\"elementor-widget-wrap elementor-element-populated\">\n\t\t\t\t\t\t<div class=\"elementor-element elementor-element-391f657 elementor-widget elementor-widget-spacer\" data-id=\"391f657\" data-element_type=\"widget\" data-widget_type=\"spacer.default\">\n\t\t\t\t<div class=\"elementor-widget-container\">\n\t\t\t\t\t\t\t<div class=\"elementor-spacer\">\n\t\t\t<div class=\"elementor-spacer-inner\"><\/div>\n\t\t<\/div>\n\t\t\t\t\t\t<\/div>\n\t\t\t\t<\/div>\n\t\t\t\t<div class=\"elementor-element elementor-element-8416ba2 elementor-widget elementor-widget-image\" data-id=\"8416ba2\" data-element_type=\"widget\" data-widget_type=\"image.default\">\n\t\t\t\t<div class=\"elementor-widget-container\">\n\t\t\t\t\t\t\t\t\t\t\t\t\t\t\t<img fetchpriority=\"high\" decoding=\"async\" width=\"1024\" height=\"1024\" src=\"https:\/\/redsanstore.com\/wp-content\/uploads\/2024\/09\/Etkili-Kesintisiz-Guc-Kaynagi-UPS-Sistemleri-1024x1024.jpeg\" class=\"attachment-large size-large wp-image-100400\" alt=\"Etkili Kesintisiz G\u00fc\u00e7 Kayna\u011f\u0131 (UPS) Sistemleri\" srcset=\"https:\/\/redsanstore.com\/wp-content\/uploads\/2024\/09\/Etkili-Kesintisiz-Guc-Kaynagi-UPS-Sistemleri-1024x1024.jpeg 1024w, https:\/\/redsanstore.com\/wp-content\/uploads\/2024\/09\/Etkili-Kesintisiz-Guc-Kaynagi-UPS-Sistemleri-300x300.jpeg 300w, https:\/\/redsanstore.com\/wp-content\/uploads\/2024\/09\/Etkili-Kesintisiz-Guc-Kaynagi-UPS-Sistemleri-150x150.jpeg 150w, https:\/\/redsanstore.com\/wp-content\/uploads\/2024\/09\/Etkili-Kesintisiz-Guc-Kaynagi-UPS-Sistemleri-768x768.jpeg 768w, https:\/\/redsanstore.com\/wp-content\/uploads\/2024\/09\/Etkili-Kesintisiz-Guc-Kaynagi-UPS-Sistemleri-1536x1536.jpeg 1536w, https:\/\/redsanstore.com\/wp-content\/uploads\/2024\/09\/Etkili-Kesintisiz-Guc-Kaynagi-UPS-Sistemleri-600x600.jpeg 600w, https:\/\/redsanstore.com\/wp-content\/uploads\/2024\/09\/Etkili-Kesintisiz-Guc-Kaynagi-UPS-Sistemleri.jpeg 1600w\" sizes=\"(max-width: 1024px) 100vw, 1024px\" \/>\t\t\t\t\t\t\t\t\t\t\t\t\t\t\t<\/div>\n\t\t\t\t<\/div>\n\t\t\t\t<div class=\"elementor-element elementor-element-4b0941d elementor-widget elementor-widget-spacer\" data-id=\"4b0941d\" data-element_type=\"widget\" data-widget_type=\"spacer.default\">\n\t\t\t\t<div class=\"elementor-widget-container\">\n\t\t\t\t\t\t\t<div class=\"elementor-spacer\">\n\t\t\t<div class=\"elementor-spacer-inner\"><\/div>\n\t\t<\/div>\n\t\t\t\t\t\t<\/div>\n\t\t\t\t<\/div>\n\t\t\t\t<div class=\"elementor-element elementor-element-e6e2e07 color-scheme-inherit text-left elementor-widget elementor-widget-text-editor\" data-id=\"e6e2e07\" data-element_type=\"widget\" data-widget_type=\"text-editor.default\">\n\t\t\t\t<div class=\"elementor-widget-container\">\n\t\t\t\t\t\t\t\t\t<h4>Maintenance des syst\u00e8mes UPS<\/h4><p>L&rsquo;entretien r\u00e9gulier des syst\u00e8mes UPS garantit le maintien de leurs performances \u00e9lev\u00e9es. Les points \u00e0 prendre en compte lors de l&rsquo;entretien sont les suivants : <\/p><ol><li><p><strong>Contr\u00f4le des batteries : <\/strong>Les batteries UPS doivent \u00eatre contr\u00f4l\u00e9es r\u00e9guli\u00e8rement et remplac\u00e9es si n\u00e9cessaire. La dur\u00e9e de vie des batteries a une incidence sur les performances globales du syst\u00e8me. <\/p><\/li><li><p><strong>Nettoyage :<\/strong> Il est important de d\u00e9poussi\u00e9rer et de nettoyer le syst\u00e8me UPS. Un environnement propre contribue au bon fonctionnement du syst\u00e8me. <\/p><\/li><li><p><strong>Mises \u00e0 jour logicielles :<\/strong> Il est important que le logiciel du syst\u00e8me UPS soit \u00e0 jour pour garantir ses performances et sa s\u00e9curit\u00e9. Les mises \u00e0 jour fournies par le fabricant doivent \u00eatre suivies. <\/p><\/li><li><p><strong>Tests : <\/strong>Le test r\u00e9gulier des syst\u00e8mes UPS permet de d\u00e9tecter les pannes \u00e0 l&rsquo;avance et de garantir que le syst\u00e8me est toujours pr\u00eat \u00e0 fonctionner.<\/p><\/li><\/ol><p>Il offre une protection essentielle contre les coupures de courant et garantit la continuit\u00e9 des activit\u00e9s. Les syst\u00e8mes UPS, qui constituent une solution fiable en cas de probl\u00e8mes \u00e9lectriques, prolongent la s\u00e9curit\u00e9 des donn\u00e9es et la dur\u00e9e de vie des appareils. Gr\u00e2ce \u00e0 un choix professionnel et \u00e0 un entretien r\u00e9gulier, vous pouvez profiter au maximum des performances des syst\u00e8mes UPS.  <\/p>\t\t\t\t\t\t\t\t<\/div>\n\t\t\t\t<\/div>\n\t\t\t\t\t<\/div>\n\t\t<\/div>\n\t\t\t\t\t<\/div>\n\t\t<\/section>\n\t\t\t\t<\/div>\n\t\t","protected":false},"excerpt":{"rendered":"<p>Syst\u00e8mes d&rsquo;alimentation sans coupure (UPS) efficaces Syst\u00e8mes d&rsquo;alimentation sans coupure (UPS) efficaces : ils jouent un r\u00f4le essentiel pour permettre<\/p>\n","protected":false},"author":1,"featured_media":0,"parent":0,"menu_order":0,"comment_status":"closed","ping_status":"closed","template":"","meta":{"footnotes":""},"class_list":["post-100399","page","type-page","status-publish","hentry"],"yoast_head":"<!-- This site is optimized with the Yoast SEO Premium plugin v25.8 (Yoast SEO v25.9) - https:\/\/yoast.com\/wordpress\/plugins\/seo\/ -->\n<title>Syst\u00e8mes d&#039;alimentation sans coupure (UPS) efficaces - Redsan Store<\/title>\n<meta name=\"description\" content=\"Assurez une alimentation \u00e9lectrique s\u00fbre et continue en cas de coupures de courant gr\u00e2ce \u00e0 des syst\u00e8mes d&#039;alimentation sans coupure (UPS) efficaces. Garantissez la protection de vos appareils.\" \/>\n<meta name=\"robots\" content=\"index, follow, max-snippet:-1, max-image-preview:large, max-video-preview:-1\" \/>\n<link rel=\"canonical\" href=\"https:\/\/redsanstore.com\/fr\/systemes-dalimentation-sans-coupure-ups-efficaces\/\" \/>\n<meta property=\"og:locale\" content=\"fr_FR\" \/>\n<meta property=\"og:type\" content=\"article\" \/>\n<meta property=\"og:title\" content=\"Syst\u00e8mes d&#039;alimentation sans coupure (UPS) efficaces\" \/>\n<meta property=\"og:description\" content=\"Assurez une alimentation \u00e9lectrique s\u00fbre et continue en cas de coupures de courant gr\u00e2ce \u00e0 des syst\u00e8mes d&#039;alimentation sans coupure (UPS) efficaces. Garantissez la protection de vos appareils.\" \/>\n<meta property=\"og:url\" content=\"https:\/\/redsanstore.com\/fr\/systemes-dalimentation-sans-coupure-ups-efficaces\/\" \/>\n<meta property=\"og:site_name\" content=\"Redsan Store\" \/>\n<meta property=\"article:publisher\" content=\"https:\/\/www.facebook.com\/redsanelektronik\" \/>\n<meta property=\"article:modified_time\" content=\"2025-12-15T07:44:45+00:00\" \/>\n<meta property=\"og:image\" content=\"https:\/\/redsanstore.com\/wp-content\/uploads\/2024\/09\/Etkili-Kesintisiz-Guc-Kaynagi-UPS-Sistemleri.jpeg\" \/>\n\t<meta property=\"og:image:width\" content=\"1600\" \/>\n\t<meta property=\"og:image:height\" content=\"1600\" \/>\n\t<meta property=\"og:image:type\" content=\"image\/jpeg\" \/>\n<meta name=\"twitter:card\" content=\"summary_large_image\" \/>\n<meta name=\"twitter:label1\" content=\"Est. reading time\" \/>\n\t<meta name=\"twitter:data1\" content=\"4 minutes\" \/>\n<script type=\"application\/ld+json\" class=\"yoast-schema-graph\">{\"@context\":\"https:\/\/schema.org\",\"@graph\":[{\"@type\":\"WebPage\",\"@id\":\"https:\/\/redsanstore.com\/fr\/systemes-dalimentation-sans-coupure-ups-efficaces\/\",\"url\":\"https:\/\/redsanstore.com\/fr\/systemes-dalimentation-sans-coupure-ups-efficaces\/\",\"name\":\"Syst\u00e8mes d'alimentation sans coupure (UPS) efficaces - Redsan Store\",\"isPartOf\":{\"@id\":\"https:\/\/redsanstore.com\/#website\"},\"primaryImageOfPage\":{\"@id\":\"https:\/\/redsanstore.com\/fr\/systemes-dalimentation-sans-coupure-ups-efficaces\/#primaryimage\"},\"image\":{\"@id\":\"https:\/\/redsanstore.com\/fr\/systemes-dalimentation-sans-coupure-ups-efficaces\/#primaryimage\"},\"thumbnailUrl\":\"https:\/\/redsanstore.com\/wp-content\/uploads\/2024\/09\/Etkili-Kesintisiz-Guc-Kaynagi-UPS-Sistemleri-1024x1024.jpeg\",\"datePublished\":\"2024-09-18T11:04:34+00:00\",\"dateModified\":\"2025-12-15T07:44:45+00:00\",\"description\":\"Assurez une alimentation \u00e9lectrique s\u00fbre et continue en cas de coupures de courant gr\u00e2ce \u00e0 des syst\u00e8mes d'alimentation sans coupure (UPS) efficaces. Garantissez la protection de vos appareils.\",\"breadcrumb\":{\"@id\":\"https:\/\/redsanstore.com\/fr\/systemes-dalimentation-sans-coupure-ups-efficaces\/#breadcrumb\"},\"inLanguage\":\"fr-FR\",\"potentialAction\":[{\"@type\":\"ReadAction\",\"target\":[\"https:\/\/redsanstore.com\/fr\/systemes-dalimentation-sans-coupure-ups-efficaces\/\"]}]},{\"@type\":\"ImageObject\",\"inLanguage\":\"fr-FR\",\"@id\":\"https:\/\/redsanstore.com\/fr\/systemes-dalimentation-sans-coupure-ups-efficaces\/#primaryimage\",\"url\":\"https:\/\/redsanstore.com\/wp-content\/uploads\/2024\/09\/Etkili-Kesintisiz-Guc-Kaynagi-UPS-Sistemleri-1024x1024.jpeg\",\"contentUrl\":\"https:\/\/redsanstore.com\/wp-content\/uploads\/2024\/09\/Etkili-Kesintisiz-Guc-Kaynagi-UPS-Sistemleri-1024x1024.jpeg\"},{\"@type\":\"BreadcrumbList\",\"@id\":\"https:\/\/redsanstore.com\/fr\/systemes-dalimentation-sans-coupure-ups-efficaces\/#breadcrumb\",\"itemListElement\":[{\"@type\":\"ListItem\",\"position\":1,\"name\":\"Anasayfa\",\"item\":\"https:\/\/redsanstore.com\/fr\/\"},{\"@type\":\"ListItem\",\"position\":2,\"name\":\"Syst\u00e8mes d&rsquo;alimentation sans coupure (UPS) efficaces\"}]},{\"@type\":\"WebSite\",\"@id\":\"https:\/\/redsanstore.com\/#website\",\"url\":\"https:\/\/redsanstore.com\/\",\"name\":\"Redsan Store\",\"description\":\"Redres\u00f6r - Reg\u00fclat\u00f6r - UPS - Ak\u00fc\",\"publisher\":{\"@id\":\"https:\/\/redsanstore.com\/#organization\"},\"alternateName\":\"Redres\u00f6r ve Kesintisiz G\u00fc\u00e7 Kayna\u011f\u0131 Ups\",\"potentialAction\":[{\"@type\":\"SearchAction\",\"target\":{\"@type\":\"EntryPoint\",\"urlTemplate\":\"https:\/\/redsanstore.com\/?s={search_term_string}\"},\"query-input\":{\"@type\":\"PropertyValueSpecification\",\"valueRequired\":true,\"valueName\":\"search_term_string\"}}],\"inLanguage\":\"fr-FR\"},{\"@type\":\"Organization\",\"@id\":\"https:\/\/redsanstore.com\/#organization\",\"name\":\"Redsan Store\",\"alternateName\":\"Redres\u00f6r ve Kesintisiz G\u00fc\u00e7 Kayna\u011f\u0131 Ups\",\"url\":\"https:\/\/redsanstore.com\/\",\"logo\":{\"@type\":\"ImageObject\",\"inLanguage\":\"fr-FR\",\"@id\":\"https:\/\/redsanstore.com\/#\/schema\/logo\/image\/\",\"url\":\"https:\/\/redsanstore.com\/wp-content\/uploads\/2024\/06\/redresor-ups-site-gorseli.jpg\",\"contentUrl\":\"https:\/\/redsanstore.com\/wp-content\/uploads\/2024\/06\/redresor-ups-site-gorseli.jpg\",\"width\":1200,\"height\":675,\"caption\":\"Redsan Store\"},\"image\":{\"@id\":\"https:\/\/redsanstore.com\/#\/schema\/logo\/image\/\"},\"sameAs\":[\"https:\/\/www.facebook.com\/redsanelektronik\",\"https:\/\/www.instagram.com\/redsanelektronik\/\",\"https:\/\/www.linkedin.com\/company\/redsan-elektronik\/\"]}]}<\/script>\n<!-- \/ Yoast SEO Premium plugin. -->","yoast_head_json":{"title":"Syst\u00e8mes d'alimentation sans coupure (UPS) efficaces - Redsan Store","description":"Assurez une alimentation \u00e9lectrique s\u00fbre et continue en cas de coupures de courant gr\u00e2ce \u00e0 des syst\u00e8mes d'alimentation sans coupure (UPS) efficaces. Garantissez la protection de vos appareils.","robots":{"index":"index","follow":"follow","max-snippet":"max-snippet:-1","max-image-preview":"max-image-preview:large","max-video-preview":"max-video-preview:-1"},"canonical":"https:\/\/redsanstore.com\/fr\/systemes-dalimentation-sans-coupure-ups-efficaces\/","og_locale":"fr_FR","og_type":"article","og_title":"Syst\u00e8mes d'alimentation sans coupure (UPS) efficaces","og_description":"Assurez une alimentation \u00e9lectrique s\u00fbre et continue en cas de coupures de courant gr\u00e2ce \u00e0 des syst\u00e8mes d'alimentation sans coupure (UPS) efficaces. Garantissez la protection de vos appareils.","og_url":"https:\/\/redsanstore.com\/fr\/systemes-dalimentation-sans-coupure-ups-efficaces\/","og_site_name":"Redsan Store","article_publisher":"https:\/\/www.facebook.com\/redsanelektronik","article_modified_time":"2025-12-15T07:44:45+00:00","og_image":[{"width":1600,"height":1600,"url":"https:\/\/redsanstore.com\/wp-content\/uploads\/2024\/09\/Etkili-Kesintisiz-Guc-Kaynagi-UPS-Sistemleri.jpeg","type":"image\/jpeg"}],"twitter_card":"summary_large_image","twitter_misc":{"Est. reading time":"4 minutes"},"schema":{"@context":"https:\/\/schema.org","@graph":[{"@type":"WebPage","@id":"https:\/\/redsanstore.com\/fr\/systemes-dalimentation-sans-coupure-ups-efficaces\/","url":"https:\/\/redsanstore.com\/fr\/systemes-dalimentation-sans-coupure-ups-efficaces\/","name":"Syst\u00e8mes d'alimentation sans coupure (UPS) efficaces - Redsan Store","isPartOf":{"@id":"https:\/\/redsanstore.com\/#website"},"primaryImageOfPage":{"@id":"https:\/\/redsanstore.com\/fr\/systemes-dalimentation-sans-coupure-ups-efficaces\/#primaryimage"},"image":{"@id":"https:\/\/redsanstore.com\/fr\/systemes-dalimentation-sans-coupure-ups-efficaces\/#primaryimage"},"thumbnailUrl":"https:\/\/redsanstore.com\/wp-content\/uploads\/2024\/09\/Etkili-Kesintisiz-Guc-Kaynagi-UPS-Sistemleri-1024x1024.jpeg","datePublished":"2024-09-18T11:04:34+00:00","dateModified":"2025-12-15T07:44:45+00:00","description":"Assurez une alimentation \u00e9lectrique s\u00fbre et continue en cas de coupures de courant gr\u00e2ce \u00e0 des syst\u00e8mes d'alimentation sans coupure (UPS) efficaces. Garantissez la protection de vos appareils.","breadcrumb":{"@id":"https:\/\/redsanstore.com\/fr\/systemes-dalimentation-sans-coupure-ups-efficaces\/#breadcrumb"},"inLanguage":"fr-FR","potentialAction":[{"@type":"ReadAction","target":["https:\/\/redsanstore.com\/fr\/systemes-dalimentation-sans-coupure-ups-efficaces\/"]}]},{"@type":"ImageObject","inLanguage":"fr-FR","@id":"https:\/\/redsanstore.com\/fr\/systemes-dalimentation-sans-coupure-ups-efficaces\/#primaryimage","url":"https:\/\/redsanstore.com\/wp-content\/uploads\/2024\/09\/Etkili-Kesintisiz-Guc-Kaynagi-UPS-Sistemleri-1024x1024.jpeg","contentUrl":"https:\/\/redsanstore.com\/wp-content\/uploads\/2024\/09\/Etkili-Kesintisiz-Guc-Kaynagi-UPS-Sistemleri-1024x1024.jpeg"},{"@type":"BreadcrumbList","@id":"https:\/\/redsanstore.com\/fr\/systemes-dalimentation-sans-coupure-ups-efficaces\/#breadcrumb","itemListElement":[{"@type":"ListItem","position":1,"name":"Anasayfa","item":"https:\/\/redsanstore.com\/fr\/"},{"@type":"ListItem","position":2,"name":"Syst\u00e8mes d&rsquo;alimentation sans coupure (UPS) efficaces"}]},{"@type":"WebSite","@id":"https:\/\/redsanstore.com\/#website","url":"https:\/\/redsanstore.com\/","name":"Redsan Store","description":"Redres\u00f6r - Reg\u00fclat\u00f6r - UPS - Ak\u00fc","publisher":{"@id":"https:\/\/redsanstore.com\/#organization"},"alternateName":"Redres\u00f6r ve Kesintisiz G\u00fc\u00e7 Kayna\u011f\u0131 Ups","potentialAction":[{"@type":"SearchAction","target":{"@type":"EntryPoint","urlTemplate":"https:\/\/redsanstore.com\/?s={search_term_string}"},"query-input":{"@type":"PropertyValueSpecification","valueRequired":true,"valueName":"search_term_string"}}],"inLanguage":"fr-FR"},{"@type":"Organization","@id":"https:\/\/redsanstore.com\/#organization","name":"Redsan Store","alternateName":"Redres\u00f6r ve Kesintisiz G\u00fc\u00e7 Kayna\u011f\u0131 Ups","url":"https:\/\/redsanstore.com\/","logo":{"@type":"ImageObject","inLanguage":"fr-FR","@id":"https:\/\/redsanstore.com\/#\/schema\/logo\/image\/","url":"https:\/\/redsanstore.com\/wp-content\/uploads\/2024\/06\/redresor-ups-site-gorseli.jpg","contentUrl":"https:\/\/redsanstore.com\/wp-content\/uploads\/2024\/06\/redresor-ups-site-gorseli.jpg","width":1200,"height":675,"caption":"Redsan Store"},"image":{"@id":"https:\/\/redsanstore.com\/#\/schema\/logo\/image\/"},"sameAs":["https:\/\/www.facebook.com\/redsanelektronik","https:\/\/www.instagram.com\/redsanelektronik\/","https:\/\/www.linkedin.com\/company\/redsan-elektronik\/"]}]}},"_links":{"self":[{"href":"https:\/\/redsanstore.com\/fr\/wp-json\/wp\/v2\/pages\/100399","targetHints":{"allow":["GET"]}}],"collection":[{"href":"https:\/\/redsanstore.com\/fr\/wp-json\/wp\/v2\/pages"}],"about":[{"href":"https:\/\/redsanstore.com\/fr\/wp-json\/wp\/v2\/types\/page"}],"author":[{"embeddable":true,"href":"https:\/\/redsanstore.com\/fr\/wp-json\/wp\/v2\/users\/1"}],"replies":[{"embeddable":true,"href":"https:\/\/redsanstore.com\/fr\/wp-json\/wp\/v2\/comments?post=100399"}],"version-history":[{"count":1,"href":"https:\/\/redsanstore.com\/fr\/wp-json\/wp\/v2\/pages\/100399\/revisions"}],"predecessor-version":[{"id":100401,"href":"https:\/\/redsanstore.com\/fr\/wp-json\/wp\/v2\/pages\/100399\/revisions\/100401"}],"wp:attachment":[{"href":"https:\/\/redsanstore.com\/fr\/wp-json\/wp\/v2\/media?parent=100399"}],"curies":[{"name":"wp","href":"https:\/\/api.w.org\/{rel}","templated":true}]}}