{"id":100394,"date":"2024-09-25T14:18:54","date_gmt":"2024-09-25T11:18:54","guid":{"rendered":"https:\/\/redsanstore.com\/solutions-ups-industrielles-et-leurs-avantages\/"},"modified":"2025-12-15T10:38:34","modified_gmt":"2025-12-15T07:38:34","slug":"solutions-ups-industrielles-et-leurs-avantages","status":"publish","type":"page","link":"https:\/\/redsanstore.com\/fr\/solutions-ups-industrielles-et-leurs-avantages\/","title":{"rendered":"Solutions UPS industrielles et leurs avantages"},"content":{"rendered":"\t\t<div data-elementor-type=\"wp-page\" data-elementor-id=\"100394\" class=\"elementor elementor-100394 elementor-94384\" data-elementor-post-type=\"page\">\n\t\t\t\t\t\t<section class=\"wd-negative-gap elementor-section elementor-top-section elementor-element elementor-element-ead9038 elementor-section-boxed elementor-section-height-default elementor-section-height-default\" data-id=\"ead9038\" data-element_type=\"section\" data-settings=\"{&quot;jet_parallax_layout_list&quot;:[]}\">\n\t\t\t\t\t\t<div class=\"elementor-container elementor-column-gap-default\">\n\t\t\t\t\t<div class=\"elementor-column elementor-col-50 elementor-top-column elementor-element elementor-element-0e039e5\" data-id=\"0e039e5\" data-element_type=\"column\">\n\t\t\t<div class=\"elementor-widget-wrap elementor-element-populated\">\n\t\t\t\t\t\t<div class=\"elementor-element elementor-element-e112ddd color-scheme-inherit text-left elementor-widget elementor-widget-text-editor\" data-id=\"e112ddd\" data-element_type=\"widget\" data-widget_type=\"text-editor.default\">\n\t\t\t\t<div class=\"elementor-widget-container\">\n\t\t\t\t\t\t\t\t\t<h2><strong>Solutions UPS industrielles et leurs avantages<\/strong><\/h2><p>Les alimentations sans coupure (UPS) industrielles sont d&rsquo;une importance cruciale pour les usines, les centres de donn\u00e9es, les h\u00f4pitaux et autres grandes entreprises. Les coupures ou les fluctuations de courant peuvent nuire au bon fonctionnement des syst\u00e8mes dans ce type d&rsquo;installations et entra\u00eener des pertes financi\u00e8res. Les solutions UPS industrielles sont con\u00e7ues pour r\u00e9soudre ces probl\u00e8mes et assurer la continuit\u00e9 des activit\u00e9s. Cet article examine les avantages et les domaines d&rsquo;application des solutions UPS industrielles.   <\/p><h4>Alimentation \u00e9lectrique sans interruption<\/h4><p>Les syst\u00e8mes UPS industriels permettent aux \u00e9quipements et syst\u00e8mes critiques de continuer \u00e0 fonctionner en cas de coupure de courant. Cela permet d&rsquo;\u00e9viter toute interruption du processus de production et toute perte de donn\u00e9es. Les syst\u00e8mes UPS industriels sont essentiels dans les situations suivantes :  <\/p><ul><li><p><strong>S\u00e9curit\u00e9 du r\u00e9seau : <\/strong>dans les lieux o\u00f9 l&rsquo;infrastructure r\u00e9seau est critique, tels que les centres de donn\u00e9es et les salles de serveurs, il est extr\u00eamement important d&rsquo;assurer une alimentation \u00e9lectrique ininterrompue pour garantir la s\u00e9curit\u00e9 des donn\u00e9es.<\/p><\/li><li><p>Continuit\u00e9 de la production : dans les usines, les machines doivent fonctionner en continu, ce qui signifie que les coupures de courant peuvent entra\u00eener des co\u00fbts importants. Les onduleurs industriels permettent d&rsquo;\u00e9viter ce type de situation et d&rsquo;assurer la continuit\u00e9 de la production. <\/p><\/li><\/ul><h4>Augmentation de la productivit\u00e9 et des performances<\/h4><p>Les syst\u00e8mes UPS industriels aident les entreprises \u00e0 am\u00e9liorer leur efficacit\u00e9 \u00e9nerg\u00e9tique. Ces syst\u00e8mes offrent une protection contre les fluctuations de courant et pr\u00e9sentent \u00e9galement les avantages suivants : <\/p><ul><li><p>C<strong>onsommation \u00e9nerg\u00e9tique r\u00e9duite :<\/strong> les syst\u00e8mes UPS industriels modernes permettent aux entreprises de r\u00e9duire leurs co\u00fbts \u00e9nerg\u00e9tiques en optimisant les \u00e9conomies d&rsquo;\u00e9nergie.<\/p><\/li><li><p><strong>Haute efficacit\u00e9 : <\/strong>ces syst\u00e8mes sont con\u00e7us pour offrir des taux d&rsquo;efficacit\u00e9 \u00e9lev\u00e9s. Ainsi, les pertes d&rsquo;\u00e9nergie sont r\u00e9duites au minimum, tandis que la qualit\u00e9 de l&rsquo;alimentation \u00e9lectrique est am\u00e9lior\u00e9e. <\/p><\/li><\/ul><h4>Protection des appareils<\/h4><p>Les installations industrielles contiennent des \u00e9quipements et des machines sensibles. Ces \u00e9quipements peuvent \u00eatre gravement affect\u00e9s par les fluctuations \u00e9lectriques et les coupures soudaines. Les solutions UPS industrielles offrent les \u00e9l\u00e9ments de protection suivants :  <\/p><ul><li><p><strong>Protection contre les surtensions <\/strong>: les syst\u00e8mes UPS emp\u00eachent les appareils d&rsquo;\u00eatre endommag\u00e9s en cas de surtension. Cela permet de prolonger la dur\u00e9e de vie des appareils et de r\u00e9duire les co\u00fbts de maintenance. <\/p><\/li><li><p><strong>Pr\u00e9vention des fluctuations : <\/strong>les fluctuations \u00e9nerg\u00e9tiques peuvent entra\u00eener des pannes sur les \u00e9quipements sensibles. Les onduleurs industriels compensent ces fluctuations afin d&rsquo;assurer le fonctionnement s\u00e9curis\u00e9 des \u00e9quipements. <\/p><\/li><\/ul>\t\t\t\t\t\t\t\t<\/div>\n\t\t\t\t<\/div>\n\t\t\t\t\t<\/div>\n\t\t<\/div>\n\t\t\t\t<div class=\"elementor-column elementor-col-50 elementor-top-column elementor-element elementor-element-752ce14\" data-id=\"752ce14\" data-element_type=\"column\">\n\t\t\t<div class=\"elementor-widget-wrap elementor-element-populated\">\n\t\t\t\t\t\t<div class=\"elementor-element elementor-element-2d93a3e elementor-widget elementor-widget-image\" data-id=\"2d93a3e\" data-element_type=\"widget\" data-widget_type=\"image.default\">\n\t\t\t\t<div class=\"elementor-widget-container\">\n\t\t\t\t\t\t\t\t\t\t\t\t\t\t\t<img fetchpriority=\"high\" decoding=\"async\" width=\"1024\" height=\"768\" src=\"https:\/\/redsanstore.com\/wp-content\/uploads\/2024\/09\/Endustriyel-UPS-Cozumleri-ve-Avantajlari-1024x768.jpeg\" class=\"attachment-large size-large wp-image-100395\" alt=\"End\u00fcstriyel UPS \u00c7\u00f6z\u00fcmleri ve Avantajlar\u0131\" srcset=\"https:\/\/redsanstore.com\/wp-content\/uploads\/2024\/09\/Endustriyel-UPS-Cozumleri-ve-Avantajlari-1024x768.jpeg 1024w, https:\/\/redsanstore.com\/wp-content\/uploads\/2024\/09\/Endustriyel-UPS-Cozumleri-ve-Avantajlari-300x225.jpeg 300w, https:\/\/redsanstore.com\/wp-content\/uploads\/2024\/09\/Endustriyel-UPS-Cozumleri-ve-Avantajlari-768x576.jpeg 768w, https:\/\/redsanstore.com\/wp-content\/uploads\/2024\/09\/Endustriyel-UPS-Cozumleri-ve-Avantajlari-1536x1152.jpeg 1536w, https:\/\/redsanstore.com\/wp-content\/uploads\/2024\/09\/Endustriyel-UPS-Cozumleri-ve-Avantajlari-600x450.jpeg 600w, https:\/\/redsanstore.com\/wp-content\/uploads\/2024\/09\/Endustriyel-UPS-Cozumleri-ve-Avantajlari-150x113.jpeg 150w, https:\/\/redsanstore.com\/wp-content\/uploads\/2024\/09\/Endustriyel-UPS-Cozumleri-ve-Avantajlari.jpeg 1600w\" sizes=\"(max-width: 1024px) 100vw, 1024px\" \/>\t\t\t\t\t\t\t\t\t\t\t\t\t\t\t<\/div>\n\t\t\t\t<\/div>\n\t\t\t\t<div class=\"elementor-element elementor-element-bdee4d0 color-scheme-inherit text-left elementor-widget elementor-widget-text-editor\" data-id=\"bdee4d0\" data-element_type=\"widget\" data-widget_type=\"text-editor.default\">\n\t\t\t\t<div class=\"elementor-widget-container\">\n\t\t\t\t\t\t\t\t\t<h4>Gestion de crise et continuit\u00e9 des activit\u00e9s<\/h4><p>Les syst\u00e8mes UPS industriels permettent d&rsquo;\u00eatre pr\u00eat \u00e0 faire face aux coupures de courant. Les avantages offerts par ces syst\u00e8mes rev\u00eatent une grande importance pour la gestion de crise des entreprises : <\/p><ul><li><p><strong>Planification d&rsquo;urgence :<\/strong> UPS aide les entreprises \u00e0 reprendre rapidement leurs activit\u00e9s normales en garantissant le fonctionnement continu des syst\u00e8mes critiques en cas d&rsquo;urgence.<\/p><\/li><li><p><strong>Gestion des risques : <\/strong>les solutions UPS industrielles minimisent les risques de coupures de courant et offrent ainsi aux entreprises un environnement de travail plus s\u00fbr. Il s&rsquo;agit l\u00e0 d&rsquo;une mesure essentielle pour la continuit\u00e9 des activit\u00e9s. <\/p><\/li><\/ul><h4>Durabilit\u00e9 environnementale<\/h4><p>Les syst\u00e8mes UPS industriels offrent \u00e9galement des avantages importants en termes de durabilit\u00e9 environnementale. L&rsquo;efficacit\u00e9 \u00e9nerg\u00e9tique aide les entreprises \u00e0 r\u00e9duire leur empreinte carbone : <\/p><ul><li><p><strong>R\u00e9duction de la consommation d&rsquo;\u00e9nergie : <\/strong>les syst\u00e8mes UPS industriels optimisent les \u00e9conomies d&rsquo;\u00e9nergie et r\u00e9duisent ainsi leur impact sur l&rsquo;environnement. Cela aide les entreprises \u00e0 atteindre leurs objectifs en mati\u00e8re de durabilit\u00e9 environnementale. <\/p><\/li><li><p><strong>Gestion des d\u00e9chets : <\/strong>L&rsquo;efficacit\u00e9 \u00e9nerg\u00e9tique contribue \u00e0 r\u00e9duire les d\u00e9chets en \u00e9vitant toute consommation d&rsquo;\u00e9nergie inutile. Il s&rsquo;agit l\u00e0 d&rsquo;une contribution importante aux pratiques respectueuses de l&rsquo;environnement. <\/p><\/li><\/ul><p>Les solutions UPS industrielles jouent un r\u00f4le essentiel dans la gestion \u00e9nerg\u00e9tique des grandes entreprises. En plus d&rsquo;assurer une alimentation \u00e9lectrique ininterrompue, elles am\u00e9liorent l&rsquo;efficacit\u00e9 \u00e9nerg\u00e9tique, prot\u00e8gent les \u00e9quipements et favorisent la continuit\u00e9 des activit\u00e9s. Elles contribuent \u00e9galement de mani\u00e8re significative \u00e0 la r\u00e9alisation des objectifs de durabilit\u00e9 environnementale. En consid\u00e9rant les syst\u00e8mes UPS comme faisant partie int\u00e9grante de leurs strat\u00e9gies de gestion de l&rsquo;\u00e9nergie, les installations industrielles peuvent minimiser les probl\u00e8mes li\u00e9s \u00e0 l&rsquo;\u00e9nergie et rendre leurs processus op\u00e9rationnels plus fiables.   <\/p>\t\t\t\t\t\t\t\t<\/div>\n\t\t\t\t<\/div>\n\t\t\t\t\t<\/div>\n\t\t<\/div>\n\t\t\t\t\t<\/div>\n\t\t<\/section>\n\t\t\t\t<\/div>\n\t\t","protected":false},"excerpt":{"rendered":"<p>Solutions UPS industrielles et leurs avantages Les alimentations sans coupure (UPS) industrielles sont d&rsquo;une importance cruciale pour les usines, les<\/p>\n","protected":false},"author":1,"featured_media":0,"parent":0,"menu_order":0,"comment_status":"closed","ping_status":"closed","template":"","meta":{"footnotes":""},"class_list":["post-100394","page","type-page","status-publish","hentry"],"yoast_head":"<!-- This site is optimized with the Yoast SEO Premium plugin v25.8 (Yoast SEO v25.9) - https:\/\/yoast.com\/wordpress\/plugins\/seo\/ -->\n<title>Solutions UPS industrielles et leurs avantages - Redsan Store<\/title>\n<meta name=\"description\" content=\"Les solutions UPS industrielles et leurs avantages offrent une protection contre les coupures de courant tout en garantissant l&#039;efficacit\u00e9 et la continuit\u00e9 des activit\u00e9s. Informations d\u00e9taill\u00e9es...\" \/>\n<meta name=\"robots\" content=\"index, follow, max-snippet:-1, max-image-preview:large, max-video-preview:-1\" \/>\n<link rel=\"canonical\" href=\"https:\/\/redsanstore.com\/fr\/solutions-ups-industrielles-et-leurs-avantages\/\" \/>\n<meta property=\"og:locale\" content=\"fr_FR\" \/>\n<meta property=\"og:type\" content=\"article\" \/>\n<meta property=\"og:title\" content=\"Solutions UPS industrielles et leurs avantages\" \/>\n<meta property=\"og:description\" content=\"Les solutions UPS industrielles et leurs avantages offrent une protection contre les coupures de courant tout en garantissant l&#039;efficacit\u00e9 et la continuit\u00e9 des activit\u00e9s. Informations d\u00e9taill\u00e9es...\" \/>\n<meta property=\"og:url\" content=\"https:\/\/redsanstore.com\/fr\/solutions-ups-industrielles-et-leurs-avantages\/\" \/>\n<meta property=\"og:site_name\" content=\"Redsan Store\" \/>\n<meta property=\"article:publisher\" content=\"https:\/\/www.facebook.com\/redsanelektronik\" \/>\n<meta property=\"article:modified_time\" content=\"2025-12-15T07:38:34+00:00\" \/>\n<meta property=\"og:image\" content=\"https:\/\/redsanstore.com\/wp-content\/uploads\/2024\/09\/Endustriyel-UPS-Cozumleri-ve-Avantajlari.jpeg\" \/>\n\t<meta property=\"og:image:width\" content=\"1600\" \/>\n\t<meta property=\"og:image:height\" content=\"1200\" \/>\n\t<meta property=\"og:image:type\" content=\"image\/jpeg\" \/>\n<meta name=\"twitter:card\" content=\"summary_large_image\" \/>\n<meta name=\"twitter:label1\" content=\"Est. reading time\" \/>\n\t<meta name=\"twitter:data1\" content=\"4 minutes\" \/>\n<script type=\"application\/ld+json\" class=\"yoast-schema-graph\">{\"@context\":\"https:\/\/schema.org\",\"@graph\":[{\"@type\":\"WebPage\",\"@id\":\"https:\/\/redsanstore.com\/fr\/solutions-ups-industrielles-et-leurs-avantages\/\",\"url\":\"https:\/\/redsanstore.com\/fr\/solutions-ups-industrielles-et-leurs-avantages\/\",\"name\":\"Solutions UPS industrielles et leurs avantages - Redsan Store\",\"isPartOf\":{\"@id\":\"https:\/\/redsanstore.com\/#website\"},\"primaryImageOfPage\":{\"@id\":\"https:\/\/redsanstore.com\/fr\/solutions-ups-industrielles-et-leurs-avantages\/#primaryimage\"},\"image\":{\"@id\":\"https:\/\/redsanstore.com\/fr\/solutions-ups-industrielles-et-leurs-avantages\/#primaryimage\"},\"thumbnailUrl\":\"https:\/\/redsanstore.com\/wp-content\/uploads\/2024\/09\/Endustriyel-UPS-Cozumleri-ve-Avantajlari-1024x768.jpeg\",\"datePublished\":\"2024-09-25T11:18:54+00:00\",\"dateModified\":\"2025-12-15T07:38:34+00:00\",\"description\":\"Les solutions UPS industrielles et leurs avantages offrent une protection contre les coupures de courant tout en garantissant l'efficacit\u00e9 et la continuit\u00e9 des activit\u00e9s. Informations d\u00e9taill\u00e9es...\",\"breadcrumb\":{\"@id\":\"https:\/\/redsanstore.com\/fr\/solutions-ups-industrielles-et-leurs-avantages\/#breadcrumb\"},\"inLanguage\":\"fr-FR\",\"potentialAction\":[{\"@type\":\"ReadAction\",\"target\":[\"https:\/\/redsanstore.com\/fr\/solutions-ups-industrielles-et-leurs-avantages\/\"]}]},{\"@type\":\"ImageObject\",\"inLanguage\":\"fr-FR\",\"@id\":\"https:\/\/redsanstore.com\/fr\/solutions-ups-industrielles-et-leurs-avantages\/#primaryimage\",\"url\":\"https:\/\/redsanstore.com\/wp-content\/uploads\/2024\/09\/Endustriyel-UPS-Cozumleri-ve-Avantajlari-1024x768.jpeg\",\"contentUrl\":\"https:\/\/redsanstore.com\/wp-content\/uploads\/2024\/09\/Endustriyel-UPS-Cozumleri-ve-Avantajlari-1024x768.jpeg\"},{\"@type\":\"BreadcrumbList\",\"@id\":\"https:\/\/redsanstore.com\/fr\/solutions-ups-industrielles-et-leurs-avantages\/#breadcrumb\",\"itemListElement\":[{\"@type\":\"ListItem\",\"position\":1,\"name\":\"Anasayfa\",\"item\":\"https:\/\/redsanstore.com\/fr\/\"},{\"@type\":\"ListItem\",\"position\":2,\"name\":\"Solutions UPS industrielles et leurs avantages\"}]},{\"@type\":\"WebSite\",\"@id\":\"https:\/\/redsanstore.com\/#website\",\"url\":\"https:\/\/redsanstore.com\/\",\"name\":\"Redsan Store\",\"description\":\"Redres\u00f6r - Reg\u00fclat\u00f6r - UPS - Ak\u00fc\",\"publisher\":{\"@id\":\"https:\/\/redsanstore.com\/#organization\"},\"alternateName\":\"Redres\u00f6r ve Kesintisiz G\u00fc\u00e7 Kayna\u011f\u0131 Ups\",\"potentialAction\":[{\"@type\":\"SearchAction\",\"target\":{\"@type\":\"EntryPoint\",\"urlTemplate\":\"https:\/\/redsanstore.com\/?s={search_term_string}\"},\"query-input\":{\"@type\":\"PropertyValueSpecification\",\"valueRequired\":true,\"valueName\":\"search_term_string\"}}],\"inLanguage\":\"fr-FR\"},{\"@type\":\"Organization\",\"@id\":\"https:\/\/redsanstore.com\/#organization\",\"name\":\"Redsan Store\",\"alternateName\":\"Redres\u00f6r ve Kesintisiz G\u00fc\u00e7 Kayna\u011f\u0131 Ups\",\"url\":\"https:\/\/redsanstore.com\/\",\"logo\":{\"@type\":\"ImageObject\",\"inLanguage\":\"fr-FR\",\"@id\":\"https:\/\/redsanstore.com\/#\/schema\/logo\/image\/\",\"url\":\"https:\/\/redsanstore.com\/wp-content\/uploads\/2024\/06\/redresor-ups-site-gorseli.jpg\",\"contentUrl\":\"https:\/\/redsanstore.com\/wp-content\/uploads\/2024\/06\/redresor-ups-site-gorseli.jpg\",\"width\":1200,\"height\":675,\"caption\":\"Redsan Store\"},\"image\":{\"@id\":\"https:\/\/redsanstore.com\/#\/schema\/logo\/image\/\"},\"sameAs\":[\"https:\/\/www.facebook.com\/redsanelektronik\",\"https:\/\/www.instagram.com\/redsanelektronik\/\",\"https:\/\/www.linkedin.com\/company\/redsan-elektronik\/\"]}]}<\/script>\n<!-- \/ Yoast SEO Premium plugin. -->","yoast_head_json":{"title":"Solutions UPS industrielles et leurs avantages - Redsan Store","description":"Les solutions UPS industrielles et leurs avantages offrent une protection contre les coupures de courant tout en garantissant l'efficacit\u00e9 et la continuit\u00e9 des activit\u00e9s. Informations d\u00e9taill\u00e9es...","robots":{"index":"index","follow":"follow","max-snippet":"max-snippet:-1","max-image-preview":"max-image-preview:large","max-video-preview":"max-video-preview:-1"},"canonical":"https:\/\/redsanstore.com\/fr\/solutions-ups-industrielles-et-leurs-avantages\/","og_locale":"fr_FR","og_type":"article","og_title":"Solutions UPS industrielles et leurs avantages","og_description":"Les solutions UPS industrielles et leurs avantages offrent une protection contre les coupures de courant tout en garantissant l'efficacit\u00e9 et la continuit\u00e9 des activit\u00e9s. Informations d\u00e9taill\u00e9es...","og_url":"https:\/\/redsanstore.com\/fr\/solutions-ups-industrielles-et-leurs-avantages\/","og_site_name":"Redsan Store","article_publisher":"https:\/\/www.facebook.com\/redsanelektronik","article_modified_time":"2025-12-15T07:38:34+00:00","og_image":[{"width":1600,"height":1200,"url":"https:\/\/redsanstore.com\/wp-content\/uploads\/2024\/09\/Endustriyel-UPS-Cozumleri-ve-Avantajlari.jpeg","type":"image\/jpeg"}],"twitter_card":"summary_large_image","twitter_misc":{"Est. reading time":"4 minutes"},"schema":{"@context":"https:\/\/schema.org","@graph":[{"@type":"WebPage","@id":"https:\/\/redsanstore.com\/fr\/solutions-ups-industrielles-et-leurs-avantages\/","url":"https:\/\/redsanstore.com\/fr\/solutions-ups-industrielles-et-leurs-avantages\/","name":"Solutions UPS industrielles et leurs avantages - Redsan Store","isPartOf":{"@id":"https:\/\/redsanstore.com\/#website"},"primaryImageOfPage":{"@id":"https:\/\/redsanstore.com\/fr\/solutions-ups-industrielles-et-leurs-avantages\/#primaryimage"},"image":{"@id":"https:\/\/redsanstore.com\/fr\/solutions-ups-industrielles-et-leurs-avantages\/#primaryimage"},"thumbnailUrl":"https:\/\/redsanstore.com\/wp-content\/uploads\/2024\/09\/Endustriyel-UPS-Cozumleri-ve-Avantajlari-1024x768.jpeg","datePublished":"2024-09-25T11:18:54+00:00","dateModified":"2025-12-15T07:38:34+00:00","description":"Les solutions UPS industrielles et leurs avantages offrent une protection contre les coupures de courant tout en garantissant l'efficacit\u00e9 et la continuit\u00e9 des activit\u00e9s. Informations d\u00e9taill\u00e9es...","breadcrumb":{"@id":"https:\/\/redsanstore.com\/fr\/solutions-ups-industrielles-et-leurs-avantages\/#breadcrumb"},"inLanguage":"fr-FR","potentialAction":[{"@type":"ReadAction","target":["https:\/\/redsanstore.com\/fr\/solutions-ups-industrielles-et-leurs-avantages\/"]}]},{"@type":"ImageObject","inLanguage":"fr-FR","@id":"https:\/\/redsanstore.com\/fr\/solutions-ups-industrielles-et-leurs-avantages\/#primaryimage","url":"https:\/\/redsanstore.com\/wp-content\/uploads\/2024\/09\/Endustriyel-UPS-Cozumleri-ve-Avantajlari-1024x768.jpeg","contentUrl":"https:\/\/redsanstore.com\/wp-content\/uploads\/2024\/09\/Endustriyel-UPS-Cozumleri-ve-Avantajlari-1024x768.jpeg"},{"@type":"BreadcrumbList","@id":"https:\/\/redsanstore.com\/fr\/solutions-ups-industrielles-et-leurs-avantages\/#breadcrumb","itemListElement":[{"@type":"ListItem","position":1,"name":"Anasayfa","item":"https:\/\/redsanstore.com\/fr\/"},{"@type":"ListItem","position":2,"name":"Solutions UPS industrielles et leurs avantages"}]},{"@type":"WebSite","@id":"https:\/\/redsanstore.com\/#website","url":"https:\/\/redsanstore.com\/","name":"Redsan Store","description":"Redres\u00f6r - Reg\u00fclat\u00f6r - UPS - Ak\u00fc","publisher":{"@id":"https:\/\/redsanstore.com\/#organization"},"alternateName":"Redres\u00f6r ve Kesintisiz G\u00fc\u00e7 Kayna\u011f\u0131 Ups","potentialAction":[{"@type":"SearchAction","target":{"@type":"EntryPoint","urlTemplate":"https:\/\/redsanstore.com\/?s={search_term_string}"},"query-input":{"@type":"PropertyValueSpecification","valueRequired":true,"valueName":"search_term_string"}}],"inLanguage":"fr-FR"},{"@type":"Organization","@id":"https:\/\/redsanstore.com\/#organization","name":"Redsan Store","alternateName":"Redres\u00f6r ve Kesintisiz G\u00fc\u00e7 Kayna\u011f\u0131 Ups","url":"https:\/\/redsanstore.com\/","logo":{"@type":"ImageObject","inLanguage":"fr-FR","@id":"https:\/\/redsanstore.com\/#\/schema\/logo\/image\/","url":"https:\/\/redsanstore.com\/wp-content\/uploads\/2024\/06\/redresor-ups-site-gorseli.jpg","contentUrl":"https:\/\/redsanstore.com\/wp-content\/uploads\/2024\/06\/redresor-ups-site-gorseli.jpg","width":1200,"height":675,"caption":"Redsan Store"},"image":{"@id":"https:\/\/redsanstore.com\/#\/schema\/logo\/image\/"},"sameAs":["https:\/\/www.facebook.com\/redsanelektronik","https:\/\/www.instagram.com\/redsanelektronik\/","https:\/\/www.linkedin.com\/company\/redsan-elektronik\/"]}]}},"_links":{"self":[{"href":"https:\/\/redsanstore.com\/fr\/wp-json\/wp\/v2\/pages\/100394","targetHints":{"allow":["GET"]}}],"collection":[{"href":"https:\/\/redsanstore.com\/fr\/wp-json\/wp\/v2\/pages"}],"about":[{"href":"https:\/\/redsanstore.com\/fr\/wp-json\/wp\/v2\/types\/page"}],"author":[{"embeddable":true,"href":"https:\/\/redsanstore.com\/fr\/wp-json\/wp\/v2\/users\/1"}],"replies":[{"embeddable":true,"href":"https:\/\/redsanstore.com\/fr\/wp-json\/wp\/v2\/comments?post=100394"}],"version-history":[{"count":1,"href":"https:\/\/redsanstore.com\/fr\/wp-json\/wp\/v2\/pages\/100394\/revisions"}],"predecessor-version":[{"id":100396,"href":"https:\/\/redsanstore.com\/fr\/wp-json\/wp\/v2\/pages\/100394\/revisions\/100396"}],"wp:attachment":[{"href":"https:\/\/redsanstore.com\/fr\/wp-json\/wp\/v2\/media?parent=100394"}],"curies":[{"name":"wp","href":"https:\/\/api.w.org\/{rel}","templated":true}]}}