{"id":100363,"date":"2024-03-21T14:46:57","date_gmt":"2024-03-21T11:46:57","guid":{"rendered":"https:\/\/redsanstore.com\/prix-ups-2-kva\/"},"modified":"2025-12-15T10:06:46","modified_gmt":"2025-12-15T07:06:46","slug":"prix-ups-2-kva","status":"publish","type":"page","link":"https:\/\/redsanstore.com\/fr\/prix-ups-2-kva\/","title":{"rendered":"Prix UPS 2 KVA"},"content":{"rendered":"\t\t<div data-elementor-type=\"wp-page\" data-elementor-id=\"100363\" class=\"elementor elementor-100363 elementor-91874\" data-elementor-post-type=\"page\">\n\t\t\t\t\t\t<section class=\"wd-negative-gap elementor-section elementor-top-section elementor-element elementor-element-115cebf elementor-section-boxed elementor-section-height-default elementor-section-height-default\" data-id=\"115cebf\" data-element_type=\"section\" data-settings=\"{&quot;jet_parallax_layout_list&quot;:[]}\">\n\t\t\t\t\t\t<div class=\"elementor-container elementor-column-gap-default\">\n\t\t\t\t\t<div class=\"elementor-column elementor-col-50 elementor-top-column elementor-element elementor-element-6dcd07e\" data-id=\"6dcd07e\" data-element_type=\"column\">\n\t\t\t<div class=\"elementor-widget-wrap elementor-element-populated\">\n\t\t\t\t\t\t<div class=\"elementor-element elementor-element-9b89901 elementor-widget elementor-widget-wd_text_block\" data-id=\"9b89901\" data-element_type=\"widget\" data-widget_type=\"wd_text_block.default\">\n\t\t\t\t<div class=\"elementor-widget-container\">\n\t\t\t\t\t\t\t<div class=\"wd-text-block reset-last-child text-left\">\n\t\t\t\n\t\t\t<p><strong>Prix UPS 2 KVA : Facteurs d\u00e9terminant le co\u00fbt d'une alimentation sans coupure<\/strong><\/p><p>Prix d'un onduleur 2 kVA : un onduleur 2 kVA est la solution id\u00e9ale pour garantir la s\u00e9curit\u00e9 et la continuit\u00e9 du fonctionnement des \u00e9quipements \u00e9lectroniques, mais son prix varie en fonction de diff\u00e9rents facteurs.<\/p><p>Prix UPS 2 KVA : Nous avons r\u00e9pertori\u00e9 ci-dessous certains des principaux facteurs qui influencent le prix d'un UPS...<\/p>\n\t\t\t\t\t<\/div>\n\t\t\t\t\t\t<\/div>\n\t\t\t\t<\/div>\n\t\t\t\t<div class=\"elementor-element elementor-element-156f61b elementor-widget elementor-widget-spacer\" data-id=\"156f61b\" data-element_type=\"widget\" data-widget_type=\"spacer.default\">\n\t\t\t\t<div class=\"elementor-widget-container\">\n\t\t\t\t\t\t\t<div class=\"elementor-spacer\">\n\t\t\t<div class=\"elementor-spacer-inner\"><\/div>\n\t\t<\/div>\n\t\t\t\t\t\t<\/div>\n\t\t\t\t<\/div>\n\t\t\t\t<div class=\"elementor-element elementor-element-03993b0 elementor-widget elementor-widget-wd_text_block\" data-id=\"03993b0\" data-element_type=\"widget\" data-widget_type=\"wd_text_block.default\">\n\t\t\t\t<div class=\"elementor-widget-container\">\n\t\t\t\t\t\t\t<div class=\"wd-text-block reset-last-child text-left\">\n\t\t\t\n\t\t\t<p><strong>Marque et mod\u00e8le :<\/strong> les prix peuvent varier selon les marques et les mod\u00e8les. Les marques connues sont g\u00e9n\u00e9ralement plus ch\u00e8res, tandis que les marques moins connues peuvent proposer des prix plus abordables. <\/p><p><strong>Capacit\u00e9 :<\/strong> plus la capacit\u00e9 de puissance augmente, plus le prix de l'onduleur augmente g\u00e9n\u00e9ralement. Le prix d'un onduleur de 2 kVA peut \u00eatre inf\u00e9rieur \u00e0 celui des mod\u00e8les de plus grande capacit\u00e9. <\/p><p><strong>Caract\u00e9ristiques :<\/strong> la dur\u00e9e de vie de la batterie, les fonctions de surveillance intelligentes, les capacit\u00e9s d'acc\u00e8s \u00e0 distance et d'autres fonctionnalit\u00e9s suppl\u00e9mentaires peuvent influer sur le prix d'un onduleur. Les mod\u00e8les dot\u00e9s de fonctionnalit\u00e9s plus avanc\u00e9es sont g\u00e9n\u00e9ralement plus chers. <\/p><p><strong>Garantie et assistance :<\/strong> les mod\u00e8les UPS offrant une garantie \u00e0 long terme et un service d'assistance \u00e0 la client\u00e8le performant sont g\u00e9n\u00e9ralement plus chers.<\/p><p><strong>Quantit\u00e9 achet\u00e9e :<\/strong> les achats en gros donnent g\u00e9n\u00e9ralement droit \u00e0 des remises et \u00e0 des prix sp\u00e9ciaux. L'achat de plusieurs UPS peut r\u00e9duire le prix unitaire. <\/p><p>En tenant compte de ces facteurs qui d\u00e9terminent les prix des onduleurs 2 KVA, vous pouvez trouver l'option la mieux adapt\u00e9e \u00e0 vos besoins et optimiser vos co\u00fbts d'alimentation \u00e9lectrique sans interruption.<\/p>\n\t\t\t\t\t<\/div>\n\t\t\t\t\t\t<\/div>\n\t\t\t\t<\/div>\n\t\t\t\t\t<\/div>\n\t\t<\/div>\n\t\t\t\t<div class=\"elementor-column elementor-col-50 elementor-top-column elementor-element elementor-element-3cbdfec\" data-id=\"3cbdfec\" data-element_type=\"column\">\n\t\t\t<div class=\"elementor-widget-wrap elementor-element-populated\">\n\t\t\t\t\t\t<div class=\"elementor-element elementor-element-be56168 elementor-widget elementor-widget-image\" data-id=\"be56168\" data-element_type=\"widget\" data-widget_type=\"image.default\">\n\t\t\t\t<div class=\"elementor-widget-container\">\n\t\t\t\t\t\t\t\t\t\t\t\t\t\t\t<img fetchpriority=\"high\" decoding=\"async\" width=\"1024\" height=\"768\" src=\"https:\/\/redsanstore.com\/wp-content\/uploads\/2024\/03\/2-kva-ups-fiyat.png\" class=\"attachment-large size-large wp-image-100364\" alt=\"\" srcset=\"https:\/\/redsanstore.com\/wp-content\/uploads\/2024\/03\/2-kva-ups-fiyat.png 1024w, https:\/\/redsanstore.com\/wp-content\/uploads\/2024\/03\/2-kva-ups-fiyat-300x225.png 300w, https:\/\/redsanstore.com\/wp-content\/uploads\/2024\/03\/2-kva-ups-fiyat-768x576.png 768w, https:\/\/redsanstore.com\/wp-content\/uploads\/2024\/03\/2-kva-ups-fiyat-600x450.png 600w, https:\/\/redsanstore.com\/wp-content\/uploads\/2024\/03\/2-kva-ups-fiyat-150x113.png 150w\" sizes=\"(max-width: 1024px) 100vw, 1024px\" \/>\t\t\t\t\t\t\t\t\t\t\t\t\t\t\t<\/div>\n\t\t\t\t<\/div>\n\t\t\t\t<div class=\"elementor-element elementor-element-fec0c2e elementor-widget elementor-widget-spacer\" data-id=\"fec0c2e\" data-element_type=\"widget\" data-widget_type=\"spacer.default\">\n\t\t\t\t<div class=\"elementor-widget-container\">\n\t\t\t\t\t\t\t<div class=\"elementor-spacer\">\n\t\t\t<div class=\"elementor-spacer-inner\"><\/div>\n\t\t<\/div>\n\t\t\t\t\t\t<\/div>\n\t\t\t\t<\/div>\n\t\t\t\t<div class=\"elementor-element elementor-element-e93ff23 elementor-widget elementor-widget-wd_text_block\" data-id=\"e93ff23\" data-element_type=\"widget\" data-widget_type=\"wd_text_block.default\">\n\t\t\t\t<div class=\"elementor-widget-container\">\n\t\t\t\t\t\t\t<div class=\"wd-text-block reset-last-child text-left\">\n\t\t\t\n\t\t\t<h3 style=\"text-align: center;\">Prix UPS 2 KVA<\/h3><p>Outre les facteurs qui d\u00e9terminent les prix des onduleurs 2 KVA, les caract\u00e9ristiques du produit \u00e0 acheter peuvent \u00e9galement avoir une incidence sur son prix. Par exemple, les mod\u00e8les d'onduleurs dot\u00e9s d'une batterie \u00e0 plus longue dur\u00e9e de vie peuvent g\u00e9n\u00e9ralement \u00eatre plus chers, car ils offrent une alimentation de secours plus longue. De plus, le type de sortie de l'onduleur peut \u00e9galement influer sur son prix. Il peut y avoir des diff\u00e9rences de prix entre les mod\u00e8les d'onduleurs \u00e0 sortie monophas\u00e9e et triphas\u00e9e.   <\/p><p>La conception et les caract\u00e9ristiques structurelles du produit peuvent \u00e9galement avoir une incidence sur son prix. Les mod\u00e8les d'onduleurs plus r\u00e9sistants et plus solides sont g\u00e9n\u00e9ralement vendus \u00e0 un prix plus \u00e9lev\u00e9, car ils peuvent \u00eatre plus adapt\u00e9s \u00e0 une utilisation \u00e0 long terme. En outre, l'efficacit\u00e9 de l'onduleur est \u00e9galement un facteur qui influe sur son prix. Les mod\u00e8les plus efficaces sont g\u00e9n\u00e9ralement vendus \u00e0 un prix plus \u00e9lev\u00e9, mais ils permettent de r\u00e9aliser des \u00e9conomies d'\u00e9nergie \u00e0 long terme.   <\/p><p>Tous ces facteurs combin\u00e9s font que les prix des onduleurs 2 KVA peuvent varier consid\u00e9rablement. Avant d'acheter, il est important d'\u00e9valuer soigneusement vos besoins et votre budget et de comparer les diff\u00e9rentes options. Vous pourrez ainsi trouver la solution la plus adapt\u00e9e \u00e0 vos besoins et la plus rentable.  <\/p>\n\t\t\t\t\t<\/div>\n\t\t\t\t\t\t<\/div>\n\t\t\t\t<\/div>\n\t\t\t\t\t<\/div>\n\t\t<\/div>\n\t\t\t\t\t<\/div>\n\t\t<\/section>\n\t\t\t\t<section class=\"wd-negative-gap elementor-section elementor-top-section elementor-element elementor-element-9e9c837 elementor-section-boxed elementor-section-height-default elementor-section-height-default\" data-id=\"9e9c837\" data-element_type=\"section\" data-settings=\"{&quot;jet_parallax_layout_list&quot;:[]}\">\n\t\t\t\t\t\t<div class=\"elementor-container elementor-column-gap-default\">\n\t\t\t\t\t<div class=\"elementor-column elementor-col-100 elementor-top-column elementor-element elementor-element-a4d9855\" data-id=\"a4d9855\" data-element_type=\"column\">\n\t\t\t<div class=\"elementor-widget-wrap elementor-element-populated\">\n\t\t\t\t\t\t<div class=\"elementor-element elementor-element-dbcf6b1 elementor-widget elementor-widget-spacer\" data-id=\"dbcf6b1\" data-element_type=\"widget\" data-widget_type=\"spacer.default\">\n\t\t\t\t<div class=\"elementor-widget-container\">\n\t\t\t\t\t\t\t<div class=\"elementor-spacer\">\n\t\t\t<div class=\"elementor-spacer-inner\"><\/div>\n\t\t<\/div>\n\t\t\t\t\t\t<\/div>\n\t\t\t\t<\/div>\n\t\t\t\t\t<\/div>\n\t\t<\/div>\n\t\t\t\t\t<\/div>\n\t\t<\/section>\n\t\t\t\t<\/div>\n\t\t","protected":false},"excerpt":{"rendered":"<p>Prix UPS 2 KVA : Facteurs d\u00e9terminant le co\u00fbt d&rsquo;une alimentation sans coupure Prix d&rsquo;un onduleur 2 kVA : un<\/p>\n","protected":false},"author":1,"featured_media":0,"parent":0,"menu_order":0,"comment_status":"closed","ping_status":"closed","template":"","meta":{"footnotes":""},"class_list":["post-100363","page","type-page","status-publish","hentry"],"yoast_head":"<!-- This site is optimized with the Yoast SEO Premium plugin v25.8 (Yoast SEO v25.9) - https:\/\/yoast.com\/wordpress\/plugins\/seo\/ -->\n<title>Prix UPS 2 KVA - Redsan Store<\/title>\n<meta name=\"description\" content=\"Le prix d&#039;un onduleur 2 KVA est la solution pour assurer la continuit\u00e9 du fonctionnement des \u00e9quipements \u00e9lectroniques. Les prix varient en fonction de diff\u00e9rents facteurs.\" \/>\n<meta name=\"robots\" content=\"index, follow, max-snippet:-1, max-image-preview:large, max-video-preview:-1\" \/>\n<link rel=\"canonical\" href=\"https:\/\/redsanstore.com\/fr\/prix-ups-2-kva\/\" \/>\n<meta property=\"og:locale\" content=\"fr_FR\" \/>\n<meta property=\"og:type\" content=\"article\" \/>\n<meta property=\"og:title\" content=\"Prix UPS 2 KVA\" \/>\n<meta property=\"og:description\" content=\"Le prix d&#039;un onduleur 2 KVA est la solution pour assurer la continuit\u00e9 du fonctionnement des \u00e9quipements \u00e9lectroniques. Les prix varient en fonction de diff\u00e9rents facteurs.\" \/>\n<meta property=\"og:url\" content=\"https:\/\/redsanstore.com\/fr\/prix-ups-2-kva\/\" \/>\n<meta property=\"og:site_name\" content=\"Redsan Store\" \/>\n<meta property=\"article:publisher\" content=\"https:\/\/www.facebook.com\/redsanelektronik\" \/>\n<meta property=\"article:modified_time\" content=\"2025-12-15T07:06:46+00:00\" \/>\n<meta property=\"og:image\" content=\"https:\/\/redsanstore.com\/wp-content\/uploads\/2024\/03\/2-kva-ups-fiyat.png\" \/>\n\t<meta property=\"og:image:width\" content=\"1024\" \/>\n\t<meta property=\"og:image:height\" content=\"768\" \/>\n\t<meta property=\"og:image:type\" content=\"image\/png\" \/>\n<meta name=\"twitter:card\" content=\"summary_large_image\" \/>\n<meta name=\"twitter:label1\" content=\"Est. reading time\" \/>\n\t<meta name=\"twitter:data1\" content=\"3 minutes\" \/>\n<script type=\"application\/ld+json\" class=\"yoast-schema-graph\">{\"@context\":\"https:\/\/schema.org\",\"@graph\":[{\"@type\":\"WebPage\",\"@id\":\"https:\/\/redsanstore.com\/fr\/prix-ups-2-kva\/\",\"url\":\"https:\/\/redsanstore.com\/fr\/prix-ups-2-kva\/\",\"name\":\"Prix UPS 2 KVA - Redsan Store\",\"isPartOf\":{\"@id\":\"https:\/\/redsanstore.com\/#website\"},\"primaryImageOfPage\":{\"@id\":\"https:\/\/redsanstore.com\/fr\/prix-ups-2-kva\/#primaryimage\"},\"image\":{\"@id\":\"https:\/\/redsanstore.com\/fr\/prix-ups-2-kva\/#primaryimage\"},\"thumbnailUrl\":\"https:\/\/redsanstore.com\/wp-content\/uploads\/2024\/03\/2-kva-ups-fiyat.png\",\"datePublished\":\"2024-03-21T11:46:57+00:00\",\"dateModified\":\"2025-12-15T07:06:46+00:00\",\"description\":\"Le prix d'un onduleur 2 KVA est la solution pour assurer la continuit\u00e9 du fonctionnement des \u00e9quipements \u00e9lectroniques. Les prix varient en fonction de diff\u00e9rents facteurs.\",\"breadcrumb\":{\"@id\":\"https:\/\/redsanstore.com\/fr\/prix-ups-2-kva\/#breadcrumb\"},\"inLanguage\":\"fr-FR\",\"potentialAction\":[{\"@type\":\"ReadAction\",\"target\":[\"https:\/\/redsanstore.com\/fr\/prix-ups-2-kva\/\"]}]},{\"@type\":\"ImageObject\",\"inLanguage\":\"fr-FR\",\"@id\":\"https:\/\/redsanstore.com\/fr\/prix-ups-2-kva\/#primaryimage\",\"url\":\"https:\/\/redsanstore.com\/wp-content\/uploads\/2024\/03\/2-kva-ups-fiyat.png\",\"contentUrl\":\"https:\/\/redsanstore.com\/wp-content\/uploads\/2024\/03\/2-kva-ups-fiyat.png\"},{\"@type\":\"BreadcrumbList\",\"@id\":\"https:\/\/redsanstore.com\/fr\/prix-ups-2-kva\/#breadcrumb\",\"itemListElement\":[{\"@type\":\"ListItem\",\"position\":1,\"name\":\"Anasayfa\",\"item\":\"https:\/\/redsanstore.com\/fr\/\"},{\"@type\":\"ListItem\",\"position\":2,\"name\":\"Prix UPS 2 KVA\"}]},{\"@type\":\"WebSite\",\"@id\":\"https:\/\/redsanstore.com\/#website\",\"url\":\"https:\/\/redsanstore.com\/\",\"name\":\"Redsan Store\",\"description\":\"Redres\u00f6r - Reg\u00fclat\u00f6r - UPS - Ak\u00fc\",\"publisher\":{\"@id\":\"https:\/\/redsanstore.com\/#organization\"},\"alternateName\":\"Redres\u00f6r ve Kesintisiz G\u00fc\u00e7 Kayna\u011f\u0131 Ups\",\"potentialAction\":[{\"@type\":\"SearchAction\",\"target\":{\"@type\":\"EntryPoint\",\"urlTemplate\":\"https:\/\/redsanstore.com\/?s={search_term_string}\"},\"query-input\":{\"@type\":\"PropertyValueSpecification\",\"valueRequired\":true,\"valueName\":\"search_term_string\"}}],\"inLanguage\":\"fr-FR\"},{\"@type\":\"Organization\",\"@id\":\"https:\/\/redsanstore.com\/#organization\",\"name\":\"Redsan Store\",\"alternateName\":\"Redres\u00f6r ve Kesintisiz G\u00fc\u00e7 Kayna\u011f\u0131 Ups\",\"url\":\"https:\/\/redsanstore.com\/\",\"logo\":{\"@type\":\"ImageObject\",\"inLanguage\":\"fr-FR\",\"@id\":\"https:\/\/redsanstore.com\/#\/schema\/logo\/image\/\",\"url\":\"https:\/\/redsanstore.com\/wp-content\/uploads\/2024\/06\/redresor-ups-site-gorseli.jpg\",\"contentUrl\":\"https:\/\/redsanstore.com\/wp-content\/uploads\/2024\/06\/redresor-ups-site-gorseli.jpg\",\"width\":1200,\"height\":675,\"caption\":\"Redsan Store\"},\"image\":{\"@id\":\"https:\/\/redsanstore.com\/#\/schema\/logo\/image\/\"},\"sameAs\":[\"https:\/\/www.facebook.com\/redsanelektronik\",\"https:\/\/www.instagram.com\/redsanelektronik\/\",\"https:\/\/www.linkedin.com\/company\/redsan-elektronik\/\"]}]}<\/script>\n<!-- \/ Yoast SEO Premium plugin. -->","yoast_head_json":{"title":"Prix UPS 2 KVA - Redsan Store","description":"Le prix d'un onduleur 2 KVA est la solution pour assurer la continuit\u00e9 du fonctionnement des \u00e9quipements \u00e9lectroniques. Les prix varient en fonction de diff\u00e9rents facteurs.","robots":{"index":"index","follow":"follow","max-snippet":"max-snippet:-1","max-image-preview":"max-image-preview:large","max-video-preview":"max-video-preview:-1"},"canonical":"https:\/\/redsanstore.com\/fr\/prix-ups-2-kva\/","og_locale":"fr_FR","og_type":"article","og_title":"Prix UPS 2 KVA","og_description":"Le prix d'un onduleur 2 KVA est la solution pour assurer la continuit\u00e9 du fonctionnement des \u00e9quipements \u00e9lectroniques. Les prix varient en fonction de diff\u00e9rents facteurs.","og_url":"https:\/\/redsanstore.com\/fr\/prix-ups-2-kva\/","og_site_name":"Redsan Store","article_publisher":"https:\/\/www.facebook.com\/redsanelektronik","article_modified_time":"2025-12-15T07:06:46+00:00","og_image":[{"width":1024,"height":768,"url":"https:\/\/redsanstore.com\/wp-content\/uploads\/2024\/03\/2-kva-ups-fiyat.png","type":"image\/png"}],"twitter_card":"summary_large_image","twitter_misc":{"Est. reading time":"3 minutes"},"schema":{"@context":"https:\/\/schema.org","@graph":[{"@type":"WebPage","@id":"https:\/\/redsanstore.com\/fr\/prix-ups-2-kva\/","url":"https:\/\/redsanstore.com\/fr\/prix-ups-2-kva\/","name":"Prix UPS 2 KVA - Redsan Store","isPartOf":{"@id":"https:\/\/redsanstore.com\/#website"},"primaryImageOfPage":{"@id":"https:\/\/redsanstore.com\/fr\/prix-ups-2-kva\/#primaryimage"},"image":{"@id":"https:\/\/redsanstore.com\/fr\/prix-ups-2-kva\/#primaryimage"},"thumbnailUrl":"https:\/\/redsanstore.com\/wp-content\/uploads\/2024\/03\/2-kva-ups-fiyat.png","datePublished":"2024-03-21T11:46:57+00:00","dateModified":"2025-12-15T07:06:46+00:00","description":"Le prix d'un onduleur 2 KVA est la solution pour assurer la continuit\u00e9 du fonctionnement des \u00e9quipements \u00e9lectroniques. Les prix varient en fonction de diff\u00e9rents facteurs.","breadcrumb":{"@id":"https:\/\/redsanstore.com\/fr\/prix-ups-2-kva\/#breadcrumb"},"inLanguage":"fr-FR","potentialAction":[{"@type":"ReadAction","target":["https:\/\/redsanstore.com\/fr\/prix-ups-2-kva\/"]}]},{"@type":"ImageObject","inLanguage":"fr-FR","@id":"https:\/\/redsanstore.com\/fr\/prix-ups-2-kva\/#primaryimage","url":"https:\/\/redsanstore.com\/wp-content\/uploads\/2024\/03\/2-kva-ups-fiyat.png","contentUrl":"https:\/\/redsanstore.com\/wp-content\/uploads\/2024\/03\/2-kva-ups-fiyat.png"},{"@type":"BreadcrumbList","@id":"https:\/\/redsanstore.com\/fr\/prix-ups-2-kva\/#breadcrumb","itemListElement":[{"@type":"ListItem","position":1,"name":"Anasayfa","item":"https:\/\/redsanstore.com\/fr\/"},{"@type":"ListItem","position":2,"name":"Prix UPS 2 KVA"}]},{"@type":"WebSite","@id":"https:\/\/redsanstore.com\/#website","url":"https:\/\/redsanstore.com\/","name":"Redsan Store","description":"Redres\u00f6r - Reg\u00fclat\u00f6r - UPS - Ak\u00fc","publisher":{"@id":"https:\/\/redsanstore.com\/#organization"},"alternateName":"Redres\u00f6r ve Kesintisiz G\u00fc\u00e7 Kayna\u011f\u0131 Ups","potentialAction":[{"@type":"SearchAction","target":{"@type":"EntryPoint","urlTemplate":"https:\/\/redsanstore.com\/?s={search_term_string}"},"query-input":{"@type":"PropertyValueSpecification","valueRequired":true,"valueName":"search_term_string"}}],"inLanguage":"fr-FR"},{"@type":"Organization","@id":"https:\/\/redsanstore.com\/#organization","name":"Redsan Store","alternateName":"Redres\u00f6r ve Kesintisiz G\u00fc\u00e7 Kayna\u011f\u0131 Ups","url":"https:\/\/redsanstore.com\/","logo":{"@type":"ImageObject","inLanguage":"fr-FR","@id":"https:\/\/redsanstore.com\/#\/schema\/logo\/image\/","url":"https:\/\/redsanstore.com\/wp-content\/uploads\/2024\/06\/redresor-ups-site-gorseli.jpg","contentUrl":"https:\/\/redsanstore.com\/wp-content\/uploads\/2024\/06\/redresor-ups-site-gorseli.jpg","width":1200,"height":675,"caption":"Redsan Store"},"image":{"@id":"https:\/\/redsanstore.com\/#\/schema\/logo\/image\/"},"sameAs":["https:\/\/www.facebook.com\/redsanelektronik","https:\/\/www.instagram.com\/redsanelektronik\/","https:\/\/www.linkedin.com\/company\/redsan-elektronik\/"]}]}},"_links":{"self":[{"href":"https:\/\/redsanstore.com\/fr\/wp-json\/wp\/v2\/pages\/100363","targetHints":{"allow":["GET"]}}],"collection":[{"href":"https:\/\/redsanstore.com\/fr\/wp-json\/wp\/v2\/pages"}],"about":[{"href":"https:\/\/redsanstore.com\/fr\/wp-json\/wp\/v2\/types\/page"}],"author":[{"embeddable":true,"href":"https:\/\/redsanstore.com\/fr\/wp-json\/wp\/v2\/users\/1"}],"replies":[{"embeddable":true,"href":"https:\/\/redsanstore.com\/fr\/wp-json\/wp\/v2\/comments?post=100363"}],"version-history":[{"count":1,"href":"https:\/\/redsanstore.com\/fr\/wp-json\/wp\/v2\/pages\/100363\/revisions"}],"predecessor-version":[{"id":100365,"href":"https:\/\/redsanstore.com\/fr\/wp-json\/wp\/v2\/pages\/100363\/revisions\/100365"}],"wp:attachment":[{"href":"https:\/\/redsanstore.com\/fr\/wp-json\/wp\/v2\/media?parent=100363"}],"curies":[{"name":"wp","href":"https:\/\/api.w.org\/{rel}","templated":true}]}}