{"id":100346,"date":"2024-04-03T13:40:17","date_gmt":"2024-04-03T10:40:17","guid":{"rendered":"https:\/\/redsanstore.com\/ups-interactif-1200-va\/"},"modified":"2025-12-15T09:55:32","modified_gmt":"2025-12-15T06:55:32","slug":"ups-interactif-1200-va","status":"publish","type":"page","link":"https:\/\/redsanstore.com\/fr\/ups-interactif-1200-va\/","title":{"rendered":"UPS interactif 1200 VA"},"content":{"rendered":"\t\t<div data-elementor-type=\"wp-page\" data-elementor-id=\"100346\" class=\"elementor elementor-100346 elementor-91977\" data-elementor-post-type=\"page\">\n\t\t\t\t\t\t<section class=\"wd-negative-gap elementor-section elementor-top-section elementor-element elementor-element-b867845 elementor-section-boxed elementor-section-height-default elementor-section-height-default\" data-id=\"b867845\" data-element_type=\"section\" data-settings=\"{&quot;jet_parallax_layout_list&quot;:[]}\">\n\t\t\t\t\t\t<div class=\"elementor-container elementor-column-gap-default\">\n\t\t\t\t\t<div class=\"elementor-column elementor-col-50 elementor-top-column elementor-element elementor-element-b04797b\" data-id=\"b04797b\" data-element_type=\"column\">\n\t\t\t<div class=\"elementor-widget-wrap elementor-element-populated\">\n\t\t\t\t\t\t<div class=\"elementor-element elementor-element-bf05b37 elementor-widget elementor-widget-image\" data-id=\"bf05b37\" data-element_type=\"widget\" data-widget_type=\"image.default\">\n\t\t\t\t<div class=\"elementor-widget-container\">\n\t\t\t\t\t\t\t\t\t\t\t\t\t\t\t<img fetchpriority=\"high\" decoding=\"async\" width=\"1024\" height=\"526\" src=\"https:\/\/redsanstore.com\/wp-content\/uploads\/2024\/04\/1200-va-line-interaktif-ups.webp\" class=\"attachment-large size-large wp-image-100347\" alt=\"\" srcset=\"https:\/\/redsanstore.com\/wp-content\/uploads\/2024\/04\/1200-va-line-interaktif-ups.webp 1024w, https:\/\/redsanstore.com\/wp-content\/uploads\/2024\/04\/1200-va-line-interaktif-ups-300x154.webp 300w, https:\/\/redsanstore.com\/wp-content\/uploads\/2024\/04\/1200-va-line-interaktif-ups-768x395.webp 768w, https:\/\/redsanstore.com\/wp-content\/uploads\/2024\/04\/1200-va-line-interaktif-ups-600x308.webp 600w, https:\/\/redsanstore.com\/wp-content\/uploads\/2024\/04\/1200-va-line-interaktif-ups-150x77.webp 150w\" sizes=\"(max-width: 1024px) 100vw, 1024px\" \/>\t\t\t\t\t\t\t\t\t\t\t\t\t\t\t<\/div>\n\t\t\t\t<\/div>\n\t\t\t\t\t<\/div>\n\t\t<\/div>\n\t\t\t\t<div class=\"elementor-column elementor-col-50 elementor-top-column elementor-element elementor-element-f36576d\" data-id=\"f36576d\" data-element_type=\"column\">\n\t\t\t<div class=\"elementor-widget-wrap elementor-element-populated\">\n\t\t\t\t\t\t<div class=\"elementor-element elementor-element-351276d elementor-widget elementor-widget-image\" data-id=\"351276d\" data-element_type=\"widget\" data-widget_type=\"image.default\">\n\t\t\t\t<div class=\"elementor-widget-container\">\n\t\t\t\t\t\t\t\t\t\t\t\t\t\t\t<img fetchpriority=\"high\" decoding=\"async\" width=\"1024\" height=\"526\" src=\"https:\/\/redsanstore.com\/wp-content\/uploads\/2024\/04\/1200-va-line-interaktif-ups.webp\" class=\"attachment-large size-large wp-image-100347\" alt=\"\" srcset=\"https:\/\/redsanstore.com\/wp-content\/uploads\/2024\/04\/1200-va-line-interaktif-ups.webp 1024w, https:\/\/redsanstore.com\/wp-content\/uploads\/2024\/04\/1200-va-line-interaktif-ups-300x154.webp 300w, https:\/\/redsanstore.com\/wp-content\/uploads\/2024\/04\/1200-va-line-interaktif-ups-768x395.webp 768w, https:\/\/redsanstore.com\/wp-content\/uploads\/2024\/04\/1200-va-line-interaktif-ups-600x308.webp 600w, https:\/\/redsanstore.com\/wp-content\/uploads\/2024\/04\/1200-va-line-interaktif-ups-150x77.webp 150w\" sizes=\"(max-width: 1024px) 100vw, 1024px\" \/>\t\t\t\t\t\t\t\t\t\t\t\t\t\t\t<\/div>\n\t\t\t\t<\/div>\n\t\t\t\t\t<\/div>\n\t\t<\/div>\n\t\t\t\t\t<\/div>\n\t\t<\/section>\n\t\t\t\t<section class=\"wd-negative-gap elementor-section elementor-top-section elementor-element elementor-element-59f80de elementor-section-boxed elementor-section-height-default elementor-section-height-default\" data-id=\"59f80de\" data-element_type=\"section\" data-settings=\"{&quot;jet_parallax_layout_list&quot;:[]}\">\n\t\t\t\t\t\t<div class=\"elementor-container elementor-column-gap-default\">\n\t\t\t\t\t<div class=\"elementor-column elementor-col-100 elementor-top-column elementor-element elementor-element-e751108\" data-id=\"e751108\" data-element_type=\"column\">\n\t\t\t<div class=\"elementor-widget-wrap elementor-element-populated\">\n\t\t\t\t\t\t<div class=\"elementor-element elementor-element-a4aa5de elementor-widget elementor-widget-spacer\" data-id=\"a4aa5de\" data-element_type=\"widget\" data-widget_type=\"spacer.default\">\n\t\t\t\t<div class=\"elementor-widget-container\">\n\t\t\t\t\t\t\t<div class=\"elementor-spacer\">\n\t\t\t<div class=\"elementor-spacer-inner\"><\/div>\n\t\t<\/div>\n\t\t\t\t\t\t<\/div>\n\t\t\t\t<\/div>\n\t\t\t\t\t<\/div>\n\t\t<\/div>\n\t\t\t\t\t<\/div>\n\t\t<\/section>\n\t\t\t\t<section class=\"wd-negative-gap elementor-section elementor-top-section elementor-element elementor-element-1a2d760 elementor-section-boxed elementor-section-height-default elementor-section-height-default\" data-id=\"1a2d760\" data-element_type=\"section\" data-settings=\"{&quot;jet_parallax_layout_list&quot;:[]}\">\n\t\t\t\t\t\t<div class=\"elementor-container elementor-column-gap-default\">\n\t\t\t\t\t<div class=\"elementor-column elementor-col-100 elementor-top-column elementor-element elementor-element-8a589c2\" data-id=\"8a589c2\" data-element_type=\"column\">\n\t\t\t<div class=\"elementor-widget-wrap elementor-element-populated\">\n\t\t\t\t\t\t<div class=\"elementor-element elementor-element-3148069 elementor-widget elementor-widget-wd_text_block\" data-id=\"3148069\" data-element_type=\"widget\" data-widget_type=\"wd_text_block.default\">\n\t\t\t\t<div class=\"elementor-widget-container\">\n\t\t\t\t\t\t\t<div class=\"wd-text-block reset-last-child text-left\">\n\t\t\t\n\t\t\t<div class=\"w-full text-token-text-primary\" data-testid=\"conversation-turn-15\"><div class=\"px-4 py-2 justify-center text-base md:gap-6 m-auto\"><div class=\"flex flex-1 text-base mx-auto gap-3 md:px-5 lg:px-1 xl:px-5 md:max-w-3xl lg:max-w-[40rem] xl:max-w-[48rem] group\"><div class=\"relative flex w-full flex-col agent-turn\"><div class=\"flex-col gap-1 md:gap-3\"><div class=\"flex flex-grow flex-col max-w-full\"><div class=\"min-h-[20px] text-message flex flex-col items-start gap-3 whitespace-pre-wrap break-words [.text-message+&amp;]:mt-5 overflow-x-auto\" data-message-author-role=\"assistant\" data-message-id=\"4d4c35d7-ddfa-48b5-a464-6ea3adb6a084\"><div class=\"markdown prose w-full break-words dark:prose-invert dark\"><h2 style=\"text-align: center;\">UPS interactif 1200 VA : une solution de protection \u00e9lectrique puissante et fiable<\/h2><p>UPS interactif 1200 VA : Aujourd'hui, les entreprises et les particuliers recherchent une solution UPS (alimentation sans coupure) efficace pour prot\u00e9ger leurs appareils en cas de coupures ou de fluctuations de courant. C'est l\u00e0 qu'intervient l'UPS interactif. Dans cet article, nous allons examiner ce qu'est un UPS interactif, comment il fonctionne et quels sont ses avantages.  <\/p><h3>Qu'est-ce qu'un onduleur interactif 1200 VA Line ?<\/h3><p>L'onduleur interactif 1200 VA Line est une source d'alimentation d'une puissance de 1200 volts-amp\u00e8res. Cela correspond \u00e0 la capacit\u00e9 maximale de l'onduleur et d\u00e9termine la puissance que l'appareil peut fournir. L'onduleur interactif se connecte directement \u00e0 la source d'alimentation CA (courant alternatif) pendant le fonctionnement normal et n'intervient qu'en cas de fluctuations ou de coupures de tension d'entr\u00e9e. Il assure ainsi la protection des appareils en cas de coupures ou de fluctuations de courant et garantit la continuit\u00e9 des activit\u00e9s.   <\/p><h3>Comment \u00e7a marche ?<\/h3><p>Le principe de fonctionnement de l'UPS interactif Line comprend les \u00e9tapes suivantes :<\/p><ol><li><p><strong>Entr\u00e9e CA :<\/strong> L'onduleur interactif est directement connect\u00e9 \u00e0 l'alimentation CA en fonctionnement normal et alimente les appareils en \u00e9lectricit\u00e9 CA.<\/p><\/li><li><p><strong>Batteries rechargeables :<\/strong> l'UPS utilise l'\u00e9nergie fournie par des batteries rechargeables pour alimenter les appareils en cas de coupure ou de fluctuation de courant. Il stocke \u00e9galement l'\u00e9nergie provenant du r\u00e9seau \u00e9lectrique dans les batteries. <\/p><\/li><li><p><strong>Onduleur et r\u00e9gulateur de tension :<\/strong> L'onduleur convertit le courant continu provenant des batteries en courant alternatif et alimente les appareils. Le r\u00e9gulateur de tension maintient la tension d'entr\u00e9e dans une plage donn\u00e9e et corrige les fluctuations. <\/p><\/li><li><p><strong>Filtrage <\/strong>: L'onduleur interactif Line comprend un syst\u00e8me de filtrage qui corrige les fluctuations. Cela permet de prot\u00e9ger les appareils et d'assurer une alimentation \u00e9lectrique s\u00fbre. <\/p><\/li><\/ol><h3>Avantages<\/h3><ol><li><p><strong>Alimentation sans interruption :<\/strong> l'onduleur interactif Line alimente les appareils sans interruption en cas de coupures ou de fluctuations de courant. Cela garantit la continuit\u00e9 des activit\u00e9s et \u00e9vite toute perte de donn\u00e9es. <\/p><\/li><li><p><strong>Protection maximale :<\/strong> l'onduleur interactif Line offre une protection totale contre les coupures de courant, les fluctuations de tension et autres probl\u00e8mes \u00e9lectriques. Il garantit ainsi la s\u00e9curit\u00e9 des syst\u00e8mes et des donn\u00e9es critiques. <\/p><\/li><li><p><strong>Large domaine d'application :<\/strong> l'onduleur interactif Line est id\u00e9al pour divers domaines d'application, des particuliers aux petites entreprises. Ses performances \u00e9lev\u00e9es et sa fiabilit\u00e9 lui permettent de r\u00e9pondre aux besoins d'un large \u00e9ventail d'utilisateurs. <\/p><\/li><\/ol><p>Line Interactive UPS est une solution de protection \u00e9lectrique puissante et fiable. Elle assure la continuit\u00e9 des activit\u00e9s tout en prot\u00e9geant les appareils en cas de coupures ou de fluctuations de courant. Gr\u00e2ce \u00e0 son large champ d'application et \u00e0 ses principes de fonctionnement efficaces, elle constitue un choix id\u00e9al pour de nombreux utilisateurs. Cependant, il est important d'\u00e9valuer soigneusement vos besoins afin de choisir l'onduleur qui vous convient.   <\/p><\/div><\/div><\/div><\/div><\/div><\/div><\/div><\/div>\n\t\t\t\t\t<\/div>\n\t\t\t\t\t\t<\/div>\n\t\t\t\t<\/div>\n\t\t\t\t\t<\/div>\n\t\t<\/div>\n\t\t\t\t\t<\/div>\n\t\t<\/section>\n\t\t\t\t<\/div>\n\t\t","protected":false},"excerpt":{"rendered":"<p>UPS interactif 1200 VA : une solution de protection \u00e9lectrique puissante et fiable UPS interactif 1200 VA : Aujourd&rsquo;hui, les<\/p>\n","protected":false},"author":1,"featured_media":0,"parent":0,"menu_order":0,"comment_status":"closed","ping_status":"closed","template":"","meta":{"footnotes":""},"class_list":["post-100346","page","type-page","status-publish","hentry"],"yoast_head":"<!-- This site is optimized with the Yoast SEO Premium plugin v25.8 (Yoast SEO v25.9) - https:\/\/yoast.com\/wordpress\/plugins\/seo\/ -->\n<title>UPS interactif 1200 VA - Redsan Store<\/title>\n<meta name=\"description\" content=\"L&#039;onduleur interactif 1200 VA Line est essentiel pour prot\u00e9ger les \u00e9quipements \u00e9lectroniques des entreprises et des particuliers et garantir la continuit\u00e9 des activit\u00e9s...\" \/>\n<meta name=\"robots\" content=\"index, follow, max-snippet:-1, max-image-preview:large, max-video-preview:-1\" \/>\n<link rel=\"canonical\" href=\"https:\/\/redsanstore.com\/fr\/ups-interactif-1200-va\/\" \/>\n<meta property=\"og:locale\" content=\"fr_FR\" \/>\n<meta property=\"og:type\" content=\"article\" \/>\n<meta property=\"og:title\" content=\"UPS interactif 1200 VA\" \/>\n<meta property=\"og:description\" content=\"L&#039;onduleur interactif 1200 VA Line est essentiel pour prot\u00e9ger les \u00e9quipements \u00e9lectroniques des entreprises et des particuliers et garantir la continuit\u00e9 des activit\u00e9s...\" \/>\n<meta property=\"og:url\" content=\"https:\/\/redsanstore.com\/fr\/ups-interactif-1200-va\/\" \/>\n<meta property=\"og:site_name\" content=\"Redsan Store\" \/>\n<meta property=\"article:publisher\" content=\"https:\/\/www.facebook.com\/redsanelektronik\" \/>\n<meta property=\"article:modified_time\" content=\"2025-12-15T06:55:32+00:00\" \/>\n<meta property=\"og:image\" content=\"https:\/\/redsanstore.com\/wp-content\/uploads\/2024\/04\/1200-va-line-interaktif-ups.webp\" \/>\n\t<meta property=\"og:image:width\" content=\"1024\" \/>\n\t<meta property=\"og:image:height\" content=\"526\" \/>\n\t<meta property=\"og:image:type\" content=\"image\/webp\" \/>\n<meta name=\"twitter:card\" content=\"summary_large_image\" \/>\n<meta name=\"twitter:label1\" content=\"Dur\u00e9e de lecture estim\u00e9e\" \/>\n\t<meta name=\"twitter:data1\" content=\"2 minutes\" \/>\n<script type=\"application\/ld+json\" class=\"yoast-schema-graph\">{\"@context\":\"https:\/\/schema.org\",\"@graph\":[{\"@type\":\"WebPage\",\"@id\":\"https:\/\/redsanstore.com\/fr\/ups-interactif-1200-va\/\",\"url\":\"https:\/\/redsanstore.com\/fr\/ups-interactif-1200-va\/\",\"name\":\"UPS interactif 1200 VA - Redsan Store\",\"isPartOf\":{\"@id\":\"https:\/\/redsanstore.com\/#website\"},\"primaryImageOfPage\":{\"@id\":\"https:\/\/redsanstore.com\/fr\/ups-interactif-1200-va\/#primaryimage\"},\"image\":{\"@id\":\"https:\/\/redsanstore.com\/fr\/ups-interactif-1200-va\/#primaryimage\"},\"thumbnailUrl\":\"https:\/\/redsanstore.com\/wp-content\/uploads\/2024\/04\/1200-va-line-interaktif-ups.webp\",\"datePublished\":\"2024-04-03T10:40:17+00:00\",\"dateModified\":\"2025-12-15T06:55:32+00:00\",\"description\":\"L'onduleur interactif 1200 VA Line est essentiel pour prot\u00e9ger les \u00e9quipements \u00e9lectroniques des entreprises et des particuliers et garantir la continuit\u00e9 des activit\u00e9s...\",\"breadcrumb\":{\"@id\":\"https:\/\/redsanstore.com\/fr\/ups-interactif-1200-va\/#breadcrumb\"},\"inLanguage\":\"fr-FR\",\"potentialAction\":[{\"@type\":\"ReadAction\",\"target\":[\"https:\/\/redsanstore.com\/fr\/ups-interactif-1200-va\/\"]}]},{\"@type\":\"ImageObject\",\"inLanguage\":\"fr-FR\",\"@id\":\"https:\/\/redsanstore.com\/fr\/ups-interactif-1200-va\/#primaryimage\",\"url\":\"https:\/\/redsanstore.com\/wp-content\/uploads\/2024\/04\/1200-va-line-interaktif-ups.webp\",\"contentUrl\":\"https:\/\/redsanstore.com\/wp-content\/uploads\/2024\/04\/1200-va-line-interaktif-ups.webp\"},{\"@type\":\"BreadcrumbList\",\"@id\":\"https:\/\/redsanstore.com\/fr\/ups-interactif-1200-va\/#breadcrumb\",\"itemListElement\":[{\"@type\":\"ListItem\",\"position\":1,\"name\":\"Anasayfa\",\"item\":\"https:\/\/redsanstore.com\/fr\/\"},{\"@type\":\"ListItem\",\"position\":2,\"name\":\"UPS interactif 1200 VA\"}]},{\"@type\":\"WebSite\",\"@id\":\"https:\/\/redsanstore.com\/#website\",\"url\":\"https:\/\/redsanstore.com\/\",\"name\":\"Redsan Store\",\"description\":\"Redres\u00f6r - Reg\u00fclat\u00f6r - UPS - Ak\u00fc\",\"publisher\":{\"@id\":\"https:\/\/redsanstore.com\/#organization\"},\"alternateName\":\"Redres\u00f6r ve Kesintisiz G\u00fc\u00e7 Kayna\u011f\u0131 Ups\",\"potentialAction\":[{\"@type\":\"SearchAction\",\"target\":{\"@type\":\"EntryPoint\",\"urlTemplate\":\"https:\/\/redsanstore.com\/?s={search_term_string}\"},\"query-input\":{\"@type\":\"PropertyValueSpecification\",\"valueRequired\":true,\"valueName\":\"search_term_string\"}}],\"inLanguage\":\"fr-FR\"},{\"@type\":\"Organization\",\"@id\":\"https:\/\/redsanstore.com\/#organization\",\"name\":\"Redsan Store\",\"alternateName\":\"Redres\u00f6r ve Kesintisiz G\u00fc\u00e7 Kayna\u011f\u0131 Ups\",\"url\":\"https:\/\/redsanstore.com\/\",\"logo\":{\"@type\":\"ImageObject\",\"inLanguage\":\"fr-FR\",\"@id\":\"https:\/\/redsanstore.com\/#\/schema\/logo\/image\/\",\"url\":\"https:\/\/redsanstore.com\/wp-content\/uploads\/2024\/06\/redresor-ups-site-gorseli.jpg\",\"contentUrl\":\"https:\/\/redsanstore.com\/wp-content\/uploads\/2024\/06\/redresor-ups-site-gorseli.jpg\",\"width\":1200,\"height\":675,\"caption\":\"Redsan Store\"},\"image\":{\"@id\":\"https:\/\/redsanstore.com\/#\/schema\/logo\/image\/\"},\"sameAs\":[\"https:\/\/www.facebook.com\/redsanelektronik\",\"https:\/\/www.instagram.com\/redsanelektronik\/\",\"https:\/\/www.linkedin.com\/company\/redsan-elektronik\/\"]}]}<\/script>\n<!-- \/ Yoast SEO Premium plugin. -->","yoast_head_json":{"title":"UPS interactif 1200 VA - Redsan Store","description":"L'onduleur interactif 1200 VA Line est essentiel pour prot\u00e9ger les \u00e9quipements \u00e9lectroniques des entreprises et des particuliers et garantir la continuit\u00e9 des activit\u00e9s...","robots":{"index":"index","follow":"follow","max-snippet":"max-snippet:-1","max-image-preview":"max-image-preview:large","max-video-preview":"max-video-preview:-1"},"canonical":"https:\/\/redsanstore.com\/fr\/ups-interactif-1200-va\/","og_locale":"fr_FR","og_type":"article","og_title":"UPS interactif 1200 VA","og_description":"L'onduleur interactif 1200 VA Line est essentiel pour prot\u00e9ger les \u00e9quipements \u00e9lectroniques des entreprises et des particuliers et garantir la continuit\u00e9 des activit\u00e9s...","og_url":"https:\/\/redsanstore.com\/fr\/ups-interactif-1200-va\/","og_site_name":"Redsan Store","article_publisher":"https:\/\/www.facebook.com\/redsanelektronik","article_modified_time":"2025-12-15T06:55:32+00:00","og_image":[{"width":1024,"height":526,"url":"https:\/\/redsanstore.com\/wp-content\/uploads\/2024\/04\/1200-va-line-interaktif-ups.webp","type":"image\/webp"}],"twitter_card":"summary_large_image","twitter_misc":{"Dur\u00e9e de lecture estim\u00e9e":"2 minutes"},"schema":{"@context":"https:\/\/schema.org","@graph":[{"@type":"WebPage","@id":"https:\/\/redsanstore.com\/fr\/ups-interactif-1200-va\/","url":"https:\/\/redsanstore.com\/fr\/ups-interactif-1200-va\/","name":"UPS interactif 1200 VA - Redsan Store","isPartOf":{"@id":"https:\/\/redsanstore.com\/#website"},"primaryImageOfPage":{"@id":"https:\/\/redsanstore.com\/fr\/ups-interactif-1200-va\/#primaryimage"},"image":{"@id":"https:\/\/redsanstore.com\/fr\/ups-interactif-1200-va\/#primaryimage"},"thumbnailUrl":"https:\/\/redsanstore.com\/wp-content\/uploads\/2024\/04\/1200-va-line-interaktif-ups.webp","datePublished":"2024-04-03T10:40:17+00:00","dateModified":"2025-12-15T06:55:32+00:00","description":"L'onduleur interactif 1200 VA Line est essentiel pour prot\u00e9ger les \u00e9quipements \u00e9lectroniques des entreprises et des particuliers et garantir la continuit\u00e9 des activit\u00e9s...","breadcrumb":{"@id":"https:\/\/redsanstore.com\/fr\/ups-interactif-1200-va\/#breadcrumb"},"inLanguage":"fr-FR","potentialAction":[{"@type":"ReadAction","target":["https:\/\/redsanstore.com\/fr\/ups-interactif-1200-va\/"]}]},{"@type":"ImageObject","inLanguage":"fr-FR","@id":"https:\/\/redsanstore.com\/fr\/ups-interactif-1200-va\/#primaryimage","url":"https:\/\/redsanstore.com\/wp-content\/uploads\/2024\/04\/1200-va-line-interaktif-ups.webp","contentUrl":"https:\/\/redsanstore.com\/wp-content\/uploads\/2024\/04\/1200-va-line-interaktif-ups.webp"},{"@type":"BreadcrumbList","@id":"https:\/\/redsanstore.com\/fr\/ups-interactif-1200-va\/#breadcrumb","itemListElement":[{"@type":"ListItem","position":1,"name":"Anasayfa","item":"https:\/\/redsanstore.com\/fr\/"},{"@type":"ListItem","position":2,"name":"UPS interactif 1200 VA"}]},{"@type":"WebSite","@id":"https:\/\/redsanstore.com\/#website","url":"https:\/\/redsanstore.com\/","name":"Redsan Store","description":"Redres\u00f6r - Reg\u00fclat\u00f6r - UPS - Ak\u00fc","publisher":{"@id":"https:\/\/redsanstore.com\/#organization"},"alternateName":"Redres\u00f6r ve Kesintisiz G\u00fc\u00e7 Kayna\u011f\u0131 Ups","potentialAction":[{"@type":"SearchAction","target":{"@type":"EntryPoint","urlTemplate":"https:\/\/redsanstore.com\/?s={search_term_string}"},"query-input":{"@type":"PropertyValueSpecification","valueRequired":true,"valueName":"search_term_string"}}],"inLanguage":"fr-FR"},{"@type":"Organization","@id":"https:\/\/redsanstore.com\/#organization","name":"Redsan Store","alternateName":"Redres\u00f6r ve Kesintisiz G\u00fc\u00e7 Kayna\u011f\u0131 Ups","url":"https:\/\/redsanstore.com\/","logo":{"@type":"ImageObject","inLanguage":"fr-FR","@id":"https:\/\/redsanstore.com\/#\/schema\/logo\/image\/","url":"https:\/\/redsanstore.com\/wp-content\/uploads\/2024\/06\/redresor-ups-site-gorseli.jpg","contentUrl":"https:\/\/redsanstore.com\/wp-content\/uploads\/2024\/06\/redresor-ups-site-gorseli.jpg","width":1200,"height":675,"caption":"Redsan Store"},"image":{"@id":"https:\/\/redsanstore.com\/#\/schema\/logo\/image\/"},"sameAs":["https:\/\/www.facebook.com\/redsanelektronik","https:\/\/www.instagram.com\/redsanelektronik\/","https:\/\/www.linkedin.com\/company\/redsan-elektronik\/"]}]}},"_links":{"self":[{"href":"https:\/\/redsanstore.com\/fr\/wp-json\/wp\/v2\/pages\/100346","targetHints":{"allow":["GET"]}}],"collection":[{"href":"https:\/\/redsanstore.com\/fr\/wp-json\/wp\/v2\/pages"}],"about":[{"href":"https:\/\/redsanstore.com\/fr\/wp-json\/wp\/v2\/types\/page"}],"author":[{"embeddable":true,"href":"https:\/\/redsanstore.com\/fr\/wp-json\/wp\/v2\/users\/1"}],"replies":[{"embeddable":true,"href":"https:\/\/redsanstore.com\/fr\/wp-json\/wp\/v2\/comments?post=100346"}],"version-history":[{"count":1,"href":"https:\/\/redsanstore.com\/fr\/wp-json\/wp\/v2\/pages\/100346\/revisions"}],"predecessor-version":[{"id":100348,"href":"https:\/\/redsanstore.com\/fr\/wp-json\/wp\/v2\/pages\/100346\/revisions\/100348"}],"wp:attachment":[{"href":"https:\/\/redsanstore.com\/fr\/wp-json\/wp\/v2\/media?parent=100346"}],"curies":[{"name":"wp","href":"https:\/\/api.w.org\/{rel}","templated":true}]}}