{"id":94528,"date":"2024-10-02T09:43:08","date_gmt":"2024-10-02T06:43:08","guid":{"rendered":"https:\/\/redsanstore.com\/?post_type=product&#038;p=94528"},"modified":"2026-04-27T13:34:10","modified_gmt":"2026-04-27T10:34:10","slug":"220-24v-cc-26-ahr-10a-rectificador-convertidor-de-voltaje-2","status":"publish","type":"product","link":"https:\/\/redsanstore.com\/es\/urun\/220-24v-cc-26-ahr-10a-rectificador-convertidor-de-voltaje-2\/","title":{"rendered":"220-24V CC-26 Ahr 10A RECTIFICADOR (Convertidor de Voltaje)"},"content":{"rendered":"<table border=\"0\" width=\"710\" cellspacing=\"0\" cellpadding=\"0\">\n<colgroup>\n<col span=\"10\" width=\"71\" \/><\/colgroup>\n<tbody>\n<tr>\n<td class=\"xl65\" colspan=\"5\" width=\"355\" height=\"20\">Voltaje Nominal<\/td>\n<td class=\"xl65\" colspan=\"5\" width=\"355\">230V AC ( \u00b120% )<\/td>\n<\/tr>\n<tr>\n<td class=\"xl65\" colspan=\"5\" height=\"20\">Frecuencia<\/td>\n<td class=\"xl65\" colspan=\"5\">50 Hz (\u00b15%)<\/td>\n<\/tr>\n<tr>\n<td class=\"xl65\" colspan=\"5\" height=\"20\">Potencia de entrada<\/td>\n<td class=\"xl65\" colspan=\"5\">500 VA<\/td>\n<\/tr>\n<tr>\n<td class=\"xl65\" colspan=\"5\" height=\"20\">Factor de potencia<\/td>\n<td class=\"xl65\" colspan=\"5\">&gt; 0.8<\/td>\n<\/tr>\n<tr>\n<td class=\"xl65\" colspan=\"5\" height=\"20\">Tensi\u00f3n de salida<\/td>\n<td class=\"xl65\" colspan=\"5\">26,5 VDC<\/td>\n<\/tr>\n<tr>\n<td class=\"xl65\" colspan=\"5\" height=\"20\">Tensi\u00f3n ajustable<\/td>\n<td class=\"xl65\" colspan=\"5\">20-30V CC (En pasos de 1V)<\/td>\n<\/tr>\n<tr>\n<td class=\"xl65\" colspan=\"5\" height=\"20\">Corriente de salida<\/td>\n<td class=\"xl68\" colspan=\"5\">10A<\/td>\n<\/tr>\n<tr>\n<td class=\"xl65\" colspan=\"5\" height=\"20\">Corriente de salida ajustable<\/td>\n<td class=\"xl65\" colspan=\"5\">1-10A<\/td>\n<\/tr>\n<tr>\n<td class=\"xl65\" colspan=\"5\" height=\"20\">Potencia de salida<\/td>\n<td class=\"xl65\" colspan=\"5\">300 W (m\u00e1x.)<\/td>\n<\/tr>\n<tr>\n<td class=\"xl65\" colspan=\"5\" height=\"20\">Tecnolog\u00eda de control de potencia<\/td>\n<td class=\"xl65\" colspan=\"5\">Rectificador controlado por tiristores con transformador de aislamiento<\/td>\n<\/tr>\n<tr>\n<td class=\"xl65\" colspan=\"5\" height=\"20\">Rendimiento<\/td>\n<td class=\"xl65\" colspan=\"5\">\u02c3%75<\/td>\n<\/tr>\n<tr>\n<td class=\"xl65\" colspan=\"5\" height=\"20\">Enfriamiento<\/td>\n<td class=\"xl65\" colspan=\"5\">AL. BA\u00d1ERA DE HIDROMASAJE<\/td>\n<\/tr>\n<tr>\n<td class=\"xl65\" colspan=\"5\" height=\"20\">Aislamiento<\/td>\n<td class=\"xl65\" colspan=\"5\">2kV\/1 min.(Entrada-Salida, Entrada-Cuerpo, Entrada-Cuerpo, Salida-Cuerpo)<\/td>\n<\/tr>\n<tr>\n<td class=\"xl65\" colspan=\"5\" height=\"20\">Grupo de bater\u00edas<\/td>\n<td class=\"xl65\" colspan=\"5\">26Ahr<\/td>\n<\/tr>\n<tr>\n<td class=\"xl69\" colspan=\"5\" width=\"355\" height=\"59\">Par\u00e1metros que se pueden controlar en la pantalla principal<\/td>\n<td class=\"xl72\" colspan=\"5\" width=\"355\">Tensi\u00f3n y corriente de salida<br \/>\nFuga de CC m\u00e1s y menos<br \/>\nSobrecarga<\/td>\n<\/tr>\n<\/tbody>\n<\/table>\n","protected":false},"excerpt":{"rendered":"<p>Voltaje Nominal 230V AC ( \u00b120% ) Frecuencia 50 Hz (\u00b15%) Potencia de entrada 500 VA Factor de potencia &gt;<\/p>\n","protected":false},"featured_media":95111,"comment_status":"open","ping_status":"closed","template":"","meta":[],"product_brand":[],"product_cat":[451],"product_tag":[],"class_list":{"0":"post-94528","1":"product","2":"type-product","3":"status-publish","4":"has-post-thumbnail","6":"product_cat-24-vdc-es","8":"first","9":"instock","10":"taxable","11":"shipping-taxable","12":"purchasable","13":"product-type-simple"},"yoast_head":"<!-- This site is optimized with the Yoast SEO Premium plugin v25.8 (Yoast SEO v25.9) - https:\/\/yoast.com\/wordpress\/plugins\/seo\/ -->\n<title>- Redsan Store<\/title>\n<meta name=\"robots\" content=\"index, follow, max-snippet:-1, max-image-preview:large, max-video-preview:-1\" \/>\n<link rel=\"canonical\" href=\"https:\/\/redsanstore.com\/es\/urun\/220-24v-cc-26-ahr-10a-rectificador-convertidor-de-voltaje-2\/\" \/>\n<meta property=\"og:locale\" content=\"es_ES\" \/>\n<meta property=\"og:type\" content=\"article\" \/>\n<meta property=\"og:title\" content=\"220-24V CC-26 Ahr 10A RECTIFICADOR (Convertidor de Voltaje)\" \/>\n<meta property=\"og:description\" content=\"Voltaje Nominal 230V AC ( \u00b120% ) Frecuencia 50 Hz (\u00b15%) Potencia de entrada 500 VA Factor de potencia &gt;\" \/>\n<meta property=\"og:url\" content=\"https:\/\/redsanstore.com\/es\/urun\/220-24v-cc-26-ahr-10a-rectificador-convertidor-de-voltaje-2\/\" \/>\n<meta property=\"og:site_name\" content=\"Redsan Store\" \/>\n<meta property=\"article:publisher\" content=\"https:\/\/www.facebook.com\/redsanelektronik\" \/>\n<meta property=\"article:modified_time\" content=\"2026-04-27T10:34:10+00:00\" \/>\n<meta property=\"og:image\" content=\"https:\/\/redsanstore.com\/wp-content\/uploads\/2024\/10\/220-24V-DC-26-Ahr-20A-REDRESOR-on.jpg\" \/>\n\t<meta property=\"og:image:width\" content=\"1200\" \/>\n\t<meta property=\"og:image:height\" content=\"1200\" \/>\n\t<meta property=\"og:image:type\" content=\"image\/jpeg\" \/>\n<meta name=\"twitter:card\" content=\"summary_large_image\" \/>\n<meta name=\"twitter:label1\" content=\"Tiempo de lectura\" \/>\n\t<meta name=\"twitter:data1\" content=\"1 minuto\" \/>\n<script type=\"application\/ld+json\" class=\"yoast-schema-graph\">{\"@context\":\"https:\/\/schema.org\",\"@graph\":[{\"@type\":\"WebPage\",\"@id\":\"https:\/\/redsanstore.com\/es\/urun\/220-24v-cc-26-ahr-10a-rectificador-convertidor-de-voltaje-2\/\",\"url\":\"https:\/\/redsanstore.com\/es\/urun\/220-24v-cc-26-ahr-10a-rectificador-convertidor-de-voltaje-2\/\",\"name\":\"- Redsan Store\",\"isPartOf\":{\"@id\":\"https:\/\/redsanstore.com\/#website\"},\"primaryImageOfPage\":{\"@id\":\"https:\/\/redsanstore.com\/es\/urun\/220-24v-cc-26-ahr-10a-rectificador-convertidor-de-voltaje-2\/#primaryimage\"},\"image\":{\"@id\":\"https:\/\/redsanstore.com\/es\/urun\/220-24v-cc-26-ahr-10a-rectificador-convertidor-de-voltaje-2\/#primaryimage\"},\"thumbnailUrl\":\"https:\/\/redsanstore.com\/wp-content\/uploads\/2024\/10\/220-24V-DC-26-Ahr-20A-REDRESOR-on.jpg\",\"datePublished\":\"2024-10-02T06:43:08+00:00\",\"dateModified\":\"2026-04-27T10:34:10+00:00\",\"breadcrumb\":{\"@id\":\"https:\/\/redsanstore.com\/es\/urun\/220-24v-cc-26-ahr-10a-rectificador-convertidor-de-voltaje-2\/#breadcrumb\"},\"inLanguage\":\"es\",\"potentialAction\":[{\"@type\":\"ReadAction\",\"target\":[\"https:\/\/redsanstore.com\/es\/urun\/220-24v-cc-26-ahr-10a-rectificador-convertidor-de-voltaje-2\/\"]}]},{\"@type\":\"ImageObject\",\"inLanguage\":\"es\",\"@id\":\"https:\/\/redsanstore.com\/es\/urun\/220-24v-cc-26-ahr-10a-rectificador-convertidor-de-voltaje-2\/#primaryimage\",\"url\":\"https:\/\/redsanstore.com\/wp-content\/uploads\/2024\/10\/220-24V-DC-26-Ahr-20A-REDRESOR-on.jpg\",\"contentUrl\":\"https:\/\/redsanstore.com\/wp-content\/uploads\/2024\/10\/220-24V-DC-26-Ahr-20A-REDRESOR-on.jpg\",\"width\":1200,\"height\":1200},{\"@type\":\"BreadcrumbList\",\"@id\":\"https:\/\/redsanstore.com\/es\/urun\/220-24v-cc-26-ahr-10a-rectificador-convertidor-de-voltaje-2\/#breadcrumb\",\"itemListElement\":[{\"@type\":\"ListItem\",\"position\":1,\"name\":\"Anasayfa\",\"item\":\"https:\/\/redsanstore.com\/fr\/\"},{\"@type\":\"ListItem\",\"position\":2,\"name\":\"Tienda\",\"item\":\"https:\/\/redsanstore.com\/es\/tienda\/\"},{\"@type\":\"ListItem\",\"position\":3,\"name\":\"220-24V CC-26 Ahr 10A RECTIFICADOR (Convertidor de Voltaje)\"}]},{\"@type\":\"WebSite\",\"@id\":\"https:\/\/redsanstore.com\/#website\",\"url\":\"https:\/\/redsanstore.com\/\",\"name\":\"Redsan Store\",\"description\":\"Redres\u00f6r - Reg\u00fclat\u00f6r - UPS - Ak\u00fc\",\"publisher\":{\"@id\":\"https:\/\/redsanstore.com\/#organization\"},\"alternateName\":\"Redres\u00f6r ve Kesintisiz G\u00fc\u00e7 Kayna\u011f\u0131 Ups\",\"potentialAction\":[{\"@type\":\"SearchAction\",\"target\":{\"@type\":\"EntryPoint\",\"urlTemplate\":\"https:\/\/redsanstore.com\/?s={search_term_string}\"},\"query-input\":{\"@type\":\"PropertyValueSpecification\",\"valueRequired\":true,\"valueName\":\"search_term_string\"}}],\"inLanguage\":\"es\"},{\"@type\":\"Organization\",\"@id\":\"https:\/\/redsanstore.com\/#organization\",\"name\":\"Redsan Store\",\"alternateName\":\"Redres\u00f6r ve Kesintisiz G\u00fc\u00e7 Kayna\u011f\u0131 Ups\",\"url\":\"https:\/\/redsanstore.com\/\",\"logo\":{\"@type\":\"ImageObject\",\"inLanguage\":\"es\",\"@id\":\"https:\/\/redsanstore.com\/#\/schema\/logo\/image\/\",\"url\":\"https:\/\/redsanstore.com\/wp-content\/uploads\/2024\/06\/redresor-ups-site-gorseli.jpg\",\"contentUrl\":\"https:\/\/redsanstore.com\/wp-content\/uploads\/2024\/06\/redresor-ups-site-gorseli.jpg\",\"width\":1200,\"height\":675,\"caption\":\"Redsan Store\"},\"image\":{\"@id\":\"https:\/\/redsanstore.com\/#\/schema\/logo\/image\/\"},\"sameAs\":[\"https:\/\/www.facebook.com\/redsanelektronik\",\"https:\/\/www.instagram.com\/redsanelektronik\/\",\"https:\/\/www.linkedin.com\/company\/redsan-elektronik\/\"]}]}<\/script>\n<!-- \/ Yoast SEO Premium plugin. -->","yoast_head_json":{"title":"- Redsan Store","robots":{"index":"index","follow":"follow","max-snippet":"max-snippet:-1","max-image-preview":"max-image-preview:large","max-video-preview":"max-video-preview:-1"},"canonical":"https:\/\/redsanstore.com\/es\/urun\/220-24v-cc-26-ahr-10a-rectificador-convertidor-de-voltaje-2\/","og_locale":"es_ES","og_type":"article","og_title":"220-24V CC-26 Ahr 10A RECTIFICADOR (Convertidor de Voltaje)","og_description":"Voltaje Nominal 230V AC ( \u00b120% ) Frecuencia 50 Hz (\u00b15%) Potencia de entrada 500 VA Factor de potencia &gt;","og_url":"https:\/\/redsanstore.com\/es\/urun\/220-24v-cc-26-ahr-10a-rectificador-convertidor-de-voltaje-2\/","og_site_name":"Redsan Store","article_publisher":"https:\/\/www.facebook.com\/redsanelektronik","article_modified_time":"2026-04-27T10:34:10+00:00","og_image":[{"width":1200,"height":1200,"url":"https:\/\/redsanstore.com\/wp-content\/uploads\/2024\/10\/220-24V-DC-26-Ahr-20A-REDRESOR-on.jpg","type":"image\/jpeg"}],"twitter_card":"summary_large_image","twitter_misc":{"Tiempo de lectura":"1 minuto"},"schema":{"@context":"https:\/\/schema.org","@graph":[{"@type":"WebPage","@id":"https:\/\/redsanstore.com\/es\/urun\/220-24v-cc-26-ahr-10a-rectificador-convertidor-de-voltaje-2\/","url":"https:\/\/redsanstore.com\/es\/urun\/220-24v-cc-26-ahr-10a-rectificador-convertidor-de-voltaje-2\/","name":"- Redsan Store","isPartOf":{"@id":"https:\/\/redsanstore.com\/#website"},"primaryImageOfPage":{"@id":"https:\/\/redsanstore.com\/es\/urun\/220-24v-cc-26-ahr-10a-rectificador-convertidor-de-voltaje-2\/#primaryimage"},"image":{"@id":"https:\/\/redsanstore.com\/es\/urun\/220-24v-cc-26-ahr-10a-rectificador-convertidor-de-voltaje-2\/#primaryimage"},"thumbnailUrl":"https:\/\/redsanstore.com\/wp-content\/uploads\/2024\/10\/220-24V-DC-26-Ahr-20A-REDRESOR-on.jpg","datePublished":"2024-10-02T06:43:08+00:00","dateModified":"2026-04-27T10:34:10+00:00","breadcrumb":{"@id":"https:\/\/redsanstore.com\/es\/urun\/220-24v-cc-26-ahr-10a-rectificador-convertidor-de-voltaje-2\/#breadcrumb"},"inLanguage":"es","potentialAction":[{"@type":"ReadAction","target":["https:\/\/redsanstore.com\/es\/urun\/220-24v-cc-26-ahr-10a-rectificador-convertidor-de-voltaje-2\/"]}]},{"@type":"ImageObject","inLanguage":"es","@id":"https:\/\/redsanstore.com\/es\/urun\/220-24v-cc-26-ahr-10a-rectificador-convertidor-de-voltaje-2\/#primaryimage","url":"https:\/\/redsanstore.com\/wp-content\/uploads\/2024\/10\/220-24V-DC-26-Ahr-20A-REDRESOR-on.jpg","contentUrl":"https:\/\/redsanstore.com\/wp-content\/uploads\/2024\/10\/220-24V-DC-26-Ahr-20A-REDRESOR-on.jpg","width":1200,"height":1200},{"@type":"BreadcrumbList","@id":"https:\/\/redsanstore.com\/es\/urun\/220-24v-cc-26-ahr-10a-rectificador-convertidor-de-voltaje-2\/#breadcrumb","itemListElement":[{"@type":"ListItem","position":1,"name":"Anasayfa","item":"https:\/\/redsanstore.com\/fr\/"},{"@type":"ListItem","position":2,"name":"Tienda","item":"https:\/\/redsanstore.com\/es\/tienda\/"},{"@type":"ListItem","position":3,"name":"220-24V CC-26 Ahr 10A RECTIFICADOR (Convertidor de Voltaje)"}]},{"@type":"WebSite","@id":"https:\/\/redsanstore.com\/#website","url":"https:\/\/redsanstore.com\/","name":"Redsan Store","description":"Redres\u00f6r - Reg\u00fclat\u00f6r - UPS - Ak\u00fc","publisher":{"@id":"https:\/\/redsanstore.com\/#organization"},"alternateName":"Redres\u00f6r ve Kesintisiz G\u00fc\u00e7 Kayna\u011f\u0131 Ups","potentialAction":[{"@type":"SearchAction","target":{"@type":"EntryPoint","urlTemplate":"https:\/\/redsanstore.com\/?s={search_term_string}"},"query-input":{"@type":"PropertyValueSpecification","valueRequired":true,"valueName":"search_term_string"}}],"inLanguage":"es"},{"@type":"Organization","@id":"https:\/\/redsanstore.com\/#organization","name":"Redsan Store","alternateName":"Redres\u00f6r ve Kesintisiz G\u00fc\u00e7 Kayna\u011f\u0131 Ups","url":"https:\/\/redsanstore.com\/","logo":{"@type":"ImageObject","inLanguage":"es","@id":"https:\/\/redsanstore.com\/#\/schema\/logo\/image\/","url":"https:\/\/redsanstore.com\/wp-content\/uploads\/2024\/06\/redresor-ups-site-gorseli.jpg","contentUrl":"https:\/\/redsanstore.com\/wp-content\/uploads\/2024\/06\/redresor-ups-site-gorseli.jpg","width":1200,"height":675,"caption":"Redsan Store"},"image":{"@id":"https:\/\/redsanstore.com\/#\/schema\/logo\/image\/"},"sameAs":["https:\/\/www.facebook.com\/redsanelektronik","https:\/\/www.instagram.com\/redsanelektronik\/","https:\/\/www.linkedin.com\/company\/redsan-elektronik\/"]}]}},"_links":{"self":[{"href":"https:\/\/redsanstore.com\/es\/wp-json\/wp\/v2\/product\/94528","targetHints":{"allow":["GET"]}}],"collection":[{"href":"https:\/\/redsanstore.com\/es\/wp-json\/wp\/v2\/product"}],"about":[{"href":"https:\/\/redsanstore.com\/es\/wp-json\/wp\/v2\/types\/product"}],"replies":[{"embeddable":true,"href":"https:\/\/redsanstore.com\/es\/wp-json\/wp\/v2\/comments?post=94528"}],"version-history":[{"count":2,"href":"https:\/\/redsanstore.com\/es\/wp-json\/wp\/v2\/product\/94528\/revisions"}],"predecessor-version":[{"id":101711,"href":"https:\/\/redsanstore.com\/es\/wp-json\/wp\/v2\/product\/94528\/revisions\/101711"}],"wp:featuredmedia":[{"embeddable":true,"href":"https:\/\/redsanstore.com\/es\/wp-json\/wp\/v2\/media\/95111"}],"wp:attachment":[{"href":"https:\/\/redsanstore.com\/es\/wp-json\/wp\/v2\/media?parent=94528"}],"wp:term":[{"taxonomy":"product_brand","embeddable":true,"href":"https:\/\/redsanstore.com\/es\/wp-json\/wp\/v2\/product_brand?post=94528"},{"taxonomy":"product_cat","embeddable":true,"href":"https:\/\/redsanstore.com\/es\/wp-json\/wp\/v2\/product_cat?post=94528"},{"taxonomy":"product_tag","embeddable":true,"href":"https:\/\/redsanstore.com\/es\/wp-json\/wp\/v2\/product_tag?post=94528"}],"curies":[{"name":"wp","href":"https:\/\/api.w.org\/{rel}","templated":true}]}}