{"id":85820,"date":"2022-09-16T16:13:27","date_gmt":"2022-09-16T13:13:27","guid":{"rendered":"https:\/\/redsanstore.com\/urun\/220-24v-dc40-150-ahr\/"},"modified":"2026-02-27T15:13:49","modified_gmt":"2026-02-27T12:13:49","slug":"220-24v-cc40-150-ahr-25-a-rectificador-convertidor-de-voltaje","status":"publish","type":"product","link":"https:\/\/redsanstore.com\/es\/urun\/220-24v-cc40-150-ahr-25-a-rectificador-convertidor-de-voltaje\/","title":{"rendered":"220-24V DC(40-150 Ahr) 25 A REDRESSOR"},"content":{"rendered":"\t\t<div data-elementor-type=\"product-post\" data-elementor-id=\"85820\" class=\"elementor elementor-85820 elementor-83382\" data-elementor-post-type=\"product\">\n\t\t\t\t\t\t<section class=\"wd-negative-gap elementor-section elementor-top-section elementor-element elementor-element-1434384d elementor-section-boxed elementor-section-height-default elementor-section-height-default\" data-id=\"1434384d\" data-element_type=\"section\" data-settings=\"{&quot;jet_parallax_layout_list&quot;:[{&quot;jet_parallax_layout_image&quot;:{&quot;url&quot;:&quot;&quot;,&quot;id&quot;:&quot;&quot;,&quot;size&quot;:&quot;&quot;},&quot;_id&quot;:&quot;effb21a&quot;,&quot;jet_parallax_layout_image_tablet&quot;:{&quot;url&quot;:&quot;&quot;,&quot;id&quot;:&quot;&quot;,&quot;size&quot;:&quot;&quot;},&quot;jet_parallax_layout_image_mobile&quot;:{&quot;url&quot;:&quot;&quot;,&quot;id&quot;:&quot;&quot;,&quot;size&quot;:&quot;&quot;},&quot;jet_parallax_layout_speed&quot;:{&quot;unit&quot;:&quot;%&quot;,&quot;size&quot;:50,&quot;sizes&quot;:[]},&quot;jet_parallax_layout_type&quot;:&quot;scroll&quot;,&quot;jet_parallax_layout_direction&quot;:&quot;1&quot;,&quot;jet_parallax_layout_fx_direction&quot;:null,&quot;jet_parallax_layout_z_index&quot;:&quot;&quot;,&quot;jet_parallax_layout_bg_x&quot;:50,&quot;jet_parallax_layout_bg_x_tablet&quot;:&quot;&quot;,&quot;jet_parallax_layout_bg_x_mobile&quot;:&quot;&quot;,&quot;jet_parallax_layout_bg_y&quot;:50,&quot;jet_parallax_layout_bg_y_tablet&quot;:&quot;&quot;,&quot;jet_parallax_layout_bg_y_mobile&quot;:&quot;&quot;,&quot;jet_parallax_layout_bg_size&quot;:&quot;auto&quot;,&quot;jet_parallax_layout_bg_size_tablet&quot;:&quot;&quot;,&quot;jet_parallax_layout_bg_size_mobile&quot;:&quot;&quot;,&quot;jet_parallax_layout_animation_prop&quot;:&quot;transform&quot;,&quot;jet_parallax_layout_on&quot;:[&quot;desktop&quot;,&quot;tablet&quot;]}]}\">\n\t\t\t\t\t\t<div class=\"elementor-container elementor-column-gap-default\">\n\t\t\t\t\t<div class=\"elementor-column elementor-col-100 elementor-top-column elementor-element elementor-element-5e22b9fb\" data-id=\"5e22b9fb\" data-element_type=\"column\">\n\t\t\t<div class=\"elementor-widget-wrap elementor-element-populated\">\n\t\t\t\t\t\t<div class=\"elementor-element elementor-element-9213c62 elementor-widget elementor-widget-wd_text_block\" data-id=\"9213c62\" data-element_type=\"widget\" data-widget_type=\"wd_text_block.default\">\n\t\t\t\t<div class=\"elementor-widget-container\">\n\t\t\t\t\t\t\t<div class=\"wd-text-block reset-last-child text-left\">\n\t\t\t\n\t\t\t<p>. El producto ser\u00e1 enviado dentro de 1-3 d\u00edas h\u00e1biles editor de texto<\/p><h2 style=\"color: #8b2533;\"><strong>Presentaci\u00f3n general<\/strong><\/h2><p>220-24 V CC (40-150 Ahr) 25 A Rectificador; 220 V CA red tensi\u00f3n 24 V CC fija y regulada convertida salida convirtiendo tanto la carga alimentaci\u00f3n como la bater\u00eda carga funci\u00f3n en un solo dispositivo profesional una potente soluci\u00f3n. 40 Ahr con 150 Ahr entre bater\u00edas grupos con compatibles que pueden funcionar este modelo, energ\u00eda cortes contra sistemas de forma segura de manera continuar funcionando garantiza que. <\/p><p>Dise\u00f1ado para instalaciones industriales, sistemas de seguridad, infraestructura de telecomunicaciones y paneles de automatizaci\u00f3n, este rectificador se destaca por su alta eficiencia, salida estable y caracter\u00edsticas de protecci\u00f3n avanzadas.<\/p><h2 style=\"color: #8b2533;\"><strong>T\u00e9cnico Caracter\u00edsticas<\/strong><\/h2><ul><li><strong>Tensi\u00f3n de entrada:<\/strong> 220 V CA<\/li><li><strong>Tensi\u00f3n de salida:<\/strong> 24 V CC (regulada)<\/li><li><strong>Corriente de salida:<\/strong> 25 A<\/li><li><strong>Bater\u00eda Compatibilidad:<\/strong> 40 Ahr \u2013 150 Ahr<\/li><li><strong>Sistema de carga:<\/strong> Control inteligente y autom\u00e1tico de la carga de la bater\u00eda.<\/li><li><strong>Sistemas de protecci\u00f3n:<\/strong> Protecci\u00f3n contra sobrecorriente, cortocircuito, polaridad inversa y sobrecalentamiento.<\/li><li><strong>Refrigeraci\u00f3n:<\/strong> Sistema inteligente con control de ventilador<\/li><li><strong>Indicador:<\/strong> Indicadores LED de estado y aver\u00eda<\/li><\/ul><h2 style=\"color: #8b2533;\"><strong>Bater\u00eda Con Energ\u00eda Continuidad<\/strong><\/h2><p>Este modelo de rectificador carga autom\u00e1ticamente el grupo de bater\u00edas conectado y, en caso de corte de suministro el\u00e9ctrico, contin\u00faa alimentando la carga a trav\u00e9s de las bater\u00edas. De este modo, los sistemas de alarma, la iluminaci\u00f3n de emergencia, los dispositivos de telecomunicaciones y los paneles de control funcionan sin interrupciones. <\/p><p>Gracias al algoritmo de carga inteligente, se prolonga la vida \u00fatil de las bater\u00edas. Las funciones de protecci\u00f3n contra sobrecarga y descarga profunda garantizan un uso seguro y duradero. <\/p><h2 style=\"color: #8b2533;\"><strong>Uso industrial y profesional<\/strong><\/h2><p>Rectificador de 220-24 V CC y 25 A; una fuente de alimentaci\u00f3n de CC fiable para f\u00e1bricas, l\u00edneas de producci\u00f3n, sistemas de automatizaci\u00f3n e infraestructuras de seguridad. Gracias a su bajo \u00edndice de ondulaci\u00f3n, garantiza el funcionamiento estable de los dispositivos electr\u00f3nicos sensibles. <\/p><p>Gracias a su estructura met\u00e1lica resistente y su avanzado dise\u00f1o de circuitos internos, ofrece un rendimiento duradero en condiciones de trabajo intensas.<\/p><h2 style=\"color: #8b2533;\"><strong>\u00c1reas de uso<\/strong><\/h2><ul><li>Telecomunicaciones sistemas<\/li><li>Sistemas de alarma y seguridad<\/li><li>Sistemas de iluminaci\u00f3n de emergencia<\/li><li>Industrial automatizaci\u00f3n paneles<\/li><li>Motores de corriente continua y sistemas de control<\/li><li>Soluciones de respaldo energ\u00e9tico<\/li><\/ul><h2 style=\"color: #8b2533;\"><strong>Caracter\u00edsticas de seguridad y protecci\u00f3n<\/strong><\/h2><p>El dispositivo protege tanto al rectificador como a los equipos conectados mediante la activaci\u00f3n autom\u00e1tica de la protecci\u00f3n en caso de sobrecarga o cortocircuito. El sistema de ventilaci\u00f3n inteligente mantiene la temperatura interna bajo control, lo que garantiza un entorno de trabajo seguro. <\/p><p>Gracias a la salida regulada de 24 V CC, se minimizan las fluctuaciones y se mantiene el rendimiento de los dispositivos conectados.<\/p><h2 style=\"color: #8b2533;\"><strong>\u00bfPor qu\u00e9 deber\u00eda elegir un rectificador de 220-24 V CC (40-150 Ahr) 25 A?<\/strong><\/h2><p>Este modelo, que ofrece tanto la funci\u00f3n de alimentaci\u00f3n de carga como la de carga de bater\u00eda en un solo dispositivo, es la soluci\u00f3n ideal para aplicaciones que requieren continuidad energ\u00e9tica. Gracias a su capacidad de salida de 25 A y su amplia compatibilidad con bater\u00edas, ofrece una gran flexibilidad de uso en diferentes proyectos. <\/p><p>Los potentes sistemas de protecci\u00f3n, junto con su salida estable y su estructura resistente, crean una infraestructura de alimentaci\u00f3n de CC fiable y duradera para las empresas.<\/p>\n\t\t\t\t\t<\/div>\n\t\t\t\t\t\t<\/div>\n\t\t\t\t<\/div>\n\t\t\t\t\t<\/div>\n\t\t<\/div>\n\t\t\t\t\t<\/div>\n\t\t<\/section>\n\t\t\t\t<\/div>\n\t\t","protected":false},"excerpt":{"rendered":"<p><a href=\"https:\/\/redsanstore.com\/wp-content\/uploads\/2022\/09\/Varlik-1.png\"><img decoding=\"async\" class=\"wp-image-93650 alignnone\" src=\"https:\/\/redsanstore.com\/wp-content\/uploads\/2022\/09\/Varlik-1.png\" alt=\"\" width=\"209\" height=\"37\" srcset=\"https:\/\/redsanstore.com\/wp-content\/uploads\/2022\/09\/Varlik-1.png 361w, https:\/\/redsanstore.com\/wp-content\/uploads\/2022\/09\/Varlik-1-300x53.png 300w, https:\/\/redsanstore.com\/wp-content\/uploads\/2022\/09\/Varlik-1-150x27.png 150w\" sizes=\"(max-width: 209px) 100vw, 209px\" \/><\/a><\/p>\n<div class=\"woocommerce-product-details__short-description\">\n<p>El producto se enviar\u00e1 en un plazo de 1 a 3 d\u00edas laborables.<\/p>\n<\/div>\n","protected":false},"featured_media":95202,"comment_status":"open","ping_status":"closed","template":"","meta":[],"product_brand":[],"product_cat":[451],"product_tag":[],"class_list":{"0":"post-85820","1":"product","2":"type-product","3":"status-publish","4":"has-post-thumbnail","6":"product_cat-24-vdc-es","8":"first","9":"instock","10":"taxable","11":"shipping-taxable","12":"purchasable","13":"product-type-variable","14":"has-default-attributes"},"yoast_head":"<!-- This site is optimized with the Yoast SEO Premium plugin v25.8 (Yoast SEO v25.9) - https:\/\/yoast.com\/wordpress\/plugins\/seo\/ -->\n<title>- Redsan Store<\/title>\n<meta name=\"robots\" content=\"index, follow, max-snippet:-1, max-image-preview:large, max-video-preview:-1\" \/>\n<link rel=\"canonical\" href=\"https:\/\/redsanstore.com\/es\/urun\/220-24v-cc40-150-ahr-25-a-rectificador-convertidor-de-voltaje\/\" \/>\n<meta property=\"og:locale\" content=\"es_ES\" \/>\n<meta property=\"og:type\" content=\"article\" \/>\n<meta property=\"og:title\" content=\"220-24V DC(40-150 Ahr) 25 A REDRESSOR\" \/>\n<meta property=\"og:description\" content=\"El producto se enviar\u00e1 en un plazo de 1 a 3 d\u00edas laborables.\" \/>\n<meta property=\"og:url\" content=\"https:\/\/redsanstore.com\/es\/urun\/220-24v-cc40-150-ahr-25-a-rectificador-convertidor-de-voltaje\/\" \/>\n<meta property=\"og:site_name\" content=\"Redsan Store\" \/>\n<meta property=\"article:publisher\" content=\"https:\/\/www.facebook.com\/redsanelektronik\" \/>\n<meta property=\"article:modified_time\" content=\"2026-02-27T12:13:49+00:00\" \/>\n<meta property=\"og:image\" content=\"https:\/\/redsanstore.com\/wp-content\/uploads\/2022\/09\/220-24V-DC40-150-Ahr-25-A-REDRESOR-on.jpg\" \/>\n\t<meta property=\"og:image:width\" content=\"1200\" \/>\n\t<meta property=\"og:image:height\" content=\"1200\" \/>\n\t<meta property=\"og:image:type\" content=\"image\/jpeg\" \/>\n<meta name=\"twitter:card\" content=\"summary_large_image\" \/>\n<meta name=\"twitter:label1\" content=\"Est. reading time\" \/>\n\t<meta name=\"twitter:data1\" content=\"1 minuto\" \/>\n<script type=\"application\/ld+json\" class=\"yoast-schema-graph\">{\"@context\":\"https:\/\/schema.org\",\"@graph\":[{\"@type\":\"WebPage\",\"@id\":\"https:\/\/redsanstore.com\/es\/urun\/220-24v-cc40-150-ahr-25-a-rectificador-convertidor-de-voltaje\/\",\"url\":\"https:\/\/redsanstore.com\/es\/urun\/220-24v-cc40-150-ahr-25-a-rectificador-convertidor-de-voltaje\/\",\"name\":\"- Redsan Store\",\"isPartOf\":{\"@id\":\"https:\/\/redsanstore.com\/#website\"},\"primaryImageOfPage\":{\"@id\":\"https:\/\/redsanstore.com\/es\/urun\/220-24v-cc40-150-ahr-25-a-rectificador-convertidor-de-voltaje\/#primaryimage\"},\"image\":{\"@id\":\"https:\/\/redsanstore.com\/es\/urun\/220-24v-cc40-150-ahr-25-a-rectificador-convertidor-de-voltaje\/#primaryimage\"},\"thumbnailUrl\":\"https:\/\/redsanstore.com\/wp-content\/uploads\/2022\/09\/220-24V-DC40-150-Ahr-25-A-REDRESOR-on.jpg\",\"datePublished\":\"2022-09-16T13:13:27+00:00\",\"dateModified\":\"2026-02-27T12:13:49+00:00\",\"breadcrumb\":{\"@id\":\"https:\/\/redsanstore.com\/es\/urun\/220-24v-cc40-150-ahr-25-a-rectificador-convertidor-de-voltaje\/#breadcrumb\"},\"inLanguage\":\"es\",\"potentialAction\":[{\"@type\":\"ReadAction\",\"target\":[\"https:\/\/redsanstore.com\/es\/urun\/220-24v-cc40-150-ahr-25-a-rectificador-convertidor-de-voltaje\/\"]}]},{\"@type\":\"ImageObject\",\"inLanguage\":\"es\",\"@id\":\"https:\/\/redsanstore.com\/es\/urun\/220-24v-cc40-150-ahr-25-a-rectificador-convertidor-de-voltaje\/#primaryimage\",\"url\":\"https:\/\/redsanstore.com\/wp-content\/uploads\/2022\/09\/220-24V-DC40-150-Ahr-25-A-REDRESOR-on.jpg\",\"contentUrl\":\"https:\/\/redsanstore.com\/wp-content\/uploads\/2022\/09\/220-24V-DC40-150-Ahr-25-A-REDRESOR-on.jpg\",\"width\":1200,\"height\":1200},{\"@type\":\"BreadcrumbList\",\"@id\":\"https:\/\/redsanstore.com\/es\/urun\/220-24v-cc40-150-ahr-25-a-rectificador-convertidor-de-voltaje\/#breadcrumb\",\"itemListElement\":[{\"@type\":\"ListItem\",\"position\":1,\"name\":\"Anasayfa\",\"item\":\"https:\/\/redsanstore.com\/fr\/\"},{\"@type\":\"ListItem\",\"position\":2,\"name\":\"Tienda\",\"item\":\"https:\/\/redsanstore.com\/es\/tienda\/\"},{\"@type\":\"ListItem\",\"position\":3,\"name\":\"220-24V DC(40-150 Ahr) 25 A REDRESSOR\"}]},{\"@type\":\"WebSite\",\"@id\":\"https:\/\/redsanstore.com\/#website\",\"url\":\"https:\/\/redsanstore.com\/\",\"name\":\"Redsan Store\",\"description\":\"Redres\u00f6r - Reg\u00fclat\u00f6r - UPS - Ak\u00fc\",\"publisher\":{\"@id\":\"https:\/\/redsanstore.com\/#organization\"},\"alternateName\":\"Redres\u00f6r ve Kesintisiz G\u00fc\u00e7 Kayna\u011f\u0131 Ups\",\"potentialAction\":[{\"@type\":\"SearchAction\",\"target\":{\"@type\":\"EntryPoint\",\"urlTemplate\":\"https:\/\/redsanstore.com\/?s={search_term_string}\"},\"query-input\":{\"@type\":\"PropertyValueSpecification\",\"valueRequired\":true,\"valueName\":\"search_term_string\"}}],\"inLanguage\":\"es\"},{\"@type\":\"Organization\",\"@id\":\"https:\/\/redsanstore.com\/#organization\",\"name\":\"Redsan Store\",\"alternateName\":\"Redres\u00f6r ve Kesintisiz G\u00fc\u00e7 Kayna\u011f\u0131 Ups\",\"url\":\"https:\/\/redsanstore.com\/\",\"logo\":{\"@type\":\"ImageObject\",\"inLanguage\":\"es\",\"@id\":\"https:\/\/redsanstore.com\/#\/schema\/logo\/image\/\",\"url\":\"https:\/\/redsanstore.com\/wp-content\/uploads\/2024\/06\/redresor-ups-site-gorseli.jpg\",\"contentUrl\":\"https:\/\/redsanstore.com\/wp-content\/uploads\/2024\/06\/redresor-ups-site-gorseli.jpg\",\"width\":1200,\"height\":675,\"caption\":\"Redsan Store\"},\"image\":{\"@id\":\"https:\/\/redsanstore.com\/#\/schema\/logo\/image\/\"},\"sameAs\":[\"https:\/\/www.facebook.com\/redsanelektronik\",\"https:\/\/www.instagram.com\/redsanelektronik\/\",\"https:\/\/www.linkedin.com\/company\/redsan-elektronik\/\"]}]}<\/script>\n<!-- \/ Yoast SEO Premium plugin. -->","yoast_head_json":{"title":"- Redsan Store","robots":{"index":"index","follow":"follow","max-snippet":"max-snippet:-1","max-image-preview":"max-image-preview:large","max-video-preview":"max-video-preview:-1"},"canonical":"https:\/\/redsanstore.com\/es\/urun\/220-24v-cc40-150-ahr-25-a-rectificador-convertidor-de-voltaje\/","og_locale":"es_ES","og_type":"article","og_title":"220-24V DC(40-150 Ahr) 25 A REDRESSOR","og_description":"El producto se enviar\u00e1 en un plazo de 1 a 3 d\u00edas laborables.","og_url":"https:\/\/redsanstore.com\/es\/urun\/220-24v-cc40-150-ahr-25-a-rectificador-convertidor-de-voltaje\/","og_site_name":"Redsan Store","article_publisher":"https:\/\/www.facebook.com\/redsanelektronik","article_modified_time":"2026-02-27T12:13:49+00:00","og_image":[{"width":1200,"height":1200,"url":"https:\/\/redsanstore.com\/wp-content\/uploads\/2022\/09\/220-24V-DC40-150-Ahr-25-A-REDRESOR-on.jpg","type":"image\/jpeg"}],"twitter_card":"summary_large_image","twitter_misc":{"Est. reading time":"1 minuto"},"schema":{"@context":"https:\/\/schema.org","@graph":[{"@type":"WebPage","@id":"https:\/\/redsanstore.com\/es\/urun\/220-24v-cc40-150-ahr-25-a-rectificador-convertidor-de-voltaje\/","url":"https:\/\/redsanstore.com\/es\/urun\/220-24v-cc40-150-ahr-25-a-rectificador-convertidor-de-voltaje\/","name":"- Redsan Store","isPartOf":{"@id":"https:\/\/redsanstore.com\/#website"},"primaryImageOfPage":{"@id":"https:\/\/redsanstore.com\/es\/urun\/220-24v-cc40-150-ahr-25-a-rectificador-convertidor-de-voltaje\/#primaryimage"},"image":{"@id":"https:\/\/redsanstore.com\/es\/urun\/220-24v-cc40-150-ahr-25-a-rectificador-convertidor-de-voltaje\/#primaryimage"},"thumbnailUrl":"https:\/\/redsanstore.com\/wp-content\/uploads\/2022\/09\/220-24V-DC40-150-Ahr-25-A-REDRESOR-on.jpg","datePublished":"2022-09-16T13:13:27+00:00","dateModified":"2026-02-27T12:13:49+00:00","breadcrumb":{"@id":"https:\/\/redsanstore.com\/es\/urun\/220-24v-cc40-150-ahr-25-a-rectificador-convertidor-de-voltaje\/#breadcrumb"},"inLanguage":"es","potentialAction":[{"@type":"ReadAction","target":["https:\/\/redsanstore.com\/es\/urun\/220-24v-cc40-150-ahr-25-a-rectificador-convertidor-de-voltaje\/"]}]},{"@type":"ImageObject","inLanguage":"es","@id":"https:\/\/redsanstore.com\/es\/urun\/220-24v-cc40-150-ahr-25-a-rectificador-convertidor-de-voltaje\/#primaryimage","url":"https:\/\/redsanstore.com\/wp-content\/uploads\/2022\/09\/220-24V-DC40-150-Ahr-25-A-REDRESOR-on.jpg","contentUrl":"https:\/\/redsanstore.com\/wp-content\/uploads\/2022\/09\/220-24V-DC40-150-Ahr-25-A-REDRESOR-on.jpg","width":1200,"height":1200},{"@type":"BreadcrumbList","@id":"https:\/\/redsanstore.com\/es\/urun\/220-24v-cc40-150-ahr-25-a-rectificador-convertidor-de-voltaje\/#breadcrumb","itemListElement":[{"@type":"ListItem","position":1,"name":"Anasayfa","item":"https:\/\/redsanstore.com\/fr\/"},{"@type":"ListItem","position":2,"name":"Tienda","item":"https:\/\/redsanstore.com\/es\/tienda\/"},{"@type":"ListItem","position":3,"name":"220-24V DC(40-150 Ahr) 25 A REDRESSOR"}]},{"@type":"WebSite","@id":"https:\/\/redsanstore.com\/#website","url":"https:\/\/redsanstore.com\/","name":"Redsan Store","description":"Redres\u00f6r - Reg\u00fclat\u00f6r - UPS - Ak\u00fc","publisher":{"@id":"https:\/\/redsanstore.com\/#organization"},"alternateName":"Redres\u00f6r ve Kesintisiz G\u00fc\u00e7 Kayna\u011f\u0131 Ups","potentialAction":[{"@type":"SearchAction","target":{"@type":"EntryPoint","urlTemplate":"https:\/\/redsanstore.com\/?s={search_term_string}"},"query-input":{"@type":"PropertyValueSpecification","valueRequired":true,"valueName":"search_term_string"}}],"inLanguage":"es"},{"@type":"Organization","@id":"https:\/\/redsanstore.com\/#organization","name":"Redsan Store","alternateName":"Redres\u00f6r ve Kesintisiz G\u00fc\u00e7 Kayna\u011f\u0131 Ups","url":"https:\/\/redsanstore.com\/","logo":{"@type":"ImageObject","inLanguage":"es","@id":"https:\/\/redsanstore.com\/#\/schema\/logo\/image\/","url":"https:\/\/redsanstore.com\/wp-content\/uploads\/2024\/06\/redresor-ups-site-gorseli.jpg","contentUrl":"https:\/\/redsanstore.com\/wp-content\/uploads\/2024\/06\/redresor-ups-site-gorseli.jpg","width":1200,"height":675,"caption":"Redsan Store"},"image":{"@id":"https:\/\/redsanstore.com\/#\/schema\/logo\/image\/"},"sameAs":["https:\/\/www.facebook.com\/redsanelektronik","https:\/\/www.instagram.com\/redsanelektronik\/","https:\/\/www.linkedin.com\/company\/redsan-elektronik\/"]}]}},"_links":{"self":[{"href":"https:\/\/redsanstore.com\/es\/wp-json\/wp\/v2\/product\/85820","targetHints":{"allow":["GET"]}}],"collection":[{"href":"https:\/\/redsanstore.com\/es\/wp-json\/wp\/v2\/product"}],"about":[{"href":"https:\/\/redsanstore.com\/es\/wp-json\/wp\/v2\/types\/product"}],"replies":[{"embeddable":true,"href":"https:\/\/redsanstore.com\/es\/wp-json\/wp\/v2\/comments?post=85820"}],"version-history":[{"count":2,"href":"https:\/\/redsanstore.com\/es\/wp-json\/wp\/v2\/product\/85820\/revisions"}],"predecessor-version":[{"id":101658,"href":"https:\/\/redsanstore.com\/es\/wp-json\/wp\/v2\/product\/85820\/revisions\/101658"}],"wp:featuredmedia":[{"embeddable":true,"href":"https:\/\/redsanstore.com\/es\/wp-json\/wp\/v2\/media\/95202"}],"wp:attachment":[{"href":"https:\/\/redsanstore.com\/es\/wp-json\/wp\/v2\/media?parent=85820"}],"wp:term":[{"taxonomy":"product_brand","embeddable":true,"href":"https:\/\/redsanstore.com\/es\/wp-json\/wp\/v2\/product_brand?post=85820"},{"taxonomy":"product_cat","embeddable":true,"href":"https:\/\/redsanstore.com\/es\/wp-json\/wp\/v2\/product_cat?post=85820"},{"taxonomy":"product_tag","embeddable":true,"href":"https:\/\/redsanstore.com\/es\/wp-json\/wp\/v2\/product_tag?post=85820"}],"curies":[{"name":"wp","href":"https:\/\/api.w.org\/{rel}","templated":true}]}}