{"id":85449,"date":"2022-09-19T17:53:44","date_gmt":"2022-09-19T14:53:44","guid":{"rendered":"https:\/\/redsanstore.com\/urun\/1500-va-line-interactive-ups\/"},"modified":"2026-02-27T12:14:33","modified_gmt":"2026-02-27T09:14:33","slug":"1500-va-ups-linea-interactiva","status":"publish","type":"product","link":"https:\/\/redsanstore.com\/es\/urun\/1500-va-ups-linea-interactiva\/","title":{"rendered":"1500 VA LINE INTERACTIVE UPS"},"content":{"rendered":"\n<table id=\"tablepress-32\" class=\"tablepress tablepress-id-32 tbody-has-connected-cells\">\n<tbody class=\"row-striping row-hover\">\n<tr class=\"row-1\">\n\t<td class=\"column-1\"><a href=\"#\">Katalog \u0130ndir<\/a><\/td><td class=\"column-2\"><\/td>\n<\/tr>\n<tr class=\"row-2\">\n\t<td colspan=\"2\" class=\"column-1\"><strong>1500 VA LINE INTERACTIVE UPS<\/strong><\/td>\n<\/tr>\n<tr class=\"row-3\">\n\t<td class=\"column-1\">Kapasite<\/td><td class=\"column-2\">: 1500 VA 900 W<\/td>\n<\/tr>\n<tr class=\"row-4\">\n\t<td class=\"column-1\"><strong>G\u0130R\u0130\u015e<\/strong><\/td><td class=\"column-2\"><\/td>\n<\/tr>\n<tr class=\"row-5\">\n\t<td class=\"column-1\">Voltaj<\/td><td class=\"column-2\">: 100 \/ 110 \/ 120 V: 80 ~ 150 Vac; 220 \/ 230 \/ 240 V: 162 ~ 295 Vac (145 ~ 295 VAC Opsiyonel)<\/td>\n<\/tr>\n<tr class=\"row-6\">\n\t<td class=\"column-1\">Frekans<\/td><td class=\"column-2\">: 50 \/ 60 Hz \u00b1 10% (otomatik alg\u0131lama)<\/td>\n<\/tr>\n<tr class=\"row-7\">\n\t<td class=\"column-1\"><strong>\u00c7IKI\u015e<\/strong><\/td><td class=\"column-2\"><\/td>\n<\/tr>\n<tr class=\"row-8\">\n\t<td class=\"column-1\">Voltaj<\/td><td class=\"column-2\">: 100 \/ 110 \/ 120 Vac \u00b1 10% or 220 \/ 230 \/ 240 Vac \u00b1 10%<\/td>\n<\/tr>\n<tr class=\"row-9\">\n\t<td class=\"column-1\">Frekans<\/td><td class=\"column-2\">: 50 \/ 60 Hz \u00b1 1% (otomatik alg\u0131lama)<\/td>\n<\/tr>\n<tr class=\"row-10\">\n\t<td class=\"column-1\">Dalga Bi\u00e7imi<\/td><td class=\"column-2\">: \u015eebeke modu: saf sin\u00fcs dalgas\u0131; Pil modu: sim\u00fcle edilmi\u015f sin\u00fcs dalgas\u0131<\/td>\n<\/tr>\n<tr class=\"row-11\">\n\t<td class=\"column-1\">Transfer S\u00fcresi<\/td><td class=\"column-2\">: Karakteristik 8 ms, 10 ms max.<\/td>\n<\/tr>\n<tr class=\"row-12\">\n\t<td class=\"column-1\"><strong>AK\u00dc<\/strong><\/td><td class=\"column-2\"><\/td>\n<\/tr>\n<tr class=\"row-13\">\n\t<td class=\"column-1\">DC VoltaJ<\/td><td class=\"column-2\">: 24 V<\/td>\n<\/tr>\n<tr class=\"row-14\">\n\t<td class=\"column-1\">Konfig\u00fcrasyon<\/td><td class=\"column-2\">: 12 V \/ 8.0 Ah \u00d7 2<\/td>\n<\/tr>\n<tr class=\"row-15\">\n\t<td class=\"column-1\">\u015earj S\u00fcresi<\/td><td class=\"column-2\">: 6 ~ 8 h<\/td>\n<\/tr>\n<tr class=\"row-16\">\n\t<td class=\"column-1\"><strong>D\u0130\u011eER<\/strong><\/td><td class=\"column-2\"><\/td>\n<\/tr>\n<tr class=\"row-17\">\n\t<td class=\"column-1\">Koruma<\/td><td class=\"column-2\">: K\u0131sa Devre- Ak\u00fc A\u015f\u0131r\u0131 \u015earj- A\u015f\u0131r\u0131 De\u015farj- A\u015f\u0131r\u0131 Y\u00fck<\/td>\n<\/tr>\n<tr class=\"row-18\">\n\t<td class=\"column-1\">Ba\u011flant\u0131lar<\/td><td class=\"column-2\">: USB \/ RS232\u00a0 (opsiyonel)<\/td>\n<\/tr>\n<tr class=\"row-19\">\n\t<td class=\"column-1\">Nem Aral\u0131\u011f\u0131<\/td><td class=\"column-2\">: 20 ~ 90% RH @ 0 ~ 40\u2103<\/td>\n<\/tr>\n<tr class=\"row-20\">\n\t<td class=\"column-1\">G\u00fcr\u00fclt\u00fc Seviyesi<\/td><td class=\"column-2\">: \u2264 45 dB (1 m)<\/td>\n<\/tr>\n<\/tbody>\n<\/table>\n<!-- #tablepress-32 from cache -->\n<h2 style=\"color: #8b2533;\"><strong>\u00bfQu\u00e9 es un UPS line-interactive de 1500 VA?<\/strong><\/h2>\n<p>El SAI interactivo de l\u00ednea de 1500 VA es una soluci\u00f3n de protecci\u00f3n de energ\u00eda potente y fiable para usuarios dom\u00e9sticos, peque\u00f1as empresas y sistemas de tama\u00f1o medio. La tecnolog\u00eda interactiva detecta las fluctuaciones en el voltaje de la red y proporciona una regulaci\u00f3n autom\u00e1tica del voltaje, adem\u00e1s de ofrecer soporte de bater\u00eda a los dispositivos conectados durante cortes de energ\u00eda breves. De esta manera, se protegen sus dispositivos, se evita la p\u00e9rdida de datos y se garantiza la continuidad de su trabajo.  <\/p>\n<p>Los SAI interactivos son m\u00e1s econ\u00f3micos que los SAI en l\u00ednea, pero ofrecen una protecci\u00f3n eficaz contra las fluctuaciones diarias de tensi\u00f3n y los cortes breves. Con una capacidad de 1500 VA, admiten varios dispositivos al mismo tiempo, lo que les confiere una mayor versatilidad de uso. <\/p>\n<h2 style=\"color: #8b2533;\"><strong>T\u00e9cnico Caracter\u00edsticas<\/strong><\/h2>\n<ul>\n<li><strong>Capacidad de potencia:<\/strong> 1500 VA \/ Aproximadamente 900 \u2013 1050 W<\/li>\n<li><strong>Tecnolog\u00eda Line-Interactive:<\/strong> Regulaci\u00f3n de voltaje y respaldo de bater\u00eda en caso de cortes de energ\u00eda.<\/li>\n<li>Forma de onda de salida: Onda sinusoidal simulada u onda sinusoidal pura (seg\u00fan las especificaciones del modelo)<\/li>\n<li><strong>Tolerancia de voltaje de entrada:<\/strong> Funcionamiento estable en un amplio rango de voltaje<\/li>\n<li><strong>Bater\u00eda:<\/strong> Sin mantenimiento seca tipo acumulador<\/li>\n<li><strong>Indicador:<\/strong> Seguimiento del estado de la bater\u00eda y la carga mediante un panel LED o LCD.<\/li>\n<li><strong>Conexi\u00f3n:<\/strong> Puerto USB o RS232 (en algunos modelos)<\/li>\n<\/ul>\n<h2 style=\"color: #8b2533;\"><strong>Ventajas de la tecnolog\u00eda UPS interactiva en l\u00ednea<\/strong><\/h2>\n<p>La tecnolog\u00eda UPS interactiva detecta y regula autom\u00e1ticamente las peque\u00f1as o grandes fluctuaciones en la tensi\u00f3n de la red el\u00e9ctrica. Esta caracter\u00edstica ayuda a prolongar la vida \u00fatil de los dispositivos conectados y aumenta la eficiencia energ\u00e9tica. Con una capacidad de 1500 VA, puede alimentar simult\u00e1neamente muchos dispositivos, como ordenadores de sobremesa, m\u00f3dems, routers, peque\u00f1os servidores y perif\u00e9ricos.  <\/p>\n<p>Gracias al soporte de bater\u00eda, en caso de cortes de electricidad de corta duraci\u00f3n, sus sistemas pueden apagarse de forma segura sin cerrarse o puede continuar con su trabajo.<\/p>\n<h2 style=\"color: #8b2533;\"><strong>\u00bfPara qu\u00e9 dispositivos es adecuado?<\/strong><\/h2>\n<ul>\n<li>Ordenadores y port\u00e1tiles<\/li>\n<li>M\u00f3dems y routers<\/li>\n<li>Impresoras para oficinas peque\u00f1as y medianas<\/li>\n<li>Equipos de punto de venta y de oficina<\/li>\n<li>Servidores peque\u00f1os<\/li>\n<li>Peque\u00f1os sistemas de c\u00e1maras de seguridad<\/li>\n<li>Sistemas de entretenimiento para oficinas dom\u00e9sticas<\/li>\n<\/ul>\n<h2 style=\"color: #8b2533;\"><strong>Ventajas que ofrece el SAI de 1500 VA<\/strong><\/h2>\n<ul>\n<li><strong>Seguridad de los datos:<\/strong> Le ayuda a apagar el sistema de forma controlada en caso de cortes de energ\u00eda y evita la p\u00e9rdida de datos.<\/li>\n<li><strong>Protecci\u00f3n energ\u00e9tica:<\/strong> Protege sus dispositivos contra las fluctuaciones de voltaje y mantiene su rendimiento estable.<\/li>\n<li><strong>Facilidad de uso:<\/strong> Su estructura plug-and-play hace que su instalaci\u00f3n y uso sean muy sencillos.<\/li>\n<li><strong>Alta capacidad de soporte:<\/strong> Gracias a su capacidad de 1500 VA, protege varios dispositivos al mismo tiempo.<\/li>\n<\/ul>\n<h2 style=\"color: #8b2533;\"><strong>Facilidad de instalaci\u00f3n y uso<\/strong><\/h2>\n<p>El SAI interactivo de l\u00ednea de 1500 VA, con su dise\u00f1o compacto y resistente, se puede colocar f\u00e1cilmente en escritorios, \u00e1reas t\u00e9cnicas u oficinas. El estado de la bater\u00eda, el nivel de carga y las posibles advertencias se pueden supervisar f\u00e1cilmente a trav\u00e9s del panel LED o LCD. <\/p>\n<p>Algunos modelos disponen de conexi\u00f3n USB o RS232, lo que permite supervisar el estado del SAI a trav\u00e9s del ordenador y utilizar activamente la funci\u00f3n de apagado autom\u00e1tico seguro en caso de incidentes relacionados con la alimentaci\u00f3n el\u00e9ctrica.<\/p>\n<h2 style=\"color: #8b2533;\"><strong>\u00bfPor qu\u00e9 deber\u00eda elegir un SAI interactivo de 1500 VA?<\/strong><\/h2>\n<p>Elektrik kesintileri, voltaj dalgalanmalar\u0131 ve \u015febeke problemleri cihaz ar\u0131zalar\u0131na, veri kayb\u0131na ve i\u015f s\u00fcreklili\u011finde aksamalara neden olabilir. 1500 VA Line-Interactive UPS, g\u00fc\u00e7l\u00fc kapasitesi, g\u00fcvenilir performans\u0131 ve etkin koruma \u00f6zellikleri ile ev ofis kullan\u0131c\u0131lar\u0131, k\u00fc\u00e7\u00fck i\u015fletmeler ve orta \u00f6l\u00e7ekli ekipmanlar i\u00e7in ideal bir g\u00fc\u00e7 kayna\u011f\u0131 \u00e7\u00f6z\u00fcm\u00fcd\u00fcr. <\/p>\n<p>Este UPS protege sus dispositivos durante cortes de energ\u00eda a5&gt; breves cortes de energ\u00eda puede continuar su trabajo sin interrupciones y puede seguir con sus tareas diarias que pueden surgir durante el uso de la energ\u00eda y puede seguir con sus tareas diarias que pueden surgir durante el uso de la energ\u00eda y puede seguir con sus tareas diarias que pueden surgir durante el uso de la energ\u00eda y uso diario puede encontrar problemas de energ\u00eda estar\u00e1 preparado para hacer frente a ellos estar\u00e1 preparado.<\/p>\n","protected":false},"excerpt":{"rendered":"<p><a href=\"https:\/\/redsanstore.com\/wp-content\/uploads\/2022\/09\/Varlik-1.png\"><img decoding=\"async\" class=\"wp-image-93650 alignnone\" src=\"https:\/\/redsanstore.com\/wp-content\/uploads\/2022\/09\/Varlik-1.png\" alt=\"\" width=\"209\" height=\"37\" srcset=\"https:\/\/redsanstore.com\/wp-content\/uploads\/2022\/09\/Varlik-1.png 361w, https:\/\/redsanstore.com\/wp-content\/uploads\/2022\/09\/Varlik-1-300x53.png 300w, https:\/\/redsanstore.com\/wp-content\/uploads\/2022\/09\/Varlik-1-150x27.png 150w\" sizes=\"(max-width: 209px) 100vw, 209px\" \/><\/a><\/p>\n<div class=\"woocommerce-product-details__short-description\">\n<p>El producto se enviar\u00e1 en un plazo de 1 a 3 d\u00edas laborables.<\/p>\n<\/div>\n","protected":false},"featured_media":84587,"comment_status":"open","ping_status":"closed","template":"","meta":[],"product_brand":[],"product_cat":[456],"product_tag":[],"class_list":{"0":"post-85449","1":"product","2":"type-product","3":"status-publish","4":"has-post-thumbnail","6":"product_cat-linea-interactiva-ups-400-2000-kva","8":"first","9":"instock","10":"purchasable","11":"product-type-simple"},"yoast_head":"<!-- This site is optimized with the Yoast SEO Premium plugin v25.8 (Yoast SEO v25.9) - https:\/\/yoast.com\/wordpress\/plugins\/seo\/ -->\n<title>1500 VA LINE INTERACTIVE UPS - Redsan Store<\/title>\n<meta name=\"robots\" content=\"index, follow, max-snippet:-1, max-image-preview:large, max-video-preview:-1\" \/>\n<link rel=\"canonical\" href=\"https:\/\/redsanstore.com\/es\/urun\/1500-va-ups-linea-interactiva\/\" \/>\n<meta property=\"og:locale\" content=\"es_ES\" \/>\n<meta property=\"og:type\" content=\"article\" \/>\n<meta property=\"og:title\" content=\"1500 VA LINE INTERACTIVE UPS\" \/>\n<meta property=\"og:description\" content=\"El producto se enviar\u00e1 en un plazo de 1 a 3 d\u00edas laborables.\" \/>\n<meta property=\"og:url\" content=\"https:\/\/redsanstore.com\/es\/urun\/1500-va-ups-linea-interactiva\/\" \/>\n<meta property=\"og:site_name\" content=\"Redsan Store\" \/>\n<meta property=\"article:publisher\" content=\"https:\/\/www.facebook.com\/redsanelektronik\" \/>\n<meta property=\"article:modified_time\" content=\"2026-02-27T09:14:33+00:00\" \/>\n<meta property=\"og:image\" content=\"https:\/\/redsanstore.com\/wp-content\/uploads\/2022\/09\/400-800-600.jpg\" \/>\n\t<meta property=\"og:image:width\" content=\"1440\" \/>\n\t<meta property=\"og:image:height\" content=\"1080\" \/>\n\t<meta property=\"og:image:type\" content=\"image\/jpeg\" \/>\n<meta name=\"twitter:card\" content=\"summary_large_image\" \/>\n<meta name=\"twitter:label1\" content=\"Est. reading time\" \/>\n\t<meta name=\"twitter:data1\" content=\"1 minuto\" \/>\n<script type=\"application\/ld+json\" class=\"yoast-schema-graph\">{\"@context\":\"https:\/\/schema.org\",\"@graph\":[{\"@type\":\"WebPage\",\"@id\":\"https:\/\/redsanstore.com\/es\/urun\/1500-va-ups-linea-interactiva\/\",\"url\":\"https:\/\/redsanstore.com\/es\/urun\/1500-va-ups-linea-interactiva\/\",\"name\":\"1500 VA LINE INTERACTIVE UPS - Redsan Store\",\"isPartOf\":{\"@id\":\"https:\/\/redsanstore.com\/#website\"},\"primaryImageOfPage\":{\"@id\":\"https:\/\/redsanstore.com\/es\/urun\/1500-va-ups-linea-interactiva\/#primaryimage\"},\"image\":{\"@id\":\"https:\/\/redsanstore.com\/es\/urun\/1500-va-ups-linea-interactiva\/#primaryimage\"},\"thumbnailUrl\":\"https:\/\/redsanstore.com\/wp-content\/uploads\/2022\/09\/400-800-600.jpg\",\"datePublished\":\"2022-09-19T14:53:44+00:00\",\"dateModified\":\"2026-02-27T09:14:33+00:00\",\"breadcrumb\":{\"@id\":\"https:\/\/redsanstore.com\/es\/urun\/1500-va-ups-linea-interactiva\/#breadcrumb\"},\"inLanguage\":\"es\",\"potentialAction\":[{\"@type\":\"ReadAction\",\"target\":[\"https:\/\/redsanstore.com\/es\/urun\/1500-va-ups-linea-interactiva\/\"]}]},{\"@type\":\"ImageObject\",\"inLanguage\":\"es\",\"@id\":\"https:\/\/redsanstore.com\/es\/urun\/1500-va-ups-linea-interactiva\/#primaryimage\",\"url\":\"https:\/\/redsanstore.com\/wp-content\/uploads\/2022\/09\/400-800-600.jpg\",\"contentUrl\":\"https:\/\/redsanstore.com\/wp-content\/uploads\/2022\/09\/400-800-600.jpg\",\"width\":1440,\"height\":1080,\"caption\":\"line interactive ups\"},{\"@type\":\"BreadcrumbList\",\"@id\":\"https:\/\/redsanstore.com\/es\/urun\/1500-va-ups-linea-interactiva\/#breadcrumb\",\"itemListElement\":[{\"@type\":\"ListItem\",\"position\":1,\"name\":\"Anasayfa\",\"item\":\"https:\/\/redsanstore.com\/fr\/\"},{\"@type\":\"ListItem\",\"position\":2,\"name\":\"Tienda\",\"item\":\"https:\/\/redsanstore.com\/es\/tienda\/\"},{\"@type\":\"ListItem\",\"position\":3,\"name\":\"1500 VA LINE INTERACTIVE UPS\"}]},{\"@type\":\"WebSite\",\"@id\":\"https:\/\/redsanstore.com\/#website\",\"url\":\"https:\/\/redsanstore.com\/\",\"name\":\"Redsan Store\",\"description\":\"Redres\u00f6r - Reg\u00fclat\u00f6r - UPS - Ak\u00fc\",\"publisher\":{\"@id\":\"https:\/\/redsanstore.com\/#organization\"},\"alternateName\":\"Redres\u00f6r ve Kesintisiz G\u00fc\u00e7 Kayna\u011f\u0131 Ups\",\"potentialAction\":[{\"@type\":\"SearchAction\",\"target\":{\"@type\":\"EntryPoint\",\"urlTemplate\":\"https:\/\/redsanstore.com\/?s={search_term_string}\"},\"query-input\":{\"@type\":\"PropertyValueSpecification\",\"valueRequired\":true,\"valueName\":\"search_term_string\"}}],\"inLanguage\":\"es\"},{\"@type\":\"Organization\",\"@id\":\"https:\/\/redsanstore.com\/#organization\",\"name\":\"Redsan Store\",\"alternateName\":\"Redres\u00f6r ve Kesintisiz G\u00fc\u00e7 Kayna\u011f\u0131 Ups\",\"url\":\"https:\/\/redsanstore.com\/\",\"logo\":{\"@type\":\"ImageObject\",\"inLanguage\":\"es\",\"@id\":\"https:\/\/redsanstore.com\/#\/schema\/logo\/image\/\",\"url\":\"https:\/\/redsanstore.com\/wp-content\/uploads\/2024\/06\/redresor-ups-site-gorseli.jpg\",\"contentUrl\":\"https:\/\/redsanstore.com\/wp-content\/uploads\/2024\/06\/redresor-ups-site-gorseli.jpg\",\"width\":1200,\"height\":675,\"caption\":\"Redsan Store\"},\"image\":{\"@id\":\"https:\/\/redsanstore.com\/#\/schema\/logo\/image\/\"},\"sameAs\":[\"https:\/\/www.facebook.com\/redsanelektronik\",\"https:\/\/www.instagram.com\/redsanelektronik\/\",\"https:\/\/www.linkedin.com\/company\/redsan-elektronik\/\"]}]}<\/script>\n<!-- \/ Yoast SEO Premium plugin. -->","yoast_head_json":{"title":"1500 VA LINE INTERACTIVE UPS - Redsan Store","robots":{"index":"index","follow":"follow","max-snippet":"max-snippet:-1","max-image-preview":"max-image-preview:large","max-video-preview":"max-video-preview:-1"},"canonical":"https:\/\/redsanstore.com\/es\/urun\/1500-va-ups-linea-interactiva\/","og_locale":"es_ES","og_type":"article","og_title":"1500 VA LINE INTERACTIVE UPS","og_description":"El producto se enviar\u00e1 en un plazo de 1 a 3 d\u00edas laborables.","og_url":"https:\/\/redsanstore.com\/es\/urun\/1500-va-ups-linea-interactiva\/","og_site_name":"Redsan Store","article_publisher":"https:\/\/www.facebook.com\/redsanelektronik","article_modified_time":"2026-02-27T09:14:33+00:00","og_image":[{"width":1440,"height":1080,"url":"https:\/\/redsanstore.com\/wp-content\/uploads\/2022\/09\/400-800-600.jpg","type":"image\/jpeg"}],"twitter_card":"summary_large_image","twitter_misc":{"Est. reading time":"1 minuto"},"schema":{"@context":"https:\/\/schema.org","@graph":[{"@type":"WebPage","@id":"https:\/\/redsanstore.com\/es\/urun\/1500-va-ups-linea-interactiva\/","url":"https:\/\/redsanstore.com\/es\/urun\/1500-va-ups-linea-interactiva\/","name":"1500 VA LINE INTERACTIVE UPS - Redsan Store","isPartOf":{"@id":"https:\/\/redsanstore.com\/#website"},"primaryImageOfPage":{"@id":"https:\/\/redsanstore.com\/es\/urun\/1500-va-ups-linea-interactiva\/#primaryimage"},"image":{"@id":"https:\/\/redsanstore.com\/es\/urun\/1500-va-ups-linea-interactiva\/#primaryimage"},"thumbnailUrl":"https:\/\/redsanstore.com\/wp-content\/uploads\/2022\/09\/400-800-600.jpg","datePublished":"2022-09-19T14:53:44+00:00","dateModified":"2026-02-27T09:14:33+00:00","breadcrumb":{"@id":"https:\/\/redsanstore.com\/es\/urun\/1500-va-ups-linea-interactiva\/#breadcrumb"},"inLanguage":"es","potentialAction":[{"@type":"ReadAction","target":["https:\/\/redsanstore.com\/es\/urun\/1500-va-ups-linea-interactiva\/"]}]},{"@type":"ImageObject","inLanguage":"es","@id":"https:\/\/redsanstore.com\/es\/urun\/1500-va-ups-linea-interactiva\/#primaryimage","url":"https:\/\/redsanstore.com\/wp-content\/uploads\/2022\/09\/400-800-600.jpg","contentUrl":"https:\/\/redsanstore.com\/wp-content\/uploads\/2022\/09\/400-800-600.jpg","width":1440,"height":1080,"caption":"line interactive ups"},{"@type":"BreadcrumbList","@id":"https:\/\/redsanstore.com\/es\/urun\/1500-va-ups-linea-interactiva\/#breadcrumb","itemListElement":[{"@type":"ListItem","position":1,"name":"Anasayfa","item":"https:\/\/redsanstore.com\/fr\/"},{"@type":"ListItem","position":2,"name":"Tienda","item":"https:\/\/redsanstore.com\/es\/tienda\/"},{"@type":"ListItem","position":3,"name":"1500 VA LINE INTERACTIVE UPS"}]},{"@type":"WebSite","@id":"https:\/\/redsanstore.com\/#website","url":"https:\/\/redsanstore.com\/","name":"Redsan Store","description":"Redres\u00f6r - Reg\u00fclat\u00f6r - UPS - Ak\u00fc","publisher":{"@id":"https:\/\/redsanstore.com\/#organization"},"alternateName":"Redres\u00f6r ve Kesintisiz G\u00fc\u00e7 Kayna\u011f\u0131 Ups","potentialAction":[{"@type":"SearchAction","target":{"@type":"EntryPoint","urlTemplate":"https:\/\/redsanstore.com\/?s={search_term_string}"},"query-input":{"@type":"PropertyValueSpecification","valueRequired":true,"valueName":"search_term_string"}}],"inLanguage":"es"},{"@type":"Organization","@id":"https:\/\/redsanstore.com\/#organization","name":"Redsan Store","alternateName":"Redres\u00f6r ve Kesintisiz G\u00fc\u00e7 Kayna\u011f\u0131 Ups","url":"https:\/\/redsanstore.com\/","logo":{"@type":"ImageObject","inLanguage":"es","@id":"https:\/\/redsanstore.com\/#\/schema\/logo\/image\/","url":"https:\/\/redsanstore.com\/wp-content\/uploads\/2024\/06\/redresor-ups-site-gorseli.jpg","contentUrl":"https:\/\/redsanstore.com\/wp-content\/uploads\/2024\/06\/redresor-ups-site-gorseli.jpg","width":1200,"height":675,"caption":"Redsan Store"},"image":{"@id":"https:\/\/redsanstore.com\/#\/schema\/logo\/image\/"},"sameAs":["https:\/\/www.facebook.com\/redsanelektronik","https:\/\/www.instagram.com\/redsanelektronik\/","https:\/\/www.linkedin.com\/company\/redsan-elektronik\/"]}]}},"_links":{"self":[{"href":"https:\/\/redsanstore.com\/es\/wp-json\/wp\/v2\/product\/85449","targetHints":{"allow":["GET"]}}],"collection":[{"href":"https:\/\/redsanstore.com\/es\/wp-json\/wp\/v2\/product"}],"about":[{"href":"https:\/\/redsanstore.com\/es\/wp-json\/wp\/v2\/types\/product"}],"replies":[{"embeddable":true,"href":"https:\/\/redsanstore.com\/es\/wp-json\/wp\/v2\/comments?post=85449"}],"version-history":[{"count":1,"href":"https:\/\/redsanstore.com\/es\/wp-json\/wp\/v2\/product\/85449\/revisions"}],"predecessor-version":[{"id":101622,"href":"https:\/\/redsanstore.com\/es\/wp-json\/wp\/v2\/product\/85449\/revisions\/101622"}],"wp:featuredmedia":[{"embeddable":true,"href":"https:\/\/redsanstore.com\/es\/wp-json\/wp\/v2\/media\/84587"}],"wp:attachment":[{"href":"https:\/\/redsanstore.com\/es\/wp-json\/wp\/v2\/media?parent=85449"}],"wp:term":[{"taxonomy":"product_brand","embeddable":true,"href":"https:\/\/redsanstore.com\/es\/wp-json\/wp\/v2\/product_brand?post=85449"},{"taxonomy":"product_cat","embeddable":true,"href":"https:\/\/redsanstore.com\/es\/wp-json\/wp\/v2\/product_cat?post=85449"},{"taxonomy":"product_tag","embeddable":true,"href":"https:\/\/redsanstore.com\/es\/wp-json\/wp\/v2\/product_tag?post=85449"}],"curies":[{"name":"wp","href":"https:\/\/api.w.org\/{rel}","templated":true}]}}