{"id":85445,"date":"2022-09-19T18:05:01","date_gmt":"2022-09-19T15:05:01","guid":{"rendered":"https:\/\/redsanstore.com\/urun\/2000-va-line-interactive-ups\/"},"modified":"2026-02-27T11:41:42","modified_gmt":"2026-02-27T08:41:42","slug":"2000-va-ups-linea-interactiva","status":"publish","type":"product","link":"https:\/\/redsanstore.com\/es\/urun\/2000-va-ups-linea-interactiva\/","title":{"rendered":"2000 VA LINE INTERACTIVE UPS"},"content":{"rendered":"\n<table id=\"tablepress-31\" class=\"tablepress tablepress-id-31 tbody-has-connected-cells\">\n<tbody class=\"row-striping row-hover\">\n<tr class=\"row-1\">\n\t<td class=\"column-1\"><a href=\"#\">Katalog \u0130ndir<\/a><\/td><td class=\"column-2\"><\/td>\n<\/tr>\n<tr class=\"row-2\">\n\t<td colspan=\"2\" class=\"column-1\"><strong>2000 VA LINE INTERACTIVE UPS<\/strong><\/td>\n<\/tr>\n<tr class=\"row-3\">\n\t<td class=\"column-1\">Kapasite<\/td><td class=\"column-2\">: 2000 VA<br \/>\n1200 W<\/td>\n<\/tr>\n<tr class=\"row-4\">\n\t<td class=\"column-1\"><strong>G\u0130R\u0130\u015e<\/strong><\/td><td class=\"column-2\"><\/td>\n<\/tr>\n<tr class=\"row-5\">\n\t<td class=\"column-1\">Voltaj<\/td><td class=\"column-2\">: 100 \/ 110 \/ 120 V: 80 ~ 150 Vac; 220 \/ 230 \/ 240 V: 162 ~ 295 Vac (145 ~ 295 VAC Opsiyonel)<\/td>\n<\/tr>\n<tr class=\"row-6\">\n\t<td class=\"column-1\">Frekans<\/td><td class=\"column-2\">: 50 \/ 60 Hz \u00b1 10% (otomatik alg\u0131lama)<\/td>\n<\/tr>\n<tr class=\"row-7\">\n\t<td class=\"column-1\"><strong>\u00c7IKI\u015e<\/strong><\/td><td class=\"column-2\"><\/td>\n<\/tr>\n<tr class=\"row-8\">\n\t<td class=\"column-1\">Voltaj<\/td><td class=\"column-2\">: 100 \/ 110 \/ 120 Vac \u00b1 10% or 220 \/ 230 \/ 240 Vac \u00b1 10%<\/td>\n<\/tr>\n<tr class=\"row-9\">\n\t<td class=\"column-1\">Frekans<\/td><td class=\"column-2\">: 50 \/ 60 Hz \u00b1 1% (otomatik alg\u0131lama)<\/td>\n<\/tr>\n<tr class=\"row-10\">\n\t<td class=\"column-1\">Dalga Bi\u00e7imi<\/td><td class=\"column-2\">: \u015eebeke modu: saf sin\u00fcs dalgas\u0131; Pil modu: sim\u00fcle edilmi\u015f sin\u00fcs dalgas\u0131<\/td>\n<\/tr>\n<tr class=\"row-11\">\n\t<td class=\"column-1\">Transfer S\u00fcresi<\/td><td class=\"column-2\">: Karakteristik 8 ms, 10 ms max.<\/td>\n<\/tr>\n<tr class=\"row-12\">\n\t<td class=\"column-1\"><strong>AK\u00dc<\/strong><\/td><td class=\"column-2\"><\/td>\n<\/tr>\n<tr class=\"row-13\">\n\t<td class=\"column-1\">DC VoltaJ<\/td><td class=\"column-2\">: 24 V<\/td>\n<\/tr>\n<tr class=\"row-14\">\n\t<td class=\"column-1\">Konfig\u00fcrasyon<\/td><td class=\"column-2\">: 12 V \/ 9.0 Ah \u00d7 2<\/td>\n<\/tr>\n<tr class=\"row-15\">\n\t<td class=\"column-1\">\u015earj S\u00fcresi<\/td><td class=\"column-2\">: 6 ~ 8 h<\/td>\n<\/tr>\n<tr class=\"row-16\">\n\t<td class=\"column-1\"><strong>D\u0130\u011eER<\/strong><\/td><td class=\"column-2\"><\/td>\n<\/tr>\n<tr class=\"row-17\">\n\t<td class=\"column-1\">Koruma<\/td><td class=\"column-2\">: K\u0131sa Devre- Ak\u00fc A\u015f\u0131r\u0131 \u015earj- A\u015f\u0131r\u0131 De\u015farj- A\u015f\u0131r\u0131 Y\u00fck<\/td>\n<\/tr>\n<tr class=\"row-18\">\n\t<td class=\"column-1\">Ba\u011flant\u0131lar<\/td><td class=\"column-2\">: USB \/ RS232\u00a0 (opsiyonel)<\/td>\n<\/tr>\n<tr class=\"row-19\">\n\t<td class=\"column-1\">Nem Aral\u0131\u011f\u0131<\/td><td class=\"column-2\">: 20 ~ 90% RH @ 0 ~ 40\u2103<\/td>\n<\/tr>\n<tr class=\"row-20\">\n\t<td class=\"column-1\">G\u00fcr\u00fclt\u00fc Seviyesi<\/td><td class=\"column-2\">: \u2264 45 dB (1 m)<\/td>\n<\/tr>\n<\/tbody>\n<\/table>\n<!-- #tablepress-31 from cache -->\n<h2 style=\"color: #8b2533;\"><strong>\u00bfQu\u00e9 es un UPS line-interactive de 2000 VA?<\/strong><\/h2>\n<p>El UPS interactivo de l\u00ednea de 2000 VA es una potente soluci\u00f3n de protecci\u00f3n de energ\u00eda dise\u00f1ada para oficinas medianas, peque\u00f1as empresas e infraestructuras de sistemas cr\u00edticos. La tecnolog\u00eda interactiva de l\u00ednea detecta las fluctuaciones que se producen en la tensi\u00f3n de la red y las regula autom\u00e1ticamente para estabilizar la tensi\u00f3n de salida. En caso de cortes de electricidad de corta duraci\u00f3n, garantiza el funcionamiento seguro de los sistemas proporcionando alimentaci\u00f3n de bater\u00eda a los dispositivos conectados.  <\/p>\n<p>Este UPS tipo, online UPS soluciones seg\u00fan m\u00e1s a7&gt; m\u00e1s adecuado en cuanto a costes a pesar de las fluctuaciones de tensi\u00f3n y las interrupciones breves a14&gt; breves interrupciones contra eficaz protecci\u00f3n proporciona. 2000 VA capacidad, amplia una gama de dispositivos mientras apoya su trabajo continuidad de su negocio potente una energ\u00eda infraestructura ofrece. <\/p>\n<h2 style=\"color: #8b2533;\"><strong>T\u00e9cnico Caracter\u00edsticas<\/strong><\/h2>\n<ul>\n<li><strong>Potencia Capacidad:<\/strong> 2000 VA \/ Aproximadamente 1200 \u2013 1400 W<\/li>\n<li><strong>Tecnolog\u00eda Line-Interactive:<\/strong> Voltaje regulaci\u00f3n y breves interrupciones bater\u00eda apoyo<\/li>\n<li>Forma de onda de salida: Onda sinusoidal simulada u onda sinusoidal pura (seg\u00fan las especificaciones del modelo)<\/li>\n<li><strong>Introducci\u00f3n Voltaje Tolerancia: <\/strong> Red fluctuaciones frente a estable funcionamiento capacidad<\/li>\n<li><strong>Bater\u00eda:<\/strong> Sin mantenimiento seca tipo acumulador<\/li>\n<li><strong>Indicador:<\/strong> Seguimiento del estado de la bater\u00eda y la carga mediante un panel LED o LCD.<\/li>\n<li><strong>Conexi\u00f3n:<\/strong> Puerto USB o RS232 (en algunos modelos)<\/li>\n<\/ul>\n<h2 style=\"color: #8b2533;\"><strong>Ventajas de la tecnolog\u00eda Line-Interactive<\/strong><\/h2>\n<p>Los SAI interactivos detectan las fluctuaciones en el voltaje de la red y regulan autom\u00e1ticamente el voltaje. Esta caracter\u00edstica garantiza un funcionamiento seguro y estable de los dispositivos conectados, prolonga su vida \u00fatil y mantiene su rendimiento. La capacidad de 2000 VA proporciona la potencia suficiente para proteger dispositivos que requieren una mayor potencia, como ordenadores de oficina, servidores peque\u00f1os, equipos de red y perif\u00e9ricos.  <\/p>\n<p>Gracias al soporte de bater\u00eda, en caso de cortes de electricidad de corta duraci\u00f3n, sus sistemas pueden apagarse de forma segura sin cerrarse o pueden seguir funcionando.<\/p>\n<h2 style=\"color: #8b2533;\"><strong>\u00bfPara qu\u00e9 dispositivos es adecuado?<\/strong><\/h2>\n<ul>\n<li>Ordenadores de sobremesa y ordenadores port\u00e1tiles<\/li>\n<li>M\u00f3dems y routers<\/li>\n<li>Impresoras para oficinas peque\u00f1as y medianas<\/li>\n<li>Equipos de punto de venta y de oficina<\/li>\n<li>Servidores peque\u00f1os y dispositivos NAS<\/li>\n<li>Peque\u00f1os sistemas de c\u00e1maras de seguridad<\/li>\n<li>Sistemas multimedia para oficinas dom\u00e9sticas o estaciones de trabajo<\/li>\n<\/ul>\n<h2 style=\"color: #8b2533;\"><strong>Ventajas que ofrece el SAI de 2000 VA<\/strong><\/h2>\n<ul>\n<li><strong>Seguridad de los datos:<\/strong> Le ayuda a apagar el sistema de forma controlada en caso de cortes de energ\u00eda y evita la p\u00e9rdida de datos.<\/li>\n<li><strong>Protecci\u00f3n energ\u00e9tica:<\/strong> Protege sus dispositivos contra las fluctuaciones de voltaje y mantiene su rendimiento estable.<\/li>\n<li><strong>Facilidad de uso:<\/strong> Gracias a su estructura plug-and-play, su instalaci\u00f3n y uso son muy sencillos.<\/li>\n<li><strong>Amplia capacidad de soporte:<\/strong> Con una capacidad de 2000 VA, permite proteger varios dispositivos al mismo tiempo.<\/li>\n<\/ul>\n<h2 style=\"color: #8b2533;\"><strong>Facilidad de instalaci\u00f3n y uso<\/strong><\/h2>\n<p>El SAI interactivo de l\u00ednea de 2000 VA, con su dise\u00f1o compacto y resistente, se puede colocar f\u00e1cilmente en escritorios, \u00e1reas t\u00e9cnicas u oficinas. El estado de la bater\u00eda, el nivel de carga y las posibles advertencias se pueden supervisar f\u00e1cilmente a trav\u00e9s del panel LED o LCD. <\/p>\n<p>Algunos modelos disponen de conexi\u00f3n USB o RS232, lo que permite supervisar el estado del SAI a trav\u00e9s del ordenador y utilizar activamente la funci\u00f3n de apagado autom\u00e1tico seguro en caso de incidentes relacionados con la alimentaci\u00f3n el\u00e9ctrica.<\/p>\n<h2 style=\"color: #8b2533;\"><strong>\u00bfPor qu\u00e9 deber\u00eda elegir un SAI interactivo de l\u00ednea de 2000 VA?<\/strong><\/h2>\n<p>Electricidad fluctuaciones, breves interrupciones de corta duraci\u00f3n y problemas en la red aver\u00edas en los dispositivos, p\u00e9rdida de datos y interrupciones en la continuidad del trabajo pueden causar problemas. El UPS interactivo de l\u00ednea de 2000 VA, con potente capacidad, fiable rendimiento y eficaz protecci\u00f3n caracter\u00edsticas con hogar oficina usuarios, peque\u00f1as empresas y medianas tama\u00f1o equipos para ideal una potencia fuente soluci\u00f3n. <\/p>\n<p>Este UPS protege sus dispositivos durante cortes de energ\u00eda a5&gt; breves cortes de energ\u00eda puede continuar su trabajo sin interrupciones y puede seguir con sus tareas diarias que pueden surgir durante el uso de la energ\u00eda y puede seguir con sus tareas diarias que pueden surgir durante el uso de la energ\u00eda y puede seguir con sus tareas diarias que pueden surgir durante el uso de la energ\u00eda y uso diario puede encontrar problemas de energ\u00eda estar\u00e1 preparado para hacer frente a ellos estar\u00e1 preparado.<\/p>\n","protected":false},"excerpt":{"rendered":"<p><a href=\"https:\/\/redsanstore.com\/wp-content\/uploads\/2022\/09\/Varlik-1.png\"><img decoding=\"async\" class=\"wp-image-93650 alignnone\" src=\"https:\/\/redsanstore.com\/wp-content\/uploads\/2022\/09\/Varlik-1.png\" alt=\"\" width=\"209\" height=\"37\" srcset=\"https:\/\/redsanstore.com\/wp-content\/uploads\/2022\/09\/Varlik-1.png 361w, https:\/\/redsanstore.com\/wp-content\/uploads\/2022\/09\/Varlik-1-300x53.png 300w, https:\/\/redsanstore.com\/wp-content\/uploads\/2022\/09\/Varlik-1-150x27.png 150w\" sizes=\"(max-width: 209px) 100vw, 209px\" \/><\/a><\/p>\n<div class=\"woocommerce-product-details__short-description\">\n<p>El producto se enviar\u00e1 en un plazo de 1 a 3 d\u00edas laborables.<\/p>\n<\/div>\n","protected":false},"featured_media":87439,"comment_status":"open","ping_status":"closed","template":"","meta":[],"product_brand":[],"product_cat":[456],"product_tag":[],"class_list":{"0":"post-85445","1":"product","2":"type-product","3":"status-publish","4":"has-post-thumbnail","6":"product_cat-linea-interactiva-ups-400-2000-kva","8":"first","9":"instock","10":"taxable","11":"shipping-taxable","12":"purchasable","13":"product-type-simple"},"yoast_head":"<!-- This site is optimized with the Yoast SEO Premium plugin v25.8 (Yoast SEO v25.9) - https:\/\/yoast.com\/wordpress\/plugins\/seo\/ -->\n<title>2000 VA LINE INTERACTIVE UPS - Redsan Store<\/title>\n<meta name=\"robots\" content=\"index, follow, max-snippet:-1, max-image-preview:large, max-video-preview:-1\" \/>\n<link rel=\"canonical\" href=\"https:\/\/redsanstore.com\/es\/urun\/2000-va-ups-linea-interactiva\/\" \/>\n<meta property=\"og:locale\" content=\"es_ES\" \/>\n<meta property=\"og:type\" content=\"article\" \/>\n<meta property=\"og:title\" content=\"2000 VA LINE INTERACTIVE UPS\" \/>\n<meta property=\"og:description\" content=\"El producto se enviar\u00e1 en un plazo de 1 a 3 d\u00edas laborables.\" \/>\n<meta property=\"og:url\" content=\"https:\/\/redsanstore.com\/es\/urun\/2000-va-ups-linea-interactiva\/\" \/>\n<meta property=\"og:site_name\" content=\"Redsan Store\" \/>\n<meta property=\"article:publisher\" content=\"https:\/\/www.facebook.com\/redsanelektronik\" \/>\n<meta property=\"article:modified_time\" content=\"2026-02-27T08:41:42+00:00\" \/>\n<meta property=\"og:image\" content=\"https:\/\/redsanstore.com\/wp-content\/uploads\/2022\/09\/2000VA-ON-1.jpg\" \/>\n\t<meta property=\"og:image:width\" content=\"1440\" \/>\n\t<meta property=\"og:image:height\" content=\"1080\" \/>\n\t<meta property=\"og:image:type\" content=\"image\/jpeg\" \/>\n<meta name=\"twitter:card\" content=\"summary_large_image\" \/>\n<meta name=\"twitter:label1\" content=\"Est. reading time\" \/>\n\t<meta name=\"twitter:data1\" content=\"1 minuto\" \/>\n<script type=\"application\/ld+json\" class=\"yoast-schema-graph\">{\"@context\":\"https:\/\/schema.org\",\"@graph\":[{\"@type\":\"WebPage\",\"@id\":\"https:\/\/redsanstore.com\/es\/urun\/2000-va-ups-linea-interactiva\/\",\"url\":\"https:\/\/redsanstore.com\/es\/urun\/2000-va-ups-linea-interactiva\/\",\"name\":\"2000 VA LINE INTERACTIVE UPS - Redsan Store\",\"isPartOf\":{\"@id\":\"https:\/\/redsanstore.com\/#website\"},\"primaryImageOfPage\":{\"@id\":\"https:\/\/redsanstore.com\/es\/urun\/2000-va-ups-linea-interactiva\/#primaryimage\"},\"image\":{\"@id\":\"https:\/\/redsanstore.com\/es\/urun\/2000-va-ups-linea-interactiva\/#primaryimage\"},\"thumbnailUrl\":\"https:\/\/redsanstore.com\/wp-content\/uploads\/2022\/09\/2000VA-ON-1.jpg\",\"datePublished\":\"2022-09-19T15:05:01+00:00\",\"dateModified\":\"2026-02-27T08:41:42+00:00\",\"breadcrumb\":{\"@id\":\"https:\/\/redsanstore.com\/es\/urun\/2000-va-ups-linea-interactiva\/#breadcrumb\"},\"inLanguage\":\"es\",\"potentialAction\":[{\"@type\":\"ReadAction\",\"target\":[\"https:\/\/redsanstore.com\/es\/urun\/2000-va-ups-linea-interactiva\/\"]}]},{\"@type\":\"ImageObject\",\"inLanguage\":\"es\",\"@id\":\"https:\/\/redsanstore.com\/es\/urun\/2000-va-ups-linea-interactiva\/#primaryimage\",\"url\":\"https:\/\/redsanstore.com\/wp-content\/uploads\/2022\/09\/2000VA-ON-1.jpg\",\"contentUrl\":\"https:\/\/redsanstore.com\/wp-content\/uploads\/2022\/09\/2000VA-ON-1.jpg\",\"width\":1440,\"height\":1080},{\"@type\":\"BreadcrumbList\",\"@id\":\"https:\/\/redsanstore.com\/es\/urun\/2000-va-ups-linea-interactiva\/#breadcrumb\",\"itemListElement\":[{\"@type\":\"ListItem\",\"position\":1,\"name\":\"Anasayfa\",\"item\":\"https:\/\/redsanstore.com\/fr\/\"},{\"@type\":\"ListItem\",\"position\":2,\"name\":\"Tienda\",\"item\":\"https:\/\/redsanstore.com\/es\/tienda\/\"},{\"@type\":\"ListItem\",\"position\":3,\"name\":\"2000 VA LINE INTERACTIVE UPS\"}]},{\"@type\":\"WebSite\",\"@id\":\"https:\/\/redsanstore.com\/#website\",\"url\":\"https:\/\/redsanstore.com\/\",\"name\":\"Redsan Store\",\"description\":\"Redres\u00f6r - Reg\u00fclat\u00f6r - UPS - Ak\u00fc\",\"publisher\":{\"@id\":\"https:\/\/redsanstore.com\/#organization\"},\"alternateName\":\"Redres\u00f6r ve Kesintisiz G\u00fc\u00e7 Kayna\u011f\u0131 Ups\",\"potentialAction\":[{\"@type\":\"SearchAction\",\"target\":{\"@type\":\"EntryPoint\",\"urlTemplate\":\"https:\/\/redsanstore.com\/?s={search_term_string}\"},\"query-input\":{\"@type\":\"PropertyValueSpecification\",\"valueRequired\":true,\"valueName\":\"search_term_string\"}}],\"inLanguage\":\"es\"},{\"@type\":\"Organization\",\"@id\":\"https:\/\/redsanstore.com\/#organization\",\"name\":\"Redsan Store\",\"alternateName\":\"Redres\u00f6r ve Kesintisiz G\u00fc\u00e7 Kayna\u011f\u0131 Ups\",\"url\":\"https:\/\/redsanstore.com\/\",\"logo\":{\"@type\":\"ImageObject\",\"inLanguage\":\"es\",\"@id\":\"https:\/\/redsanstore.com\/#\/schema\/logo\/image\/\",\"url\":\"https:\/\/redsanstore.com\/wp-content\/uploads\/2024\/06\/redresor-ups-site-gorseli.jpg\",\"contentUrl\":\"https:\/\/redsanstore.com\/wp-content\/uploads\/2024\/06\/redresor-ups-site-gorseli.jpg\",\"width\":1200,\"height\":675,\"caption\":\"Redsan Store\"},\"image\":{\"@id\":\"https:\/\/redsanstore.com\/#\/schema\/logo\/image\/\"},\"sameAs\":[\"https:\/\/www.facebook.com\/redsanelektronik\",\"https:\/\/www.instagram.com\/redsanelektronik\/\",\"https:\/\/www.linkedin.com\/company\/redsan-elektronik\/\"]}]}<\/script>\n<!-- \/ Yoast SEO Premium plugin. -->","yoast_head_json":{"title":"2000 VA LINE INTERACTIVE UPS - Redsan Store","robots":{"index":"index","follow":"follow","max-snippet":"max-snippet:-1","max-image-preview":"max-image-preview:large","max-video-preview":"max-video-preview:-1"},"canonical":"https:\/\/redsanstore.com\/es\/urun\/2000-va-ups-linea-interactiva\/","og_locale":"es_ES","og_type":"article","og_title":"2000 VA LINE INTERACTIVE UPS","og_description":"El producto se enviar\u00e1 en un plazo de 1 a 3 d\u00edas laborables.","og_url":"https:\/\/redsanstore.com\/es\/urun\/2000-va-ups-linea-interactiva\/","og_site_name":"Redsan Store","article_publisher":"https:\/\/www.facebook.com\/redsanelektronik","article_modified_time":"2026-02-27T08:41:42+00:00","og_image":[{"width":1440,"height":1080,"url":"https:\/\/redsanstore.com\/wp-content\/uploads\/2022\/09\/2000VA-ON-1.jpg","type":"image\/jpeg"}],"twitter_card":"summary_large_image","twitter_misc":{"Est. reading time":"1 minuto"},"schema":{"@context":"https:\/\/schema.org","@graph":[{"@type":"WebPage","@id":"https:\/\/redsanstore.com\/es\/urun\/2000-va-ups-linea-interactiva\/","url":"https:\/\/redsanstore.com\/es\/urun\/2000-va-ups-linea-interactiva\/","name":"2000 VA LINE INTERACTIVE UPS - Redsan Store","isPartOf":{"@id":"https:\/\/redsanstore.com\/#website"},"primaryImageOfPage":{"@id":"https:\/\/redsanstore.com\/es\/urun\/2000-va-ups-linea-interactiva\/#primaryimage"},"image":{"@id":"https:\/\/redsanstore.com\/es\/urun\/2000-va-ups-linea-interactiva\/#primaryimage"},"thumbnailUrl":"https:\/\/redsanstore.com\/wp-content\/uploads\/2022\/09\/2000VA-ON-1.jpg","datePublished":"2022-09-19T15:05:01+00:00","dateModified":"2026-02-27T08:41:42+00:00","breadcrumb":{"@id":"https:\/\/redsanstore.com\/es\/urun\/2000-va-ups-linea-interactiva\/#breadcrumb"},"inLanguage":"es","potentialAction":[{"@type":"ReadAction","target":["https:\/\/redsanstore.com\/es\/urun\/2000-va-ups-linea-interactiva\/"]}]},{"@type":"ImageObject","inLanguage":"es","@id":"https:\/\/redsanstore.com\/es\/urun\/2000-va-ups-linea-interactiva\/#primaryimage","url":"https:\/\/redsanstore.com\/wp-content\/uploads\/2022\/09\/2000VA-ON-1.jpg","contentUrl":"https:\/\/redsanstore.com\/wp-content\/uploads\/2022\/09\/2000VA-ON-1.jpg","width":1440,"height":1080},{"@type":"BreadcrumbList","@id":"https:\/\/redsanstore.com\/es\/urun\/2000-va-ups-linea-interactiva\/#breadcrumb","itemListElement":[{"@type":"ListItem","position":1,"name":"Anasayfa","item":"https:\/\/redsanstore.com\/fr\/"},{"@type":"ListItem","position":2,"name":"Tienda","item":"https:\/\/redsanstore.com\/es\/tienda\/"},{"@type":"ListItem","position":3,"name":"2000 VA LINE INTERACTIVE UPS"}]},{"@type":"WebSite","@id":"https:\/\/redsanstore.com\/#website","url":"https:\/\/redsanstore.com\/","name":"Redsan Store","description":"Redres\u00f6r - Reg\u00fclat\u00f6r - UPS - Ak\u00fc","publisher":{"@id":"https:\/\/redsanstore.com\/#organization"},"alternateName":"Redres\u00f6r ve Kesintisiz G\u00fc\u00e7 Kayna\u011f\u0131 Ups","potentialAction":[{"@type":"SearchAction","target":{"@type":"EntryPoint","urlTemplate":"https:\/\/redsanstore.com\/?s={search_term_string}"},"query-input":{"@type":"PropertyValueSpecification","valueRequired":true,"valueName":"search_term_string"}}],"inLanguage":"es"},{"@type":"Organization","@id":"https:\/\/redsanstore.com\/#organization","name":"Redsan Store","alternateName":"Redres\u00f6r ve Kesintisiz G\u00fc\u00e7 Kayna\u011f\u0131 Ups","url":"https:\/\/redsanstore.com\/","logo":{"@type":"ImageObject","inLanguage":"es","@id":"https:\/\/redsanstore.com\/#\/schema\/logo\/image\/","url":"https:\/\/redsanstore.com\/wp-content\/uploads\/2024\/06\/redresor-ups-site-gorseli.jpg","contentUrl":"https:\/\/redsanstore.com\/wp-content\/uploads\/2024\/06\/redresor-ups-site-gorseli.jpg","width":1200,"height":675,"caption":"Redsan Store"},"image":{"@id":"https:\/\/redsanstore.com\/#\/schema\/logo\/image\/"},"sameAs":["https:\/\/www.facebook.com\/redsanelektronik","https:\/\/www.instagram.com\/redsanelektronik\/","https:\/\/www.linkedin.com\/company\/redsan-elektronik\/"]}]}},"_links":{"self":[{"href":"https:\/\/redsanstore.com\/es\/wp-json\/wp\/v2\/product\/85445","targetHints":{"allow":["GET"]}}],"collection":[{"href":"https:\/\/redsanstore.com\/es\/wp-json\/wp\/v2\/product"}],"about":[{"href":"https:\/\/redsanstore.com\/es\/wp-json\/wp\/v2\/types\/product"}],"replies":[{"embeddable":true,"href":"https:\/\/redsanstore.com\/es\/wp-json\/wp\/v2\/comments?post=85445"}],"version-history":[{"count":1,"href":"https:\/\/redsanstore.com\/es\/wp-json\/wp\/v2\/product\/85445\/revisions"}],"predecessor-version":[{"id":101613,"href":"https:\/\/redsanstore.com\/es\/wp-json\/wp\/v2\/product\/85445\/revisions\/101613"}],"wp:featuredmedia":[{"embeddable":true,"href":"https:\/\/redsanstore.com\/es\/wp-json\/wp\/v2\/media\/87439"}],"wp:attachment":[{"href":"https:\/\/redsanstore.com\/es\/wp-json\/wp\/v2\/media?parent=85445"}],"wp:term":[{"taxonomy":"product_brand","embeddable":true,"href":"https:\/\/redsanstore.com\/es\/wp-json\/wp\/v2\/product_brand?post=85445"},{"taxonomy":"product_cat","embeddable":true,"href":"https:\/\/redsanstore.com\/es\/wp-json\/wp\/v2\/product_cat?post=85445"},{"taxonomy":"product_tag","embeddable":true,"href":"https:\/\/redsanstore.com\/es\/wp-json\/wp\/v2\/product_tag?post=85445"}],"curies":[{"name":"wp","href":"https:\/\/api.w.org\/{rel}","templated":true}]}}