{"id":101268,"date":"2026-02-04T16:58:48","date_gmt":"2026-02-04T13:58:48","guid":{"rendered":"https:\/\/redsanstore.com\/urun\/10-120-kva-en-linea-ups\/"},"modified":"2026-02-23T08:56:39","modified_gmt":"2026-02-23T05:56:39","slug":"10-120-kva-en-linea-ups","status":"publish","type":"product","link":"https:\/\/redsanstore.com\/es\/urun\/10-120-kva-en-linea-ups\/","title":{"rendered":"10 &#8211; 120 Kva En l\u00ednea Ups"},"content":{"rendered":"<h3>Caracter\u00edsticas<\/h3>\n<ul>\n<li>VFI-SS-111 Est\u00e1ndar Entrada Voltaje y Frecuencia Independiente Funcionamiento<\/li>\n<li>Rectificador IGBT controlado por DSP<\/li>\n<li>Inversor IGBT &#8211; Sistema de carga de bater\u00edas<\/li>\n<li>Amplio rango de tensi\u00f3n de entrada<\/li>\n<li>Factor de potencia de entrada alto (&gt;0,99)<\/li>\n<li>Alcance de hasta un 94 % de eficiencia en modo en l\u00ednea.<\/li>\n<li>Alcance de hasta un 98 % de eficiencia en modo Eco.<\/li>\n<li>Forma de onda de salida sinusoidal pura<\/li>\n<li>\u041d\u0438\u0437\u043a\u0438\u0439 \u0443\u0440\u043e\u0432\u0435\u043d\u044c \u0433\u0430\u0440\u043c\u043e\u043d\u0438\u0447\u0435\u0441\u043a\u0438\u0445 \u0438\u0441\u043a\u0430\u0436\u0435\u043d\u0438\u0439<\/li>\n<li>Bypass est\u00e1tico y manual<\/li>\n<li>Protecci\u00f3n electromagn\u00e9tica y contra interferencias de radiofrecuencia (RFI)<\/li>\n<li>Panel digital con informaci\u00f3n sobre la red, el sistema de carga, el estado de la bater\u00eda y el voltaje de salida.<\/li>\n<li>Sistema de carga inteligente para una larga vida \u00fatil de la bater\u00eda<\/li>\n<li>Monitorizaci\u00f3n y apagado seguro mediante RS232<\/li>\n<li>Comunicaci\u00f3n por puerto serie, salidas de contacto de rel\u00e9 inteligente<\/li>\n<li>Funcionamiento silencioso con control inteligente de la velocidad del ventilador<\/li>\n<li>Seg\u00fan las necesidades especial producci\u00f3n entrada \/ salida valores<\/li>\n<\/ul>\n<h3>Aplicaciones<\/h3>\n<ul>\n<li>Centros de informaci\u00f3n<\/li>\n<li>F\u00e1bricas<\/li>\n<li>Dispositivos m\u00e9dicos<\/li>\n<li>Sistemas de emergencia (alarma)<\/li>\n<li>Dispositivos de comunicaci\u00f3n<\/li>\n<li>Salas de servidores<\/li>\n<li>Aplicaciones industriales<\/li>\n<li>Personal Ordenadores<\/li>\n<li>Peque\u00f1a red inform\u00e1tica<\/li>\n<li>Sistemas de red<\/li>\n<\/ul>\n<h3>Ventajas<\/h3>\n<ul>\n<li style=\"list-style-type: none;\">\n<ul>\n<li>\u00daltima tecnolog\u00eda<\/li>\n<li>Uso eficiente<\/li>\n<li>Tensi\u00f3n de salida limpia y estable<\/li>\n<li>Protecci\u00f3n contra sobrecargas y cortocircuitos<\/li>\n<li>A distancia Gesti\u00f3n<\/li>\n<\/ul>\n<\/li>\n<\/ul>\n<ul>\n<li>Valores ajustables<\/li>\n<li>Compatibilidad del generador<\/li>\n<\/ul>\n<h3>T\u00e9cnico Caracter\u00edsticas<\/h3>\n<table border=\"1\" cellspacing=\"0\" cellpadding=\"5\">\n<tbody>\n<tr>\n<th>POTENCIA<\/th>\n<th>10 kVA<\/th>\n<th>20 kVA<\/th>\n<th>30 kVA<\/th>\n<th>40 kVA<\/th>\n<th>45 kVA<\/th>\n<th>60 kVA<\/th>\n<th>80 kVA<\/th>\n<th>100 kVA<\/th>\n<th>120 kVA<\/th>\n<\/tr>\n<tr>\n<td colspan=\"10\"><strong>INTRODUCCI\u00d3N<\/strong><\/td>\n<\/tr>\n<tr>\n<td>Tensi\u00f3n<\/td>\n<td colspan=\"9\">380 \/ 400 \/ 415 VCA 3 fases + N<\/td>\n<\/tr>\n<tr>\n<td>Tolerancia de tensi\u00f3n<\/td>\n<td colspan=\"9\">\u00b1 5 % &#8211; 20 % (ajustable)<\/td>\n<\/tr>\n<tr>\n<td>Potencia Factor<\/td>\n<td colspan=\"9\">\u22650,99<\/td>\n<\/tr>\n<tr>\n<td>Frecuencia<\/td>\n<td colspan=\"9\">50 \/ 60 Hz \u00b1 5 %<\/td>\n<\/tr>\n<tr>\n<td>THDi<\/td>\n<td colspan=\"9\">&lt; %4<\/td>\n<\/tr>\n<tr>\n<td colspan=\"10\"><strong>BYPASS<\/strong><\/td>\n<\/tr>\n<tr>\n<td>Conexi\u00f3n de doble entrada<\/td>\n<td colspan=\"9\">Est\u00e1ndar<\/td>\n<\/tr>\n<tr>\n<td>Tensi\u00f3n<\/td>\n<td colspan=\"9\">380 \/ 400 \/ 415 VCA 3 fases + N<\/td>\n<\/tr>\n<tr>\n<td>Tolerancia de tensi\u00f3n<\/td>\n<td colspan=\"9\">\u00b110 % (ajustable)<\/td>\n<\/tr>\n<tr>\n<td>Frecuencia<\/td>\n<td colspan=\"9\">50\/60 Hz<\/td>\n<\/tr>\n<tr>\n<td>Frecuencia Tolerancia<\/td>\n<td colspan=\"9\">\u00b110 % (ajustable)<\/td>\n<\/tr>\n<tr>\n<td colspan=\"10\"><strong>SALIDA<\/strong><\/td>\n<\/tr>\n<tr>\n<td>Tensi\u00f3n<\/td>\n<td colspan=\"9\">380 \/ 400 \/ 415 VCA 3 fases + N<\/td>\n<\/tr>\n<tr>\n<td>Tolerancia de tensi\u00f3n<\/td>\n<td colspan=\"9\">\u00b11 % (carga est\u00e1tica), seg\u00fan VFI-SS-111 en carga din\u00e1mica<\/td>\n<\/tr>\n<tr>\n<td>Frecuencia<\/td>\n<td colspan=\"9\">50 Hz \/ 60 Hz (opcional)<\/td>\n<\/tr>\n<tr>\n<td>Tolerancia de frecuencia<\/td>\n<td colspan=\"9\">\u00b10,1 % (en funcionamiento libre), \u00b14 % (sincronizado con la red, ajustable \u00b15 %)<\/td>\n<\/tr>\n<tr>\n<td>Factor de potencia<\/td>\n<td colspan=\"9\">0,8 (opcional 0,9 o 1)<\/td>\n<\/tr>\n<tr>\n<td>THDv<\/td>\n<td colspan=\"9\">&lt; %3 carga lineal, &lt; %5 carga no lineal (IEC\/EN 62040-3)<\/td>\n<\/tr>\n<tr>\n<td>Factor Crest<\/td>\n<td colspan=\"9\">3:1<\/td>\n<\/tr>\n<tr>\n<td colspan=\"10\"><strong>CAPACIDAD DE SOBRECARGA<\/strong><\/td>\n<\/tr>\n<tr>\n<td>100 &#8211; 110 %<\/td>\n<td colspan=\"9\">Funciona continuamente en posici\u00f3n normal<\/td>\n<\/tr>\n<tr>\n<td>110 &#8211; 125 %<\/td>\n<td colspan=\"9\">10 min.<\/td>\n<\/tr>\n<tr>\n<td>125 &#8211; 150%<\/td>\n<td colspan=\"9\">1 dk.<\/td>\n<\/tr>\n<tr>\n<td>&gt;150 %<\/td>\n<td colspan=\"9\">En posici\u00f3n de derivaci\u00f3n continua<\/td>\n<\/tr>\n<tr>\n<td colspan=\"10\"><strong>AKU<\/strong><\/td>\n<\/tr>\n<tr>\n<td>Bater\u00eda N\u00famero<\/td>\n<td colspan=\"9\">60 Unidades (+405 VCC \/ -405 VCC)<\/td>\n<\/tr>\n<tr>\n<td>Compartimento de la bater\u00eda<\/td>\n<td colspan=\"5\">Interno<\/td>\n<td colspan=\"4\">Externo<\/td>\n<\/tr>\n<tr>\n<td>Protecci\u00f3n de la bater\u00eda<\/td>\n<td colspan=\"9\">Protecci\u00f3n contra descarga profunda<\/td>\n<\/tr>\n<tr>\n<td>Prueba de bater\u00eda<\/td>\n<td colspan=\"9\">Autom\u00e1tico \/ Manual<\/td>\n<\/tr>\n<tr>\n<td colspan=\"10\"><strong>RENDIMIENTO<\/strong><\/td>\n<\/tr>\n<tr>\n<td>En l\u00ednea Modo (A plena carga)<\/td>\n<td colspan=\"9\">&gt; 92 %<\/td>\n<\/tr>\n<tr>\n<td>Modo ecol\u00f3gico (a plena carga)<\/td>\n<td colspan=\"9\">&gt; 98 %<\/td>\n<\/tr>\n<tr>\n<td colspan=\"10\"><strong>GENERAL<\/strong><\/td>\n<\/tr>\n<tr>\n<td>Topolog\u00eda<\/td>\n<td colspan=\"9\">Real en l\u00ednea &#8211; Doble ciclo, rectificador e inversor IGBT<\/td>\n<\/tr>\n<tr>\n<td>Control Tecnolog\u00eda<\/td>\n<td colspan=\"9\">3 Unidades DSP procesador, SPWM<\/td>\n<\/tr>\n<tr>\n<td>Indicadores<\/td>\n<td colspan=\"9\">Panel LCD gr\u00e1fico, diagrama Mimic, teclas de control, indicadores LED de error<\/td>\n<\/tr>\n<tr>\n<td colspan=\"10\"><strong>OPCIONES<\/strong><\/td>\n<\/tr>\n<tr>\n<td>Trabajo paralelo<\/td>\n<td colspan=\"9\">Hasta 6 unidades<\/td>\n<\/tr>\n<tr>\n<td>Comunicaci\u00f3n<\/td>\n<td colspan=\"9\">SNMP, RS232, RS485, MODBUS<\/td>\n<\/tr>\n<tr>\n<td>Monitorizaci\u00f3n remota<\/td>\n<td colspan=\"9\">Vista SNMP, UPSMon, Panel remoto<\/td>\n<\/tr>\n<tr>\n<td>Seco Contacto Rel\u00e9 Salidas<\/td>\n<td colspan=\"9\">Programable 3 Seco Contacto<\/td>\n<\/tr>\n<tr>\n<td>Entradas especiales<\/td>\n<td colspan=\"9\">Generador, control de temperatura de la bater\u00eda, apagado de emergencia remoto (EPO)<\/td>\n<\/tr>\n<tr>\n<td colspan=\"10\"><strong>TRABAJO CONDICIONES<\/strong><\/td>\n<\/tr>\n<tr>\n<td>Temperatura de funcionamiento<\/td>\n<td colspan=\"9\">0 \u00b0C &#8211; 40 \u00b0C<\/td>\n<\/tr>\n<tr>\n<td>Humedad<\/td>\n<td colspan=\"9\">0 % &#8211; 95 % (sin condensaci\u00f3n)<\/td>\n<\/tr>\n<tr>\n<td>Altitud<\/td>\n<td colspan=\"9\">\u2264 2000 m<\/td>\n<\/tr>\n<tr>\n<td>Ruido<\/td>\n<td colspan=\"9\">&lt; 65 dB(A)<\/td>\n<\/tr>\n<tr>\n<td colspan=\"10\"><strong>CONDICIONES F\u00cdSICAS<\/strong><\/td>\n<\/tr>\n<tr>\n<td>Dimensiones (ExBxY) mm<\/td>\n<td colspan=\"3\">350x795x1110<\/td>\n<td colspan=\"3\">500x806x1213<\/td>\n<td colspan=\"3\">550x800x1335<\/td>\n<\/tr>\n<tr>\n<td>Peso (kg)<\/td>\n<td>82<\/td>\n<td>85<\/td>\n<td>90<\/td>\n<td>100<\/td>\n<td>110<\/td>\n<td>165<\/td>\n<td>172<\/td>\n<td>290<\/td>\n<td>315<\/td>\n<\/tr>\n<tr>\n<td>Clase de protecci\u00f3n<\/td>\n<td colspan=\"9\">IP 20<\/td>\n<\/tr>\n<\/tbody>\n<\/table>\n<h2 style=\"color: #8b2533;\"><strong>10 \u2013 120 kVA UPS en l\u00ednea: Presentaci\u00f3n general<\/strong><\/h2>\n<p>La serie de UPS online de 10 a 120 kVA son soluciones profesionales de alimentaci\u00f3n ininterrumpida dise\u00f1adas para satisfacer las elevadas necesidades energ\u00e9ticas de medianas y grandes empresas, centros de datos e instalaciones industriales. Gracias a su topolog\u00eda de doble conversi\u00f3n online real, a\u00edslan completamente la energ\u00eda procedente de la red y proporcionan una salida limpia y estable a los dispositivos. <\/p>\n<p>Esta serie se adapta a proyectos de diferentes escalas gracias a sus amplias opciones de capacidad, que van desde 10 kVA hasta 120 kVA. Ofrece m\u00e1xima seguridad, alta eficiencia y rendimiento duradero en entornos donde es necesario proteger infraestructuras cr\u00edticas. <\/p>\n<h2 style=\"color: #8b2533;\"><strong>Tecnolog\u00eda de doble conversi\u00f3n en l\u00ednea real<\/strong><\/h2>\n<p>En los sistemas UPS en l\u00ednea, la energ\u00eda pasa continuamente a trav\u00e9s del rectificador y el inversor. Gracias a esta estructura, las fluctuaciones repentinas de voltaje, las distorsiones de frecuencia, los arm\u00f3nicos y las microinterrupciones se filtran antes de llegar a los dispositivos. Con un principio de funcionamiento conforme a la norma VFI-SS-111, produce una salida estable independiente del voltaje y la frecuencia de entrada.  <\/p>\n<p>La tecnolog\u00eda de rectificadores IGBT e inversores IGBT proporciona una conversi\u00f3n de energ\u00eda de alto rendimiento y bajas p\u00e9rdidas. Esto ofrece importantes ventajas tanto en t\u00e9rminos de seguridad del dispositivo como de eficiencia energ\u00e9tica. <\/p>\n<h2 style=\"color: #8b2533;\"><strong>Alta eficiencia y ahorro energ\u00e9tico<\/strong><\/h2>\n<p>En modo online, ofrece una eficiencia superior al 92 %, y en modo Eco, alcanza hasta el 98 %, lo que supone un importante ahorro energ\u00e9tico para las empresas. Gracias a su alto factor de potencia de entrada (&gt;0,99) y su baja distorsi\u00f3n arm\u00f3nica (THDi &lt; 4 %), supone una carga m\u00ednima para la red. <\/p>\n<p>El sistema inteligente de control de velocidad del ventilador optimiza el consumo de energ\u00eda y garantiza un funcionamiento silencioso. Esta caracter\u00edstica ofrece un uso c\u00f3modo, especialmente en entornos de oficinas y centros de datos. <\/p>\n<h2 style=\"color: #8b2533;\"><strong>Paralelo Trabajo y Escalable Estructura<\/strong><\/h2>\n<p>Esta serie ofrece soporte para el funcionamiento en paralelo de hasta 6 unidades. De este modo, se puede aumentar la capacidad o garantizar la redundancia. A medida que las empresas crecen, la infraestructura de energ\u00eda tambi\u00e9n se puede ampliar de forma flexible.  <\/p>\n<p>Gracias a su estructura de sistema paralelo, ofrece la posibilidad de un funcionamiento ininterrumpido en centros de datos y plantas de producci\u00f3n que requieren una alta continuidad.<\/p>\n<h2 style=\"color: #8b2533;\"><strong>Inteligente Bater\u00eda Gesti\u00f3n Sistema<\/strong><\/h2>\n<p>Avanzada tecnolog\u00eda de carga y protecci\u00f3n contra descarga profunda con funci\u00f3n de bater\u00eda vida \u00fatil m\u00e1ximo nivel se eleva. Las funciones autom\u00e1ticas y manuales de prueba de la bater\u00eda permiten mantener la seguridad del sistema bajo control continuo. a19&gt; seguridad del sistema se mantiene bajo control constante. <\/p>\n<p>Con la opci\u00f3n de la caja de bater\u00eda externa se pueden obtener tiempos de respaldo prolongados. Esta caracter\u00edstica supone una gran ventaja, especialmente en zonas donde se producen cortes de energ\u00eda prolongados. <\/p>\n<h2 style=\"color: #8b2533;\"><strong>Geli\u015fmi\u015f Haberle\u015fme ve Uzaktan Y\u00f6netim<\/strong><\/h2>\n<p>Gracias a los protocolos de comunicaci\u00f3n SNMP, RS232, RS485 y MODBUS, el sistema puede supervisarse y gestionarse de forma remota. Con el apoyo de software como UPSMon, SNMP View y Remote Panel, los equipos de TI pueden proporcionar un control centralizado. <\/p>\n<p>Se ha aumentado el nivel de seguridad e integraci\u00f3n con salidas de rel\u00e9 de contacto seco programables y entradas de apagado de emergencia remoto (EPO).<\/p>\n<h2 style=\"color: #8b2533;\"><strong>Resistencia industrial y seguridad<\/strong><\/h2>\n<p>Con una estructura resistente con clase de protecci\u00f3n IP20, es adecuado para entornos industriales. Ofrece un rendimiento estable en diferentes condiciones ambientales, con una temperatura de funcionamiento de entre 0 \u00b0C y 40 \u00b0C y una tolerancia a la humedad sin condensaci\u00f3n de hasta el 95 %. <\/p>\n<p>Est\u00e1tico y manual by-pass caracter\u00edstica gracias a mantenimiento o aver\u00eda situaciones carga sin interrupci\u00f3n a la l\u00ednea de derivaci\u00f3n se puede transferir.<\/p>\n<h2 style=\"color: #8b2533;\"><strong>\u00bfPor qu\u00e9 deber\u00eda elegir un SAI online de 10-120 kVA?<\/strong><\/h2>\n<p>Gracias a su amplio rango de capacidad, su potente infraestructura de hardware y sus avanzados sistemas de protecci\u00f3n, esta serie es la soluci\u00f3n energ\u00e9tica ideal para centros de datos, f\u00e1bricas, hospitales y grandes empresas.<\/p>\n<p>Real online doble ciclo tecnolog\u00eda, alta eficiencia, paralelo funcionamiento soporte y remoto gesti\u00f3n caracter\u00edsticas con su empresa energ\u00eda infraestructura garant\u00eda bajo toma. cr\u00edticos sistemas para sin interrupciones, limpia y fiable energ\u00eda proporciona. <\/p>\n","protected":false},"excerpt":{"rendered":"<p>Caracter\u00edsticas VFI-SS-111 Est\u00e1ndar Entrada Voltaje y Frecuencia Independiente Funcionamiento Rectificador IGBT controlado por DSP Inversor IGBT &#8211; Sistema de carga<\/p>\n","protected":false},"featured_media":101228,"comment_status":"closed","ping_status":"closed","template":"","meta":[],"product_brand":[],"product_cat":[709],"product_tag":[],"class_list":{"0":"post-101268","1":"product","2":"type-product","3":"status-publish","4":"has-post-thumbnail","6":"product_cat-10-120-kva-online-ups","8":"first","9":"instock","10":"taxable","11":"shipping-taxable","12":"product-type-simple"},"yoast_head":"<!-- This site is optimized with the Yoast SEO Premium plugin v25.8 (Yoast SEO v25.9) - https:\/\/yoast.com\/wordpress\/plugins\/seo\/ -->\n<title>10 - 120 Kva En l\u00ednea Ups - Redsan Store<\/title>\n<meta name=\"robots\" content=\"index, follow, max-snippet:-1, max-image-preview:large, max-video-preview:-1\" \/>\n<link rel=\"canonical\" href=\"https:\/\/redsanstore.com\/es\/urun\/10-120-kva-en-linea-ups\/\" \/>\n<meta property=\"og:locale\" content=\"es_ES\" \/>\n<meta property=\"og:type\" content=\"article\" \/>\n<meta property=\"og:title\" content=\"10 - 120 Kva En l\u00ednea Ups\" \/>\n<meta property=\"og:description\" content=\"Caracter\u00edsticas VFI-SS-111 Est\u00e1ndar Entrada Voltaje y Frecuencia Independiente Funcionamiento Rectificador IGBT controlado por DSP Inversor IGBT &#8211; Sistema de carga\" \/>\n<meta property=\"og:url\" content=\"https:\/\/redsanstore.com\/es\/urun\/10-120-kva-en-linea-ups\/\" \/>\n<meta property=\"og:site_name\" content=\"Redsan Store\" \/>\n<meta property=\"article:publisher\" content=\"https:\/\/www.facebook.com\/redsanelektronik\" \/>\n<meta property=\"article:modified_time\" content=\"2026-02-23T05:56:39+00:00\" \/>\n<meta property=\"og:image\" content=\"https:\/\/redsanstore.com\/wp-content\/uploads\/2026\/02\/16c641e5-cb12-40e7-a8dc-15cae597c195.jpg\" \/>\n\t<meta property=\"og:image:width\" content=\"1024\" \/>\n\t<meta property=\"og:image:height\" content=\"1024\" \/>\n\t<meta property=\"og:image:type\" content=\"image\/jpeg\" \/>\n<meta name=\"twitter:card\" content=\"summary_large_image\" \/>\n<meta name=\"twitter:label1\" content=\"Est. reading time\" \/>\n\t<meta name=\"twitter:data1\" content=\"4 minutos\" \/>\n<script type=\"application\/ld+json\" class=\"yoast-schema-graph\">{\"@context\":\"https:\/\/schema.org\",\"@graph\":[{\"@type\":\"WebPage\",\"@id\":\"https:\/\/redsanstore.com\/es\/urun\/10-120-kva-en-linea-ups\/\",\"url\":\"https:\/\/redsanstore.com\/es\/urun\/10-120-kva-en-linea-ups\/\",\"name\":\"10 - 120 Kva En l\u00ednea Ups - Redsan Store\",\"isPartOf\":{\"@id\":\"https:\/\/redsanstore.com\/#website\"},\"primaryImageOfPage\":{\"@id\":\"https:\/\/redsanstore.com\/es\/urun\/10-120-kva-en-linea-ups\/#primaryimage\"},\"image\":{\"@id\":\"https:\/\/redsanstore.com\/es\/urun\/10-120-kva-en-linea-ups\/#primaryimage\"},\"thumbnailUrl\":\"https:\/\/redsanstore.com\/wp-content\/uploads\/2026\/02\/16c641e5-cb12-40e7-a8dc-15cae597c195.jpg\",\"datePublished\":\"2026-02-04T13:58:48+00:00\",\"dateModified\":\"2026-02-23T05:56:39+00:00\",\"breadcrumb\":{\"@id\":\"https:\/\/redsanstore.com\/es\/urun\/10-120-kva-en-linea-ups\/#breadcrumb\"},\"inLanguage\":\"es\",\"potentialAction\":[{\"@type\":\"ReadAction\",\"target\":[\"https:\/\/redsanstore.com\/es\/urun\/10-120-kva-en-linea-ups\/\"]}]},{\"@type\":\"ImageObject\",\"inLanguage\":\"es\",\"@id\":\"https:\/\/redsanstore.com\/es\/urun\/10-120-kva-en-linea-ups\/#primaryimage\",\"url\":\"https:\/\/redsanstore.com\/wp-content\/uploads\/2026\/02\/16c641e5-cb12-40e7-a8dc-15cae597c195.jpg\",\"contentUrl\":\"https:\/\/redsanstore.com\/wp-content\/uploads\/2026\/02\/16c641e5-cb12-40e7-a8dc-15cae597c195.jpg\",\"width\":1024,\"height\":1024},{\"@type\":\"BreadcrumbList\",\"@id\":\"https:\/\/redsanstore.com\/es\/urun\/10-120-kva-en-linea-ups\/#breadcrumb\",\"itemListElement\":[{\"@type\":\"ListItem\",\"position\":1,\"name\":\"Anasayfa\",\"item\":\"https:\/\/redsanstore.com\/fr\/\"},{\"@type\":\"ListItem\",\"position\":2,\"name\":\"Tienda\",\"item\":\"https:\/\/redsanstore.com\/es\/tienda\/\"},{\"@type\":\"ListItem\",\"position\":3,\"name\":\"10 &#8211; 120 Kva En l\u00ednea Ups\"}]},{\"@type\":\"WebSite\",\"@id\":\"https:\/\/redsanstore.com\/#website\",\"url\":\"https:\/\/redsanstore.com\/\",\"name\":\"Redsan Store\",\"description\":\"Redres\u00f6r - Reg\u00fclat\u00f6r - UPS - Ak\u00fc\",\"publisher\":{\"@id\":\"https:\/\/redsanstore.com\/#organization\"},\"alternateName\":\"Redres\u00f6r ve Kesintisiz G\u00fc\u00e7 Kayna\u011f\u0131 Ups\",\"potentialAction\":[{\"@type\":\"SearchAction\",\"target\":{\"@type\":\"EntryPoint\",\"urlTemplate\":\"https:\/\/redsanstore.com\/?s={search_term_string}\"},\"query-input\":{\"@type\":\"PropertyValueSpecification\",\"valueRequired\":true,\"valueName\":\"search_term_string\"}}],\"inLanguage\":\"es\"},{\"@type\":\"Organization\",\"@id\":\"https:\/\/redsanstore.com\/#organization\",\"name\":\"Redsan Store\",\"alternateName\":\"Redres\u00f6r ve Kesintisiz G\u00fc\u00e7 Kayna\u011f\u0131 Ups\",\"url\":\"https:\/\/redsanstore.com\/\",\"logo\":{\"@type\":\"ImageObject\",\"inLanguage\":\"es\",\"@id\":\"https:\/\/redsanstore.com\/#\/schema\/logo\/image\/\",\"url\":\"https:\/\/redsanstore.com\/wp-content\/uploads\/2024\/06\/redresor-ups-site-gorseli.jpg\",\"contentUrl\":\"https:\/\/redsanstore.com\/wp-content\/uploads\/2024\/06\/redresor-ups-site-gorseli.jpg\",\"width\":1200,\"height\":675,\"caption\":\"Redsan Store\"},\"image\":{\"@id\":\"https:\/\/redsanstore.com\/#\/schema\/logo\/image\/\"},\"sameAs\":[\"https:\/\/www.facebook.com\/redsanelektronik\",\"https:\/\/www.instagram.com\/redsanelektronik\/\",\"https:\/\/www.linkedin.com\/company\/redsan-elektronik\/\"]}]}<\/script>\n<!-- \/ Yoast SEO Premium plugin. -->","yoast_head_json":{"title":"10 - 120 Kva En l\u00ednea Ups - Redsan Store","robots":{"index":"index","follow":"follow","max-snippet":"max-snippet:-1","max-image-preview":"max-image-preview:large","max-video-preview":"max-video-preview:-1"},"canonical":"https:\/\/redsanstore.com\/es\/urun\/10-120-kva-en-linea-ups\/","og_locale":"es_ES","og_type":"article","og_title":"10 - 120 Kva En l\u00ednea Ups","og_description":"Caracter\u00edsticas VFI-SS-111 Est\u00e1ndar Entrada Voltaje y Frecuencia Independiente Funcionamiento Rectificador IGBT controlado por DSP Inversor IGBT &#8211; Sistema de carga","og_url":"https:\/\/redsanstore.com\/es\/urun\/10-120-kva-en-linea-ups\/","og_site_name":"Redsan Store","article_publisher":"https:\/\/www.facebook.com\/redsanelektronik","article_modified_time":"2026-02-23T05:56:39+00:00","og_image":[{"width":1024,"height":1024,"url":"https:\/\/redsanstore.com\/wp-content\/uploads\/2026\/02\/16c641e5-cb12-40e7-a8dc-15cae597c195.jpg","type":"image\/jpeg"}],"twitter_card":"summary_large_image","twitter_misc":{"Est. reading time":"4 minutos"},"schema":{"@context":"https:\/\/schema.org","@graph":[{"@type":"WebPage","@id":"https:\/\/redsanstore.com\/es\/urun\/10-120-kva-en-linea-ups\/","url":"https:\/\/redsanstore.com\/es\/urun\/10-120-kva-en-linea-ups\/","name":"10 - 120 Kva En l\u00ednea Ups - Redsan Store","isPartOf":{"@id":"https:\/\/redsanstore.com\/#website"},"primaryImageOfPage":{"@id":"https:\/\/redsanstore.com\/es\/urun\/10-120-kva-en-linea-ups\/#primaryimage"},"image":{"@id":"https:\/\/redsanstore.com\/es\/urun\/10-120-kva-en-linea-ups\/#primaryimage"},"thumbnailUrl":"https:\/\/redsanstore.com\/wp-content\/uploads\/2026\/02\/16c641e5-cb12-40e7-a8dc-15cae597c195.jpg","datePublished":"2026-02-04T13:58:48+00:00","dateModified":"2026-02-23T05:56:39+00:00","breadcrumb":{"@id":"https:\/\/redsanstore.com\/es\/urun\/10-120-kva-en-linea-ups\/#breadcrumb"},"inLanguage":"es","potentialAction":[{"@type":"ReadAction","target":["https:\/\/redsanstore.com\/es\/urun\/10-120-kva-en-linea-ups\/"]}]},{"@type":"ImageObject","inLanguage":"es","@id":"https:\/\/redsanstore.com\/es\/urun\/10-120-kva-en-linea-ups\/#primaryimage","url":"https:\/\/redsanstore.com\/wp-content\/uploads\/2026\/02\/16c641e5-cb12-40e7-a8dc-15cae597c195.jpg","contentUrl":"https:\/\/redsanstore.com\/wp-content\/uploads\/2026\/02\/16c641e5-cb12-40e7-a8dc-15cae597c195.jpg","width":1024,"height":1024},{"@type":"BreadcrumbList","@id":"https:\/\/redsanstore.com\/es\/urun\/10-120-kva-en-linea-ups\/#breadcrumb","itemListElement":[{"@type":"ListItem","position":1,"name":"Anasayfa","item":"https:\/\/redsanstore.com\/fr\/"},{"@type":"ListItem","position":2,"name":"Tienda","item":"https:\/\/redsanstore.com\/es\/tienda\/"},{"@type":"ListItem","position":3,"name":"10 &#8211; 120 Kva En l\u00ednea Ups"}]},{"@type":"WebSite","@id":"https:\/\/redsanstore.com\/#website","url":"https:\/\/redsanstore.com\/","name":"Redsan Store","description":"Redres\u00f6r - Reg\u00fclat\u00f6r - UPS - Ak\u00fc","publisher":{"@id":"https:\/\/redsanstore.com\/#organization"},"alternateName":"Redres\u00f6r ve Kesintisiz G\u00fc\u00e7 Kayna\u011f\u0131 Ups","potentialAction":[{"@type":"SearchAction","target":{"@type":"EntryPoint","urlTemplate":"https:\/\/redsanstore.com\/?s={search_term_string}"},"query-input":{"@type":"PropertyValueSpecification","valueRequired":true,"valueName":"search_term_string"}}],"inLanguage":"es"},{"@type":"Organization","@id":"https:\/\/redsanstore.com\/#organization","name":"Redsan Store","alternateName":"Redres\u00f6r ve Kesintisiz G\u00fc\u00e7 Kayna\u011f\u0131 Ups","url":"https:\/\/redsanstore.com\/","logo":{"@type":"ImageObject","inLanguage":"es","@id":"https:\/\/redsanstore.com\/#\/schema\/logo\/image\/","url":"https:\/\/redsanstore.com\/wp-content\/uploads\/2024\/06\/redresor-ups-site-gorseli.jpg","contentUrl":"https:\/\/redsanstore.com\/wp-content\/uploads\/2024\/06\/redresor-ups-site-gorseli.jpg","width":1200,"height":675,"caption":"Redsan Store"},"image":{"@id":"https:\/\/redsanstore.com\/#\/schema\/logo\/image\/"},"sameAs":["https:\/\/www.facebook.com\/redsanelektronik","https:\/\/www.instagram.com\/redsanelektronik\/","https:\/\/www.linkedin.com\/company\/redsan-elektronik\/"]}]}},"_links":{"self":[{"href":"https:\/\/redsanstore.com\/es\/wp-json\/wp\/v2\/product\/101268","targetHints":{"allow":["GET"]}}],"collection":[{"href":"https:\/\/redsanstore.com\/es\/wp-json\/wp\/v2\/product"}],"about":[{"href":"https:\/\/redsanstore.com\/es\/wp-json\/wp\/v2\/types\/product"}],"replies":[{"embeddable":true,"href":"https:\/\/redsanstore.com\/es\/wp-json\/wp\/v2\/comments?post=101268"}],"version-history":[{"count":3,"href":"https:\/\/redsanstore.com\/es\/wp-json\/wp\/v2\/product\/101268\/revisions"}],"predecessor-version":[{"id":101453,"href":"https:\/\/redsanstore.com\/es\/wp-json\/wp\/v2\/product\/101268\/revisions\/101453"}],"wp:featuredmedia":[{"embeddable":true,"href":"https:\/\/redsanstore.com\/es\/wp-json\/wp\/v2\/media\/101228"}],"wp:attachment":[{"href":"https:\/\/redsanstore.com\/es\/wp-json\/wp\/v2\/media?parent=101268"}],"wp:term":[{"taxonomy":"product_brand","embeddable":true,"href":"https:\/\/redsanstore.com\/es\/wp-json\/wp\/v2\/product_brand?post=101268"},{"taxonomy":"product_cat","embeddable":true,"href":"https:\/\/redsanstore.com\/es\/wp-json\/wp\/v2\/product_cat?post=101268"},{"taxonomy":"product_tag","embeddable":true,"href":"https:\/\/redsanstore.com\/es\/wp-json\/wp\/v2\/product_tag?post=101268"}],"curies":[{"name":"wp","href":"https:\/\/api.w.org\/{rel}","templated":true}]}}