{"id":101241,"date":"2026-02-04T16:00:20","date_gmt":"2026-02-04T13:00:20","guid":{"rendered":"https:\/\/redsanstore.com\/urun\/ariza-gosterge-duzenegi\/"},"modified":"2026-02-25T12:31:54","modified_gmt":"2026-02-25T09:31:54","slug":"sistema-indicador-de-averias","status":"publish","type":"product","link":"https:\/\/redsanstore.com\/es\/urun\/sistema-indicador-de-averias\/","title":{"rendered":"Aver\u00eda Indicador Dispositivo"},"content":{"rendered":"<h2>Dispositivo indicador de corriente de fallo &#8211; Descripci\u00f3n t\u00e9cnica<\/h2>\n<p>El dispositivo indicador de corriente de fallo genera una se\u00f1al de error si la corriente de fallo ajustada supera el valor umbral durante el tiempo de detecci\u00f3n establecido por el usuario. Cuando se produce un fallo, se informa al usuario mediante el LED de se\u00f1al interno, la pantalla LCD y la l\u00e1mpara de se\u00f1al externa. La informaci\u00f3n sobre el fallo se puede transferir a SCADA u otros sistemas auxiliares a trav\u00e9s de contactos secos en el dispositivo.  <\/p>\n<h3>Din\u00e1mica de se\u00f1al y reinicio<\/h3>\n<ul>\n<li><strong>Indicadores LED: <\/strong>Los LED de se\u00f1alizaci\u00f3n parpadean cada 2 segundos durante la primera mitad del tiempo de reinicio y cada 4 segundos durante la segunda mitad. El s\u00edmbolo de fase o corriente de tierra de la p\u00e1gina principal tambi\u00e9n parpadea con la misma periodicidad que el LED para alertar al usuario. <\/li>\n<li><strong>Restablecimiento autom\u00e1tico: <\/strong>El dispositivo se restablece autom\u00e1ticamente 3 segundos despu\u00e9s de que se haya solucionado la aver\u00eda.<\/li>\n<li><strong>Restablecimiento manual\/remoto: <\/strong>El usuario puede restablecer el dispositivo a trav\u00e9s de la interfaz o mediante una entrada digital con aislamiento \u00f3ptico (restablecimiento remoto).<\/li>\n<li><strong>Registro de eventos:<\/strong> las \u00faltimas 20 fallas ocurridas se enumeran en la p\u00e1gina \u00abEventos\u00bb, junto con informaci\u00f3n como el valor actual, la fase defectuosa, la fecha y la hora.<\/li>\n<\/ul>\n<h2>T\u00e9cnico Caracter\u00edsticas<\/h2>\n<table border=\"1\">\n<tbody>\n<tr>\n<th>Par\u00e1metro<\/th>\n<th>Valor \/ Propiedad<\/th>\n<\/tr>\n<tr>\n<td>Rango de alimentaci\u00f3n<\/td>\n<td>30-265 VCA \/ 24-310 VCC<\/td>\n<\/tr>\n<tr>\n<td>Consumo de energ\u00eda<\/td>\n<td>&lt; 3 W<\/td>\n<\/tr>\n<tr>\n<td>Bater\u00eda<\/td>\n<td>I\u00f3n-litio, 3600 mAh, 3,6 V<\/td>\n<\/tr>\n<tr>\n<td>Entradas<\/td>\n<td>Entrada de corriente trif\u00e1sica, entrada digital de 24 VCC (aislada \u00f3pticamente)<\/td>\n<\/tr>\n<tr>\n<td>Rango de medici\u00f3n<\/td>\n<td>0 &#8211; 900 amperios<\/td>\n<\/tr>\n<tr>\n<td>Valores medidos<\/td>\n<td>Corriente trif\u00e1sica (Ia, Ib, Ic), corriente neutra (In)<\/td>\n<\/tr>\n<tr>\n<td>Precisi\u00f3n<\/td>\n<td>\u00b1 3 %<\/td>\n<\/tr>\n<tr>\n<td>Salidas<\/td>\n<td>1-3 unidades (opcional), SPST &#8211; NO contacto, 1 A<\/td>\n<\/tr>\n<tr>\n<td>Comunicaci\u00f3n<\/td>\n<td>Modbus RTU (RS485)<\/td>\n<\/tr>\n<tr>\n<td>Velocidad en baudios<\/td>\n<td>4800, 9600, 19200, 38400<\/td>\n<\/tr>\n<tr>\n<td>Pantalla y Control<\/td>\n<td>128&#215;32 \u00danico Color LCD, 4 Control Bot\u00f3n<\/td>\n<\/tr>\n<tr>\n<td>Opciones de idioma<\/td>\n<td>Turco, ingl\u00e9s<\/td>\n<\/tr>\n<tr>\n<td>Dimensiones y Peso<\/td>\n<td>96 x 48 x 78 mm (tipo panel), 560 g<\/td>\n<\/tr>\n<tr>\n<td>Protecci\u00f3n y Entorno<\/td>\n<td>IP65 (panel frontal), -10 \u00b0C \/ +70 \u00b0C, humedad m\u00e1xima del 95 %. <\/td>\n<\/tr>\n<\/tbody>\n<\/table>\n<h2>Caracter\u00edsticas del transformador de corriente<\/h2>\n<ul>\n<li><strong>Tipo:<\/strong> Desmontable (3 unidades)<\/li>\n<li><strong>Dimensiones:<\/strong> 96 x 48 x 78 mm<\/li>\n<li><strong>Di\u00e1metro del cable:<\/strong> 70 mm<\/li>\n<li><strong>Corriente nominal:<\/strong> 600 A<\/li>\n<\/ul>\n<h2>Dispositivo indicador de corriente de fallo: principio de funcionamiento y ventajas de aplicaci\u00f3n<\/h2>\n<p>El dispositivo indicador de corriente de fallo es un dispositivo de monitorizaci\u00f3n y notificaci\u00f3n controlado por microprocesador, desarrollado con el fin de detectar de forma r\u00e1pida y precisa los fallos fase-fase o fase-tierra que se producen en los sistemas de distribuci\u00f3n de energ\u00eda. En las redes de media y baja tensi\u00f3n, la r\u00e1pida localizaci\u00f3n del punto de fallo es de vital importancia para la continuidad del servicio. Este dispositivo supervisa continuamente los valores umbral establecidos y solo genera una se\u00f1al en caso de fallo real, lo que minimiza el riesgo de falsas alarmas.  <\/p>\n<p>El sistema compara el valor de corriente medido con los par\u00e1metros de umbral y tiempo establecidos por el usuario. Si la corriente de fallo contin\u00faa durante el tiempo establecido, el dispositivo pasa al modo de error y transmite la informaci\u00f3n a trav\u00e9s de salidas visuales, digitales y de comunicaci\u00f3n. Gracias a esta estructura, tanto el personal de campo como los sistemas de control centralizados reciben informaci\u00f3n al instante.  <\/p>\n<h3><strong>Avanzado Seguimiento y Control Mecanismo<\/strong><\/h3>\n<ul>\n<li>Medici\u00f3n en tiempo real de corriente trif\u00e1sica y neutra<\/li>\n<li>Umbral de corriente de fallo ajustable<\/li>\n<li>Tiempo de detecci\u00f3n ajustable<\/li>\n<li>Algoritmo de reinicio inteligente<\/li>\n<li>Soporte para la integraci\u00f3n en sistemas SCADA<\/li>\n<\/ul>\n<p>Gracias a su alta precisi\u00f3n (\u00b1 3 %), las mediciones proporcionan resultados fiables. La f\u00e1cil integraci\u00f3n con sistemas PLC, RTU y SCADA se consigue mediante el protocolo de comunicaci\u00f3n Modbus RTU a trav\u00e9s de RS485. Esta caracter\u00edstica traslada los procesos de monitorizaci\u00f3n energ\u00e9tica y an\u00e1lisis de fallos al entorno digital.  <\/p>\n<h2>Beneficios que aporta a los sistemas de distribuci\u00f3n de energ\u00eda<\/h2>\n<p>Los indicadores de corriente de fallo reducen considerablemente el tiempo de detecci\u00f3n de fallos, especialmente en l\u00edneas de distribuci\u00f3n y sistemas en anillo. Mientras que en los m\u00e9todos tradicionales el punto de fallo es investigado manualmente por los equipos de campo, este dispositivo permite determinar r\u00e1pidamente en qu\u00e9 l\u00ednea y en qu\u00e9 fase se encuentra el fallo. <\/p>\n<ul>\n<li>Reduce el tiempo de interrupci\u00f3n.<\/li>\n<li>Detecta r\u00e1pidamente la ubicaci\u00f3n de la aver\u00eda.<\/li>\n<li>Reduce los costes operativos.<\/li>\n<li>Aumenta la continuidad de la energ\u00eda<\/li>\n<li>Mantenimiento planificaci\u00f3n facilita<\/li>\n<\/ul>\n<h2>SCADA y Automatizaci\u00f3n Integraci\u00f3n<\/h2>\n<p>Gracias a la compatibilidad con la comunicaci\u00f3n Modbus RTU (RS485), la informaci\u00f3n sobre aver\u00edas se puede transferir a las salas de control centrales. Las salidas de contacto seco del dispositivo pueden integrarse con sistemas de alarma o paneles de automatizaci\u00f3n. De este modo, se pueden activar sistemas autom\u00e1ticos de alarma y registro sin intervenci\u00f3n del operador.  <\/p>\n<p>Ajustable baudios velocidad opciones (4800 \u2013 38400) diferentes sistemas infraestructuras compatibilidad proporciona. Esta flexibilidad permite tanto en nuevas instalaciones como a14&gt; como en las modernizaciones de los sistemas existentes. <\/p>\n<h2>Resistencia industrial y dise\u00f1o seguro<\/h2>\n<p>Gracias al dise\u00f1o del panel frontal con clase de protecci\u00f3n IP65, se puede utilizar con seguridad en entornos polvorientos y h\u00famedos. El rango de temperatura de funcionamiento de -10 \u00b0C a +70 \u00b0C garantiza un rendimiento estable incluso en condiciones de campo dif\u00edciles. Con una tolerancia m\u00e1xima de humedad relativa del 95 %, es adecuado para centros de transformaci\u00f3n, paneles de distribuci\u00f3n y cabinas de campo.  <\/p>\n<p>Interna bater\u00eda de iones de litio bater\u00eda (3600 mAh) gracias a energ\u00eda interrupciones incidentes registros protegidos. Se almacenan los datos de fecha, hora y corriente de las \u00faltimas 20 aver\u00edas. an\u00e1lisis y elaboraci\u00f3n de informes en los procesos gran facilidad proporciona. <\/p>\n<h2>\u00c1reas de uso<\/h2>\n<ul>\n<li>Media tensi\u00f3n distribuci\u00f3n cuadros<\/li>\n<li>Transformador centros<\/li>\n<li>Sistemas de redes en anillo<\/li>\n<li>L\u00edneas el\u00e9ctricas de instalaciones industriales<\/li>\n<li>Regiones industriales organizadas<\/li>\n<li>Empresas de producci\u00f3n y distribuci\u00f3n de energ\u00eda<\/li>\n<li>Infraestructura y sistemas energ\u00e9ticos municipales<\/li>\n<\/ul>\n<h2>\u00bfPor qu\u00e9 se debe utilizar un dispositivo indicador de corriente de fallo?<\/h2>\n<p>La detecci\u00f3n r\u00e1pida de posibles fallos en los sistemas energ\u00e9ticos es de gran importancia tanto para la seguridad de los equipos como para la continuidad del funcionamiento. Este dispositivo crea un mecanismo de alerta temprana mediante la monitorizaci\u00f3n precisa de la corriente de fallo. Gracias a la combinaci\u00f3n de LED, pantalla LCD y luz de se\u00f1alizaci\u00f3n externa, ofrece un sistema de alarma f\u00e1cilmente observable sobre el terreno.  <\/p>\n<p>Su dise\u00f1o compacto tipo panel (96 x 48 x 78 mm) y su peso de 560 gramos permiten una f\u00e1cil integraci\u00f3n en los paneles existentes. Su estructura controlada por microprocesador garantiza un funcionamiento duradero y estable. <\/p>\n<p>El dispositivo indicador de corriente de fallo es un componente indispensable de los modernos sistemas de monitorizaci\u00f3n energ\u00e9tica y constituye una soluci\u00f3n ideal para una infraestructura energ\u00e9tica segura, eficiente y sostenible.<\/p>\n","protected":false},"excerpt":{"rendered":"<p>Dispositivo indicador de corriente de fallo &#8211; Descripci\u00f3n t\u00e9cnica El dispositivo indicador de corriente de fallo genera una se\u00f1al de<\/p>\n","protected":false},"featured_media":101191,"comment_status":"closed","ping_status":"closed","template":"","meta":[],"product_brand":[],"product_cat":[694],"product_tag":[],"class_list":{"0":"post-101241","1":"product","2":"type-product","3":"status-publish","4":"has-post-thumbnail","6":"product_cat-sistema-indicador-de-averias","8":"first","9":"instock","10":"taxable","11":"shipping-taxable","12":"product-type-simple"},"yoast_head":"<!-- This site is optimized with the Yoast SEO Premium plugin v25.8 (Yoast SEO v25.9) - https:\/\/yoast.com\/wordpress\/plugins\/seo\/ -->\n<title>Aver\u00eda Indicador Dispositivo - Redsan Store<\/title>\n<meta name=\"robots\" content=\"index, follow, max-snippet:-1, max-image-preview:large, max-video-preview:-1\" \/>\n<link rel=\"canonical\" href=\"https:\/\/redsanstore.com\/es\/urun\/sistema-indicador-de-averias\/\" \/>\n<meta property=\"og:locale\" content=\"es_ES\" \/>\n<meta property=\"og:type\" content=\"article\" \/>\n<meta property=\"og:title\" content=\"Aver\u00eda Indicador Dispositivo\" \/>\n<meta property=\"og:description\" content=\"Dispositivo indicador de corriente de fallo &#8211; Descripci\u00f3n t\u00e9cnica El dispositivo indicador de corriente de fallo genera una se\u00f1al de\" \/>\n<meta property=\"og:url\" content=\"https:\/\/redsanstore.com\/es\/urun\/sistema-indicador-de-averias\/\" \/>\n<meta property=\"og:site_name\" content=\"Redsan Store\" \/>\n<meta property=\"article:publisher\" content=\"https:\/\/www.facebook.com\/redsanelektronik\" \/>\n<meta property=\"article:modified_time\" content=\"2026-02-25T09:31:54+00:00\" \/>\n<meta property=\"og:image\" content=\"https:\/\/redsanstore.com\/wp-content\/uploads\/2026\/02\/1024x1024-ariza-gosterge-duzenegi-scaled.jpg\" \/>\n\t<meta property=\"og:image:width\" content=\"2560\" \/>\n\t<meta property=\"og:image:height\" content=\"2560\" \/>\n\t<meta property=\"og:image:type\" content=\"image\/jpeg\" \/>\n<meta name=\"twitter:card\" content=\"summary_large_image\" \/>\n<meta name=\"twitter:label1\" content=\"Est. reading time\" \/>\n\t<meta name=\"twitter:data1\" content=\"3 minutos\" \/>\n<script type=\"application\/ld+json\" class=\"yoast-schema-graph\">{\"@context\":\"https:\/\/schema.org\",\"@graph\":[{\"@type\":\"WebPage\",\"@id\":\"https:\/\/redsanstore.com\/es\/urun\/sistema-indicador-de-averias\/\",\"url\":\"https:\/\/redsanstore.com\/es\/urun\/sistema-indicador-de-averias\/\",\"name\":\"Aver\u00eda Indicador Dispositivo - Redsan Store\",\"isPartOf\":{\"@id\":\"https:\/\/redsanstore.com\/#website\"},\"primaryImageOfPage\":{\"@id\":\"https:\/\/redsanstore.com\/es\/urun\/sistema-indicador-de-averias\/#primaryimage\"},\"image\":{\"@id\":\"https:\/\/redsanstore.com\/es\/urun\/sistema-indicador-de-averias\/#primaryimage\"},\"thumbnailUrl\":\"https:\/\/redsanstore.com\/wp-content\/uploads\/2026\/02\/1024x1024-ariza-gosterge-duzenegi-scaled.jpg\",\"datePublished\":\"2026-02-04T13:00:20+00:00\",\"dateModified\":\"2026-02-25T09:31:54+00:00\",\"breadcrumb\":{\"@id\":\"https:\/\/redsanstore.com\/es\/urun\/sistema-indicador-de-averias\/#breadcrumb\"},\"inLanguage\":\"es\",\"potentialAction\":[{\"@type\":\"ReadAction\",\"target\":[\"https:\/\/redsanstore.com\/es\/urun\/sistema-indicador-de-averias\/\"]}]},{\"@type\":\"ImageObject\",\"inLanguage\":\"es\",\"@id\":\"https:\/\/redsanstore.com\/es\/urun\/sistema-indicador-de-averias\/#primaryimage\",\"url\":\"https:\/\/redsanstore.com\/wp-content\/uploads\/2026\/02\/1024x1024-ariza-gosterge-duzenegi-scaled.jpg\",\"contentUrl\":\"https:\/\/redsanstore.com\/wp-content\/uploads\/2026\/02\/1024x1024-ariza-gosterge-duzenegi-scaled.jpg\",\"width\":2560,\"height\":2560},{\"@type\":\"BreadcrumbList\",\"@id\":\"https:\/\/redsanstore.com\/es\/urun\/sistema-indicador-de-averias\/#breadcrumb\",\"itemListElement\":[{\"@type\":\"ListItem\",\"position\":1,\"name\":\"Anasayfa\",\"item\":\"https:\/\/redsanstore.com\/fr\/\"},{\"@type\":\"ListItem\",\"position\":2,\"name\":\"Tienda\",\"item\":\"https:\/\/redsanstore.com\/es\/tienda\/\"},{\"@type\":\"ListItem\",\"position\":3,\"name\":\"Aver\u00eda Indicador Dispositivo\"}]},{\"@type\":\"WebSite\",\"@id\":\"https:\/\/redsanstore.com\/#website\",\"url\":\"https:\/\/redsanstore.com\/\",\"name\":\"Redsan Store\",\"description\":\"Redres\u00f6r - Reg\u00fclat\u00f6r - UPS - Ak\u00fc\",\"publisher\":{\"@id\":\"https:\/\/redsanstore.com\/#organization\"},\"alternateName\":\"Redres\u00f6r ve Kesintisiz G\u00fc\u00e7 Kayna\u011f\u0131 Ups\",\"potentialAction\":[{\"@type\":\"SearchAction\",\"target\":{\"@type\":\"EntryPoint\",\"urlTemplate\":\"https:\/\/redsanstore.com\/?s={search_term_string}\"},\"query-input\":{\"@type\":\"PropertyValueSpecification\",\"valueRequired\":true,\"valueName\":\"search_term_string\"}}],\"inLanguage\":\"es\"},{\"@type\":\"Organization\",\"@id\":\"https:\/\/redsanstore.com\/#organization\",\"name\":\"Redsan Store\",\"alternateName\":\"Redres\u00f6r ve Kesintisiz G\u00fc\u00e7 Kayna\u011f\u0131 Ups\",\"url\":\"https:\/\/redsanstore.com\/\",\"logo\":{\"@type\":\"ImageObject\",\"inLanguage\":\"es\",\"@id\":\"https:\/\/redsanstore.com\/#\/schema\/logo\/image\/\",\"url\":\"https:\/\/redsanstore.com\/wp-content\/uploads\/2024\/06\/redresor-ups-site-gorseli.jpg\",\"contentUrl\":\"https:\/\/redsanstore.com\/wp-content\/uploads\/2024\/06\/redresor-ups-site-gorseli.jpg\",\"width\":1200,\"height\":675,\"caption\":\"Redsan Store\"},\"image\":{\"@id\":\"https:\/\/redsanstore.com\/#\/schema\/logo\/image\/\"},\"sameAs\":[\"https:\/\/www.facebook.com\/redsanelektronik\",\"https:\/\/www.instagram.com\/redsanelektronik\/\",\"https:\/\/www.linkedin.com\/company\/redsan-elektronik\/\"]}]}<\/script>\n<!-- \/ Yoast SEO Premium plugin. -->","yoast_head_json":{"title":"Aver\u00eda Indicador Dispositivo - Redsan Store","robots":{"index":"index","follow":"follow","max-snippet":"max-snippet:-1","max-image-preview":"max-image-preview:large","max-video-preview":"max-video-preview:-1"},"canonical":"https:\/\/redsanstore.com\/es\/urun\/sistema-indicador-de-averias\/","og_locale":"es_ES","og_type":"article","og_title":"Aver\u00eda Indicador Dispositivo","og_description":"Dispositivo indicador de corriente de fallo &#8211; Descripci\u00f3n t\u00e9cnica El dispositivo indicador de corriente de fallo genera una se\u00f1al de","og_url":"https:\/\/redsanstore.com\/es\/urun\/sistema-indicador-de-averias\/","og_site_name":"Redsan Store","article_publisher":"https:\/\/www.facebook.com\/redsanelektronik","article_modified_time":"2026-02-25T09:31:54+00:00","og_image":[{"width":2560,"height":2560,"url":"https:\/\/redsanstore.com\/wp-content\/uploads\/2026\/02\/1024x1024-ariza-gosterge-duzenegi-scaled.jpg","type":"image\/jpeg"}],"twitter_card":"summary_large_image","twitter_misc":{"Est. reading time":"3 minutos"},"schema":{"@context":"https:\/\/schema.org","@graph":[{"@type":"WebPage","@id":"https:\/\/redsanstore.com\/es\/urun\/sistema-indicador-de-averias\/","url":"https:\/\/redsanstore.com\/es\/urun\/sistema-indicador-de-averias\/","name":"Aver\u00eda Indicador Dispositivo - Redsan Store","isPartOf":{"@id":"https:\/\/redsanstore.com\/#website"},"primaryImageOfPage":{"@id":"https:\/\/redsanstore.com\/es\/urun\/sistema-indicador-de-averias\/#primaryimage"},"image":{"@id":"https:\/\/redsanstore.com\/es\/urun\/sistema-indicador-de-averias\/#primaryimage"},"thumbnailUrl":"https:\/\/redsanstore.com\/wp-content\/uploads\/2026\/02\/1024x1024-ariza-gosterge-duzenegi-scaled.jpg","datePublished":"2026-02-04T13:00:20+00:00","dateModified":"2026-02-25T09:31:54+00:00","breadcrumb":{"@id":"https:\/\/redsanstore.com\/es\/urun\/sistema-indicador-de-averias\/#breadcrumb"},"inLanguage":"es","potentialAction":[{"@type":"ReadAction","target":["https:\/\/redsanstore.com\/es\/urun\/sistema-indicador-de-averias\/"]}]},{"@type":"ImageObject","inLanguage":"es","@id":"https:\/\/redsanstore.com\/es\/urun\/sistema-indicador-de-averias\/#primaryimage","url":"https:\/\/redsanstore.com\/wp-content\/uploads\/2026\/02\/1024x1024-ariza-gosterge-duzenegi-scaled.jpg","contentUrl":"https:\/\/redsanstore.com\/wp-content\/uploads\/2026\/02\/1024x1024-ariza-gosterge-duzenegi-scaled.jpg","width":2560,"height":2560},{"@type":"BreadcrumbList","@id":"https:\/\/redsanstore.com\/es\/urun\/sistema-indicador-de-averias\/#breadcrumb","itemListElement":[{"@type":"ListItem","position":1,"name":"Anasayfa","item":"https:\/\/redsanstore.com\/fr\/"},{"@type":"ListItem","position":2,"name":"Tienda","item":"https:\/\/redsanstore.com\/es\/tienda\/"},{"@type":"ListItem","position":3,"name":"Aver\u00eda Indicador Dispositivo"}]},{"@type":"WebSite","@id":"https:\/\/redsanstore.com\/#website","url":"https:\/\/redsanstore.com\/","name":"Redsan Store","description":"Redres\u00f6r - Reg\u00fclat\u00f6r - UPS - Ak\u00fc","publisher":{"@id":"https:\/\/redsanstore.com\/#organization"},"alternateName":"Redres\u00f6r ve Kesintisiz G\u00fc\u00e7 Kayna\u011f\u0131 Ups","potentialAction":[{"@type":"SearchAction","target":{"@type":"EntryPoint","urlTemplate":"https:\/\/redsanstore.com\/?s={search_term_string}"},"query-input":{"@type":"PropertyValueSpecification","valueRequired":true,"valueName":"search_term_string"}}],"inLanguage":"es"},{"@type":"Organization","@id":"https:\/\/redsanstore.com\/#organization","name":"Redsan Store","alternateName":"Redres\u00f6r ve Kesintisiz G\u00fc\u00e7 Kayna\u011f\u0131 Ups","url":"https:\/\/redsanstore.com\/","logo":{"@type":"ImageObject","inLanguage":"es","@id":"https:\/\/redsanstore.com\/#\/schema\/logo\/image\/","url":"https:\/\/redsanstore.com\/wp-content\/uploads\/2024\/06\/redresor-ups-site-gorseli.jpg","contentUrl":"https:\/\/redsanstore.com\/wp-content\/uploads\/2024\/06\/redresor-ups-site-gorseli.jpg","width":1200,"height":675,"caption":"Redsan Store"},"image":{"@id":"https:\/\/redsanstore.com\/#\/schema\/logo\/image\/"},"sameAs":["https:\/\/www.facebook.com\/redsanelektronik","https:\/\/www.instagram.com\/redsanelektronik\/","https:\/\/www.linkedin.com\/company\/redsan-elektronik\/"]}]}},"_links":{"self":[{"href":"https:\/\/redsanstore.com\/es\/wp-json\/wp\/v2\/product\/101241","targetHints":{"allow":["GET"]}}],"collection":[{"href":"https:\/\/redsanstore.com\/es\/wp-json\/wp\/v2\/product"}],"about":[{"href":"https:\/\/redsanstore.com\/es\/wp-json\/wp\/v2\/types\/product"}],"replies":[{"embeddable":true,"href":"https:\/\/redsanstore.com\/es\/wp-json\/wp\/v2\/comments?post=101241"}],"version-history":[{"count":2,"href":"https:\/\/redsanstore.com\/es\/wp-json\/wp\/v2\/product\/101241\/revisions"}],"predecessor-version":[{"id":101469,"href":"https:\/\/redsanstore.com\/es\/wp-json\/wp\/v2\/product\/101241\/revisions\/101469"}],"wp:featuredmedia":[{"embeddable":true,"href":"https:\/\/redsanstore.com\/es\/wp-json\/wp\/v2\/media\/101191"}],"wp:attachment":[{"href":"https:\/\/redsanstore.com\/es\/wp-json\/wp\/v2\/media?parent=101241"}],"wp:term":[{"taxonomy":"product_brand","embeddable":true,"href":"https:\/\/redsanstore.com\/es\/wp-json\/wp\/v2\/product_brand?post=101241"},{"taxonomy":"product_cat","embeddable":true,"href":"https:\/\/redsanstore.com\/es\/wp-json\/wp\/v2\/product_cat?post=101241"},{"taxonomy":"product_tag","embeddable":true,"href":"https:\/\/redsanstore.com\/es\/wp-json\/wp\/v2\/product_tag?post=101241"}],"curies":[{"name":"wp","href":"https:\/\/api.w.org\/{rel}","templated":true}]}}