{"id":95982,"date":"2024-02-22T12:23:01","date_gmt":"2024-02-22T09:23:01","guid":{"rendered":"https:\/\/redsanstore.com\/saimonofase-trifase\/"},"modified":"2025-03-11T10:09:51","modified_gmt":"2025-03-11T07:09:51","slug":"saimonofase-trifase","status":"publish","type":"page","link":"https:\/\/redsanstore.com\/es\/saimonofase-trifase\/","title":{"rendered":"SAI(MONOFASE -TRI\u0307FASE)"},"content":{"rendered":"\t\t<div data-elementor-type=\"wp-page\" data-elementor-id=\"95982\" class=\"elementor elementor-95982 elementor-91426\" data-elementor-post-type=\"page\">\n\t\t\t\t\t\t<section class=\"wd-negative-gap elementor-section elementor-top-section elementor-element elementor-element-f96af4f elementor-section-boxed elementor-section-height-default elementor-section-height-default\" data-id=\"f96af4f\" data-element_type=\"section\" data-settings=\"{&quot;jet_parallax_layout_list&quot;:[]}\">\n\t\t\t\t\t\t<div class=\"elementor-container elementor-column-gap-default\">\n\t\t\t\t\t<div class=\"elementor-column elementor-col-50 elementor-top-column elementor-element elementor-element-2d25d05\" data-id=\"2d25d05\" data-element_type=\"column\">\n\t\t\t<div class=\"elementor-widget-wrap elementor-element-populated\">\n\t\t\t\t\t\t<div class=\"elementor-element elementor-element-8a58023 elementor-widget elementor-widget-wd_text_block\" data-id=\"8a58023\" data-element_type=\"widget\" data-widget_type=\"wd_text_block.default\">\n\t\t\t\t<div class=\"elementor-widget-container\">\n\t\t\t\t\t\t\t<div class=\"wd-text-block reset-last-child text-left\">\n\t\t\t\n\t\t\t<h2 style=\"text-align: center;\">SAI (Monof\u00e1sico - Trif\u00e1sico): Soluciones de alimentaci\u00f3n ininterrumpida<\/h2><p>El SAI (Sistema de Alimentaci\u00f3n Ininterrumpida), o Sistema de Alimentaci\u00f3n Ininterrumpida, es un importante dispositivo utilizado para mantener el funcionamiento de los aparatos durante los cortes de corriente. Tanto los SAI monof\u00e1sicos como los trif\u00e1sicos se utilizan para evitar la p\u00e9rdida de datos por cortes de corriente, proteger equipos sensibles y garantizar la continuidad de la actividad. <\/p><h3 style=\"text-align: center;\">\u00bfQu\u00e9 es un SAI monof\u00e1sico?<\/h3><p>Los SAI monof\u00e1sicos son dispositivos de alimentaci\u00f3n el\u00e9ctrica utilizados en sistemas de CA (corriente alterna) monof\u00e1sicos. Se utilizan en hogares, peque\u00f1as oficinas y empresas para no interrumpir el funcionamiento de los dispositivos conectados a sistemas el\u00e9ctricos monof\u00e1sicos. Los SAI monof\u00e1sicos ofrecen una protecci\u00f3n ideal para ordenadores, routers, m\u00f3dems y otros dispositivos sensibles.  <\/p>\n\t\t\t\t\t<\/div>\n\t\t\t\t\t\t<\/div>\n\t\t\t\t<\/div>\n\t\t\t\t<div class=\"elementor-element elementor-element-03c7c21 elementor-widget elementor-widget-spacer\" data-id=\"03c7c21\" data-element_type=\"widget\" data-widget_type=\"spacer.default\">\n\t\t\t\t<div class=\"elementor-widget-container\">\n\t\t\t\t\t\t\t<div class=\"elementor-spacer\">\n\t\t\t<div class=\"elementor-spacer-inner\"><\/div>\n\t\t<\/div>\n\t\t\t\t\t\t<\/div>\n\t\t\t\t<\/div>\n\t\t\t\t<div class=\"elementor-element elementor-element-0901954 elementor-widget__width-initial elementor-widget elementor-widget-image\" data-id=\"0901954\" data-element_type=\"widget\" data-widget_type=\"image.default\">\n\t\t\t\t<div class=\"elementor-widget-container\">\n\t\t\t\t\t\t\t\t\t\t\t\t\t\t\t<img fetchpriority=\"high\" decoding=\"async\" width=\"350\" height=\"350\" src=\"https:\/\/redsanstore.com\/wp-content\/uploads\/2024\/02\/ups.webp\" class=\"attachment-large size-large wp-image-91437\" alt=\"\" srcset=\"https:\/\/redsanstore.com\/wp-content\/uploads\/2024\/02\/ups.webp 350w, https:\/\/redsanstore.com\/wp-content\/uploads\/2024\/02\/ups-300x300.webp 300w, https:\/\/redsanstore.com\/wp-content\/uploads\/2024\/02\/ups-150x150.webp 150w\" sizes=\"(max-width: 350px) 100vw, 350px\" \/>\t\t\t\t\t\t\t\t\t\t\t\t\t\t\t<\/div>\n\t\t\t\t<\/div>\n\t\t\t\t\t<\/div>\n\t\t<\/div>\n\t\t\t\t<div class=\"elementor-column elementor-col-50 elementor-top-column elementor-element elementor-element-20af59d\" data-id=\"20af59d\" data-element_type=\"column\">\n\t\t\t<div class=\"elementor-widget-wrap elementor-element-populated\">\n\t\t\t\t\t\t<div class=\"elementor-element elementor-element-6b3f57e elementor-widget elementor-widget-image\" data-id=\"6b3f57e\" data-element_type=\"widget\" data-widget_type=\"image.default\">\n\t\t\t\t<div class=\"elementor-widget-container\">\n\t\t\t\t\t\t\t\t\t\t\t\t\t\t\t<img decoding=\"async\" width=\"200\" height=\"300\" src=\"https:\/\/redsanstore.com\/wp-content\/uploads\/2024\/02\/ups-monofaze-200x300-1.webp\" class=\"attachment-large size-large wp-image-91431\" alt=\"\" srcset=\"https:\/\/redsanstore.com\/wp-content\/uploads\/2024\/02\/ups-monofaze-200x300-1.webp 200w, https:\/\/redsanstore.com\/wp-content\/uploads\/2024\/02\/ups-monofaze-200x300-1-150x225.webp 150w\" sizes=\"(max-width: 200px) 100vw, 200px\" \/>\t\t\t\t\t\t\t\t\t\t\t\t\t\t\t<\/div>\n\t\t\t\t<\/div>\n\t\t\t\t<div class=\"elementor-element elementor-element-4aabf5c elementor-widget elementor-widget-wd_text_block\" data-id=\"4aabf5c\" data-element_type=\"widget\" data-widget_type=\"wd_text_block.default\">\n\t\t\t\t<div class=\"elementor-widget-container\">\n\t\t\t\t\t\t\t<div class=\"wd-text-block reset-last-child text-left\">\n\t\t\t\n\t\t\t<h3 style=\"text-align: center;\">\u00bfQu\u00e9 es un SAI trif\u00e1sico?<\/h3><p>Los SAI trif\u00e1sicos son dispositivos de suministro el\u00e9ctrico utilizados en sistemas de CA trif\u00e1sicos. Se utilizan en lugares que requieren un alto consumo de energ\u00eda, como plantas industriales, grandes empresas y hospitales. Los SAI trif\u00e1sicos no interrumpen el funcionamiento de los dispositivos conectados a sistemas el\u00e9ctricos trif\u00e1sicos y garantizan la continuidad de la actividad de los sistemas cr\u00edticos.  <\/p>\n\t\t\t\t\t<\/div>\n\t\t\t\t\t\t<\/div>\n\t\t\t\t<\/div>\n\t\t\t\t<div class=\"elementor-element elementor-element-d385368 elementor-widget elementor-widget-wd_text_block\" data-id=\"d385368\" data-element_type=\"widget\" data-widget_type=\"wd_text_block.default\">\n\t\t\t\t<div class=\"elementor-widget-container\">\n\t\t\t\t\t\t\t<div class=\"wd-text-block reset-last-child text-left\">\n\t\t\t\n\t\t\t<p><strong>Los SAI suelen incluir los siguientes componentes:<\/strong><\/p><p><strong>Pilas (Bater\u00edas): <\/strong>Se utilizan para suministrar energ\u00eda durante un corte de luz.<\/p><p><strong>Cargador: <\/strong>Permite cargar las bater\u00edas.<\/p><p><strong>Inversor:<\/strong> Convierte la corriente continua en alterna para que los dispositivos conectados reciban corriente alterna.<\/p><p><strong>Circuitos de control: <\/strong>Detecta la p\u00e9rdida de alimentaci\u00f3n y controla el funcionamiento del SAI.<\/p><p><strong>Tomas o conexiones de salida:<\/strong> Permite a los dispositivos conectados acceder a la alimentaci\u00f3n suministrada por el SAI.<\/p><p>Los SAI son importantes para evitar la p\u00e9rdida de datos, los da\u00f1os en los equipos o las interrupciones de la actividad que pueden derivarse de los cortes de electricidad. Especialmente cuando hay sistemas cr\u00edticos, el uso de SAI garantiza la continuidad ininterrumpida de la actividad y ayuda a proteger los equipos. <\/p>\n\t\t\t\t\t<\/div>\n\t\t\t\t\t\t<\/div>\n\t\t\t\t<\/div>\n\t\t\t\t\t<\/div>\n\t\t<\/div>\n\t\t\t\t\t<\/div>\n\t\t<\/section>\n\t\t\t\t<section class=\"wd-negative-gap elementor-section elementor-top-section elementor-element elementor-element-e713166 elementor-section-boxed elementor-section-height-default elementor-section-height-default\" data-id=\"e713166\" data-element_type=\"section\" data-settings=\"{&quot;jet_parallax_layout_list&quot;:[]}\">\n\t\t\t\t\t\t<div class=\"elementor-container elementor-column-gap-default\">\n\t\t\t\t\t<div class=\"elementor-column elementor-col-100 elementor-top-column elementor-element elementor-element-555da17\" data-id=\"555da17\" data-element_type=\"column\">\n\t\t\t<div class=\"elementor-widget-wrap elementor-element-populated\">\n\t\t\t\t\t\t<div class=\"elementor-element elementor-element-4ddc430 elementor-widget elementor-widget-spacer\" data-id=\"4ddc430\" data-element_type=\"widget\" data-widget_type=\"spacer.default\">\n\t\t\t\t<div class=\"elementor-widget-container\">\n\t\t\t\t\t\t\t<div class=\"elementor-spacer\">\n\t\t\t<div class=\"elementor-spacer-inner\"><\/div>\n\t\t<\/div>\n\t\t\t\t\t\t<\/div>\n\t\t\t\t<\/div>\n\t\t\t\t\t<\/div>\n\t\t<\/div>\n\t\t\t\t\t<\/div>\n\t\t<\/section>\n\t\t\t\t<section class=\"wd-negative-gap elementor-section elementor-top-section elementor-element elementor-element-2b15f24 elementor-section-boxed elementor-section-height-default elementor-section-height-default\" data-id=\"2b15f24\" data-element_type=\"section\" data-settings=\"{&quot;jet_parallax_layout_list&quot;:[]}\">\n\t\t\t\t\t\t<div class=\"elementor-container elementor-column-gap-default\">\n\t\t\t\t\t<div class=\"elementor-column elementor-col-100 elementor-top-column elementor-element elementor-element-f1a7a4a\" data-id=\"f1a7a4a\" data-element_type=\"column\">\n\t\t\t<div class=\"elementor-widget-wrap elementor-element-populated\">\n\t\t\t\t\t\t<div class=\"elementor-element elementor-element-cf71fa0 elementor-widget elementor-widget-wd_text_block\" data-id=\"cf71fa0\" data-element_type=\"widget\" data-widget_type=\"wd_text_block.default\">\n\t\t\t\t<div class=\"elementor-widget-container\">\n\t\t\t\t\t\t\t<div class=\"wd-text-block reset-last-child text-left\">\n\t\t\t\n\t\t\t<h3 style=\"text-align: center;\">Ventajas<\/h3><ol><li><p><strong>Sistema de alimentaci\u00f3n ininterrumpida: <\/strong>Los SAI se activan r\u00e1pidamente y proporcionan energ\u00eda ininterrumpida para mantener los dispositivos en funcionamiento durante los cortes de energ\u00eda.<\/p><\/li><li><p><strong>Protecci\u00f3n de datos: <\/strong>Los SAI evitan la p\u00e9rdida de datos por cortes de corriente y protegen los sistemas inform\u00e1ticos.<\/p><\/li><li><p><strong>Protecci\u00f3n de equipos sensibles: <\/strong>Los SAI previenen los da\u00f1os causados por las subidas de tensi\u00f3n y protegen los equipos sensibles, prolongando la vida \u00fatil de los dispositivos.<\/p><\/li><li><p><strong>Continuidad empresarial:<\/strong> Los SAI aumentan la continuidad del negocio y la eficiencia de la producci\u00f3n al garantizar el funcionamiento ininterrumpido de los sistemas cr\u00edticos.<\/p><\/li><li><p><strong>Protecci\u00f3n contra sobretensiones: <\/strong>Los SAI previenen los da\u00f1os causados por subidas repentinas de tensi\u00f3n y garantizan la seguridad de los equipos electr\u00f3nicos.<\/p><\/li><\/ol><p>Los SAI minimizan el impacto negativo de los cortes de energ\u00eda, garantizando a empresas y usuarios un suministro el\u00e9ctrico fiable. Los SAI monof\u00e1sicos y trif\u00e1sicos ofrecen soluciones adecuadas para diversos \u00e1mbitos de aplicaci\u00f3n y son fundamentales para la seguridad el\u00e9ctrica y la estabilidad del sistema. <\/p>\n\t\t\t\t\t<\/div>\n\t\t\t\t\t\t<\/div>\n\t\t\t\t<\/div>\n\t\t\t\t\t<\/div>\n\t\t<\/div>\n\t\t\t\t\t<\/div>\n\t\t<\/section>\n\t\t\t\t<\/div>\n\t\t","protected":false},"excerpt":{"rendered":"<p>SAI (Monof\u00e1sico &#8211; Trif\u00e1sico): Soluciones de alimentaci\u00f3n ininterrumpida El SAI (Sistema de Alimentaci\u00f3n Ininterrumpida), o Sistema de Alimentaci\u00f3n Ininterrumpida, es<\/p>\n","protected":false},"author":1,"featured_media":0,"parent":0,"menu_order":0,"comment_status":"closed","ping_status":"closed","template":"","meta":{"footnotes":""},"class_list":["post-95982","page","type-page","status-publish","hentry"],"yoast_head":"<!-- This site is optimized with the Yoast SEO Premium plugin v25.8 (Yoast SEO v25.9) - https:\/\/yoast.com\/wordpress\/plugins\/seo\/ -->\n<title>SAI(MONOFASE -TRI\u0307FASE) - Redsan Store<\/title>\n<meta name=\"description\" content=\"SAI : El sistema de alimentaci\u00f3n ininterrumpida es un dispositivo importante utilizado para mantener el funcionamiento de los dispositivos durante los cortes de energ\u00eda.\" \/>\n<meta name=\"robots\" content=\"index, follow, max-snippet:-1, max-image-preview:large, max-video-preview:-1\" \/>\n<link rel=\"canonical\" href=\"https:\/\/redsanstore.com\/es\/saimonofase-trifase\/\" \/>\n<meta property=\"og:locale\" content=\"es_ES\" \/>\n<meta property=\"og:type\" content=\"article\" \/>\n<meta property=\"og:title\" content=\"SAI(MONOFASE -TRI\u0307FASE)\" \/>\n<meta property=\"og:description\" content=\"SAI : El sistema de alimentaci\u00f3n ininterrumpida es un dispositivo importante utilizado para mantener el funcionamiento de los dispositivos durante los cortes de energ\u00eda.\" \/>\n<meta property=\"og:url\" content=\"https:\/\/redsanstore.com\/es\/saimonofase-trifase\/\" \/>\n<meta property=\"og:site_name\" content=\"Redsan Store\" \/>\n<meta property=\"article:publisher\" content=\"https:\/\/www.facebook.com\/redsanelektronik\" \/>\n<meta property=\"article:modified_time\" content=\"2025-03-11T07:09:51+00:00\" \/>\n<meta property=\"og:image\" content=\"https:\/\/redsanstore.com\/wp-content\/uploads\/2024\/02\/ups.webp\" \/>\n\t<meta property=\"og:image:width\" content=\"350\" \/>\n\t<meta property=\"og:image:height\" content=\"350\" \/>\n\t<meta property=\"og:image:type\" content=\"image\/webp\" \/>\n<meta name=\"twitter:card\" content=\"summary_large_image\" \/>\n<meta name=\"twitter:label1\" content=\"Tiempo de lectura\" \/>\n\t<meta name=\"twitter:data1\" content=\"3 minutos\" \/>\n<script type=\"application\/ld+json\" class=\"yoast-schema-graph\">{\"@context\":\"https:\/\/schema.org\",\"@graph\":[{\"@type\":\"WebPage\",\"@id\":\"https:\/\/redsanstore.com\/es\/saimonofase-trifase\/\",\"url\":\"https:\/\/redsanstore.com\/es\/saimonofase-trifase\/\",\"name\":\"SAI(MONOFASE -TRI\u0307FASE) - Redsan Store\",\"isPartOf\":{\"@id\":\"https:\/\/redsanstore.com\/#website\"},\"primaryImageOfPage\":{\"@id\":\"https:\/\/redsanstore.com\/es\/saimonofase-trifase\/#primaryimage\"},\"image\":{\"@id\":\"https:\/\/redsanstore.com\/es\/saimonofase-trifase\/#primaryimage\"},\"thumbnailUrl\":\"https:\/\/redsanstore.com\/wp-content\/uploads\/2024\/02\/ups.webp\",\"datePublished\":\"2024-02-22T09:23:01+00:00\",\"dateModified\":\"2025-03-11T07:09:51+00:00\",\"description\":\"SAI : El sistema de alimentaci\u00f3n ininterrumpida es un dispositivo importante utilizado para mantener el funcionamiento de los dispositivos durante los cortes de energ\u00eda.\",\"breadcrumb\":{\"@id\":\"https:\/\/redsanstore.com\/es\/saimonofase-trifase\/#breadcrumb\"},\"inLanguage\":\"es\",\"potentialAction\":[{\"@type\":\"ReadAction\",\"target\":[\"https:\/\/redsanstore.com\/es\/saimonofase-trifase\/\"]}]},{\"@type\":\"ImageObject\",\"inLanguage\":\"es\",\"@id\":\"https:\/\/redsanstore.com\/es\/saimonofase-trifase\/#primaryimage\",\"url\":\"https:\/\/redsanstore.com\/wp-content\/uploads\/2024\/02\/ups.webp\",\"contentUrl\":\"https:\/\/redsanstore.com\/wp-content\/uploads\/2024\/02\/ups.webp\"},{\"@type\":\"BreadcrumbList\",\"@id\":\"https:\/\/redsanstore.com\/es\/saimonofase-trifase\/#breadcrumb\",\"itemListElement\":[{\"@type\":\"ListItem\",\"position\":1,\"name\":\"Anasayfa\",\"item\":\"https:\/\/redsanstore.com\/fr\/\"},{\"@type\":\"ListItem\",\"position\":2,\"name\":\"SAI(MONOFASE -TRI\u0307FASE)\"}]},{\"@type\":\"WebSite\",\"@id\":\"https:\/\/redsanstore.com\/#website\",\"url\":\"https:\/\/redsanstore.com\/\",\"name\":\"Redsan Store\",\"description\":\"Redres\u00f6r - Reg\u00fclat\u00f6r - UPS - Ak\u00fc\",\"publisher\":{\"@id\":\"https:\/\/redsanstore.com\/#organization\"},\"alternateName\":\"Redres\u00f6r ve Kesintisiz G\u00fc\u00e7 Kayna\u011f\u0131 Ups\",\"potentialAction\":[{\"@type\":\"SearchAction\",\"target\":{\"@type\":\"EntryPoint\",\"urlTemplate\":\"https:\/\/redsanstore.com\/?s={search_term_string}\"},\"query-input\":{\"@type\":\"PropertyValueSpecification\",\"valueRequired\":true,\"valueName\":\"search_term_string\"}}],\"inLanguage\":\"es\"},{\"@type\":\"Organization\",\"@id\":\"https:\/\/redsanstore.com\/#organization\",\"name\":\"Redsan Store\",\"alternateName\":\"Redres\u00f6r ve Kesintisiz G\u00fc\u00e7 Kayna\u011f\u0131 Ups\",\"url\":\"https:\/\/redsanstore.com\/\",\"logo\":{\"@type\":\"ImageObject\",\"inLanguage\":\"es\",\"@id\":\"https:\/\/redsanstore.com\/#\/schema\/logo\/image\/\",\"url\":\"https:\/\/redsanstore.com\/wp-content\/uploads\/2024\/06\/redresor-ups-site-gorseli.jpg\",\"contentUrl\":\"https:\/\/redsanstore.com\/wp-content\/uploads\/2024\/06\/redresor-ups-site-gorseli.jpg\",\"width\":1200,\"height\":675,\"caption\":\"Redsan Store\"},\"image\":{\"@id\":\"https:\/\/redsanstore.com\/#\/schema\/logo\/image\/\"},\"sameAs\":[\"https:\/\/www.facebook.com\/redsanelektronik\",\"https:\/\/www.instagram.com\/redsanelektronik\/\",\"https:\/\/www.linkedin.com\/company\/redsan-elektronik\/\"]}]}<\/script>\n<!-- \/ Yoast SEO Premium plugin. -->","yoast_head_json":{"title":"SAI(MONOFASE -TRI\u0307FASE) - Redsan Store","description":"SAI : El sistema de alimentaci\u00f3n ininterrumpida es un dispositivo importante utilizado para mantener el funcionamiento de los dispositivos durante los cortes de energ\u00eda.","robots":{"index":"index","follow":"follow","max-snippet":"max-snippet:-1","max-image-preview":"max-image-preview:large","max-video-preview":"max-video-preview:-1"},"canonical":"https:\/\/redsanstore.com\/es\/saimonofase-trifase\/","og_locale":"es_ES","og_type":"article","og_title":"SAI(MONOFASE -TRI\u0307FASE)","og_description":"SAI : El sistema de alimentaci\u00f3n ininterrumpida es un dispositivo importante utilizado para mantener el funcionamiento de los dispositivos durante los cortes de energ\u00eda.","og_url":"https:\/\/redsanstore.com\/es\/saimonofase-trifase\/","og_site_name":"Redsan Store","article_publisher":"https:\/\/www.facebook.com\/redsanelektronik","article_modified_time":"2025-03-11T07:09:51+00:00","og_image":[{"width":350,"height":350,"url":"https:\/\/redsanstore.com\/wp-content\/uploads\/2024\/02\/ups.webp","type":"image\/webp"}],"twitter_card":"summary_large_image","twitter_misc":{"Tiempo de lectura":"3 minutos"},"schema":{"@context":"https:\/\/schema.org","@graph":[{"@type":"WebPage","@id":"https:\/\/redsanstore.com\/es\/saimonofase-trifase\/","url":"https:\/\/redsanstore.com\/es\/saimonofase-trifase\/","name":"SAI(MONOFASE -TRI\u0307FASE) - Redsan Store","isPartOf":{"@id":"https:\/\/redsanstore.com\/#website"},"primaryImageOfPage":{"@id":"https:\/\/redsanstore.com\/es\/saimonofase-trifase\/#primaryimage"},"image":{"@id":"https:\/\/redsanstore.com\/es\/saimonofase-trifase\/#primaryimage"},"thumbnailUrl":"https:\/\/redsanstore.com\/wp-content\/uploads\/2024\/02\/ups.webp","datePublished":"2024-02-22T09:23:01+00:00","dateModified":"2025-03-11T07:09:51+00:00","description":"SAI : El sistema de alimentaci\u00f3n ininterrumpida es un dispositivo importante utilizado para mantener el funcionamiento de los dispositivos durante los cortes de energ\u00eda.","breadcrumb":{"@id":"https:\/\/redsanstore.com\/es\/saimonofase-trifase\/#breadcrumb"},"inLanguage":"es","potentialAction":[{"@type":"ReadAction","target":["https:\/\/redsanstore.com\/es\/saimonofase-trifase\/"]}]},{"@type":"ImageObject","inLanguage":"es","@id":"https:\/\/redsanstore.com\/es\/saimonofase-trifase\/#primaryimage","url":"https:\/\/redsanstore.com\/wp-content\/uploads\/2024\/02\/ups.webp","contentUrl":"https:\/\/redsanstore.com\/wp-content\/uploads\/2024\/02\/ups.webp"},{"@type":"BreadcrumbList","@id":"https:\/\/redsanstore.com\/es\/saimonofase-trifase\/#breadcrumb","itemListElement":[{"@type":"ListItem","position":1,"name":"Anasayfa","item":"https:\/\/redsanstore.com\/fr\/"},{"@type":"ListItem","position":2,"name":"SAI(MONOFASE -TRI\u0307FASE)"}]},{"@type":"WebSite","@id":"https:\/\/redsanstore.com\/#website","url":"https:\/\/redsanstore.com\/","name":"Redsan Store","description":"Redres\u00f6r - Reg\u00fclat\u00f6r - UPS - Ak\u00fc","publisher":{"@id":"https:\/\/redsanstore.com\/#organization"},"alternateName":"Redres\u00f6r ve Kesintisiz G\u00fc\u00e7 Kayna\u011f\u0131 Ups","potentialAction":[{"@type":"SearchAction","target":{"@type":"EntryPoint","urlTemplate":"https:\/\/redsanstore.com\/?s={search_term_string}"},"query-input":{"@type":"PropertyValueSpecification","valueRequired":true,"valueName":"search_term_string"}}],"inLanguage":"es"},{"@type":"Organization","@id":"https:\/\/redsanstore.com\/#organization","name":"Redsan Store","alternateName":"Redres\u00f6r ve Kesintisiz G\u00fc\u00e7 Kayna\u011f\u0131 Ups","url":"https:\/\/redsanstore.com\/","logo":{"@type":"ImageObject","inLanguage":"es","@id":"https:\/\/redsanstore.com\/#\/schema\/logo\/image\/","url":"https:\/\/redsanstore.com\/wp-content\/uploads\/2024\/06\/redresor-ups-site-gorseli.jpg","contentUrl":"https:\/\/redsanstore.com\/wp-content\/uploads\/2024\/06\/redresor-ups-site-gorseli.jpg","width":1200,"height":675,"caption":"Redsan Store"},"image":{"@id":"https:\/\/redsanstore.com\/#\/schema\/logo\/image\/"},"sameAs":["https:\/\/www.facebook.com\/redsanelektronik","https:\/\/www.instagram.com\/redsanelektronik\/","https:\/\/www.linkedin.com\/company\/redsan-elektronik\/"]}]}},"_links":{"self":[{"href":"https:\/\/redsanstore.com\/es\/wp-json\/wp\/v2\/pages\/95982","targetHints":{"allow":["GET"]}}],"collection":[{"href":"https:\/\/redsanstore.com\/es\/wp-json\/wp\/v2\/pages"}],"about":[{"href":"https:\/\/redsanstore.com\/es\/wp-json\/wp\/v2\/types\/page"}],"author":[{"embeddable":true,"href":"https:\/\/redsanstore.com\/es\/wp-json\/wp\/v2\/users\/1"}],"replies":[{"embeddable":true,"href":"https:\/\/redsanstore.com\/es\/wp-json\/wp\/v2\/comments?post=95982"}],"version-history":[{"count":0,"href":"https:\/\/redsanstore.com\/es\/wp-json\/wp\/v2\/pages\/95982\/revisions"}],"wp:attachment":[{"href":"https:\/\/redsanstore.com\/es\/wp-json\/wp\/v2\/media?parent=95982"}],"curies":[{"name":"wp","href":"https:\/\/api.w.org\/{rel}","templated":true}]}}