{"id":95938,"date":"2024-02-22T12:03:59","date_gmt":"2024-02-22T09:03:59","guid":{"rendered":"https:\/\/redsanstore.com\/regulador-monofasico-turfasico\/"},"modified":"2025-03-05T15:34:30","modified_gmt":"2025-03-05T12:34:30","slug":"regulador-monofasico-turfasico","status":"publish","type":"page","link":"https:\/\/redsanstore.com\/es\/regulador-monofasico-turfasico\/","title":{"rendered":"REGULADOR (MONOF\u00c1SICO-TURF\u00c1SICO)<br>"},"content":{"rendered":"\t\t<div data-elementor-type=\"wp-page\" data-elementor-id=\"95938\" class=\"elementor elementor-95938 elementor-91410\" data-elementor-post-type=\"page\">\n\t\t\t\t\t\t<section class=\"wd-negative-gap elementor-section elementor-top-section elementor-element elementor-element-5fc78e8 elementor-section-boxed elementor-section-height-default elementor-section-height-default\" data-id=\"5fc78e8\" data-element_type=\"section\" data-settings=\"{&quot;jet_parallax_layout_list&quot;:[]}\">\n\t\t\t\t\t\t<div class=\"elementor-container elementor-column-gap-default\">\n\t\t\t\t\t<div class=\"elementor-column elementor-col-50 elementor-top-column elementor-element elementor-element-1fef1e3\" data-id=\"1fef1e3\" data-element_type=\"column\">\n\t\t\t<div class=\"elementor-widget-wrap elementor-element-populated\">\n\t\t\t\t\t\t<div class=\"elementor-element elementor-element-25bf0aa elementor-widget elementor-widget-wd_text_block\" data-id=\"25bf0aa\" data-element_type=\"widget\" data-widget_type=\"wd_text_block.default\">\n\t\t\t\t<div class=\"elementor-widget-container\">\n\t\t\t\t\t\t\t<div class=\"wd-text-block reset-last-child text-left\">\n\t\t\t\n\t\t\t<h2 style=\"text-align: center;\">Regulador (Monof\u00e1sico - Trif\u00e1sico): Soluciones de protecci\u00f3n y equilibrado de la corriente el\u00e9ctrica<br><\/h2><p>Los reguladores son dispositivos electr\u00f3nicos que regulan las fluctuaciones de tensi\u00f3n en los sistemas el\u00e9ctricos y mantienen un nivel de tensi\u00f3n constante. Tanto los reguladores monof\u00e1sicos como los trif\u00e1sicos se utilizan mucho en las redes el\u00e9ctricas para garantizar la fiabilidad, la eficiencia y la protecci\u00f3n de la energ\u00eda.<br> <\/p><h3 style=\"text-align: center;\">\u00bfQu\u00e9 es el regulador monof\u00e1sico?<br><\/h3><p>Los reguladores monof\u00e1sicos son dispositivos utilizados para regular las fluctuaciones de tensi\u00f3n en sistemas monof\u00e1sicos de CA (corriente alterna) y mantener la tensi\u00f3n a un nivel constante. Muy utilizados en hogares, peque\u00f1as empresas y oficinas, los reguladores monof\u00e1sicos protegen los dispositivos el\u00e9ctricos de la sobretensi\u00f3n y prolongan la vida \u00fatil de los aparatos.<br> <\/p>\n\t\t\t\t\t<\/div>\n\t\t\t\t\t\t<\/div>\n\t\t\t\t<\/div>\n\t\t\t\t<div class=\"elementor-element elementor-element-e603b91 elementor-widget elementor-widget-spacer\" data-id=\"e603b91\" data-element_type=\"widget\" data-widget_type=\"spacer.default\">\n\t\t\t\t<div class=\"elementor-widget-container\">\n\t\t\t\t\t\t\t<div class=\"elementor-spacer\">\n\t\t\t<div class=\"elementor-spacer-inner\"><\/div>\n\t\t<\/div>\n\t\t\t\t\t\t<\/div>\n\t\t\t\t<\/div>\n\t\t\t\t<div class=\"elementor-element elementor-element-f48a33e elementor-widget elementor-widget-image\" data-id=\"f48a33e\" data-element_type=\"widget\" data-widget_type=\"image.default\">\n\t\t\t\t<div class=\"elementor-widget-container\">\n\t\t\t\t\t\t\t\t\t\t\t\t\t\t\t<img fetchpriority=\"high\" decoding=\"async\" width=\"768\" height=\"576\" src=\"https:\/\/redsanstore.com\/wp-content\/uploads\/2024\/02\/trifaz-768x576-1.webp\" class=\"attachment-large size-large wp-image-91421\" alt=\"\" srcset=\"https:\/\/redsanstore.com\/wp-content\/uploads\/2024\/02\/trifaz-768x576-1.webp 768w, https:\/\/redsanstore.com\/wp-content\/uploads\/2024\/02\/trifaz-768x576-1-300x225.webp 300w, https:\/\/redsanstore.com\/wp-content\/uploads\/2024\/02\/trifaz-768x576-1-600x450.webp 600w, https:\/\/redsanstore.com\/wp-content\/uploads\/2024\/02\/trifaz-768x576-1-150x113.webp 150w\" sizes=\"(max-width: 768px) 100vw, 768px\" \/>\t\t\t\t\t\t\t\t\t\t\t\t\t\t\t<\/div>\n\t\t\t\t<\/div>\n\t\t\t\t\t<\/div>\n\t\t<\/div>\n\t\t\t\t<div class=\"elementor-column elementor-col-50 elementor-top-column elementor-element elementor-element-95e6252\" data-id=\"95e6252\" data-element_type=\"column\">\n\t\t\t<div class=\"elementor-widget-wrap elementor-element-populated\">\n\t\t\t\t\t\t<div class=\"elementor-element elementor-element-d79a794 elementor-widget elementor-widget-image\" data-id=\"d79a794\" data-element_type=\"widget\" data-widget_type=\"image.default\">\n\t\t\t\t<div class=\"elementor-widget-container\">\n\t\t\t\t\t\t\t\t\t\t\t\t\t\t\t<img decoding=\"async\" width=\"200\" height=\"300\" src=\"https:\/\/redsanstore.com\/wp-content\/uploads\/2024\/02\/regulator-monofaze1-200x300-1.webp\" class=\"attachment-large size-large wp-image-91415\" alt=\"\" srcset=\"https:\/\/redsanstore.com\/wp-content\/uploads\/2024\/02\/regulator-monofaze1-200x300-1.webp 200w, https:\/\/redsanstore.com\/wp-content\/uploads\/2024\/02\/regulator-monofaze1-200x300-1-150x225.webp 150w\" sizes=\"(max-width: 200px) 100vw, 200px\" \/>\t\t\t\t\t\t\t\t\t\t\t\t\t\t\t<\/div>\n\t\t\t\t<\/div>\n\t\t\t\t<div class=\"elementor-element elementor-element-7cb8a3b elementor-widget elementor-widget-spacer\" data-id=\"7cb8a3b\" data-element_type=\"widget\" data-widget_type=\"spacer.default\">\n\t\t\t\t<div class=\"elementor-widget-container\">\n\t\t\t\t\t\t\t<div class=\"elementor-spacer\">\n\t\t\t<div class=\"elementor-spacer-inner\"><\/div>\n\t\t<\/div>\n\t\t\t\t\t\t<\/div>\n\t\t\t\t<\/div>\n\t\t\t\t<div class=\"elementor-element elementor-element-2419dd3 elementor-widget elementor-widget-wd_text_block\" data-id=\"2419dd3\" data-element_type=\"widget\" data-widget_type=\"wd_text_block.default\">\n\t\t\t\t<div class=\"elementor-widget-container\">\n\t\t\t\t\t\t\t<div class=\"wd-text-block reset-last-child text-left\">\n\t\t\t\n\t\t\t<h3 style=\"text-align: center;\">\u00bfQu\u00e9 es un regulador trif\u00e1sico?<br><\/h3><p>Los reguladores trif\u00e1sicos son dispositivos utilizados para controlar las fluctuaciones de tensi\u00f3n en sistemas trif\u00e1sicos de corriente alterna y mantener la tensi\u00f3n a un nivel constante. Se utilizan en lugares que requieren un alto consumo de energ\u00eda, como plantas industriales, f\u00e1bricas y grandes empresas. Los reguladores trif\u00e1sicos son fundamentales para proteger equipos sensibles y asegurar los procesos de producci\u00f3n.<br>  <\/p>\n\t\t\t\t\t<\/div>\n\t\t\t\t\t\t<\/div>\n\t\t\t\t<\/div>\n\t\t\t\t\t<\/div>\n\t\t<\/div>\n\t\t\t\t\t<\/div>\n\t\t<\/section>\n\t\t\t\t<section class=\"wd-negative-gap elementor-section elementor-top-section elementor-element elementor-element-8b414de elementor-section-boxed elementor-section-height-default elementor-section-height-default\" data-id=\"8b414de\" data-element_type=\"section\" data-settings=\"{&quot;jet_parallax_layout_list&quot;:[]}\">\n\t\t\t\t\t\t<div class=\"elementor-container elementor-column-gap-default\">\n\t\t\t\t\t<div class=\"elementor-column elementor-col-100 elementor-top-column elementor-element elementor-element-cacc092\" data-id=\"cacc092\" data-element_type=\"column\">\n\t\t\t<div class=\"elementor-widget-wrap elementor-element-populated\">\n\t\t\t\t\t\t<div class=\"elementor-element elementor-element-702c4cd elementor-widget elementor-widget-spacer\" data-id=\"702c4cd\" data-element_type=\"widget\" data-widget_type=\"spacer.default\">\n\t\t\t\t<div class=\"elementor-widget-container\">\n\t\t\t\t\t\t\t<div class=\"elementor-spacer\">\n\t\t\t<div class=\"elementor-spacer-inner\"><\/div>\n\t\t<\/div>\n\t\t\t\t\t\t<\/div>\n\t\t\t\t<\/div>\n\t\t\t\t\t<\/div>\n\t\t<\/div>\n\t\t\t\t\t<\/div>\n\t\t<\/section>\n\t\t\t\t<section class=\"wd-negative-gap elementor-section elementor-top-section elementor-element elementor-element-d61b5ac elementor-section-boxed elementor-section-height-default elementor-section-height-default\" data-id=\"d61b5ac\" data-element_type=\"section\" data-settings=\"{&quot;jet_parallax_layout_list&quot;:[]}\">\n\t\t\t\t\t\t<div class=\"elementor-container elementor-column-gap-default\">\n\t\t\t\t\t<div class=\"elementor-column elementor-col-100 elementor-top-column elementor-element elementor-element-3ee2df9\" data-id=\"3ee2df9\" data-element_type=\"column\">\n\t\t\t<div class=\"elementor-widget-wrap elementor-element-populated\">\n\t\t\t\t\t\t<div class=\"elementor-element elementor-element-4d4d934 elementor-widget elementor-widget-wd_text_block\" data-id=\"4d4d934\" data-element_type=\"widget\" data-widget_type=\"wd_text_block.default\">\n\t\t\t\t<div class=\"elementor-widget-container\">\n\t\t\t\t\t\t\t<div class=\"wd-text-block reset-last-child text-left\">\n\t\t\t\n\t\t\t<h3 style=\"text-align: center;\">Ventajas<\/h3><ol><li><p><strong>Estabilizaci\u00f3n de la tensi\u00f3n:<\/strong> los reguladores proporcionan un nivel de tensi\u00f3n constante al regular las fluctuaciones de la corriente el\u00e9ctrica, lo que garantiza un funcionamiento seguro y eficaz de los aparatos.<br><\/p><\/li><li><p><strong>Protecci\u00f3n de dispositivos:<\/strong> Proporciona protecci\u00f3n contra sobretensiones y ca\u00eddas de tensi\u00f3n, alargando la vida de los dispositivos el\u00e9ctricos y evitando aver\u00edas.<br><\/p><\/li><li><p><strong>Eficacia: <\/strong>Un nivel de tensi\u00f3n constante permite que los aparatos el\u00e9ctricos funcionen de forma m\u00e1s eficiente y contribuye al ahorro de energ\u00eda.<br><\/p><\/li><li><p><strong>Flexibilidad: <\/strong>Tanto los reguladores monof\u00e1sicos como los trif\u00e1sicos est\u00e1n disponibles en varios modelos que pueden adaptarse a diferentes sistemas el\u00e9ctricos, proporcionando flexibilidad para diversas \u00e1reas de aplicaci\u00f3n.<br><\/p><\/li><li><p><strong>Fiabilidad: <\/strong>Los reguladores est\u00e1n dise\u00f1ados para proporcionar un suministro de energ\u00eda fiable y continuo en las redes el\u00e9ctricas, lo que mejora la continuidad de las empresas y la eficiencia de la producci\u00f3n.<\/p><\/li><\/ol><p>Los reguladores desempe\u00f1an un papel importante para garantizar la fiabilidad, protecci\u00f3n y eficiencia de los sistemas el\u00e9ctricos. Los reguladores monof\u00e1sicos y trif\u00e1sicos son fundamentales para la seguridad el\u00e9ctrica y la estabilidad del sistema en diversos \u00e1mbitos de aplicaci\u00f3n.<br> <\/p>\n\t\t\t\t\t<\/div>\n\t\t\t\t\t\t<\/div>\n\t\t\t\t<\/div>\n\t\t\t\t\t<\/div>\n\t\t<\/div>\n\t\t\t\t\t<\/div>\n\t\t<\/section>\n\t\t\t\t<section class=\"wd-negative-gap elementor-section elementor-top-section elementor-element elementor-element-f312830 elementor-section-boxed elementor-section-height-default elementor-section-height-default\" data-id=\"f312830\" data-element_type=\"section\" data-settings=\"{&quot;jet_parallax_layout_list&quot;:[]}\">\n\t\t\t\t\t\t<div class=\"elementor-container elementor-column-gap-default\">\n\t\t\t\t\t<div class=\"elementor-column elementor-col-100 elementor-top-column elementor-element elementor-element-9628c1b\" data-id=\"9628c1b\" data-element_type=\"column\">\n\t\t\t<div class=\"elementor-widget-wrap elementor-element-populated\">\n\t\t\t\t\t\t<div class=\"elementor-element elementor-element-b8cfe5e elementor-widget elementor-widget-spacer\" data-id=\"b8cfe5e\" data-element_type=\"widget\" data-widget_type=\"spacer.default\">\n\t\t\t\t<div class=\"elementor-widget-container\">\n\t\t\t\t\t\t\t<div class=\"elementor-spacer\">\n\t\t\t<div class=\"elementor-spacer-inner\"><\/div>\n\t\t<\/div>\n\t\t\t\t\t\t<\/div>\n\t\t\t\t<\/div>\n\t\t\t\t\t<\/div>\n\t\t<\/div>\n\t\t\t\t\t<\/div>\n\t\t<\/section>\n\t\t\t\t<section class=\"wd-negative-gap elementor-section elementor-top-section elementor-element elementor-element-21d2e78 elementor-section-boxed elementor-section-height-default elementor-section-height-default\" data-id=\"21d2e78\" data-element_type=\"section\" data-settings=\"{&quot;jet_parallax_layout_list&quot;:[]}\">\n\t\t\t\t\t\t<div class=\"elementor-container elementor-column-gap-default\">\n\t\t\t\t\t<div class=\"elementor-column elementor-col-100 elementor-top-column elementor-element elementor-element-b8e1dc7\" data-id=\"b8e1dc7\" data-element_type=\"column\">\n\t\t\t<div class=\"elementor-widget-wrap elementor-element-populated\">\n\t\t\t\t\t\t<div class=\"elementor-element elementor-element-f1c3830 elementor-widget elementor-widget-wd_text_block\" data-id=\"f1c3830\" data-element_type=\"widget\" data-widget_type=\"wd_text_block.default\">\n\t\t\t\t<div class=\"elementor-widget-container\">\n\t\t\t\t\t\t\t<div class=\"wd-text-block reset-last-child text-left\">\n\t\t\t\n\t\t\t<p>Los reguladores trif\u00e1sicos se utilizan para garantizar el funcionamiento seguro de los equipos de alta potencia, regular las fluctuaciones de tensi\u00f3n y adaptarse a los cambios de carga en el sistema.<br><\/p><p>Los reguladores suelen incluir los siguientes componentes:<br><\/p><p><strong>Transformadores: <\/strong>Se utilizan para cambiar la tensi\u00f3n de entrada.<br><\/p><p><strong>Circuitos reguladores: <\/strong>Se utilizan para regular la tensi\u00f3n o la corriente.<br><\/p><p><strong>Sistemas de control: <\/strong>Sistemas electr\u00f3nicos o mec\u00e1nicos que controlan y regulan la tensi\u00f3n de entrada y salida.<br><\/p><p><strong>Circuitos de protecci\u00f3n:<\/strong> Se utiliza para proteger el sistema en casos como sobretensi\u00f3n o sobrecorriente.<br><\/p><p>Los reguladores son importantes para mejorar la fiabilidad y el rendimiento de los sistemas el\u00e9ctricos. Especialmente en situaciones como fluctuaciones de tensi\u00f3n o cambios bruscos de carga, el uso de reguladores puede ayudar a proteger los equipos y garantizar la estabilidad del sistema.<br> <\/p>\n\t\t\t\t\t<\/div>\n\t\t\t\t\t\t<\/div>\n\t\t\t\t<\/div>\n\t\t\t\t\t<\/div>\n\t\t<\/div>\n\t\t\t\t\t<\/div>\n\t\t<\/section>\n\t\t\t\t<\/div>\n\t\t","protected":false},"excerpt":{"rendered":"<p>Regulador (Monof\u00e1sico &#8211; Trif\u00e1sico): Soluciones de protecci\u00f3n y equilibrado de la corriente el\u00e9ctrica Los reguladores son dispositivos electr\u00f3nicos que regulan<\/p>\n","protected":false},"author":1,"featured_media":0,"parent":0,"menu_order":0,"comment_status":"closed","ping_status":"closed","template":"","meta":{"footnotes":""},"class_list":["post-95938","page","type-page","status-publish","hentry"],"yoast_head":"<!-- This site is optimized with the Yoast SEO Premium plugin v25.8 (Yoast SEO v25.9) - https:\/\/yoast.com\/wordpress\/plugins\/seo\/ -->\n<title>REGULADOR (MONOF\u00c1SICO-TURF\u00c1SICO) - Redsan Store<\/title>\n<meta name=\"description\" content=\"REGULADOR : Los reguladores son dispositivos electr\u00f3nicos que regulan las fluctuaciones de tensi\u00f3n en los sistemas el\u00e9ctricos y proporcionan un nivel de tensi\u00f3n constante.\" \/>\n<meta name=\"robots\" content=\"index, follow, max-snippet:-1, max-image-preview:large, max-video-preview:-1\" \/>\n<link rel=\"canonical\" href=\"https:\/\/redsanstore.com\/es\/regulador-monofasico-turfasico\/\" \/>\n<meta property=\"og:locale\" content=\"es_ES\" \/>\n<meta property=\"og:type\" content=\"article\" \/>\n<meta property=\"og:title\" content=\"REGULADOR (MONOF\u00c1SICO-TURF\u00c1SICO)\" \/>\n<meta property=\"og:description\" content=\"REGULADOR : Los reguladores son dispositivos electr\u00f3nicos que regulan las fluctuaciones de tensi\u00f3n en los sistemas el\u00e9ctricos y proporcionan un nivel de tensi\u00f3n constante.\" \/>\n<meta property=\"og:url\" content=\"https:\/\/redsanstore.com\/es\/regulador-monofasico-turfasico\/\" \/>\n<meta property=\"og:site_name\" content=\"Redsan Store\" \/>\n<meta property=\"article:publisher\" content=\"https:\/\/www.facebook.com\/redsanelektronik\" \/>\n<meta property=\"article:modified_time\" content=\"2025-03-05T12:34:30+00:00\" \/>\n<meta property=\"og:image\" content=\"https:\/\/redsanstore.com\/wp-content\/uploads\/2024\/02\/trifaz-768x576-1.webp\" \/>\n\t<meta property=\"og:image:width\" content=\"768\" \/>\n\t<meta property=\"og:image:height\" content=\"576\" \/>\n\t<meta property=\"og:image:type\" content=\"image\/webp\" \/>\n<meta name=\"twitter:card\" content=\"summary_large_image\" \/>\n<meta name=\"twitter:label1\" content=\"Est. reading time\" \/>\n\t<meta name=\"twitter:data1\" content=\"3 minutos\" \/>\n<script type=\"application\/ld+json\" class=\"yoast-schema-graph\">{\"@context\":\"https:\/\/schema.org\",\"@graph\":[{\"@type\":\"WebPage\",\"@id\":\"https:\/\/redsanstore.com\/es\/regulador-monofasico-turfasico\/\",\"url\":\"https:\/\/redsanstore.com\/es\/regulador-monofasico-turfasico\/\",\"name\":\"REGULADOR (MONOF\u00c1SICO-TURF\u00c1SICO) - Redsan Store\",\"isPartOf\":{\"@id\":\"https:\/\/redsanstore.com\/#website\"},\"primaryImageOfPage\":{\"@id\":\"https:\/\/redsanstore.com\/es\/regulador-monofasico-turfasico\/#primaryimage\"},\"image\":{\"@id\":\"https:\/\/redsanstore.com\/es\/regulador-monofasico-turfasico\/#primaryimage\"},\"thumbnailUrl\":\"https:\/\/redsanstore.com\/wp-content\/uploads\/2024\/02\/trifaz-768x576-1.webp\",\"datePublished\":\"2024-02-22T09:03:59+00:00\",\"dateModified\":\"2025-03-05T12:34:30+00:00\",\"description\":\"REGULADOR : Los reguladores son dispositivos electr\u00f3nicos que regulan las fluctuaciones de tensi\u00f3n en los sistemas el\u00e9ctricos y proporcionan un nivel de tensi\u00f3n constante.\",\"breadcrumb\":{\"@id\":\"https:\/\/redsanstore.com\/es\/regulador-monofasico-turfasico\/#breadcrumb\"},\"inLanguage\":\"es\",\"potentialAction\":[{\"@type\":\"ReadAction\",\"target\":[\"https:\/\/redsanstore.com\/es\/regulador-monofasico-turfasico\/\"]}]},{\"@type\":\"ImageObject\",\"inLanguage\":\"es\",\"@id\":\"https:\/\/redsanstore.com\/es\/regulador-monofasico-turfasico\/#primaryimage\",\"url\":\"https:\/\/redsanstore.com\/wp-content\/uploads\/2024\/02\/trifaz-768x576-1.webp\",\"contentUrl\":\"https:\/\/redsanstore.com\/wp-content\/uploads\/2024\/02\/trifaz-768x576-1.webp\"},{\"@type\":\"BreadcrumbList\",\"@id\":\"https:\/\/redsanstore.com\/es\/regulador-monofasico-turfasico\/#breadcrumb\",\"itemListElement\":[{\"@type\":\"ListItem\",\"position\":1,\"name\":\"Anasayfa\",\"item\":\"https:\/\/redsanstore.com\/fr\/\"},{\"@type\":\"ListItem\",\"position\":2,\"name\":\"REGULADOR (MONOF\u00c1SICO-TURF\u00c1SICO)\"}]},{\"@type\":\"WebSite\",\"@id\":\"https:\/\/redsanstore.com\/#website\",\"url\":\"https:\/\/redsanstore.com\/\",\"name\":\"Redsan Store\",\"description\":\"Redres\u00f6r - Reg\u00fclat\u00f6r - UPS - Ak\u00fc\",\"publisher\":{\"@id\":\"https:\/\/redsanstore.com\/#organization\"},\"alternateName\":\"Redres\u00f6r ve Kesintisiz G\u00fc\u00e7 Kayna\u011f\u0131 Ups\",\"potentialAction\":[{\"@type\":\"SearchAction\",\"target\":{\"@type\":\"EntryPoint\",\"urlTemplate\":\"https:\/\/redsanstore.com\/?s={search_term_string}\"},\"query-input\":{\"@type\":\"PropertyValueSpecification\",\"valueRequired\":true,\"valueName\":\"search_term_string\"}}],\"inLanguage\":\"es\"},{\"@type\":\"Organization\",\"@id\":\"https:\/\/redsanstore.com\/#organization\",\"name\":\"Redsan Store\",\"alternateName\":\"Redres\u00f6r ve Kesintisiz G\u00fc\u00e7 Kayna\u011f\u0131 Ups\",\"url\":\"https:\/\/redsanstore.com\/\",\"logo\":{\"@type\":\"ImageObject\",\"inLanguage\":\"es\",\"@id\":\"https:\/\/redsanstore.com\/#\/schema\/logo\/image\/\",\"url\":\"https:\/\/redsanstore.com\/wp-content\/uploads\/2024\/06\/redresor-ups-site-gorseli.jpg\",\"contentUrl\":\"https:\/\/redsanstore.com\/wp-content\/uploads\/2024\/06\/redresor-ups-site-gorseli.jpg\",\"width\":1200,\"height\":675,\"caption\":\"Redsan Store\"},\"image\":{\"@id\":\"https:\/\/redsanstore.com\/#\/schema\/logo\/image\/\"},\"sameAs\":[\"https:\/\/www.facebook.com\/redsanelektronik\",\"https:\/\/www.instagram.com\/redsanelektronik\/\",\"https:\/\/www.linkedin.com\/company\/redsan-elektronik\/\"]}]}<\/script>\n<!-- \/ Yoast SEO Premium plugin. -->","yoast_head_json":{"title":"REGULADOR (MONOF\u00c1SICO-TURF\u00c1SICO) - Redsan Store","description":"REGULADOR : Los reguladores son dispositivos electr\u00f3nicos que regulan las fluctuaciones de tensi\u00f3n en los sistemas el\u00e9ctricos y proporcionan un nivel de tensi\u00f3n constante.","robots":{"index":"index","follow":"follow","max-snippet":"max-snippet:-1","max-image-preview":"max-image-preview:large","max-video-preview":"max-video-preview:-1"},"canonical":"https:\/\/redsanstore.com\/es\/regulador-monofasico-turfasico\/","og_locale":"es_ES","og_type":"article","og_title":"REGULADOR (MONOF\u00c1SICO-TURF\u00c1SICO)","og_description":"REGULADOR : Los reguladores son dispositivos electr\u00f3nicos que regulan las fluctuaciones de tensi\u00f3n en los sistemas el\u00e9ctricos y proporcionan un nivel de tensi\u00f3n constante.","og_url":"https:\/\/redsanstore.com\/es\/regulador-monofasico-turfasico\/","og_site_name":"Redsan Store","article_publisher":"https:\/\/www.facebook.com\/redsanelektronik","article_modified_time":"2025-03-05T12:34:30+00:00","og_image":[{"width":768,"height":576,"url":"https:\/\/redsanstore.com\/wp-content\/uploads\/2024\/02\/trifaz-768x576-1.webp","type":"image\/webp"}],"twitter_card":"summary_large_image","twitter_misc":{"Est. reading time":"3 minutos"},"schema":{"@context":"https:\/\/schema.org","@graph":[{"@type":"WebPage","@id":"https:\/\/redsanstore.com\/es\/regulador-monofasico-turfasico\/","url":"https:\/\/redsanstore.com\/es\/regulador-monofasico-turfasico\/","name":"REGULADOR (MONOF\u00c1SICO-TURF\u00c1SICO) - Redsan Store","isPartOf":{"@id":"https:\/\/redsanstore.com\/#website"},"primaryImageOfPage":{"@id":"https:\/\/redsanstore.com\/es\/regulador-monofasico-turfasico\/#primaryimage"},"image":{"@id":"https:\/\/redsanstore.com\/es\/regulador-monofasico-turfasico\/#primaryimage"},"thumbnailUrl":"https:\/\/redsanstore.com\/wp-content\/uploads\/2024\/02\/trifaz-768x576-1.webp","datePublished":"2024-02-22T09:03:59+00:00","dateModified":"2025-03-05T12:34:30+00:00","description":"REGULADOR : Los reguladores son dispositivos electr\u00f3nicos que regulan las fluctuaciones de tensi\u00f3n en los sistemas el\u00e9ctricos y proporcionan un nivel de tensi\u00f3n constante.","breadcrumb":{"@id":"https:\/\/redsanstore.com\/es\/regulador-monofasico-turfasico\/#breadcrumb"},"inLanguage":"es","potentialAction":[{"@type":"ReadAction","target":["https:\/\/redsanstore.com\/es\/regulador-monofasico-turfasico\/"]}]},{"@type":"ImageObject","inLanguage":"es","@id":"https:\/\/redsanstore.com\/es\/regulador-monofasico-turfasico\/#primaryimage","url":"https:\/\/redsanstore.com\/wp-content\/uploads\/2024\/02\/trifaz-768x576-1.webp","contentUrl":"https:\/\/redsanstore.com\/wp-content\/uploads\/2024\/02\/trifaz-768x576-1.webp"},{"@type":"BreadcrumbList","@id":"https:\/\/redsanstore.com\/es\/regulador-monofasico-turfasico\/#breadcrumb","itemListElement":[{"@type":"ListItem","position":1,"name":"Anasayfa","item":"https:\/\/redsanstore.com\/fr\/"},{"@type":"ListItem","position":2,"name":"REGULADOR (MONOF\u00c1SICO-TURF\u00c1SICO)"}]},{"@type":"WebSite","@id":"https:\/\/redsanstore.com\/#website","url":"https:\/\/redsanstore.com\/","name":"Redsan Store","description":"Redres\u00f6r - Reg\u00fclat\u00f6r - UPS - Ak\u00fc","publisher":{"@id":"https:\/\/redsanstore.com\/#organization"},"alternateName":"Redres\u00f6r ve Kesintisiz G\u00fc\u00e7 Kayna\u011f\u0131 Ups","potentialAction":[{"@type":"SearchAction","target":{"@type":"EntryPoint","urlTemplate":"https:\/\/redsanstore.com\/?s={search_term_string}"},"query-input":{"@type":"PropertyValueSpecification","valueRequired":true,"valueName":"search_term_string"}}],"inLanguage":"es"},{"@type":"Organization","@id":"https:\/\/redsanstore.com\/#organization","name":"Redsan Store","alternateName":"Redres\u00f6r ve Kesintisiz G\u00fc\u00e7 Kayna\u011f\u0131 Ups","url":"https:\/\/redsanstore.com\/","logo":{"@type":"ImageObject","inLanguage":"es","@id":"https:\/\/redsanstore.com\/#\/schema\/logo\/image\/","url":"https:\/\/redsanstore.com\/wp-content\/uploads\/2024\/06\/redresor-ups-site-gorseli.jpg","contentUrl":"https:\/\/redsanstore.com\/wp-content\/uploads\/2024\/06\/redresor-ups-site-gorseli.jpg","width":1200,"height":675,"caption":"Redsan Store"},"image":{"@id":"https:\/\/redsanstore.com\/#\/schema\/logo\/image\/"},"sameAs":["https:\/\/www.facebook.com\/redsanelektronik","https:\/\/www.instagram.com\/redsanelektronik\/","https:\/\/www.linkedin.com\/company\/redsan-elektronik\/"]}]}},"_links":{"self":[{"href":"https:\/\/redsanstore.com\/es\/wp-json\/wp\/v2\/pages\/95938","targetHints":{"allow":["GET"]}}],"collection":[{"href":"https:\/\/redsanstore.com\/es\/wp-json\/wp\/v2\/pages"}],"about":[{"href":"https:\/\/redsanstore.com\/es\/wp-json\/wp\/v2\/types\/page"}],"author":[{"embeddable":true,"href":"https:\/\/redsanstore.com\/es\/wp-json\/wp\/v2\/users\/1"}],"replies":[{"embeddable":true,"href":"https:\/\/redsanstore.com\/es\/wp-json\/wp\/v2\/comments?post=95938"}],"version-history":[{"count":0,"href":"https:\/\/redsanstore.com\/es\/wp-json\/wp\/v2\/pages\/95938\/revisions"}],"wp:attachment":[{"href":"https:\/\/redsanstore.com\/es\/wp-json\/wp\/v2\/media?parent=95938"}],"curies":[{"name":"wp","href":"https:\/\/api.w.org\/{rel}","templated":true}]}}