{"id":95906,"date":"2024-02-23T18:10:44","date_gmt":"2024-02-23T15:10:44","guid":{"rendered":"https:\/\/redsanstore.com\/sai-en-linea-de-1-10-kva\/"},"modified":"2025-03-05T14:59:38","modified_gmt":"2025-03-05T11:59:38","slug":"sai-en-linea-de-1-10-kva","status":"publish","type":"page","link":"https:\/\/redsanstore.com\/es\/sai-en-linea-de-1-10-kva\/","title":{"rendered":"SAI en l\u00ednea de 1-10 KVA<br>"},"content":{"rendered":"\t\t<div data-elementor-type=\"wp-page\" data-elementor-id=\"95906\" class=\"elementor elementor-95906 elementor-91588\" data-elementor-post-type=\"page\">\n\t\t\t\t\t\t<section class=\"wd-negative-gap elementor-section elementor-top-section elementor-element elementor-element-fddabe5 elementor-section-boxed elementor-section-height-default elementor-section-height-default\" data-id=\"fddabe5\" data-element_type=\"section\" data-settings=\"{&quot;jet_parallax_layout_list&quot;:[]}\">\n\t\t\t\t\t\t<div class=\"elementor-container elementor-column-gap-default\">\n\t\t\t\t\t<div class=\"elementor-column elementor-col-50 elementor-top-column elementor-element elementor-element-14619a0\" data-id=\"14619a0\" data-element_type=\"column\">\n\t\t\t<div class=\"elementor-widget-wrap elementor-element-populated\">\n\t\t\t\t\t\t<div class=\"elementor-element elementor-element-45dd4f4 elementor-widget elementor-widget-wd_text_block\" data-id=\"45dd4f4\" data-element_type=\"widget\" data-widget_type=\"wd_text_block.default\">\n\t\t\t\t<div class=\"elementor-widget-container\">\n\t\t\t\t\t\t\t<div class=\"wd-text-block reset-last-child text-left\">\n\t\t\t\n\t\t\t<h2 style=\"text-align: center;\">SAI en l\u00ednea de 1-10 KVA: Soluciones de reserva de energ\u00eda fiables que proporcionan alimentaci\u00f3n ininterrumpida<br><\/h2><p>Los SAI (sistemas de alimentaci\u00f3n ininterrumpida) en l\u00ednea de 1-10 KVA son dispositivos de reserva de energ\u00eda que se utilizan para proteger equipos sensibles contra cortes de corriente y fluctuaciones de tensi\u00f3n y para proporcionar alimentaci\u00f3n ininterrumpida. Estos modelos de SAI, que atraen a una amplia gama de usuarios, desde peque\u00f1as y medianas empresas hasta usuarios dom\u00e9sticos, se consideran un componente cr\u00edtico para la seguridad el\u00e9ctrica.<br> <\/p><h3 style=\"text-align: center;\">Principio de funcionamiento<\/h3><p>Los SAI en l\u00ednea de 1-10 KVA disponen de tecnolog\u00eda de doble conversi\u00f3n. Esta tecnolog\u00eda convierte primero la electricidad de CA (corriente alterna) de entrada en electricidad de CC (corriente continua) y, a continuaci\u00f3n, vuelve a convertir esta electricidad de CC en electricidad de CA y la suministra a los dispositivos. En este proceso, el SAI extrae continuamente energ\u00eda de las bater\u00edas y mantiene la tensi\u00f3n de salida a un nivel constante, garantizando as\u00ed el funcionamiento ininterrumpido de los dispositivos.<br>  <\/p>\n\t\t\t\t\t<\/div>\n\t\t\t\t\t\t<\/div>\n\t\t\t\t<\/div>\n\t\t\t\t<div class=\"elementor-element elementor-element-da7fc62 elementor-widget elementor-widget-image\" data-id=\"da7fc62\" data-element_type=\"widget\" data-widget_type=\"image.default\">\n\t\t\t\t<div class=\"elementor-widget-container\">\n\t\t\t\t\t\t\t\t\t\t\t\t\t\t\t<img fetchpriority=\"high\" decoding=\"async\" width=\"1024\" height=\"768\" src=\"https:\/\/redsanstore.com\/wp-content\/uploads\/2022\/09\/2-KV-ON-1024x768.jpg\" class=\"attachment-large size-large wp-image-84747\" alt=\"\" srcset=\"https:\/\/redsanstore.com\/wp-content\/uploads\/2022\/09\/2-KV-ON-1024x768.jpg 1024w, https:\/\/redsanstore.com\/wp-content\/uploads\/2022\/09\/2-KV-ON-300x225.jpg 300w, https:\/\/redsanstore.com\/wp-content\/uploads\/2022\/09\/2-KV-ON-768x576.jpg 768w, https:\/\/redsanstore.com\/wp-content\/uploads\/2022\/09\/2-KV-ON-600x450.jpg 600w, https:\/\/redsanstore.com\/wp-content\/uploads\/2022\/09\/2-KV-ON-150x113.jpg 150w, https:\/\/redsanstore.com\/wp-content\/uploads\/2022\/09\/2-KV-ON.jpg 1440w\" sizes=\"(max-width: 1024px) 100vw, 1024px\" \/>\t\t\t\t\t\t\t\t\t\t\t\t\t\t\t<\/div>\n\t\t\t\t<\/div>\n\t\t\t\t\t<\/div>\n\t\t<\/div>\n\t\t\t\t<div class=\"elementor-column elementor-col-50 elementor-top-column elementor-element elementor-element-ba68097\" data-id=\"ba68097\" data-element_type=\"column\">\n\t\t\t<div class=\"elementor-widget-wrap elementor-element-populated\">\n\t\t\t\t\t\t<div class=\"elementor-element elementor-element-44f0b37 elementor-widget elementor-widget-image\" data-id=\"44f0b37\" data-element_type=\"widget\" data-widget_type=\"image.default\">\n\t\t\t\t<div class=\"elementor-widget-container\">\n\t\t\t\t\t\t\t\t\t\t\t\t\t\t\t<img decoding=\"async\" width=\"1024\" height=\"768\" src=\"https:\/\/redsanstore.com\/wp-content\/uploads\/2022\/09\/6-ve-kv-on-1024x768.jpg\" class=\"attachment-large size-large wp-image-84784\" alt=\"\" srcset=\"https:\/\/redsanstore.com\/wp-content\/uploads\/2022\/09\/6-ve-kv-on-1024x768.jpg 1024w, https:\/\/redsanstore.com\/wp-content\/uploads\/2022\/09\/6-ve-kv-on-300x225.jpg 300w, https:\/\/redsanstore.com\/wp-content\/uploads\/2022\/09\/6-ve-kv-on-768x576.jpg 768w, https:\/\/redsanstore.com\/wp-content\/uploads\/2022\/09\/6-ve-kv-on-600x450.jpg 600w, https:\/\/redsanstore.com\/wp-content\/uploads\/2022\/09\/6-ve-kv-on-150x113.jpg 150w, https:\/\/redsanstore.com\/wp-content\/uploads\/2022\/09\/6-ve-kv-on.jpg 1440w\" sizes=\"(max-width: 1024px) 100vw, 1024px\" \/>\t\t\t\t\t\t\t\t\t\t\t\t\t\t\t<\/div>\n\t\t\t\t<\/div>\n\t\t\t\t<div class=\"elementor-element elementor-element-094ec37 elementor-widget elementor-widget-wd_text_block\" data-id=\"094ec37\" data-element_type=\"widget\" data-widget_type=\"wd_text_block.default\">\n\t\t\t\t<div class=\"elementor-widget-container\">\n\t\t\t\t\t\t\t<div class=\"wd-text-block reset-last-child text-left\">\n\t\t\t\n\t\t\t<h3 style=\"text-align: center;\">\u00c1mbitos de aplicaci\u00f3n<\/h3><ul><li>Peque\u00f1as y medianas empresas<br><\/li><li>Centros de datos y salas de servidores<br><\/li><li>Infraestructuras de telecomunicaciones<br><\/li><li>Instalaciones m\u00e9dicas y laboratorios<br><\/li><li>Uso dom\u00e9stico (especialmente oficinas en casa y ordenadores personales)<br><\/li><\/ul><p>Los SAI en l\u00ednea de 1 a 10 KVA proporcionan una protecci\u00f3n eficaz contra los cortes de energ\u00eda y las fluctuaciones de tensi\u00f3n, garantizando a empresas y usuarios un suministro el\u00e9ctrico fiable. Su dise\u00f1o flexible y sus diversas opciones de capacidad se adaptan a diferentes \u00e1reas de aplicaci\u00f3n y son reconocidos como un componente cr\u00edtico para la seguridad el\u00e9ctrica.<br> <\/p><p>Los SAI en l\u00ednea de 1 a 10 KVA proporcionan energ\u00eda ininterrumpida contra cortes de suministro, protegiendo los equipos sensibles y manteniendo la continuidad de la actividad empresarial.<br><\/p>\n\t\t\t\t\t<\/div>\n\t\t\t\t\t\t<\/div>\n\t\t\t\t<\/div>\n\t\t\t\t\t<\/div>\n\t\t<\/div>\n\t\t\t\t\t<\/div>\n\t\t<\/section>\n\t\t\t\t<section class=\"wd-negative-gap elementor-section elementor-top-section elementor-element elementor-element-1a167fc elementor-section-boxed elementor-section-height-default elementor-section-height-default\" data-id=\"1a167fc\" data-element_type=\"section\" data-settings=\"{&quot;jet_parallax_layout_list&quot;:[]}\">\n\t\t\t\t\t\t<div class=\"elementor-container elementor-column-gap-default\">\n\t\t\t\t\t<div class=\"elementor-column elementor-col-100 elementor-top-column elementor-element elementor-element-04aca77\" data-id=\"04aca77\" data-element_type=\"column\">\n\t\t\t<div class=\"elementor-widget-wrap elementor-element-populated\">\n\t\t\t\t\t\t<div class=\"elementor-element elementor-element-4dd07cc elementor-widget elementor-widget-spacer\" data-id=\"4dd07cc\" data-element_type=\"widget\" data-widget_type=\"spacer.default\">\n\t\t\t\t<div class=\"elementor-widget-container\">\n\t\t\t\t\t\t\t<div class=\"elementor-spacer\">\n\t\t\t<div class=\"elementor-spacer-inner\"><\/div>\n\t\t<\/div>\n\t\t\t\t\t\t<\/div>\n\t\t\t\t<\/div>\n\t\t\t\t\t<\/div>\n\t\t<\/div>\n\t\t\t\t\t<\/div>\n\t\t<\/section>\n\t\t\t\t<section class=\"wd-negative-gap elementor-section elementor-top-section elementor-element elementor-element-8875407 elementor-section-boxed elementor-section-height-default elementor-section-height-default\" data-id=\"8875407\" data-element_type=\"section\" data-settings=\"{&quot;jet_parallax_layout_list&quot;:[]}\">\n\t\t\t\t\t\t<div class=\"elementor-container elementor-column-gap-default\">\n\t\t\t\t\t<div class=\"elementor-column elementor-col-50 elementor-top-column elementor-element elementor-element-9a66f0d\" data-id=\"9a66f0d\" data-element_type=\"column\">\n\t\t\t<div class=\"elementor-widget-wrap elementor-element-populated\">\n\t\t\t\t\t\t<div class=\"elementor-element elementor-element-a120cd3 elementor-widget elementor-widget-wd_text_block\" data-id=\"a120cd3\" data-element_type=\"widget\" data-widget_type=\"wd_text_block.default\">\n\t\t\t\t<div class=\"elementor-widget-container\">\n\t\t\t\t\t\t\t<div class=\"wd-text-block reset-last-child text-left\">\n\t\t\t\n\t\t\t<h3 style=\"text-align: center;\">Ventajas<\/h3><p><strong>Sistema de alimentaci\u00f3n ininterrumpida:<\/strong> Los SAI en l\u00ednea garantizan el funcionamiento ininterrumpido de los dispositivos durante los cortes de energ\u00eda, evitan la p\u00e9rdida de datos y aseguran la continuidad del negocio.<\/p><p><strong>Regulaci\u00f3n de tensi\u00f3n y frecuencia:<\/strong> la tecnolog\u00eda de doble conversi\u00f3n que suaviza las fluctuaciones de la tensi\u00f3n de entrada y mantiene constante la tensi\u00f3n de salida garantiza el funcionamiento seguro de los equipos sensibles.<br><\/p><p><strong>Carga y protecci\u00f3n de las bater\u00edas: <\/strong>El SAI garantiza la carga continua de las bater\u00edas y, al mismo tiempo, las protege de la sobrecarga, lo que prolonga su vida \u00fatil.<br><\/p><p><strong>Alta eficiencia:<\/strong> Los SAI en l\u00ednea proporcionan una alta eficiencia energ\u00e9tica gracias a la tecnolog\u00eda de doble conversi\u00f3n, que ahorra energ\u00eda y reduce los costes operativos.<br><\/p><p><strong>Conectividad en paralelo: <\/strong>Algunos modelos permiten conectar varios SAI en paralelo, lo que proporciona mayor capacidad y redundancia.<br><\/p>\n\t\t\t\t\t<\/div>\n\t\t\t\t\t\t<\/div>\n\t\t\t\t<\/div>\n\t\t\t\t\t<\/div>\n\t\t<\/div>\n\t\t\t\t<div class=\"elementor-column elementor-col-50 elementor-top-column elementor-element elementor-element-5b826c1\" data-id=\"5b826c1\" data-element_type=\"column\">\n\t\t\t<div class=\"elementor-widget-wrap\">\n\t\t\t\t\t\t\t<\/div>\n\t\t<\/div>\n\t\t\t\t\t<\/div>\n\t\t<\/section>\n\t\t\t\t<\/div>\n\t\t","protected":false},"excerpt":{"rendered":"<p>SAI en l\u00ednea de 1-10 KVA: Soluciones de reserva de energ\u00eda fiables que proporcionan alimentaci\u00f3n ininterrumpida Los SAI (sistemas de<\/p>\n","protected":false},"author":1,"featured_media":0,"parent":0,"menu_order":0,"comment_status":"closed","ping_status":"closed","template":"","meta":{"footnotes":""},"class_list":["post-95906","page","type-page","status-publish","hentry"],"yoast_head":"<!-- This site is optimized with the Yoast SEO Premium plugin v25.8 (Yoast SEO v25.9) - https:\/\/yoast.com\/wordpress\/plugins\/seo\/ -->\n<title>SAI en l\u00ednea de 1-10 KVA - Redsan Store<\/title>\n<meta name=\"description\" content=\"El SAI (sistema de alimentaci\u00f3n ininterrumpida) en l\u00ednea de 1-10 KVA est\u00e1 dise\u00f1ado para proteger equipos sensibles contra cortes de corriente y fluctuaciones de tensi\u00f3n.\" \/>\n<meta name=\"robots\" content=\"index, follow, max-snippet:-1, max-image-preview:large, max-video-preview:-1\" \/>\n<link rel=\"canonical\" href=\"https:\/\/redsanstore.com\/es\/sai-en-linea-de-1-10-kva\/\" \/>\n<meta property=\"og:locale\" content=\"es_ES\" \/>\n<meta property=\"og:type\" content=\"article\" \/>\n<meta property=\"og:title\" content=\"SAI en l\u00ednea de 1-10 KVA\" \/>\n<meta property=\"og:description\" content=\"El SAI (sistema de alimentaci\u00f3n ininterrumpida) en l\u00ednea de 1-10 KVA est\u00e1 dise\u00f1ado para proteger equipos sensibles contra cortes de corriente y fluctuaciones de tensi\u00f3n.\" \/>\n<meta property=\"og:url\" content=\"https:\/\/redsanstore.com\/es\/sai-en-linea-de-1-10-kva\/\" \/>\n<meta property=\"og:site_name\" content=\"Redsan Store\" \/>\n<meta property=\"article:publisher\" content=\"https:\/\/www.facebook.com\/redsanelektronik\" \/>\n<meta property=\"article:modified_time\" content=\"2025-03-05T11:59:38+00:00\" \/>\n<meta property=\"og:image\" content=\"https:\/\/redsanstore.com\/wp-content\/uploads\/2022\/09\/2-KV-ON.jpg\" \/>\n\t<meta property=\"og:image:width\" content=\"1440\" \/>\n\t<meta property=\"og:image:height\" content=\"1080\" \/>\n\t<meta property=\"og:image:type\" content=\"image\/jpeg\" \/>\n<meta name=\"twitter:card\" content=\"summary_large_image\" \/>\n<meta name=\"twitter:label1\" content=\"Est. reading time\" \/>\n\t<meta name=\"twitter:data1\" content=\"2 minutos\" \/>\n<script type=\"application\/ld+json\" class=\"yoast-schema-graph\">{\"@context\":\"https:\/\/schema.org\",\"@graph\":[{\"@type\":\"WebPage\",\"@id\":\"https:\/\/redsanstore.com\/es\/sai-en-linea-de-1-10-kva\/\",\"url\":\"https:\/\/redsanstore.com\/es\/sai-en-linea-de-1-10-kva\/\",\"name\":\"SAI en l\u00ednea de 1-10 KVA - Redsan Store\",\"isPartOf\":{\"@id\":\"https:\/\/redsanstore.com\/#website\"},\"primaryImageOfPage\":{\"@id\":\"https:\/\/redsanstore.com\/es\/sai-en-linea-de-1-10-kva\/#primaryimage\"},\"image\":{\"@id\":\"https:\/\/redsanstore.com\/es\/sai-en-linea-de-1-10-kva\/#primaryimage\"},\"thumbnailUrl\":\"https:\/\/redsanstore.com\/wp-content\/uploads\/2022\/09\/2-KV-ON-1024x768.jpg\",\"datePublished\":\"2024-02-23T15:10:44+00:00\",\"dateModified\":\"2025-03-05T11:59:38+00:00\",\"description\":\"El SAI (sistema de alimentaci\u00f3n ininterrumpida) en l\u00ednea de 1-10 KVA est\u00e1 dise\u00f1ado para proteger equipos sensibles contra cortes de corriente y fluctuaciones de tensi\u00f3n.\",\"breadcrumb\":{\"@id\":\"https:\/\/redsanstore.com\/es\/sai-en-linea-de-1-10-kva\/#breadcrumb\"},\"inLanguage\":\"es\",\"potentialAction\":[{\"@type\":\"ReadAction\",\"target\":[\"https:\/\/redsanstore.com\/es\/sai-en-linea-de-1-10-kva\/\"]}]},{\"@type\":\"ImageObject\",\"inLanguage\":\"es\",\"@id\":\"https:\/\/redsanstore.com\/es\/sai-en-linea-de-1-10-kva\/#primaryimage\",\"url\":\"https:\/\/redsanstore.com\/wp-content\/uploads\/2022\/09\/2-KV-ON-1024x768.jpg\",\"contentUrl\":\"https:\/\/redsanstore.com\/wp-content\/uploads\/2022\/09\/2-KV-ON-1024x768.jpg\"},{\"@type\":\"BreadcrumbList\",\"@id\":\"https:\/\/redsanstore.com\/es\/sai-en-linea-de-1-10-kva\/#breadcrumb\",\"itemListElement\":[{\"@type\":\"ListItem\",\"position\":1,\"name\":\"Anasayfa\",\"item\":\"https:\/\/redsanstore.com\/fr\/\"},{\"@type\":\"ListItem\",\"position\":2,\"name\":\"SAI en l\u00ednea de 1-10 KVA\"}]},{\"@type\":\"WebSite\",\"@id\":\"https:\/\/redsanstore.com\/#website\",\"url\":\"https:\/\/redsanstore.com\/\",\"name\":\"Redsan Store\",\"description\":\"Redres\u00f6r - Reg\u00fclat\u00f6r - UPS - Ak\u00fc\",\"publisher\":{\"@id\":\"https:\/\/redsanstore.com\/#organization\"},\"alternateName\":\"Redres\u00f6r ve Kesintisiz G\u00fc\u00e7 Kayna\u011f\u0131 Ups\",\"potentialAction\":[{\"@type\":\"SearchAction\",\"target\":{\"@type\":\"EntryPoint\",\"urlTemplate\":\"https:\/\/redsanstore.com\/?s={search_term_string}\"},\"query-input\":{\"@type\":\"PropertyValueSpecification\",\"valueRequired\":true,\"valueName\":\"search_term_string\"}}],\"inLanguage\":\"es\"},{\"@type\":\"Organization\",\"@id\":\"https:\/\/redsanstore.com\/#organization\",\"name\":\"Redsan Store\",\"alternateName\":\"Redres\u00f6r ve Kesintisiz G\u00fc\u00e7 Kayna\u011f\u0131 Ups\",\"url\":\"https:\/\/redsanstore.com\/\",\"logo\":{\"@type\":\"ImageObject\",\"inLanguage\":\"es\",\"@id\":\"https:\/\/redsanstore.com\/#\/schema\/logo\/image\/\",\"url\":\"https:\/\/redsanstore.com\/wp-content\/uploads\/2024\/06\/redresor-ups-site-gorseli.jpg\",\"contentUrl\":\"https:\/\/redsanstore.com\/wp-content\/uploads\/2024\/06\/redresor-ups-site-gorseli.jpg\",\"width\":1200,\"height\":675,\"caption\":\"Redsan Store\"},\"image\":{\"@id\":\"https:\/\/redsanstore.com\/#\/schema\/logo\/image\/\"},\"sameAs\":[\"https:\/\/www.facebook.com\/redsanelektronik\",\"https:\/\/www.instagram.com\/redsanelektronik\/\",\"https:\/\/www.linkedin.com\/company\/redsan-elektronik\/\"]}]}<\/script>\n<!-- \/ Yoast SEO Premium plugin. -->","yoast_head_json":{"title":"SAI en l\u00ednea de 1-10 KVA - Redsan Store","description":"El SAI (sistema de alimentaci\u00f3n ininterrumpida) en l\u00ednea de 1-10 KVA est\u00e1 dise\u00f1ado para proteger equipos sensibles contra cortes de corriente y fluctuaciones de tensi\u00f3n.","robots":{"index":"index","follow":"follow","max-snippet":"max-snippet:-1","max-image-preview":"max-image-preview:large","max-video-preview":"max-video-preview:-1"},"canonical":"https:\/\/redsanstore.com\/es\/sai-en-linea-de-1-10-kva\/","og_locale":"es_ES","og_type":"article","og_title":"SAI en l\u00ednea de 1-10 KVA","og_description":"El SAI (sistema de alimentaci\u00f3n ininterrumpida) en l\u00ednea de 1-10 KVA est\u00e1 dise\u00f1ado para proteger equipos sensibles contra cortes de corriente y fluctuaciones de tensi\u00f3n.","og_url":"https:\/\/redsanstore.com\/es\/sai-en-linea-de-1-10-kva\/","og_site_name":"Redsan Store","article_publisher":"https:\/\/www.facebook.com\/redsanelektronik","article_modified_time":"2025-03-05T11:59:38+00:00","og_image":[{"width":1440,"height":1080,"url":"https:\/\/redsanstore.com\/wp-content\/uploads\/2022\/09\/2-KV-ON.jpg","type":"image\/jpeg"}],"twitter_card":"summary_large_image","twitter_misc":{"Est. reading time":"2 minutos"},"schema":{"@context":"https:\/\/schema.org","@graph":[{"@type":"WebPage","@id":"https:\/\/redsanstore.com\/es\/sai-en-linea-de-1-10-kva\/","url":"https:\/\/redsanstore.com\/es\/sai-en-linea-de-1-10-kva\/","name":"SAI en l\u00ednea de 1-10 KVA - Redsan Store","isPartOf":{"@id":"https:\/\/redsanstore.com\/#website"},"primaryImageOfPage":{"@id":"https:\/\/redsanstore.com\/es\/sai-en-linea-de-1-10-kva\/#primaryimage"},"image":{"@id":"https:\/\/redsanstore.com\/es\/sai-en-linea-de-1-10-kva\/#primaryimage"},"thumbnailUrl":"https:\/\/redsanstore.com\/wp-content\/uploads\/2022\/09\/2-KV-ON-1024x768.jpg","datePublished":"2024-02-23T15:10:44+00:00","dateModified":"2025-03-05T11:59:38+00:00","description":"El SAI (sistema de alimentaci\u00f3n ininterrumpida) en l\u00ednea de 1-10 KVA est\u00e1 dise\u00f1ado para proteger equipos sensibles contra cortes de corriente y fluctuaciones de tensi\u00f3n.","breadcrumb":{"@id":"https:\/\/redsanstore.com\/es\/sai-en-linea-de-1-10-kva\/#breadcrumb"},"inLanguage":"es","potentialAction":[{"@type":"ReadAction","target":["https:\/\/redsanstore.com\/es\/sai-en-linea-de-1-10-kva\/"]}]},{"@type":"ImageObject","inLanguage":"es","@id":"https:\/\/redsanstore.com\/es\/sai-en-linea-de-1-10-kva\/#primaryimage","url":"https:\/\/redsanstore.com\/wp-content\/uploads\/2022\/09\/2-KV-ON-1024x768.jpg","contentUrl":"https:\/\/redsanstore.com\/wp-content\/uploads\/2022\/09\/2-KV-ON-1024x768.jpg"},{"@type":"BreadcrumbList","@id":"https:\/\/redsanstore.com\/es\/sai-en-linea-de-1-10-kva\/#breadcrumb","itemListElement":[{"@type":"ListItem","position":1,"name":"Anasayfa","item":"https:\/\/redsanstore.com\/fr\/"},{"@type":"ListItem","position":2,"name":"SAI en l\u00ednea de 1-10 KVA"}]},{"@type":"WebSite","@id":"https:\/\/redsanstore.com\/#website","url":"https:\/\/redsanstore.com\/","name":"Redsan Store","description":"Redres\u00f6r - Reg\u00fclat\u00f6r - UPS - Ak\u00fc","publisher":{"@id":"https:\/\/redsanstore.com\/#organization"},"alternateName":"Redres\u00f6r ve Kesintisiz G\u00fc\u00e7 Kayna\u011f\u0131 Ups","potentialAction":[{"@type":"SearchAction","target":{"@type":"EntryPoint","urlTemplate":"https:\/\/redsanstore.com\/?s={search_term_string}"},"query-input":{"@type":"PropertyValueSpecification","valueRequired":true,"valueName":"search_term_string"}}],"inLanguage":"es"},{"@type":"Organization","@id":"https:\/\/redsanstore.com\/#organization","name":"Redsan Store","alternateName":"Redres\u00f6r ve Kesintisiz G\u00fc\u00e7 Kayna\u011f\u0131 Ups","url":"https:\/\/redsanstore.com\/","logo":{"@type":"ImageObject","inLanguage":"es","@id":"https:\/\/redsanstore.com\/#\/schema\/logo\/image\/","url":"https:\/\/redsanstore.com\/wp-content\/uploads\/2024\/06\/redresor-ups-site-gorseli.jpg","contentUrl":"https:\/\/redsanstore.com\/wp-content\/uploads\/2024\/06\/redresor-ups-site-gorseli.jpg","width":1200,"height":675,"caption":"Redsan Store"},"image":{"@id":"https:\/\/redsanstore.com\/#\/schema\/logo\/image\/"},"sameAs":["https:\/\/www.facebook.com\/redsanelektronik","https:\/\/www.instagram.com\/redsanelektronik\/","https:\/\/www.linkedin.com\/company\/redsan-elektronik\/"]}]}},"_links":{"self":[{"href":"https:\/\/redsanstore.com\/es\/wp-json\/wp\/v2\/pages\/95906","targetHints":{"allow":["GET"]}}],"collection":[{"href":"https:\/\/redsanstore.com\/es\/wp-json\/wp\/v2\/pages"}],"about":[{"href":"https:\/\/redsanstore.com\/es\/wp-json\/wp\/v2\/types\/page"}],"author":[{"embeddable":true,"href":"https:\/\/redsanstore.com\/es\/wp-json\/wp\/v2\/users\/1"}],"replies":[{"embeddable":true,"href":"https:\/\/redsanstore.com\/es\/wp-json\/wp\/v2\/comments?post=95906"}],"version-history":[{"count":0,"href":"https:\/\/redsanstore.com\/es\/wp-json\/wp\/v2\/pages\/95906\/revisions"}],"wp:attachment":[{"href":"https:\/\/redsanstore.com\/es\/wp-json\/wp\/v2\/media?parent=95906"}],"curies":[{"name":"wp","href":"https:\/\/api.w.org\/{rel}","templated":true}]}}