{"id":95886,"date":"2024-02-23T17:55:55","date_gmt":"2024-02-23T14:55:55","guid":{"rendered":"https:\/\/redsanstore.com\/reguladores-monofasicos\/"},"modified":"2025-03-05T14:47:07","modified_gmt":"2025-03-05T11:47:07","slug":"reguladores-monofasicos","status":"publish","type":"page","link":"https:\/\/redsanstore.com\/es\/reguladores-monofasicos\/","title":{"rendered":"Reguladores monof\u00e1sicos<br>"},"content":{"rendered":"\t\t<div data-elementor-type=\"wp-page\" data-elementor-id=\"95886\" class=\"elementor elementor-95886 elementor-91582\" data-elementor-post-type=\"page\">\n\t\t\t\t\t\t<section class=\"wd-negative-gap elementor-section elementor-top-section elementor-element elementor-element-9d32e0e elementor-section-boxed elementor-section-height-default elementor-section-height-default\" data-id=\"9d32e0e\" data-element_type=\"section\" data-settings=\"{&quot;jet_parallax_layout_list&quot;:[]}\">\n\t\t\t\t\t\t<div class=\"elementor-container elementor-column-gap-default\">\n\t\t\t\t\t<div class=\"elementor-column elementor-col-50 elementor-top-column elementor-element elementor-element-fe5d18e\" data-id=\"fe5d18e\" data-element_type=\"column\">\n\t\t\t<div class=\"elementor-widget-wrap elementor-element-populated\">\n\t\t\t\t\t\t<div class=\"elementor-element elementor-element-e6b807f elementor-widget elementor-widget-wd_text_block\" data-id=\"e6b807f\" data-element_type=\"widget\" data-widget_type=\"wd_text_block.default\">\n\t\t\t\t<div class=\"elementor-widget-container\">\n\t\t\t\t\t\t\t<div class=\"wd-text-block reset-last-child text-left\">\n\t\t\t\n\t\t\t<h2 style=\"text-align: center;\">Reguladores monof\u00e1sicos: Dispositivos de protecci\u00f3n el\u00e9ctrica que regulan las fluctuaciones de tensi\u00f3n<br><\/h2><p>Los reguladores monof\u00e1sicos son importantes dispositivos de protecci\u00f3n el\u00e9ctrica que regulan las fluctuaciones de tensi\u00f3n que se producen en la red el\u00e9ctrica y garantizan el funcionamiento seguro de los aparatos. Utilizados en diversos \u00e1mbitos de aplicaci\u00f3n, desde hogares hasta peque\u00f1as empresas y oficinas, estos dispositivos est\u00e1n dise\u00f1ados para proteger equipos electr\u00f3nicos sensibles y evitar da\u00f1os causados por sobretensiones.<br> <\/p><h3 style=\"text-align: center;\">Principio de funcionamiento<\/h3><p>Los reguladores monof\u00e1sicos detectan y regulan autom\u00e1ticamente las fluctuaciones de tensi\u00f3n en la red el\u00e9ctrica de CA (corriente alterna). En condiciones normales, el regulador controla la tensi\u00f3n de entrada y mantiene constante la tensi\u00f3n de salida. Si la tensi\u00f3n de entrada es alta o baja, el regulador corrige estas fluctuaciones y garantiza el funcionamiento seguro de los dispositivos.<br>  <\/p>\n\t\t\t\t\t<\/div>\n\t\t\t\t\t\t<\/div>\n\t\t\t\t<\/div>\n\t\t\t\t<div class=\"elementor-element elementor-element-8122526 elementor-widget elementor-widget-image\" data-id=\"8122526\" data-element_type=\"widget\" data-widget_type=\"image.default\">\n\t\t\t\t<div class=\"elementor-widget-container\">\n\t\t\t\t\t\t\t\t\t\t\t\t\t\t\t<img fetchpriority=\"high\" decoding=\"async\" width=\"1024\" height=\"768\" src=\"https:\/\/redsanstore.com\/wp-content\/uploads\/2022\/09\/mon11-1024x768.jpg\" class=\"attachment-large size-large wp-image-85189\" alt=\"\" srcset=\"https:\/\/redsanstore.com\/wp-content\/uploads\/2022\/09\/mon11-1024x768.jpg 1024w, https:\/\/redsanstore.com\/wp-content\/uploads\/2022\/09\/mon11-300x225.jpg 300w, https:\/\/redsanstore.com\/wp-content\/uploads\/2022\/09\/mon11-768x576.jpg 768w, https:\/\/redsanstore.com\/wp-content\/uploads\/2022\/09\/mon11-600x450.jpg 600w, https:\/\/redsanstore.com\/wp-content\/uploads\/2022\/09\/mon11-150x113.jpg 150w, https:\/\/redsanstore.com\/wp-content\/uploads\/2022\/09\/mon11.jpg 1440w\" sizes=\"(max-width: 1024px) 100vw, 1024px\" \/>\t\t\t\t\t\t\t\t\t\t\t\t\t\t\t<\/div>\n\t\t\t\t<\/div>\n\t\t\t\t\t<\/div>\n\t\t<\/div>\n\t\t\t\t<div class=\"elementor-column elementor-col-50 elementor-top-column elementor-element elementor-element-8924323\" data-id=\"8924323\" data-element_type=\"column\">\n\t\t\t<div class=\"elementor-widget-wrap elementor-element-populated\">\n\t\t\t\t\t\t<div class=\"elementor-element elementor-element-5d7719a elementor-widget elementor-widget-image\" data-id=\"5d7719a\" data-element_type=\"widget\" data-widget_type=\"image.default\">\n\t\t\t\t<div class=\"elementor-widget-container\">\n\t\t\t\t\t\t\t\t\t\t\t\t\t\t\t<img decoding=\"async\" width=\"1024\" height=\"768\" src=\"https:\/\/redsanstore.com\/wp-content\/uploads\/2022\/09\/regulator-monofaz-1024x768.jpg\" class=\"attachment-large size-large wp-image-85184\" alt=\"\" srcset=\"https:\/\/redsanstore.com\/wp-content\/uploads\/2022\/09\/regulator-monofaz-1024x768.jpg 1024w, https:\/\/redsanstore.com\/wp-content\/uploads\/2022\/09\/regulator-monofaz-300x225.jpg 300w, https:\/\/redsanstore.com\/wp-content\/uploads\/2022\/09\/regulator-monofaz-768x576.jpg 768w, https:\/\/redsanstore.com\/wp-content\/uploads\/2022\/09\/regulator-monofaz-600x450.jpg 600w, https:\/\/redsanstore.com\/wp-content\/uploads\/2022\/09\/regulator-monofaz-150x113.jpg 150w, https:\/\/redsanstore.com\/wp-content\/uploads\/2022\/09\/regulator-monofaz.jpg 1440w\" sizes=\"(max-width: 1024px) 100vw, 1024px\" \/>\t\t\t\t\t\t\t\t\t\t\t\t\t\t\t<\/div>\n\t\t\t\t<\/div>\n\t\t\t\t<div class=\"elementor-element elementor-element-d61324a elementor-widget elementor-widget-wd_text_block\" data-id=\"d61324a\" data-element_type=\"widget\" data-widget_type=\"wd_text_block.default\">\n\t\t\t\t<div class=\"elementor-widget-container\">\n\t\t\t\t\t\t\t<div class=\"wd-text-block reset-last-child text-left\">\n\t\t\t\n\t\t\t<h3 style=\"text-align: center;\">\u00bfA qu\u00e9 se dedican?<br><\/h3><p> <\/p><p>Los reguladores monof\u00e1sicos regulan las fluctuaciones de los sistemas el\u00e9ctricos y mantienen la carga el\u00e9ctrica a un nivel de tensi\u00f3n constante.<br><\/p><p>Evita da\u00f1os en los equipos conectados activ\u00e1ndose autom\u00e1ticamente en caso de sobretensi\u00f3n o subtensi\u00f3n en los sistemas el\u00e9ctricos.<br><\/p><p>Al proporcionar una tensi\u00f3n constante, garantiza un funcionamiento m\u00e1s fiable de los dispositivos el\u00e9ctricos y prolonga su vida \u00fatil.<br><\/p>\n\t\t\t\t\t<\/div>\n\t\t\t\t\t\t<\/div>\n\t\t\t\t<\/div>\n\t\t\t\t\t<\/div>\n\t\t<\/div>\n\t\t\t\t\t<\/div>\n\t\t<\/section>\n\t\t\t\t<section class=\"wd-negative-gap elementor-section elementor-top-section elementor-element elementor-element-c4d49d2 elementor-section-boxed elementor-section-height-default elementor-section-height-default\" data-id=\"c4d49d2\" data-element_type=\"section\" data-settings=\"{&quot;jet_parallax_layout_list&quot;:[]}\">\n\t\t\t\t\t\t<div class=\"elementor-container elementor-column-gap-default\">\n\t\t\t\t\t<div class=\"elementor-column elementor-col-100 elementor-top-column elementor-element elementor-element-3288289\" data-id=\"3288289\" data-element_type=\"column\">\n\t\t\t<div class=\"elementor-widget-wrap elementor-element-populated\">\n\t\t\t\t\t\t<div class=\"elementor-element elementor-element-f863e70 elementor-widget elementor-widget-spacer\" data-id=\"f863e70\" data-element_type=\"widget\" data-widget_type=\"spacer.default\">\n\t\t\t\t<div class=\"elementor-widget-container\">\n\t\t\t\t\t\t\t<div class=\"elementor-spacer\">\n\t\t\t<div class=\"elementor-spacer-inner\"><\/div>\n\t\t<\/div>\n\t\t\t\t\t\t<\/div>\n\t\t\t\t<\/div>\n\t\t\t\t\t<\/div>\n\t\t<\/div>\n\t\t\t\t\t<\/div>\n\t\t<\/section>\n\t\t\t\t<section class=\"wd-negative-gap elementor-section elementor-top-section elementor-element elementor-element-952d8f2 elementor-section-boxed elementor-section-height-default elementor-section-height-default\" data-id=\"952d8f2\" data-element_type=\"section\" data-settings=\"{&quot;jet_parallax_layout_list&quot;:[]}\">\n\t\t\t\t\t\t<div class=\"elementor-container elementor-column-gap-default\">\n\t\t\t\t\t<div class=\"elementor-column elementor-col-50 elementor-top-column elementor-element elementor-element-44866e9\" data-id=\"44866e9\" data-element_type=\"column\">\n\t\t\t<div class=\"elementor-widget-wrap elementor-element-populated\">\n\t\t\t\t\t\t<div class=\"elementor-element elementor-element-687abc4 elementor-widget elementor-widget-wd_text_block\" data-id=\"687abc4\" data-element_type=\"widget\" data-widget_type=\"wd_text_block.default\">\n\t\t\t\t<div class=\"elementor-widget-container\">\n\t\t\t\t\t\t\t<div class=\"wd-text-block reset-last-child text-left\">\n\t\t\t\n\t\t\t<h3 style=\"text-align: center;\">Ventajas<\/h3><p><strong>Estabilizaci\u00f3n de la tensi\u00f3n: <\/strong>Los reguladores monof\u00e1sicos proporcionan una tensi\u00f3n de salida constante regulando las fluctuaciones de la tensi\u00f3n de entrada, lo que garantiza un funcionamiento seguro y eficiente de los equipos sensibles.<br><\/p><p><strong>Protecci\u00f3n de dispositivos: <\/strong>Evita los da\u00f1os causados por las sobretensiones en la red el\u00e9ctrica y protege los equipos electr\u00f3nicos, lo que prolonga la vida \u00fatil de los dispositivos.<br><\/p><p><strong>Tiempo de respuesta r\u00e1pido: <\/strong>Los reguladores reaccionan r\u00e1pidamente cuando se producen cambios instant\u00e1neos en la tensi\u00f3n de entrada y garantizan la protecci\u00f3n de los dispositivos.<br><\/p><p><strong>Dise\u00f1o compacto: <\/strong>Dise\u00f1ados generalmente en tama\u00f1o compacto, los reguladores monof\u00e1sicos ocupan poco espacio y pueden montarse f\u00e1cilmente, lo que proporciona facilidad de instalaci\u00f3n y uso.<\/p><p><strong>Soluci\u00f3n econ\u00f3mica: <\/strong>La asequibilidad de los dispositivos y los bajos requisitos de mantenimiento convierten a los reguladores monof\u00e1sicos en una soluci\u00f3n econ\u00f3mica de protecci\u00f3n el\u00e9ctrica.<br><\/p>\n\t\t\t\t\t<\/div>\n\t\t\t\t\t\t<\/div>\n\t\t\t\t<\/div>\n\t\t\t\t\t<\/div>\n\t\t<\/div>\n\t\t\t\t<div class=\"elementor-column elementor-col-50 elementor-top-column elementor-element elementor-element-368d5c5\" data-id=\"368d5c5\" data-element_type=\"column\">\n\t\t\t<div class=\"elementor-widget-wrap elementor-element-populated\">\n\t\t\t\t\t\t<div class=\"elementor-element elementor-element-e949777 elementor-widget elementor-widget-wd_text_block\" data-id=\"e949777\" data-element_type=\"widget\" data-widget_type=\"wd_text_block.default\">\n\t\t\t\t<div class=\"elementor-widget-container\">\n\t\t\t\t\t\t\t<div class=\"wd-text-block reset-last-child text-left\">\n\t\t\t\n\t\t\t<h3 style=\"text-align: center;\">\u00c1mbitos de aplicaci\u00f3n<\/h3><ul><li>Uso dom\u00e9stico: Electrodom\u00e9sticos de precisi\u00f3n, ordenadores, televisores<br><\/li><li>Peque\u00f1as empresas: Material de oficina, impresoras, fotocopiadoras<br><\/li><li>Uso comercial: Equipamiento de tiendas, sistemas TPV, equipamiento de lugares de trabajo<br><\/li><li>Centros de ense\u00f1anza: Laboratorios inform\u00e1ticos, equipamiento de aulas<br><\/li><li>Instalaciones sanitarias: Dispositivos m\u00e9dicos, equipos de laboratorio<br><\/li><\/ul><p>Los reguladores monof\u00e1sicos garantizan la seguridad de los equipos sensibles minimizando los efectos negativos causados por las fluctuaciones de tensi\u00f3n en la red el\u00e9ctrica. Gracias a su uso en diversos campos de aplicaci\u00f3n y a su facilidad de instalaci\u00f3n y funcionamiento, est\u00e1n reconocidos como un componente importante para la seguridad el\u00e9ctrica.<br> <\/p>\n\t\t\t\t\t<\/div>\n\t\t\t\t\t\t<\/div>\n\t\t\t\t<\/div>\n\t\t\t\t\t<\/div>\n\t\t<\/div>\n\t\t\t\t\t<\/div>\n\t\t<\/section>\n\t\t\t\t<\/div>\n\t\t","protected":false},"excerpt":{"rendered":"<p>Reguladores monof\u00e1sicos: Dispositivos de protecci\u00f3n el\u00e9ctrica que regulan las fluctuaciones de tensi\u00f3n Los reguladores monof\u00e1sicos son importantes dispositivos de protecci\u00f3n<\/p>\n","protected":false},"author":1,"featured_media":0,"parent":0,"menu_order":0,"comment_status":"closed","ping_status":"closed","template":"","meta":{"footnotes":""},"class_list":["post-95886","page","type-page","status-publish","hentry"],"yoast_head":"<!-- This site is optimized with the Yoast SEO Premium plugin v25.8 (Yoast SEO v25.9) - https:\/\/yoast.com\/wordpress\/plugins\/seo\/ -->\n<title>Reguladores monof\u00e1sicos - Redsan Store<\/title>\n<meta name=\"description\" content=\"Reguladores monof\u00e1sicos : Los reguladores monof\u00e1sicos se utilizan para regular las fluctuaciones de tensi\u00f3n que se producen en la red el\u00e9ctrica y garantizar el funcionamiento seguro de los dispositivos.\" \/>\n<meta name=\"robots\" content=\"index, follow, max-snippet:-1, max-image-preview:large, max-video-preview:-1\" \/>\n<link rel=\"canonical\" href=\"https:\/\/redsanstore.com\/es\/reguladores-monofasicos\/\" \/>\n<meta property=\"og:locale\" content=\"es_ES\" \/>\n<meta property=\"og:type\" content=\"article\" \/>\n<meta property=\"og:title\" content=\"Reguladores monof\u00e1sicos\" \/>\n<meta property=\"og:description\" content=\"Reguladores monof\u00e1sicos : Los reguladores monof\u00e1sicos se utilizan para regular las fluctuaciones de tensi\u00f3n que se producen en la red el\u00e9ctrica y garantizar el funcionamiento seguro de los dispositivos.\" \/>\n<meta property=\"og:url\" content=\"https:\/\/redsanstore.com\/es\/reguladores-monofasicos\/\" \/>\n<meta property=\"og:site_name\" content=\"Redsan Store\" \/>\n<meta property=\"article:publisher\" content=\"https:\/\/www.facebook.com\/redsanelektronik\" \/>\n<meta property=\"article:modified_time\" content=\"2025-03-05T11:47:07+00:00\" \/>\n<meta property=\"og:image\" content=\"https:\/\/redsanstore.com\/wp-content\/uploads\/2022\/09\/mon11.jpg\" \/>\n\t<meta property=\"og:image:width\" content=\"1440\" \/>\n\t<meta property=\"og:image:height\" content=\"1080\" \/>\n\t<meta property=\"og:image:type\" content=\"image\/jpeg\" \/>\n<meta name=\"twitter:card\" content=\"summary_large_image\" \/>\n<meta name=\"twitter:label1\" content=\"Est. reading time\" \/>\n\t<meta name=\"twitter:data1\" content=\"2 minutos\" \/>\n<script type=\"application\/ld+json\" class=\"yoast-schema-graph\">{\"@context\":\"https:\/\/schema.org\",\"@graph\":[{\"@type\":\"WebPage\",\"@id\":\"https:\/\/redsanstore.com\/es\/reguladores-monofasicos\/\",\"url\":\"https:\/\/redsanstore.com\/es\/reguladores-monofasicos\/\",\"name\":\"Reguladores monof\u00e1sicos - Redsan Store\",\"isPartOf\":{\"@id\":\"https:\/\/redsanstore.com\/#website\"},\"primaryImageOfPage\":{\"@id\":\"https:\/\/redsanstore.com\/es\/reguladores-monofasicos\/#primaryimage\"},\"image\":{\"@id\":\"https:\/\/redsanstore.com\/es\/reguladores-monofasicos\/#primaryimage\"},\"thumbnailUrl\":\"https:\/\/redsanstore.com\/wp-content\/uploads\/2022\/09\/mon11-1024x768.jpg\",\"datePublished\":\"2024-02-23T14:55:55+00:00\",\"dateModified\":\"2025-03-05T11:47:07+00:00\",\"description\":\"Reguladores monof\u00e1sicos : Los reguladores monof\u00e1sicos se utilizan para regular las fluctuaciones de tensi\u00f3n que se producen en la red el\u00e9ctrica y garantizar el funcionamiento seguro de los dispositivos.\",\"breadcrumb\":{\"@id\":\"https:\/\/redsanstore.com\/es\/reguladores-monofasicos\/#breadcrumb\"},\"inLanguage\":\"es\",\"potentialAction\":[{\"@type\":\"ReadAction\",\"target\":[\"https:\/\/redsanstore.com\/es\/reguladores-monofasicos\/\"]}]},{\"@type\":\"ImageObject\",\"inLanguage\":\"es\",\"@id\":\"https:\/\/redsanstore.com\/es\/reguladores-monofasicos\/#primaryimage\",\"url\":\"https:\/\/redsanstore.com\/wp-content\/uploads\/2022\/09\/mon11-1024x768.jpg\",\"contentUrl\":\"https:\/\/redsanstore.com\/wp-content\/uploads\/2022\/09\/mon11-1024x768.jpg\"},{\"@type\":\"BreadcrumbList\",\"@id\":\"https:\/\/redsanstore.com\/es\/reguladores-monofasicos\/#breadcrumb\",\"itemListElement\":[{\"@type\":\"ListItem\",\"position\":1,\"name\":\"Anasayfa\",\"item\":\"https:\/\/redsanstore.com\/fr\/\"},{\"@type\":\"ListItem\",\"position\":2,\"name\":\"Reguladores monof\u00e1sicos\"}]},{\"@type\":\"WebSite\",\"@id\":\"https:\/\/redsanstore.com\/#website\",\"url\":\"https:\/\/redsanstore.com\/\",\"name\":\"Redsan Store\",\"description\":\"Redres\u00f6r - Reg\u00fclat\u00f6r - UPS - Ak\u00fc\",\"publisher\":{\"@id\":\"https:\/\/redsanstore.com\/#organization\"},\"alternateName\":\"Redres\u00f6r ve Kesintisiz G\u00fc\u00e7 Kayna\u011f\u0131 Ups\",\"potentialAction\":[{\"@type\":\"SearchAction\",\"target\":{\"@type\":\"EntryPoint\",\"urlTemplate\":\"https:\/\/redsanstore.com\/?s={search_term_string}\"},\"query-input\":{\"@type\":\"PropertyValueSpecification\",\"valueRequired\":true,\"valueName\":\"search_term_string\"}}],\"inLanguage\":\"es\"},{\"@type\":\"Organization\",\"@id\":\"https:\/\/redsanstore.com\/#organization\",\"name\":\"Redsan Store\",\"alternateName\":\"Redres\u00f6r ve Kesintisiz G\u00fc\u00e7 Kayna\u011f\u0131 Ups\",\"url\":\"https:\/\/redsanstore.com\/\",\"logo\":{\"@type\":\"ImageObject\",\"inLanguage\":\"es\",\"@id\":\"https:\/\/redsanstore.com\/#\/schema\/logo\/image\/\",\"url\":\"https:\/\/redsanstore.com\/wp-content\/uploads\/2024\/06\/redresor-ups-site-gorseli.jpg\",\"contentUrl\":\"https:\/\/redsanstore.com\/wp-content\/uploads\/2024\/06\/redresor-ups-site-gorseli.jpg\",\"width\":1200,\"height\":675,\"caption\":\"Redsan Store\"},\"image\":{\"@id\":\"https:\/\/redsanstore.com\/#\/schema\/logo\/image\/\"},\"sameAs\":[\"https:\/\/www.facebook.com\/redsanelektronik\",\"https:\/\/www.instagram.com\/redsanelektronik\/\",\"https:\/\/www.linkedin.com\/company\/redsan-elektronik\/\"]}]}<\/script>\n<!-- \/ Yoast SEO Premium plugin. -->","yoast_head_json":{"title":"Reguladores monof\u00e1sicos - Redsan Store","description":"Reguladores monof\u00e1sicos : Los reguladores monof\u00e1sicos se utilizan para regular las fluctuaciones de tensi\u00f3n que se producen en la red el\u00e9ctrica y garantizar el funcionamiento seguro de los dispositivos.","robots":{"index":"index","follow":"follow","max-snippet":"max-snippet:-1","max-image-preview":"max-image-preview:large","max-video-preview":"max-video-preview:-1"},"canonical":"https:\/\/redsanstore.com\/es\/reguladores-monofasicos\/","og_locale":"es_ES","og_type":"article","og_title":"Reguladores monof\u00e1sicos","og_description":"Reguladores monof\u00e1sicos : Los reguladores monof\u00e1sicos se utilizan para regular las fluctuaciones de tensi\u00f3n que se producen en la red el\u00e9ctrica y garantizar el funcionamiento seguro de los dispositivos.","og_url":"https:\/\/redsanstore.com\/es\/reguladores-monofasicos\/","og_site_name":"Redsan Store","article_publisher":"https:\/\/www.facebook.com\/redsanelektronik","article_modified_time":"2025-03-05T11:47:07+00:00","og_image":[{"width":1440,"height":1080,"url":"https:\/\/redsanstore.com\/wp-content\/uploads\/2022\/09\/mon11.jpg","type":"image\/jpeg"}],"twitter_card":"summary_large_image","twitter_misc":{"Est. reading time":"2 minutos"},"schema":{"@context":"https:\/\/schema.org","@graph":[{"@type":"WebPage","@id":"https:\/\/redsanstore.com\/es\/reguladores-monofasicos\/","url":"https:\/\/redsanstore.com\/es\/reguladores-monofasicos\/","name":"Reguladores monof\u00e1sicos - Redsan Store","isPartOf":{"@id":"https:\/\/redsanstore.com\/#website"},"primaryImageOfPage":{"@id":"https:\/\/redsanstore.com\/es\/reguladores-monofasicos\/#primaryimage"},"image":{"@id":"https:\/\/redsanstore.com\/es\/reguladores-monofasicos\/#primaryimage"},"thumbnailUrl":"https:\/\/redsanstore.com\/wp-content\/uploads\/2022\/09\/mon11-1024x768.jpg","datePublished":"2024-02-23T14:55:55+00:00","dateModified":"2025-03-05T11:47:07+00:00","description":"Reguladores monof\u00e1sicos : Los reguladores monof\u00e1sicos se utilizan para regular las fluctuaciones de tensi\u00f3n que se producen en la red el\u00e9ctrica y garantizar el funcionamiento seguro de los dispositivos.","breadcrumb":{"@id":"https:\/\/redsanstore.com\/es\/reguladores-monofasicos\/#breadcrumb"},"inLanguage":"es","potentialAction":[{"@type":"ReadAction","target":["https:\/\/redsanstore.com\/es\/reguladores-monofasicos\/"]}]},{"@type":"ImageObject","inLanguage":"es","@id":"https:\/\/redsanstore.com\/es\/reguladores-monofasicos\/#primaryimage","url":"https:\/\/redsanstore.com\/wp-content\/uploads\/2022\/09\/mon11-1024x768.jpg","contentUrl":"https:\/\/redsanstore.com\/wp-content\/uploads\/2022\/09\/mon11-1024x768.jpg"},{"@type":"BreadcrumbList","@id":"https:\/\/redsanstore.com\/es\/reguladores-monofasicos\/#breadcrumb","itemListElement":[{"@type":"ListItem","position":1,"name":"Anasayfa","item":"https:\/\/redsanstore.com\/fr\/"},{"@type":"ListItem","position":2,"name":"Reguladores monof\u00e1sicos"}]},{"@type":"WebSite","@id":"https:\/\/redsanstore.com\/#website","url":"https:\/\/redsanstore.com\/","name":"Redsan Store","description":"Redres\u00f6r - Reg\u00fclat\u00f6r - UPS - Ak\u00fc","publisher":{"@id":"https:\/\/redsanstore.com\/#organization"},"alternateName":"Redres\u00f6r ve Kesintisiz G\u00fc\u00e7 Kayna\u011f\u0131 Ups","potentialAction":[{"@type":"SearchAction","target":{"@type":"EntryPoint","urlTemplate":"https:\/\/redsanstore.com\/?s={search_term_string}"},"query-input":{"@type":"PropertyValueSpecification","valueRequired":true,"valueName":"search_term_string"}}],"inLanguage":"es"},{"@type":"Organization","@id":"https:\/\/redsanstore.com\/#organization","name":"Redsan Store","alternateName":"Redres\u00f6r ve Kesintisiz G\u00fc\u00e7 Kayna\u011f\u0131 Ups","url":"https:\/\/redsanstore.com\/","logo":{"@type":"ImageObject","inLanguage":"es","@id":"https:\/\/redsanstore.com\/#\/schema\/logo\/image\/","url":"https:\/\/redsanstore.com\/wp-content\/uploads\/2024\/06\/redresor-ups-site-gorseli.jpg","contentUrl":"https:\/\/redsanstore.com\/wp-content\/uploads\/2024\/06\/redresor-ups-site-gorseli.jpg","width":1200,"height":675,"caption":"Redsan Store"},"image":{"@id":"https:\/\/redsanstore.com\/#\/schema\/logo\/image\/"},"sameAs":["https:\/\/www.facebook.com\/redsanelektronik","https:\/\/www.instagram.com\/redsanelektronik\/","https:\/\/www.linkedin.com\/company\/redsan-elektronik\/"]}]}},"_links":{"self":[{"href":"https:\/\/redsanstore.com\/es\/wp-json\/wp\/v2\/pages\/95886","targetHints":{"allow":["GET"]}}],"collection":[{"href":"https:\/\/redsanstore.com\/es\/wp-json\/wp\/v2\/pages"}],"about":[{"href":"https:\/\/redsanstore.com\/es\/wp-json\/wp\/v2\/types\/page"}],"author":[{"embeddable":true,"href":"https:\/\/redsanstore.com\/es\/wp-json\/wp\/v2\/users\/1"}],"replies":[{"embeddable":true,"href":"https:\/\/redsanstore.com\/es\/wp-json\/wp\/v2\/comments?post=95886"}],"version-history":[{"count":0,"href":"https:\/\/redsanstore.com\/es\/wp-json\/wp\/v2\/pages\/95886\/revisions"}],"wp:attachment":[{"href":"https:\/\/redsanstore.com\/es\/wp-json\/wp\/v2\/media?parent=95886"}],"curies":[{"name":"wp","href":"https:\/\/api.w.org\/{rel}","templated":true}]}}