{"id":95819,"date":"2024-09-11T13:33:56","date_gmt":"2024-09-11T10:33:56","guid":{"rendered":"https:\/\/redsanstore.com\/sai-para-energia-ininterrumpida\/"},"modified":"2025-03-05T13:06:36","modified_gmt":"2025-03-05T10:06:36","slug":"sai-para-energia-ininterrumpida","status":"publish","type":"page","link":"https:\/\/redsanstore.com\/es\/sai-para-energia-ininterrumpida\/","title":{"rendered":"SAI para energ\u00eda ininterrumpida"},"content":{"rendered":"\t\t<div data-elementor-type=\"wp-page\" data-elementor-id=\"95819\" class=\"elementor elementor-95819 elementor-94264\" data-elementor-post-type=\"page\">\n\t\t\t\t\t\t<section class=\"wd-negative-gap elementor-section elementor-top-section elementor-element elementor-element-6f549cd elementor-section-boxed elementor-section-height-default elementor-section-height-default\" data-id=\"6f549cd\" data-element_type=\"section\" data-settings=\"{&quot;jet_parallax_layout_list&quot;:[]}\">\n\t\t\t\t\t\t<div class=\"elementor-container elementor-column-gap-default\">\n\t\t\t\t\t<div class=\"elementor-column elementor-col-100 elementor-top-column elementor-element elementor-element-592e37a\" data-id=\"592e37a\" data-element_type=\"column\">\n\t\t\t<div class=\"elementor-widget-wrap elementor-element-populated\">\n\t\t\t\t\t\t<div class=\"elementor-element elementor-element-abf4cc2 elementor-widget elementor-widget-spacer\" data-id=\"abf4cc2\" data-element_type=\"widget\" data-widget_type=\"spacer.default\">\n\t\t\t\t<div class=\"elementor-widget-container\">\n\t\t\t\t\t\t\t<div class=\"elementor-spacer\">\n\t\t\t<div class=\"elementor-spacer-inner\"><\/div>\n\t\t<\/div>\n\t\t\t\t\t\t<\/div>\n\t\t\t\t<\/div>\n\t\t\t\t\t<\/div>\n\t\t<\/div>\n\t\t\t\t\t<\/div>\n\t\t<\/section>\n\t\t\t\t<section class=\"wd-negative-gap elementor-section elementor-top-section elementor-element elementor-element-691e2ef elementor-section-boxed elementor-section-height-default elementor-section-height-default\" data-id=\"691e2ef\" data-element_type=\"section\" data-settings=\"{&quot;jet_parallax_layout_list&quot;:[]}\">\n\t\t\t\t\t\t<div class=\"elementor-container elementor-column-gap-default\">\n\t\t\t\t\t<div class=\"elementor-column elementor-col-50 elementor-top-column elementor-element elementor-element-1e159ac\" data-id=\"1e159ac\" data-element_type=\"column\">\n\t\t\t<div class=\"elementor-widget-wrap elementor-element-populated\">\n\t\t\t\t\t\t<div class=\"elementor-element elementor-element-a68ee56 color-scheme-inherit text-left elementor-widget elementor-widget-text-editor\" data-id=\"a68ee56\" data-element_type=\"widget\" data-widget_type=\"text-editor.default\">\n\t\t\t\t<div class=\"elementor-widget-container\">\n\t\t\t\t\t\t\t\t\t<h2><strong>SAI para energ\u00eda ininterrumpida: suministro el\u00e9ctrico seguro y continuo<\/strong><\/h2>\n<p>Los sistemas SAI (Sistema de Alimentaci\u00f3n Ininterrumpida) para energ\u00eda ininterrumpida son soluciones que garantizan el funcionamiento seguro y continuo de dispositivos electr\u00f3nicos e infraestructuras cr\u00edticas ante cortes de energ\u00eda, fluctuaciones de tensi\u00f3n y problemas el\u00e9ctricos. Los sistemas SAI, especialmente vitales para ordenadores, servidores, dispositivos m\u00e9dicos y equipos industriales, proporcionan continuidad energ\u00e9tica al tiempo que evitan la p\u00e9rdida de datos y da\u00f1os en los dispositivos. <\/p>\n<h4>\u00bfQu\u00e9 es UPS y por qu\u00e9 es importante?<\/h4>\n<p>Los sistemas SAI son fuentes de energ\u00eda de reserva que se activan en caso de fallo de la red el\u00e9ctrica. Estos sistemas proporcionan energ\u00eda temporal a los dispositivos conectados y evitan los problemas que pueden causar los cortes de corriente. Al mismo tiempo, los SAI estabilizan las fluctuaciones de tensi\u00f3n y garantizan un funcionamiento m\u00e1s prolongado y seguro de los dispositivos.  <\/p>\n\t\t\t\t\t\t\t\t<\/div>\n\t\t\t\t<\/div>\n\t\t\t\t\t<\/div>\n\t\t<\/div>\n\t\t\t\t<div class=\"elementor-column elementor-col-50 elementor-top-column elementor-element elementor-element-62161e0\" data-id=\"62161e0\" data-element_type=\"column\">\n\t\t\t<div class=\"elementor-widget-wrap elementor-element-populated\">\n\t\t\t\t\t\t<div class=\"elementor-element elementor-element-739b41b elementor-widget elementor-widget-image\" data-id=\"739b41b\" data-element_type=\"widget\" data-widget_type=\"image.default\">\n\t\t\t\t<div class=\"elementor-widget-container\">\n\t\t\t\t\t\t\t\t\t\t\t\t\t\t\t<img fetchpriority=\"high\" decoding=\"async\" width=\"1024\" height=\"768\" src=\"https:\/\/redsanstore.com\/wp-content\/uploads\/2024\/09\/Kesintisiz-Enerji-Icin-UPS-1024x768.jpeg\" class=\"attachment-large size-large wp-image-94270\" alt=\"Kesintisiz Enerji \u0130\u00e7in UPS\" srcset=\"https:\/\/redsanstore.com\/wp-content\/uploads\/2024\/09\/Kesintisiz-Enerji-Icin-UPS-1024x768.jpeg 1024w, https:\/\/redsanstore.com\/wp-content\/uploads\/2024\/09\/Kesintisiz-Enerji-Icin-UPS-300x225.jpeg 300w, https:\/\/redsanstore.com\/wp-content\/uploads\/2024\/09\/Kesintisiz-Enerji-Icin-UPS-768x576.jpeg 768w, https:\/\/redsanstore.com\/wp-content\/uploads\/2024\/09\/Kesintisiz-Enerji-Icin-UPS-1536x1152.jpeg 1536w, https:\/\/redsanstore.com\/wp-content\/uploads\/2024\/09\/Kesintisiz-Enerji-Icin-UPS-600x450.jpeg 600w, https:\/\/redsanstore.com\/wp-content\/uploads\/2024\/09\/Kesintisiz-Enerji-Icin-UPS-150x113.jpeg 150w, https:\/\/redsanstore.com\/wp-content\/uploads\/2024\/09\/Kesintisiz-Enerji-Icin-UPS.jpeg 1600w\" sizes=\"(max-width: 1024px) 100vw, 1024px\" \/>\t\t\t\t\t\t\t\t\t\t\t\t\t\t\t<\/div>\n\t\t\t\t<\/div>\n\t\t\t\t\t<\/div>\n\t\t<\/div>\n\t\t\t\t\t<\/div>\n\t\t<\/section>\n\t\t\t\t<section class=\"wd-negative-gap elementor-section elementor-top-section elementor-element elementor-element-f48ccd1 elementor-section-boxed elementor-section-height-default elementor-section-height-default\" data-id=\"f48ccd1\" data-element_type=\"section\" data-settings=\"{&quot;jet_parallax_layout_list&quot;:[]}\">\n\t\t\t\t\t\t<div class=\"elementor-container elementor-column-gap-default\">\n\t\t\t\t\t<div class=\"elementor-column elementor-col-100 elementor-top-column elementor-element elementor-element-e63519a\" data-id=\"e63519a\" data-element_type=\"column\">\n\t\t\t<div class=\"elementor-widget-wrap elementor-element-populated\">\n\t\t\t\t\t\t<div class=\"elementor-element elementor-element-99a15db elementor-widget elementor-widget-spacer\" data-id=\"99a15db\" data-element_type=\"widget\" data-widget_type=\"spacer.default\">\n\t\t\t\t<div class=\"elementor-widget-container\">\n\t\t\t\t\t\t\t<div class=\"elementor-spacer\">\n\t\t\t<div class=\"elementor-spacer-inner\"><\/div>\n\t\t<\/div>\n\t\t\t\t\t\t<\/div>\n\t\t\t\t<\/div>\n\t\t\t\t\t<\/div>\n\t\t<\/div>\n\t\t\t\t\t<\/div>\n\t\t<\/section>\n\t\t\t\t<section class=\"wd-negative-gap elementor-section elementor-top-section elementor-element elementor-element-f52e8dd elementor-section-boxed elementor-section-height-default elementor-section-height-default\" data-id=\"f52e8dd\" data-element_type=\"section\" data-settings=\"{&quot;jet_parallax_layout_list&quot;:[]}\">\n\t\t\t\t\t\t<div class=\"elementor-container elementor-column-gap-default\">\n\t\t\t\t\t<div class=\"elementor-column elementor-col-50 elementor-top-column elementor-element elementor-element-8a5e71f\" data-id=\"8a5e71f\" data-element_type=\"column\">\n\t\t\t<div class=\"elementor-widget-wrap elementor-element-populated\">\n\t\t\t\t\t\t<div class=\"elementor-element elementor-element-2e4a284 color-scheme-inherit text-left elementor-widget elementor-widget-text-editor\" data-id=\"2e4a284\" data-element_type=\"widget\" data-widget_type=\"text-editor.default\">\n\t\t\t\t<div class=\"elementor-widget-container\">\n\t\t\t\t\t\t\t\t\t<h4>Ventajas del uso de SAI para obtener energ\u00eda ininterrumpida<\/h4>\n<ul>\n<li><strong>Evita la p\u00e9rdida de datos: <\/strong>Evita la p\u00e9rdida de datos cr\u00edticos de ordenadores y servidores en caso de apag\u00f3n.<\/li>\n<li><strong>Proporciona seguridad a los dispositivos: <\/strong>Evita da\u00f1os en los dispositivos proporcionando protecci\u00f3n contra sobretensiones el\u00e9ctricas.<\/li>\n<li><strong>Flujo de trabajo ininterrumpido:<\/strong> Garantiza el funcionamiento ininterrumpido de las empresas evitando la interrupci\u00f3n de las actividades comerciales e industriales.<\/li>\n<li><strong>Energ\u00eda de reserva de emergencia: <\/strong>Proporciona una fuente de energ\u00eda de reserva durante un periodo de tiempo temporal en caso de fallo el\u00e9ctrico, lo que permite apagar los sistemas de forma segura o cambiar a fuentes de energ\u00eda alternativas.<\/li>\n<\/ul>\n\t\t\t\t\t\t\t\t<\/div>\n\t\t\t\t<\/div>\n\t\t\t\t\t<\/div>\n\t\t<\/div>\n\t\t\t\t<div class=\"elementor-column elementor-col-50 elementor-top-column elementor-element elementor-element-379cf1d\" data-id=\"379cf1d\" data-element_type=\"column\">\n\t\t\t<div class=\"elementor-widget-wrap elementor-element-populated\">\n\t\t\t\t\t\t<div class=\"elementor-element elementor-element-e01bf11 color-scheme-inherit text-left elementor-widget elementor-widget-text-editor\" data-id=\"e01bf11\" data-element_type=\"widget\" data-widget_type=\"text-editor.default\">\n\t\t\t\t<div class=\"elementor-widget-container\">\n\t\t\t\t\t\t\t\t\t<h4>\u00c1reas de uso de los sistemas SAI<\/h4>\n<ul>\n<li><strong>Centros de datos:<\/strong> Garantiza el funcionamiento seguro de los servidores y la protecci\u00f3n de los datos.<\/li>\n<li><strong>Uso dom\u00e9stico y en la oficina:<\/strong> Garantiza el funcionamiento seguro de ordenadores, m\u00f3dems y otros dispositivos electr\u00f3nicos.<\/li>\n<li><strong>Plantas industriales: <\/strong>Aumenta la productividad al evitar las interrupciones que pueden producirse por cortes de energ\u00eda en las l\u00edneas de producci\u00f3n.<\/li>\n<li><strong>Hospitales: <\/strong>Garantiza la seguridad del paciente asegurando el funcionamiento ininterrumpido de los dispositivos m\u00e9dicos.<\/li>\n<\/ul>\n<p>Es una tecnolog\u00eda vital que protege los dispositivos y los datos contra los cortes de energ\u00eda y las fluctuaciones de tensi\u00f3n. Es fundamental para la continuidad del negocio, la seguridad de los datos y la protecci\u00f3n de los dispositivos, tanto para usuarios particulares como para empresas. A largo plazo, los sistemas SAI proporcionan continuidad energ\u00e9tica, prolongan la vida \u00fatil de los dispositivos y reducen los costes.  <\/p>\n\t\t\t\t\t\t\t\t<\/div>\n\t\t\t\t<\/div>\n\t\t\t\t\t<\/div>\n\t\t<\/div>\n\t\t\t\t\t<\/div>\n\t\t<\/section>\n\t\t\t\t<\/div>\n\t\t","protected":false},"excerpt":{"rendered":"<p>SAI para energ\u00eda ininterrumpida: suministro el\u00e9ctrico seguro y continuo Los sistemas SAI (Sistema de Alimentaci\u00f3n Ininterrumpida) para energ\u00eda ininterrumpida son<\/p>\n","protected":false},"author":1,"featured_media":0,"parent":0,"menu_order":0,"comment_status":"closed","ping_status":"closed","template":"","meta":{"footnotes":""},"class_list":["post-95819","page","type-page","status-publish","hentry"],"yoast_head":"<!-- This site is optimized with the Yoast SEO Premium plugin v25.8 (Yoast SEO v25.9) - https:\/\/yoast.com\/wordpress\/plugins\/seo\/ -->\n<title>SAI para energ\u00eda ininterrumpida - Redsan Store<\/title>\n<meta name=\"description\" content=\"Los SAI de energ\u00eda ininterrumpida protegen los dispositivos y evitan la p\u00e9rdida de datos durante los cortes de energ\u00eda. Para m\u00e1s informaci\u00f3n...\" \/>\n<meta name=\"robots\" content=\"index, follow, max-snippet:-1, max-image-preview:large, max-video-preview:-1\" \/>\n<link rel=\"canonical\" href=\"https:\/\/redsanstore.com\/es\/sai-para-energia-ininterrumpida\/\" \/>\n<meta property=\"og:locale\" content=\"es_ES\" \/>\n<meta property=\"og:type\" content=\"article\" \/>\n<meta property=\"og:title\" content=\"SAI para energ\u00eda ininterrumpida\" \/>\n<meta property=\"og:description\" content=\"Los SAI de energ\u00eda ininterrumpida protegen los dispositivos y evitan la p\u00e9rdida de datos durante los cortes de energ\u00eda. Para m\u00e1s informaci\u00f3n...\" \/>\n<meta property=\"og:url\" content=\"https:\/\/redsanstore.com\/es\/sai-para-energia-ininterrumpida\/\" \/>\n<meta property=\"og:site_name\" content=\"Redsan Store\" \/>\n<meta property=\"article:publisher\" content=\"https:\/\/www.facebook.com\/redsanelektronik\" \/>\n<meta property=\"article:modified_time\" content=\"2025-03-05T10:06:36+00:00\" \/>\n<meta property=\"og:image\" content=\"https:\/\/redsanstore.com\/wp-content\/uploads\/2024\/09\/Kesintisiz-Enerji-Icin-UPS.jpeg\" \/>\n\t<meta property=\"og:image:width\" content=\"1600\" \/>\n\t<meta property=\"og:image:height\" content=\"1200\" \/>\n\t<meta property=\"og:image:type\" content=\"image\/jpeg\" \/>\n<meta name=\"twitter:card\" content=\"summary_large_image\" \/>\n<meta name=\"twitter:label1\" content=\"Est. reading time\" \/>\n\t<meta name=\"twitter:data1\" content=\"2 minutos\" \/>\n<script type=\"application\/ld+json\" class=\"yoast-schema-graph\">{\"@context\":\"https:\/\/schema.org\",\"@graph\":[{\"@type\":\"WebPage\",\"@id\":\"https:\/\/redsanstore.com\/es\/sai-para-energia-ininterrumpida\/\",\"url\":\"https:\/\/redsanstore.com\/es\/sai-para-energia-ininterrumpida\/\",\"name\":\"SAI para energ\u00eda ininterrumpida - Redsan Store\",\"isPartOf\":{\"@id\":\"https:\/\/redsanstore.com\/#website\"},\"primaryImageOfPage\":{\"@id\":\"https:\/\/redsanstore.com\/es\/sai-para-energia-ininterrumpida\/#primaryimage\"},\"image\":{\"@id\":\"https:\/\/redsanstore.com\/es\/sai-para-energia-ininterrumpida\/#primaryimage\"},\"thumbnailUrl\":\"https:\/\/redsanstore.com\/wp-content\/uploads\/2024\/09\/Kesintisiz-Enerji-Icin-UPS-1024x768.jpeg\",\"datePublished\":\"2024-09-11T10:33:56+00:00\",\"dateModified\":\"2025-03-05T10:06:36+00:00\",\"description\":\"Los SAI de energ\u00eda ininterrumpida protegen los dispositivos y evitan la p\u00e9rdida de datos durante los cortes de energ\u00eda. Para m\u00e1s informaci\u00f3n...\",\"breadcrumb\":{\"@id\":\"https:\/\/redsanstore.com\/es\/sai-para-energia-ininterrumpida\/#breadcrumb\"},\"inLanguage\":\"es\",\"potentialAction\":[{\"@type\":\"ReadAction\",\"target\":[\"https:\/\/redsanstore.com\/es\/sai-para-energia-ininterrumpida\/\"]}]},{\"@type\":\"ImageObject\",\"inLanguage\":\"es\",\"@id\":\"https:\/\/redsanstore.com\/es\/sai-para-energia-ininterrumpida\/#primaryimage\",\"url\":\"https:\/\/redsanstore.com\/wp-content\/uploads\/2024\/09\/Kesintisiz-Enerji-Icin-UPS-1024x768.jpeg\",\"contentUrl\":\"https:\/\/redsanstore.com\/wp-content\/uploads\/2024\/09\/Kesintisiz-Enerji-Icin-UPS-1024x768.jpeg\"},{\"@type\":\"BreadcrumbList\",\"@id\":\"https:\/\/redsanstore.com\/es\/sai-para-energia-ininterrumpida\/#breadcrumb\",\"itemListElement\":[{\"@type\":\"ListItem\",\"position\":1,\"name\":\"Anasayfa\",\"item\":\"https:\/\/redsanstore.com\/fr\/\"},{\"@type\":\"ListItem\",\"position\":2,\"name\":\"SAI para energ\u00eda ininterrumpida\"}]},{\"@type\":\"WebSite\",\"@id\":\"https:\/\/redsanstore.com\/#website\",\"url\":\"https:\/\/redsanstore.com\/\",\"name\":\"Redsan Store\",\"description\":\"Redres\u00f6r - Reg\u00fclat\u00f6r - UPS - Ak\u00fc\",\"publisher\":{\"@id\":\"https:\/\/redsanstore.com\/#organization\"},\"alternateName\":\"Redres\u00f6r ve Kesintisiz G\u00fc\u00e7 Kayna\u011f\u0131 Ups\",\"potentialAction\":[{\"@type\":\"SearchAction\",\"target\":{\"@type\":\"EntryPoint\",\"urlTemplate\":\"https:\/\/redsanstore.com\/?s={search_term_string}\"},\"query-input\":{\"@type\":\"PropertyValueSpecification\",\"valueRequired\":true,\"valueName\":\"search_term_string\"}}],\"inLanguage\":\"es\"},{\"@type\":\"Organization\",\"@id\":\"https:\/\/redsanstore.com\/#organization\",\"name\":\"Redsan Store\",\"alternateName\":\"Redres\u00f6r ve Kesintisiz G\u00fc\u00e7 Kayna\u011f\u0131 Ups\",\"url\":\"https:\/\/redsanstore.com\/\",\"logo\":{\"@type\":\"ImageObject\",\"inLanguage\":\"es\",\"@id\":\"https:\/\/redsanstore.com\/#\/schema\/logo\/image\/\",\"url\":\"https:\/\/redsanstore.com\/wp-content\/uploads\/2024\/06\/redresor-ups-site-gorseli.jpg\",\"contentUrl\":\"https:\/\/redsanstore.com\/wp-content\/uploads\/2024\/06\/redresor-ups-site-gorseli.jpg\",\"width\":1200,\"height\":675,\"caption\":\"Redsan Store\"},\"image\":{\"@id\":\"https:\/\/redsanstore.com\/#\/schema\/logo\/image\/\"},\"sameAs\":[\"https:\/\/www.facebook.com\/redsanelektronik\",\"https:\/\/www.instagram.com\/redsanelektronik\/\",\"https:\/\/www.linkedin.com\/company\/redsan-elektronik\/\"]}]}<\/script>\n<!-- \/ Yoast SEO Premium plugin. -->","yoast_head_json":{"title":"SAI para energ\u00eda ininterrumpida - Redsan Store","description":"Los SAI de energ\u00eda ininterrumpida protegen los dispositivos y evitan la p\u00e9rdida de datos durante los cortes de energ\u00eda. Para m\u00e1s informaci\u00f3n...","robots":{"index":"index","follow":"follow","max-snippet":"max-snippet:-1","max-image-preview":"max-image-preview:large","max-video-preview":"max-video-preview:-1"},"canonical":"https:\/\/redsanstore.com\/es\/sai-para-energia-ininterrumpida\/","og_locale":"es_ES","og_type":"article","og_title":"SAI para energ\u00eda ininterrumpida","og_description":"Los SAI de energ\u00eda ininterrumpida protegen los dispositivos y evitan la p\u00e9rdida de datos durante los cortes de energ\u00eda. Para m\u00e1s informaci\u00f3n...","og_url":"https:\/\/redsanstore.com\/es\/sai-para-energia-ininterrumpida\/","og_site_name":"Redsan Store","article_publisher":"https:\/\/www.facebook.com\/redsanelektronik","article_modified_time":"2025-03-05T10:06:36+00:00","og_image":[{"width":1600,"height":1200,"url":"https:\/\/redsanstore.com\/wp-content\/uploads\/2024\/09\/Kesintisiz-Enerji-Icin-UPS.jpeg","type":"image\/jpeg"}],"twitter_card":"summary_large_image","twitter_misc":{"Est. reading time":"2 minutos"},"schema":{"@context":"https:\/\/schema.org","@graph":[{"@type":"WebPage","@id":"https:\/\/redsanstore.com\/es\/sai-para-energia-ininterrumpida\/","url":"https:\/\/redsanstore.com\/es\/sai-para-energia-ininterrumpida\/","name":"SAI para energ\u00eda ininterrumpida - Redsan Store","isPartOf":{"@id":"https:\/\/redsanstore.com\/#website"},"primaryImageOfPage":{"@id":"https:\/\/redsanstore.com\/es\/sai-para-energia-ininterrumpida\/#primaryimage"},"image":{"@id":"https:\/\/redsanstore.com\/es\/sai-para-energia-ininterrumpida\/#primaryimage"},"thumbnailUrl":"https:\/\/redsanstore.com\/wp-content\/uploads\/2024\/09\/Kesintisiz-Enerji-Icin-UPS-1024x768.jpeg","datePublished":"2024-09-11T10:33:56+00:00","dateModified":"2025-03-05T10:06:36+00:00","description":"Los SAI de energ\u00eda ininterrumpida protegen los dispositivos y evitan la p\u00e9rdida de datos durante los cortes de energ\u00eda. Para m\u00e1s informaci\u00f3n...","breadcrumb":{"@id":"https:\/\/redsanstore.com\/es\/sai-para-energia-ininterrumpida\/#breadcrumb"},"inLanguage":"es","potentialAction":[{"@type":"ReadAction","target":["https:\/\/redsanstore.com\/es\/sai-para-energia-ininterrumpida\/"]}]},{"@type":"ImageObject","inLanguage":"es","@id":"https:\/\/redsanstore.com\/es\/sai-para-energia-ininterrumpida\/#primaryimage","url":"https:\/\/redsanstore.com\/wp-content\/uploads\/2024\/09\/Kesintisiz-Enerji-Icin-UPS-1024x768.jpeg","contentUrl":"https:\/\/redsanstore.com\/wp-content\/uploads\/2024\/09\/Kesintisiz-Enerji-Icin-UPS-1024x768.jpeg"},{"@type":"BreadcrumbList","@id":"https:\/\/redsanstore.com\/es\/sai-para-energia-ininterrumpida\/#breadcrumb","itemListElement":[{"@type":"ListItem","position":1,"name":"Anasayfa","item":"https:\/\/redsanstore.com\/fr\/"},{"@type":"ListItem","position":2,"name":"SAI para energ\u00eda ininterrumpida"}]},{"@type":"WebSite","@id":"https:\/\/redsanstore.com\/#website","url":"https:\/\/redsanstore.com\/","name":"Redsan Store","description":"Redres\u00f6r - Reg\u00fclat\u00f6r - UPS - Ak\u00fc","publisher":{"@id":"https:\/\/redsanstore.com\/#organization"},"alternateName":"Redres\u00f6r ve Kesintisiz G\u00fc\u00e7 Kayna\u011f\u0131 Ups","potentialAction":[{"@type":"SearchAction","target":{"@type":"EntryPoint","urlTemplate":"https:\/\/redsanstore.com\/?s={search_term_string}"},"query-input":{"@type":"PropertyValueSpecification","valueRequired":true,"valueName":"search_term_string"}}],"inLanguage":"es"},{"@type":"Organization","@id":"https:\/\/redsanstore.com\/#organization","name":"Redsan Store","alternateName":"Redres\u00f6r ve Kesintisiz G\u00fc\u00e7 Kayna\u011f\u0131 Ups","url":"https:\/\/redsanstore.com\/","logo":{"@type":"ImageObject","inLanguage":"es","@id":"https:\/\/redsanstore.com\/#\/schema\/logo\/image\/","url":"https:\/\/redsanstore.com\/wp-content\/uploads\/2024\/06\/redresor-ups-site-gorseli.jpg","contentUrl":"https:\/\/redsanstore.com\/wp-content\/uploads\/2024\/06\/redresor-ups-site-gorseli.jpg","width":1200,"height":675,"caption":"Redsan Store"},"image":{"@id":"https:\/\/redsanstore.com\/#\/schema\/logo\/image\/"},"sameAs":["https:\/\/www.facebook.com\/redsanelektronik","https:\/\/www.instagram.com\/redsanelektronik\/","https:\/\/www.linkedin.com\/company\/redsan-elektronik\/"]}]}},"_links":{"self":[{"href":"https:\/\/redsanstore.com\/es\/wp-json\/wp\/v2\/pages\/95819","targetHints":{"allow":["GET"]}}],"collection":[{"href":"https:\/\/redsanstore.com\/es\/wp-json\/wp\/v2\/pages"}],"about":[{"href":"https:\/\/redsanstore.com\/es\/wp-json\/wp\/v2\/types\/page"}],"author":[{"embeddable":true,"href":"https:\/\/redsanstore.com\/es\/wp-json\/wp\/v2\/users\/1"}],"replies":[{"embeddable":true,"href":"https:\/\/redsanstore.com\/es\/wp-json\/wp\/v2\/comments?post=95819"}],"version-history":[{"count":0,"href":"https:\/\/redsanstore.com\/es\/wp-json\/wp\/v2\/pages\/95819\/revisions"}],"wp:attachment":[{"href":"https:\/\/redsanstore.com\/es\/wp-json\/wp\/v2\/media?parent=95819"}],"curies":[{"name":"wp","href":"https:\/\/api.w.org\/{rel}","templated":true}]}}