{"id":95793,"date":"2024-02-22T11:46:18","date_gmt":"2024-02-22T08:46:18","guid":{"rendered":"https:\/\/redsanstore.com\/inverter\/"},"modified":"2025-03-05T12:47:20","modified_gmt":"2025-03-05T09:47:20","slug":"inverter","status":"publish","type":"page","link":"https:\/\/redsanstore.com\/es\/inverter\/","title":{"rendered":"INVERTER"},"content":{"rendered":"\t\t<div data-elementor-type=\"wp-page\" data-elementor-id=\"95793\" class=\"elementor elementor-95793 elementor-91384\" data-elementor-post-type=\"page\">\n\t\t\t\t\t\t<section class=\"wd-negative-gap elementor-section elementor-top-section elementor-element elementor-element-227226a elementor-section-boxed elementor-section-height-default elementor-section-height-default\" data-id=\"227226a\" data-element_type=\"section\" data-settings=\"{&quot;jet_parallax_layout_list&quot;:[]}\">\n\t\t\t\t\t\t<div class=\"elementor-container elementor-column-gap-default\">\n\t\t\t\t\t<div class=\"elementor-column elementor-col-50 elementor-top-column elementor-element elementor-element-b3be767\" data-id=\"b3be767\" data-element_type=\"column\">\n\t\t\t<div class=\"elementor-widget-wrap elementor-element-populated\">\n\t\t\t\t\t\t<div class=\"elementor-element elementor-element-ae8221d elementor-widget elementor-widget-wd_text_block\" data-id=\"ae8221d\" data-element_type=\"widget\" data-widget_type=\"wd_text_block.default\">\n\t\t\t\t<div class=\"elementor-widget-container\">\n\t\t\t\t\t\t\t<div class=\"wd-text-block reset-last-child text-left\">\n\t\t\t\n\t\t\t<h2 style=\"text-align: center;\">Inversores Conversi\u00f3n moderna de energ\u00eda con energ\u00eda solar<\/h2><p>Inversor : La energ\u00eda solar gana cada vez m\u00e1s popularidad en el mundo moderno y crece el inter\u00e9s por la energ\u00eda limpia e ilimitada del sol para satisfacer nuestras necesidades energ\u00e9ticas. En este contexto, los inversores son tecnolog\u00edas fundamentales para convertir la energ\u00eda solar en energ\u00eda el\u00e9ctrica utilizable. <\/p><h3 style=\"text-align: center;\">\u00bfQu\u00e9 es un inversor?<\/h3><p>Un inversor es un dispositivo que convierte la electricidad de corriente continua (CC) generada por paneles solares en corriente alterna (CA) utilizable en hogares o empresas. La electricidad de CC generada por los paneles solares se armoniza con los dispositivos alimentados por CA, como electrodom\u00e9sticos y equipos industriales. <\/p>\n\t\t\t\t\t<\/div>\n\t\t\t\t\t\t<\/div>\n\t\t\t\t<\/div>\n\t\t\t\t<div class=\"elementor-element elementor-element-d7d540d elementor-widget elementor-widget-image\" data-id=\"d7d540d\" data-element_type=\"widget\" data-widget_type=\"image.default\">\n\t\t\t\t<div class=\"elementor-widget-container\">\n\t\t\t\t\t\t\t\t\t\t\t\t\t\t\t<img fetchpriority=\"high\" decoding=\"async\" width=\"320\" height=\"320\" src=\"https:\/\/redsanstore.com\/wp-content\/uploads\/2024\/02\/INVERTOR.webp\" class=\"attachment-large size-large wp-image-91389\" alt=\"\" srcset=\"https:\/\/redsanstore.com\/wp-content\/uploads\/2024\/02\/INVERTOR.webp 320w, https:\/\/redsanstore.com\/wp-content\/uploads\/2024\/02\/INVERTOR-300x300.webp 300w, https:\/\/redsanstore.com\/wp-content\/uploads\/2024\/02\/INVERTOR-150x150.webp 150w\" sizes=\"(max-width: 320px) 100vw, 320px\" \/>\t\t\t\t\t\t\t\t\t\t\t\t\t\t\t<\/div>\n\t\t\t\t<\/div>\n\t\t\t\t\t<\/div>\n\t\t<\/div>\n\t\t\t\t<div class=\"elementor-column elementor-col-50 elementor-top-column elementor-element elementor-element-44c4ab4\" data-id=\"44c4ab4\" data-element_type=\"column\">\n\t\t\t<div class=\"elementor-widget-wrap elementor-element-populated\">\n\t\t\t\t\t\t<div class=\"elementor-element elementor-element-ea61571 elementor-widget elementor-widget-image\" data-id=\"ea61571\" data-element_type=\"widget\" data-widget_type=\"image.default\">\n\t\t\t\t<div class=\"elementor-widget-container\">\n\t\t\t\t\t\t\t\t\t\t\t\t\t\t\t<img fetchpriority=\"high\" decoding=\"async\" width=\"320\" height=\"320\" src=\"https:\/\/redsanstore.com\/wp-content\/uploads\/2024\/02\/INVERTOR.webp\" class=\"attachment-large size-large wp-image-91389\" alt=\"\" srcset=\"https:\/\/redsanstore.com\/wp-content\/uploads\/2024\/02\/INVERTOR.webp 320w, https:\/\/redsanstore.com\/wp-content\/uploads\/2024\/02\/INVERTOR-300x300.webp 300w, https:\/\/redsanstore.com\/wp-content\/uploads\/2024\/02\/INVERTOR-150x150.webp 150w\" sizes=\"(max-width: 320px) 100vw, 320px\" \/>\t\t\t\t\t\t\t\t\t\t\t\t\t\t\t<\/div>\n\t\t\t\t<\/div>\n\t\t\t\t<div class=\"elementor-element elementor-element-cc2a6bb elementor-widget elementor-widget-wd_text_block\" data-id=\"cc2a6bb\" data-element_type=\"widget\" data-widget_type=\"wd_text_block.default\">\n\t\t\t\t<div class=\"elementor-widget-container\">\n\t\t\t\t\t\t\t<div class=\"wd-text-block reset-last-child text-left\">\n\t\t\t\n\t\t\t<h3 style=\"text-align: center;\">\u00bfC\u00f3mo funciona?<\/h3><ol><li><p><strong>Captaci\u00f3n de electricidad de CC: <\/strong>Los paneles solares convierten la luz solar directamente en energ\u00eda el\u00e9ctrica y generan electricidad CC.<\/p><\/li><li><p><strong>Conversi\u00f3n del inversor: <\/strong>El inversor recibe la electricidad de CC entrante y la convierte en electricidad de CA a trav\u00e9s de los circuitos electr\u00f3nicos de su interior.<\/p><\/li><li><p><strong>Uso de la electricidad de CA: <\/strong>La electricidad de CA generada se conecta al sistema el\u00e9ctrico de un edificio o a la red el\u00e9ctrica, quedando disponible para su uso por electrodom\u00e9sticos, sistemas de iluminaci\u00f3n y otros dispositivos el\u00e9ctricos.<\/p><\/li><\/ol>\n\t\t\t\t\t<\/div>\n\t\t\t\t\t\t<\/div>\n\t\t\t\t<\/div>\n\t\t\t\t\t<\/div>\n\t\t<\/div>\n\t\t\t\t\t<\/div>\n\t\t<\/section>\n\t\t\t\t<section class=\"wd-negative-gap elementor-section elementor-top-section elementor-element elementor-element-2d8195b elementor-section-boxed elementor-section-height-default elementor-section-height-default\" data-id=\"2d8195b\" data-element_type=\"section\" data-settings=\"{&quot;jet_parallax_layout_list&quot;:[]}\">\n\t\t\t\t\t\t<div class=\"elementor-container elementor-column-gap-default\">\n\t\t\t\t\t<div class=\"elementor-column elementor-col-100 elementor-top-column elementor-element elementor-element-1023cba\" data-id=\"1023cba\" data-element_type=\"column\">\n\t\t\t<div class=\"elementor-widget-wrap elementor-element-populated\">\n\t\t\t\t\t\t<div class=\"elementor-element elementor-element-fe68728 elementor-widget elementor-widget-spacer\" data-id=\"fe68728\" data-element_type=\"widget\" data-widget_type=\"spacer.default\">\n\t\t\t\t<div class=\"elementor-widget-container\">\n\t\t\t\t\t\t\t<div class=\"elementor-spacer\">\n\t\t\t<div class=\"elementor-spacer-inner\"><\/div>\n\t\t<\/div>\n\t\t\t\t\t\t<\/div>\n\t\t\t\t<\/div>\n\t\t\t\t\t<\/div>\n\t\t<\/div>\n\t\t\t\t\t<\/div>\n\t\t<\/section>\n\t\t\t\t<section class=\"wd-negative-gap elementor-section elementor-top-section elementor-element elementor-element-da56ebc elementor-section-boxed elementor-section-height-default elementor-section-height-default\" data-id=\"da56ebc\" data-element_type=\"section\" data-settings=\"{&quot;jet_parallax_layout_list&quot;:[]}\">\n\t\t\t\t\t\t<div class=\"elementor-container elementor-column-gap-default\">\n\t\t\t\t\t<div class=\"elementor-column elementor-col-50 elementor-top-column elementor-element elementor-element-f43f63d\" data-id=\"f43f63d\" data-element_type=\"column\">\n\t\t\t<div class=\"elementor-widget-wrap elementor-element-populated\">\n\t\t\t\t\t\t<div class=\"elementor-element elementor-element-3ba51ef elementor-widget elementor-widget-wd_text_block\" data-id=\"3ba51ef\" data-element_type=\"widget\" data-widget_type=\"wd_text_block.default\">\n\t\t\t\t<div class=\"elementor-widget-container\">\n\t\t\t\t\t\t\t<div class=\"wd-text-block reset-last-child text-left\">\n\t\t\t\n\t\t\t<h3 style=\"text-align: center;\">Tipos de inversores<\/h3><ol><li><p><strong>Inversores centralizados: <\/strong>Este tipo de inversores, utilizados en sistemas de energ\u00eda solar a gran escala, recoge la electricidad de CC generada por muchos paneles solares y la convierte en electricidad de CA a trav\u00e9s de un \u00fanico inversor de gran tama\u00f1o.<\/p><\/li><li><p><strong>Inversores de matriz: <\/strong>Utilizados para sistemas a peque\u00f1a escala o instalaciones solares dom\u00e9sticas, estos inversores se colocan debajo de cada conjunto de paneles solares y convierten la salida de CC de cada panel en CA.<\/p><\/li><li><p><strong>Microinversores: <\/strong>Montados en cada panel solar, estos inversores convierten inmediatamente la electricidad de CC de cada panel en CA, lo que aumenta la eficiencia y permite controlar el rendimiento del panel.<\/p><\/li><\/ol>\n\t\t\t\t\t<\/div>\n\t\t\t\t\t\t<\/div>\n\t\t\t\t<\/div>\n\t\t\t\t\t<\/div>\n\t\t<\/div>\n\t\t\t\t<div class=\"elementor-column elementor-col-50 elementor-top-column elementor-element elementor-element-a4d7dab\" data-id=\"a4d7dab\" data-element_type=\"column\">\n\t\t\t<div class=\"elementor-widget-wrap elementor-element-populated\">\n\t\t\t\t\t\t<div class=\"elementor-element elementor-element-84da816 elementor-widget elementor-widget-wd_text_block\" data-id=\"84da816\" data-element_type=\"widget\" data-widget_type=\"wd_text_block.default\">\n\t\t\t\t<div class=\"elementor-widget-container\">\n\t\t\t\t\t\t\t<div class=\"wd-text-block reset-last-child text-left\">\n\t\t\t\n\t\t\t<div class=\"flex-1 overflow-hidden\"><div class=\"react-scroll-to-bottom--css-cbanq-79elbk h-full\"><div class=\"react-scroll-to-bottom--css-cbanq-1n7m0yu\"><div class=\"flex flex-col pb-9 text-sm\"><div class=\"w-full text-token-text-primary\" data-testid=\"conversation-turn-5\"><div class=\"px-4 py-2 justify-center text-base md:gap-6 m-auto\"><div class=\"flex flex-1 text-base mx-auto gap-3 md:px-5 lg:px-1 xl:px-5 md:max-w-3xl lg:max-w-[40rem] xl:max-w-[48rem] group final-completion\"><div class=\"relative flex w-full flex-col agent-turn\"><div class=\"flex-col gap-1 md:gap-3\"><div class=\"flex flex-grow flex-col max-w-full\"><div class=\"min-h-[20px] text-message flex flex-col items-start gap-3 whitespace-pre-wrap break-words [.text-message+&amp;]:mt-5 overflow-x-auto\" data-message-author-role=\"assistant\" data-message-id=\"6b3e95aa-70a2-4e98-b56a-2a7e910825c8\"><div class=\"markdown prose w-full break-words dark:prose-invert dark\"><h3 style=\"text-align: center;\">Ventajas<\/h3><ul><li><strong>Producci\u00f3n de energ\u00eda limpia:<\/strong> Proporciona generaci\u00f3n de electricidad respetuosa con el medio ambiente y sostenible mediante energ\u00eda solar.<\/li><li><strong>Bajos costes de mantenimiento: <\/strong>Los inversores suelen requerir poco mantenimiento y tienen una larga vida \u00fatil.<\/li><li><strong>Independencia energ\u00e9tica:<\/strong> La energ\u00eda solar y los inversores aumentan la independencia energ\u00e9tica al reducir la dependencia de la red el\u00e9ctrica.<\/li><\/ul><p>Los inversores desempe\u00f1an un papel importante para ampliar el uso de la energ\u00eda solar y acelerar la transici\u00f3n a la energ\u00eda sostenible. Estas tecnolog\u00edas son un paso importante hacia el suministro de una energ\u00eda m\u00e1s limpia y ecol\u00f3gica en el futuro. <\/p><\/div><\/div><\/div><\/div><\/div><\/div><\/div><\/div><\/div><\/div><\/div><\/div>\n\t\t\t\t\t<\/div>\n\t\t\t\t\t\t<\/div>\n\t\t\t\t<\/div>\n\t\t\t\t\t<\/div>\n\t\t<\/div>\n\t\t\t\t\t<\/div>\n\t\t<\/section>\n\t\t\t\t<section class=\"wd-negative-gap elementor-section elementor-top-section elementor-element elementor-element-592de7c elementor-section-boxed elementor-section-height-default elementor-section-height-default\" data-id=\"592de7c\" data-element_type=\"section\" data-settings=\"{&quot;jet_parallax_layout_list&quot;:[]}\">\n\t\t\t\t\t\t<div class=\"elementor-container elementor-column-gap-default\">\n\t\t\t\t\t<div class=\"elementor-column elementor-col-100 elementor-top-column elementor-element elementor-element-aa1c433\" data-id=\"aa1c433\" data-element_type=\"column\">\n\t\t\t<div class=\"elementor-widget-wrap elementor-element-populated\">\n\t\t\t\t\t\t<div class=\"elementor-element elementor-element-560f21c elementor-widget elementor-widget-spacer\" data-id=\"560f21c\" data-element_type=\"widget\" data-widget_type=\"spacer.default\">\n\t\t\t\t<div class=\"elementor-widget-container\">\n\t\t\t\t\t\t\t<div class=\"elementor-spacer\">\n\t\t\t<div class=\"elementor-spacer-inner\"><\/div>\n\t\t<\/div>\n\t\t\t\t\t\t<\/div>\n\t\t\t\t<\/div>\n\t\t\t\t\t<\/div>\n\t\t<\/div>\n\t\t\t\t\t<\/div>\n\t\t<\/section>\n\t\t\t\t<section class=\"wd-negative-gap elementor-section elementor-top-section elementor-element elementor-element-a7a4114 elementor-section-boxed elementor-section-height-default elementor-section-height-default\" data-id=\"a7a4114\" data-element_type=\"section\" data-settings=\"{&quot;jet_parallax_layout_list&quot;:[]}\">\n\t\t\t\t\t\t<div class=\"elementor-container elementor-column-gap-default\">\n\t\t\t\t\t<div class=\"elementor-column elementor-col-100 elementor-top-column elementor-element elementor-element-c66dac6\" data-id=\"c66dac6\" data-element_type=\"column\">\n\t\t\t<div class=\"elementor-widget-wrap elementor-element-populated\">\n\t\t\t\t\t\t<div class=\"elementor-element elementor-element-52b3322 elementor-widget elementor-widget-wd_text_block\" data-id=\"52b3322\" data-element_type=\"widget\" data-widget_type=\"wd_text_block.default\">\n\t\t\t\t<div class=\"elementor-widget-container\">\n\t\t\t\t\t\t\t<div class=\"wd-text-block reset-last-child text-left\">\n\t\t\t\n\t\t\t<h3 style=\"text-align: center;\">\u00c1reas de uso de los inversores<\/h3><p><strong>Fuente de alimentaci\u00f3n: <\/strong>Los inversores se utilizan para convertir la corriente continua en alterna cuando no se dispone de suministro de corriente alterna, especialmente para dispositivos electr\u00f3nicos port\u00e1tiles. Esto se suele hacer para poder utilizar dispositivos electr\u00f3nicos durante acampadas, viajes en caravana o desplazamientos. <\/p><p><strong>Sistemas de energ\u00edas renovables: <\/strong>Las fuentes de energ\u00eda renovables, como los paneles solares o los aerogeneradores, generan electricidad de corriente continua. Sin embargo, los hogares y las empresas suelen utilizar electricidad de corriente alterna. Los inversores se utilizan para convertir esta corriente continua en electricidad alterna que pueda utilizarse en hogares o empresas.  <\/p><p><strong><a href=\"https:\/\/redsanstore.com\/ups-monofaze-trifaze\/\">Sistemas SAI (Sistema de Alimentaci\u00f3n Ininterrumpida): <\/a><\/strong>Los sistemas de alimentaci\u00f3n ininterrumpida se utilizan para proporcionar energ\u00eda continua durante los cortes de corriente alterna. En estos sistemas, una bater\u00eda suministra corriente continua y un inversor convierte esta corriente continua en alterna, lo que permite el funcionamiento de los dispositivos conectados. <\/p><p><strong>Estaciones de carga de veh\u00edculos el\u00e9ctricos: <\/strong>Los veh\u00edculos el\u00e9ctricos funcionan con corriente continua, pero muchas estaciones de carga suministran corriente alterna. Los inversores se utilizan en las estaciones de carga para convertir la corriente alterna en continua, lo que permite cargar los veh\u00edculos el\u00e9ctricos. <\/p>\n\t\t\t\t\t<\/div>\n\t\t\t\t\t\t<\/div>\n\t\t\t\t<\/div>\n\t\t\t\t\t<\/div>\n\t\t<\/div>\n\t\t\t\t\t<\/div>\n\t\t<\/section>\n\t\t\t\t<\/div>\n\t\t","protected":false},"excerpt":{"rendered":"<p>Inversores Conversi\u00f3n moderna de energ\u00eda con energ\u00eda solar Inversor : La energ\u00eda solar gana cada vez m\u00e1s popularidad en el<\/p>\n","protected":false},"author":1,"featured_media":0,"parent":0,"menu_order":0,"comment_status":"closed","ping_status":"closed","template":"","meta":{"footnotes":""},"class_list":["post-95793","page","type-page","status-publish","hentry"],"yoast_head":"<!-- This site is optimized with the Yoast SEO Premium plugin v25.8 (Yoast SEO v25.9) - https:\/\/yoast.com\/wordpress\/plugins\/seo\/ -->\n<title>INVERTER - Redsan Store<\/title>\n<meta name=\"description\" content=\"INVERSOR : El inversor convierte la electricidad de corriente continua (CC) generada por los paneles solares en corriente alterna utilizable en el hogar o el lugar de trabajo.\" \/>\n<meta name=\"robots\" content=\"index, follow, max-snippet:-1, max-image-preview:large, max-video-preview:-1\" \/>\n<link rel=\"canonical\" href=\"https:\/\/redsanstore.com\/es\/inverter\/\" \/>\n<meta property=\"og:locale\" content=\"es_ES\" \/>\n<meta property=\"og:type\" content=\"article\" \/>\n<meta property=\"og:title\" content=\"INVERTER\" \/>\n<meta property=\"og:description\" content=\"INVERSOR : El inversor convierte la electricidad de corriente continua (CC) generada por los paneles solares en corriente alterna utilizable en el hogar o el lugar de trabajo.\" \/>\n<meta property=\"og:url\" content=\"https:\/\/redsanstore.com\/es\/inverter\/\" \/>\n<meta property=\"og:site_name\" content=\"Redsan Store\" \/>\n<meta property=\"article:publisher\" content=\"https:\/\/www.facebook.com\/redsanelektronik\" \/>\n<meta property=\"article:modified_time\" content=\"2025-03-05T09:47:20+00:00\" \/>\n<meta property=\"og:image\" content=\"https:\/\/redsanstore.com\/wp-content\/uploads\/2024\/02\/INVERTOR.webp\" \/>\n\t<meta property=\"og:image:width\" content=\"320\" \/>\n\t<meta property=\"og:image:height\" content=\"320\" \/>\n\t<meta property=\"og:image:type\" content=\"image\/webp\" \/>\n<meta name=\"twitter:card\" content=\"summary_large_image\" \/>\n<meta name=\"twitter:label1\" content=\"Tiempo de lectura\" \/>\n\t<meta name=\"twitter:data1\" content=\"3 minutos\" \/>\n<script type=\"application\/ld+json\" class=\"yoast-schema-graph\">{\"@context\":\"https:\/\/schema.org\",\"@graph\":[{\"@type\":\"WebPage\",\"@id\":\"https:\/\/redsanstore.com\/es\/inverter\/\",\"url\":\"https:\/\/redsanstore.com\/es\/inverter\/\",\"name\":\"INVERTER - Redsan Store\",\"isPartOf\":{\"@id\":\"https:\/\/redsanstore.com\/#website\"},\"primaryImageOfPage\":{\"@id\":\"https:\/\/redsanstore.com\/es\/inverter\/#primaryimage\"},\"image\":{\"@id\":\"https:\/\/redsanstore.com\/es\/inverter\/#primaryimage\"},\"thumbnailUrl\":\"https:\/\/redsanstore.com\/wp-content\/uploads\/2024\/02\/INVERTOR.webp\",\"datePublished\":\"2024-02-22T08:46:18+00:00\",\"dateModified\":\"2025-03-05T09:47:20+00:00\",\"description\":\"INVERSOR : El inversor convierte la electricidad de corriente continua (CC) generada por los paneles solares en corriente alterna utilizable en el hogar o el lugar de trabajo.\",\"breadcrumb\":{\"@id\":\"https:\/\/redsanstore.com\/es\/inverter\/#breadcrumb\"},\"inLanguage\":\"es\",\"potentialAction\":[{\"@type\":\"ReadAction\",\"target\":[\"https:\/\/redsanstore.com\/es\/inverter\/\"]}]},{\"@type\":\"ImageObject\",\"inLanguage\":\"es\",\"@id\":\"https:\/\/redsanstore.com\/es\/inverter\/#primaryimage\",\"url\":\"https:\/\/redsanstore.com\/wp-content\/uploads\/2024\/02\/INVERTOR.webp\",\"contentUrl\":\"https:\/\/redsanstore.com\/wp-content\/uploads\/2024\/02\/INVERTOR.webp\"},{\"@type\":\"BreadcrumbList\",\"@id\":\"https:\/\/redsanstore.com\/es\/inverter\/#breadcrumb\",\"itemListElement\":[{\"@type\":\"ListItem\",\"position\":1,\"name\":\"Anasayfa\",\"item\":\"https:\/\/redsanstore.com\/fr\/\"},{\"@type\":\"ListItem\",\"position\":2,\"name\":\"INVERTER\"}]},{\"@type\":\"WebSite\",\"@id\":\"https:\/\/redsanstore.com\/#website\",\"url\":\"https:\/\/redsanstore.com\/\",\"name\":\"Redsan Store\",\"description\":\"Redres\u00f6r - Reg\u00fclat\u00f6r - UPS - Ak\u00fc\",\"publisher\":{\"@id\":\"https:\/\/redsanstore.com\/#organization\"},\"alternateName\":\"Redres\u00f6r ve Kesintisiz G\u00fc\u00e7 Kayna\u011f\u0131 Ups\",\"potentialAction\":[{\"@type\":\"SearchAction\",\"target\":{\"@type\":\"EntryPoint\",\"urlTemplate\":\"https:\/\/redsanstore.com\/?s={search_term_string}\"},\"query-input\":{\"@type\":\"PropertyValueSpecification\",\"valueRequired\":true,\"valueName\":\"search_term_string\"}}],\"inLanguage\":\"es\"},{\"@type\":\"Organization\",\"@id\":\"https:\/\/redsanstore.com\/#organization\",\"name\":\"Redsan Store\",\"alternateName\":\"Redres\u00f6r ve Kesintisiz G\u00fc\u00e7 Kayna\u011f\u0131 Ups\",\"url\":\"https:\/\/redsanstore.com\/\",\"logo\":{\"@type\":\"ImageObject\",\"inLanguage\":\"es\",\"@id\":\"https:\/\/redsanstore.com\/#\/schema\/logo\/image\/\",\"url\":\"https:\/\/redsanstore.com\/wp-content\/uploads\/2024\/06\/redresor-ups-site-gorseli.jpg\",\"contentUrl\":\"https:\/\/redsanstore.com\/wp-content\/uploads\/2024\/06\/redresor-ups-site-gorseli.jpg\",\"width\":1200,\"height\":675,\"caption\":\"Redsan Store\"},\"image\":{\"@id\":\"https:\/\/redsanstore.com\/#\/schema\/logo\/image\/\"},\"sameAs\":[\"https:\/\/www.facebook.com\/redsanelektronik\",\"https:\/\/www.instagram.com\/redsanelektronik\/\",\"https:\/\/www.linkedin.com\/company\/redsan-elektronik\/\"]}]}<\/script>\n<!-- \/ Yoast SEO Premium plugin. -->","yoast_head_json":{"title":"INVERTER - Redsan Store","description":"INVERSOR : El inversor convierte la electricidad de corriente continua (CC) generada por los paneles solares en corriente alterna utilizable en el hogar o el lugar de trabajo.","robots":{"index":"index","follow":"follow","max-snippet":"max-snippet:-1","max-image-preview":"max-image-preview:large","max-video-preview":"max-video-preview:-1"},"canonical":"https:\/\/redsanstore.com\/es\/inverter\/","og_locale":"es_ES","og_type":"article","og_title":"INVERTER","og_description":"INVERSOR : El inversor convierte la electricidad de corriente continua (CC) generada por los paneles solares en corriente alterna utilizable en el hogar o el lugar de trabajo.","og_url":"https:\/\/redsanstore.com\/es\/inverter\/","og_site_name":"Redsan Store","article_publisher":"https:\/\/www.facebook.com\/redsanelektronik","article_modified_time":"2025-03-05T09:47:20+00:00","og_image":[{"width":320,"height":320,"url":"https:\/\/redsanstore.com\/wp-content\/uploads\/2024\/02\/INVERTOR.webp","type":"image\/webp"}],"twitter_card":"summary_large_image","twitter_misc":{"Tiempo de lectura":"3 minutos"},"schema":{"@context":"https:\/\/schema.org","@graph":[{"@type":"WebPage","@id":"https:\/\/redsanstore.com\/es\/inverter\/","url":"https:\/\/redsanstore.com\/es\/inverter\/","name":"INVERTER - Redsan Store","isPartOf":{"@id":"https:\/\/redsanstore.com\/#website"},"primaryImageOfPage":{"@id":"https:\/\/redsanstore.com\/es\/inverter\/#primaryimage"},"image":{"@id":"https:\/\/redsanstore.com\/es\/inverter\/#primaryimage"},"thumbnailUrl":"https:\/\/redsanstore.com\/wp-content\/uploads\/2024\/02\/INVERTOR.webp","datePublished":"2024-02-22T08:46:18+00:00","dateModified":"2025-03-05T09:47:20+00:00","description":"INVERSOR : El inversor convierte la electricidad de corriente continua (CC) generada por los paneles solares en corriente alterna utilizable en el hogar o el lugar de trabajo.","breadcrumb":{"@id":"https:\/\/redsanstore.com\/es\/inverter\/#breadcrumb"},"inLanguage":"es","potentialAction":[{"@type":"ReadAction","target":["https:\/\/redsanstore.com\/es\/inverter\/"]}]},{"@type":"ImageObject","inLanguage":"es","@id":"https:\/\/redsanstore.com\/es\/inverter\/#primaryimage","url":"https:\/\/redsanstore.com\/wp-content\/uploads\/2024\/02\/INVERTOR.webp","contentUrl":"https:\/\/redsanstore.com\/wp-content\/uploads\/2024\/02\/INVERTOR.webp"},{"@type":"BreadcrumbList","@id":"https:\/\/redsanstore.com\/es\/inverter\/#breadcrumb","itemListElement":[{"@type":"ListItem","position":1,"name":"Anasayfa","item":"https:\/\/redsanstore.com\/fr\/"},{"@type":"ListItem","position":2,"name":"INVERTER"}]},{"@type":"WebSite","@id":"https:\/\/redsanstore.com\/#website","url":"https:\/\/redsanstore.com\/","name":"Redsan Store","description":"Redres\u00f6r - Reg\u00fclat\u00f6r - UPS - Ak\u00fc","publisher":{"@id":"https:\/\/redsanstore.com\/#organization"},"alternateName":"Redres\u00f6r ve Kesintisiz G\u00fc\u00e7 Kayna\u011f\u0131 Ups","potentialAction":[{"@type":"SearchAction","target":{"@type":"EntryPoint","urlTemplate":"https:\/\/redsanstore.com\/?s={search_term_string}"},"query-input":{"@type":"PropertyValueSpecification","valueRequired":true,"valueName":"search_term_string"}}],"inLanguage":"es"},{"@type":"Organization","@id":"https:\/\/redsanstore.com\/#organization","name":"Redsan Store","alternateName":"Redres\u00f6r ve Kesintisiz G\u00fc\u00e7 Kayna\u011f\u0131 Ups","url":"https:\/\/redsanstore.com\/","logo":{"@type":"ImageObject","inLanguage":"es","@id":"https:\/\/redsanstore.com\/#\/schema\/logo\/image\/","url":"https:\/\/redsanstore.com\/wp-content\/uploads\/2024\/06\/redresor-ups-site-gorseli.jpg","contentUrl":"https:\/\/redsanstore.com\/wp-content\/uploads\/2024\/06\/redresor-ups-site-gorseli.jpg","width":1200,"height":675,"caption":"Redsan Store"},"image":{"@id":"https:\/\/redsanstore.com\/#\/schema\/logo\/image\/"},"sameAs":["https:\/\/www.facebook.com\/redsanelektronik","https:\/\/www.instagram.com\/redsanelektronik\/","https:\/\/www.linkedin.com\/company\/redsan-elektronik\/"]}]}},"_links":{"self":[{"href":"https:\/\/redsanstore.com\/es\/wp-json\/wp\/v2\/pages\/95793","targetHints":{"allow":["GET"]}}],"collection":[{"href":"https:\/\/redsanstore.com\/es\/wp-json\/wp\/v2\/pages"}],"about":[{"href":"https:\/\/redsanstore.com\/es\/wp-json\/wp\/v2\/types\/page"}],"author":[{"embeddable":true,"href":"https:\/\/redsanstore.com\/es\/wp-json\/wp\/v2\/users\/1"}],"replies":[{"embeddable":true,"href":"https:\/\/redsanstore.com\/es\/wp-json\/wp\/v2\/comments?post=95793"}],"version-history":[{"count":0,"href":"https:\/\/redsanstore.com\/es\/wp-json\/wp\/v2\/pages\/95793\/revisions"}],"wp:attachment":[{"href":"https:\/\/redsanstore.com\/es\/wp-json\/wp\/v2\/media?parent=95793"}],"curies":[{"name":"wp","href":"https:\/\/api.w.org\/{rel}","templated":true}]}}