{"id":95738,"date":"2024-09-18T14:04:34","date_gmt":"2024-09-18T11:04:34","guid":{"rendered":"https:\/\/redsanstore.com\/sistemas-de-alimentacion-ininterrumpida-sai-eficaces\/"},"modified":"2025-03-05T11:57:12","modified_gmt":"2025-03-05T08:57:12","slug":"sistemas-de-alimentacion-ininterrumpida-sai-eficaces","status":"publish","type":"page","link":"https:\/\/redsanstore.com\/es\/sistemas-de-alimentacion-ininterrumpida-sai-eficaces\/","title":{"rendered":"Sistemas de alimentaci\u00f3n ininterrumpida (SAI) eficaces"},"content":{"rendered":"\t\t<div data-elementor-type=\"wp-page\" data-elementor-id=\"95738\" class=\"elementor elementor-95738 elementor-94317\" data-elementor-post-type=\"page\">\n\t\t\t\t\t\t<section class=\"wd-negative-gap elementor-section elementor-top-section elementor-element elementor-element-b4c5b24 elementor-section-boxed elementor-section-height-default elementor-section-height-default\" data-id=\"b4c5b24\" data-element_type=\"section\" data-settings=\"{&quot;jet_parallax_layout_list&quot;:[]}\">\n\t\t\t\t\t\t<div class=\"elementor-container elementor-column-gap-default\">\n\t\t\t\t\t<div class=\"elementor-column elementor-col-50 elementor-top-column elementor-element elementor-element-1b485e6\" data-id=\"1b485e6\" data-element_type=\"column\">\n\t\t\t<div class=\"elementor-widget-wrap elementor-element-populated\">\n\t\t\t\t\t\t<div class=\"elementor-element elementor-element-6fe0dbf elementor-widget elementor-widget-spacer\" data-id=\"6fe0dbf\" data-element_type=\"widget\" data-widget_type=\"spacer.default\">\n\t\t\t\t<div class=\"elementor-widget-container\">\n\t\t\t\t\t\t\t<div class=\"elementor-spacer\">\n\t\t\t<div class=\"elementor-spacer-inner\"><\/div>\n\t\t<\/div>\n\t\t\t\t\t\t<\/div>\n\t\t\t\t<\/div>\n\t\t\t\t<div class=\"elementor-element elementor-element-6706e04 color-scheme-inherit text-left elementor-widget elementor-widget-text-editor\" data-id=\"6706e04\" data-element_type=\"widget\" data-widget_type=\"text-editor.default\">\n\t\t\t\t<div class=\"elementor-widget-container\">\n\t\t\t\t\t\t\t\t\t<h2><strong>Sistemas de alimentaci\u00f3n ininterrumpida (SAI) eficaces<\/strong><\/h2>\n<p class=\"entry-title title\">Sistemas de alimentaci\u00f3n ininterrumpida (SAI) eficaces: Desempe\u00f1an un papel fundamental a la hora de mantener en funcionamiento los dispositivos electr\u00f3nicos durante los cortes de energ\u00eda. Estos sistemas protegen los dispositivos y garantizan la continuidad de la actividad en situaciones como apagones repentinos, fluctuaciones de tensi\u00f3n o cortes de energ\u00eda. Especialmente en \u00e1reas cr\u00edticas como centros de datos, sanidad, instalaciones industriales y oficinas, los sistemas SAI son de gran importancia.  <\/p>\n<h4>Importancia de los sistemas SAI<\/h4>\n<p>Los sistemas SAI garantizan que los dispositivos se apaguen de forma segura y que los datos no se pierdan durante los cortes de energ\u00eda. Tambi\u00e9n evitan que las anomal\u00edas el\u00e9ctricas y las fluctuaciones de tensi\u00f3n da\u00f1en los dispositivos. Estos sistemas ofrecen varias ventajas, como  <\/p>\n<ol>\n<li>\n<p><strong>Proporcionar energ\u00eda ininterrumpida: <\/strong>Garantiza que los dispositivos sigan funcionando durante los cortes de energ\u00eda. As\u00ed se evitan las interrupciones de la actividad y la p\u00e9rdida de datos. <\/p>\n<\/li>\n<li>\n<p><strong>Prevenci\u00f3n de subidas de tensi\u00f3n: <\/strong>Proporciona protecci\u00f3n contra las fluctuaciones de tensi\u00f3n y las subidas de tensi\u00f3n repentinas. De este modo, se prolonga la vida \u00fatil de tus dispositivos electr\u00f3nicos. <\/p>\n<\/li>\n<li>\n<p><strong>Protecci\u00f3n de datos:<\/strong> Evita la p\u00e9rdida de datos en caso de cierre repentino, especialmente en centros de datos y sistemas inform\u00e1ticos. Ayuda a almacenar los datos de forma segura. <\/p>\n<\/li>\n<li>\n<p><strong>Seguridad del sistema:<\/strong> Garantiza la desconexi\u00f3n segura de los sistemas en caso de problemas el\u00e9ctricos. As\u00ed se evitan da\u00f1os en los dispositivos y se facilita el proceso de mantenimiento. <\/p>\n<\/li>\n<\/ol>\n\t\t\t\t\t\t\t\t<\/div>\n\t\t\t\t<\/div>\n\t\t\t\t<div class=\"elementor-element elementor-element-917e44f elementor-widget elementor-widget-spacer\" data-id=\"917e44f\" data-element_type=\"widget\" data-widget_type=\"spacer.default\">\n\t\t\t\t<div class=\"elementor-widget-container\">\n\t\t\t\t\t\t\t<div class=\"elementor-spacer\">\n\t\t\t<div class=\"elementor-spacer-inner\"><\/div>\n\t\t<\/div>\n\t\t\t\t\t\t<\/div>\n\t\t\t\t<\/div>\n\t\t\t\t<div class=\"elementor-element elementor-element-b477b5e color-scheme-inherit text-left elementor-widget elementor-widget-text-editor\" data-id=\"b477b5e\" data-element_type=\"widget\" data-widget_type=\"text-editor.default\">\n\t\t\t\t<div class=\"elementor-widget-container\">\n\t\t\t\t\t\t\t\t\t<h4>Tipos de sistemas SAI<\/h4>\n<p>Los sistemas SAI est\u00e1n disponibles en diferentes tipos seg\u00fan el prop\u00f3sito de uso y la necesidad:<\/p>\n<ol>\n<li>\n<p><strong>SAI de reserva:<\/strong> Es el tipo de SAI m\u00e1s b\u00e1sico. Protege los dispositivos conmutando a la bater\u00eda en caso de corte del suministro el\u00e9ctrico. Suele ser adecuado para peque\u00f1as oficinas y uso dom\u00e9stico.  <\/p>\n<\/li>\n<li>\n<p><strong>SAI en l\u00ednea:<\/strong> Este tipo de SAI suministra energ\u00eda continuamente a trav\u00e9s de la bater\u00eda y limpia la red el\u00e9ctrica. Es ideal para dispositivos cr\u00edticos y centros de datos porque ofrece la m\u00e1xima protecci\u00f3n contra cortes de corriente. <\/p>\n<\/li>\n<li>\n<p><strong>SAI interactivo:<\/strong> este modelo utiliza un regulador autom\u00e1tico de tensi\u00f3n (AVR) para estabilizar las fluctuaciones de tensi\u00f3n. Es una opci\u00f3n adecuada para peque\u00f1as empresas y oficinas. <\/p>\n<\/li>\n<li>\n<p><strong>SAI modular:<\/strong> dise\u00f1ado para grandes centros de datos y aplicaciones industriales. Las capacidades pueden ampliarse f\u00e1cilmente gracias a su estructura modular. <\/p>\n<\/li>\n<\/ol>\n<p>Aspectos a tener en cuenta al elegir un SAI<\/p>\n<p>A la hora de seleccionar sistemas SAI, deben tenerse en cuenta los siguientes factores:<\/p>\n<ol>\n<li>\n<p><strong>Capacidad:<\/strong> Debe seleccionar un SAI con la capacidad adecuada calculando el consumo total de energ\u00eda de sus dispositivos. La capacidad determina el nivel de potencia m\u00e1ximo que puede soportar el SAI. <\/p>\n<\/li>\n<li>\n<p><strong>Duraci\u00f3n de salida: <\/strong>Compruebe cu\u00e1nto tiempo puede suministrar energ\u00eda el SAI durante un corte de corriente. Este tiempo deber\u00eda ser suficiente en funci\u00f3n de la duraci\u00f3n del corte. <\/p>\n<\/li>\n<li>\n<p><strong>Tiempo de reserva: <\/strong>El tiempo de carga y el tiempo de respaldo de la bater\u00eda del SAI deben ser suficientes para mantener los dispositivos en funcionamiento.<\/p>\n<\/li>\n<li>\n<p><strong>Caracter\u00edsticas adicionales:<\/strong> Los sistemas SAI pueden tener caracter\u00edsticas adicionales como paneles de monitorizaci\u00f3n con pantalla, acceso remoto, sistemas de alarma y eficiencia energ\u00e9tica. Debe prestar atenci\u00f3n a estas caracter\u00edsticas en funci\u00f3n de sus necesidades. <\/p>\n<\/li>\n<li>\n<p><strong>Alta eficiencia<\/strong>: Los sistemas SAI con alta eficiencia energ\u00e9tica reducen los costes energ\u00e9ticos y el impacto medioambiental.<\/p>\n<\/li>\n<\/ol>\n\t\t\t\t\t\t\t\t<\/div>\n\t\t\t\t<\/div>\n\t\t\t\t\t<\/div>\n\t\t<\/div>\n\t\t\t\t<div class=\"elementor-column elementor-col-50 elementor-top-column elementor-element elementor-element-8ce7b9c\" data-id=\"8ce7b9c\" data-element_type=\"column\">\n\t\t\t<div class=\"elementor-widget-wrap elementor-element-populated\">\n\t\t\t\t\t\t<div class=\"elementor-element elementor-element-391f657 elementor-widget elementor-widget-spacer\" data-id=\"391f657\" data-element_type=\"widget\" data-widget_type=\"spacer.default\">\n\t\t\t\t<div class=\"elementor-widget-container\">\n\t\t\t\t\t\t\t<div class=\"elementor-spacer\">\n\t\t\t<div class=\"elementor-spacer-inner\"><\/div>\n\t\t<\/div>\n\t\t\t\t\t\t<\/div>\n\t\t\t\t<\/div>\n\t\t\t\t<div class=\"elementor-element elementor-element-8416ba2 elementor-widget elementor-widget-image\" data-id=\"8416ba2\" data-element_type=\"widget\" data-widget_type=\"image.default\">\n\t\t\t\t<div class=\"elementor-widget-container\">\n\t\t\t\t\t\t\t\t\t\t\t\t\t\t\t<img fetchpriority=\"high\" decoding=\"async\" width=\"1024\" height=\"1024\" src=\"https:\/\/redsanstore.com\/wp-content\/uploads\/2024\/09\/Etkili-Kesintisiz-Guc-Kaynagi-UPS-Sistemleri-1024x1024.jpeg\" class=\"attachment-large size-large wp-image-94323\" alt=\"Etkili Kesintisiz G\u00fc\u00e7 Kayna\u011f\u0131 (UPS) Sistemleri\" srcset=\"https:\/\/redsanstore.com\/wp-content\/uploads\/2024\/09\/Etkili-Kesintisiz-Guc-Kaynagi-UPS-Sistemleri-1024x1024.jpeg 1024w, https:\/\/redsanstore.com\/wp-content\/uploads\/2024\/09\/Etkili-Kesintisiz-Guc-Kaynagi-UPS-Sistemleri-300x300.jpeg 300w, https:\/\/redsanstore.com\/wp-content\/uploads\/2024\/09\/Etkili-Kesintisiz-Guc-Kaynagi-UPS-Sistemleri-150x150.jpeg 150w, https:\/\/redsanstore.com\/wp-content\/uploads\/2024\/09\/Etkili-Kesintisiz-Guc-Kaynagi-UPS-Sistemleri-768x768.jpeg 768w, https:\/\/redsanstore.com\/wp-content\/uploads\/2024\/09\/Etkili-Kesintisiz-Guc-Kaynagi-UPS-Sistemleri-1536x1536.jpeg 1536w, https:\/\/redsanstore.com\/wp-content\/uploads\/2024\/09\/Etkili-Kesintisiz-Guc-Kaynagi-UPS-Sistemleri-600x600.jpeg 600w, https:\/\/redsanstore.com\/wp-content\/uploads\/2024\/09\/Etkili-Kesintisiz-Guc-Kaynagi-UPS-Sistemleri.jpeg 1600w\" sizes=\"(max-width: 1024px) 100vw, 1024px\" \/>\t\t\t\t\t\t\t\t\t\t\t\t\t\t\t<\/div>\n\t\t\t\t<\/div>\n\t\t\t\t<div class=\"elementor-element elementor-element-4b0941d elementor-widget elementor-widget-spacer\" data-id=\"4b0941d\" data-element_type=\"widget\" data-widget_type=\"spacer.default\">\n\t\t\t\t<div class=\"elementor-widget-container\">\n\t\t\t\t\t\t\t<div class=\"elementor-spacer\">\n\t\t\t<div class=\"elementor-spacer-inner\"><\/div>\n\t\t<\/div>\n\t\t\t\t\t\t<\/div>\n\t\t\t\t<\/div>\n\t\t\t\t<div class=\"elementor-element elementor-element-e6e2e07 color-scheme-inherit text-left elementor-widget elementor-widget-text-editor\" data-id=\"e6e2e07\" data-element_type=\"widget\" data-widget_type=\"text-editor.default\">\n\t\t\t\t<div class=\"elementor-widget-container\">\n\t\t\t\t\t\t\t\t\t<h4>Mantenimiento de sistemas SAI<\/h4>\n<p>El mantenimiento regular de los sistemas SAI garantiza que su rendimiento siga siendo alto. Los puntos que deben tenerse en cuenta durante el mantenimiento son los siguientes: <\/p>\n<ol>\n<li>\n<p><strong>Comprobaci\u00f3n de las bater\u00edas:<\/strong> Las bater\u00edas del SAI deben comprobarse peri\u00f3dicamente y sustituirse cuando sea necesario. La vida \u00fatil de las bater\u00edas afecta al rendimiento general del sistema. <\/p>\n<\/li>\n<li>\n<p><strong>Limpieza:<\/strong> Es importante mantener el sistema SAI libre de polvo y suciedad. Un entorno limpio contribuye al funcionamiento eficaz del sistema. <\/p>\n<\/li>\n<li>\n<p><strong>Actualizaciones de software: <\/strong>El software actualizado del sistema SAI es importante para el rendimiento y la seguridad. Deben seguirse las actualizaciones proporcionadas por el fabricante. <\/p>\n<\/li>\n<li>\n<p><strong>Pruebas: <\/strong>Las pruebas peri\u00f3dicas de los sistemas SAI ayudan a detectar fallos con antelaci\u00f3n y garantizan que el sistema est\u00e9 siempre a punto.<\/p>\n<\/li>\n<\/ol>\n<p>Proporcionan una protecci\u00f3n cr\u00edtica contra los cortes de energ\u00eda y garantizan la continuidad de la actividad empresarial. Al ofrecer una soluci\u00f3n fiable a los problemas el\u00e9ctricos, los sistemas SAI garantizan la seguridad de los datos y prolongan la vida \u00fatil de los dispositivos. Con una selecci\u00f3n profesional y un mantenimiento regular, puede beneficiarse del m\u00e1ximo rendimiento de los sistemas SAI.  <\/p>\n\t\t\t\t\t\t\t\t<\/div>\n\t\t\t\t<\/div>\n\t\t\t\t\t<\/div>\n\t\t<\/div>\n\t\t\t\t\t<\/div>\n\t\t<\/section>\n\t\t\t\t<\/div>\n\t\t","protected":false},"excerpt":{"rendered":"<p>Sistemas de alimentaci\u00f3n ininterrumpida (SAI) eficaces Sistemas de alimentaci\u00f3n ininterrumpida (SAI) eficaces: Desempe\u00f1an un papel fundamental a la hora de<\/p>\n","protected":false},"author":1,"featured_media":0,"parent":0,"menu_order":0,"comment_status":"closed","ping_status":"closed","template":"","meta":{"footnotes":""},"class_list":["post-95738","page","type-page","status-publish","hentry"],"yoast_head":"<!-- This site is optimized with the Yoast SEO Premium plugin v25.8 (Yoast SEO v25.9) - https:\/\/yoast.com\/wordpress\/plugins\/seo\/ -->\n<title>Sistemas de alimentaci\u00f3n ininterrumpida (SAI) eficaces - Redsan Store<\/title>\n<meta name=\"description\" content=\"Proporcione energ\u00eda segura y continua contra los cortes de suministro el\u00e9ctrico con eficaces sistemas de alimentaci\u00f3n ininterrumpida (SAI). Garantice la protecci\u00f3n de sus dispositivos.\" \/>\n<meta name=\"robots\" content=\"index, follow, max-snippet:-1, max-image-preview:large, max-video-preview:-1\" \/>\n<link rel=\"canonical\" href=\"https:\/\/redsanstore.com\/es\/sistemas-de-alimentacion-ininterrumpida-sai-eficaces\/\" \/>\n<meta property=\"og:locale\" content=\"es_ES\" \/>\n<meta property=\"og:type\" content=\"article\" \/>\n<meta property=\"og:title\" content=\"Sistemas de alimentaci\u00f3n ininterrumpida (SAI) eficaces\" \/>\n<meta property=\"og:description\" content=\"Proporcione energ\u00eda segura y continua contra los cortes de suministro el\u00e9ctrico con eficaces sistemas de alimentaci\u00f3n ininterrumpida (SAI). Garantice la protecci\u00f3n de sus dispositivos.\" \/>\n<meta property=\"og:url\" content=\"https:\/\/redsanstore.com\/es\/sistemas-de-alimentacion-ininterrumpida-sai-eficaces\/\" \/>\n<meta property=\"og:site_name\" content=\"Redsan Store\" \/>\n<meta property=\"article:publisher\" content=\"https:\/\/www.facebook.com\/redsanelektronik\" \/>\n<meta property=\"article:modified_time\" content=\"2025-03-05T08:57:12+00:00\" \/>\n<meta property=\"og:image\" content=\"https:\/\/redsanstore.com\/wp-content\/uploads\/2024\/09\/Etkili-Kesintisiz-Guc-Kaynagi-UPS-Sistemleri.jpeg\" \/>\n\t<meta property=\"og:image:width\" content=\"1600\" \/>\n\t<meta property=\"og:image:height\" content=\"1600\" \/>\n\t<meta property=\"og:image:type\" content=\"image\/jpeg\" \/>\n<meta name=\"twitter:card\" content=\"summary_large_image\" \/>\n<meta name=\"twitter:label1\" content=\"Est. reading time\" \/>\n\t<meta name=\"twitter:data1\" content=\"4 minutos\" \/>\n<script type=\"application\/ld+json\" class=\"yoast-schema-graph\">{\"@context\":\"https:\/\/schema.org\",\"@graph\":[{\"@type\":\"WebPage\",\"@id\":\"https:\/\/redsanstore.com\/es\/sistemas-de-alimentacion-ininterrumpida-sai-eficaces\/\",\"url\":\"https:\/\/redsanstore.com\/es\/sistemas-de-alimentacion-ininterrumpida-sai-eficaces\/\",\"name\":\"Sistemas de alimentaci\u00f3n ininterrumpida (SAI) eficaces - Redsan Store\",\"isPartOf\":{\"@id\":\"https:\/\/redsanstore.com\/#website\"},\"primaryImageOfPage\":{\"@id\":\"https:\/\/redsanstore.com\/es\/sistemas-de-alimentacion-ininterrumpida-sai-eficaces\/#primaryimage\"},\"image\":{\"@id\":\"https:\/\/redsanstore.com\/es\/sistemas-de-alimentacion-ininterrumpida-sai-eficaces\/#primaryimage\"},\"thumbnailUrl\":\"https:\/\/redsanstore.com\/wp-content\/uploads\/2024\/09\/Etkili-Kesintisiz-Guc-Kaynagi-UPS-Sistemleri-1024x1024.jpeg\",\"datePublished\":\"2024-09-18T11:04:34+00:00\",\"dateModified\":\"2025-03-05T08:57:12+00:00\",\"description\":\"Proporcione energ\u00eda segura y continua contra los cortes de suministro el\u00e9ctrico con eficaces sistemas de alimentaci\u00f3n ininterrumpida (SAI). Garantice la protecci\u00f3n de sus dispositivos.\",\"breadcrumb\":{\"@id\":\"https:\/\/redsanstore.com\/es\/sistemas-de-alimentacion-ininterrumpida-sai-eficaces\/#breadcrumb\"},\"inLanguage\":\"es\",\"potentialAction\":[{\"@type\":\"ReadAction\",\"target\":[\"https:\/\/redsanstore.com\/es\/sistemas-de-alimentacion-ininterrumpida-sai-eficaces\/\"]}]},{\"@type\":\"ImageObject\",\"inLanguage\":\"es\",\"@id\":\"https:\/\/redsanstore.com\/es\/sistemas-de-alimentacion-ininterrumpida-sai-eficaces\/#primaryimage\",\"url\":\"https:\/\/redsanstore.com\/wp-content\/uploads\/2024\/09\/Etkili-Kesintisiz-Guc-Kaynagi-UPS-Sistemleri-1024x1024.jpeg\",\"contentUrl\":\"https:\/\/redsanstore.com\/wp-content\/uploads\/2024\/09\/Etkili-Kesintisiz-Guc-Kaynagi-UPS-Sistemleri-1024x1024.jpeg\"},{\"@type\":\"BreadcrumbList\",\"@id\":\"https:\/\/redsanstore.com\/es\/sistemas-de-alimentacion-ininterrumpida-sai-eficaces\/#breadcrumb\",\"itemListElement\":[{\"@type\":\"ListItem\",\"position\":1,\"name\":\"Anasayfa\",\"item\":\"https:\/\/redsanstore.com\/fr\/\"},{\"@type\":\"ListItem\",\"position\":2,\"name\":\"Sistemas de alimentaci\u00f3n ininterrumpida (SAI) eficaces\"}]},{\"@type\":\"WebSite\",\"@id\":\"https:\/\/redsanstore.com\/#website\",\"url\":\"https:\/\/redsanstore.com\/\",\"name\":\"Redsan Store\",\"description\":\"Redres\u00f6r - Reg\u00fclat\u00f6r - UPS - Ak\u00fc\",\"publisher\":{\"@id\":\"https:\/\/redsanstore.com\/#organization\"},\"alternateName\":\"Redres\u00f6r ve Kesintisiz G\u00fc\u00e7 Kayna\u011f\u0131 Ups\",\"potentialAction\":[{\"@type\":\"SearchAction\",\"target\":{\"@type\":\"EntryPoint\",\"urlTemplate\":\"https:\/\/redsanstore.com\/?s={search_term_string}\"},\"query-input\":{\"@type\":\"PropertyValueSpecification\",\"valueRequired\":true,\"valueName\":\"search_term_string\"}}],\"inLanguage\":\"es\"},{\"@type\":\"Organization\",\"@id\":\"https:\/\/redsanstore.com\/#organization\",\"name\":\"Redsan Store\",\"alternateName\":\"Redres\u00f6r ve Kesintisiz G\u00fc\u00e7 Kayna\u011f\u0131 Ups\",\"url\":\"https:\/\/redsanstore.com\/\",\"logo\":{\"@type\":\"ImageObject\",\"inLanguage\":\"es\",\"@id\":\"https:\/\/redsanstore.com\/#\/schema\/logo\/image\/\",\"url\":\"https:\/\/redsanstore.com\/wp-content\/uploads\/2024\/06\/redresor-ups-site-gorseli.jpg\",\"contentUrl\":\"https:\/\/redsanstore.com\/wp-content\/uploads\/2024\/06\/redresor-ups-site-gorseli.jpg\",\"width\":1200,\"height\":675,\"caption\":\"Redsan Store\"},\"image\":{\"@id\":\"https:\/\/redsanstore.com\/#\/schema\/logo\/image\/\"},\"sameAs\":[\"https:\/\/www.facebook.com\/redsanelektronik\",\"https:\/\/www.instagram.com\/redsanelektronik\/\",\"https:\/\/www.linkedin.com\/company\/redsan-elektronik\/\"]}]}<\/script>\n<!-- \/ Yoast SEO Premium plugin. -->","yoast_head_json":{"title":"Sistemas de alimentaci\u00f3n ininterrumpida (SAI) eficaces - Redsan Store","description":"Proporcione energ\u00eda segura y continua contra los cortes de suministro el\u00e9ctrico con eficaces sistemas de alimentaci\u00f3n ininterrumpida (SAI). Garantice la protecci\u00f3n de sus dispositivos.","robots":{"index":"index","follow":"follow","max-snippet":"max-snippet:-1","max-image-preview":"max-image-preview:large","max-video-preview":"max-video-preview:-1"},"canonical":"https:\/\/redsanstore.com\/es\/sistemas-de-alimentacion-ininterrumpida-sai-eficaces\/","og_locale":"es_ES","og_type":"article","og_title":"Sistemas de alimentaci\u00f3n ininterrumpida (SAI) eficaces","og_description":"Proporcione energ\u00eda segura y continua contra los cortes de suministro el\u00e9ctrico con eficaces sistemas de alimentaci\u00f3n ininterrumpida (SAI). Garantice la protecci\u00f3n de sus dispositivos.","og_url":"https:\/\/redsanstore.com\/es\/sistemas-de-alimentacion-ininterrumpida-sai-eficaces\/","og_site_name":"Redsan Store","article_publisher":"https:\/\/www.facebook.com\/redsanelektronik","article_modified_time":"2025-03-05T08:57:12+00:00","og_image":[{"width":1600,"height":1600,"url":"https:\/\/redsanstore.com\/wp-content\/uploads\/2024\/09\/Etkili-Kesintisiz-Guc-Kaynagi-UPS-Sistemleri.jpeg","type":"image\/jpeg"}],"twitter_card":"summary_large_image","twitter_misc":{"Est. reading time":"4 minutos"},"schema":{"@context":"https:\/\/schema.org","@graph":[{"@type":"WebPage","@id":"https:\/\/redsanstore.com\/es\/sistemas-de-alimentacion-ininterrumpida-sai-eficaces\/","url":"https:\/\/redsanstore.com\/es\/sistemas-de-alimentacion-ininterrumpida-sai-eficaces\/","name":"Sistemas de alimentaci\u00f3n ininterrumpida (SAI) eficaces - Redsan Store","isPartOf":{"@id":"https:\/\/redsanstore.com\/#website"},"primaryImageOfPage":{"@id":"https:\/\/redsanstore.com\/es\/sistemas-de-alimentacion-ininterrumpida-sai-eficaces\/#primaryimage"},"image":{"@id":"https:\/\/redsanstore.com\/es\/sistemas-de-alimentacion-ininterrumpida-sai-eficaces\/#primaryimage"},"thumbnailUrl":"https:\/\/redsanstore.com\/wp-content\/uploads\/2024\/09\/Etkili-Kesintisiz-Guc-Kaynagi-UPS-Sistemleri-1024x1024.jpeg","datePublished":"2024-09-18T11:04:34+00:00","dateModified":"2025-03-05T08:57:12+00:00","description":"Proporcione energ\u00eda segura y continua contra los cortes de suministro el\u00e9ctrico con eficaces sistemas de alimentaci\u00f3n ininterrumpida (SAI). Garantice la protecci\u00f3n de sus dispositivos.","breadcrumb":{"@id":"https:\/\/redsanstore.com\/es\/sistemas-de-alimentacion-ininterrumpida-sai-eficaces\/#breadcrumb"},"inLanguage":"es","potentialAction":[{"@type":"ReadAction","target":["https:\/\/redsanstore.com\/es\/sistemas-de-alimentacion-ininterrumpida-sai-eficaces\/"]}]},{"@type":"ImageObject","inLanguage":"es","@id":"https:\/\/redsanstore.com\/es\/sistemas-de-alimentacion-ininterrumpida-sai-eficaces\/#primaryimage","url":"https:\/\/redsanstore.com\/wp-content\/uploads\/2024\/09\/Etkili-Kesintisiz-Guc-Kaynagi-UPS-Sistemleri-1024x1024.jpeg","contentUrl":"https:\/\/redsanstore.com\/wp-content\/uploads\/2024\/09\/Etkili-Kesintisiz-Guc-Kaynagi-UPS-Sistemleri-1024x1024.jpeg"},{"@type":"BreadcrumbList","@id":"https:\/\/redsanstore.com\/es\/sistemas-de-alimentacion-ininterrumpida-sai-eficaces\/#breadcrumb","itemListElement":[{"@type":"ListItem","position":1,"name":"Anasayfa","item":"https:\/\/redsanstore.com\/fr\/"},{"@type":"ListItem","position":2,"name":"Sistemas de alimentaci\u00f3n ininterrumpida (SAI) eficaces"}]},{"@type":"WebSite","@id":"https:\/\/redsanstore.com\/#website","url":"https:\/\/redsanstore.com\/","name":"Redsan Store","description":"Redres\u00f6r - Reg\u00fclat\u00f6r - UPS - Ak\u00fc","publisher":{"@id":"https:\/\/redsanstore.com\/#organization"},"alternateName":"Redres\u00f6r ve Kesintisiz G\u00fc\u00e7 Kayna\u011f\u0131 Ups","potentialAction":[{"@type":"SearchAction","target":{"@type":"EntryPoint","urlTemplate":"https:\/\/redsanstore.com\/?s={search_term_string}"},"query-input":{"@type":"PropertyValueSpecification","valueRequired":true,"valueName":"search_term_string"}}],"inLanguage":"es"},{"@type":"Organization","@id":"https:\/\/redsanstore.com\/#organization","name":"Redsan Store","alternateName":"Redres\u00f6r ve Kesintisiz G\u00fc\u00e7 Kayna\u011f\u0131 Ups","url":"https:\/\/redsanstore.com\/","logo":{"@type":"ImageObject","inLanguage":"es","@id":"https:\/\/redsanstore.com\/#\/schema\/logo\/image\/","url":"https:\/\/redsanstore.com\/wp-content\/uploads\/2024\/06\/redresor-ups-site-gorseli.jpg","contentUrl":"https:\/\/redsanstore.com\/wp-content\/uploads\/2024\/06\/redresor-ups-site-gorseli.jpg","width":1200,"height":675,"caption":"Redsan Store"},"image":{"@id":"https:\/\/redsanstore.com\/#\/schema\/logo\/image\/"},"sameAs":["https:\/\/www.facebook.com\/redsanelektronik","https:\/\/www.instagram.com\/redsanelektronik\/","https:\/\/www.linkedin.com\/company\/redsan-elektronik\/"]}]}},"_links":{"self":[{"href":"https:\/\/redsanstore.com\/es\/wp-json\/wp\/v2\/pages\/95738","targetHints":{"allow":["GET"]}}],"collection":[{"href":"https:\/\/redsanstore.com\/es\/wp-json\/wp\/v2\/pages"}],"about":[{"href":"https:\/\/redsanstore.com\/es\/wp-json\/wp\/v2\/types\/page"}],"author":[{"embeddable":true,"href":"https:\/\/redsanstore.com\/es\/wp-json\/wp\/v2\/users\/1"}],"replies":[{"embeddable":true,"href":"https:\/\/redsanstore.com\/es\/wp-json\/wp\/v2\/comments?post=95738"}],"version-history":[{"count":0,"href":"https:\/\/redsanstore.com\/es\/wp-json\/wp\/v2\/pages\/95738\/revisions"}],"wp:attachment":[{"href":"https:\/\/redsanstore.com\/es\/wp-json\/wp\/v2\/media?parent=95738"}],"curies":[{"name":"wp","href":"https:\/\/api.w.org\/{rel}","templated":true}]}}