{"id":95730,"date":"2024-09-25T14:18:54","date_gmt":"2024-09-25T11:18:54","guid":{"rendered":"https:\/\/redsanstore.com\/soluciones-y-ventajas-de-los-sai-industriales\/"},"modified":"2025-03-05T11:37:20","modified_gmt":"2025-03-05T08:37:20","slug":"soluciones-y-ventajas-de-los-sai-industriales","status":"publish","type":"page","link":"https:\/\/redsanstore.com\/es\/soluciones-y-ventajas-de-los-sai-industriales\/","title":{"rendered":"Soluciones y ventajas de los SAI industriales"},"content":{"rendered":"\t\t<div data-elementor-type=\"wp-page\" data-elementor-id=\"95730\" class=\"elementor elementor-95730 elementor-94384\" data-elementor-post-type=\"page\">\n\t\t\t\t\t\t<section class=\"wd-negative-gap elementor-section elementor-top-section elementor-element elementor-element-ead9038 elementor-section-boxed elementor-section-height-default elementor-section-height-default\" data-id=\"ead9038\" data-element_type=\"section\" data-settings=\"{&quot;jet_parallax_layout_list&quot;:[]}\">\n\t\t\t\t\t\t<div class=\"elementor-container elementor-column-gap-default\">\n\t\t\t\t\t<div class=\"elementor-column elementor-col-50 elementor-top-column elementor-element elementor-element-0e039e5\" data-id=\"0e039e5\" data-element_type=\"column\">\n\t\t\t<div class=\"elementor-widget-wrap elementor-element-populated\">\n\t\t\t\t\t\t<div class=\"elementor-element elementor-element-e112ddd color-scheme-inherit text-left elementor-widget elementor-widget-text-editor\" data-id=\"e112ddd\" data-element_type=\"widget\" data-widget_type=\"text-editor.default\">\n\t\t\t\t<div class=\"elementor-widget-container\">\n\t\t\t\t\t\t\t\t\t<h2><strong>Soluciones y ventajas de los SAI industriales<\/strong><\/h2>\n<p>Los sistemas de alimentaci\u00f3n ininterrumpida (SAI) industriales son fundamentales para f\u00e1bricas, centros de datos, hospitales y otras grandes empresas. Los cortes o fluctuaciones de energ\u00eda pueden afectar negativamente al funcionamiento de los sistemas de estas instalaciones y, en \u00faltima instancia, provocar p\u00e9rdidas econ\u00f3micas. Las soluciones SAI industriales est\u00e1n dise\u00f1adas para resolver estos problemas y garantizar la continuidad de la actividad empresarial. En este art\u00edculo se analizan las ventajas y \u00e1reas de aplicaci\u00f3n de las soluciones SAI industriales.   <\/p>\n<h4>Sistema de alimentaci\u00f3n ininterrumpida<\/h4>\n<p>Los sistemas SAI industriales garantizan que los equipos y sistemas cr\u00edticos sigan funcionando en caso de apagones. Esto garantiza que el proceso de producci\u00f3n no se interrumpa y se evite la p\u00e9rdida de datos. Los sistemas SAI industriales son vitales en las siguientes situaciones:  <\/p>\n<ul>\n<li>\n<p><strong>Seguridad de la red: <\/strong>En lugares donde la infraestructura de red es cr\u00edtica, como centros de datos y salas de servidores, suministrar energ\u00eda ininterrumpida es extremadamente importante para la seguridad de los datos.<\/p>\n<\/li>\n<li>\n<p><strong>Continuidad de la producci\u00f3n:<\/strong> En las f\u00e1bricas, las interrupciones de energ\u00eda pueden acarrear graves costes, ya que las m\u00e1quinas deben funcionar continuamente. Los SAI industriales garantizan la continuidad de la producci\u00f3n evitando estas situaciones. <\/p>\n<\/li>\n<\/ul>\n<h4>Mayor eficacia y rendimiento<\/h4>\n<p>Los sistemas SAI industriales ayudan a las empresas a mejorar la eficiencia energ\u00e9tica. Aunque estos sistemas proporcionan protecci\u00f3n contra las fluctuaciones de energ\u00eda, tambi\u00e9n ofrecen las siguientes ventajas: <\/p>\n<ul>\n<li>\n<p><strong>Reducci\u00f3n del consumo de energ\u00eda:<\/strong> Los modernos sistemas SAI industriales ayudan a las empresas a reducir los costes energ\u00e9ticos optimizando el ahorro de energ\u00eda.<\/p>\n<\/li>\n<li>\n<p><strong>Alta eficiencia: <\/strong>Estos sistemas est\u00e1n dise\u00f1ados para tener altos \u00edndices de eficiencia. As\u00ed, al tiempo que se minimiza la p\u00e9rdida de energ\u00eda, se mejora la calidad de la misma. <\/p>\n<\/li>\n<\/ul>\n<h4>Protecci\u00f3n de dispositivos<\/h4>\n<p>En las plantas industriales hay equipos y m\u00e1quinas sensibles. Estos equipos pueden verse gravemente afectados por subidas de tensi\u00f3n y cortes repentinos. Las soluciones SAI industriales ofrecen los siguientes elementos de protecci\u00f3n:  <\/p>\n<ul>\n<li>\n<p><strong>Protecci\u00f3n contra sobretensiones:<\/strong> Los sistemas SAI evitan da\u00f1os en los dispositivos en situaciones de sobretensi\u00f3n. As\u00ed, se alarga la vida \u00fatil de los dispositivos y se reducen los costes de mantenimiento. <\/p>\n<\/li>\n<li>\n<p><strong>Prevenci\u00f3n de sobretensiones: <\/strong>Las sobretensiones pueden causar fallos en equipos sensibles. Los SAI industriales estabilizan esas fluctuaciones, garantizando el funcionamiento seguro de los equipos. <\/p>\n<\/li>\n<\/ul>\n\t\t\t\t\t\t\t\t<\/div>\n\t\t\t\t<\/div>\n\t\t\t\t\t<\/div>\n\t\t<\/div>\n\t\t\t\t<div class=\"elementor-column elementor-col-50 elementor-top-column elementor-element elementor-element-752ce14\" data-id=\"752ce14\" data-element_type=\"column\">\n\t\t\t<div class=\"elementor-widget-wrap elementor-element-populated\">\n\t\t\t\t\t\t<div class=\"elementor-element elementor-element-2d93a3e elementor-widget elementor-widget-image\" data-id=\"2d93a3e\" data-element_type=\"widget\" data-widget_type=\"image.default\">\n\t\t\t\t<div class=\"elementor-widget-container\">\n\t\t\t\t\t\t\t\t\t\t\t\t\t\t\t<img fetchpriority=\"high\" decoding=\"async\" width=\"1024\" height=\"768\" src=\"https:\/\/redsanstore.com\/wp-content\/uploads\/2024\/09\/Endustriyel-UPS-Cozumleri-ve-Avantajlari-1024x768.jpeg\" class=\"attachment-large size-large wp-image-94391\" alt=\"End\u00fcstriyel UPS \u00c7\u00f6z\u00fcmleri ve Avantajlar\u0131\" srcset=\"https:\/\/redsanstore.com\/wp-content\/uploads\/2024\/09\/Endustriyel-UPS-Cozumleri-ve-Avantajlari-1024x768.jpeg 1024w, https:\/\/redsanstore.com\/wp-content\/uploads\/2024\/09\/Endustriyel-UPS-Cozumleri-ve-Avantajlari-300x225.jpeg 300w, https:\/\/redsanstore.com\/wp-content\/uploads\/2024\/09\/Endustriyel-UPS-Cozumleri-ve-Avantajlari-768x576.jpeg 768w, https:\/\/redsanstore.com\/wp-content\/uploads\/2024\/09\/Endustriyel-UPS-Cozumleri-ve-Avantajlari-1536x1152.jpeg 1536w, https:\/\/redsanstore.com\/wp-content\/uploads\/2024\/09\/Endustriyel-UPS-Cozumleri-ve-Avantajlari-600x450.jpeg 600w, https:\/\/redsanstore.com\/wp-content\/uploads\/2024\/09\/Endustriyel-UPS-Cozumleri-ve-Avantajlari-150x113.jpeg 150w, https:\/\/redsanstore.com\/wp-content\/uploads\/2024\/09\/Endustriyel-UPS-Cozumleri-ve-Avantajlari.jpeg 1600w\" sizes=\"(max-width: 1024px) 100vw, 1024px\" \/>\t\t\t\t\t\t\t\t\t\t\t\t\t\t\t<\/div>\n\t\t\t\t<\/div>\n\t\t\t\t<div class=\"elementor-element elementor-element-bdee4d0 color-scheme-inherit text-left elementor-widget elementor-widget-text-editor\" data-id=\"bdee4d0\" data-element_type=\"widget\" data-widget_type=\"text-editor.default\">\n\t\t\t\t<div class=\"elementor-widget-container\">\n\t\t\t\t\t\t\t\t\t<h4>Gesti\u00f3n de crisis y continuidad de las actividades<\/h4>\n<p>Los sistemas SAI industriales garantizan la preparaci\u00f3n contra los cortes de energ\u00eda. Las ventajas que ofrecen estos sistemas son de gran importancia en la gesti\u00f3n de crisis de las empresas: <\/p>\n<ul>\n<li>\n<p><strong>Planificaci\u00f3n de emergencias:<\/strong> UPS ayuda a las empresas a volver a la normalidad r\u00e1pidamente manteniendo los sistemas cr\u00edticos en funcionamiento durante las emergencias.<\/p>\n<\/li>\n<li>\n<p><strong>Gesti\u00f3n de riesgos: <\/strong>Las soluciones SAI industriales proporcionan a las empresas un entorno de trabajo m\u00e1s seguro al minimizar el riesgo de cortes de energ\u00eda. Se trata de un paso fundamental para la continuidad empresarial. <\/p>\n<\/li>\n<\/ul>\n<h4>Sostenibilidad medioambiental<\/h4>\n<p>Los sistemas SAI industriales tambi\u00e9n ofrecen importantes ventajas en t\u00e9rminos de sostenibilidad medioambiental. Garantizar la eficiencia energ\u00e9tica ayuda a las empresas a reducir su huella de carbono: <\/p>\n<ul>\n<li>\n<p><strong>Consuma menos energ\u00eda:<\/strong> Los sistemas SAI industriales reducen el impacto medioambiental optimizando el ahorro de energ\u00eda. Esto ayuda a las empresas a alcanzar sus objetivos de sostenibilidad medioambiental. <\/p>\n<\/li>\n<li>\n<p><strong>Gesti\u00f3n de residuos:<\/strong> La eficiencia energ\u00e9tica ayuda a reducir los residuos al evitar el uso innecesario de energ\u00eda. Se trata de una importante contribuci\u00f3n a las pr\u00e1cticas respetuosas con el medio ambiente. <\/p>\n<\/li>\n<\/ul>\n<p>Las soluciones SAI industriales desempe\u00f1an un papel fundamental en la gesti\u00f3n energ\u00e9tica de las grandes empresas. Adem\u00e1s de proporcionar alimentaci\u00f3n ininterrumpida, aumentan la eficiencia energ\u00e9tica, protegen los dispositivos y favorecen la continuidad del negocio. Tambi\u00e9n contribuyen significativamente a la consecuci\u00f3n de los objetivos de sostenibilidad medioambiental. Al considerar los sistemas SAI como parte de su estrategia de gesti\u00f3n energ\u00e9tica, las instalaciones industriales pueden minimizar los posibles problemas relacionados con la energ\u00eda y hacer que los procesos empresariales sean m\u00e1s fiables.   <\/p>\n\t\t\t\t\t\t\t\t<\/div>\n\t\t\t\t<\/div>\n\t\t\t\t\t<\/div>\n\t\t<\/div>\n\t\t\t\t\t<\/div>\n\t\t<\/section>\n\t\t\t\t<\/div>\n\t\t","protected":false},"excerpt":{"rendered":"<p>Soluciones y ventajas de los SAI industriales Los sistemas de alimentaci\u00f3n ininterrumpida (SAI) industriales son fundamentales para f\u00e1bricas, centros de<\/p>\n","protected":false},"author":1,"featured_media":0,"parent":0,"menu_order":0,"comment_status":"closed","ping_status":"closed","template":"","meta":{"footnotes":""},"class_list":["post-95730","page","type-page","status-publish","hentry"],"yoast_head":"<!-- This site is optimized with the Yoast SEO Premium plugin v25.8 (Yoast SEO v25.9) - https:\/\/yoast.com\/wordpress\/plugins\/seo\/ -->\n<title>Soluciones y ventajas de los SAI industriales - Redsan Store<\/title>\n<meta name=\"description\" content=\"Las soluciones y ventajas de los SAI industriales ofrecen eficiencia y continuidad empresarial al tiempo que proporcionan protecci\u00f3n contra los cortes de energ\u00eda. Informaci\u00f3n detallada...\" \/>\n<meta name=\"robots\" content=\"index, follow, max-snippet:-1, max-image-preview:large, max-video-preview:-1\" \/>\n<link rel=\"canonical\" href=\"https:\/\/redsanstore.com\/es\/soluciones-y-ventajas-de-los-sai-industriales\/\" \/>\n<meta property=\"og:locale\" content=\"es_ES\" \/>\n<meta property=\"og:type\" content=\"article\" \/>\n<meta property=\"og:title\" content=\"Soluciones y ventajas de los SAI industriales\" \/>\n<meta property=\"og:description\" content=\"Las soluciones y ventajas de los SAI industriales ofrecen eficiencia y continuidad empresarial al tiempo que proporcionan protecci\u00f3n contra los cortes de energ\u00eda. Informaci\u00f3n detallada...\" \/>\n<meta property=\"og:url\" content=\"https:\/\/redsanstore.com\/es\/soluciones-y-ventajas-de-los-sai-industriales\/\" \/>\n<meta property=\"og:site_name\" content=\"Redsan Store\" \/>\n<meta property=\"article:publisher\" content=\"https:\/\/www.facebook.com\/redsanelektronik\" \/>\n<meta property=\"article:modified_time\" content=\"2025-03-05T08:37:20+00:00\" \/>\n<meta property=\"og:image\" content=\"https:\/\/redsanstore.com\/wp-content\/uploads\/2024\/09\/Endustriyel-UPS-Cozumleri-ve-Avantajlari.jpeg\" \/>\n\t<meta property=\"og:image:width\" content=\"1600\" \/>\n\t<meta property=\"og:image:height\" content=\"1200\" \/>\n\t<meta property=\"og:image:type\" content=\"image\/jpeg\" \/>\n<meta name=\"twitter:card\" content=\"summary_large_image\" \/>\n<meta name=\"twitter:label1\" content=\"Est. reading time\" \/>\n\t<meta name=\"twitter:data1\" content=\"4 minutos\" \/>\n<script type=\"application\/ld+json\" class=\"yoast-schema-graph\">{\"@context\":\"https:\/\/schema.org\",\"@graph\":[{\"@type\":\"WebPage\",\"@id\":\"https:\/\/redsanstore.com\/es\/soluciones-y-ventajas-de-los-sai-industriales\/\",\"url\":\"https:\/\/redsanstore.com\/es\/soluciones-y-ventajas-de-los-sai-industriales\/\",\"name\":\"Soluciones y ventajas de los SAI industriales - Redsan Store\",\"isPartOf\":{\"@id\":\"https:\/\/redsanstore.com\/#website\"},\"primaryImageOfPage\":{\"@id\":\"https:\/\/redsanstore.com\/es\/soluciones-y-ventajas-de-los-sai-industriales\/#primaryimage\"},\"image\":{\"@id\":\"https:\/\/redsanstore.com\/es\/soluciones-y-ventajas-de-los-sai-industriales\/#primaryimage\"},\"thumbnailUrl\":\"https:\/\/redsanstore.com\/wp-content\/uploads\/2024\/09\/Endustriyel-UPS-Cozumleri-ve-Avantajlari-1024x768.jpeg\",\"datePublished\":\"2024-09-25T11:18:54+00:00\",\"dateModified\":\"2025-03-05T08:37:20+00:00\",\"description\":\"Las soluciones y ventajas de los SAI industriales ofrecen eficiencia y continuidad empresarial al tiempo que proporcionan protecci\u00f3n contra los cortes de energ\u00eda. Informaci\u00f3n detallada...\",\"breadcrumb\":{\"@id\":\"https:\/\/redsanstore.com\/es\/soluciones-y-ventajas-de-los-sai-industriales\/#breadcrumb\"},\"inLanguage\":\"es\",\"potentialAction\":[{\"@type\":\"ReadAction\",\"target\":[\"https:\/\/redsanstore.com\/es\/soluciones-y-ventajas-de-los-sai-industriales\/\"]}]},{\"@type\":\"ImageObject\",\"inLanguage\":\"es\",\"@id\":\"https:\/\/redsanstore.com\/es\/soluciones-y-ventajas-de-los-sai-industriales\/#primaryimage\",\"url\":\"https:\/\/redsanstore.com\/wp-content\/uploads\/2024\/09\/Endustriyel-UPS-Cozumleri-ve-Avantajlari-1024x768.jpeg\",\"contentUrl\":\"https:\/\/redsanstore.com\/wp-content\/uploads\/2024\/09\/Endustriyel-UPS-Cozumleri-ve-Avantajlari-1024x768.jpeg\"},{\"@type\":\"BreadcrumbList\",\"@id\":\"https:\/\/redsanstore.com\/es\/soluciones-y-ventajas-de-los-sai-industriales\/#breadcrumb\",\"itemListElement\":[{\"@type\":\"ListItem\",\"position\":1,\"name\":\"Anasayfa\",\"item\":\"https:\/\/redsanstore.com\/fr\/\"},{\"@type\":\"ListItem\",\"position\":2,\"name\":\"Soluciones y ventajas de los SAI industriales\"}]},{\"@type\":\"WebSite\",\"@id\":\"https:\/\/redsanstore.com\/#website\",\"url\":\"https:\/\/redsanstore.com\/\",\"name\":\"Redsan Store\",\"description\":\"Redres\u00f6r - Reg\u00fclat\u00f6r - UPS - Ak\u00fc\",\"publisher\":{\"@id\":\"https:\/\/redsanstore.com\/#organization\"},\"alternateName\":\"Redres\u00f6r ve Kesintisiz G\u00fc\u00e7 Kayna\u011f\u0131 Ups\",\"potentialAction\":[{\"@type\":\"SearchAction\",\"target\":{\"@type\":\"EntryPoint\",\"urlTemplate\":\"https:\/\/redsanstore.com\/?s={search_term_string}\"},\"query-input\":{\"@type\":\"PropertyValueSpecification\",\"valueRequired\":true,\"valueName\":\"search_term_string\"}}],\"inLanguage\":\"es\"},{\"@type\":\"Organization\",\"@id\":\"https:\/\/redsanstore.com\/#organization\",\"name\":\"Redsan Store\",\"alternateName\":\"Redres\u00f6r ve Kesintisiz G\u00fc\u00e7 Kayna\u011f\u0131 Ups\",\"url\":\"https:\/\/redsanstore.com\/\",\"logo\":{\"@type\":\"ImageObject\",\"inLanguage\":\"es\",\"@id\":\"https:\/\/redsanstore.com\/#\/schema\/logo\/image\/\",\"url\":\"https:\/\/redsanstore.com\/wp-content\/uploads\/2024\/06\/redresor-ups-site-gorseli.jpg\",\"contentUrl\":\"https:\/\/redsanstore.com\/wp-content\/uploads\/2024\/06\/redresor-ups-site-gorseli.jpg\",\"width\":1200,\"height\":675,\"caption\":\"Redsan Store\"},\"image\":{\"@id\":\"https:\/\/redsanstore.com\/#\/schema\/logo\/image\/\"},\"sameAs\":[\"https:\/\/www.facebook.com\/redsanelektronik\",\"https:\/\/www.instagram.com\/redsanelektronik\/\",\"https:\/\/www.linkedin.com\/company\/redsan-elektronik\/\"]}]}<\/script>\n<!-- \/ Yoast SEO Premium plugin. -->","yoast_head_json":{"title":"Soluciones y ventajas de los SAI industriales - Redsan Store","description":"Las soluciones y ventajas de los SAI industriales ofrecen eficiencia y continuidad empresarial al tiempo que proporcionan protecci\u00f3n contra los cortes de energ\u00eda. Informaci\u00f3n detallada...","robots":{"index":"index","follow":"follow","max-snippet":"max-snippet:-1","max-image-preview":"max-image-preview:large","max-video-preview":"max-video-preview:-1"},"canonical":"https:\/\/redsanstore.com\/es\/soluciones-y-ventajas-de-los-sai-industriales\/","og_locale":"es_ES","og_type":"article","og_title":"Soluciones y ventajas de los SAI industriales","og_description":"Las soluciones y ventajas de los SAI industriales ofrecen eficiencia y continuidad empresarial al tiempo que proporcionan protecci\u00f3n contra los cortes de energ\u00eda. Informaci\u00f3n detallada...","og_url":"https:\/\/redsanstore.com\/es\/soluciones-y-ventajas-de-los-sai-industriales\/","og_site_name":"Redsan Store","article_publisher":"https:\/\/www.facebook.com\/redsanelektronik","article_modified_time":"2025-03-05T08:37:20+00:00","og_image":[{"width":1600,"height":1200,"url":"https:\/\/redsanstore.com\/wp-content\/uploads\/2024\/09\/Endustriyel-UPS-Cozumleri-ve-Avantajlari.jpeg","type":"image\/jpeg"}],"twitter_card":"summary_large_image","twitter_misc":{"Est. reading time":"4 minutos"},"schema":{"@context":"https:\/\/schema.org","@graph":[{"@type":"WebPage","@id":"https:\/\/redsanstore.com\/es\/soluciones-y-ventajas-de-los-sai-industriales\/","url":"https:\/\/redsanstore.com\/es\/soluciones-y-ventajas-de-los-sai-industriales\/","name":"Soluciones y ventajas de los SAI industriales - Redsan Store","isPartOf":{"@id":"https:\/\/redsanstore.com\/#website"},"primaryImageOfPage":{"@id":"https:\/\/redsanstore.com\/es\/soluciones-y-ventajas-de-los-sai-industriales\/#primaryimage"},"image":{"@id":"https:\/\/redsanstore.com\/es\/soluciones-y-ventajas-de-los-sai-industriales\/#primaryimage"},"thumbnailUrl":"https:\/\/redsanstore.com\/wp-content\/uploads\/2024\/09\/Endustriyel-UPS-Cozumleri-ve-Avantajlari-1024x768.jpeg","datePublished":"2024-09-25T11:18:54+00:00","dateModified":"2025-03-05T08:37:20+00:00","description":"Las soluciones y ventajas de los SAI industriales ofrecen eficiencia y continuidad empresarial al tiempo que proporcionan protecci\u00f3n contra los cortes de energ\u00eda. Informaci\u00f3n detallada...","breadcrumb":{"@id":"https:\/\/redsanstore.com\/es\/soluciones-y-ventajas-de-los-sai-industriales\/#breadcrumb"},"inLanguage":"es","potentialAction":[{"@type":"ReadAction","target":["https:\/\/redsanstore.com\/es\/soluciones-y-ventajas-de-los-sai-industriales\/"]}]},{"@type":"ImageObject","inLanguage":"es","@id":"https:\/\/redsanstore.com\/es\/soluciones-y-ventajas-de-los-sai-industriales\/#primaryimage","url":"https:\/\/redsanstore.com\/wp-content\/uploads\/2024\/09\/Endustriyel-UPS-Cozumleri-ve-Avantajlari-1024x768.jpeg","contentUrl":"https:\/\/redsanstore.com\/wp-content\/uploads\/2024\/09\/Endustriyel-UPS-Cozumleri-ve-Avantajlari-1024x768.jpeg"},{"@type":"BreadcrumbList","@id":"https:\/\/redsanstore.com\/es\/soluciones-y-ventajas-de-los-sai-industriales\/#breadcrumb","itemListElement":[{"@type":"ListItem","position":1,"name":"Anasayfa","item":"https:\/\/redsanstore.com\/fr\/"},{"@type":"ListItem","position":2,"name":"Soluciones y ventajas de los SAI industriales"}]},{"@type":"WebSite","@id":"https:\/\/redsanstore.com\/#website","url":"https:\/\/redsanstore.com\/","name":"Redsan Store","description":"Redres\u00f6r - Reg\u00fclat\u00f6r - UPS - Ak\u00fc","publisher":{"@id":"https:\/\/redsanstore.com\/#organization"},"alternateName":"Redres\u00f6r ve Kesintisiz G\u00fc\u00e7 Kayna\u011f\u0131 Ups","potentialAction":[{"@type":"SearchAction","target":{"@type":"EntryPoint","urlTemplate":"https:\/\/redsanstore.com\/?s={search_term_string}"},"query-input":{"@type":"PropertyValueSpecification","valueRequired":true,"valueName":"search_term_string"}}],"inLanguage":"es"},{"@type":"Organization","@id":"https:\/\/redsanstore.com\/#organization","name":"Redsan Store","alternateName":"Redres\u00f6r ve Kesintisiz G\u00fc\u00e7 Kayna\u011f\u0131 Ups","url":"https:\/\/redsanstore.com\/","logo":{"@type":"ImageObject","inLanguage":"es","@id":"https:\/\/redsanstore.com\/#\/schema\/logo\/image\/","url":"https:\/\/redsanstore.com\/wp-content\/uploads\/2024\/06\/redresor-ups-site-gorseli.jpg","contentUrl":"https:\/\/redsanstore.com\/wp-content\/uploads\/2024\/06\/redresor-ups-site-gorseli.jpg","width":1200,"height":675,"caption":"Redsan Store"},"image":{"@id":"https:\/\/redsanstore.com\/#\/schema\/logo\/image\/"},"sameAs":["https:\/\/www.facebook.com\/redsanelektronik","https:\/\/www.instagram.com\/redsanelektronik\/","https:\/\/www.linkedin.com\/company\/redsan-elektronik\/"]}]}},"_links":{"self":[{"href":"https:\/\/redsanstore.com\/es\/wp-json\/wp\/v2\/pages\/95730","targetHints":{"allow":["GET"]}}],"collection":[{"href":"https:\/\/redsanstore.com\/es\/wp-json\/wp\/v2\/pages"}],"about":[{"href":"https:\/\/redsanstore.com\/es\/wp-json\/wp\/v2\/types\/page"}],"author":[{"embeddable":true,"href":"https:\/\/redsanstore.com\/es\/wp-json\/wp\/v2\/users\/1"}],"replies":[{"embeddable":true,"href":"https:\/\/redsanstore.com\/es\/wp-json\/wp\/v2\/comments?post=95730"}],"version-history":[{"count":0,"href":"https:\/\/redsanstore.com\/es\/wp-json\/wp\/v2\/pages\/95730\/revisions"}],"wp:attachment":[{"href":"https:\/\/redsanstore.com\/es\/wp-json\/wp\/v2\/media?parent=95730"}],"curies":[{"name":"wp","href":"https:\/\/api.w.org\/{rel}","templated":true}]}}