{"id":95617,"date":"2024-03-21T14:46:57","date_gmt":"2024-03-21T11:46:57","guid":{"rendered":"https:\/\/redsanstore.com\/precio-sai-2-kva\/"},"modified":"2025-03-04T13:48:29","modified_gmt":"2025-03-04T10:48:29","slug":"precio-sai-2-kva","status":"publish","type":"page","link":"https:\/\/redsanstore.com\/es\/precio-sai-2-kva\/","title":{"rendered":"Precio SAI 2 KVA"},"content":{"rendered":"\t\t<div data-elementor-type=\"wp-page\" data-elementor-id=\"95617\" class=\"elementor elementor-95617 elementor-91874\" data-elementor-post-type=\"page\">\n\t\t\t\t\t\t<section class=\"wd-negative-gap elementor-section elementor-top-section elementor-element elementor-element-115cebf elementor-section-boxed elementor-section-height-default elementor-section-height-default\" data-id=\"115cebf\" data-element_type=\"section\" data-settings=\"{&quot;jet_parallax_layout_list&quot;:[]}\">\n\t\t\t\t\t\t<div class=\"elementor-container elementor-column-gap-default\">\n\t\t\t\t\t<div class=\"elementor-column elementor-col-50 elementor-top-column elementor-element elementor-element-6dcd07e\" data-id=\"6dcd07e\" data-element_type=\"column\">\n\t\t\t<div class=\"elementor-widget-wrap elementor-element-populated\">\n\t\t\t\t\t\t<div class=\"elementor-element elementor-element-9b89901 elementor-widget elementor-widget-wd_text_block\" data-id=\"9b89901\" data-element_type=\"widget\" data-widget_type=\"wd_text_block.default\">\n\t\t\t\t<div class=\"elementor-widget-container\">\n\t\t\t\t\t\t\t<div class=\"wd-text-block reset-last-child text-left\">\n\t\t\t\n\t\t\t<p><strong>Precio del SAI de 2 KVA: Factores que determinan los costes de los sistemas de alimentaci\u00f3n ininterrumpida<\/strong><\/p><p>Precio del SAI de 2 KVA: Los SAI de 2 kVA son una soluci\u00f3n ideal para garantizar la seguridad y continuidad de los equipos electr\u00f3nicos, pero sus precios var\u00edan en funci\u00f3n de diferentes factores.<\/p><p>Precio del SAI de 2 KVA: Hemos recopilado algunos de los principales factores que afectan el precio del SAI para usted a continuaci\u00f3n...<\/p>\n\t\t\t\t\t<\/div>\n\t\t\t\t\t\t<\/div>\n\t\t\t\t<\/div>\n\t\t\t\t<div class=\"elementor-element elementor-element-156f61b elementor-widget elementor-widget-spacer\" data-id=\"156f61b\" data-element_type=\"widget\" data-widget_type=\"spacer.default\">\n\t\t\t\t<div class=\"elementor-widget-container\">\n\t\t\t\t\t\t\t<div class=\"elementor-spacer\">\n\t\t\t<div class=\"elementor-spacer-inner\"><\/div>\n\t\t<\/div>\n\t\t\t\t\t\t<\/div>\n\t\t\t\t<\/div>\n\t\t\t\t<div class=\"elementor-element elementor-element-03993b0 elementor-widget elementor-widget-wd_text_block\" data-id=\"03993b0\" data-element_type=\"widget\" data-widget_type=\"wd_text_block.default\">\n\t\t\t\t<div class=\"elementor-widget-container\">\n\t\t\t\t\t\t\t<div class=\"wd-text-block reset-last-child text-left\">\n\t\t\t\n\t\t\t<p><strong>Marca y modelo: <\/strong>Los precios de las distintas marcas y modelos pueden diferir entre s\u00ed. Las marcas conocidas suelen tener precios m\u00e1s altos, mientras que las menos conocidas pueden ofrecer precios m\u00e1s asequibles. <\/p><p><strong>Capacidad:<\/strong> A medida que aumenta la capacidad de potencia, suele aumentar el precio del SAI. El precio de un SAI de 2 kVA puede ser inferior al de los modelos de mayor capacidad. <\/p><p><strong>Caracter\u00edsticas: <\/strong>La duraci\u00f3n de la bater\u00eda, las funciones de monitorizaci\u00f3n inteligente, las capacidades de acceso remoto y otras caracter\u00edsticas adicionales pueden afectar al precio de un SAI. Los modelos con caracter\u00edsticas m\u00e1s avanzadas suelen tener precios m\u00e1s elevados. <\/p><p><strong>Garant\u00eda y asistencia:<\/strong> Los modelos de SAI que ofrecen garant\u00edas a largo plazo y s\u00f3lidos servicios de asistencia al cliente suelen tener precios m\u00e1s elevados.<\/p><p><strong>Cantidad de compra:<\/strong> Las compras al por mayor suelen tener descuentos y precios especiales. Comprar m\u00e1s de un SAI puede reducir el precio unitario. <\/p><p>Teniendo en cuenta estos factores que determinan los precios de los SAI de 2 KVA, podr\u00e1 encontrar la opci\u00f3n m\u00e1s adecuada a sus necesidades y optimizar sus costes de alimentaci\u00f3n ininterrumpida.<\/p>\n\t\t\t\t\t<\/div>\n\t\t\t\t\t\t<\/div>\n\t\t\t\t<\/div>\n\t\t\t\t\t<\/div>\n\t\t<\/div>\n\t\t\t\t<div class=\"elementor-column elementor-col-50 elementor-top-column elementor-element elementor-element-3cbdfec\" data-id=\"3cbdfec\" data-element_type=\"column\">\n\t\t\t<div class=\"elementor-widget-wrap elementor-element-populated\">\n\t\t\t\t\t\t<div class=\"elementor-element elementor-element-be56168 elementor-widget elementor-widget-image\" data-id=\"be56168\" data-element_type=\"widget\" data-widget_type=\"image.default\">\n\t\t\t\t<div class=\"elementor-widget-container\">\n\t\t\t\t\t\t\t\t\t\t\t\t\t\t\t<img fetchpriority=\"high\" decoding=\"async\" width=\"1024\" height=\"768\" src=\"https:\/\/redsanstore.com\/wp-content\/uploads\/2024\/03\/2-kva-ups-fiyat.png\" class=\"attachment-large size-large wp-image-91879\" alt=\"\" srcset=\"https:\/\/redsanstore.com\/wp-content\/uploads\/2024\/03\/2-kva-ups-fiyat.png 1024w, https:\/\/redsanstore.com\/wp-content\/uploads\/2024\/03\/2-kva-ups-fiyat-300x225.png 300w, https:\/\/redsanstore.com\/wp-content\/uploads\/2024\/03\/2-kva-ups-fiyat-768x576.png 768w, https:\/\/redsanstore.com\/wp-content\/uploads\/2024\/03\/2-kva-ups-fiyat-600x450.png 600w, https:\/\/redsanstore.com\/wp-content\/uploads\/2024\/03\/2-kva-ups-fiyat-150x113.png 150w\" sizes=\"(max-width: 1024px) 100vw, 1024px\" \/>\t\t\t\t\t\t\t\t\t\t\t\t\t\t\t<\/div>\n\t\t\t\t<\/div>\n\t\t\t\t<div class=\"elementor-element elementor-element-fec0c2e elementor-widget elementor-widget-spacer\" data-id=\"fec0c2e\" data-element_type=\"widget\" data-widget_type=\"spacer.default\">\n\t\t\t\t<div class=\"elementor-widget-container\">\n\t\t\t\t\t\t\t<div class=\"elementor-spacer\">\n\t\t\t<div class=\"elementor-spacer-inner\"><\/div>\n\t\t<\/div>\n\t\t\t\t\t\t<\/div>\n\t\t\t\t<\/div>\n\t\t\t\t<div class=\"elementor-element elementor-element-e93ff23 elementor-widget elementor-widget-wd_text_block\" data-id=\"e93ff23\" data-element_type=\"widget\" data-widget_type=\"wd_text_block.default\">\n\t\t\t\t<div class=\"elementor-widget-container\">\n\t\t\t\t\t\t\t<div class=\"wd-text-block reset-last-child text-left\">\n\t\t\t\n\t\t\t<h3 style=\"text-align: center;\">Precio SAI 2 KVA<\/h3><p>Adem\u00e1s de los factores que determinan los precios de los SAI de 2 KVA, las caracter\u00edsticas del producto que se va a adquirir tambi\u00e9n pueden influir en su precio. Por ejemplo, los modelos de SAI con una bater\u00eda de mayor duraci\u00f3n suelen tener un precio m\u00e1s elevado, ya que proporcionan una copia de seguridad a m\u00e1s largo plazo. Asimismo, el tipo de salida del SAI puede afectar al precio. Puede haber diferencias de precio entre los modelos de SAI con salida monof\u00e1sica o trif\u00e1sica.   <\/p><p>El dise\u00f1o y las caracter\u00edsticas estructurales del producto tambi\u00e9n pueden influir en el precio. Los modelos de SAI con una construcci\u00f3n m\u00e1s duradera y robusta pueden venderse a menudo a un precio m\u00e1s alto porque pueden ser m\u00e1s adecuados para un uso a largo plazo. Adem\u00e1s, la eficiencia del SAI tambi\u00e9n es un factor que afecta al precio. Los modelos con mayores niveles de eficiencia suelen venderse a un precio m\u00e1s elevado, al tiempo que ahorran costes energ\u00e9ticos a largo plazo.   <\/p><p>Con todos estos factores combinados, los precios de los SAI de 2 KVA pueden variar en un amplio rango. Es importante que eval\u00fae detenidamente sus necesidades y presupuesto y compare las distintas opciones antes de realizar una compra. De este modo, podr\u00e1 encontrar la soluci\u00f3n m\u00e1s adecuada y rentable para sus necesidades.  <\/p>\n\t\t\t\t\t<\/div>\n\t\t\t\t\t\t<\/div>\n\t\t\t\t<\/div>\n\t\t\t\t\t<\/div>\n\t\t<\/div>\n\t\t\t\t\t<\/div>\n\t\t<\/section>\n\t\t\t\t<section class=\"wd-negative-gap elementor-section elementor-top-section elementor-element elementor-element-9e9c837 elementor-section-boxed elementor-section-height-default elementor-section-height-default\" data-id=\"9e9c837\" data-element_type=\"section\" data-settings=\"{&quot;jet_parallax_layout_list&quot;:[]}\">\n\t\t\t\t\t\t<div class=\"elementor-container elementor-column-gap-default\">\n\t\t\t\t\t<div class=\"elementor-column elementor-col-100 elementor-top-column elementor-element elementor-element-a4d9855\" data-id=\"a4d9855\" data-element_type=\"column\">\n\t\t\t<div class=\"elementor-widget-wrap elementor-element-populated\">\n\t\t\t\t\t\t<div class=\"elementor-element elementor-element-dbcf6b1 elementor-widget elementor-widget-spacer\" data-id=\"dbcf6b1\" data-element_type=\"widget\" data-widget_type=\"spacer.default\">\n\t\t\t\t<div class=\"elementor-widget-container\">\n\t\t\t\t\t\t\t<div class=\"elementor-spacer\">\n\t\t\t<div class=\"elementor-spacer-inner\"><\/div>\n\t\t<\/div>\n\t\t\t\t\t\t<\/div>\n\t\t\t\t<\/div>\n\t\t\t\t\t<\/div>\n\t\t<\/div>\n\t\t\t\t\t<\/div>\n\t\t<\/section>\n\t\t\t\t<\/div>\n\t\t","protected":false},"excerpt":{"rendered":"<p>Precio del SAI de 2 KVA: Factores que determinan los costes de los sistemas de alimentaci\u00f3n ininterrumpida Precio del SAI<\/p>\n","protected":false},"author":1,"featured_media":0,"parent":0,"menu_order":0,"comment_status":"closed","ping_status":"closed","template":"","meta":{"footnotes":""},"class_list":["post-95617","page","type-page","status-publish","hentry"],"yoast_head":"<!-- This site is optimized with the Yoast SEO Premium plugin v25.8 (Yoast SEO v25.9) - https:\/\/yoast.com\/wordpress\/plugins\/seo\/ -->\n<title>Precio SAI 2 KVA - Redsan Store<\/title>\n<meta name=\"description\" content=\"2 KVA UPS Precio es la soluci\u00f3n para garantizar la continuidad de los equipos electr\u00f3nicos. Los precios var\u00edan en funci\u00f3n de diferentes factores.\" \/>\n<meta name=\"robots\" content=\"index, follow, max-snippet:-1, max-image-preview:large, max-video-preview:-1\" \/>\n<link rel=\"canonical\" href=\"https:\/\/redsanstore.com\/es\/precio-sai-2-kva\/\" \/>\n<meta property=\"og:locale\" content=\"es_ES\" \/>\n<meta property=\"og:type\" content=\"article\" \/>\n<meta property=\"og:title\" content=\"Precio SAI 2 KVA\" \/>\n<meta property=\"og:description\" content=\"2 KVA UPS Precio es la soluci\u00f3n para garantizar la continuidad de los equipos electr\u00f3nicos. Los precios var\u00edan en funci\u00f3n de diferentes factores.\" \/>\n<meta property=\"og:url\" content=\"https:\/\/redsanstore.com\/es\/precio-sai-2-kva\/\" \/>\n<meta property=\"og:site_name\" content=\"Redsan Store\" \/>\n<meta property=\"article:publisher\" content=\"https:\/\/www.facebook.com\/redsanelektronik\" \/>\n<meta property=\"article:modified_time\" content=\"2025-03-04T10:48:29+00:00\" \/>\n<meta property=\"og:image\" content=\"https:\/\/redsanstore.com\/wp-content\/uploads\/2024\/03\/2-kva-ups-fiyat.png\" \/>\n\t<meta property=\"og:image:width\" content=\"1024\" \/>\n\t<meta property=\"og:image:height\" content=\"768\" \/>\n\t<meta property=\"og:image:type\" content=\"image\/png\" \/>\n<meta name=\"twitter:card\" content=\"summary_large_image\" \/>\n<meta name=\"twitter:label1\" content=\"Est. reading time\" \/>\n\t<meta name=\"twitter:data1\" content=\"3 minutos\" \/>\n<script type=\"application\/ld+json\" class=\"yoast-schema-graph\">{\"@context\":\"https:\/\/schema.org\",\"@graph\":[{\"@type\":\"WebPage\",\"@id\":\"https:\/\/redsanstore.com\/es\/precio-sai-2-kva\/\",\"url\":\"https:\/\/redsanstore.com\/es\/precio-sai-2-kva\/\",\"name\":\"Precio SAI 2 KVA - Redsan Store\",\"isPartOf\":{\"@id\":\"https:\/\/redsanstore.com\/#website\"},\"primaryImageOfPage\":{\"@id\":\"https:\/\/redsanstore.com\/es\/precio-sai-2-kva\/#primaryimage\"},\"image\":{\"@id\":\"https:\/\/redsanstore.com\/es\/precio-sai-2-kva\/#primaryimage\"},\"thumbnailUrl\":\"https:\/\/redsanstore.com\/wp-content\/uploads\/2024\/03\/2-kva-ups-fiyat.png\",\"datePublished\":\"2024-03-21T11:46:57+00:00\",\"dateModified\":\"2025-03-04T10:48:29+00:00\",\"description\":\"2 KVA UPS Precio es la soluci\u00f3n para garantizar la continuidad de los equipos electr\u00f3nicos. Los precios var\u00edan en funci\u00f3n de diferentes factores.\",\"breadcrumb\":{\"@id\":\"https:\/\/redsanstore.com\/es\/precio-sai-2-kva\/#breadcrumb\"},\"inLanguage\":\"es\",\"potentialAction\":[{\"@type\":\"ReadAction\",\"target\":[\"https:\/\/redsanstore.com\/es\/precio-sai-2-kva\/\"]}]},{\"@type\":\"ImageObject\",\"inLanguage\":\"es\",\"@id\":\"https:\/\/redsanstore.com\/es\/precio-sai-2-kva\/#primaryimage\",\"url\":\"https:\/\/redsanstore.com\/wp-content\/uploads\/2024\/03\/2-kva-ups-fiyat.png\",\"contentUrl\":\"https:\/\/redsanstore.com\/wp-content\/uploads\/2024\/03\/2-kva-ups-fiyat.png\"},{\"@type\":\"BreadcrumbList\",\"@id\":\"https:\/\/redsanstore.com\/es\/precio-sai-2-kva\/#breadcrumb\",\"itemListElement\":[{\"@type\":\"ListItem\",\"position\":1,\"name\":\"Anasayfa\",\"item\":\"https:\/\/redsanstore.com\/fr\/\"},{\"@type\":\"ListItem\",\"position\":2,\"name\":\"Precio SAI 2 KVA\"}]},{\"@type\":\"WebSite\",\"@id\":\"https:\/\/redsanstore.com\/#website\",\"url\":\"https:\/\/redsanstore.com\/\",\"name\":\"Redsan Store\",\"description\":\"Redres\u00f6r - Reg\u00fclat\u00f6r - UPS - Ak\u00fc\",\"publisher\":{\"@id\":\"https:\/\/redsanstore.com\/#organization\"},\"alternateName\":\"Redres\u00f6r ve Kesintisiz G\u00fc\u00e7 Kayna\u011f\u0131 Ups\",\"potentialAction\":[{\"@type\":\"SearchAction\",\"target\":{\"@type\":\"EntryPoint\",\"urlTemplate\":\"https:\/\/redsanstore.com\/?s={search_term_string}\"},\"query-input\":{\"@type\":\"PropertyValueSpecification\",\"valueRequired\":true,\"valueName\":\"search_term_string\"}}],\"inLanguage\":\"es\"},{\"@type\":\"Organization\",\"@id\":\"https:\/\/redsanstore.com\/#organization\",\"name\":\"Redsan Store\",\"alternateName\":\"Redres\u00f6r ve Kesintisiz G\u00fc\u00e7 Kayna\u011f\u0131 Ups\",\"url\":\"https:\/\/redsanstore.com\/\",\"logo\":{\"@type\":\"ImageObject\",\"inLanguage\":\"es\",\"@id\":\"https:\/\/redsanstore.com\/#\/schema\/logo\/image\/\",\"url\":\"https:\/\/redsanstore.com\/wp-content\/uploads\/2024\/06\/redresor-ups-site-gorseli.jpg\",\"contentUrl\":\"https:\/\/redsanstore.com\/wp-content\/uploads\/2024\/06\/redresor-ups-site-gorseli.jpg\",\"width\":1200,\"height\":675,\"caption\":\"Redsan Store\"},\"image\":{\"@id\":\"https:\/\/redsanstore.com\/#\/schema\/logo\/image\/\"},\"sameAs\":[\"https:\/\/www.facebook.com\/redsanelektronik\",\"https:\/\/www.instagram.com\/redsanelektronik\/\",\"https:\/\/www.linkedin.com\/company\/redsan-elektronik\/\"]}]}<\/script>\n<!-- \/ Yoast SEO Premium plugin. -->","yoast_head_json":{"title":"Precio SAI 2 KVA - Redsan Store","description":"2 KVA UPS Precio es la soluci\u00f3n para garantizar la continuidad de los equipos electr\u00f3nicos. Los precios var\u00edan en funci\u00f3n de diferentes factores.","robots":{"index":"index","follow":"follow","max-snippet":"max-snippet:-1","max-image-preview":"max-image-preview:large","max-video-preview":"max-video-preview:-1"},"canonical":"https:\/\/redsanstore.com\/es\/precio-sai-2-kva\/","og_locale":"es_ES","og_type":"article","og_title":"Precio SAI 2 KVA","og_description":"2 KVA UPS Precio es la soluci\u00f3n para garantizar la continuidad de los equipos electr\u00f3nicos. Los precios var\u00edan en funci\u00f3n de diferentes factores.","og_url":"https:\/\/redsanstore.com\/es\/precio-sai-2-kva\/","og_site_name":"Redsan Store","article_publisher":"https:\/\/www.facebook.com\/redsanelektronik","article_modified_time":"2025-03-04T10:48:29+00:00","og_image":[{"width":1024,"height":768,"url":"https:\/\/redsanstore.com\/wp-content\/uploads\/2024\/03\/2-kva-ups-fiyat.png","type":"image\/png"}],"twitter_card":"summary_large_image","twitter_misc":{"Est. reading time":"3 minutos"},"schema":{"@context":"https:\/\/schema.org","@graph":[{"@type":"WebPage","@id":"https:\/\/redsanstore.com\/es\/precio-sai-2-kva\/","url":"https:\/\/redsanstore.com\/es\/precio-sai-2-kva\/","name":"Precio SAI 2 KVA - Redsan Store","isPartOf":{"@id":"https:\/\/redsanstore.com\/#website"},"primaryImageOfPage":{"@id":"https:\/\/redsanstore.com\/es\/precio-sai-2-kva\/#primaryimage"},"image":{"@id":"https:\/\/redsanstore.com\/es\/precio-sai-2-kva\/#primaryimage"},"thumbnailUrl":"https:\/\/redsanstore.com\/wp-content\/uploads\/2024\/03\/2-kva-ups-fiyat.png","datePublished":"2024-03-21T11:46:57+00:00","dateModified":"2025-03-04T10:48:29+00:00","description":"2 KVA UPS Precio es la soluci\u00f3n para garantizar la continuidad de los equipos electr\u00f3nicos. Los precios var\u00edan en funci\u00f3n de diferentes factores.","breadcrumb":{"@id":"https:\/\/redsanstore.com\/es\/precio-sai-2-kva\/#breadcrumb"},"inLanguage":"es","potentialAction":[{"@type":"ReadAction","target":["https:\/\/redsanstore.com\/es\/precio-sai-2-kva\/"]}]},{"@type":"ImageObject","inLanguage":"es","@id":"https:\/\/redsanstore.com\/es\/precio-sai-2-kva\/#primaryimage","url":"https:\/\/redsanstore.com\/wp-content\/uploads\/2024\/03\/2-kva-ups-fiyat.png","contentUrl":"https:\/\/redsanstore.com\/wp-content\/uploads\/2024\/03\/2-kva-ups-fiyat.png"},{"@type":"BreadcrumbList","@id":"https:\/\/redsanstore.com\/es\/precio-sai-2-kva\/#breadcrumb","itemListElement":[{"@type":"ListItem","position":1,"name":"Anasayfa","item":"https:\/\/redsanstore.com\/fr\/"},{"@type":"ListItem","position":2,"name":"Precio SAI 2 KVA"}]},{"@type":"WebSite","@id":"https:\/\/redsanstore.com\/#website","url":"https:\/\/redsanstore.com\/","name":"Redsan Store","description":"Redres\u00f6r - Reg\u00fclat\u00f6r - UPS - Ak\u00fc","publisher":{"@id":"https:\/\/redsanstore.com\/#organization"},"alternateName":"Redres\u00f6r ve Kesintisiz G\u00fc\u00e7 Kayna\u011f\u0131 Ups","potentialAction":[{"@type":"SearchAction","target":{"@type":"EntryPoint","urlTemplate":"https:\/\/redsanstore.com\/?s={search_term_string}"},"query-input":{"@type":"PropertyValueSpecification","valueRequired":true,"valueName":"search_term_string"}}],"inLanguage":"es"},{"@type":"Organization","@id":"https:\/\/redsanstore.com\/#organization","name":"Redsan Store","alternateName":"Redres\u00f6r ve Kesintisiz G\u00fc\u00e7 Kayna\u011f\u0131 Ups","url":"https:\/\/redsanstore.com\/","logo":{"@type":"ImageObject","inLanguage":"es","@id":"https:\/\/redsanstore.com\/#\/schema\/logo\/image\/","url":"https:\/\/redsanstore.com\/wp-content\/uploads\/2024\/06\/redresor-ups-site-gorseli.jpg","contentUrl":"https:\/\/redsanstore.com\/wp-content\/uploads\/2024\/06\/redresor-ups-site-gorseli.jpg","width":1200,"height":675,"caption":"Redsan Store"},"image":{"@id":"https:\/\/redsanstore.com\/#\/schema\/logo\/image\/"},"sameAs":["https:\/\/www.facebook.com\/redsanelektronik","https:\/\/www.instagram.com\/redsanelektronik\/","https:\/\/www.linkedin.com\/company\/redsan-elektronik\/"]}]}},"_links":{"self":[{"href":"https:\/\/redsanstore.com\/es\/wp-json\/wp\/v2\/pages\/95617","targetHints":{"allow":["GET"]}}],"collection":[{"href":"https:\/\/redsanstore.com\/es\/wp-json\/wp\/v2\/pages"}],"about":[{"href":"https:\/\/redsanstore.com\/es\/wp-json\/wp\/v2\/types\/page"}],"author":[{"embeddable":true,"href":"https:\/\/redsanstore.com\/es\/wp-json\/wp\/v2\/users\/1"}],"replies":[{"embeddable":true,"href":"https:\/\/redsanstore.com\/es\/wp-json\/wp\/v2\/comments?post=95617"}],"version-history":[{"count":0,"href":"https:\/\/redsanstore.com\/es\/wp-json\/wp\/v2\/pages\/95617\/revisions"}],"wp:attachment":[{"href":"https:\/\/redsanstore.com\/es\/wp-json\/wp\/v2\/media?parent=95617"}],"curies":[{"name":"wp","href":"https:\/\/api.w.org\/{rel}","templated":true}]}}