{"id":95584,"date":"2024-04-03T13:40:17","date_gmt":"2024-04-03T10:40:17","guid":{"rendered":"https:\/\/redsanstore.com\/sai-interactivo-de-1200-va\/"},"modified":"2025-03-04T12:46:35","modified_gmt":"2025-03-04T09:46:35","slug":"sai-interactivo-de-1200-va","status":"publish","type":"page","link":"https:\/\/redsanstore.com\/es\/sai-interactivo-de-1200-va\/","title":{"rendered":"SAI interactivo de 1200 VA"},"content":{"rendered":"\t\t<div data-elementor-type=\"wp-page\" data-elementor-id=\"95584\" class=\"elementor elementor-95584 elementor-91977\" data-elementor-post-type=\"page\">\n\t\t\t\t\t\t<section class=\"wd-negative-gap elementor-section elementor-top-section elementor-element elementor-element-b867845 elementor-section-boxed elementor-section-height-default elementor-section-height-default\" data-id=\"b867845\" data-element_type=\"section\" data-settings=\"{&quot;jet_parallax_layout_list&quot;:[]}\">\n\t\t\t\t\t\t<div class=\"elementor-container elementor-column-gap-default\">\n\t\t\t\t\t<div class=\"elementor-column elementor-col-50 elementor-top-column elementor-element elementor-element-b04797b\" data-id=\"b04797b\" data-element_type=\"column\">\n\t\t\t<div class=\"elementor-widget-wrap elementor-element-populated\">\n\t\t\t\t\t\t<div class=\"elementor-element elementor-element-bf05b37 elementor-widget elementor-widget-image\" data-id=\"bf05b37\" data-element_type=\"widget\" data-widget_type=\"image.default\">\n\t\t\t\t<div class=\"elementor-widget-container\">\n\t\t\t\t\t\t\t\t\t\t\t\t\t\t\t<img fetchpriority=\"high\" decoding=\"async\" width=\"1024\" height=\"526\" src=\"https:\/\/redsanstore.com\/wp-content\/uploads\/2024\/04\/1200-va-line-interaktif-ups.webp\" class=\"attachment-large size-large wp-image-91983\" alt=\"\" srcset=\"https:\/\/redsanstore.com\/wp-content\/uploads\/2024\/04\/1200-va-line-interaktif-ups.webp 1024w, https:\/\/redsanstore.com\/wp-content\/uploads\/2024\/04\/1200-va-line-interaktif-ups-300x154.webp 300w, https:\/\/redsanstore.com\/wp-content\/uploads\/2024\/04\/1200-va-line-interaktif-ups-768x395.webp 768w, https:\/\/redsanstore.com\/wp-content\/uploads\/2024\/04\/1200-va-line-interaktif-ups-600x308.webp 600w, https:\/\/redsanstore.com\/wp-content\/uploads\/2024\/04\/1200-va-line-interaktif-ups-150x77.webp 150w\" sizes=\"(max-width: 1024px) 100vw, 1024px\" \/>\t\t\t\t\t\t\t\t\t\t\t\t\t\t\t<\/div>\n\t\t\t\t<\/div>\n\t\t\t\t\t<\/div>\n\t\t<\/div>\n\t\t\t\t<div class=\"elementor-column elementor-col-50 elementor-top-column elementor-element elementor-element-f36576d\" data-id=\"f36576d\" data-element_type=\"column\">\n\t\t\t<div class=\"elementor-widget-wrap elementor-element-populated\">\n\t\t\t\t\t\t<div class=\"elementor-element elementor-element-351276d elementor-widget elementor-widget-image\" data-id=\"351276d\" data-element_type=\"widget\" data-widget_type=\"image.default\">\n\t\t\t\t<div class=\"elementor-widget-container\">\n\t\t\t\t\t\t\t\t\t\t\t\t\t\t\t<img fetchpriority=\"high\" decoding=\"async\" width=\"1024\" height=\"526\" src=\"https:\/\/redsanstore.com\/wp-content\/uploads\/2024\/04\/1200-va-line-interaktif-ups.webp\" class=\"attachment-large size-large wp-image-91983\" alt=\"\" srcset=\"https:\/\/redsanstore.com\/wp-content\/uploads\/2024\/04\/1200-va-line-interaktif-ups.webp 1024w, https:\/\/redsanstore.com\/wp-content\/uploads\/2024\/04\/1200-va-line-interaktif-ups-300x154.webp 300w, https:\/\/redsanstore.com\/wp-content\/uploads\/2024\/04\/1200-va-line-interaktif-ups-768x395.webp 768w, https:\/\/redsanstore.com\/wp-content\/uploads\/2024\/04\/1200-va-line-interaktif-ups-600x308.webp 600w, https:\/\/redsanstore.com\/wp-content\/uploads\/2024\/04\/1200-va-line-interaktif-ups-150x77.webp 150w\" sizes=\"(max-width: 1024px) 100vw, 1024px\" \/>\t\t\t\t\t\t\t\t\t\t\t\t\t\t\t<\/div>\n\t\t\t\t<\/div>\n\t\t\t\t\t<\/div>\n\t\t<\/div>\n\t\t\t\t\t<\/div>\n\t\t<\/section>\n\t\t\t\t<section class=\"wd-negative-gap elementor-section elementor-top-section elementor-element elementor-element-59f80de elementor-section-boxed elementor-section-height-default elementor-section-height-default\" data-id=\"59f80de\" data-element_type=\"section\" data-settings=\"{&quot;jet_parallax_layout_list&quot;:[]}\">\n\t\t\t\t\t\t<div class=\"elementor-container elementor-column-gap-default\">\n\t\t\t\t\t<div class=\"elementor-column elementor-col-100 elementor-top-column elementor-element elementor-element-e751108\" data-id=\"e751108\" data-element_type=\"column\">\n\t\t\t<div class=\"elementor-widget-wrap elementor-element-populated\">\n\t\t\t\t\t\t<div class=\"elementor-element elementor-element-a4aa5de elementor-widget elementor-widget-spacer\" data-id=\"a4aa5de\" data-element_type=\"widget\" data-widget_type=\"spacer.default\">\n\t\t\t\t<div class=\"elementor-widget-container\">\n\t\t\t\t\t\t\t<div class=\"elementor-spacer\">\n\t\t\t<div class=\"elementor-spacer-inner\"><\/div>\n\t\t<\/div>\n\t\t\t\t\t\t<\/div>\n\t\t\t\t<\/div>\n\t\t\t\t\t<\/div>\n\t\t<\/div>\n\t\t\t\t\t<\/div>\n\t\t<\/section>\n\t\t\t\t<section class=\"wd-negative-gap elementor-section elementor-top-section elementor-element elementor-element-1a2d760 elementor-section-boxed elementor-section-height-default elementor-section-height-default\" data-id=\"1a2d760\" data-element_type=\"section\" data-settings=\"{&quot;jet_parallax_layout_list&quot;:[]}\">\n\t\t\t\t\t\t<div class=\"elementor-container elementor-column-gap-default\">\n\t\t\t\t\t<div class=\"elementor-column elementor-col-100 elementor-top-column elementor-element elementor-element-8a589c2\" data-id=\"8a589c2\" data-element_type=\"column\">\n\t\t\t<div class=\"elementor-widget-wrap elementor-element-populated\">\n\t\t\t\t\t\t<div class=\"elementor-element elementor-element-3148069 elementor-widget elementor-widget-wd_text_block\" data-id=\"3148069\" data-element_type=\"widget\" data-widget_type=\"wd_text_block.default\">\n\t\t\t\t<div class=\"elementor-widget-container\">\n\t\t\t\t\t\t\t<div class=\"wd-text-block reset-last-child text-left\">\n\t\t\t\n\t\t\t<div class=\"w-full text-token-text-primary\" data-testid=\"conversation-turn-15\"><div class=\"px-4 py-2 justify-center text-base md:gap-6 m-auto\"><div class=\"flex flex-1 text-base mx-auto gap-3 md:px-5 lg:px-1 xl:px-5 md:max-w-3xl lg:max-w-[40rem] xl:max-w-[48rem] group\"><div class=\"relative flex w-full flex-col agent-turn\"><div class=\"flex-col gap-1 md:gap-3\"><div class=\"flex flex-grow flex-col max-w-full\"><div class=\"min-h-[20px] text-message flex flex-col items-start gap-3 whitespace-pre-wrap break-words [.text-message+&amp;]:mt-5 overflow-x-auto\" data-message-author-role=\"assistant\" data-message-id=\"4d4c35d7-ddfa-48b5-a464-6ea3adb6a084\"><div class=\"markdown prose w-full break-words dark:prose-invert dark\"><h2 style=\"text-align: center;\">SAI interactivo de 1200 VA: soluci\u00f3n de protecci\u00f3n el\u00e9ctrica potente y fiable<\/h2><p>SAI Interactivo de 1200 VA: Hoy en d\u00eda, las empresas y los usuarios dom\u00e9sticos buscan una soluci\u00f3n SAI (Sistema de Alimentaci\u00f3n Ininterrumpida) eficaz para proteger sus dispositivos durante los cortes y fluctuaciones de energ\u00eda. Aqu\u00ed es donde entra en juego el SAI interactivo. En este art\u00edculo, examinaremos qu\u00e9 es el SAI Line Interactive, c\u00f3mo funciona y sus ventajas.  <\/p><h3>\u00bfQu\u00e9 es un SAI interactivo de 1200 VA?<\/h3><p>El SAI interactivo de 1200 VA es una fuente de alimentaci\u00f3n con una potencia nominal de 1200 voltios-amperios. Esto se refiere a la capacidad m\u00e1xima del SAI y determina cu\u00e1nta potencia puede suministrar el dispositivo. El SAI interactivo est\u00e1 conectado directamente a la fuente de alimentaci\u00f3n de CA (corriente alterna) durante el funcionamiento normal y s\u00f3lo se enciende cuando se producen fluctuaciones o interrupciones en la tensi\u00f3n de entrada. De este modo, asegura la protecci\u00f3n de los dispositivos durante los cortes o fluctuaciones de energ\u00eda y garantiza la continuidad del negocio.   <\/p><h3>\u00bfC\u00f3mo funciona?<\/h3><p>El principio de funcionamiento del SAI Line Interactive incluye los siguientes pasos:<\/p><ol><li><p><strong>Entrada de CA:<\/strong> En funcionamiento normal, el SAI Line Interactive se conecta directamente a la fuente de alimentaci\u00f3n de CA y la electricidad de CA entrante alimenta los dispositivos.<\/p><\/li><li><p><strong>Bater\u00edas recargables:<\/strong> El SAI utiliza la energ\u00eda de las bater\u00edas recargables para alimentar los dispositivos durante los cortes o fluctuaciones de la red el\u00e9ctrica. Tambi\u00e9n almacena en bater\u00edas la energ\u00eda que recibe de la red el\u00e9ctrica. <\/p><\/li><li><p><strong>Inversor y regulador de tensi\u00f3n: <\/strong>El inversor convierte la electricidad de CC de las bater\u00edas en electricidad de CA y la suministra a los dispositivos. El regulador de tensi\u00f3n corrige las fluctuaciones manteniendo constante la tensi\u00f3n de entrada dentro de un rango determinado. <\/p><\/li><li><p><strong>Filtrado: <\/strong>El SAI Line Interactive incluye un sistema de filtrado que suaviza las sobretensiones. Esto garantiza la protecci\u00f3n de los dispositivos y un suministro el\u00e9ctrico seguro. <\/p><\/li><\/ol><h3>Ventajas<\/h3><ol><li><p><strong>Alimentaci\u00f3n ininterrumpida:<\/strong> El SAI Line Interactive alimenta los dispositivos de forma ininterrumpida durante los cortes o fluctuaciones de energ\u00eda. Esto garantiza la continuidad del negocio y evita la p\u00e9rdida de datos. <\/p><\/li><li><p><strong>M\u00e1xima protecci\u00f3n:<\/strong> El SAI Line Interactive proporciona una protecci\u00f3n completa contra cortes de energ\u00eda, fluctuaciones de tensi\u00f3n y otros problemas el\u00e9ctricos. Esto garantiza la seguridad de los sistemas y datos cr\u00edticos. <\/p><\/li><li><p><strong>Amplia \u00e1rea de uso: <\/strong>El SAI Line Interactive es ideal para una amplia gama de aplicaciones, desde usuarios dom\u00e9sticos hasta peque\u00f1as oficinas. Sus potentes prestaciones y caracter\u00edsticas de fiabilidad atraen a una amplia gama de usuarios. <\/p><\/li><\/ol><p>El SAI interactivo de l\u00ednea es una soluci\u00f3n de protecci\u00f3n el\u00e9ctrica potente y fiable. Garantiza la continuidad del negocio al tiempo que protege los dispositivos durante los cortes o fluctuaciones de energ\u00eda. Es una opci\u00f3n ideal para muchos usuarios por su amplia \u00e1rea de uso y sus eficaces principios de funcionamiento. Sin embargo, es importante evaluar cuidadosamente las necesidades para elegir el SAI adecuado.   <\/p><\/div><\/div><\/div><\/div><\/div><\/div><\/div><\/div>\n\t\t\t\t\t<\/div>\n\t\t\t\t\t\t<\/div>\n\t\t\t\t<\/div>\n\t\t\t\t\t<\/div>\n\t\t<\/div>\n\t\t\t\t\t<\/div>\n\t\t<\/section>\n\t\t\t\t<\/div>\n\t\t","protected":false},"excerpt":{"rendered":"<p>SAI interactivo de 1200 VA: soluci\u00f3n de protecci\u00f3n el\u00e9ctrica potente y fiable SAI Interactivo de 1200 VA: Hoy en d\u00eda,<\/p>\n","protected":false},"author":1,"featured_media":0,"parent":0,"menu_order":0,"comment_status":"closed","ping_status":"closed","template":"","meta":{"footnotes":""},"class_list":["post-95584","page","type-page","status-publish","hentry"],"yoast_head":"<!-- This site is optimized with the Yoast SEO Premium plugin v25.8 (Yoast SEO v25.9) - https:\/\/yoast.com\/wordpress\/plugins\/seo\/ -->\n<title>SAI interactivo de 1200 VA - Redsan Store<\/title>\n<meta name=\"description\" content=\"El SAI interactivo de l\u00ednea 1200 VA es una herramienta importante para proteger los equipos electr\u00f3nicos de empresas y particulares y garantizar la continuidad de la actividad.\" \/>\n<meta name=\"robots\" content=\"index, follow, max-snippet:-1, max-image-preview:large, max-video-preview:-1\" \/>\n<link rel=\"canonical\" href=\"https:\/\/redsanstore.com\/es\/sai-interactivo-de-1200-va\/\" \/>\n<meta property=\"og:locale\" content=\"es_ES\" \/>\n<meta property=\"og:type\" content=\"article\" \/>\n<meta property=\"og:title\" content=\"SAI interactivo de 1200 VA\" \/>\n<meta property=\"og:description\" content=\"El SAI interactivo de l\u00ednea 1200 VA es una herramienta importante para proteger los equipos electr\u00f3nicos de empresas y particulares y garantizar la continuidad de la actividad.\" \/>\n<meta property=\"og:url\" content=\"https:\/\/redsanstore.com\/es\/sai-interactivo-de-1200-va\/\" \/>\n<meta property=\"og:site_name\" content=\"Redsan Store\" \/>\n<meta property=\"article:publisher\" content=\"https:\/\/www.facebook.com\/redsanelektronik\" \/>\n<meta property=\"article:modified_time\" content=\"2025-03-04T09:46:35+00:00\" \/>\n<meta property=\"og:image\" content=\"https:\/\/redsanstore.com\/wp-content\/uploads\/2024\/04\/1200-va-line-interaktif-ups.webp\" \/>\n\t<meta property=\"og:image:width\" content=\"1024\" \/>\n\t<meta property=\"og:image:height\" content=\"526\" \/>\n\t<meta property=\"og:image:type\" content=\"image\/webp\" \/>\n<meta name=\"twitter:card\" content=\"summary_large_image\" \/>\n<meta name=\"twitter:label1\" content=\"Tiempo de lectura\" \/>\n\t<meta name=\"twitter:data1\" content=\"3 minutos\" \/>\n<script type=\"application\/ld+json\" class=\"yoast-schema-graph\">{\"@context\":\"https:\/\/schema.org\",\"@graph\":[{\"@type\":\"WebPage\",\"@id\":\"https:\/\/redsanstore.com\/es\/sai-interactivo-de-1200-va\/\",\"url\":\"https:\/\/redsanstore.com\/es\/sai-interactivo-de-1200-va\/\",\"name\":\"SAI interactivo de 1200 VA - Redsan Store\",\"isPartOf\":{\"@id\":\"https:\/\/redsanstore.com\/#website\"},\"primaryImageOfPage\":{\"@id\":\"https:\/\/redsanstore.com\/es\/sai-interactivo-de-1200-va\/#primaryimage\"},\"image\":{\"@id\":\"https:\/\/redsanstore.com\/es\/sai-interactivo-de-1200-va\/#primaryimage\"},\"thumbnailUrl\":\"https:\/\/redsanstore.com\/wp-content\/uploads\/2024\/04\/1200-va-line-interaktif-ups.webp\",\"datePublished\":\"2024-04-03T10:40:17+00:00\",\"dateModified\":\"2025-03-04T09:46:35+00:00\",\"description\":\"El SAI interactivo de l\u00ednea 1200 VA es una herramienta importante para proteger los equipos electr\u00f3nicos de empresas y particulares y garantizar la continuidad de la actividad.\",\"breadcrumb\":{\"@id\":\"https:\/\/redsanstore.com\/es\/sai-interactivo-de-1200-va\/#breadcrumb\"},\"inLanguage\":\"es\",\"potentialAction\":[{\"@type\":\"ReadAction\",\"target\":[\"https:\/\/redsanstore.com\/es\/sai-interactivo-de-1200-va\/\"]}]},{\"@type\":\"ImageObject\",\"inLanguage\":\"es\",\"@id\":\"https:\/\/redsanstore.com\/es\/sai-interactivo-de-1200-va\/#primaryimage\",\"url\":\"https:\/\/redsanstore.com\/wp-content\/uploads\/2024\/04\/1200-va-line-interaktif-ups.webp\",\"contentUrl\":\"https:\/\/redsanstore.com\/wp-content\/uploads\/2024\/04\/1200-va-line-interaktif-ups.webp\"},{\"@type\":\"BreadcrumbList\",\"@id\":\"https:\/\/redsanstore.com\/es\/sai-interactivo-de-1200-va\/#breadcrumb\",\"itemListElement\":[{\"@type\":\"ListItem\",\"position\":1,\"name\":\"Anasayfa\",\"item\":\"https:\/\/redsanstore.com\/fr\/\"},{\"@type\":\"ListItem\",\"position\":2,\"name\":\"SAI interactivo de 1200 VA\"}]},{\"@type\":\"WebSite\",\"@id\":\"https:\/\/redsanstore.com\/#website\",\"url\":\"https:\/\/redsanstore.com\/\",\"name\":\"Redsan Store\",\"description\":\"Redres\u00f6r - Reg\u00fclat\u00f6r - UPS - Ak\u00fc\",\"publisher\":{\"@id\":\"https:\/\/redsanstore.com\/#organization\"},\"alternateName\":\"Redres\u00f6r ve Kesintisiz G\u00fc\u00e7 Kayna\u011f\u0131 Ups\",\"potentialAction\":[{\"@type\":\"SearchAction\",\"target\":{\"@type\":\"EntryPoint\",\"urlTemplate\":\"https:\/\/redsanstore.com\/?s={search_term_string}\"},\"query-input\":{\"@type\":\"PropertyValueSpecification\",\"valueRequired\":true,\"valueName\":\"search_term_string\"}}],\"inLanguage\":\"es\"},{\"@type\":\"Organization\",\"@id\":\"https:\/\/redsanstore.com\/#organization\",\"name\":\"Redsan Store\",\"alternateName\":\"Redres\u00f6r ve Kesintisiz G\u00fc\u00e7 Kayna\u011f\u0131 Ups\",\"url\":\"https:\/\/redsanstore.com\/\",\"logo\":{\"@type\":\"ImageObject\",\"inLanguage\":\"es\",\"@id\":\"https:\/\/redsanstore.com\/#\/schema\/logo\/image\/\",\"url\":\"https:\/\/redsanstore.com\/wp-content\/uploads\/2024\/06\/redresor-ups-site-gorseli.jpg\",\"contentUrl\":\"https:\/\/redsanstore.com\/wp-content\/uploads\/2024\/06\/redresor-ups-site-gorseli.jpg\",\"width\":1200,\"height\":675,\"caption\":\"Redsan Store\"},\"image\":{\"@id\":\"https:\/\/redsanstore.com\/#\/schema\/logo\/image\/\"},\"sameAs\":[\"https:\/\/www.facebook.com\/redsanelektronik\",\"https:\/\/www.instagram.com\/redsanelektronik\/\",\"https:\/\/www.linkedin.com\/company\/redsan-elektronik\/\"]}]}<\/script>\n<!-- \/ Yoast SEO Premium plugin. -->","yoast_head_json":{"title":"SAI interactivo de 1200 VA - Redsan Store","description":"El SAI interactivo de l\u00ednea 1200 VA es una herramienta importante para proteger los equipos electr\u00f3nicos de empresas y particulares y garantizar la continuidad de la actividad.","robots":{"index":"index","follow":"follow","max-snippet":"max-snippet:-1","max-image-preview":"max-image-preview:large","max-video-preview":"max-video-preview:-1"},"canonical":"https:\/\/redsanstore.com\/es\/sai-interactivo-de-1200-va\/","og_locale":"es_ES","og_type":"article","og_title":"SAI interactivo de 1200 VA","og_description":"El SAI interactivo de l\u00ednea 1200 VA es una herramienta importante para proteger los equipos electr\u00f3nicos de empresas y particulares y garantizar la continuidad de la actividad.","og_url":"https:\/\/redsanstore.com\/es\/sai-interactivo-de-1200-va\/","og_site_name":"Redsan Store","article_publisher":"https:\/\/www.facebook.com\/redsanelektronik","article_modified_time":"2025-03-04T09:46:35+00:00","og_image":[{"width":1024,"height":526,"url":"https:\/\/redsanstore.com\/wp-content\/uploads\/2024\/04\/1200-va-line-interaktif-ups.webp","type":"image\/webp"}],"twitter_card":"summary_large_image","twitter_misc":{"Tiempo de lectura":"3 minutos"},"schema":{"@context":"https:\/\/schema.org","@graph":[{"@type":"WebPage","@id":"https:\/\/redsanstore.com\/es\/sai-interactivo-de-1200-va\/","url":"https:\/\/redsanstore.com\/es\/sai-interactivo-de-1200-va\/","name":"SAI interactivo de 1200 VA - Redsan Store","isPartOf":{"@id":"https:\/\/redsanstore.com\/#website"},"primaryImageOfPage":{"@id":"https:\/\/redsanstore.com\/es\/sai-interactivo-de-1200-va\/#primaryimage"},"image":{"@id":"https:\/\/redsanstore.com\/es\/sai-interactivo-de-1200-va\/#primaryimage"},"thumbnailUrl":"https:\/\/redsanstore.com\/wp-content\/uploads\/2024\/04\/1200-va-line-interaktif-ups.webp","datePublished":"2024-04-03T10:40:17+00:00","dateModified":"2025-03-04T09:46:35+00:00","description":"El SAI interactivo de l\u00ednea 1200 VA es una herramienta importante para proteger los equipos electr\u00f3nicos de empresas y particulares y garantizar la continuidad de la actividad.","breadcrumb":{"@id":"https:\/\/redsanstore.com\/es\/sai-interactivo-de-1200-va\/#breadcrumb"},"inLanguage":"es","potentialAction":[{"@type":"ReadAction","target":["https:\/\/redsanstore.com\/es\/sai-interactivo-de-1200-va\/"]}]},{"@type":"ImageObject","inLanguage":"es","@id":"https:\/\/redsanstore.com\/es\/sai-interactivo-de-1200-va\/#primaryimage","url":"https:\/\/redsanstore.com\/wp-content\/uploads\/2024\/04\/1200-va-line-interaktif-ups.webp","contentUrl":"https:\/\/redsanstore.com\/wp-content\/uploads\/2024\/04\/1200-va-line-interaktif-ups.webp"},{"@type":"BreadcrumbList","@id":"https:\/\/redsanstore.com\/es\/sai-interactivo-de-1200-va\/#breadcrumb","itemListElement":[{"@type":"ListItem","position":1,"name":"Anasayfa","item":"https:\/\/redsanstore.com\/fr\/"},{"@type":"ListItem","position":2,"name":"SAI interactivo de 1200 VA"}]},{"@type":"WebSite","@id":"https:\/\/redsanstore.com\/#website","url":"https:\/\/redsanstore.com\/","name":"Redsan Store","description":"Redres\u00f6r - Reg\u00fclat\u00f6r - UPS - Ak\u00fc","publisher":{"@id":"https:\/\/redsanstore.com\/#organization"},"alternateName":"Redres\u00f6r ve Kesintisiz G\u00fc\u00e7 Kayna\u011f\u0131 Ups","potentialAction":[{"@type":"SearchAction","target":{"@type":"EntryPoint","urlTemplate":"https:\/\/redsanstore.com\/?s={search_term_string}"},"query-input":{"@type":"PropertyValueSpecification","valueRequired":true,"valueName":"search_term_string"}}],"inLanguage":"es"},{"@type":"Organization","@id":"https:\/\/redsanstore.com\/#organization","name":"Redsan Store","alternateName":"Redres\u00f6r ve Kesintisiz G\u00fc\u00e7 Kayna\u011f\u0131 Ups","url":"https:\/\/redsanstore.com\/","logo":{"@type":"ImageObject","inLanguage":"es","@id":"https:\/\/redsanstore.com\/#\/schema\/logo\/image\/","url":"https:\/\/redsanstore.com\/wp-content\/uploads\/2024\/06\/redresor-ups-site-gorseli.jpg","contentUrl":"https:\/\/redsanstore.com\/wp-content\/uploads\/2024\/06\/redresor-ups-site-gorseli.jpg","width":1200,"height":675,"caption":"Redsan Store"},"image":{"@id":"https:\/\/redsanstore.com\/#\/schema\/logo\/image\/"},"sameAs":["https:\/\/www.facebook.com\/redsanelektronik","https:\/\/www.instagram.com\/redsanelektronik\/","https:\/\/www.linkedin.com\/company\/redsan-elektronik\/"]}]}},"_links":{"self":[{"href":"https:\/\/redsanstore.com\/es\/wp-json\/wp\/v2\/pages\/95584","targetHints":{"allow":["GET"]}}],"collection":[{"href":"https:\/\/redsanstore.com\/es\/wp-json\/wp\/v2\/pages"}],"about":[{"href":"https:\/\/redsanstore.com\/es\/wp-json\/wp\/v2\/types\/page"}],"author":[{"embeddable":true,"href":"https:\/\/redsanstore.com\/es\/wp-json\/wp\/v2\/users\/1"}],"replies":[{"embeddable":true,"href":"https:\/\/redsanstore.com\/es\/wp-json\/wp\/v2\/comments?post=95584"}],"version-history":[{"count":0,"href":"https:\/\/redsanstore.com\/es\/wp-json\/wp\/v2\/pages\/95584\/revisions"}],"wp:attachment":[{"href":"https:\/\/redsanstore.com\/es\/wp-json\/wp\/v2\/media?parent=95584"}],"curies":[{"name":"wp","href":"https:\/\/api.w.org\/{rel}","templated":true}]}}