{"id":84259,"date":"2022-09-16T13:39:14","date_gmt":"2022-09-16T10:39:14","guid":{"rendered":"https:\/\/redsanstore.com\/texto-aclaratorio-de-kvkk\/"},"modified":"2025-03-05T14:18:30","modified_gmt":"2025-03-05T11:18:30","slug":"texto-aclaratorio-de-kvkk","status":"publish","type":"page","link":"https:\/\/redsanstore.com\/es\/texto-aclaratorio-de-kvkk\/","title":{"rendered":"Texto aclaratorio de KVKK"},"content":{"rendered":"\t\t<div data-elementor-type=\"wp-page\" data-elementor-id=\"84259\" class=\"elementor elementor-84259 elementor-83308\" data-elementor-post-type=\"page\">\n\t\t\t\t\t\t<section class=\"wd-negative-gap elementor-section elementor-top-section elementor-element elementor-element-6f75131 elementor-section-boxed elementor-section-height-default elementor-section-height-default\" data-id=\"6f75131\" data-element_type=\"section\" data-settings=\"{&quot;jet_parallax_layout_list&quot;:[{&quot;jet_parallax_layout_image&quot;:{&quot;url&quot;:&quot;&quot;,&quot;id&quot;:&quot;&quot;,&quot;size&quot;:&quot;&quot;},&quot;_id&quot;:&quot;e294124&quot;,&quot;jet_parallax_layout_image_tablet&quot;:{&quot;url&quot;:&quot;&quot;,&quot;id&quot;:&quot;&quot;,&quot;size&quot;:&quot;&quot;},&quot;jet_parallax_layout_image_mobile&quot;:{&quot;url&quot;:&quot;&quot;,&quot;id&quot;:&quot;&quot;,&quot;size&quot;:&quot;&quot;},&quot;jet_parallax_layout_speed&quot;:{&quot;unit&quot;:&quot;%&quot;,&quot;size&quot;:50,&quot;sizes&quot;:[]},&quot;jet_parallax_layout_type&quot;:&quot;scroll&quot;,&quot;jet_parallax_layout_direction&quot;:&quot;1&quot;,&quot;jet_parallax_layout_fx_direction&quot;:null,&quot;jet_parallax_layout_z_index&quot;:&quot;&quot;,&quot;jet_parallax_layout_bg_x&quot;:50,&quot;jet_parallax_layout_bg_x_tablet&quot;:&quot;&quot;,&quot;jet_parallax_layout_bg_x_mobile&quot;:&quot;&quot;,&quot;jet_parallax_layout_bg_y&quot;:50,&quot;jet_parallax_layout_bg_y_tablet&quot;:&quot;&quot;,&quot;jet_parallax_layout_bg_y_mobile&quot;:&quot;&quot;,&quot;jet_parallax_layout_bg_size&quot;:&quot;auto&quot;,&quot;jet_parallax_layout_bg_size_tablet&quot;:&quot;&quot;,&quot;jet_parallax_layout_bg_size_mobile&quot;:&quot;&quot;,&quot;jet_parallax_layout_animation_prop&quot;:&quot;transform&quot;,&quot;jet_parallax_layout_on&quot;:[&quot;desktop&quot;,&quot;tablet&quot;]}]}\">\n\t\t\t\t\t\t<div class=\"elementor-container elementor-column-gap-default\">\n\t\t\t\t\t<div class=\"elementor-column elementor-col-100 elementor-top-column elementor-element elementor-element-7c5b056\" data-id=\"7c5b056\" data-element_type=\"column\">\n\t\t\t<div class=\"elementor-widget-wrap elementor-element-populated\">\n\t\t\t\t\t\t<div class=\"elementor-element elementor-element-113b6dc wd-width-100 elementor-widget elementor-widget-wd_title\" data-id=\"113b6dc\" data-element_type=\"widget\" data-widget_type=\"wd_title.default\">\n\t\t\t\t<div class=\"elementor-widget-container\">\n\t\t\t\t\t\t\t<div class=\"title-wrapper wd-set-mb reset-last-child wd-title-color-default wd-title-style-default wd-title-size-default text-left\">\n\n\t\t\t\t\t\t\t\t\t\t\t<div class=\"title-subtitle subtitle-color-default subtitle-style-default wd-fontsize-xs\">\n\t\t\t\t\tREDSANSTORE TEXTO ACLARATORIO SOBRE LA LEY DE PROTECCI\u00d3N DE DATOS PERSONALES\t\t\t\t<\/div>\n\t\t\t\n\t\t\t<div class=\"liner-continer\">\n\t\t\t\t<h3 class=\"woodmart-title-container title wd-fontsize-l\">EXPLICACI\u00d3N<br><\/h3> \n\t\t\t\t\t\t\t<\/div>\n\n\t\t\t\t\t\t\t<div class=\"title-after_title reset-last-child wd-fontsize-xs\">\n\t\t\t\t\t<p>10 de la Ley n\u00ba 6698 de Protecci\u00f3n de Datos Personales (\"KVKK\") De conformidad con el art\u00edculo, como tienda Redsan, nosotros, en calidad de \"Controlador de Datos\", le informamos sobre las formas de recopilaci\u00f3n de sus datos personales, las formas de procesamiento, las razones legales para el procesamiento y sus derechos. Controlador de Datos y Representante Los datos personales que le pertenecen, en calidad de \"Controlador de Datos\" por la tienda Redsan, para los fines descritos a continuaci\u00f3n y limitado a estos, de conformidad con el KVKK<br>  De acuerdo con el art\u00edculo 4; podr\u00e1 ser tratada, registrada, almacenada, clasificada, actualizada y revelada\/transferida a terceros de acuerdo con la ley y las normas de honestidad, de forma precisa y actualizada, para fines espec\u00edficos, claros y leg\u00edtimos y en relaci\u00f3n con estos fines, limitados y medidos, y en los casos permitidos por la legislaci\u00f3n y\/o limitados a la finalidad para la que se tratan. Finalidad del tratamiento de los datos personales Nuestra empresa es una organizaci\u00f3n autorizada a partir del 15.09.2022 en el \u00e1mbito de la Ley n\u00ba 6493. Sus datos personales est\u00e1n sujetos a 5. y 6. Se procesa, se registra y se comparte con las instituciones pertinentes a condici\u00f3n de que est\u00e9 \"expresamente estipulado en las leyes\" en el art\u00edculo 6. Sus datos personales, de acuerdo con los principios b\u00e1sicos estipulados en la KVKK; Para llevar a cabo las actividades de nuestra empresa, las relaciones comerciales y los procesos de recursos humanos, para satisfacer las demandas de las personas pertinentes, para presentar los productos y servicios a usted de la manera m\u00e1s adecuada, para continuar con los procesos de comercializaci\u00f3n y t\u00e9cnicos, para hacer la planificaci\u00f3n en los procesos de operaci\u00f3n, para obtener la informaci\u00f3n necesaria en los contratos realizados con el representante, La informaci\u00f3n y los documentos solicitados por el CBRT, el MASAK y las instituciones relacionadas se procesan en el \u00e1mbito de la realizaci\u00f3n de nuestro trabajo para garantizar la seguridad comercial de la empresa, el seguimiento de los procesos legales, el cumplimiento de las obligaciones de almacenamiento de informaci\u00f3n y documentos, la presentaci\u00f3n de informes y el intercambio de informaci\u00f3n, y se almacenan de forma segura en medios f\u00edsicos o electr\u00f3nicos durante un per\u00edodo de tiempo adecuado para el prop\u00f3sito del procesamiento. Transferencia de sus datos personales Sus datos personales tratados por Redsan store de conformidad con la ley; Podr\u00e1n ser transferidos a nuestros socios comerciales, accionistas, instituciones y organizaciones p\u00fablicas autorizadas, personas privadas, personas y organizaciones autorizadas a transferir informaci\u00f3n en el marco de las obligaciones legales y limitaciones legales de conformidad con las disposiciones de la Ley N \u00ba 6493 sobre Sistemas de Pago y Liquidaci\u00f3n de Valores, Servicios de Pago e Instituciones de Dinero Electr\u00f3nico y otras disposiciones de la legislaci\u00f3n con el fin de llevar a cabo nuestras actividades, o a personas u organizaciones permitidas o requeridas por otra legislaci\u00f3n. Sus datos personales; Con el fin de mejorar los servicios que ofrecemos y llevar a cabo nuestras actividades comerciales, sus datos personales; Representantes, direcciones regionales, equipos de ventas, centro de llamadas, instituciones, organizaciones y empresas contratadas, canales sms, sitio web, canales de medios sociales, canales de merchant pos, otros canales a trav\u00e9s de los cuales la empresa se comunica con usted y puede comunicarse con usted en el futuro, etc.<br>  verbalmente, por escrito o electr\u00f3nicamente o por los m\u00e9todos autom\u00e1ticos o no autom\u00e1ticos especificados en la Ley. En este contexto, sus datos personales est\u00e1n sujetos al KVKK 4\/2. mediante la obtenci\u00f3n de un consentimiento expl\u00edcito a la luz de los principios estipulados en el art\u00edculo 5\/2. Art\u00edculo y KVKK 6\/3. En presencia de las situaciones estipuladas en las disposiciones del art\u00edculo, puede ser tratada y transferida sin obtener el consentimiento expl\u00edcito. 11. Sus derechos en virtud del art\u00edculo 11 de la Ley de Protecci\u00f3n de Datos Personales de acuerdo con las disposiciones del Art; <\/p>\t\t\t\t<\/div>\n\t\t\t\t\t<\/div>\n\t\t\t\t\t\t<\/div>\n\t\t\t\t<\/div>\n\t\t\t\t<div class=\"elementor-element elementor-element-b085c37 wd-width-100 elementor-widget elementor-widget-wd_title\" data-id=\"b085c37\" data-element_type=\"widget\" data-widget_type=\"wd_title.default\">\n\t\t\t\t<div class=\"elementor-widget-container\">\n\t\t\t\t\t\t\t<div class=\"title-wrapper wd-set-mb reset-last-child wd-title-color-default wd-title-style-default wd-title-size-default text-left\">\n\n\t\t\t\n\t\t\t<div class=\"liner-continer\">\n\t\t\t\t<h3 class=\"woodmart-title-container title wd-fontsize-l\">ASUNTOS<br><\/h3> \n\t\t\t\t\t\t\t<\/div>\n\n\t\t\t\t\t\t\t<div class=\"title-after_title reset-last-child wd-fontsize-xs\">\n\t\t\t\t\t<p><strong>a)<\/strong> Para saber si sus datos personales son tratados por la empresa, <\/p><p><strong>b) <\/strong>Solicitar informaci\u00f3n si sus datos personales han sido tratados, <\/p><p><strong>c) <\/strong>Conocer la finalidad del tratamiento de sus datos personales y si se utilizan de acuerdo con su finalidad, <\/p><p><strong>\u00e7) <\/strong>Conocer los terceros a los que se transfieren los datos personales en el pa\u00eds o en el extranjero, <\/p><p><strong>d) <\/strong>Solicitar la correcci\u00f3n de los datos personales en caso de tratamiento incompleto o incorrecto, <\/p><p><strong>e)<\/strong> KVKK 7. Solicitar la supresi\u00f3n o destrucci\u00f3n de datos personales en el marco de las condiciones estipuladas en el art\u00edculo, <\/p><p><strong>f)<\/strong> KVKK 11. Art\u00edculo, (d) y Solicitar la notificaci\u00f3n de las operaciones realizadas en virtud de los apartados (e) a los terceros a los que se transfieren los datos personales, <\/p><p><strong>g) <\/strong>Oponerse en caso de que sus datos personales se analicen exclusivamente mediante sistemas automatizados y tengan una consecuencia perjudicial para usted, <\/p><p><strong>h)<\/strong> En caso de que usted sufra alg\u00fan da\u00f1o debido al tratamiento de sus datos personales en violaci\u00f3n de la legislaci\u00f3n pertinente, tiene derecho a exigir la compensaci\u00f3n del da\u00f1o. <\/p>\t\t\t\t<\/div>\n\t\t\t\t\t<\/div>\n\t\t\t\t\t\t<\/div>\n\t\t\t\t<\/div>\n\t\t\t\t<div class=\"elementor-element elementor-element-35ce242 wd-width-100 elementor-widget elementor-widget-wd_title\" data-id=\"35ce242\" data-element_type=\"widget\" data-widget_type=\"wd_title.default\">\n\t\t\t\t<div class=\"elementor-widget-container\">\n\t\t\t\t\t\t\t<div class=\"title-wrapper wd-set-mb reset-last-child wd-title-color-default wd-title-style-default wd-title-size-default text-left\">\n\n\t\t\t\n\t\t\t<div class=\"liner-continer\">\n\t\t\t\t<h3 class=\"woodmart-title-container title wd-fontsize-l\">CONCLUSI\u00d3N<br><\/h3> \n\t\t\t\t\t\t\t<\/div>\n\n\t\t\t\t\t\t\t<div class=\"title-after_title reset-last-child wd-fontsize-xs\">\n\t\t\t\t\t<p>13\/1 de la Ley. De acuerdo con el art\u00edculo, puede presentar su solicitud de ejercicio de los derechos mencionados anteriormente a nuestra empresa rellenando el formulario de solicitud de titularidad de datos y por otros m\u00e9todos estipulados en la legislaci\u00f3n. Dependiendo de la naturaleza de su solicitud, sus solicitudes se finalizar\u00e1n de forma gratuita lo antes posible y en un plazo m\u00e1ximo de 30 (treinta) d\u00edas; no obstante, si la transacci\u00f3n requiere un coste adicional, se le cobrar\u00e1 seg\u00fan la tarifa que determine el Consejo de Protecci\u00f3n de Datos Personales. Puede presentar sus solicitudes a nuestra empresa por escrito y con firma h\u00fameda a la direcci\u00f3n Hara\u00e7\u00e7\u0131 Mahallesi Hara\u00e7\u00e7\u0131-Had\u0131mk\u00f6y Yolu Caddesi No132\/1 Arnavutk\u00f6y\/ISTANBUL con informaci\u00f3n adicional y documentos relacionados con el tema, puede enviarlo a trav\u00e9s de un notario, puede enviarlo a info@redsanstore.com con firma electr\u00f3nica segura\/firma m\u00f3vil o puede enviarlo a la direcci\u00f3n de correo electr\u00f3nico info@redsanstore.com a trav\u00e9s de su direcci\u00f3n de correo electr\u00f3nico registrada en Redsanstore.<\/p>\t\t\t\t<\/div>\n\t\t\t\t\t<\/div>\n\t\t\t\t\t\t<\/div>\n\t\t\t\t<\/div>\n\t\t\t\t\t<\/div>\n\t\t<\/div>\n\t\t\t\t\t<\/div>\n\t\t<\/section>\n\t\t\t\t<\/div>\n\t\t","protected":false},"excerpt":{"rendered":"<p>REDSANSTORE TEXTO ACLARATORIO SOBRE LA LEY DE PROTECCI\u00d3N DE DATOS PERSONALES EXPLICACI\u00d3N 10 de la Ley n\u00ba 6698 de Protecci\u00f3n<\/p>\n","protected":false},"author":1,"featured_media":0,"parent":0,"menu_order":0,"comment_status":"closed","ping_status":"closed","template":"","meta":{"footnotes":""},"class_list":["post-84259","page","type-page","status-publish","hentry"],"yoast_head":"<!-- This site is optimized with the Yoast SEO Premium plugin v25.8 (Yoast SEO v25.9) - https:\/\/yoast.com\/wordpress\/plugins\/seo\/ -->\n<title>Texto aclaratorio de KVKK - Redsan Store<\/title>\n<meta name=\"robots\" content=\"noindex, follow\" \/>\n<meta property=\"og:locale\" content=\"es_ES\" \/>\n<meta property=\"og:type\" content=\"article\" \/>\n<meta property=\"og:title\" content=\"Texto aclaratorio de KVKK\" \/>\n<meta property=\"og:description\" content=\"REDSANSTORE TEXTO ACLARATORIO SOBRE LA LEY DE PROTECCI\u00d3N DE DATOS PERSONALES EXPLICACI\u00d3N 10 de la Ley n\u00ba 6698 de Protecci\u00f3n\" \/>\n<meta property=\"og:url\" content=\"https:\/\/redsanstore.com\/es\/texto-aclaratorio-de-kvkk\/\" \/>\n<meta property=\"og:site_name\" content=\"Redsan Store\" \/>\n<meta property=\"article:publisher\" content=\"https:\/\/www.facebook.com\/redsanelektronik\" \/>\n<meta property=\"article:modified_time\" content=\"2025-03-05T11:18:30+00:00\" \/>\n<meta property=\"og:image\" content=\"https:\/\/redsanstore.com\/wp-content\/uploads\/2024\/06\/redresor-ups-site-gorseli.jpg\" \/>\n\t<meta property=\"og:image:width\" content=\"1200\" \/>\n\t<meta property=\"og:image:height\" content=\"675\" \/>\n\t<meta property=\"og:image:type\" content=\"image\/jpeg\" \/>\n<meta name=\"twitter:card\" content=\"summary_large_image\" \/>\n<meta name=\"twitter:label1\" content=\"Est. reading time\" \/>\n\t<meta name=\"twitter:data1\" content=\"5 minutos\" \/>\n<script type=\"application\/ld+json\" class=\"yoast-schema-graph\">{\"@context\":\"https:\/\/schema.org\",\"@graph\":[{\"@type\":\"WebPage\",\"@id\":\"https:\/\/redsanstore.com\/es\/texto-aclaratorio-de-kvkk\/\",\"url\":\"https:\/\/redsanstore.com\/es\/texto-aclaratorio-de-kvkk\/\",\"name\":\"Texto aclaratorio de KVKK - Redsan Store\",\"isPartOf\":{\"@id\":\"https:\/\/redsanstore.com\/#website\"},\"datePublished\":\"2022-09-16T10:39:14+00:00\",\"dateModified\":\"2025-03-05T11:18:30+00:00\",\"breadcrumb\":{\"@id\":\"https:\/\/redsanstore.com\/es\/texto-aclaratorio-de-kvkk\/#breadcrumb\"},\"inLanguage\":\"es\",\"potentialAction\":[{\"@type\":\"ReadAction\",\"target\":[\"https:\/\/redsanstore.com\/es\/texto-aclaratorio-de-kvkk\/\"]}]},{\"@type\":\"BreadcrumbList\",\"@id\":\"https:\/\/redsanstore.com\/es\/texto-aclaratorio-de-kvkk\/#breadcrumb\",\"itemListElement\":[{\"@type\":\"ListItem\",\"position\":1,\"name\":\"Anasayfa\",\"item\":\"https:\/\/redsanstore.com\/fr\/\"},{\"@type\":\"ListItem\",\"position\":2,\"name\":\"Texto aclaratorio de KVKK\"}]},{\"@type\":\"WebSite\",\"@id\":\"https:\/\/redsanstore.com\/#website\",\"url\":\"https:\/\/redsanstore.com\/\",\"name\":\"Redsan Store\",\"description\":\"Redres\u00f6r - Reg\u00fclat\u00f6r - UPS - Ak\u00fc\",\"publisher\":{\"@id\":\"https:\/\/redsanstore.com\/#organization\"},\"alternateName\":\"Redres\u00f6r ve Kesintisiz G\u00fc\u00e7 Kayna\u011f\u0131 Ups\",\"potentialAction\":[{\"@type\":\"SearchAction\",\"target\":{\"@type\":\"EntryPoint\",\"urlTemplate\":\"https:\/\/redsanstore.com\/?s={search_term_string}\"},\"query-input\":{\"@type\":\"PropertyValueSpecification\",\"valueRequired\":true,\"valueName\":\"search_term_string\"}}],\"inLanguage\":\"es\"},{\"@type\":\"Organization\",\"@id\":\"https:\/\/redsanstore.com\/#organization\",\"name\":\"Redsan Store\",\"alternateName\":\"Redres\u00f6r ve Kesintisiz G\u00fc\u00e7 Kayna\u011f\u0131 Ups\",\"url\":\"https:\/\/redsanstore.com\/\",\"logo\":{\"@type\":\"ImageObject\",\"inLanguage\":\"es\",\"@id\":\"https:\/\/redsanstore.com\/#\/schema\/logo\/image\/\",\"url\":\"https:\/\/redsanstore.com\/wp-content\/uploads\/2024\/06\/redresor-ups-site-gorseli.jpg\",\"contentUrl\":\"https:\/\/redsanstore.com\/wp-content\/uploads\/2024\/06\/redresor-ups-site-gorseli.jpg\",\"width\":1200,\"height\":675,\"caption\":\"Redsan Store\"},\"image\":{\"@id\":\"https:\/\/redsanstore.com\/#\/schema\/logo\/image\/\"},\"sameAs\":[\"https:\/\/www.facebook.com\/redsanelektronik\",\"https:\/\/www.instagram.com\/redsanelektronik\/\",\"https:\/\/www.linkedin.com\/company\/redsan-elektronik\/\"]}]}<\/script>\n<!-- \/ Yoast SEO Premium plugin. -->","yoast_head_json":{"title":"Texto aclaratorio de KVKK - Redsan Store","robots":{"index":"noindex","follow":"follow"},"og_locale":"es_ES","og_type":"article","og_title":"Texto aclaratorio de KVKK","og_description":"REDSANSTORE TEXTO ACLARATORIO SOBRE LA LEY DE PROTECCI\u00d3N DE DATOS PERSONALES EXPLICACI\u00d3N 10 de la Ley n\u00ba 6698 de Protecci\u00f3n","og_url":"https:\/\/redsanstore.com\/es\/texto-aclaratorio-de-kvkk\/","og_site_name":"Redsan Store","article_publisher":"https:\/\/www.facebook.com\/redsanelektronik","article_modified_time":"2025-03-05T11:18:30+00:00","og_image":[{"width":1200,"height":675,"url":"https:\/\/redsanstore.com\/wp-content\/uploads\/2024\/06\/redresor-ups-site-gorseli.jpg","type":"image\/jpeg"}],"twitter_card":"summary_large_image","twitter_misc":{"Est. reading time":"5 minutos"},"schema":{"@context":"https:\/\/schema.org","@graph":[{"@type":"WebPage","@id":"https:\/\/redsanstore.com\/es\/texto-aclaratorio-de-kvkk\/","url":"https:\/\/redsanstore.com\/es\/texto-aclaratorio-de-kvkk\/","name":"Texto aclaratorio de KVKK - Redsan Store","isPartOf":{"@id":"https:\/\/redsanstore.com\/#website"},"datePublished":"2022-09-16T10:39:14+00:00","dateModified":"2025-03-05T11:18:30+00:00","breadcrumb":{"@id":"https:\/\/redsanstore.com\/es\/texto-aclaratorio-de-kvkk\/#breadcrumb"},"inLanguage":"es","potentialAction":[{"@type":"ReadAction","target":["https:\/\/redsanstore.com\/es\/texto-aclaratorio-de-kvkk\/"]}]},{"@type":"BreadcrumbList","@id":"https:\/\/redsanstore.com\/es\/texto-aclaratorio-de-kvkk\/#breadcrumb","itemListElement":[{"@type":"ListItem","position":1,"name":"Anasayfa","item":"https:\/\/redsanstore.com\/fr\/"},{"@type":"ListItem","position":2,"name":"Texto aclaratorio de KVKK"}]},{"@type":"WebSite","@id":"https:\/\/redsanstore.com\/#website","url":"https:\/\/redsanstore.com\/","name":"Redsan Store","description":"Redres\u00f6r - Reg\u00fclat\u00f6r - UPS - Ak\u00fc","publisher":{"@id":"https:\/\/redsanstore.com\/#organization"},"alternateName":"Redres\u00f6r ve Kesintisiz G\u00fc\u00e7 Kayna\u011f\u0131 Ups","potentialAction":[{"@type":"SearchAction","target":{"@type":"EntryPoint","urlTemplate":"https:\/\/redsanstore.com\/?s={search_term_string}"},"query-input":{"@type":"PropertyValueSpecification","valueRequired":true,"valueName":"search_term_string"}}],"inLanguage":"es"},{"@type":"Organization","@id":"https:\/\/redsanstore.com\/#organization","name":"Redsan Store","alternateName":"Redres\u00f6r ve Kesintisiz G\u00fc\u00e7 Kayna\u011f\u0131 Ups","url":"https:\/\/redsanstore.com\/","logo":{"@type":"ImageObject","inLanguage":"es","@id":"https:\/\/redsanstore.com\/#\/schema\/logo\/image\/","url":"https:\/\/redsanstore.com\/wp-content\/uploads\/2024\/06\/redresor-ups-site-gorseli.jpg","contentUrl":"https:\/\/redsanstore.com\/wp-content\/uploads\/2024\/06\/redresor-ups-site-gorseli.jpg","width":1200,"height":675,"caption":"Redsan Store"},"image":{"@id":"https:\/\/redsanstore.com\/#\/schema\/logo\/image\/"},"sameAs":["https:\/\/www.facebook.com\/redsanelektronik","https:\/\/www.instagram.com\/redsanelektronik\/","https:\/\/www.linkedin.com\/company\/redsan-elektronik\/"]}]}},"_links":{"self":[{"href":"https:\/\/redsanstore.com\/es\/wp-json\/wp\/v2\/pages\/84259","targetHints":{"allow":["GET"]}}],"collection":[{"href":"https:\/\/redsanstore.com\/es\/wp-json\/wp\/v2\/pages"}],"about":[{"href":"https:\/\/redsanstore.com\/es\/wp-json\/wp\/v2\/types\/page"}],"author":[{"embeddable":true,"href":"https:\/\/redsanstore.com\/es\/wp-json\/wp\/v2\/users\/1"}],"replies":[{"embeddable":true,"href":"https:\/\/redsanstore.com\/es\/wp-json\/wp\/v2\/comments?post=84259"}],"version-history":[{"count":0,"href":"https:\/\/redsanstore.com\/es\/wp-json\/wp\/v2\/pages\/84259\/revisions"}],"wp:attachment":[{"href":"https:\/\/redsanstore.com\/es\/wp-json\/wp\/v2\/media?parent=84259"}],"curies":[{"name":"wp","href":"https:\/\/api.w.org\/{rel}","templated":true}]}}