{"id":83252,"date":"2020-04-17T02:17:28","date_gmt":"2020-04-16T23:17:28","guid":{"rendered":"https:\/\/redsanstore.com\/sobre-nosotros\/"},"modified":"2025-03-05T12:26:19","modified_gmt":"2025-03-05T09:26:19","slug":"sobre-nosotros","status":"publish","type":"page","link":"https:\/\/redsanstore.com\/es\/sobre-nosotros\/","title":{"rendered":"Sobre nosotros"},"content":{"rendered":"\t\t<div data-elementor-type=\"wp-page\" data-elementor-id=\"83252\" class=\"elementor elementor-83252 elementor-256\" data-elementor-post-type=\"page\">\n\t\t\t\t\t\t<section class=\"wd-negative-gap elementor-section elementor-top-section elementor-element elementor-element-51f3014 elementor-section-boxed elementor-section-height-default elementor-section-height-default\" data-id=\"51f3014\" data-element_type=\"section\" data-settings=\"{&quot;jet_parallax_layout_list&quot;:[]}\">\n\t\t\t\t\t\t<div class=\"elementor-container elementor-column-gap-default\">\n\t\t\t\t\t<div class=\"elementor-column elementor-col-100 elementor-top-column elementor-element elementor-element-88d274d\" data-id=\"88d274d\" data-element_type=\"column\">\n\t\t\t<div class=\"elementor-widget-wrap elementor-element-populated\">\n\t\t\t\t\t\t<div class=\"elementor-element elementor-element-4fd3ea6 elementor-widget elementor-widget-wd_image_or_svg\" data-id=\"4fd3ea6\" data-element_type=\"widget\" data-widget_type=\"wd_image_or_svg.default\">\n\t\t\t\t<div class=\"elementor-widget-container\">\n\t\t\t\t\t\n\t\t<div class=\"wd-image text-center\">\n\t\t\t\t\t\t\t\t<img fetchpriority=\"high\" decoding=\"async\" width=\"2000\" height=\"996\" src=\"https:\/\/redsanstore.com\/wp-content\/uploads\/2024\/01\/redsan.jpg\" class=\"attachment-full size-full\" alt=\"\" srcset=\"https:\/\/redsanstore.com\/wp-content\/uploads\/2024\/01\/redsan.jpg 2000w, https:\/\/redsanstore.com\/wp-content\/uploads\/2024\/01\/redsan-300x149.jpg 300w, https:\/\/redsanstore.com\/wp-content\/uploads\/2024\/01\/redsan-1024x510.jpg 1024w, https:\/\/redsanstore.com\/wp-content\/uploads\/2024\/01\/redsan-768x382.jpg 768w, https:\/\/redsanstore.com\/wp-content\/uploads\/2024\/01\/redsan-1536x765.jpg 1536w, https:\/\/redsanstore.com\/wp-content\/uploads\/2024\/01\/redsan-600x299.jpg 600w, https:\/\/redsanstore.com\/wp-content\/uploads\/2024\/01\/redsan-150x75.jpg 150w\" sizes=\"(max-width: 2000px) 100vw, 2000px\" \/>\t\t\t\t\t<\/div>\n\n\t\t\t\t\t\t<\/div>\n\t\t\t\t<\/div>\n\t\t\t\t\t<\/div>\n\t\t<\/div>\n\t\t\t\t\t<\/div>\n\t\t<\/section>\n\t\t\t\t<section class=\"wd-negative-gap elementor-section elementor-top-section elementor-element elementor-element-dd20026 elementor-section-boxed elementor-section-height-default elementor-section-height-default\" data-id=\"dd20026\" data-element_type=\"section\" data-settings=\"{&quot;jet_parallax_layout_list&quot;:[{&quot;jet_parallax_layout_image&quot;:{&quot;url&quot;:&quot;&quot;,&quot;id&quot;:&quot;&quot;,&quot;size&quot;:&quot;&quot;},&quot;_id&quot;:&quot;d7876dc&quot;,&quot;jet_parallax_layout_image_tablet&quot;:{&quot;url&quot;:&quot;&quot;,&quot;id&quot;:&quot;&quot;,&quot;size&quot;:&quot;&quot;},&quot;jet_parallax_layout_image_mobile&quot;:{&quot;url&quot;:&quot;&quot;,&quot;id&quot;:&quot;&quot;,&quot;size&quot;:&quot;&quot;},&quot;jet_parallax_layout_speed&quot;:{&quot;unit&quot;:&quot;%&quot;,&quot;size&quot;:50,&quot;sizes&quot;:[]},&quot;jet_parallax_layout_type&quot;:&quot;scroll&quot;,&quot;jet_parallax_layout_direction&quot;:&quot;1&quot;,&quot;jet_parallax_layout_fx_direction&quot;:null,&quot;jet_parallax_layout_z_index&quot;:&quot;&quot;,&quot;jet_parallax_layout_bg_x&quot;:50,&quot;jet_parallax_layout_bg_x_tablet&quot;:&quot;&quot;,&quot;jet_parallax_layout_bg_x_mobile&quot;:&quot;&quot;,&quot;jet_parallax_layout_bg_y&quot;:50,&quot;jet_parallax_layout_bg_y_tablet&quot;:&quot;&quot;,&quot;jet_parallax_layout_bg_y_mobile&quot;:&quot;&quot;,&quot;jet_parallax_layout_bg_size&quot;:&quot;auto&quot;,&quot;jet_parallax_layout_bg_size_tablet&quot;:&quot;&quot;,&quot;jet_parallax_layout_bg_size_mobile&quot;:&quot;&quot;,&quot;jet_parallax_layout_animation_prop&quot;:&quot;transform&quot;,&quot;jet_parallax_layout_on&quot;:[&quot;desktop&quot;,&quot;tablet&quot;]}]}\">\n\t\t\t\t\t\t<div class=\"elementor-container elementor-column-gap-default\">\n\t\t\t\t\t<div class=\"elementor-column elementor-col-100 elementor-top-column elementor-element elementor-element-8edbadd\" data-id=\"8edbadd\" data-element_type=\"column\">\n\t\t\t<div class=\"elementor-widget-wrap elementor-element-populated\">\n\t\t\t\t\t\t<div class=\"elementor-element elementor-element-692b3f8 elementor-widget elementor-widget-heading\" data-id=\"692b3f8\" data-element_type=\"widget\" data-widget_type=\"heading.default\">\n\t\t\t\t<div class=\"elementor-widget-container\">\n\t\t\t\t\t<h2 class=\"elementor-heading-title elementor-size-default\">SOBRE NOSOTROS<\/h2>\t\t\t\t<\/div>\n\t\t\t\t<\/div>\n\t\t\t\t<div class=\"elementor-element elementor-element-2f9334f color-scheme-inherit text-left elementor-widget elementor-widget-text-editor\" data-id=\"2f9334f\" data-element_type=\"widget\" data-widget_type=\"text-editor.default\">\n\t\t\t\t<div class=\"elementor-widget-container\">\n\t\t\t\t\t\t\t\t\t<b>Redsan Electronics<\/b> fue creada por empresarios experimentados y con experiencia en el sector durante muchos a\u00f1os con el fin de proporcionar \/ producir soluciones tecnol\u00f3gicas avanzadas. Nuestra diferencia con respecto a nuestros competidores del sector es que contamos con un equipo que sigue constantemente las innovaciones, puede producir soluciones r\u00e1pidas y de calidad a los problemas que encuentra y puede integrar perfectamente su experiencia anterior con las innovaciones.\n\n<p>Redsan Elektronik, que cuenta con amplias instalaciones de producci\u00f3n e I+D, renueva y desarrolla constantemente sus productos. Con nuestro personal t\u00e9cnico experto y el equipo de apoyo post-venta trabajando con el entendimiento de proporcionar un servicio sin problemas y de alta calidad, analizamos las necesidades de nuestros valiosos clientes correctamente y aumentamos la satisfacci\u00f3n del cliente con el descubrimiento correcto cero error y llevamos el servicio y los est\u00e1ndares de calidad a los niveles m\u00e1s altos.<\/p>\t\t\t\t\t\t\t\t<\/div>\n\t\t\t\t<\/div>\n\t\t\t\t\t<\/div>\n\t\t<\/div>\n\t\t\t\t\t<\/div>\n\t\t<\/section>\n\t\t\t\t<section class=\"wd-negative-gap elementor-section elementor-top-section elementor-element elementor-element-2b25102 wd-animation-slide-from-bottom wd-animation-fast elementor-section-boxed elementor-section-height-default elementor-section-height-default wd_delay_100\" data-id=\"2b25102\" data-element_type=\"section\" data-settings=\"{&quot;jet_parallax_layout_list&quot;:[],&quot;animation&quot;:&quot;none&quot;}\">\n\t\t\t\t\t\t<div class=\"elementor-container elementor-column-gap-default\">\n\t\t\t\t\t<div class=\"elementor-column elementor-col-50 elementor-top-column elementor-element elementor-element-74595ca animated-fast\" data-id=\"74595ca\" data-element_type=\"column\" data-settings=\"{&quot;animation&quot;:&quot;none&quot;,&quot;animation_delay&quot;:1000}\">\n\t\t\t<div class=\"elementor-widget-wrap elementor-element-populated\">\n\t\t\t\t\t\t<div class=\"elementor-element elementor-element-42221aa animated-slow wd-width-100 elementor-widget elementor-widget-wd_title\" data-id=\"42221aa\" data-element_type=\"widget\" data-settings=\"{&quot;sticky&quot;:&quot;top&quot;,&quot;_animation&quot;:&quot;none&quot;,&quot;sticky_on&quot;:[&quot;desktop&quot;,&quot;tablet&quot;,&quot;mobile&quot;],&quot;sticky_offset&quot;:0,&quot;sticky_effects_offset&quot;:0,&quot;sticky_anchor_link_offset&quot;:0}\" data-widget_type=\"wd_title.default\">\n\t\t\t\t<div class=\"elementor-widget-container\">\n\t\t\t\t\t\t\t<div class=\"title-wrapper wd-set-mb reset-last-child wd-title-color-default wd-title-style-default wd-title-size-default text-left\">\n\n\t\t\t\n\t\t\t<div class=\"liner-continer\">\n\t\t\t\t<h4 class=\"woodmart-title-container title wd-fontsize-l\">VISI\u00d3N<\/h4> \n\t\t\t\t\t\t\t<\/div>\n\n\t\t\t\t\t\t\t<div class=\"title-after_title reset-last-child wd-fontsize-xs\">\n\t\t\t\t\t<p>Nos hemos convertido en el n\u00famero 1 en t\u00e9rminos de servicios tecnol\u00f3gicos equipados con los requisitos de la \u00e9poca y hemos adquirido todas las perspectivas innovadoras y novedosas para avanzar en este camino, estamos trabajando sin parar para convertirnos en una empresa corporativa.<\/p>\t\t\t\t<\/div>\n\t\t\t\t\t<\/div>\n\t\t\t\t\t\t<\/div>\n\t\t\t\t<\/div>\n\t\t\t\t\t<\/div>\n\t\t<\/div>\n\t\t\t\t<div class=\"elementor-column elementor-col-50 elementor-top-column elementor-element elementor-element-196bfd3\" data-id=\"196bfd3\" data-element_type=\"column\" data-settings=\"{&quot;animation&quot;:&quot;none&quot;}\">\n\t\t\t<div class=\"elementor-widget-wrap elementor-element-populated\">\n\t\t\t\t\t\t<div class=\"elementor-element elementor-element-0d3b921 wd-width-100 elementor-widget elementor-widget-wd_title\" data-id=\"0d3b921\" data-element_type=\"widget\" data-widget_type=\"wd_title.default\">\n\t\t\t\t<div class=\"elementor-widget-container\">\n\t\t\t\t\t\t\t<div class=\"title-wrapper wd-set-mb reset-last-child wd-title-color-default wd-title-style-default wd-title-size-default text-left\">\n\n\t\t\t\n\t\t\t<div class=\"liner-continer\">\n\t\t\t\t<h4 class=\"woodmart-title-container title wd-fontsize-l\">MISI\u00d3N<\/h4> \n\t\t\t\t\t\t\t<\/div>\n\n\t\t\t\t\t\t\t<div class=\"title-after_title reset-last-child wd-fontsize-xs\">\n\t\t\t\t\t<p>Redsan Elektronik es una empresa fiable y en continuo desarrollo que puede utilizar los recursos de forma eficiente con su equipo de trabajo honesto de acuerdo con las leyes y la \u00e9tica empresarial, con alta responsabilidad social y conciencia medioambiental.<\/p><p>Ofrecer productos y servicios que generen valor m\u00e1s all\u00e1 de las expectativas de los clientes es una empresa que avanza r\u00e1pidamente para convertirse en una organizaci\u00f3n ejemplar y pionera en el sector.<\/p>\t\t\t\t<\/div>\n\t\t\t\t\t<\/div>\n\t\t\t\t\t\t<\/div>\n\t\t\t\t<\/div>\n\t\t\t\t\t<\/div>\n\t\t<\/div>\n\t\t\t\t\t<\/div>\n\t\t<\/section>\n\t\t\t\t<section class=\"wd-negative-gap elementor-section elementor-top-section elementor-element elementor-element-95a06b1 wd-animation-slide-from-bottom elementor-section-boxed elementor-section-height-default elementor-section-height-default wd-animation-normal wd_delay_100\" data-id=\"95a06b1\" data-element_type=\"section\" data-settings=\"{&quot;jet_parallax_layout_list&quot;:[]}\">\n\t\t\t\t\t\t<div class=\"elementor-container elementor-column-gap-default\">\n\t\t\t\t\t<div class=\"elementor-column elementor-col-33 elementor-top-column elementor-element elementor-element-892d35d\" data-id=\"892d35d\" data-element_type=\"column\">\n\t\t\t<div class=\"elementor-widget-wrap elementor-element-populated\">\n\t\t\t\t\t\t<div class=\"elementor-element elementor-element-0748366 elementor-position-left elementor-view-default elementor-mobile-position-top elementor-widget elementor-widget-icon-box\" data-id=\"0748366\" data-element_type=\"widget\" data-widget_type=\"icon-box.default\">\n\t\t\t\t<div class=\"elementor-widget-container\">\n\t\t\t\t\t\t\t<div class=\"elementor-icon-box-wrapper\">\n\n\t\t\t\t\t\t<div class=\"elementor-icon-box-icon\">\n\t\t\t\t<span  class=\"elementor-icon\">\n\t\t\t\t<i aria-hidden=\"true\" class=\"icon icon-globe\"><\/i>\t\t\t\t<\/span>\n\t\t\t<\/div>\n\t\t\t\n\t\t\t\t\t\t<div class=\"elementor-icon-box-content\">\n\n\t\t\t\t\t\t\t\t\t<h3 class=\"elementor-icon-box-title\">\n\t\t\t\t\t\t<span  >\n\t\t\t\t\t\t\tPor el camino de la tecnolog\u00eda\t\t\t\t\t\t<\/span>\n\t\t\t\t\t<\/h3>\n\t\t\t\t\n\t\t\t\t\n\t\t\t<\/div>\n\t\t\t\n\t\t<\/div>\n\t\t\t\t\t\t<\/div>\n\t\t\t\t<\/div>\n\t\t\t\t\t<\/div>\n\t\t<\/div>\n\t\t\t\t<div class=\"elementor-column elementor-col-33 elementor-top-column elementor-element elementor-element-fd2e2bc\" data-id=\"fd2e2bc\" data-element_type=\"column\">\n\t\t\t<div class=\"elementor-widget-wrap elementor-element-populated\">\n\t\t\t\t\t\t<div class=\"elementor-element elementor-element-159c4a9 elementor-position-left elementor-view-default elementor-mobile-position-top elementor-widget elementor-widget-icon-box\" data-id=\"159c4a9\" data-element_type=\"widget\" data-widget_type=\"icon-box.default\">\n\t\t\t\t<div class=\"elementor-widget-container\">\n\t\t\t\t\t\t\t<div class=\"elementor-icon-box-wrapper\">\n\n\t\t\t\t\t\t<div class=\"elementor-icon-box-icon\">\n\t\t\t\t<span  class=\"elementor-icon\">\n\t\t\t\t<i aria-hidden=\"true\" class=\"icon icon-home2\"><\/i>\t\t\t\t<\/span>\n\t\t\t<\/div>\n\t\t\t\n\t\t\t\t\t\t<div class=\"elementor-icon-box-content\">\n\n\t\t\t\t\t\t\t\t\t<h3 class=\"elementor-icon-box-title\">\n\t\t\t\t\t\t<span  >\n\t\t\t\t\t\t\t5000m\u00b2 \u00c1rea de producci\u00f3n\t\t\t\t\t\t<\/span>\n\t\t\t\t\t<\/h3>\n\t\t\t\t\n\t\t\t\t\n\t\t\t<\/div>\n\t\t\t\n\t\t<\/div>\n\t\t\t\t\t\t<\/div>\n\t\t\t\t<\/div>\n\t\t\t\t\t<\/div>\n\t\t<\/div>\n\t\t\t\t<div class=\"elementor-column elementor-col-33 elementor-top-column elementor-element elementor-element-d840129\" data-id=\"d840129\" data-element_type=\"column\">\n\t\t\t<div class=\"elementor-widget-wrap elementor-element-populated\">\n\t\t\t\t\t\t<div class=\"elementor-element elementor-element-60356f0 elementor-position-left elementor-view-default elementor-mobile-position-top elementor-widget elementor-widget-icon-box\" data-id=\"60356f0\" data-element_type=\"widget\" data-widget_type=\"icon-box.default\">\n\t\t\t\t<div class=\"elementor-widget-container\">\n\t\t\t\t\t\t\t<div class=\"elementor-icon-box-wrapper\">\n\n\t\t\t\t\t\t<div class=\"elementor-icon-box-icon\">\n\t\t\t\t<span  class=\"elementor-icon\">\n\t\t\t\t<i aria-hidden=\"true\" class=\"icon icon-flag\"><\/i>\t\t\t\t<\/span>\n\t\t\t<\/div>\n\t\t\t\n\t\t\t\t\t\t<div class=\"elementor-icon-box-content\">\n\n\t\t\t\t\t\t\t\t\t<h3 class=\"elementor-icon-box-title\">\n\t\t\t\t\t\t<span  >\n\t\t\t\t\t\t\tSistema sostenible\t\t\t\t\t\t<\/span>\n\t\t\t\t\t<\/h3>\n\t\t\t\t\n\t\t\t\t\n\t\t\t<\/div>\n\t\t\t\n\t\t<\/div>\n\t\t\t\t\t\t<\/div>\n\t\t\t\t<\/div>\n\t\t\t\t\t<\/div>\n\t\t<\/div>\n\t\t\t\t\t<\/div>\n\t\t<\/section>\n\t\t\t\t<\/div>\n\t\t","protected":false},"excerpt":{"rendered":"<p>SOBRE NOSOTROS Redsan Electronics fue creada por empresarios experimentados y con experiencia en el sector durante muchos a\u00f1os con el<\/p>\n","protected":false},"author":1,"featured_media":93343,"parent":0,"menu_order":0,"comment_status":"closed","ping_status":"closed","template":"","meta":{"footnotes":""},"class_list":["post-83252","page","type-page","status-publish","has-post-thumbnail","hentry"],"yoast_head":"<!-- This site is optimized with the Yoast SEO Premium plugin v25.8 (Yoast SEO v25.9) - https:\/\/yoast.com\/wordpress\/plugins\/seo\/ -->\n<title>Sobre nosotros - Redsan Store<\/title>\n<meta name=\"description\" content=\"Como Redsan Store, somos conocidos como un equipo especializado en soluciones energ\u00e9ticas cr\u00edticas como rectificadores, reguladores, bater\u00edas y SAI. Destacamos que nuestros productos est\u00e1n en los est\u00e1ndares internacionales y que seguimos continuamente la tecnolog\u00eda y proporcionar el desarrollo mediante la realizaci\u00f3n de nuestros estudios con nuestros propios ingenieros en nuestro centro de I + D.\" \/>\n<meta name=\"robots\" content=\"index, follow, max-snippet:-1, max-image-preview:large, max-video-preview:-1\" \/>\n<link rel=\"canonical\" href=\"https:\/\/redsanstore.com\/es\/sobre-nosotros\/\" \/>\n<meta property=\"og:locale\" content=\"es_ES\" \/>\n<meta property=\"og:type\" content=\"article\" \/>\n<meta property=\"og:title\" content=\"Sobre nosotros\" \/>\n<meta property=\"og:description\" content=\"Como Redsan Store, somos conocidos como un equipo especializado en soluciones energ\u00e9ticas cr\u00edticas como rectificadores, reguladores, bater\u00edas y SAI. Destacamos que nuestros productos est\u00e1n en los est\u00e1ndares internacionales y que seguimos continuamente la tecnolog\u00eda y proporcionar el desarrollo mediante la realizaci\u00f3n de nuestros estudios con nuestros propios ingenieros en nuestro centro de I + D.\" \/>\n<meta property=\"og:url\" content=\"https:\/\/redsanstore.com\/es\/sobre-nosotros\/\" \/>\n<meta property=\"og:site_name\" content=\"Redsan Store\" \/>\n<meta property=\"article:publisher\" content=\"https:\/\/www.facebook.com\/redsanelektronik\" \/>\n<meta property=\"article:modified_time\" content=\"2025-03-05T09:26:19+00:00\" \/>\n<meta property=\"og:image\" content=\"https:\/\/redsanstore.com\/wp-content\/uploads\/2024\/06\/redsan-store-hakkimizda.jpg\" \/>\n\t<meta property=\"og:image:width\" content=\"500\" \/>\n\t<meta property=\"og:image:height\" content=\"500\" \/>\n\t<meta property=\"og:image:type\" content=\"image\/jpeg\" \/>\n<meta name=\"twitter:card\" content=\"summary_large_image\" \/>\n<meta name=\"twitter:label1\" content=\"Est. reading time\" \/>\n\t<meta name=\"twitter:data1\" content=\"1 minuto\" \/>\n<script type=\"application\/ld+json\" class=\"yoast-schema-graph\">{\"@context\":\"https:\/\/schema.org\",\"@graph\":[{\"@type\":\"WebPage\",\"@id\":\"https:\/\/redsanstore.com\/es\/sobre-nosotros\/\",\"url\":\"https:\/\/redsanstore.com\/es\/sobre-nosotros\/\",\"name\":\"Sobre nosotros - Redsan Store\",\"isPartOf\":{\"@id\":\"https:\/\/redsanstore.com\/#website\"},\"primaryImageOfPage\":{\"@id\":\"https:\/\/redsanstore.com\/es\/sobre-nosotros\/#primaryimage\"},\"image\":{\"@id\":\"https:\/\/redsanstore.com\/es\/sobre-nosotros\/#primaryimage\"},\"thumbnailUrl\":\"https:\/\/redsanstore.com\/wp-content\/uploads\/2024\/06\/redsan-store-hakkimizda.jpg\",\"datePublished\":\"2020-04-16T23:17:28+00:00\",\"dateModified\":\"2025-03-05T09:26:19+00:00\",\"description\":\"Como Redsan Store, somos conocidos como un equipo especializado en soluciones energ\u00e9ticas cr\u00edticas como rectificadores, reguladores, bater\u00edas y SAI. Destacamos que nuestros productos est\u00e1n en los est\u00e1ndares internacionales y que seguimos continuamente la tecnolog\u00eda y proporcionar el desarrollo mediante la realizaci\u00f3n de nuestros estudios con nuestros propios ingenieros en nuestro centro de I + D.\",\"breadcrumb\":{\"@id\":\"https:\/\/redsanstore.com\/es\/sobre-nosotros\/#breadcrumb\"},\"inLanguage\":\"es\",\"potentialAction\":[{\"@type\":\"ReadAction\",\"target\":[\"https:\/\/redsanstore.com\/es\/sobre-nosotros\/\"]}]},{\"@type\":\"ImageObject\",\"inLanguage\":\"es\",\"@id\":\"https:\/\/redsanstore.com\/es\/sobre-nosotros\/#primaryimage\",\"url\":\"https:\/\/redsanstore.com\/wp-content\/uploads\/2024\/06\/redsan-store-hakkimizda.jpg\",\"contentUrl\":\"https:\/\/redsanstore.com\/wp-content\/uploads\/2024\/06\/redsan-store-hakkimizda.jpg\",\"width\":500,\"height\":500},{\"@type\":\"BreadcrumbList\",\"@id\":\"https:\/\/redsanstore.com\/es\/sobre-nosotros\/#breadcrumb\",\"itemListElement\":[{\"@type\":\"ListItem\",\"position\":1,\"name\":\"Anasayfa\",\"item\":\"https:\/\/redsanstore.com\/fr\/\"},{\"@type\":\"ListItem\",\"position\":2,\"name\":\"Sobre nosotros\"}]},{\"@type\":\"WebSite\",\"@id\":\"https:\/\/redsanstore.com\/#website\",\"url\":\"https:\/\/redsanstore.com\/\",\"name\":\"Redsan Store\",\"description\":\"Redres\u00f6r - Reg\u00fclat\u00f6r - UPS - Ak\u00fc\",\"publisher\":{\"@id\":\"https:\/\/redsanstore.com\/#organization\"},\"alternateName\":\"Redres\u00f6r ve Kesintisiz G\u00fc\u00e7 Kayna\u011f\u0131 Ups\",\"potentialAction\":[{\"@type\":\"SearchAction\",\"target\":{\"@type\":\"EntryPoint\",\"urlTemplate\":\"https:\/\/redsanstore.com\/?s={search_term_string}\"},\"query-input\":{\"@type\":\"PropertyValueSpecification\",\"valueRequired\":true,\"valueName\":\"search_term_string\"}}],\"inLanguage\":\"es\"},{\"@type\":\"Organization\",\"@id\":\"https:\/\/redsanstore.com\/#organization\",\"name\":\"Redsan Store\",\"alternateName\":\"Redres\u00f6r ve Kesintisiz G\u00fc\u00e7 Kayna\u011f\u0131 Ups\",\"url\":\"https:\/\/redsanstore.com\/\",\"logo\":{\"@type\":\"ImageObject\",\"inLanguage\":\"es\",\"@id\":\"https:\/\/redsanstore.com\/#\/schema\/logo\/image\/\",\"url\":\"https:\/\/redsanstore.com\/wp-content\/uploads\/2024\/06\/redresor-ups-site-gorseli.jpg\",\"contentUrl\":\"https:\/\/redsanstore.com\/wp-content\/uploads\/2024\/06\/redresor-ups-site-gorseli.jpg\",\"width\":1200,\"height\":675,\"caption\":\"Redsan Store\"},\"image\":{\"@id\":\"https:\/\/redsanstore.com\/#\/schema\/logo\/image\/\"},\"sameAs\":[\"https:\/\/www.facebook.com\/redsanelektronik\",\"https:\/\/www.instagram.com\/redsanelektronik\/\",\"https:\/\/www.linkedin.com\/company\/redsan-elektronik\/\"]}]}<\/script>\n<!-- \/ Yoast SEO Premium plugin. -->","yoast_head_json":{"title":"Sobre nosotros - Redsan Store","description":"Como Redsan Store, somos conocidos como un equipo especializado en soluciones energ\u00e9ticas cr\u00edticas como rectificadores, reguladores, bater\u00edas y SAI. Destacamos que nuestros productos est\u00e1n en los est\u00e1ndares internacionales y que seguimos continuamente la tecnolog\u00eda y proporcionar el desarrollo mediante la realizaci\u00f3n de nuestros estudios con nuestros propios ingenieros en nuestro centro de I + D.","robots":{"index":"index","follow":"follow","max-snippet":"max-snippet:-1","max-image-preview":"max-image-preview:large","max-video-preview":"max-video-preview:-1"},"canonical":"https:\/\/redsanstore.com\/es\/sobre-nosotros\/","og_locale":"es_ES","og_type":"article","og_title":"Sobre nosotros","og_description":"Como Redsan Store, somos conocidos como un equipo especializado en soluciones energ\u00e9ticas cr\u00edticas como rectificadores, reguladores, bater\u00edas y SAI. Destacamos que nuestros productos est\u00e1n en los est\u00e1ndares internacionales y que seguimos continuamente la tecnolog\u00eda y proporcionar el desarrollo mediante la realizaci\u00f3n de nuestros estudios con nuestros propios ingenieros en nuestro centro de I + D.","og_url":"https:\/\/redsanstore.com\/es\/sobre-nosotros\/","og_site_name":"Redsan Store","article_publisher":"https:\/\/www.facebook.com\/redsanelektronik","article_modified_time":"2025-03-05T09:26:19+00:00","og_image":[{"width":500,"height":500,"url":"https:\/\/redsanstore.com\/wp-content\/uploads\/2024\/06\/redsan-store-hakkimizda.jpg","type":"image\/jpeg"}],"twitter_card":"summary_large_image","twitter_misc":{"Est. reading time":"1 minuto"},"schema":{"@context":"https:\/\/schema.org","@graph":[{"@type":"WebPage","@id":"https:\/\/redsanstore.com\/es\/sobre-nosotros\/","url":"https:\/\/redsanstore.com\/es\/sobre-nosotros\/","name":"Sobre nosotros - Redsan Store","isPartOf":{"@id":"https:\/\/redsanstore.com\/#website"},"primaryImageOfPage":{"@id":"https:\/\/redsanstore.com\/es\/sobre-nosotros\/#primaryimage"},"image":{"@id":"https:\/\/redsanstore.com\/es\/sobre-nosotros\/#primaryimage"},"thumbnailUrl":"https:\/\/redsanstore.com\/wp-content\/uploads\/2024\/06\/redsan-store-hakkimizda.jpg","datePublished":"2020-04-16T23:17:28+00:00","dateModified":"2025-03-05T09:26:19+00:00","description":"Como Redsan Store, somos conocidos como un equipo especializado en soluciones energ\u00e9ticas cr\u00edticas como rectificadores, reguladores, bater\u00edas y SAI. Destacamos que nuestros productos est\u00e1n en los est\u00e1ndares internacionales y que seguimos continuamente la tecnolog\u00eda y proporcionar el desarrollo mediante la realizaci\u00f3n de nuestros estudios con nuestros propios ingenieros en nuestro centro de I + D.","breadcrumb":{"@id":"https:\/\/redsanstore.com\/es\/sobre-nosotros\/#breadcrumb"},"inLanguage":"es","potentialAction":[{"@type":"ReadAction","target":["https:\/\/redsanstore.com\/es\/sobre-nosotros\/"]}]},{"@type":"ImageObject","inLanguage":"es","@id":"https:\/\/redsanstore.com\/es\/sobre-nosotros\/#primaryimage","url":"https:\/\/redsanstore.com\/wp-content\/uploads\/2024\/06\/redsan-store-hakkimizda.jpg","contentUrl":"https:\/\/redsanstore.com\/wp-content\/uploads\/2024\/06\/redsan-store-hakkimizda.jpg","width":500,"height":500},{"@type":"BreadcrumbList","@id":"https:\/\/redsanstore.com\/es\/sobre-nosotros\/#breadcrumb","itemListElement":[{"@type":"ListItem","position":1,"name":"Anasayfa","item":"https:\/\/redsanstore.com\/fr\/"},{"@type":"ListItem","position":2,"name":"Sobre nosotros"}]},{"@type":"WebSite","@id":"https:\/\/redsanstore.com\/#website","url":"https:\/\/redsanstore.com\/","name":"Redsan Store","description":"Redres\u00f6r - Reg\u00fclat\u00f6r - UPS - Ak\u00fc","publisher":{"@id":"https:\/\/redsanstore.com\/#organization"},"alternateName":"Redres\u00f6r ve Kesintisiz G\u00fc\u00e7 Kayna\u011f\u0131 Ups","potentialAction":[{"@type":"SearchAction","target":{"@type":"EntryPoint","urlTemplate":"https:\/\/redsanstore.com\/?s={search_term_string}"},"query-input":{"@type":"PropertyValueSpecification","valueRequired":true,"valueName":"search_term_string"}}],"inLanguage":"es"},{"@type":"Organization","@id":"https:\/\/redsanstore.com\/#organization","name":"Redsan Store","alternateName":"Redres\u00f6r ve Kesintisiz G\u00fc\u00e7 Kayna\u011f\u0131 Ups","url":"https:\/\/redsanstore.com\/","logo":{"@type":"ImageObject","inLanguage":"es","@id":"https:\/\/redsanstore.com\/#\/schema\/logo\/image\/","url":"https:\/\/redsanstore.com\/wp-content\/uploads\/2024\/06\/redresor-ups-site-gorseli.jpg","contentUrl":"https:\/\/redsanstore.com\/wp-content\/uploads\/2024\/06\/redresor-ups-site-gorseli.jpg","width":1200,"height":675,"caption":"Redsan Store"},"image":{"@id":"https:\/\/redsanstore.com\/#\/schema\/logo\/image\/"},"sameAs":["https:\/\/www.facebook.com\/redsanelektronik","https:\/\/www.instagram.com\/redsanelektronik\/","https:\/\/www.linkedin.com\/company\/redsan-elektronik\/"]}]}},"_links":{"self":[{"href":"https:\/\/redsanstore.com\/es\/wp-json\/wp\/v2\/pages\/83252","targetHints":{"allow":["GET"]}}],"collection":[{"href":"https:\/\/redsanstore.com\/es\/wp-json\/wp\/v2\/pages"}],"about":[{"href":"https:\/\/redsanstore.com\/es\/wp-json\/wp\/v2\/types\/page"}],"author":[{"embeddable":true,"href":"https:\/\/redsanstore.com\/es\/wp-json\/wp\/v2\/users\/1"}],"replies":[{"embeddable":true,"href":"https:\/\/redsanstore.com\/es\/wp-json\/wp\/v2\/comments?post=83252"}],"version-history":[{"count":0,"href":"https:\/\/redsanstore.com\/es\/wp-json\/wp\/v2\/pages\/83252\/revisions"}],"wp:featuredmedia":[{"embeddable":true,"href":"https:\/\/redsanstore.com\/es\/wp-json\/wp\/v2\/media\/93343"}],"wp:attachment":[{"href":"https:\/\/redsanstore.com\/es\/wp-json\/wp\/v2\/media?parent=83252"}],"curies":[{"name":"wp","href":"https:\/\/api.w.org\/{rel}","templated":true}]}}