{"id":94428,"date":"2024-09-30T14:43:57","date_gmt":"2024-09-30T11:43:57","guid":{"rendered":"https:\/\/redsanstore.com\/?post_type=product&#038;p=94428"},"modified":"2025-09-24T15:29:53","modified_gmt":"2025-09-24T12:29:53","slug":"bar-24v-dc-7-18-ahr-2a-rectifier-2","status":"publish","type":"product","link":"https:\/\/redsanstore.com\/en\/urun\/bar-24v-dc-7-18-ahr-2a-rectifier-2\/","title":{"rendered":"Bar 24V DC (7-18 AHR) 2A RECTIFIER"},"content":{"rendered":"","protected":false},"excerpt":{"rendered":"","protected":false},"featured_media":95139,"comment_status":"open","ping_status":"closed","template":"","meta":[],"product_brand":[],"product_cat":[463,461],"product_tag":[],"class_list":{"0":"post-94428","1":"product","2":"type-product","3":"status-publish","4":"has-post-thumbnail","6":"product_cat-24-vdc-en","7":"product_cat-maintenance-free-battery-rectifier-groups","9":"first","10":"instock","11":"taxable","12":"shipping-taxable","13":"purchasable","14":"product-type-simple"},"yoast_head":"<!-- This site is optimized with the Yoast SEO Premium plugin v25.8 (Yoast SEO v25.9) - https:\/\/yoast.com\/wordpress\/plugins\/seo\/ -->\n<title>Bar 24V DC (7-18 AHR) 2A RECTIFIER - Redsan Store<\/title>\n<meta name=\"robots\" content=\"index, follow, max-snippet:-1, max-image-preview:large, max-video-preview:-1\" \/>\n<link rel=\"canonical\" href=\"https:\/\/redsanstore.com\/urun\/bar-24v-dc-18-ahr-5a-redresor\/\" \/>\n<meta property=\"og:locale\" content=\"en_US\" \/>\n<meta property=\"og:type\" content=\"article\" \/>\n<meta property=\"og:title\" content=\"Bar 24V DC (7-18 AHR) 2A RECTIFIER\" \/>\n<meta property=\"og:url\" content=\"https:\/\/redsanstore.com\/urun\/bar-24v-dc-18-ahr-5a-redresor\/\" \/>\n<meta property=\"og:site_name\" content=\"Redsan Store\" \/>\n<meta property=\"article:publisher\" content=\"https:\/\/www.facebook.com\/redsanelektronik\" \/>\n<meta property=\"article:modified_time\" content=\"2025-09-24T12:29:53+00:00\" \/>\n<meta property=\"og:image\" content=\"https:\/\/redsanstore.com\/wp-content\/uploads\/2024\/09\/Bar-24V-DC-18-AHR-5A-REDRESOR-on.jpg\" \/>\n\t<meta property=\"og:image:width\" content=\"1200\" \/>\n\t<meta property=\"og:image:height\" content=\"1200\" \/>\n\t<meta property=\"og:image:type\" content=\"image\/jpeg\" \/>\n<meta name=\"twitter:card\" content=\"summary_large_image\" \/>\n<meta name=\"twitter:label1\" content=\"Est. reading time\" \/>\n\t<meta name=\"twitter:data1\" content=\"1 minute\" \/>\n<script type=\"application\/ld+json\" class=\"yoast-schema-graph\">{\"@context\":\"https:\/\/schema.org\",\"@graph\":[{\"@type\":\"WebPage\",\"@id\":\"https:\/\/redsanstore.com\/urun\/bar-24v-dc-18-ahr-5a-redresor\/\",\"url\":\"https:\/\/redsanstore.com\/urun\/bar-24v-dc-18-ahr-5a-redresor\/\",\"name\":\"Bar 24V DC (7-18 AHR) 2A RECTIFIER - Redsan Store\",\"isPartOf\":{\"@id\":\"https:\/\/redsanstore.com\/#website\"},\"primaryImageOfPage\":{\"@id\":\"https:\/\/redsanstore.com\/urun\/bar-24v-dc-18-ahr-5a-redresor\/#primaryimage\"},\"image\":{\"@id\":\"https:\/\/redsanstore.com\/urun\/bar-24v-dc-18-ahr-5a-redresor\/#primaryimage\"},\"thumbnailUrl\":\"https:\/\/redsanstore.com\/wp-content\/uploads\/2024\/09\/Bar-24V-DC-18-AHR-5A-REDRESOR-on.jpg\",\"datePublished\":\"2024-09-30T11:43:57+00:00\",\"dateModified\":\"2025-09-24T12:29:53+00:00\",\"breadcrumb\":{\"@id\":\"https:\/\/redsanstore.com\/urun\/bar-24v-dc-18-ahr-5a-redresor\/#breadcrumb\"},\"inLanguage\":\"en-US\",\"potentialAction\":[{\"@type\":\"ReadAction\",\"target\":[\"https:\/\/redsanstore.com\/urun\/bar-24v-dc-18-ahr-5a-redresor\/\"]}]},{\"@type\":\"ImageObject\",\"inLanguage\":\"en-US\",\"@id\":\"https:\/\/redsanstore.com\/urun\/bar-24v-dc-18-ahr-5a-redresor\/#primaryimage\",\"url\":\"https:\/\/redsanstore.com\/wp-content\/uploads\/2024\/09\/Bar-24V-DC-18-AHR-5A-REDRESOR-on.jpg\",\"contentUrl\":\"https:\/\/redsanstore.com\/wp-content\/uploads\/2024\/09\/Bar-24V-DC-18-AHR-5A-REDRESOR-on.jpg\",\"width\":1200,\"height\":1200},{\"@type\":\"BreadcrumbList\",\"@id\":\"https:\/\/redsanstore.com\/urun\/bar-24v-dc-18-ahr-5a-redresor\/#breadcrumb\",\"itemListElement\":[{\"@type\":\"ListItem\",\"position\":1,\"name\":\"Anasayfa\",\"item\":\"https:\/\/redsanstore.com\/fr\/\"},{\"@type\":\"ListItem\",\"position\":2,\"name\":\"Store\",\"item\":\"https:\/\/redsanstore.com\/en\/store\/\"},{\"@type\":\"ListItem\",\"position\":3,\"name\":\"Bar 24V DC (7-18 AHR) 2A RECTIFIER\"}]},{\"@type\":\"WebSite\",\"@id\":\"https:\/\/redsanstore.com\/#website\",\"url\":\"https:\/\/redsanstore.com\/\",\"name\":\"Redsan Store\",\"description\":\"Redres\u00f6r - Reg\u00fclat\u00f6r - UPS - Ak\u00fc\",\"publisher\":{\"@id\":\"https:\/\/redsanstore.com\/#organization\"},\"alternateName\":\"Redres\u00f6r ve Kesintisiz G\u00fc\u00e7 Kayna\u011f\u0131 Ups\",\"potentialAction\":[{\"@type\":\"SearchAction\",\"target\":{\"@type\":\"EntryPoint\",\"urlTemplate\":\"https:\/\/redsanstore.com\/?s={search_term_string}\"},\"query-input\":{\"@type\":\"PropertyValueSpecification\",\"valueRequired\":true,\"valueName\":\"search_term_string\"}}],\"inLanguage\":\"en-US\"},{\"@type\":\"Organization\",\"@id\":\"https:\/\/redsanstore.com\/#organization\",\"name\":\"Redsan Store\",\"alternateName\":\"Redres\u00f6r ve Kesintisiz G\u00fc\u00e7 Kayna\u011f\u0131 Ups\",\"url\":\"https:\/\/redsanstore.com\/\",\"logo\":{\"@type\":\"ImageObject\",\"inLanguage\":\"en-US\",\"@id\":\"https:\/\/redsanstore.com\/#\/schema\/logo\/image\/\",\"url\":\"https:\/\/redsanstore.com\/wp-content\/uploads\/2024\/06\/redresor-ups-site-gorseli.jpg\",\"contentUrl\":\"https:\/\/redsanstore.com\/wp-content\/uploads\/2024\/06\/redresor-ups-site-gorseli.jpg\",\"width\":1200,\"height\":675,\"caption\":\"Redsan Store\"},\"image\":{\"@id\":\"https:\/\/redsanstore.com\/#\/schema\/logo\/image\/\"},\"sameAs\":[\"https:\/\/www.facebook.com\/redsanelektronik\",\"https:\/\/www.instagram.com\/redsanelektronik\/\",\"https:\/\/www.linkedin.com\/company\/redsan-elektronik\/\"]}]}<\/script>\n<!-- \/ Yoast SEO Premium plugin. -->","yoast_head_json":{"title":"Bar 24V DC (7-18 AHR) 2A RECTIFIER - Redsan Store","robots":{"index":"index","follow":"follow","max-snippet":"max-snippet:-1","max-image-preview":"max-image-preview:large","max-video-preview":"max-video-preview:-1"},"canonical":"https:\/\/redsanstore.com\/urun\/bar-24v-dc-18-ahr-5a-redresor\/","og_locale":"en_US","og_type":"article","og_title":"Bar 24V DC (7-18 AHR) 2A RECTIFIER","og_url":"https:\/\/redsanstore.com\/urun\/bar-24v-dc-18-ahr-5a-redresor\/","og_site_name":"Redsan Store","article_publisher":"https:\/\/www.facebook.com\/redsanelektronik","article_modified_time":"2025-09-24T12:29:53+00:00","og_image":[{"width":1200,"height":1200,"url":"https:\/\/redsanstore.com\/wp-content\/uploads\/2024\/09\/Bar-24V-DC-18-AHR-5A-REDRESOR-on.jpg","type":"image\/jpeg"}],"twitter_card":"summary_large_image","twitter_misc":{"Est. reading time":"1 minute"},"schema":{"@context":"https:\/\/schema.org","@graph":[{"@type":"WebPage","@id":"https:\/\/redsanstore.com\/urun\/bar-24v-dc-18-ahr-5a-redresor\/","url":"https:\/\/redsanstore.com\/urun\/bar-24v-dc-18-ahr-5a-redresor\/","name":"Bar 24V DC (7-18 AHR) 2A RECTIFIER - Redsan Store","isPartOf":{"@id":"https:\/\/redsanstore.com\/#website"},"primaryImageOfPage":{"@id":"https:\/\/redsanstore.com\/urun\/bar-24v-dc-18-ahr-5a-redresor\/#primaryimage"},"image":{"@id":"https:\/\/redsanstore.com\/urun\/bar-24v-dc-18-ahr-5a-redresor\/#primaryimage"},"thumbnailUrl":"https:\/\/redsanstore.com\/wp-content\/uploads\/2024\/09\/Bar-24V-DC-18-AHR-5A-REDRESOR-on.jpg","datePublished":"2024-09-30T11:43:57+00:00","dateModified":"2025-09-24T12:29:53+00:00","breadcrumb":{"@id":"https:\/\/redsanstore.com\/urun\/bar-24v-dc-18-ahr-5a-redresor\/#breadcrumb"},"inLanguage":"en-US","potentialAction":[{"@type":"ReadAction","target":["https:\/\/redsanstore.com\/urun\/bar-24v-dc-18-ahr-5a-redresor\/"]}]},{"@type":"ImageObject","inLanguage":"en-US","@id":"https:\/\/redsanstore.com\/urun\/bar-24v-dc-18-ahr-5a-redresor\/#primaryimage","url":"https:\/\/redsanstore.com\/wp-content\/uploads\/2024\/09\/Bar-24V-DC-18-AHR-5A-REDRESOR-on.jpg","contentUrl":"https:\/\/redsanstore.com\/wp-content\/uploads\/2024\/09\/Bar-24V-DC-18-AHR-5A-REDRESOR-on.jpg","width":1200,"height":1200},{"@type":"BreadcrumbList","@id":"https:\/\/redsanstore.com\/urun\/bar-24v-dc-18-ahr-5a-redresor\/#breadcrumb","itemListElement":[{"@type":"ListItem","position":1,"name":"Anasayfa","item":"https:\/\/redsanstore.com\/fr\/"},{"@type":"ListItem","position":2,"name":"Store","item":"https:\/\/redsanstore.com\/en\/store\/"},{"@type":"ListItem","position":3,"name":"Bar 24V DC (7-18 AHR) 2A RECTIFIER"}]},{"@type":"WebSite","@id":"https:\/\/redsanstore.com\/#website","url":"https:\/\/redsanstore.com\/","name":"Redsan Store","description":"Redres\u00f6r - Reg\u00fclat\u00f6r - UPS - Ak\u00fc","publisher":{"@id":"https:\/\/redsanstore.com\/#organization"},"alternateName":"Redres\u00f6r ve Kesintisiz G\u00fc\u00e7 Kayna\u011f\u0131 Ups","potentialAction":[{"@type":"SearchAction","target":{"@type":"EntryPoint","urlTemplate":"https:\/\/redsanstore.com\/?s={search_term_string}"},"query-input":{"@type":"PropertyValueSpecification","valueRequired":true,"valueName":"search_term_string"}}],"inLanguage":"en-US"},{"@type":"Organization","@id":"https:\/\/redsanstore.com\/#organization","name":"Redsan Store","alternateName":"Redres\u00f6r ve Kesintisiz G\u00fc\u00e7 Kayna\u011f\u0131 Ups","url":"https:\/\/redsanstore.com\/","logo":{"@type":"ImageObject","inLanguage":"en-US","@id":"https:\/\/redsanstore.com\/#\/schema\/logo\/image\/","url":"https:\/\/redsanstore.com\/wp-content\/uploads\/2024\/06\/redresor-ups-site-gorseli.jpg","contentUrl":"https:\/\/redsanstore.com\/wp-content\/uploads\/2024\/06\/redresor-ups-site-gorseli.jpg","width":1200,"height":675,"caption":"Redsan Store"},"image":{"@id":"https:\/\/redsanstore.com\/#\/schema\/logo\/image\/"},"sameAs":["https:\/\/www.facebook.com\/redsanelektronik","https:\/\/www.instagram.com\/redsanelektronik\/","https:\/\/www.linkedin.com\/company\/redsan-elektronik\/"]}]}},"_links":{"self":[{"href":"https:\/\/redsanstore.com\/en\/wp-json\/wp\/v2\/product\/94428","targetHints":{"allow":["GET"]}}],"collection":[{"href":"https:\/\/redsanstore.com\/en\/wp-json\/wp\/v2\/product"}],"about":[{"href":"https:\/\/redsanstore.com\/en\/wp-json\/wp\/v2\/types\/product"}],"replies":[{"embeddable":true,"href":"https:\/\/redsanstore.com\/en\/wp-json\/wp\/v2\/comments?post=94428"}],"version-history":[{"count":2,"href":"https:\/\/redsanstore.com\/en\/wp-json\/wp\/v2\/product\/94428\/revisions"}],"predecessor-version":[{"id":100014,"href":"https:\/\/redsanstore.com\/en\/wp-json\/wp\/v2\/product\/94428\/revisions\/100014"}],"wp:featuredmedia":[{"embeddable":true,"href":"https:\/\/redsanstore.com\/en\/wp-json\/wp\/v2\/media\/95139"}],"wp:attachment":[{"href":"https:\/\/redsanstore.com\/en\/wp-json\/wp\/v2\/media?parent=94428"}],"wp:term":[{"taxonomy":"product_brand","embeddable":true,"href":"https:\/\/redsanstore.com\/en\/wp-json\/wp\/v2\/product_brand?post=94428"},{"taxonomy":"product_cat","embeddable":true,"href":"https:\/\/redsanstore.com\/en\/wp-json\/wp\/v2\/product_cat?post=94428"},{"taxonomy":"product_tag","embeddable":true,"href":"https:\/\/redsanstore.com\/en\/wp-json\/wp\/v2\/product_tag?post=94428"}],"curies":[{"name":"wp","href":"https:\/\/api.w.org\/{rel}","templated":true}]}}