{"id":85455,"date":"2022-09-19T17:17:25","date_gmt":"2022-09-19T14:17:25","guid":{"rendered":"https:\/\/redsanstore.com\/urun\/800-va-line-interactive-ups\/"},"modified":"2026-02-27T12:35:00","modified_gmt":"2026-02-27T09:35:00","slug":"800-va-line-interactive-ups","status":"publish","type":"product","link":"https:\/\/redsanstore.com\/en\/urun\/800-va-line-interactive-ups\/","title":{"rendered":"800 VA LINE INTERACTIVE UPS"},"content":{"rendered":"\n<table id=\"tablepress-34\" class=\"tablepress tablepress-id-34 tbody-has-connected-cells\">\n<tbody class=\"row-striping row-hover\">\n<tr class=\"row-1\">\n\t<td class=\"column-1\"><a href=\"#\">Katalog \u0130ndir<\/a><\/td><td class=\"column-2\"><\/td>\n<\/tr>\n<tr class=\"row-2\">\n\t<td colspan=\"2\" class=\"column-1\"><strong>800 VA LINE INTERACTIVE UPS<\/strong><\/td>\n<\/tr>\n<tr class=\"row-3\">\n\t<td class=\"column-1\">Kapasite<\/td><td class=\"column-2\">: 800 VA 480 W<\/td>\n<\/tr>\n<tr class=\"row-4\">\n\t<td class=\"column-1\"><strong>G\u0130R\u0130\u015e<\/strong><\/td><td class=\"column-2\"><\/td>\n<\/tr>\n<tr class=\"row-5\">\n\t<td class=\"column-1\">Voltaj<\/td><td class=\"column-2\">: 100 \/ 110 \/ 120 V: 80 ~ 150 Vac; 220 \/ 230 \/ 240 V: 162 ~ 295 Vac (145 ~ 295 VAC Opsiyonel)<\/td>\n<\/tr>\n<tr class=\"row-6\">\n\t<td class=\"column-1\">Frekans<\/td><td class=\"column-2\">: 50 \/ 60 Hz \u00b1 10% (otomatik alg\u0131lama)<\/td>\n<\/tr>\n<tr class=\"row-7\">\n\t<td class=\"column-1\"><strong>\u00c7IKI\u015e<\/strong><\/td><td class=\"column-2\"><\/td>\n<\/tr>\n<tr class=\"row-8\">\n\t<td class=\"column-1\">Voltaj<\/td><td class=\"column-2\">: 100 \/ 110 \/ 120 Vac \u00b1 10% or 220 \/ 230 \/ 240 Vac \u00b1 10%<\/td>\n<\/tr>\n<tr class=\"row-9\">\n\t<td class=\"column-1\">Frekans<\/td><td class=\"column-2\">: 50 \/ 60 Hz \u00b1 1% (otomatik alg\u0131lama)<\/td>\n<\/tr>\n<tr class=\"row-10\">\n\t<td class=\"column-1\">Dalga Bi\u00e7imi<\/td><td class=\"column-2\">: \u015eebeke modu: saf sin\u00fcs dalgas\u0131; Pil modu: sim\u00fcle edilmi\u015f sin\u00fcs dalgas\u0131<\/td>\n<\/tr>\n<tr class=\"row-11\">\n\t<td class=\"column-1\">Transfer S\u00fcresi<\/td><td class=\"column-2\">: Karakteristik 8 ms, 10 ms max.<\/td>\n<\/tr>\n<tr class=\"row-12\">\n\t<td class=\"column-1\"><strong>AK\u00dc<\/strong><\/td><td class=\"column-2\"><\/td>\n<\/tr>\n<tr class=\"row-13\">\n\t<td class=\"column-1\">DC VoltaJ<\/td><td class=\"column-2\">: 12 V<\/td>\n<\/tr>\n<tr class=\"row-14\">\n\t<td class=\"column-1\">Konfig\u00fcrasyon<\/td><td class=\"column-2\">: 12 V \/ 8.0 Ah \u00d7 1<\/td>\n<\/tr>\n<tr class=\"row-15\">\n\t<td class=\"column-1\">\u015earj S\u00fcresi<\/td><td class=\"column-2\">: 6 ~ 8 h<\/td>\n<\/tr>\n<tr class=\"row-16\">\n\t<td class=\"column-1\"><strong>D\u0130\u011eER<\/strong><\/td><td class=\"column-2\"><\/td>\n<\/tr>\n<tr class=\"row-17\">\n\t<td class=\"column-1\">Koruma<\/td><td class=\"column-2\">: K\u0131sa Devre- Ak\u00fc A\u015f\u0131r\u0131 \u015earj- A\u015f\u0131r\u0131 De\u015farj- A\u015f\u0131r\u0131 Y\u00fck<\/td>\n<\/tr>\n<tr class=\"row-18\">\n\t<td class=\"column-1\">Ba\u011flant\u0131lar<\/td><td class=\"column-2\">: USB \/ RS232\u00a0 (opsiyonel)<\/td>\n<\/tr>\n<tr class=\"row-19\">\n\t<td class=\"column-1\">Nem Aral\u0131\u011f\u0131<\/td><td class=\"column-2\">: 20 ~ 90% RH @ 0 ~ 40\u2103<\/td>\n<\/tr>\n<tr class=\"row-20\">\n\t<td class=\"column-1\">G\u00fcr\u00fclt\u00fc Seviyesi<\/td><td class=\"column-2\">: \u2264 45 dB (1 m)<\/td>\n<\/tr>\n<\/tbody>\n<\/table>\n<!-- #tablepress-34 from cache -->\n<h2 style=\"color: #8b2533;\"><strong>What is an 800 VA Line-Interactive UPS?<\/strong><\/h2>\n<p>The 800 VA Line-Interactive UPS is an economical yet effective power protection solution designed for home users, small offices and basic business applications. Line-Interactive technology automatically detects and regulates fluctuations in mains voltage and provides battery backup to connected devices during short power outages. This protects your devices, prevents data loss and ensures operational continuity.  <\/p>\n<p>This type of UPS offers effective protection against daily voltage fluctuations while standing out as a more cost-effective solution compared to online UPS systems.<\/p>\n<h2 style=\"color: #8b2533;\"><strong>Technical Specifications<\/strong><\/h2>\n<ul>\n<li><strong>Power Capacity:<\/strong> 800 VA \/ Approximately 480 \u2013 600 W<\/li>\n<li><strong>Line-Interactive Technology:<\/strong> Voltage regulation and battery backup during short power outages<\/li>\n<li><strong>Output Waveform:<\/strong> Simulated sine or pure sine (depending on model specifications)<\/li>\n<li>Input Voltage Tolerance: Stable operation against mains fluctuations.<\/li>\n<li><strong>Battery:<\/strong> Maintenance-free dry cell battery<\/li>\n<li><strong>Indicator:<\/strong> Monitoring of battery and load status via LED or LCD panel<\/li>\n<li><strong>Connection:<\/strong> USB or RS232 port (on some models)<\/li>\n<\/ul>\n<h2 style=\"color: #8b2533;\"><strong>Advantages of Line-Interactive UPS Technology<\/strong><\/h2>\n<p>Line-interactive UPSs automatically regulate voltage by detecting sudden upward or downward fluctuations in mains voltage. This feature extends the lifespan of connected devices, increases energy efficiency and improves power quality. <\/p>\n<p>With a capacity of 800 VA, it provides sufficient power for devices such as modems, routers, desktop computers, laptops, small security systems and peripherals. Thanks to battery backup during power outages, your systems can be shut down safely without shutting down. <\/p>\n<h2 style=\"color: #8b2533;\"><strong>Which Devices is it Suitable for?<\/strong><\/h2>\n<ul>\n<li>Computers and laptops<\/li>\n<li>Modems and routers<\/li>\n<li>Small printers and scanners<\/li>\n<li>Point of sale and small office equipment<\/li>\n<li>Small security cameras<\/li>\n<li>Home entertainment systems<\/li>\n<\/ul>\n<h2 style=\"color: #8b2533;\"><strong>Benefits Provided by an 800 VA UPS<\/strong><\/h2>\n<ul>\n<li><strong>Data Security:<\/strong> Helps you shut down your system in a controlled manner during power outages and prevents data loss.<\/li>\n<li><strong>Power Protection:<\/strong> Protects your devices against voltage fluctuations and maintains their stable performance.<\/li>\n<li><strong>Ease of Use:<\/strong> With its plug-and-play design, installation and use are quite simple.<\/li>\n<li><strong>Economical Solution:<\/strong> Provides cost-effective power protection for small businesses and home users.<\/li>\n<\/ul>\n<h2 style=\"color: #8b2533;\"><strong>Ease of Installation and Use<\/strong><\/h2>\n<p>The 800 VA Line-Interactive UPS can be easily placed on a desk or in technical areas thanks to its compact and lightweight design. Its user-friendly structure and plug-and-play feature enable quick installation. Battery status, load level and possible warnings can be easily monitored via the LED or LCD panel.  <\/p>\n<p>Some models feature USB or RS232 connectivity. This connection enables the UPS status to be monitored via a computer and allows the automatic safe shutdown function to be actively used in response to power events. <\/p>\n<h2 style=\"color: #8b2533;\"><strong>Why should you choose an 800 VA Line-Interactive UPS?<\/strong><\/h2>\n<p>Power surges, brief outages and grid issues can cause device malfunctions, data loss and disruptions to business continuity. The 800 VA Line-Interactive UPS is an ideal power supply solution for home office users, small businesses and basic office equipment, offering affordability, reliable performance and effective protection features. <\/p>\n<p>This UPS protects your devices and allows you to continue working without interruption during short power outages. Its simple installation and practical use make it an easy choice for everyone. <\/p>\n","protected":false},"excerpt":{"rendered":"<p><a href=\"https:\/\/redsanstore.com\/wp-content\/uploads\/2022\/09\/Varlik-1.png\"><img decoding=\"async\" class=\"wp-image-93650 alignnone\" src=\"https:\/\/redsanstore.com\/wp-content\/uploads\/2022\/09\/Varlik-1.png\" alt=\"\" width=\"209\" height=\"37\" srcset=\"https:\/\/redsanstore.com\/wp-content\/uploads\/2022\/09\/Varlik-1.png 361w, https:\/\/redsanstore.com\/wp-content\/uploads\/2022\/09\/Varlik-1-300x53.png 300w, https:\/\/redsanstore.com\/wp-content\/uploads\/2022\/09\/Varlik-1-150x27.png 150w\" sizes=\"(max-width: 209px) 100vw, 209px\" \/><\/a><\/p>\n<div class=\"woocommerce-product-details__short-description\">\n<p>The product will be dispatched within 1-3 working days.<\/p>\n<\/div>\n","protected":false},"featured_media":84585,"comment_status":"open","ping_status":"closed","template":"","meta":[],"product_brand":[],"product_cat":[469],"product_tag":[],"class_list":{"0":"post-85455","1":"product","2":"type-product","3":"status-publish","4":"has-post-thumbnail","6":"product_cat-line-interactive-400-2000-kva-ups","8":"first","9":"outofstock","10":"taxable","11":"shipping-taxable","12":"purchasable","13":"product-type-simple"},"yoast_head":"<!-- This site is optimized with the Yoast SEO Premium plugin v25.8 (Yoast SEO v25.9) - https:\/\/yoast.com\/wordpress\/plugins\/seo\/ -->\n<title>800 VA LINE INTERACTIVE UPS - Redsan Store<\/title>\n<meta name=\"robots\" content=\"index, follow, max-snippet:-1, max-image-preview:large, max-video-preview:-1\" \/>\n<link rel=\"canonical\" href=\"https:\/\/redsanstore.com\/en\/urun\/800-va-line-interactive-ups\/\" \/>\n<meta property=\"og:locale\" content=\"en_US\" \/>\n<meta property=\"og:type\" content=\"article\" \/>\n<meta property=\"og:title\" content=\"800 VA LINE INTERACTIVE UPS\" \/>\n<meta property=\"og:description\" content=\"The product will be dispatched within 1-3 working days.\" \/>\n<meta property=\"og:url\" content=\"https:\/\/redsanstore.com\/en\/urun\/800-va-line-interactive-ups\/\" \/>\n<meta property=\"og:site_name\" content=\"Redsan Store\" \/>\n<meta property=\"article:publisher\" content=\"https:\/\/www.facebook.com\/redsanelektronik\" \/>\n<meta property=\"article:modified_time\" content=\"2026-02-27T09:35:00+00:00\" \/>\n<meta property=\"og:image\" content=\"https:\/\/redsanstore.com\/wp-content\/uploads\/2022\/09\/400-800-600.jpg\" \/>\n\t<meta property=\"og:image:width\" content=\"1440\" \/>\n\t<meta property=\"og:image:height\" content=\"1080\" \/>\n\t<meta property=\"og:image:type\" content=\"image\/jpeg\" \/>\n<meta name=\"twitter:card\" content=\"summary_large_image\" \/>\n<meta name=\"twitter:label1\" content=\"Est. reading time\" \/>\n\t<meta name=\"twitter:data1\" content=\"1 minute\" \/>\n<script type=\"application\/ld+json\" class=\"yoast-schema-graph\">{\"@context\":\"https:\/\/schema.org\",\"@graph\":[{\"@type\":\"WebPage\",\"@id\":\"https:\/\/redsanstore.com\/en\/urun\/800-va-line-interactive-ups\/\",\"url\":\"https:\/\/redsanstore.com\/en\/urun\/800-va-line-interactive-ups\/\",\"name\":\"800 VA LINE INTERACTIVE UPS - Redsan Store\",\"isPartOf\":{\"@id\":\"https:\/\/redsanstore.com\/#website\"},\"primaryImageOfPage\":{\"@id\":\"https:\/\/redsanstore.com\/en\/urun\/800-va-line-interactive-ups\/#primaryimage\"},\"image\":{\"@id\":\"https:\/\/redsanstore.com\/en\/urun\/800-va-line-interactive-ups\/#primaryimage\"},\"thumbnailUrl\":\"https:\/\/redsanstore.com\/wp-content\/uploads\/2022\/09\/400-800-600.jpg\",\"datePublished\":\"2022-09-19T14:17:25+00:00\",\"dateModified\":\"2026-02-27T09:35:00+00:00\",\"breadcrumb\":{\"@id\":\"https:\/\/redsanstore.com\/en\/urun\/800-va-line-interactive-ups\/#breadcrumb\"},\"inLanguage\":\"en-US\",\"potentialAction\":[{\"@type\":\"ReadAction\",\"target\":[\"https:\/\/redsanstore.com\/en\/urun\/800-va-line-interactive-ups\/\"]}]},{\"@type\":\"ImageObject\",\"inLanguage\":\"en-US\",\"@id\":\"https:\/\/redsanstore.com\/en\/urun\/800-va-line-interactive-ups\/#primaryimage\",\"url\":\"https:\/\/redsanstore.com\/wp-content\/uploads\/2022\/09\/400-800-600.jpg\",\"contentUrl\":\"https:\/\/redsanstore.com\/wp-content\/uploads\/2022\/09\/400-800-600.jpg\",\"width\":1440,\"height\":1080,\"caption\":\"line interactive ups\"},{\"@type\":\"BreadcrumbList\",\"@id\":\"https:\/\/redsanstore.com\/en\/urun\/800-va-line-interactive-ups\/#breadcrumb\",\"itemListElement\":[{\"@type\":\"ListItem\",\"position\":1,\"name\":\"Anasayfa\",\"item\":\"https:\/\/redsanstore.com\/fr\/\"},{\"@type\":\"ListItem\",\"position\":2,\"name\":\"Store\",\"item\":\"https:\/\/redsanstore.com\/en\/store\/\"},{\"@type\":\"ListItem\",\"position\":3,\"name\":\"800 VA LINE INTERACTIVE UPS\"}]},{\"@type\":\"WebSite\",\"@id\":\"https:\/\/redsanstore.com\/#website\",\"url\":\"https:\/\/redsanstore.com\/\",\"name\":\"Redsan Store\",\"description\":\"Redres\u00f6r - Reg\u00fclat\u00f6r - UPS - Ak\u00fc\",\"publisher\":{\"@id\":\"https:\/\/redsanstore.com\/#organization\"},\"alternateName\":\"Redres\u00f6r ve Kesintisiz G\u00fc\u00e7 Kayna\u011f\u0131 Ups\",\"potentialAction\":[{\"@type\":\"SearchAction\",\"target\":{\"@type\":\"EntryPoint\",\"urlTemplate\":\"https:\/\/redsanstore.com\/?s={search_term_string}\"},\"query-input\":{\"@type\":\"PropertyValueSpecification\",\"valueRequired\":true,\"valueName\":\"search_term_string\"}}],\"inLanguage\":\"en-US\"},{\"@type\":\"Organization\",\"@id\":\"https:\/\/redsanstore.com\/#organization\",\"name\":\"Redsan Store\",\"alternateName\":\"Redres\u00f6r ve Kesintisiz G\u00fc\u00e7 Kayna\u011f\u0131 Ups\",\"url\":\"https:\/\/redsanstore.com\/\",\"logo\":{\"@type\":\"ImageObject\",\"inLanguage\":\"en-US\",\"@id\":\"https:\/\/redsanstore.com\/#\/schema\/logo\/image\/\",\"url\":\"https:\/\/redsanstore.com\/wp-content\/uploads\/2024\/06\/redresor-ups-site-gorseli.jpg\",\"contentUrl\":\"https:\/\/redsanstore.com\/wp-content\/uploads\/2024\/06\/redresor-ups-site-gorseli.jpg\",\"width\":1200,\"height\":675,\"caption\":\"Redsan Store\"},\"image\":{\"@id\":\"https:\/\/redsanstore.com\/#\/schema\/logo\/image\/\"},\"sameAs\":[\"https:\/\/www.facebook.com\/redsanelektronik\",\"https:\/\/www.instagram.com\/redsanelektronik\/\",\"https:\/\/www.linkedin.com\/company\/redsan-elektronik\/\"]}]}<\/script>\n<!-- \/ Yoast SEO Premium plugin. -->","yoast_head_json":{"title":"800 VA LINE INTERACTIVE UPS - Redsan Store","robots":{"index":"index","follow":"follow","max-snippet":"max-snippet:-1","max-image-preview":"max-image-preview:large","max-video-preview":"max-video-preview:-1"},"canonical":"https:\/\/redsanstore.com\/en\/urun\/800-va-line-interactive-ups\/","og_locale":"en_US","og_type":"article","og_title":"800 VA LINE INTERACTIVE UPS","og_description":"The product will be dispatched within 1-3 working days.","og_url":"https:\/\/redsanstore.com\/en\/urun\/800-va-line-interactive-ups\/","og_site_name":"Redsan Store","article_publisher":"https:\/\/www.facebook.com\/redsanelektronik","article_modified_time":"2026-02-27T09:35:00+00:00","og_image":[{"width":1440,"height":1080,"url":"https:\/\/redsanstore.com\/wp-content\/uploads\/2022\/09\/400-800-600.jpg","type":"image\/jpeg"}],"twitter_card":"summary_large_image","twitter_misc":{"Est. reading time":"1 minute"},"schema":{"@context":"https:\/\/schema.org","@graph":[{"@type":"WebPage","@id":"https:\/\/redsanstore.com\/en\/urun\/800-va-line-interactive-ups\/","url":"https:\/\/redsanstore.com\/en\/urun\/800-va-line-interactive-ups\/","name":"800 VA LINE INTERACTIVE UPS - Redsan Store","isPartOf":{"@id":"https:\/\/redsanstore.com\/#website"},"primaryImageOfPage":{"@id":"https:\/\/redsanstore.com\/en\/urun\/800-va-line-interactive-ups\/#primaryimage"},"image":{"@id":"https:\/\/redsanstore.com\/en\/urun\/800-va-line-interactive-ups\/#primaryimage"},"thumbnailUrl":"https:\/\/redsanstore.com\/wp-content\/uploads\/2022\/09\/400-800-600.jpg","datePublished":"2022-09-19T14:17:25+00:00","dateModified":"2026-02-27T09:35:00+00:00","breadcrumb":{"@id":"https:\/\/redsanstore.com\/en\/urun\/800-va-line-interactive-ups\/#breadcrumb"},"inLanguage":"en-US","potentialAction":[{"@type":"ReadAction","target":["https:\/\/redsanstore.com\/en\/urun\/800-va-line-interactive-ups\/"]}]},{"@type":"ImageObject","inLanguage":"en-US","@id":"https:\/\/redsanstore.com\/en\/urun\/800-va-line-interactive-ups\/#primaryimage","url":"https:\/\/redsanstore.com\/wp-content\/uploads\/2022\/09\/400-800-600.jpg","contentUrl":"https:\/\/redsanstore.com\/wp-content\/uploads\/2022\/09\/400-800-600.jpg","width":1440,"height":1080,"caption":"line interactive ups"},{"@type":"BreadcrumbList","@id":"https:\/\/redsanstore.com\/en\/urun\/800-va-line-interactive-ups\/#breadcrumb","itemListElement":[{"@type":"ListItem","position":1,"name":"Anasayfa","item":"https:\/\/redsanstore.com\/fr\/"},{"@type":"ListItem","position":2,"name":"Store","item":"https:\/\/redsanstore.com\/en\/store\/"},{"@type":"ListItem","position":3,"name":"800 VA LINE INTERACTIVE UPS"}]},{"@type":"WebSite","@id":"https:\/\/redsanstore.com\/#website","url":"https:\/\/redsanstore.com\/","name":"Redsan Store","description":"Redres\u00f6r - Reg\u00fclat\u00f6r - UPS - Ak\u00fc","publisher":{"@id":"https:\/\/redsanstore.com\/#organization"},"alternateName":"Redres\u00f6r ve Kesintisiz G\u00fc\u00e7 Kayna\u011f\u0131 Ups","potentialAction":[{"@type":"SearchAction","target":{"@type":"EntryPoint","urlTemplate":"https:\/\/redsanstore.com\/?s={search_term_string}"},"query-input":{"@type":"PropertyValueSpecification","valueRequired":true,"valueName":"search_term_string"}}],"inLanguage":"en-US"},{"@type":"Organization","@id":"https:\/\/redsanstore.com\/#organization","name":"Redsan Store","alternateName":"Redres\u00f6r ve Kesintisiz G\u00fc\u00e7 Kayna\u011f\u0131 Ups","url":"https:\/\/redsanstore.com\/","logo":{"@type":"ImageObject","inLanguage":"en-US","@id":"https:\/\/redsanstore.com\/#\/schema\/logo\/image\/","url":"https:\/\/redsanstore.com\/wp-content\/uploads\/2024\/06\/redresor-ups-site-gorseli.jpg","contentUrl":"https:\/\/redsanstore.com\/wp-content\/uploads\/2024\/06\/redresor-ups-site-gorseli.jpg","width":1200,"height":675,"caption":"Redsan Store"},"image":{"@id":"https:\/\/redsanstore.com\/#\/schema\/logo\/image\/"},"sameAs":["https:\/\/www.facebook.com\/redsanelektronik","https:\/\/www.instagram.com\/redsanelektronik\/","https:\/\/www.linkedin.com\/company\/redsan-elektronik\/"]}]}},"_links":{"self":[{"href":"https:\/\/redsanstore.com\/en\/wp-json\/wp\/v2\/product\/85455","targetHints":{"allow":["GET"]}}],"collection":[{"href":"https:\/\/redsanstore.com\/en\/wp-json\/wp\/v2\/product"}],"about":[{"href":"https:\/\/redsanstore.com\/en\/wp-json\/wp\/v2\/types\/product"}],"replies":[{"embeddable":true,"href":"https:\/\/redsanstore.com\/en\/wp-json\/wp\/v2\/comments?post=85455"}],"version-history":[{"count":1,"href":"https:\/\/redsanstore.com\/en\/wp-json\/wp\/v2\/product\/85455\/revisions"}],"predecessor-version":[{"id":101627,"href":"https:\/\/redsanstore.com\/en\/wp-json\/wp\/v2\/product\/85455\/revisions\/101627"}],"wp:featuredmedia":[{"embeddable":true,"href":"https:\/\/redsanstore.com\/en\/wp-json\/wp\/v2\/media\/84585"}],"wp:attachment":[{"href":"https:\/\/redsanstore.com\/en\/wp-json\/wp\/v2\/media?parent=85455"}],"wp:term":[{"taxonomy":"product_brand","embeddable":true,"href":"https:\/\/redsanstore.com\/en\/wp-json\/wp\/v2\/product_brand?post=85455"},{"taxonomy":"product_cat","embeddable":true,"href":"https:\/\/redsanstore.com\/en\/wp-json\/wp\/v2\/product_cat?post=85455"},{"taxonomy":"product_tag","embeddable":true,"href":"https:\/\/redsanstore.com\/en\/wp-json\/wp\/v2\/product_tag?post=85455"}],"curies":[{"name":"wp","href":"https:\/\/api.w.org\/{rel}","templated":true}]}}