{"id":95978,"date":"2024-02-22T12:23:01","date_gmt":"2024-02-22T09:23:01","guid":{"rendered":"https:\/\/redsanstore.com\/ups-single-phase-turphase\/"},"modified":"2025-03-11T10:08:43","modified_gmt":"2025-03-11T07:08:43","slug":"ups-single-phase-turphase","status":"publish","type":"page","link":"https:\/\/redsanstore.com\/en\/ups-single-phase-turphase\/","title":{"rendered":"UPS (SINGLE-PHASE -TURPHASE)"},"content":{"rendered":"\t\t<div data-elementor-type=\"wp-page\" data-elementor-id=\"95978\" class=\"elementor elementor-95978 elementor-91426\" data-elementor-post-type=\"page\">\n\t\t\t\t\t\t<section class=\"wd-negative-gap elementor-section elementor-top-section elementor-element elementor-element-f96af4f elementor-section-boxed elementor-section-height-default elementor-section-height-default\" data-id=\"f96af4f\" data-element_type=\"section\" data-settings=\"{&quot;jet_parallax_layout_list&quot;:[]}\">\n\t\t\t\t\t\t<div class=\"elementor-container elementor-column-gap-default\">\n\t\t\t\t\t<div class=\"elementor-column elementor-col-50 elementor-top-column elementor-element elementor-element-2d25d05\" data-id=\"2d25d05\" data-element_type=\"column\">\n\t\t\t<div class=\"elementor-widget-wrap elementor-element-populated\">\n\t\t\t\t\t\t<div class=\"elementor-element elementor-element-8a58023 elementor-widget elementor-widget-wd_text_block\" data-id=\"8a58023\" data-element_type=\"widget\" data-widget_type=\"wd_text_block.default\">\n\t\t\t\t<div class=\"elementor-widget-container\">\n\t\t\t\t\t\t\t<div class=\"wd-text-block reset-last-child text-left\">\n\t\t\t\n\t\t\t<h2 style=\"text-align: center;\">UPS (Single Phase - Three Phase): Uninterruptible Power Supply Solutions<\/h2><p>UPS (Uninterruptible Power Supply), or Uninterruptible Power Supply, is an essential device used to keep devices running during power outages. Both single-phase and three-phase UPSs are used to prevent data loss due to power outages, protect sensitive equipment and ensure business continuity. <\/p><h3 style=\"text-align: center;\">What is a single phase UPS?<\/h3><p>Single-phase UPSs are power supply devices used in single-phase AC (alternating current) systems. They are used in homes, small offices and businesses to ensure uninterrupted operation of devices connected to single-phase electrical systems. Single-phase UPSs provide ideal protection for computers, routers, modems and other sensitive devices.  <\/p>\n\t\t\t\t\t<\/div>\n\t\t\t\t\t\t<\/div>\n\t\t\t\t<\/div>\n\t\t\t\t<div class=\"elementor-element elementor-element-03c7c21 elementor-widget elementor-widget-spacer\" data-id=\"03c7c21\" data-element_type=\"widget\" data-widget_type=\"spacer.default\">\n\t\t\t\t<div class=\"elementor-widget-container\">\n\t\t\t\t\t\t\t<div class=\"elementor-spacer\">\n\t\t\t<div class=\"elementor-spacer-inner\"><\/div>\n\t\t<\/div>\n\t\t\t\t\t\t<\/div>\n\t\t\t\t<\/div>\n\t\t\t\t<div class=\"elementor-element elementor-element-0901954 elementor-widget__width-initial elementor-widget elementor-widget-image\" data-id=\"0901954\" data-element_type=\"widget\" data-widget_type=\"image.default\">\n\t\t\t\t<div class=\"elementor-widget-container\">\n\t\t\t\t\t\t\t\t\t\t\t\t\t\t\t<img fetchpriority=\"high\" decoding=\"async\" width=\"350\" height=\"350\" src=\"https:\/\/redsanstore.com\/wp-content\/uploads\/2024\/02\/ups.webp\" class=\"attachment-large size-large wp-image-91435\" alt=\"\" srcset=\"https:\/\/redsanstore.com\/wp-content\/uploads\/2024\/02\/ups.webp 350w, https:\/\/redsanstore.com\/wp-content\/uploads\/2024\/02\/ups-300x300.webp 300w, https:\/\/redsanstore.com\/wp-content\/uploads\/2024\/02\/ups-150x150.webp 150w\" sizes=\"(max-width: 350px) 100vw, 350px\" \/>\t\t\t\t\t\t\t\t\t\t\t\t\t\t\t<\/div>\n\t\t\t\t<\/div>\n\t\t\t\t\t<\/div>\n\t\t<\/div>\n\t\t\t\t<div class=\"elementor-column elementor-col-50 elementor-top-column elementor-element elementor-element-20af59d\" data-id=\"20af59d\" data-element_type=\"column\">\n\t\t\t<div class=\"elementor-widget-wrap elementor-element-populated\">\n\t\t\t\t\t\t<div class=\"elementor-element elementor-element-6b3f57e elementor-widget elementor-widget-image\" data-id=\"6b3f57e\" data-element_type=\"widget\" data-widget_type=\"image.default\">\n\t\t\t\t<div class=\"elementor-widget-container\">\n\t\t\t\t\t\t\t\t\t\t\t\t\t\t\t<img decoding=\"async\" width=\"200\" height=\"300\" src=\"https:\/\/redsanstore.com\/wp-content\/uploads\/2024\/02\/ups-monofaze-200x300-1.webp\" class=\"attachment-large size-large wp-image-91429\" alt=\"\" srcset=\"https:\/\/redsanstore.com\/wp-content\/uploads\/2024\/02\/ups-monofaze-200x300-1.webp 200w, https:\/\/redsanstore.com\/wp-content\/uploads\/2024\/02\/ups-monofaze-200x300-1-150x225.webp 150w\" sizes=\"(max-width: 200px) 100vw, 200px\" \/>\t\t\t\t\t\t\t\t\t\t\t\t\t\t\t<\/div>\n\t\t\t\t<\/div>\n\t\t\t\t<div class=\"elementor-element elementor-element-4aabf5c elementor-widget elementor-widget-wd_text_block\" data-id=\"4aabf5c\" data-element_type=\"widget\" data-widget_type=\"wd_text_block.default\">\n\t\t\t\t<div class=\"elementor-widget-container\">\n\t\t\t\t\t\t\t<div class=\"wd-text-block reset-last-child text-left\">\n\t\t\t\n\t\t\t<h3 style=\"text-align: center;\">What is a three-phase UPS?<\/h3><p>Three-phase UPSs are power supply devices used in three-phase AC systems. They are used in places that require high power consumption such as industrial plants, large enterprises and hospitals. Three-phase UPSs ensure uninterrupted operation of devices connected to three-phase electrical systems and ensure business continuity of critical systems.  <\/p>\n\t\t\t\t\t<\/div>\n\t\t\t\t\t\t<\/div>\n\t\t\t\t<\/div>\n\t\t\t\t<div class=\"elementor-element elementor-element-d385368 elementor-widget elementor-widget-wd_text_block\" data-id=\"d385368\" data-element_type=\"widget\" data-widget_type=\"wd_text_block.default\">\n\t\t\t\t<div class=\"elementor-widget-container\">\n\t\t\t\t\t\t\t<div class=\"wd-text-block reset-last-child text-left\">\n\t\t\t\n\t\t\t<p><strong>UPSs usually include the following components:<\/strong><\/p><p><strong>Batteries (Batteries): <\/strong>Used to provide power during a power outage.<\/p><p><strong>Charger : <\/strong>Provides charging of batteries.<\/p><p><strong>Inverter: <\/strong>converts DC power to AC so that connected devices can use AC power.<\/p><p><strong>Control Circuits: <\/strong>Detects power loss and controls UPS operation.<\/p><p><strong>Outlet Sockets or Connections:<\/strong> Allows connected devices to access the power supplied by the UPS.<\/p><p>UPSs are important to prevent data loss, equipment damage or business interruption that can result from power outages. Especially where there are critical systems, the use of UPSs ensures uninterrupted business continuity and helps protect equipment. <\/p>\n\t\t\t\t\t<\/div>\n\t\t\t\t\t\t<\/div>\n\t\t\t\t<\/div>\n\t\t\t\t\t<\/div>\n\t\t<\/div>\n\t\t\t\t\t<\/div>\n\t\t<\/section>\n\t\t\t\t<section class=\"wd-negative-gap elementor-section elementor-top-section elementor-element elementor-element-e713166 elementor-section-boxed elementor-section-height-default elementor-section-height-default\" data-id=\"e713166\" data-element_type=\"section\" data-settings=\"{&quot;jet_parallax_layout_list&quot;:[]}\">\n\t\t\t\t\t\t<div class=\"elementor-container elementor-column-gap-default\">\n\t\t\t\t\t<div class=\"elementor-column elementor-col-100 elementor-top-column elementor-element elementor-element-555da17\" data-id=\"555da17\" data-element_type=\"column\">\n\t\t\t<div class=\"elementor-widget-wrap elementor-element-populated\">\n\t\t\t\t\t\t<div class=\"elementor-element elementor-element-4ddc430 elementor-widget elementor-widget-spacer\" data-id=\"4ddc430\" data-element_type=\"widget\" data-widget_type=\"spacer.default\">\n\t\t\t\t<div class=\"elementor-widget-container\">\n\t\t\t\t\t\t\t<div class=\"elementor-spacer\">\n\t\t\t<div class=\"elementor-spacer-inner\"><\/div>\n\t\t<\/div>\n\t\t\t\t\t\t<\/div>\n\t\t\t\t<\/div>\n\t\t\t\t\t<\/div>\n\t\t<\/div>\n\t\t\t\t\t<\/div>\n\t\t<\/section>\n\t\t\t\t<section class=\"wd-negative-gap elementor-section elementor-top-section elementor-element elementor-element-2b15f24 elementor-section-boxed elementor-section-height-default elementor-section-height-default\" data-id=\"2b15f24\" data-element_type=\"section\" data-settings=\"{&quot;jet_parallax_layout_list&quot;:[]}\">\n\t\t\t\t\t\t<div class=\"elementor-container elementor-column-gap-default\">\n\t\t\t\t\t<div class=\"elementor-column elementor-col-100 elementor-top-column elementor-element elementor-element-f1a7a4a\" data-id=\"f1a7a4a\" data-element_type=\"column\">\n\t\t\t<div class=\"elementor-widget-wrap elementor-element-populated\">\n\t\t\t\t\t\t<div class=\"elementor-element elementor-element-cf71fa0 elementor-widget elementor-widget-wd_text_block\" data-id=\"cf71fa0\" data-element_type=\"widget\" data-widget_type=\"wd_text_block.default\">\n\t\t\t\t<div class=\"elementor-widget-container\">\n\t\t\t\t\t\t\t<div class=\"wd-text-block reset-last-child text-left\">\n\t\t\t\n\t\t\t<h3 style=\"text-align: center;\">Advantages<\/h3><ol><li><p><strong>Uninterruptible Power Supply: <\/strong>UPSs quickly kick in and provide uninterrupted power to keep devices running during power outages.<\/p><\/li><li><p><strong>Data Protection:<\/strong> UPSs prevent data loss due to power outages and protect computer systems.<\/p><\/li><li><p><strong>Sensitive Equipment Protection:<\/strong> UPSs prevent damage from power surges and protect sensitive equipment, extending its lifespan.<\/p><\/li><li><p><strong>Business Continuity: <\/strong>UPSs increase business continuity and production efficiency by ensuring uninterrupted operation of critical systems.<\/p><\/li><li><p><strong>Surge Protection:<\/strong> UPSs prevent damage caused by sudden voltage surges and ensure the safety of electronic equipment.<\/p><\/li><\/ol><p>UPSs minimize the negative impact of power outages, ensuring that businesses and users have a reliable power supply. Both single-phase and three-phase UPSs offer suitable solutions for a variety of applications and are critical for electrical safety and system stability. <\/p>\n\t\t\t\t\t<\/div>\n\t\t\t\t\t\t<\/div>\n\t\t\t\t<\/div>\n\t\t\t\t\t<\/div>\n\t\t<\/div>\n\t\t\t\t\t<\/div>\n\t\t<\/section>\n\t\t\t\t<\/div>\n\t\t","protected":false},"excerpt":{"rendered":"<p>UPS (Single Phase &#8211; Three Phase): Uninterruptible Power Supply Solutions UPS (Uninterruptible Power Supply), or Uninterruptible Power Supply, is an<\/p>\n","protected":false},"author":1,"featured_media":0,"parent":0,"menu_order":0,"comment_status":"closed","ping_status":"closed","template":"","meta":{"footnotes":""},"class_list":["post-95978","page","type-page","status-publish","hentry"],"yoast_head":"<!-- This site is optimized with the Yoast SEO Premium plugin v25.8 (Yoast SEO v25.9) - https:\/\/yoast.com\/wordpress\/plugins\/seo\/ -->\n<title>UPS (SINGLE-PHASE -TURPHASE) - Redsan Store<\/title>\n<meta name=\"description\" content=\"UPS : Uninterruptible Power Supply is an important device used to maintain the operation of devices during power outages...\" \/>\n<meta name=\"robots\" content=\"index, follow, max-snippet:-1, max-image-preview:large, max-video-preview:-1\" \/>\n<link rel=\"canonical\" href=\"https:\/\/redsanstore.com\/en\/ups-single-phase-turphase\/\" \/>\n<meta property=\"og:locale\" content=\"en_US\" \/>\n<meta property=\"og:type\" content=\"article\" \/>\n<meta property=\"og:title\" content=\"UPS (SINGLE-PHASE -TURPHASE)\" \/>\n<meta property=\"og:description\" content=\"UPS : Uninterruptible Power Supply is an important device used to maintain the operation of devices during power outages...\" \/>\n<meta property=\"og:url\" content=\"https:\/\/redsanstore.com\/en\/ups-single-phase-turphase\/\" \/>\n<meta property=\"og:site_name\" content=\"Redsan Store\" \/>\n<meta property=\"article:publisher\" content=\"https:\/\/www.facebook.com\/redsanelektronik\" \/>\n<meta property=\"article:modified_time\" content=\"2025-03-11T07:08:43+00:00\" \/>\n<meta property=\"og:image\" content=\"https:\/\/redsanstore.com\/wp-content\/uploads\/2024\/02\/ups.webp\" \/>\n\t<meta property=\"og:image:width\" content=\"350\" \/>\n\t<meta property=\"og:image:height\" content=\"350\" \/>\n\t<meta property=\"og:image:type\" content=\"image\/webp\" \/>\n<meta name=\"twitter:card\" content=\"summary_large_image\" \/>\n<meta name=\"twitter:label1\" content=\"Est. reading time\" \/>\n\t<meta name=\"twitter:data1\" content=\"2 minutes\" \/>\n<script type=\"application\/ld+json\" class=\"yoast-schema-graph\">{\"@context\":\"https:\/\/schema.org\",\"@graph\":[{\"@type\":\"WebPage\",\"@id\":\"https:\/\/redsanstore.com\/en\/ups-single-phase-turphase\/\",\"url\":\"https:\/\/redsanstore.com\/en\/ups-single-phase-turphase\/\",\"name\":\"UPS (SINGLE-PHASE -TURPHASE) - Redsan Store\",\"isPartOf\":{\"@id\":\"https:\/\/redsanstore.com\/#website\"},\"primaryImageOfPage\":{\"@id\":\"https:\/\/redsanstore.com\/en\/ups-single-phase-turphase\/#primaryimage\"},\"image\":{\"@id\":\"https:\/\/redsanstore.com\/en\/ups-single-phase-turphase\/#primaryimage\"},\"thumbnailUrl\":\"https:\/\/redsanstore.com\/wp-content\/uploads\/2024\/02\/ups.webp\",\"datePublished\":\"2024-02-22T09:23:01+00:00\",\"dateModified\":\"2025-03-11T07:08:43+00:00\",\"description\":\"UPS : Uninterruptible Power Supply is an important device used to maintain the operation of devices during power outages...\",\"breadcrumb\":{\"@id\":\"https:\/\/redsanstore.com\/en\/ups-single-phase-turphase\/#breadcrumb\"},\"inLanguage\":\"en-US\",\"potentialAction\":[{\"@type\":\"ReadAction\",\"target\":[\"https:\/\/redsanstore.com\/en\/ups-single-phase-turphase\/\"]}]},{\"@type\":\"ImageObject\",\"inLanguage\":\"en-US\",\"@id\":\"https:\/\/redsanstore.com\/en\/ups-single-phase-turphase\/#primaryimage\",\"url\":\"https:\/\/redsanstore.com\/wp-content\/uploads\/2024\/02\/ups.webp\",\"contentUrl\":\"https:\/\/redsanstore.com\/wp-content\/uploads\/2024\/02\/ups.webp\"},{\"@type\":\"BreadcrumbList\",\"@id\":\"https:\/\/redsanstore.com\/en\/ups-single-phase-turphase\/#breadcrumb\",\"itemListElement\":[{\"@type\":\"ListItem\",\"position\":1,\"name\":\"Anasayfa\",\"item\":\"https:\/\/redsanstore.com\/fr\/\"},{\"@type\":\"ListItem\",\"position\":2,\"name\":\"UPS (SINGLE-PHASE -TURPHASE)\"}]},{\"@type\":\"WebSite\",\"@id\":\"https:\/\/redsanstore.com\/#website\",\"url\":\"https:\/\/redsanstore.com\/\",\"name\":\"Redsan Store\",\"description\":\"Redres\u00f6r - Reg\u00fclat\u00f6r - UPS - Ak\u00fc\",\"publisher\":{\"@id\":\"https:\/\/redsanstore.com\/#organization\"},\"alternateName\":\"Redres\u00f6r ve Kesintisiz G\u00fc\u00e7 Kayna\u011f\u0131 Ups\",\"potentialAction\":[{\"@type\":\"SearchAction\",\"target\":{\"@type\":\"EntryPoint\",\"urlTemplate\":\"https:\/\/redsanstore.com\/?s={search_term_string}\"},\"query-input\":{\"@type\":\"PropertyValueSpecification\",\"valueRequired\":true,\"valueName\":\"search_term_string\"}}],\"inLanguage\":\"en-US\"},{\"@type\":\"Organization\",\"@id\":\"https:\/\/redsanstore.com\/#organization\",\"name\":\"Redsan Store\",\"alternateName\":\"Redres\u00f6r ve Kesintisiz G\u00fc\u00e7 Kayna\u011f\u0131 Ups\",\"url\":\"https:\/\/redsanstore.com\/\",\"logo\":{\"@type\":\"ImageObject\",\"inLanguage\":\"en-US\",\"@id\":\"https:\/\/redsanstore.com\/#\/schema\/logo\/image\/\",\"url\":\"https:\/\/redsanstore.com\/wp-content\/uploads\/2024\/06\/redresor-ups-site-gorseli.jpg\",\"contentUrl\":\"https:\/\/redsanstore.com\/wp-content\/uploads\/2024\/06\/redresor-ups-site-gorseli.jpg\",\"width\":1200,\"height\":675,\"caption\":\"Redsan Store\"},\"image\":{\"@id\":\"https:\/\/redsanstore.com\/#\/schema\/logo\/image\/\"},\"sameAs\":[\"https:\/\/www.facebook.com\/redsanelektronik\",\"https:\/\/www.instagram.com\/redsanelektronik\/\",\"https:\/\/www.linkedin.com\/company\/redsan-elektronik\/\"]}]}<\/script>\n<!-- \/ Yoast SEO Premium plugin. -->","yoast_head_json":{"title":"UPS (SINGLE-PHASE -TURPHASE) - Redsan Store","description":"UPS : Uninterruptible Power Supply is an important device used to maintain the operation of devices during power outages...","robots":{"index":"index","follow":"follow","max-snippet":"max-snippet:-1","max-image-preview":"max-image-preview:large","max-video-preview":"max-video-preview:-1"},"canonical":"https:\/\/redsanstore.com\/en\/ups-single-phase-turphase\/","og_locale":"en_US","og_type":"article","og_title":"UPS (SINGLE-PHASE -TURPHASE)","og_description":"UPS : Uninterruptible Power Supply is an important device used to maintain the operation of devices during power outages...","og_url":"https:\/\/redsanstore.com\/en\/ups-single-phase-turphase\/","og_site_name":"Redsan Store","article_publisher":"https:\/\/www.facebook.com\/redsanelektronik","article_modified_time":"2025-03-11T07:08:43+00:00","og_image":[{"width":350,"height":350,"url":"https:\/\/redsanstore.com\/wp-content\/uploads\/2024\/02\/ups.webp","type":"image\/webp"}],"twitter_card":"summary_large_image","twitter_misc":{"Est. reading time":"2 minutes"},"schema":{"@context":"https:\/\/schema.org","@graph":[{"@type":"WebPage","@id":"https:\/\/redsanstore.com\/en\/ups-single-phase-turphase\/","url":"https:\/\/redsanstore.com\/en\/ups-single-phase-turphase\/","name":"UPS (SINGLE-PHASE -TURPHASE) - Redsan Store","isPartOf":{"@id":"https:\/\/redsanstore.com\/#website"},"primaryImageOfPage":{"@id":"https:\/\/redsanstore.com\/en\/ups-single-phase-turphase\/#primaryimage"},"image":{"@id":"https:\/\/redsanstore.com\/en\/ups-single-phase-turphase\/#primaryimage"},"thumbnailUrl":"https:\/\/redsanstore.com\/wp-content\/uploads\/2024\/02\/ups.webp","datePublished":"2024-02-22T09:23:01+00:00","dateModified":"2025-03-11T07:08:43+00:00","description":"UPS : Uninterruptible Power Supply is an important device used to maintain the operation of devices during power outages...","breadcrumb":{"@id":"https:\/\/redsanstore.com\/en\/ups-single-phase-turphase\/#breadcrumb"},"inLanguage":"en-US","potentialAction":[{"@type":"ReadAction","target":["https:\/\/redsanstore.com\/en\/ups-single-phase-turphase\/"]}]},{"@type":"ImageObject","inLanguage":"en-US","@id":"https:\/\/redsanstore.com\/en\/ups-single-phase-turphase\/#primaryimage","url":"https:\/\/redsanstore.com\/wp-content\/uploads\/2024\/02\/ups.webp","contentUrl":"https:\/\/redsanstore.com\/wp-content\/uploads\/2024\/02\/ups.webp"},{"@type":"BreadcrumbList","@id":"https:\/\/redsanstore.com\/en\/ups-single-phase-turphase\/#breadcrumb","itemListElement":[{"@type":"ListItem","position":1,"name":"Anasayfa","item":"https:\/\/redsanstore.com\/fr\/"},{"@type":"ListItem","position":2,"name":"UPS (SINGLE-PHASE -TURPHASE)"}]},{"@type":"WebSite","@id":"https:\/\/redsanstore.com\/#website","url":"https:\/\/redsanstore.com\/","name":"Redsan Store","description":"Redres\u00f6r - Reg\u00fclat\u00f6r - UPS - Ak\u00fc","publisher":{"@id":"https:\/\/redsanstore.com\/#organization"},"alternateName":"Redres\u00f6r ve Kesintisiz G\u00fc\u00e7 Kayna\u011f\u0131 Ups","potentialAction":[{"@type":"SearchAction","target":{"@type":"EntryPoint","urlTemplate":"https:\/\/redsanstore.com\/?s={search_term_string}"},"query-input":{"@type":"PropertyValueSpecification","valueRequired":true,"valueName":"search_term_string"}}],"inLanguage":"en-US"},{"@type":"Organization","@id":"https:\/\/redsanstore.com\/#organization","name":"Redsan Store","alternateName":"Redres\u00f6r ve Kesintisiz G\u00fc\u00e7 Kayna\u011f\u0131 Ups","url":"https:\/\/redsanstore.com\/","logo":{"@type":"ImageObject","inLanguage":"en-US","@id":"https:\/\/redsanstore.com\/#\/schema\/logo\/image\/","url":"https:\/\/redsanstore.com\/wp-content\/uploads\/2024\/06\/redresor-ups-site-gorseli.jpg","contentUrl":"https:\/\/redsanstore.com\/wp-content\/uploads\/2024\/06\/redresor-ups-site-gorseli.jpg","width":1200,"height":675,"caption":"Redsan Store"},"image":{"@id":"https:\/\/redsanstore.com\/#\/schema\/logo\/image\/"},"sameAs":["https:\/\/www.facebook.com\/redsanelektronik","https:\/\/www.instagram.com\/redsanelektronik\/","https:\/\/www.linkedin.com\/company\/redsan-elektronik\/"]}]}},"_links":{"self":[{"href":"https:\/\/redsanstore.com\/en\/wp-json\/wp\/v2\/pages\/95978","targetHints":{"allow":["GET"]}}],"collection":[{"href":"https:\/\/redsanstore.com\/en\/wp-json\/wp\/v2\/pages"}],"about":[{"href":"https:\/\/redsanstore.com\/en\/wp-json\/wp\/v2\/types\/page"}],"author":[{"embeddable":true,"href":"https:\/\/redsanstore.com\/en\/wp-json\/wp\/v2\/users\/1"}],"replies":[{"embeddable":true,"href":"https:\/\/redsanstore.com\/en\/wp-json\/wp\/v2\/comments?post=95978"}],"version-history":[{"count":0,"href":"https:\/\/redsanstore.com\/en\/wp-json\/wp\/v2\/pages\/95978\/revisions"}],"wp:attachment":[{"href":"https:\/\/redsanstore.com\/en\/wp-json\/wp\/v2\/media?parent=95978"}],"curies":[{"name":"wp","href":"https:\/\/api.w.org\/{rel}","templated":true}]}}