{"id":95934,"date":"2024-02-22T12:03:59","date_gmt":"2024-02-22T09:03:59","guid":{"rendered":"https:\/\/redsanstore.com\/regulator-monofaze-triphase-is-an-electronic\/"},"modified":"2025-03-05T15:28:00","modified_gmt":"2025-03-05T12:28:00","slug":"regulator-monofaze-triphase-is-an-electronic","status":"publish","type":"page","link":"https:\/\/redsanstore.com\/en\/regulator-monofaze-triphase-is-an-electronic\/","title":{"rendered":"REGULATOR (MONOFAZE -TRIPHASE) is an electronic&#8230;<br>"},"content":{"rendered":"\t\t<div data-elementor-type=\"wp-page\" data-elementor-id=\"95934\" class=\"elementor elementor-95934 elementor-91410\" data-elementor-post-type=\"page\">\n\t\t\t\t\t\t<section class=\"wd-negative-gap elementor-section elementor-top-section elementor-element elementor-element-5fc78e8 elementor-section-boxed elementor-section-height-default elementor-section-height-default\" data-id=\"5fc78e8\" data-element_type=\"section\" data-settings=\"{&quot;jet_parallax_layout_list&quot;:[]}\">\n\t\t\t\t\t\t<div class=\"elementor-container elementor-column-gap-default\">\n\t\t\t\t\t<div class=\"elementor-column elementor-col-50 elementor-top-column elementor-element elementor-element-1fef1e3\" data-id=\"1fef1e3\" data-element_type=\"column\">\n\t\t\t<div class=\"elementor-widget-wrap elementor-element-populated\">\n\t\t\t\t\t\t<div class=\"elementor-element elementor-element-25bf0aa elementor-widget elementor-widget-wd_text_block\" data-id=\"25bf0aa\" data-element_type=\"widget\" data-widget_type=\"wd_text_block.default\">\n\t\t\t\t<div class=\"elementor-widget-container\">\n\t\t\t\t\t\t\t<div class=\"wd-text-block reset-last-child text-left\">\n\t\t\t\n\t\t\t<h2 style=\"text-align: center;\">Regulator (Single-phase - Three-phase): Electric Current Balancing and Protection Solutions<br><\/h2><p>Regulators are electronic devices that regulate voltage fluctuations in electrical systems and maintain a constant voltage level. Both single-phase and three-phase regulators are widely used in electrical networks to ensure reliability, efficiency and power protection.<br> <\/p><h3 style=\"text-align: center;\">What is a Single Phase Regulator?<br><\/h3><p>Single-phase regulators are devices used to regulate voltage fluctuations in single-phase AC (alternating current) systems and keep the voltage at a constant level. Widely used in homes, small businesses and offices, single-phase regulators protect electrical devices from overvoltage and extend the life of the devices.<br> <\/p>\n\t\t\t\t\t<\/div>\n\t\t\t\t\t\t<\/div>\n\t\t\t\t<\/div>\n\t\t\t\t<div class=\"elementor-element elementor-element-e603b91 elementor-widget elementor-widget-spacer\" data-id=\"e603b91\" data-element_type=\"widget\" data-widget_type=\"spacer.default\">\n\t\t\t\t<div class=\"elementor-widget-container\">\n\t\t\t\t\t\t\t<div class=\"elementor-spacer\">\n\t\t\t<div class=\"elementor-spacer-inner\"><\/div>\n\t\t<\/div>\n\t\t\t\t\t\t<\/div>\n\t\t\t\t<\/div>\n\t\t\t\t<div class=\"elementor-element elementor-element-f48a33e elementor-widget elementor-widget-image\" data-id=\"f48a33e\" data-element_type=\"widget\" data-widget_type=\"image.default\">\n\t\t\t\t<div class=\"elementor-widget-container\">\n\t\t\t\t\t\t\t\t\t\t\t\t\t\t\t<img fetchpriority=\"high\" decoding=\"async\" width=\"768\" height=\"576\" src=\"https:\/\/redsanstore.com\/wp-content\/uploads\/2024\/02\/trifaz-768x576-1.webp\" class=\"attachment-large size-large wp-image-91419\" alt=\"\" srcset=\"https:\/\/redsanstore.com\/wp-content\/uploads\/2024\/02\/trifaz-768x576-1.webp 768w, https:\/\/redsanstore.com\/wp-content\/uploads\/2024\/02\/trifaz-768x576-1-300x225.webp 300w, https:\/\/redsanstore.com\/wp-content\/uploads\/2024\/02\/trifaz-768x576-1-600x450.webp 600w, https:\/\/redsanstore.com\/wp-content\/uploads\/2024\/02\/trifaz-768x576-1-150x113.webp 150w\" sizes=\"(max-width: 768px) 100vw, 768px\" \/>\t\t\t\t\t\t\t\t\t\t\t\t\t\t\t<\/div>\n\t\t\t\t<\/div>\n\t\t\t\t\t<\/div>\n\t\t<\/div>\n\t\t\t\t<div class=\"elementor-column elementor-col-50 elementor-top-column elementor-element elementor-element-95e6252\" data-id=\"95e6252\" data-element_type=\"column\">\n\t\t\t<div class=\"elementor-widget-wrap elementor-element-populated\">\n\t\t\t\t\t\t<div class=\"elementor-element elementor-element-d79a794 elementor-widget elementor-widget-image\" data-id=\"d79a794\" data-element_type=\"widget\" data-widget_type=\"image.default\">\n\t\t\t\t<div class=\"elementor-widget-container\">\n\t\t\t\t\t\t\t\t\t\t\t\t\t\t\t<img decoding=\"async\" width=\"200\" height=\"300\" src=\"https:\/\/redsanstore.com\/wp-content\/uploads\/2024\/02\/regulator-monofaze1-200x300-1.webp\" class=\"attachment-large size-large wp-image-91413\" alt=\"\" srcset=\"https:\/\/redsanstore.com\/wp-content\/uploads\/2024\/02\/regulator-monofaze1-200x300-1.webp 200w, https:\/\/redsanstore.com\/wp-content\/uploads\/2024\/02\/regulator-monofaze1-200x300-1-150x225.webp 150w\" sizes=\"(max-width: 200px) 100vw, 200px\" \/>\t\t\t\t\t\t\t\t\t\t\t\t\t\t\t<\/div>\n\t\t\t\t<\/div>\n\t\t\t\t<div class=\"elementor-element elementor-element-7cb8a3b elementor-widget elementor-widget-spacer\" data-id=\"7cb8a3b\" data-element_type=\"widget\" data-widget_type=\"spacer.default\">\n\t\t\t\t<div class=\"elementor-widget-container\">\n\t\t\t\t\t\t\t<div class=\"elementor-spacer\">\n\t\t\t<div class=\"elementor-spacer-inner\"><\/div>\n\t\t<\/div>\n\t\t\t\t\t\t<\/div>\n\t\t\t\t<\/div>\n\t\t\t\t<div class=\"elementor-element elementor-element-2419dd3 elementor-widget elementor-widget-wd_text_block\" data-id=\"2419dd3\" data-element_type=\"widget\" data-widget_type=\"wd_text_block.default\">\n\t\t\t\t<div class=\"elementor-widget-container\">\n\t\t\t\t\t\t\t<div class=\"wd-text-block reset-last-child text-left\">\n\t\t\t\n\t\t\t<h3 style=\"text-align: center;\">What is a three-phase regulator?<br><\/h3><p>Three-phase regulators are devices used in three-phase AC systems to control voltage fluctuations and keep the voltage at a constant level. They are used in places that require high power consumption, such as industrial plants, factories and large enterprises. Three-phase regulators are critical to protect sensitive equipment and secure production processes.<br>  <\/p>\n\t\t\t\t\t<\/div>\n\t\t\t\t\t\t<\/div>\n\t\t\t\t<\/div>\n\t\t\t\t\t<\/div>\n\t\t<\/div>\n\t\t\t\t\t<\/div>\n\t\t<\/section>\n\t\t\t\t<section class=\"wd-negative-gap elementor-section elementor-top-section elementor-element elementor-element-8b414de elementor-section-boxed elementor-section-height-default elementor-section-height-default\" data-id=\"8b414de\" data-element_type=\"section\" data-settings=\"{&quot;jet_parallax_layout_list&quot;:[]}\">\n\t\t\t\t\t\t<div class=\"elementor-container elementor-column-gap-default\">\n\t\t\t\t\t<div class=\"elementor-column elementor-col-100 elementor-top-column elementor-element elementor-element-cacc092\" data-id=\"cacc092\" data-element_type=\"column\">\n\t\t\t<div class=\"elementor-widget-wrap elementor-element-populated\">\n\t\t\t\t\t\t<div class=\"elementor-element elementor-element-702c4cd elementor-widget elementor-widget-spacer\" data-id=\"702c4cd\" data-element_type=\"widget\" data-widget_type=\"spacer.default\">\n\t\t\t\t<div class=\"elementor-widget-container\">\n\t\t\t\t\t\t\t<div class=\"elementor-spacer\">\n\t\t\t<div class=\"elementor-spacer-inner\"><\/div>\n\t\t<\/div>\n\t\t\t\t\t\t<\/div>\n\t\t\t\t<\/div>\n\t\t\t\t\t<\/div>\n\t\t<\/div>\n\t\t\t\t\t<\/div>\n\t\t<\/section>\n\t\t\t\t<section class=\"wd-negative-gap elementor-section elementor-top-section elementor-element elementor-element-d61b5ac elementor-section-boxed elementor-section-height-default elementor-section-height-default\" data-id=\"d61b5ac\" data-element_type=\"section\" data-settings=\"{&quot;jet_parallax_layout_list&quot;:[]}\">\n\t\t\t\t\t\t<div class=\"elementor-container elementor-column-gap-default\">\n\t\t\t\t\t<div class=\"elementor-column elementor-col-100 elementor-top-column elementor-element elementor-element-3ee2df9\" data-id=\"3ee2df9\" data-element_type=\"column\">\n\t\t\t<div class=\"elementor-widget-wrap elementor-element-populated\">\n\t\t\t\t\t\t<div class=\"elementor-element elementor-element-4d4d934 elementor-widget elementor-widget-wd_text_block\" data-id=\"4d4d934\" data-element_type=\"widget\" data-widget_type=\"wd_text_block.default\">\n\t\t\t\t<div class=\"elementor-widget-container\">\n\t\t\t\t\t\t\t<div class=\"wd-text-block reset-last-child text-left\">\n\t\t\t\n\t\t\t<h3 style=\"text-align: center;\">Advantages<\/h3><ol><li><p><strong>Voltage Stabilization:<\/strong> Regulators provide a constant voltage level by regulating fluctuations in the electric current, which allows appliances to operate safely and efficiently.<br><\/p><\/li><li><p><strong>Device Protection<\/strong>: Provides protection against overvoltage and voltage drops, extending the life of electrical devices and preventing malfunctions.<br><\/p><\/li><li><p><strong>Efficiency<\/strong>: A constant voltage level allows electrical appliances to operate more efficiently and contributes to energy savings.<br><\/p><\/li><li><p><strong>Flexibility:<\/strong> Both single-phase and three-phase regulators are available in various models that can adapt to different electrical systems, providing flexibility for various application areas.<\/p><\/li><li><p><strong>Reliability: <\/strong>Regulators are designed to provide a reliable and continuous power supply in electrical networks, which improves business continuity and production efficiency.<br><\/p><\/li><\/ol><p>Regulators have an important role to ensure reliability, protection and efficiency in electrical systems. Single-phase and three-phase regulators are critical for electrical safety and system stability in various application areas.<br> <\/p>\n\t\t\t\t\t<\/div>\n\t\t\t\t\t\t<\/div>\n\t\t\t\t<\/div>\n\t\t\t\t\t<\/div>\n\t\t<\/div>\n\t\t\t\t\t<\/div>\n\t\t<\/section>\n\t\t\t\t<section class=\"wd-negative-gap elementor-section elementor-top-section elementor-element elementor-element-f312830 elementor-section-boxed elementor-section-height-default elementor-section-height-default\" data-id=\"f312830\" data-element_type=\"section\" data-settings=\"{&quot;jet_parallax_layout_list&quot;:[]}\">\n\t\t\t\t\t\t<div class=\"elementor-container elementor-column-gap-default\">\n\t\t\t\t\t<div class=\"elementor-column elementor-col-100 elementor-top-column elementor-element elementor-element-9628c1b\" data-id=\"9628c1b\" data-element_type=\"column\">\n\t\t\t<div class=\"elementor-widget-wrap elementor-element-populated\">\n\t\t\t\t\t\t<div class=\"elementor-element elementor-element-b8cfe5e elementor-widget elementor-widget-spacer\" data-id=\"b8cfe5e\" data-element_type=\"widget\" data-widget_type=\"spacer.default\">\n\t\t\t\t<div class=\"elementor-widget-container\">\n\t\t\t\t\t\t\t<div class=\"elementor-spacer\">\n\t\t\t<div class=\"elementor-spacer-inner\"><\/div>\n\t\t<\/div>\n\t\t\t\t\t\t<\/div>\n\t\t\t\t<\/div>\n\t\t\t\t\t<\/div>\n\t\t<\/div>\n\t\t\t\t\t<\/div>\n\t\t<\/section>\n\t\t\t\t<section class=\"wd-negative-gap elementor-section elementor-top-section elementor-element elementor-element-21d2e78 elementor-section-boxed elementor-section-height-default elementor-section-height-default\" data-id=\"21d2e78\" data-element_type=\"section\" data-settings=\"{&quot;jet_parallax_layout_list&quot;:[]}\">\n\t\t\t\t\t\t<div class=\"elementor-container elementor-column-gap-default\">\n\t\t\t\t\t<div class=\"elementor-column elementor-col-100 elementor-top-column elementor-element elementor-element-b8e1dc7\" data-id=\"b8e1dc7\" data-element_type=\"column\">\n\t\t\t<div class=\"elementor-widget-wrap elementor-element-populated\">\n\t\t\t\t\t\t<div class=\"elementor-element elementor-element-f1c3830 elementor-widget elementor-widget-wd_text_block\" data-id=\"f1c3830\" data-element_type=\"widget\" data-widget_type=\"wd_text_block.default\">\n\t\t\t\t<div class=\"elementor-widget-container\">\n\t\t\t\t\t\t\t<div class=\"wd-text-block reset-last-child text-left\">\n\t\t\t\n\t\t\t<p>Three-phase regulators are used to ensure safe operation of high-power equipment, regulate voltage fluctuations and adapt to load changes in the system.<br><\/p><p>Regulators usually include the following components:<br><\/p><p><strong>Transformers: <\/strong>Used to change the input voltage.<br><\/p><p><strong>Regulator circuits:<\/strong> Used to regulate voltage or current.<br><\/p><p><strong>Control systems:<\/strong> Electronic or mechanical systems that monitor and regulate input and output voltage.<br><\/p><p><strong>Protective circuits<\/strong>: Used to protect the system in cases such as overvoltage or overcurrent.<br><\/p><p>Regulators are important for improving the reliability and performance of electrical systems. Especially in situations such as voltage fluctuations or sudden load changes, the use of regulators can help protect equipment and ensure stability in the system.<br> <\/p>\n\t\t\t\t\t<\/div>\n\t\t\t\t\t\t<\/div>\n\t\t\t\t<\/div>\n\t\t\t\t\t<\/div>\n\t\t<\/div>\n\t\t\t\t\t<\/div>\n\t\t<\/section>\n\t\t\t\t<\/div>\n\t\t","protected":false},"excerpt":{"rendered":"<p>Regulator (Single-phase &#8211; Three-phase): Electric Current Balancing and Protection Solutions Regulators are electronic devices that regulate voltage fluctuations in electrical<\/p>\n","protected":false},"author":1,"featured_media":0,"parent":0,"menu_order":0,"comment_status":"closed","ping_status":"closed","template":"","meta":{"footnotes":""},"class_list":["post-95934","page","type-page","status-publish","hentry"],"yoast_head":"<!-- This site is optimized with the Yoast SEO Premium plugin v25.8 (Yoast SEO v25.9) - https:\/\/yoast.com\/wordpress\/plugins\/seo\/ -->\n<title>REGULATOR (MONOFAZE -TRIPHASE) is an electronic... - Redsan Store<\/title>\n<meta name=\"description\" content=\"REGULATOR : Regulators are electronic devices that regulate voltage fluctuations in electrical systems and provide a constant voltage level.\" \/>\n<meta name=\"robots\" content=\"index, follow, max-snippet:-1, max-image-preview:large, max-video-preview:-1\" \/>\n<link rel=\"canonical\" href=\"https:\/\/redsanstore.com\/en\/regulator-monofaze-triphase-is-an-electronic\/\" \/>\n<meta property=\"og:locale\" content=\"en_US\" \/>\n<meta property=\"og:type\" content=\"article\" \/>\n<meta property=\"og:title\" content=\"REGULATOR (MONOFAZE -TRIPHASE) is an electronic...\" \/>\n<meta property=\"og:description\" content=\"REGULATOR : Regulators are electronic devices that regulate voltage fluctuations in electrical systems and provide a constant voltage level.\" \/>\n<meta property=\"og:url\" content=\"https:\/\/redsanstore.com\/en\/regulator-monofaze-triphase-is-an-electronic\/\" \/>\n<meta property=\"og:site_name\" content=\"Redsan Store\" \/>\n<meta property=\"article:publisher\" content=\"https:\/\/www.facebook.com\/redsanelektronik\" \/>\n<meta property=\"article:modified_time\" content=\"2025-03-05T12:28:00+00:00\" \/>\n<meta property=\"og:image\" content=\"https:\/\/redsanstore.com\/wp-content\/uploads\/2024\/02\/trifaz-768x576-1.webp\" \/>\n\t<meta property=\"og:image:width\" content=\"768\" \/>\n\t<meta property=\"og:image:height\" content=\"576\" \/>\n\t<meta property=\"og:image:type\" content=\"image\/webp\" \/>\n<meta name=\"twitter:card\" content=\"summary_large_image\" \/>\n<meta name=\"twitter:label1\" content=\"Est. reading time\" \/>\n\t<meta name=\"twitter:data1\" content=\"2 minutes\" \/>\n<script type=\"application\/ld+json\" class=\"yoast-schema-graph\">{\"@context\":\"https:\/\/schema.org\",\"@graph\":[{\"@type\":\"WebPage\",\"@id\":\"https:\/\/redsanstore.com\/en\/regulator-monofaze-triphase-is-an-electronic\/\",\"url\":\"https:\/\/redsanstore.com\/en\/regulator-monofaze-triphase-is-an-electronic\/\",\"name\":\"REGULATOR (MONOFAZE -TRIPHASE) is an electronic... - Redsan Store\",\"isPartOf\":{\"@id\":\"https:\/\/redsanstore.com\/#website\"},\"primaryImageOfPage\":{\"@id\":\"https:\/\/redsanstore.com\/en\/regulator-monofaze-triphase-is-an-electronic\/#primaryimage\"},\"image\":{\"@id\":\"https:\/\/redsanstore.com\/en\/regulator-monofaze-triphase-is-an-electronic\/#primaryimage\"},\"thumbnailUrl\":\"https:\/\/redsanstore.com\/wp-content\/uploads\/2024\/02\/trifaz-768x576-1.webp\",\"datePublished\":\"2024-02-22T09:03:59+00:00\",\"dateModified\":\"2025-03-05T12:28:00+00:00\",\"description\":\"REGULATOR : Regulators are electronic devices that regulate voltage fluctuations in electrical systems and provide a constant voltage level.\",\"breadcrumb\":{\"@id\":\"https:\/\/redsanstore.com\/en\/regulator-monofaze-triphase-is-an-electronic\/#breadcrumb\"},\"inLanguage\":\"en-US\",\"potentialAction\":[{\"@type\":\"ReadAction\",\"target\":[\"https:\/\/redsanstore.com\/en\/regulator-monofaze-triphase-is-an-electronic\/\"]}]},{\"@type\":\"ImageObject\",\"inLanguage\":\"en-US\",\"@id\":\"https:\/\/redsanstore.com\/en\/regulator-monofaze-triphase-is-an-electronic\/#primaryimage\",\"url\":\"https:\/\/redsanstore.com\/wp-content\/uploads\/2024\/02\/trifaz-768x576-1.webp\",\"contentUrl\":\"https:\/\/redsanstore.com\/wp-content\/uploads\/2024\/02\/trifaz-768x576-1.webp\"},{\"@type\":\"BreadcrumbList\",\"@id\":\"https:\/\/redsanstore.com\/en\/regulator-monofaze-triphase-is-an-electronic\/#breadcrumb\",\"itemListElement\":[{\"@type\":\"ListItem\",\"position\":1,\"name\":\"Anasayfa\",\"item\":\"https:\/\/redsanstore.com\/fr\/\"},{\"@type\":\"ListItem\",\"position\":2,\"name\":\"REGULATOR (MONOFAZE -TRIPHASE) is an electronic&#8230;\"}]},{\"@type\":\"WebSite\",\"@id\":\"https:\/\/redsanstore.com\/#website\",\"url\":\"https:\/\/redsanstore.com\/\",\"name\":\"Redsan Store\",\"description\":\"Redres\u00f6r - Reg\u00fclat\u00f6r - UPS - Ak\u00fc\",\"publisher\":{\"@id\":\"https:\/\/redsanstore.com\/#organization\"},\"alternateName\":\"Redres\u00f6r ve Kesintisiz G\u00fc\u00e7 Kayna\u011f\u0131 Ups\",\"potentialAction\":[{\"@type\":\"SearchAction\",\"target\":{\"@type\":\"EntryPoint\",\"urlTemplate\":\"https:\/\/redsanstore.com\/?s={search_term_string}\"},\"query-input\":{\"@type\":\"PropertyValueSpecification\",\"valueRequired\":true,\"valueName\":\"search_term_string\"}}],\"inLanguage\":\"en-US\"},{\"@type\":\"Organization\",\"@id\":\"https:\/\/redsanstore.com\/#organization\",\"name\":\"Redsan Store\",\"alternateName\":\"Redres\u00f6r ve Kesintisiz G\u00fc\u00e7 Kayna\u011f\u0131 Ups\",\"url\":\"https:\/\/redsanstore.com\/\",\"logo\":{\"@type\":\"ImageObject\",\"inLanguage\":\"en-US\",\"@id\":\"https:\/\/redsanstore.com\/#\/schema\/logo\/image\/\",\"url\":\"https:\/\/redsanstore.com\/wp-content\/uploads\/2024\/06\/redresor-ups-site-gorseli.jpg\",\"contentUrl\":\"https:\/\/redsanstore.com\/wp-content\/uploads\/2024\/06\/redresor-ups-site-gorseli.jpg\",\"width\":1200,\"height\":675,\"caption\":\"Redsan Store\"},\"image\":{\"@id\":\"https:\/\/redsanstore.com\/#\/schema\/logo\/image\/\"},\"sameAs\":[\"https:\/\/www.facebook.com\/redsanelektronik\",\"https:\/\/www.instagram.com\/redsanelektronik\/\",\"https:\/\/www.linkedin.com\/company\/redsan-elektronik\/\"]}]}<\/script>\n<!-- \/ Yoast SEO Premium plugin. -->","yoast_head_json":{"title":"REGULATOR (MONOFAZE -TRIPHASE) is an electronic... - Redsan Store","description":"REGULATOR : Regulators are electronic devices that regulate voltage fluctuations in electrical systems and provide a constant voltage level.","robots":{"index":"index","follow":"follow","max-snippet":"max-snippet:-1","max-image-preview":"max-image-preview:large","max-video-preview":"max-video-preview:-1"},"canonical":"https:\/\/redsanstore.com\/en\/regulator-monofaze-triphase-is-an-electronic\/","og_locale":"en_US","og_type":"article","og_title":"REGULATOR (MONOFAZE -TRIPHASE) is an electronic...","og_description":"REGULATOR : Regulators are electronic devices that regulate voltage fluctuations in electrical systems and provide a constant voltage level.","og_url":"https:\/\/redsanstore.com\/en\/regulator-monofaze-triphase-is-an-electronic\/","og_site_name":"Redsan Store","article_publisher":"https:\/\/www.facebook.com\/redsanelektronik","article_modified_time":"2025-03-05T12:28:00+00:00","og_image":[{"width":768,"height":576,"url":"https:\/\/redsanstore.com\/wp-content\/uploads\/2024\/02\/trifaz-768x576-1.webp","type":"image\/webp"}],"twitter_card":"summary_large_image","twitter_misc":{"Est. reading time":"2 minutes"},"schema":{"@context":"https:\/\/schema.org","@graph":[{"@type":"WebPage","@id":"https:\/\/redsanstore.com\/en\/regulator-monofaze-triphase-is-an-electronic\/","url":"https:\/\/redsanstore.com\/en\/regulator-monofaze-triphase-is-an-electronic\/","name":"REGULATOR (MONOFAZE -TRIPHASE) is an electronic... - Redsan Store","isPartOf":{"@id":"https:\/\/redsanstore.com\/#website"},"primaryImageOfPage":{"@id":"https:\/\/redsanstore.com\/en\/regulator-monofaze-triphase-is-an-electronic\/#primaryimage"},"image":{"@id":"https:\/\/redsanstore.com\/en\/regulator-monofaze-triphase-is-an-electronic\/#primaryimage"},"thumbnailUrl":"https:\/\/redsanstore.com\/wp-content\/uploads\/2024\/02\/trifaz-768x576-1.webp","datePublished":"2024-02-22T09:03:59+00:00","dateModified":"2025-03-05T12:28:00+00:00","description":"REGULATOR : Regulators are electronic devices that regulate voltage fluctuations in electrical systems and provide a constant voltage level.","breadcrumb":{"@id":"https:\/\/redsanstore.com\/en\/regulator-monofaze-triphase-is-an-electronic\/#breadcrumb"},"inLanguage":"en-US","potentialAction":[{"@type":"ReadAction","target":["https:\/\/redsanstore.com\/en\/regulator-monofaze-triphase-is-an-electronic\/"]}]},{"@type":"ImageObject","inLanguage":"en-US","@id":"https:\/\/redsanstore.com\/en\/regulator-monofaze-triphase-is-an-electronic\/#primaryimage","url":"https:\/\/redsanstore.com\/wp-content\/uploads\/2024\/02\/trifaz-768x576-1.webp","contentUrl":"https:\/\/redsanstore.com\/wp-content\/uploads\/2024\/02\/trifaz-768x576-1.webp"},{"@type":"BreadcrumbList","@id":"https:\/\/redsanstore.com\/en\/regulator-monofaze-triphase-is-an-electronic\/#breadcrumb","itemListElement":[{"@type":"ListItem","position":1,"name":"Anasayfa","item":"https:\/\/redsanstore.com\/fr\/"},{"@type":"ListItem","position":2,"name":"REGULATOR (MONOFAZE -TRIPHASE) is an electronic&#8230;"}]},{"@type":"WebSite","@id":"https:\/\/redsanstore.com\/#website","url":"https:\/\/redsanstore.com\/","name":"Redsan Store","description":"Redres\u00f6r - Reg\u00fclat\u00f6r - UPS - Ak\u00fc","publisher":{"@id":"https:\/\/redsanstore.com\/#organization"},"alternateName":"Redres\u00f6r ve Kesintisiz G\u00fc\u00e7 Kayna\u011f\u0131 Ups","potentialAction":[{"@type":"SearchAction","target":{"@type":"EntryPoint","urlTemplate":"https:\/\/redsanstore.com\/?s={search_term_string}"},"query-input":{"@type":"PropertyValueSpecification","valueRequired":true,"valueName":"search_term_string"}}],"inLanguage":"en-US"},{"@type":"Organization","@id":"https:\/\/redsanstore.com\/#organization","name":"Redsan Store","alternateName":"Redres\u00f6r ve Kesintisiz G\u00fc\u00e7 Kayna\u011f\u0131 Ups","url":"https:\/\/redsanstore.com\/","logo":{"@type":"ImageObject","inLanguage":"en-US","@id":"https:\/\/redsanstore.com\/#\/schema\/logo\/image\/","url":"https:\/\/redsanstore.com\/wp-content\/uploads\/2024\/06\/redresor-ups-site-gorseli.jpg","contentUrl":"https:\/\/redsanstore.com\/wp-content\/uploads\/2024\/06\/redresor-ups-site-gorseli.jpg","width":1200,"height":675,"caption":"Redsan Store"},"image":{"@id":"https:\/\/redsanstore.com\/#\/schema\/logo\/image\/"},"sameAs":["https:\/\/www.facebook.com\/redsanelektronik","https:\/\/www.instagram.com\/redsanelektronik\/","https:\/\/www.linkedin.com\/company\/redsan-elektronik\/"]}]}},"_links":{"self":[{"href":"https:\/\/redsanstore.com\/en\/wp-json\/wp\/v2\/pages\/95934","targetHints":{"allow":["GET"]}}],"collection":[{"href":"https:\/\/redsanstore.com\/en\/wp-json\/wp\/v2\/pages"}],"about":[{"href":"https:\/\/redsanstore.com\/en\/wp-json\/wp\/v2\/types\/page"}],"author":[{"embeddable":true,"href":"https:\/\/redsanstore.com\/en\/wp-json\/wp\/v2\/users\/1"}],"replies":[{"embeddable":true,"href":"https:\/\/redsanstore.com\/en\/wp-json\/wp\/v2\/comments?post=95934"}],"version-history":[{"count":0,"href":"https:\/\/redsanstore.com\/en\/wp-json\/wp\/v2\/pages\/95934\/revisions"}],"wp:attachment":[{"href":"https:\/\/redsanstore.com\/en\/wp-json\/wp\/v2\/media?parent=95934"}],"curies":[{"name":"wp","href":"https:\/\/api.w.org\/{rel}","templated":true}]}}