{"id":95902,"date":"2024-02-23T18:10:44","date_gmt":"2024-02-23T15:10:44","guid":{"rendered":"https:\/\/redsanstore.com\/online-1-10-kva-ups\/"},"modified":"2025-03-05T14:55:01","modified_gmt":"2025-03-05T11:55:01","slug":"online-1-10-kva-ups","status":"publish","type":"page","link":"https:\/\/redsanstore.com\/en\/online-1-10-kva-ups\/","title":{"rendered":"Online 1-10 KVA UPS<br>"},"content":{"rendered":"\t\t<div data-elementor-type=\"wp-page\" data-elementor-id=\"95902\" class=\"elementor elementor-95902 elementor-91588\" data-elementor-post-type=\"page\">\n\t\t\t\t\t\t<section class=\"wd-negative-gap elementor-section elementor-top-section elementor-element elementor-element-fddabe5 elementor-section-boxed elementor-section-height-default elementor-section-height-default\" data-id=\"fddabe5\" data-element_type=\"section\" data-settings=\"{&quot;jet_parallax_layout_list&quot;:[]}\">\n\t\t\t\t\t\t<div class=\"elementor-container elementor-column-gap-default\">\n\t\t\t\t\t<div class=\"elementor-column elementor-col-50 elementor-top-column elementor-element elementor-element-14619a0\" data-id=\"14619a0\" data-element_type=\"column\">\n\t\t\t<div class=\"elementor-widget-wrap elementor-element-populated\">\n\t\t\t\t\t\t<div class=\"elementor-element elementor-element-45dd4f4 elementor-widget elementor-widget-wd_text_block\" data-id=\"45dd4f4\" data-element_type=\"widget\" data-widget_type=\"wd_text_block.default\">\n\t\t\t\t<div class=\"elementor-widget-container\">\n\t\t\t\t\t\t\t<div class=\"wd-text-block reset-last-child text-left\">\n\t\t\t\n\t\t\t<h2 style=\"text-align: center;\">Online 1-10 KVA UPS: Reliable Power Backup Solutions Providing Uninterrupted Power<br><\/h2><p>Online 1-10 KVA UPS (Uninterruptible Power Supply) are power backup devices used to protect sensitive equipment against power outages and voltage fluctuations and to provide uninterrupted power. Appealing to a wide range of users, from small and medium-sized businesses to home users, these UPS models are considered a critical component for electrical safety.<br> <\/p><h3 style=\"text-align: center;\">Working Principle<\/h3><p>Online 1-10 KVA UPSs feature double conversion technology. This technology first converts the input AC (alternating current) electricity into DC (direct current) electricity and then converts this DC electricity back into AC electricity and supplies it to the devices. During this process, the UPS continuously draws power from the batteries and maintains the output voltage at a constant level, thus ensuring uninterrupted operation of the devices.<br>  <\/p>\n\t\t\t\t\t<\/div>\n\t\t\t\t\t\t<\/div>\n\t\t\t\t<\/div>\n\t\t\t\t<div class=\"elementor-element elementor-element-da7fc62 elementor-widget elementor-widget-image\" data-id=\"da7fc62\" data-element_type=\"widget\" data-widget_type=\"image.default\">\n\t\t\t\t<div class=\"elementor-widget-container\">\n\t\t\t\t\t\t\t\t\t\t\t\t\t\t\t<img fetchpriority=\"high\" decoding=\"async\" width=\"1024\" height=\"768\" src=\"https:\/\/redsanstore.com\/wp-content\/uploads\/2022\/09\/2-KV-ON-1024x768.jpg\" class=\"attachment-large size-large wp-image-84745\" alt=\"\" srcset=\"https:\/\/redsanstore.com\/wp-content\/uploads\/2022\/09\/2-KV-ON-1024x768.jpg 1024w, https:\/\/redsanstore.com\/wp-content\/uploads\/2022\/09\/2-KV-ON-300x225.jpg 300w, https:\/\/redsanstore.com\/wp-content\/uploads\/2022\/09\/2-KV-ON-768x576.jpg 768w, https:\/\/redsanstore.com\/wp-content\/uploads\/2022\/09\/2-KV-ON-600x450.jpg 600w, https:\/\/redsanstore.com\/wp-content\/uploads\/2022\/09\/2-KV-ON-150x113.jpg 150w, https:\/\/redsanstore.com\/wp-content\/uploads\/2022\/09\/2-KV-ON.jpg 1440w\" sizes=\"(max-width: 1024px) 100vw, 1024px\" \/>\t\t\t\t\t\t\t\t\t\t\t\t\t\t\t<\/div>\n\t\t\t\t<\/div>\n\t\t\t\t\t<\/div>\n\t\t<\/div>\n\t\t\t\t<div class=\"elementor-column elementor-col-50 elementor-top-column elementor-element elementor-element-ba68097\" data-id=\"ba68097\" data-element_type=\"column\">\n\t\t\t<div class=\"elementor-widget-wrap elementor-element-populated\">\n\t\t\t\t\t\t<div class=\"elementor-element elementor-element-44f0b37 elementor-widget elementor-widget-image\" data-id=\"44f0b37\" data-element_type=\"widget\" data-widget_type=\"image.default\">\n\t\t\t\t<div class=\"elementor-widget-container\">\n\t\t\t\t\t\t\t\t\t\t\t\t\t\t\t<img decoding=\"async\" width=\"1024\" height=\"768\" src=\"https:\/\/redsanstore.com\/wp-content\/uploads\/2022\/09\/6-ve-kv-on-1024x768.jpg\" class=\"attachment-large size-large wp-image-84782\" alt=\"\" srcset=\"https:\/\/redsanstore.com\/wp-content\/uploads\/2022\/09\/6-ve-kv-on-1024x768.jpg 1024w, https:\/\/redsanstore.com\/wp-content\/uploads\/2022\/09\/6-ve-kv-on-300x225.jpg 300w, https:\/\/redsanstore.com\/wp-content\/uploads\/2022\/09\/6-ve-kv-on-768x576.jpg 768w, https:\/\/redsanstore.com\/wp-content\/uploads\/2022\/09\/6-ve-kv-on-600x450.jpg 600w, https:\/\/redsanstore.com\/wp-content\/uploads\/2022\/09\/6-ve-kv-on-150x113.jpg 150w, https:\/\/redsanstore.com\/wp-content\/uploads\/2022\/09\/6-ve-kv-on.jpg 1440w\" sizes=\"(max-width: 1024px) 100vw, 1024px\" \/>\t\t\t\t\t\t\t\t\t\t\t\t\t\t\t<\/div>\n\t\t\t\t<\/div>\n\t\t\t\t<div class=\"elementor-element elementor-element-094ec37 elementor-widget elementor-widget-wd_text_block\" data-id=\"094ec37\" data-element_type=\"widget\" data-widget_type=\"wd_text_block.default\">\n\t\t\t\t<div class=\"elementor-widget-container\">\n\t\t\t\t\t\t\t<div class=\"wd-text-block reset-last-child text-left\">\n\t\t\t\n\t\t\t<h3 style=\"text-align: center;\">Application Areas<\/h3><ul><li>Small and medium-sized enterprises<br><\/li><li>Data centers and server rooms<br><\/li><li>Telecommunication infrastructure<br><\/li><li>Medical facilities and laboratories<br><\/li><li>Home use (especially home offices and personal computers)<br><\/li><\/ul><p>Online 1-10 KVA UPSs provide effective protection against power outages and voltage fluctuations, ensuring that businesses and users have a reliable power supply. Their flexible design and various capacity options adapt to different application areas and are considered a critical component for electrical safety.<br> <\/p><p>Online 1-10 KVA UPSs provide uninterrupted power against power outages, protecting sensitive equipment and maintaining business continuity.<br><\/p>\n\t\t\t\t\t<\/div>\n\t\t\t\t\t\t<\/div>\n\t\t\t\t<\/div>\n\t\t\t\t\t<\/div>\n\t\t<\/div>\n\t\t\t\t\t<\/div>\n\t\t<\/section>\n\t\t\t\t<section class=\"wd-negative-gap elementor-section elementor-top-section elementor-element elementor-element-1a167fc elementor-section-boxed elementor-section-height-default elementor-section-height-default\" data-id=\"1a167fc\" data-element_type=\"section\" data-settings=\"{&quot;jet_parallax_layout_list&quot;:[]}\">\n\t\t\t\t\t\t<div class=\"elementor-container elementor-column-gap-default\">\n\t\t\t\t\t<div class=\"elementor-column elementor-col-100 elementor-top-column elementor-element elementor-element-04aca77\" data-id=\"04aca77\" data-element_type=\"column\">\n\t\t\t<div class=\"elementor-widget-wrap elementor-element-populated\">\n\t\t\t\t\t\t<div class=\"elementor-element elementor-element-4dd07cc elementor-widget elementor-widget-spacer\" data-id=\"4dd07cc\" data-element_type=\"widget\" data-widget_type=\"spacer.default\">\n\t\t\t\t<div class=\"elementor-widget-container\">\n\t\t\t\t\t\t\t<div class=\"elementor-spacer\">\n\t\t\t<div class=\"elementor-spacer-inner\"><\/div>\n\t\t<\/div>\n\t\t\t\t\t\t<\/div>\n\t\t\t\t<\/div>\n\t\t\t\t\t<\/div>\n\t\t<\/div>\n\t\t\t\t\t<\/div>\n\t\t<\/section>\n\t\t\t\t<section class=\"wd-negative-gap elementor-section elementor-top-section elementor-element elementor-element-8875407 elementor-section-boxed elementor-section-height-default elementor-section-height-default\" data-id=\"8875407\" data-element_type=\"section\" data-settings=\"{&quot;jet_parallax_layout_list&quot;:[]}\">\n\t\t\t\t\t\t<div class=\"elementor-container elementor-column-gap-default\">\n\t\t\t\t\t<div class=\"elementor-column elementor-col-50 elementor-top-column elementor-element elementor-element-9a66f0d\" data-id=\"9a66f0d\" data-element_type=\"column\">\n\t\t\t<div class=\"elementor-widget-wrap elementor-element-populated\">\n\t\t\t\t\t\t<div class=\"elementor-element elementor-element-a120cd3 elementor-widget elementor-widget-wd_text_block\" data-id=\"a120cd3\" data-element_type=\"widget\" data-widget_type=\"wd_text_block.default\">\n\t\t\t\t<div class=\"elementor-widget-container\">\n\t\t\t\t\t\t\t<div class=\"wd-text-block reset-last-child text-left\">\n\t\t\t\n\t\t\t<h3 style=\"text-align: center;\">Advantages<\/h3><p><strong>Uninterrupted Power Supply:<\/strong> Online UPS ensures uninterrupted operation of devices during power outages, preventing data loss and ensuring business continuity.<br><\/p><p><strong>Voltage and Frequency Regulation: <\/strong>Double-conversion technology that smooths input voltage fluctuations and maintains a constant output voltage, ensuring the safe operation of sensitive equipment.<br><\/p><p><strong>Battery Charging and Protection: <\/strong>The UPS ensures that the batteries are continuously charged and at the same time protects them from overcharging, which prolongs the life of the batteries.<br><\/p><p><strong>High Efficiency:<\/strong> Online UPSs provide high energy efficiency thanks to double-conversion technology, which saves energy and reduces operating costs.<br><\/p><p><strong>Parallel Connectivity: <\/strong>Some models allow multiple UPSs to be connected in parallel for increased capacity and redundancy.<br><\/p>\n\t\t\t\t\t<\/div>\n\t\t\t\t\t\t<\/div>\n\t\t\t\t<\/div>\n\t\t\t\t\t<\/div>\n\t\t<\/div>\n\t\t\t\t<div class=\"elementor-column elementor-col-50 elementor-top-column elementor-element elementor-element-5b826c1\" data-id=\"5b826c1\" data-element_type=\"column\">\n\t\t\t<div class=\"elementor-widget-wrap\">\n\t\t\t\t\t\t\t<\/div>\n\t\t<\/div>\n\t\t\t\t\t<\/div>\n\t\t<\/section>\n\t\t\t\t<\/div>\n\t\t","protected":false},"excerpt":{"rendered":"<p>Online 1-10 KVA UPS: Reliable Power Backup Solutions Providing Uninterrupted Power Online 1-10 KVA UPS (Uninterruptible Power Supply) are power<\/p>\n","protected":false},"author":1,"featured_media":0,"parent":0,"menu_order":0,"comment_status":"closed","ping_status":"closed","template":"","meta":{"footnotes":""},"class_list":["post-95902","page","type-page","status-publish","hentry"],"yoast_head":"<!-- This site is optimized with the Yoast SEO Premium plugin v25.8 (Yoast SEO v25.9) - https:\/\/yoast.com\/wordpress\/plugins\/seo\/ -->\n<title>Online 1-10 KVA UPS - Redsan Store<\/title>\n<meta name=\"description\" content=\"Online 1-10 KVA UPS (Uninterruptible Power Supply) is designed to protect sensitive equipment against power outages and voltage fluctuations.\" \/>\n<meta name=\"robots\" content=\"index, follow, max-snippet:-1, max-image-preview:large, max-video-preview:-1\" \/>\n<link rel=\"canonical\" href=\"https:\/\/redsanstore.com\/en\/online-1-10-kva-ups\/\" \/>\n<meta property=\"og:locale\" content=\"en_US\" \/>\n<meta property=\"og:type\" content=\"article\" \/>\n<meta property=\"og:title\" content=\"Online 1-10 KVA UPS\" \/>\n<meta property=\"og:description\" content=\"Online 1-10 KVA UPS (Uninterruptible Power Supply) is designed to protect sensitive equipment against power outages and voltage fluctuations.\" \/>\n<meta property=\"og:url\" content=\"https:\/\/redsanstore.com\/en\/online-1-10-kva-ups\/\" \/>\n<meta property=\"og:site_name\" content=\"Redsan Store\" \/>\n<meta property=\"article:publisher\" content=\"https:\/\/www.facebook.com\/redsanelektronik\" \/>\n<meta property=\"article:modified_time\" content=\"2025-03-05T11:55:01+00:00\" \/>\n<meta property=\"og:image\" content=\"https:\/\/redsanstore.com\/wp-content\/uploads\/2022\/09\/2-KV-ON.jpg\" \/>\n\t<meta property=\"og:image:width\" content=\"1440\" \/>\n\t<meta property=\"og:image:height\" content=\"1080\" \/>\n\t<meta property=\"og:image:type\" content=\"image\/jpeg\" \/>\n<meta name=\"twitter:card\" content=\"summary_large_image\" \/>\n<meta name=\"twitter:label1\" content=\"Est. reading time\" \/>\n\t<meta name=\"twitter:data1\" content=\"2 minutes\" \/>\n<script type=\"application\/ld+json\" class=\"yoast-schema-graph\">{\"@context\":\"https:\/\/schema.org\",\"@graph\":[{\"@type\":\"WebPage\",\"@id\":\"https:\/\/redsanstore.com\/en\/online-1-10-kva-ups\/\",\"url\":\"https:\/\/redsanstore.com\/en\/online-1-10-kva-ups\/\",\"name\":\"Online 1-10 KVA UPS - Redsan Store\",\"isPartOf\":{\"@id\":\"https:\/\/redsanstore.com\/#website\"},\"primaryImageOfPage\":{\"@id\":\"https:\/\/redsanstore.com\/en\/online-1-10-kva-ups\/#primaryimage\"},\"image\":{\"@id\":\"https:\/\/redsanstore.com\/en\/online-1-10-kva-ups\/#primaryimage\"},\"thumbnailUrl\":\"https:\/\/redsanstore.com\/wp-content\/uploads\/2022\/09\/2-KV-ON-1024x768.jpg\",\"datePublished\":\"2024-02-23T15:10:44+00:00\",\"dateModified\":\"2025-03-05T11:55:01+00:00\",\"description\":\"Online 1-10 KVA UPS (Uninterruptible Power Supply) is designed to protect sensitive equipment against power outages and voltage fluctuations.\",\"breadcrumb\":{\"@id\":\"https:\/\/redsanstore.com\/en\/online-1-10-kva-ups\/#breadcrumb\"},\"inLanguage\":\"en-US\",\"potentialAction\":[{\"@type\":\"ReadAction\",\"target\":[\"https:\/\/redsanstore.com\/en\/online-1-10-kva-ups\/\"]}]},{\"@type\":\"ImageObject\",\"inLanguage\":\"en-US\",\"@id\":\"https:\/\/redsanstore.com\/en\/online-1-10-kva-ups\/#primaryimage\",\"url\":\"https:\/\/redsanstore.com\/wp-content\/uploads\/2022\/09\/2-KV-ON-1024x768.jpg\",\"contentUrl\":\"https:\/\/redsanstore.com\/wp-content\/uploads\/2022\/09\/2-KV-ON-1024x768.jpg\"},{\"@type\":\"BreadcrumbList\",\"@id\":\"https:\/\/redsanstore.com\/en\/online-1-10-kva-ups\/#breadcrumb\",\"itemListElement\":[{\"@type\":\"ListItem\",\"position\":1,\"name\":\"Anasayfa\",\"item\":\"https:\/\/redsanstore.com\/fr\/\"},{\"@type\":\"ListItem\",\"position\":2,\"name\":\"Online 1-10 KVA UPS\"}]},{\"@type\":\"WebSite\",\"@id\":\"https:\/\/redsanstore.com\/#website\",\"url\":\"https:\/\/redsanstore.com\/\",\"name\":\"Redsan Store\",\"description\":\"Redres\u00f6r - Reg\u00fclat\u00f6r - UPS - Ak\u00fc\",\"publisher\":{\"@id\":\"https:\/\/redsanstore.com\/#organization\"},\"alternateName\":\"Redres\u00f6r ve Kesintisiz G\u00fc\u00e7 Kayna\u011f\u0131 Ups\",\"potentialAction\":[{\"@type\":\"SearchAction\",\"target\":{\"@type\":\"EntryPoint\",\"urlTemplate\":\"https:\/\/redsanstore.com\/?s={search_term_string}\"},\"query-input\":{\"@type\":\"PropertyValueSpecification\",\"valueRequired\":true,\"valueName\":\"search_term_string\"}}],\"inLanguage\":\"en-US\"},{\"@type\":\"Organization\",\"@id\":\"https:\/\/redsanstore.com\/#organization\",\"name\":\"Redsan Store\",\"alternateName\":\"Redres\u00f6r ve Kesintisiz G\u00fc\u00e7 Kayna\u011f\u0131 Ups\",\"url\":\"https:\/\/redsanstore.com\/\",\"logo\":{\"@type\":\"ImageObject\",\"inLanguage\":\"en-US\",\"@id\":\"https:\/\/redsanstore.com\/#\/schema\/logo\/image\/\",\"url\":\"https:\/\/redsanstore.com\/wp-content\/uploads\/2024\/06\/redresor-ups-site-gorseli.jpg\",\"contentUrl\":\"https:\/\/redsanstore.com\/wp-content\/uploads\/2024\/06\/redresor-ups-site-gorseli.jpg\",\"width\":1200,\"height\":675,\"caption\":\"Redsan Store\"},\"image\":{\"@id\":\"https:\/\/redsanstore.com\/#\/schema\/logo\/image\/\"},\"sameAs\":[\"https:\/\/www.facebook.com\/redsanelektronik\",\"https:\/\/www.instagram.com\/redsanelektronik\/\",\"https:\/\/www.linkedin.com\/company\/redsan-elektronik\/\"]}]}<\/script>\n<!-- \/ Yoast SEO Premium plugin. -->","yoast_head_json":{"title":"Online 1-10 KVA UPS - Redsan Store","description":"Online 1-10 KVA UPS (Uninterruptible Power Supply) is designed to protect sensitive equipment against power outages and voltage fluctuations.","robots":{"index":"index","follow":"follow","max-snippet":"max-snippet:-1","max-image-preview":"max-image-preview:large","max-video-preview":"max-video-preview:-1"},"canonical":"https:\/\/redsanstore.com\/en\/online-1-10-kva-ups\/","og_locale":"en_US","og_type":"article","og_title":"Online 1-10 KVA UPS","og_description":"Online 1-10 KVA UPS (Uninterruptible Power Supply) is designed to protect sensitive equipment against power outages and voltage fluctuations.","og_url":"https:\/\/redsanstore.com\/en\/online-1-10-kva-ups\/","og_site_name":"Redsan Store","article_publisher":"https:\/\/www.facebook.com\/redsanelektronik","article_modified_time":"2025-03-05T11:55:01+00:00","og_image":[{"width":1440,"height":1080,"url":"https:\/\/redsanstore.com\/wp-content\/uploads\/2022\/09\/2-KV-ON.jpg","type":"image\/jpeg"}],"twitter_card":"summary_large_image","twitter_misc":{"Est. reading time":"2 minutes"},"schema":{"@context":"https:\/\/schema.org","@graph":[{"@type":"WebPage","@id":"https:\/\/redsanstore.com\/en\/online-1-10-kva-ups\/","url":"https:\/\/redsanstore.com\/en\/online-1-10-kva-ups\/","name":"Online 1-10 KVA UPS - Redsan Store","isPartOf":{"@id":"https:\/\/redsanstore.com\/#website"},"primaryImageOfPage":{"@id":"https:\/\/redsanstore.com\/en\/online-1-10-kva-ups\/#primaryimage"},"image":{"@id":"https:\/\/redsanstore.com\/en\/online-1-10-kva-ups\/#primaryimage"},"thumbnailUrl":"https:\/\/redsanstore.com\/wp-content\/uploads\/2022\/09\/2-KV-ON-1024x768.jpg","datePublished":"2024-02-23T15:10:44+00:00","dateModified":"2025-03-05T11:55:01+00:00","description":"Online 1-10 KVA UPS (Uninterruptible Power Supply) is designed to protect sensitive equipment against power outages and voltage fluctuations.","breadcrumb":{"@id":"https:\/\/redsanstore.com\/en\/online-1-10-kva-ups\/#breadcrumb"},"inLanguage":"en-US","potentialAction":[{"@type":"ReadAction","target":["https:\/\/redsanstore.com\/en\/online-1-10-kva-ups\/"]}]},{"@type":"ImageObject","inLanguage":"en-US","@id":"https:\/\/redsanstore.com\/en\/online-1-10-kva-ups\/#primaryimage","url":"https:\/\/redsanstore.com\/wp-content\/uploads\/2022\/09\/2-KV-ON-1024x768.jpg","contentUrl":"https:\/\/redsanstore.com\/wp-content\/uploads\/2022\/09\/2-KV-ON-1024x768.jpg"},{"@type":"BreadcrumbList","@id":"https:\/\/redsanstore.com\/en\/online-1-10-kva-ups\/#breadcrumb","itemListElement":[{"@type":"ListItem","position":1,"name":"Anasayfa","item":"https:\/\/redsanstore.com\/fr\/"},{"@type":"ListItem","position":2,"name":"Online 1-10 KVA UPS"}]},{"@type":"WebSite","@id":"https:\/\/redsanstore.com\/#website","url":"https:\/\/redsanstore.com\/","name":"Redsan Store","description":"Redres\u00f6r - Reg\u00fclat\u00f6r - UPS - Ak\u00fc","publisher":{"@id":"https:\/\/redsanstore.com\/#organization"},"alternateName":"Redres\u00f6r ve Kesintisiz G\u00fc\u00e7 Kayna\u011f\u0131 Ups","potentialAction":[{"@type":"SearchAction","target":{"@type":"EntryPoint","urlTemplate":"https:\/\/redsanstore.com\/?s={search_term_string}"},"query-input":{"@type":"PropertyValueSpecification","valueRequired":true,"valueName":"search_term_string"}}],"inLanguage":"en-US"},{"@type":"Organization","@id":"https:\/\/redsanstore.com\/#organization","name":"Redsan Store","alternateName":"Redres\u00f6r ve Kesintisiz G\u00fc\u00e7 Kayna\u011f\u0131 Ups","url":"https:\/\/redsanstore.com\/","logo":{"@type":"ImageObject","inLanguage":"en-US","@id":"https:\/\/redsanstore.com\/#\/schema\/logo\/image\/","url":"https:\/\/redsanstore.com\/wp-content\/uploads\/2024\/06\/redresor-ups-site-gorseli.jpg","contentUrl":"https:\/\/redsanstore.com\/wp-content\/uploads\/2024\/06\/redresor-ups-site-gorseli.jpg","width":1200,"height":675,"caption":"Redsan Store"},"image":{"@id":"https:\/\/redsanstore.com\/#\/schema\/logo\/image\/"},"sameAs":["https:\/\/www.facebook.com\/redsanelektronik","https:\/\/www.instagram.com\/redsanelektronik\/","https:\/\/www.linkedin.com\/company\/redsan-elektronik\/"]}]}},"_links":{"self":[{"href":"https:\/\/redsanstore.com\/en\/wp-json\/wp\/v2\/pages\/95902","targetHints":{"allow":["GET"]}}],"collection":[{"href":"https:\/\/redsanstore.com\/en\/wp-json\/wp\/v2\/pages"}],"about":[{"href":"https:\/\/redsanstore.com\/en\/wp-json\/wp\/v2\/types\/page"}],"author":[{"embeddable":true,"href":"https:\/\/redsanstore.com\/en\/wp-json\/wp\/v2\/users\/1"}],"replies":[{"embeddable":true,"href":"https:\/\/redsanstore.com\/en\/wp-json\/wp\/v2\/comments?post=95902"}],"version-history":[{"count":0,"href":"https:\/\/redsanstore.com\/en\/wp-json\/wp\/v2\/pages\/95902\/revisions"}],"wp:attachment":[{"href":"https:\/\/redsanstore.com\/en\/wp-json\/wp\/v2\/media?parent=95902"}],"curies":[{"name":"wp","href":"https:\/\/api.w.org\/{rel}","templated":true}]}}