{"id":95882,"date":"2024-02-23T17:55:55","date_gmt":"2024-02-23T14:55:55","guid":{"rendered":"https:\/\/redsanstore.com\/single-phase-regulators\/"},"modified":"2025-03-05T14:41:29","modified_gmt":"2025-03-05T11:41:29","slug":"single-phase-regulators","status":"publish","type":"page","link":"https:\/\/redsanstore.com\/en\/single-phase-regulators\/","title":{"rendered":"Single Phase Regulators<br>"},"content":{"rendered":"\t\t<div data-elementor-type=\"wp-page\" data-elementor-id=\"95882\" class=\"elementor elementor-95882 elementor-91582\" data-elementor-post-type=\"page\">\n\t\t\t\t\t\t<section class=\"wd-negative-gap elementor-section elementor-top-section elementor-element elementor-element-9d32e0e elementor-section-boxed elementor-section-height-default elementor-section-height-default\" data-id=\"9d32e0e\" data-element_type=\"section\" data-settings=\"{&quot;jet_parallax_layout_list&quot;:[]}\">\n\t\t\t\t\t\t<div class=\"elementor-container elementor-column-gap-default\">\n\t\t\t\t\t<div class=\"elementor-column elementor-col-50 elementor-top-column elementor-element elementor-element-fe5d18e\" data-id=\"fe5d18e\" data-element_type=\"column\">\n\t\t\t<div class=\"elementor-widget-wrap elementor-element-populated\">\n\t\t\t\t\t\t<div class=\"elementor-element elementor-element-e6b807f elementor-widget elementor-widget-wd_text_block\" data-id=\"e6b807f\" data-element_type=\"widget\" data-widget_type=\"wd_text_block.default\">\n\t\t\t\t<div class=\"elementor-widget-container\">\n\t\t\t\t\t\t\t<div class=\"wd-text-block reset-last-child text-left\">\n\t\t\t\n\t\t\t<h2 style=\"text-align: center;\">Single Phase Regulators: Power Protection Devices Regulating Voltage Fluctuations<br><\/h2><p>Single-phase regulators are important power protection devices that regulate voltage fluctuations in the electrical network and ensure the safe operation of devices. Used in a variety of applications, from homes to small businesses and offices, these devices are designed to protect sensitive electronic equipment and prevent damage caused by overvoltage.<br> <\/p><h3 style=\"text-align: center;\">Working Principle<\/h3><p>Single-phase regulators detect and automatically regulate voltage fluctuations in the AC (alternating current) electrical network. Under normal conditions, the input voltage is controlled by the regulator and a constant output voltage is maintained. If the input voltage is high or low, the regulator corrects these fluctuations and ensures safe operation of the devices.<br>  <\/p>\n\t\t\t\t\t<\/div>\n\t\t\t\t\t\t<\/div>\n\t\t\t\t<\/div>\n\t\t\t\t<div class=\"elementor-element elementor-element-8122526 elementor-widget elementor-widget-image\" data-id=\"8122526\" data-element_type=\"widget\" data-widget_type=\"image.default\">\n\t\t\t\t<div class=\"elementor-widget-container\">\n\t\t\t\t\t\t\t\t\t\t\t\t\t\t\t<img fetchpriority=\"high\" decoding=\"async\" width=\"1024\" height=\"768\" src=\"https:\/\/redsanstore.com\/wp-content\/uploads\/2022\/09\/mon11-1024x768.jpg\" class=\"attachment-large size-large wp-image-85187\" alt=\"\" srcset=\"https:\/\/redsanstore.com\/wp-content\/uploads\/2022\/09\/mon11-1024x768.jpg 1024w, https:\/\/redsanstore.com\/wp-content\/uploads\/2022\/09\/mon11-300x225.jpg 300w, https:\/\/redsanstore.com\/wp-content\/uploads\/2022\/09\/mon11-768x576.jpg 768w, https:\/\/redsanstore.com\/wp-content\/uploads\/2022\/09\/mon11-600x450.jpg 600w, https:\/\/redsanstore.com\/wp-content\/uploads\/2022\/09\/mon11-150x113.jpg 150w, https:\/\/redsanstore.com\/wp-content\/uploads\/2022\/09\/mon11.jpg 1440w\" sizes=\"(max-width: 1024px) 100vw, 1024px\" \/>\t\t\t\t\t\t\t\t\t\t\t\t\t\t\t<\/div>\n\t\t\t\t<\/div>\n\t\t\t\t\t<\/div>\n\t\t<\/div>\n\t\t\t\t<div class=\"elementor-column elementor-col-50 elementor-top-column elementor-element elementor-element-8924323\" data-id=\"8924323\" data-element_type=\"column\">\n\t\t\t<div class=\"elementor-widget-wrap elementor-element-populated\">\n\t\t\t\t\t\t<div class=\"elementor-element elementor-element-5d7719a elementor-widget elementor-widget-image\" data-id=\"5d7719a\" data-element_type=\"widget\" data-widget_type=\"image.default\">\n\t\t\t\t<div class=\"elementor-widget-container\">\n\t\t\t\t\t\t\t\t\t\t\t\t\t\t\t<img decoding=\"async\" width=\"1024\" height=\"768\" src=\"https:\/\/redsanstore.com\/wp-content\/uploads\/2022\/09\/regulator-monofaz-1024x768.jpg\" class=\"attachment-large size-large wp-image-85182\" alt=\"\" srcset=\"https:\/\/redsanstore.com\/wp-content\/uploads\/2022\/09\/regulator-monofaz-1024x768.jpg 1024w, https:\/\/redsanstore.com\/wp-content\/uploads\/2022\/09\/regulator-monofaz-300x225.jpg 300w, https:\/\/redsanstore.com\/wp-content\/uploads\/2022\/09\/regulator-monofaz-768x576.jpg 768w, https:\/\/redsanstore.com\/wp-content\/uploads\/2022\/09\/regulator-monofaz-600x450.jpg 600w, https:\/\/redsanstore.com\/wp-content\/uploads\/2022\/09\/regulator-monofaz-150x113.jpg 150w, https:\/\/redsanstore.com\/wp-content\/uploads\/2022\/09\/regulator-monofaz.jpg 1440w\" sizes=\"(max-width: 1024px) 100vw, 1024px\" \/>\t\t\t\t\t\t\t\t\t\t\t\t\t\t\t<\/div>\n\t\t\t\t<\/div>\n\t\t\t\t<div class=\"elementor-element elementor-element-d61324a elementor-widget elementor-widget-wd_text_block\" data-id=\"d61324a\" data-element_type=\"widget\" data-widget_type=\"wd_text_block.default\">\n\t\t\t\t<div class=\"elementor-widget-container\">\n\t\t\t\t\t\t\t<div class=\"wd-text-block reset-last-child text-left\">\n\t\t\t\n\t\t\t<h3 style=\"text-align: center;\">What do they do?<br><\/h3><p> <\/p><p>Single-phase regulators regulate fluctuations in electrical systems and keep the electrical load at a constant voltage level.<br><\/p><p>It prevents damage to connected equipment by automatically activating in case of over or under voltage in electrical systems.<br><\/p><p>By providing a constant voltage, it ensures more reliable operation of electrical devices and extends their lifetime.<br><\/p>\n\t\t\t\t\t<\/div>\n\t\t\t\t\t\t<\/div>\n\t\t\t\t<\/div>\n\t\t\t\t\t<\/div>\n\t\t<\/div>\n\t\t\t\t\t<\/div>\n\t\t<\/section>\n\t\t\t\t<section class=\"wd-negative-gap elementor-section elementor-top-section elementor-element elementor-element-c4d49d2 elementor-section-boxed elementor-section-height-default elementor-section-height-default\" data-id=\"c4d49d2\" data-element_type=\"section\" data-settings=\"{&quot;jet_parallax_layout_list&quot;:[]}\">\n\t\t\t\t\t\t<div class=\"elementor-container elementor-column-gap-default\">\n\t\t\t\t\t<div class=\"elementor-column elementor-col-100 elementor-top-column elementor-element elementor-element-3288289\" data-id=\"3288289\" data-element_type=\"column\">\n\t\t\t<div class=\"elementor-widget-wrap elementor-element-populated\">\n\t\t\t\t\t\t<div class=\"elementor-element elementor-element-f863e70 elementor-widget elementor-widget-spacer\" data-id=\"f863e70\" data-element_type=\"widget\" data-widget_type=\"spacer.default\">\n\t\t\t\t<div class=\"elementor-widget-container\">\n\t\t\t\t\t\t\t<div class=\"elementor-spacer\">\n\t\t\t<div class=\"elementor-spacer-inner\"><\/div>\n\t\t<\/div>\n\t\t\t\t\t\t<\/div>\n\t\t\t\t<\/div>\n\t\t\t\t\t<\/div>\n\t\t<\/div>\n\t\t\t\t\t<\/div>\n\t\t<\/section>\n\t\t\t\t<section class=\"wd-negative-gap elementor-section elementor-top-section elementor-element elementor-element-952d8f2 elementor-section-boxed elementor-section-height-default elementor-section-height-default\" data-id=\"952d8f2\" data-element_type=\"section\" data-settings=\"{&quot;jet_parallax_layout_list&quot;:[]}\">\n\t\t\t\t\t\t<div class=\"elementor-container elementor-column-gap-default\">\n\t\t\t\t\t<div class=\"elementor-column elementor-col-50 elementor-top-column elementor-element elementor-element-44866e9\" data-id=\"44866e9\" data-element_type=\"column\">\n\t\t\t<div class=\"elementor-widget-wrap elementor-element-populated\">\n\t\t\t\t\t\t<div class=\"elementor-element elementor-element-687abc4 elementor-widget elementor-widget-wd_text_block\" data-id=\"687abc4\" data-element_type=\"widget\" data-widget_type=\"wd_text_block.default\">\n\t\t\t\t<div class=\"elementor-widget-container\">\n\t\t\t\t\t\t\t<div class=\"wd-text-block reset-last-child text-left\">\n\t\t\t\n\t\t\t<h3 style=\"text-align: center;\">Advantages<\/h3><p><strong>Voltage Stabilization: <\/strong>Single-phase regulators regulate input voltage fluctuations to provide a constant output voltage, which ensures the safe and efficient operation of sensitive equipment.<br><\/p><p><strong>Device Protection: <\/strong>Prevents damage caused by overvoltages in the electrical network and protects electronic equipment, extending the life of the devices.<br><\/p><p><strong>Fast Response Time:<\/strong> Regulators react quickly when there are instantaneous changes in input voltage and ensure the protection of devices.<br><\/p><p><strong>Compact Design:<\/strong> Generally designed in a compact size, single-phase regulators have a small footprint and can be easily mounted, making them easy to install and use.<br><\/p><p><strong>Economic Solution: <\/strong>The affordability of the devices and low maintenance requirements make single-phase regulators an economical power protection solution.<br><\/p>\n\t\t\t\t\t<\/div>\n\t\t\t\t\t\t<\/div>\n\t\t\t\t<\/div>\n\t\t\t\t\t<\/div>\n\t\t<\/div>\n\t\t\t\t<div class=\"elementor-column elementor-col-50 elementor-top-column elementor-element elementor-element-368d5c5\" data-id=\"368d5c5\" data-element_type=\"column\">\n\t\t\t<div class=\"elementor-widget-wrap elementor-element-populated\">\n\t\t\t\t\t\t<div class=\"elementor-element elementor-element-e949777 elementor-widget elementor-widget-wd_text_block\" data-id=\"e949777\" data-element_type=\"widget\" data-widget_type=\"wd_text_block.default\">\n\t\t\t\t<div class=\"elementor-widget-container\">\n\t\t\t\t\t\t\t<div class=\"wd-text-block reset-last-child text-left\">\n\t\t\t\n\t\t\t<h3 style=\"text-align: center;\">Application Areas<\/h3><ul><li>Home use: Precision home appliances, computers, televisions<br><\/li><li>Small businesses: Office equipment, printers, copiers<br><\/li><li>Commercial use: Shop equipment, POS systems, workplace equipment<br><\/li><li>Educational institutions: Computer labs, classroom equipment<br><\/li><li>Health facilities: Medical devices, laboratory equipment<br><\/li><\/ul><p>Single-phase regulators ensure the safety of sensitive equipment by minimizing the negative effects caused by voltage fluctuations in the electrical network. With their use in various fields of application and easy installation and operation, they are considered an essential component for electrical safety.<br> <\/p>\n\t\t\t\t\t<\/div>\n\t\t\t\t\t\t<\/div>\n\t\t\t\t<\/div>\n\t\t\t\t\t<\/div>\n\t\t<\/div>\n\t\t\t\t\t<\/div>\n\t\t<\/section>\n\t\t\t\t<\/div>\n\t\t","protected":false},"excerpt":{"rendered":"<p>Single Phase Regulators: Power Protection Devices Regulating Voltage Fluctuations Single-phase regulators are important power protection devices that regulate voltage fluctuations<\/p>\n","protected":false},"author":1,"featured_media":0,"parent":0,"menu_order":0,"comment_status":"closed","ping_status":"closed","template":"","meta":{"footnotes":""},"class_list":["post-95882","page","type-page","status-publish","hentry"],"yoast_head":"<!-- This site is optimized with the Yoast SEO Premium plugin v25.8 (Yoast SEO v25.9) - https:\/\/yoast.com\/wordpress\/plugins\/seo\/ -->\n<title>Single Phase Regulators - Redsan Store<\/title>\n<meta name=\"description\" content=\"Single Phase Regulators : Single-phase regulators regulate the voltage fluctuations occurring in the electrical network and ensure the safe operation of...\" \/>\n<meta name=\"robots\" content=\"index, follow, max-snippet:-1, max-image-preview:large, max-video-preview:-1\" \/>\n<link rel=\"canonical\" href=\"https:\/\/redsanstore.com\/en\/single-phase-regulators\/\" \/>\n<meta property=\"og:locale\" content=\"en_US\" \/>\n<meta property=\"og:type\" content=\"article\" \/>\n<meta property=\"og:title\" content=\"Single Phase Regulators\" \/>\n<meta property=\"og:description\" content=\"Single Phase Regulators : Single-phase regulators regulate the voltage fluctuations occurring in the electrical network and ensure the safe operation of...\" \/>\n<meta property=\"og:url\" content=\"https:\/\/redsanstore.com\/en\/single-phase-regulators\/\" \/>\n<meta property=\"og:site_name\" content=\"Redsan Store\" \/>\n<meta property=\"article:publisher\" content=\"https:\/\/www.facebook.com\/redsanelektronik\" \/>\n<meta property=\"article:modified_time\" content=\"2025-03-05T11:41:29+00:00\" \/>\n<meta property=\"og:image\" content=\"https:\/\/redsanstore.com\/wp-content\/uploads\/2022\/09\/mon11.jpg\" \/>\n\t<meta property=\"og:image:width\" content=\"1440\" \/>\n\t<meta property=\"og:image:height\" content=\"1080\" \/>\n\t<meta property=\"og:image:type\" content=\"image\/jpeg\" \/>\n<meta name=\"twitter:card\" content=\"summary_large_image\" \/>\n<meta name=\"twitter:label1\" content=\"Est. reading time\" \/>\n\t<meta name=\"twitter:data1\" content=\"2 minutes\" \/>\n<script type=\"application\/ld+json\" class=\"yoast-schema-graph\">{\"@context\":\"https:\/\/schema.org\",\"@graph\":[{\"@type\":\"WebPage\",\"@id\":\"https:\/\/redsanstore.com\/en\/single-phase-regulators\/\",\"url\":\"https:\/\/redsanstore.com\/en\/single-phase-regulators\/\",\"name\":\"Single Phase Regulators - Redsan Store\",\"isPartOf\":{\"@id\":\"https:\/\/redsanstore.com\/#website\"},\"primaryImageOfPage\":{\"@id\":\"https:\/\/redsanstore.com\/en\/single-phase-regulators\/#primaryimage\"},\"image\":{\"@id\":\"https:\/\/redsanstore.com\/en\/single-phase-regulators\/#primaryimage\"},\"thumbnailUrl\":\"https:\/\/redsanstore.com\/wp-content\/uploads\/2022\/09\/mon11-1024x768.jpg\",\"datePublished\":\"2024-02-23T14:55:55+00:00\",\"dateModified\":\"2025-03-05T11:41:29+00:00\",\"description\":\"Single Phase Regulators : Single-phase regulators regulate the voltage fluctuations occurring in the electrical network and ensure the safe operation of...\",\"breadcrumb\":{\"@id\":\"https:\/\/redsanstore.com\/en\/single-phase-regulators\/#breadcrumb\"},\"inLanguage\":\"en-US\",\"potentialAction\":[{\"@type\":\"ReadAction\",\"target\":[\"https:\/\/redsanstore.com\/en\/single-phase-regulators\/\"]}]},{\"@type\":\"ImageObject\",\"inLanguage\":\"en-US\",\"@id\":\"https:\/\/redsanstore.com\/en\/single-phase-regulators\/#primaryimage\",\"url\":\"https:\/\/redsanstore.com\/wp-content\/uploads\/2022\/09\/mon11-1024x768.jpg\",\"contentUrl\":\"https:\/\/redsanstore.com\/wp-content\/uploads\/2022\/09\/mon11-1024x768.jpg\"},{\"@type\":\"BreadcrumbList\",\"@id\":\"https:\/\/redsanstore.com\/en\/single-phase-regulators\/#breadcrumb\",\"itemListElement\":[{\"@type\":\"ListItem\",\"position\":1,\"name\":\"Anasayfa\",\"item\":\"https:\/\/redsanstore.com\/fr\/\"},{\"@type\":\"ListItem\",\"position\":2,\"name\":\"Single Phase Regulators\"}]},{\"@type\":\"WebSite\",\"@id\":\"https:\/\/redsanstore.com\/#website\",\"url\":\"https:\/\/redsanstore.com\/\",\"name\":\"Redsan Store\",\"description\":\"Redres\u00f6r - Reg\u00fclat\u00f6r - UPS - Ak\u00fc\",\"publisher\":{\"@id\":\"https:\/\/redsanstore.com\/#organization\"},\"alternateName\":\"Redres\u00f6r ve Kesintisiz G\u00fc\u00e7 Kayna\u011f\u0131 Ups\",\"potentialAction\":[{\"@type\":\"SearchAction\",\"target\":{\"@type\":\"EntryPoint\",\"urlTemplate\":\"https:\/\/redsanstore.com\/?s={search_term_string}\"},\"query-input\":{\"@type\":\"PropertyValueSpecification\",\"valueRequired\":true,\"valueName\":\"search_term_string\"}}],\"inLanguage\":\"en-US\"},{\"@type\":\"Organization\",\"@id\":\"https:\/\/redsanstore.com\/#organization\",\"name\":\"Redsan Store\",\"alternateName\":\"Redres\u00f6r ve Kesintisiz G\u00fc\u00e7 Kayna\u011f\u0131 Ups\",\"url\":\"https:\/\/redsanstore.com\/\",\"logo\":{\"@type\":\"ImageObject\",\"inLanguage\":\"en-US\",\"@id\":\"https:\/\/redsanstore.com\/#\/schema\/logo\/image\/\",\"url\":\"https:\/\/redsanstore.com\/wp-content\/uploads\/2024\/06\/redresor-ups-site-gorseli.jpg\",\"contentUrl\":\"https:\/\/redsanstore.com\/wp-content\/uploads\/2024\/06\/redresor-ups-site-gorseli.jpg\",\"width\":1200,\"height\":675,\"caption\":\"Redsan Store\"},\"image\":{\"@id\":\"https:\/\/redsanstore.com\/#\/schema\/logo\/image\/\"},\"sameAs\":[\"https:\/\/www.facebook.com\/redsanelektronik\",\"https:\/\/www.instagram.com\/redsanelektronik\/\",\"https:\/\/www.linkedin.com\/company\/redsan-elektronik\/\"]}]}<\/script>\n<!-- \/ Yoast SEO Premium plugin. -->","yoast_head_json":{"title":"Single Phase Regulators - Redsan Store","description":"Single Phase Regulators : Single-phase regulators regulate the voltage fluctuations occurring in the electrical network and ensure the safe operation of...","robots":{"index":"index","follow":"follow","max-snippet":"max-snippet:-1","max-image-preview":"max-image-preview:large","max-video-preview":"max-video-preview:-1"},"canonical":"https:\/\/redsanstore.com\/en\/single-phase-regulators\/","og_locale":"en_US","og_type":"article","og_title":"Single Phase Regulators","og_description":"Single Phase Regulators : Single-phase regulators regulate the voltage fluctuations occurring in the electrical network and ensure the safe operation of...","og_url":"https:\/\/redsanstore.com\/en\/single-phase-regulators\/","og_site_name":"Redsan Store","article_publisher":"https:\/\/www.facebook.com\/redsanelektronik","article_modified_time":"2025-03-05T11:41:29+00:00","og_image":[{"width":1440,"height":1080,"url":"https:\/\/redsanstore.com\/wp-content\/uploads\/2022\/09\/mon11.jpg","type":"image\/jpeg"}],"twitter_card":"summary_large_image","twitter_misc":{"Est. reading time":"2 minutes"},"schema":{"@context":"https:\/\/schema.org","@graph":[{"@type":"WebPage","@id":"https:\/\/redsanstore.com\/en\/single-phase-regulators\/","url":"https:\/\/redsanstore.com\/en\/single-phase-regulators\/","name":"Single Phase Regulators - Redsan Store","isPartOf":{"@id":"https:\/\/redsanstore.com\/#website"},"primaryImageOfPage":{"@id":"https:\/\/redsanstore.com\/en\/single-phase-regulators\/#primaryimage"},"image":{"@id":"https:\/\/redsanstore.com\/en\/single-phase-regulators\/#primaryimage"},"thumbnailUrl":"https:\/\/redsanstore.com\/wp-content\/uploads\/2022\/09\/mon11-1024x768.jpg","datePublished":"2024-02-23T14:55:55+00:00","dateModified":"2025-03-05T11:41:29+00:00","description":"Single Phase Regulators : Single-phase regulators regulate the voltage fluctuations occurring in the electrical network and ensure the safe operation of...","breadcrumb":{"@id":"https:\/\/redsanstore.com\/en\/single-phase-regulators\/#breadcrumb"},"inLanguage":"en-US","potentialAction":[{"@type":"ReadAction","target":["https:\/\/redsanstore.com\/en\/single-phase-regulators\/"]}]},{"@type":"ImageObject","inLanguage":"en-US","@id":"https:\/\/redsanstore.com\/en\/single-phase-regulators\/#primaryimage","url":"https:\/\/redsanstore.com\/wp-content\/uploads\/2022\/09\/mon11-1024x768.jpg","contentUrl":"https:\/\/redsanstore.com\/wp-content\/uploads\/2022\/09\/mon11-1024x768.jpg"},{"@type":"BreadcrumbList","@id":"https:\/\/redsanstore.com\/en\/single-phase-regulators\/#breadcrumb","itemListElement":[{"@type":"ListItem","position":1,"name":"Anasayfa","item":"https:\/\/redsanstore.com\/fr\/"},{"@type":"ListItem","position":2,"name":"Single Phase Regulators"}]},{"@type":"WebSite","@id":"https:\/\/redsanstore.com\/#website","url":"https:\/\/redsanstore.com\/","name":"Redsan Store","description":"Redres\u00f6r - Reg\u00fclat\u00f6r - UPS - Ak\u00fc","publisher":{"@id":"https:\/\/redsanstore.com\/#organization"},"alternateName":"Redres\u00f6r ve Kesintisiz G\u00fc\u00e7 Kayna\u011f\u0131 Ups","potentialAction":[{"@type":"SearchAction","target":{"@type":"EntryPoint","urlTemplate":"https:\/\/redsanstore.com\/?s={search_term_string}"},"query-input":{"@type":"PropertyValueSpecification","valueRequired":true,"valueName":"search_term_string"}}],"inLanguage":"en-US"},{"@type":"Organization","@id":"https:\/\/redsanstore.com\/#organization","name":"Redsan Store","alternateName":"Redres\u00f6r ve Kesintisiz G\u00fc\u00e7 Kayna\u011f\u0131 Ups","url":"https:\/\/redsanstore.com\/","logo":{"@type":"ImageObject","inLanguage":"en-US","@id":"https:\/\/redsanstore.com\/#\/schema\/logo\/image\/","url":"https:\/\/redsanstore.com\/wp-content\/uploads\/2024\/06\/redresor-ups-site-gorseli.jpg","contentUrl":"https:\/\/redsanstore.com\/wp-content\/uploads\/2024\/06\/redresor-ups-site-gorseli.jpg","width":1200,"height":675,"caption":"Redsan Store"},"image":{"@id":"https:\/\/redsanstore.com\/#\/schema\/logo\/image\/"},"sameAs":["https:\/\/www.facebook.com\/redsanelektronik","https:\/\/www.instagram.com\/redsanelektronik\/","https:\/\/www.linkedin.com\/company\/redsan-elektronik\/"]}]}},"_links":{"self":[{"href":"https:\/\/redsanstore.com\/en\/wp-json\/wp\/v2\/pages\/95882","targetHints":{"allow":["GET"]}}],"collection":[{"href":"https:\/\/redsanstore.com\/en\/wp-json\/wp\/v2\/pages"}],"about":[{"href":"https:\/\/redsanstore.com\/en\/wp-json\/wp\/v2\/types\/page"}],"author":[{"embeddable":true,"href":"https:\/\/redsanstore.com\/en\/wp-json\/wp\/v2\/users\/1"}],"replies":[{"embeddable":true,"href":"https:\/\/redsanstore.com\/en\/wp-json\/wp\/v2\/comments?post=95882"}],"version-history":[{"count":0,"href":"https:\/\/redsanstore.com\/en\/wp-json\/wp\/v2\/pages\/95882\/revisions"}],"wp:attachment":[{"href":"https:\/\/redsanstore.com\/en\/wp-json\/wp\/v2\/media?parent=95882"}],"curies":[{"name":"wp","href":"https:\/\/api.w.org\/{rel}","templated":true}]}}