{"id":95815,"date":"2024-09-11T13:33:56","date_gmt":"2024-09-11T10:33:56","guid":{"rendered":"https:\/\/redsanstore.com\/ups-for-uninterrupted-energy\/"},"modified":"2025-03-05T13:02:13","modified_gmt":"2025-03-05T10:02:13","slug":"ups-for-uninterrupted-energy","status":"publish","type":"page","link":"https:\/\/redsanstore.com\/en\/ups-for-uninterrupted-energy\/","title":{"rendered":"UPS for Uninterrupted Energy"},"content":{"rendered":"\t\t<div data-elementor-type=\"wp-page\" data-elementor-id=\"95815\" class=\"elementor elementor-95815 elementor-94264\" data-elementor-post-type=\"page\">\n\t\t\t\t\t\t<section class=\"wd-negative-gap elementor-section elementor-top-section elementor-element elementor-element-6f549cd elementor-section-boxed elementor-section-height-default elementor-section-height-default\" data-id=\"6f549cd\" data-element_type=\"section\" data-settings=\"{&quot;jet_parallax_layout_list&quot;:[]}\">\n\t\t\t\t\t\t<div class=\"elementor-container elementor-column-gap-default\">\n\t\t\t\t\t<div class=\"elementor-column elementor-col-100 elementor-top-column elementor-element elementor-element-592e37a\" data-id=\"592e37a\" data-element_type=\"column\">\n\t\t\t<div class=\"elementor-widget-wrap elementor-element-populated\">\n\t\t\t\t\t\t<div class=\"elementor-element elementor-element-abf4cc2 elementor-widget elementor-widget-spacer\" data-id=\"abf4cc2\" data-element_type=\"widget\" data-widget_type=\"spacer.default\">\n\t\t\t\t<div class=\"elementor-widget-container\">\n\t\t\t\t\t\t\t<div class=\"elementor-spacer\">\n\t\t\t<div class=\"elementor-spacer-inner\"><\/div>\n\t\t<\/div>\n\t\t\t\t\t\t<\/div>\n\t\t\t\t<\/div>\n\t\t\t\t\t<\/div>\n\t\t<\/div>\n\t\t\t\t\t<\/div>\n\t\t<\/section>\n\t\t\t\t<section class=\"wd-negative-gap elementor-section elementor-top-section elementor-element elementor-element-691e2ef elementor-section-boxed elementor-section-height-default elementor-section-height-default\" data-id=\"691e2ef\" data-element_type=\"section\" data-settings=\"{&quot;jet_parallax_layout_list&quot;:[]}\">\n\t\t\t\t\t\t<div class=\"elementor-container elementor-column-gap-default\">\n\t\t\t\t\t<div class=\"elementor-column elementor-col-50 elementor-top-column elementor-element elementor-element-1e159ac\" data-id=\"1e159ac\" data-element_type=\"column\">\n\t\t\t<div class=\"elementor-widget-wrap elementor-element-populated\">\n\t\t\t\t\t\t<div class=\"elementor-element elementor-element-a68ee56 color-scheme-inherit text-left elementor-widget elementor-widget-text-editor\" data-id=\"a68ee56\" data-element_type=\"widget\" data-widget_type=\"text-editor.default\">\n\t\t\t\t<div class=\"elementor-widget-container\">\n\t\t\t\t\t\t\t\t\t<h2><strong>UPS for Uninterrupted Energy: Secure and Continuous Power Supply<\/strong><\/h2>\n<p>UPS (Uninterruptible Power Supply) systems for uninterrupted energy are solutions that ensure the safe and continuous operation of electronic devices and critical infrastructure in the face of power outages, voltage fluctuations and electrical problems. Especially vital for computers, servers, medical devices and industrial equipment, UPS systems provide energy continuity while preventing data loss and device damage. <\/p>\n<h4>What is UPS and Why is it Important?<\/h4>\n<p>UPS systems are backup energy sources that are activated in the event of a mains power failure. These systems prevent the problems that power outages can cause by temporarily energizing connected devices. At the same time, UPSs stabilize voltage fluctuations and ensure longer and safer operation of devices.  <\/p>\n\t\t\t\t\t\t\t\t<\/div>\n\t\t\t\t<\/div>\n\t\t\t\t\t<\/div>\n\t\t<\/div>\n\t\t\t\t<div class=\"elementor-column elementor-col-50 elementor-top-column elementor-element elementor-element-62161e0\" data-id=\"62161e0\" data-element_type=\"column\">\n\t\t\t<div class=\"elementor-widget-wrap elementor-element-populated\">\n\t\t\t\t\t\t<div class=\"elementor-element elementor-element-739b41b elementor-widget elementor-widget-image\" data-id=\"739b41b\" data-element_type=\"widget\" data-widget_type=\"image.default\">\n\t\t\t\t<div class=\"elementor-widget-container\">\n\t\t\t\t\t\t\t\t\t\t\t\t\t\t\t<img fetchpriority=\"high\" decoding=\"async\" width=\"1024\" height=\"768\" src=\"https:\/\/redsanstore.com\/wp-content\/uploads\/2024\/09\/Kesintisiz-Enerji-Icin-UPS-1024x768.jpeg\" class=\"attachment-large size-large wp-image-94268\" alt=\"Kesintisiz Enerji \u0130\u00e7in UPS\" srcset=\"https:\/\/redsanstore.com\/wp-content\/uploads\/2024\/09\/Kesintisiz-Enerji-Icin-UPS-1024x768.jpeg 1024w, https:\/\/redsanstore.com\/wp-content\/uploads\/2024\/09\/Kesintisiz-Enerji-Icin-UPS-300x225.jpeg 300w, https:\/\/redsanstore.com\/wp-content\/uploads\/2024\/09\/Kesintisiz-Enerji-Icin-UPS-768x576.jpeg 768w, https:\/\/redsanstore.com\/wp-content\/uploads\/2024\/09\/Kesintisiz-Enerji-Icin-UPS-1536x1152.jpeg 1536w, https:\/\/redsanstore.com\/wp-content\/uploads\/2024\/09\/Kesintisiz-Enerji-Icin-UPS-600x450.jpeg 600w, https:\/\/redsanstore.com\/wp-content\/uploads\/2024\/09\/Kesintisiz-Enerji-Icin-UPS-150x113.jpeg 150w, https:\/\/redsanstore.com\/wp-content\/uploads\/2024\/09\/Kesintisiz-Enerji-Icin-UPS.jpeg 1600w\" sizes=\"(max-width: 1024px) 100vw, 1024px\" \/>\t\t\t\t\t\t\t\t\t\t\t\t\t\t\t<\/div>\n\t\t\t\t<\/div>\n\t\t\t\t\t<\/div>\n\t\t<\/div>\n\t\t\t\t\t<\/div>\n\t\t<\/section>\n\t\t\t\t<section class=\"wd-negative-gap elementor-section elementor-top-section elementor-element elementor-element-f48ccd1 elementor-section-boxed elementor-section-height-default elementor-section-height-default\" data-id=\"f48ccd1\" data-element_type=\"section\" data-settings=\"{&quot;jet_parallax_layout_list&quot;:[]}\">\n\t\t\t\t\t\t<div class=\"elementor-container elementor-column-gap-default\">\n\t\t\t\t\t<div class=\"elementor-column elementor-col-100 elementor-top-column elementor-element elementor-element-e63519a\" data-id=\"e63519a\" data-element_type=\"column\">\n\t\t\t<div class=\"elementor-widget-wrap elementor-element-populated\">\n\t\t\t\t\t\t<div class=\"elementor-element elementor-element-99a15db elementor-widget elementor-widget-spacer\" data-id=\"99a15db\" data-element_type=\"widget\" data-widget_type=\"spacer.default\">\n\t\t\t\t<div class=\"elementor-widget-container\">\n\t\t\t\t\t\t\t<div class=\"elementor-spacer\">\n\t\t\t<div class=\"elementor-spacer-inner\"><\/div>\n\t\t<\/div>\n\t\t\t\t\t\t<\/div>\n\t\t\t\t<\/div>\n\t\t\t\t\t<\/div>\n\t\t<\/div>\n\t\t\t\t\t<\/div>\n\t\t<\/section>\n\t\t\t\t<section class=\"wd-negative-gap elementor-section elementor-top-section elementor-element elementor-element-f52e8dd elementor-section-boxed elementor-section-height-default elementor-section-height-default\" data-id=\"f52e8dd\" data-element_type=\"section\" data-settings=\"{&quot;jet_parallax_layout_list&quot;:[]}\">\n\t\t\t\t\t\t<div class=\"elementor-container elementor-column-gap-default\">\n\t\t\t\t\t<div class=\"elementor-column elementor-col-50 elementor-top-column elementor-element elementor-element-8a5e71f\" data-id=\"8a5e71f\" data-element_type=\"column\">\n\t\t\t<div class=\"elementor-widget-wrap elementor-element-populated\">\n\t\t\t\t\t\t<div class=\"elementor-element elementor-element-2e4a284 color-scheme-inherit text-left elementor-widget elementor-widget-text-editor\" data-id=\"2e4a284\" data-element_type=\"widget\" data-widget_type=\"text-editor.default\">\n\t\t\t\t<div class=\"elementor-widget-container\">\n\t\t\t\t\t\t\t\t\t<h4>Advantages of Using UPS for Uninterrupted Energy<\/h4>\n<ul>\n<li><strong>Prevents Data Loss:<\/strong> Prevents loss of critical data for computers and servers in the event of a power outage.<\/li>\n<li><strong>Provides Device Safety:<\/strong> Prevents damage to devices by providing protection against electrical surges.<\/li>\n<li><strong>Uninterrupted Workflow:<\/strong> It ensures uninterrupted operation of businesses by preventing the disruption of commercial and industrial activities.<\/li>\n<li><strong>Emergency Backup Power:<\/strong> Provides a backup power supply for a temporary period when the power goes out, allowing systems to be safely shut down or switched to alternative energy sources.<\/li>\n<\/ul>\n\t\t\t\t\t\t\t\t<\/div>\n\t\t\t\t<\/div>\n\t\t\t\t\t<\/div>\n\t\t<\/div>\n\t\t\t\t<div class=\"elementor-column elementor-col-50 elementor-top-column elementor-element elementor-element-379cf1d\" data-id=\"379cf1d\" data-element_type=\"column\">\n\t\t\t<div class=\"elementor-widget-wrap elementor-element-populated\">\n\t\t\t\t\t\t<div class=\"elementor-element elementor-element-e01bf11 color-scheme-inherit text-left elementor-widget elementor-widget-text-editor\" data-id=\"e01bf11\" data-element_type=\"widget\" data-widget_type=\"text-editor.default\">\n\t\t\t\t<div class=\"elementor-widget-container\">\n\t\t\t\t\t\t\t\t\t<h4>Usage Areas of UPS Systems<\/h4>\n<ul>\n<li><strong>Data Centers:<\/strong> Ensures that servers operate securely and data is protected.<\/li>\n<li><strong>Home and Office Use:<\/strong> Ensures secure operation of computers, modems and other electronic devices.<\/li>\n<li><strong>Industrial Plants<\/strong>: Increases efficiency by preventing interruptions in production lines due to power outages.<\/li>\n<li><strong>Hospitals: <\/strong>Guarantees patient safety by ensuring uninterrupted operation of medical devices.<\/li>\n<\/ul>\n<p>It is a vital technology that protects devices and data against power outages and voltage fluctuations. It is critical for business continuity, data security and device protection for both individual and corporate users. In the long run, UPS systems provide energy continuity, extending the life of devices and reducing costs.  <\/p>\n\t\t\t\t\t\t\t\t<\/div>\n\t\t\t\t<\/div>\n\t\t\t\t\t<\/div>\n\t\t<\/div>\n\t\t\t\t\t<\/div>\n\t\t<\/section>\n\t\t\t\t<\/div>\n\t\t","protected":false},"excerpt":{"rendered":"<p>UPS for Uninterrupted Energy: Secure and Continuous Power Supply UPS (Uninterruptible Power Supply) systems for uninterrupted energy are solutions that<\/p>\n","protected":false},"author":1,"featured_media":0,"parent":0,"menu_order":0,"comment_status":"closed","ping_status":"closed","template":"","meta":{"footnotes":""},"class_list":["post-95815","page","type-page","status-publish","hentry"],"yoast_head":"<!-- This site is optimized with the Yoast SEO Premium plugin v25.8 (Yoast SEO v25.9) - https:\/\/yoast.com\/wordpress\/plugins\/seo\/ -->\n<title>UPS for Uninterrupted Energy - Redsan Store<\/title>\n<meta name=\"description\" content=\"UPS for Uninterrupted Energy protects devices and prevents data loss during power outages. For detailed information...\" \/>\n<meta name=\"robots\" content=\"index, follow, max-snippet:-1, max-image-preview:large, max-video-preview:-1\" \/>\n<link rel=\"canonical\" href=\"https:\/\/redsanstore.com\/en\/ups-for-uninterrupted-energy\/\" \/>\n<meta property=\"og:locale\" content=\"en_US\" \/>\n<meta property=\"og:type\" content=\"article\" \/>\n<meta property=\"og:title\" content=\"UPS for Uninterrupted Energy\" \/>\n<meta property=\"og:description\" content=\"UPS for Uninterrupted Energy protects devices and prevents data loss during power outages. For detailed information...\" \/>\n<meta property=\"og:url\" content=\"https:\/\/redsanstore.com\/en\/ups-for-uninterrupted-energy\/\" \/>\n<meta property=\"og:site_name\" content=\"Redsan Store\" \/>\n<meta property=\"article:publisher\" content=\"https:\/\/www.facebook.com\/redsanelektronik\" \/>\n<meta property=\"article:modified_time\" content=\"2025-03-05T10:02:13+00:00\" \/>\n<meta property=\"og:image\" content=\"https:\/\/redsanstore.com\/wp-content\/uploads\/2024\/09\/Kesintisiz-Enerji-Icin-UPS.jpeg\" \/>\n\t<meta property=\"og:image:width\" content=\"1600\" \/>\n\t<meta property=\"og:image:height\" content=\"1200\" \/>\n\t<meta property=\"og:image:type\" content=\"image\/jpeg\" \/>\n<meta name=\"twitter:card\" content=\"summary_large_image\" \/>\n<meta name=\"twitter:label1\" content=\"Est. reading time\" \/>\n\t<meta name=\"twitter:data1\" content=\"2 minutes\" \/>\n<script type=\"application\/ld+json\" class=\"yoast-schema-graph\">{\"@context\":\"https:\/\/schema.org\",\"@graph\":[{\"@type\":\"WebPage\",\"@id\":\"https:\/\/redsanstore.com\/en\/ups-for-uninterrupted-energy\/\",\"url\":\"https:\/\/redsanstore.com\/en\/ups-for-uninterrupted-energy\/\",\"name\":\"UPS for Uninterrupted Energy - Redsan Store\",\"isPartOf\":{\"@id\":\"https:\/\/redsanstore.com\/#website\"},\"primaryImageOfPage\":{\"@id\":\"https:\/\/redsanstore.com\/en\/ups-for-uninterrupted-energy\/#primaryimage\"},\"image\":{\"@id\":\"https:\/\/redsanstore.com\/en\/ups-for-uninterrupted-energy\/#primaryimage\"},\"thumbnailUrl\":\"https:\/\/redsanstore.com\/wp-content\/uploads\/2024\/09\/Kesintisiz-Enerji-Icin-UPS-1024x768.jpeg\",\"datePublished\":\"2024-09-11T10:33:56+00:00\",\"dateModified\":\"2025-03-05T10:02:13+00:00\",\"description\":\"UPS for Uninterrupted Energy protects devices and prevents data loss during power outages. For detailed information...\",\"breadcrumb\":{\"@id\":\"https:\/\/redsanstore.com\/en\/ups-for-uninterrupted-energy\/#breadcrumb\"},\"inLanguage\":\"en-US\",\"potentialAction\":[{\"@type\":\"ReadAction\",\"target\":[\"https:\/\/redsanstore.com\/en\/ups-for-uninterrupted-energy\/\"]}]},{\"@type\":\"ImageObject\",\"inLanguage\":\"en-US\",\"@id\":\"https:\/\/redsanstore.com\/en\/ups-for-uninterrupted-energy\/#primaryimage\",\"url\":\"https:\/\/redsanstore.com\/wp-content\/uploads\/2024\/09\/Kesintisiz-Enerji-Icin-UPS-1024x768.jpeg\",\"contentUrl\":\"https:\/\/redsanstore.com\/wp-content\/uploads\/2024\/09\/Kesintisiz-Enerji-Icin-UPS-1024x768.jpeg\"},{\"@type\":\"BreadcrumbList\",\"@id\":\"https:\/\/redsanstore.com\/en\/ups-for-uninterrupted-energy\/#breadcrumb\",\"itemListElement\":[{\"@type\":\"ListItem\",\"position\":1,\"name\":\"Anasayfa\",\"item\":\"https:\/\/redsanstore.com\/fr\/\"},{\"@type\":\"ListItem\",\"position\":2,\"name\":\"UPS for Uninterrupted Energy\"}]},{\"@type\":\"WebSite\",\"@id\":\"https:\/\/redsanstore.com\/#website\",\"url\":\"https:\/\/redsanstore.com\/\",\"name\":\"Redsan Store\",\"description\":\"Redres\u00f6r - Reg\u00fclat\u00f6r - UPS - Ak\u00fc\",\"publisher\":{\"@id\":\"https:\/\/redsanstore.com\/#organization\"},\"alternateName\":\"Redres\u00f6r ve Kesintisiz G\u00fc\u00e7 Kayna\u011f\u0131 Ups\",\"potentialAction\":[{\"@type\":\"SearchAction\",\"target\":{\"@type\":\"EntryPoint\",\"urlTemplate\":\"https:\/\/redsanstore.com\/?s={search_term_string}\"},\"query-input\":{\"@type\":\"PropertyValueSpecification\",\"valueRequired\":true,\"valueName\":\"search_term_string\"}}],\"inLanguage\":\"en-US\"},{\"@type\":\"Organization\",\"@id\":\"https:\/\/redsanstore.com\/#organization\",\"name\":\"Redsan Store\",\"alternateName\":\"Redres\u00f6r ve Kesintisiz G\u00fc\u00e7 Kayna\u011f\u0131 Ups\",\"url\":\"https:\/\/redsanstore.com\/\",\"logo\":{\"@type\":\"ImageObject\",\"inLanguage\":\"en-US\",\"@id\":\"https:\/\/redsanstore.com\/#\/schema\/logo\/image\/\",\"url\":\"https:\/\/redsanstore.com\/wp-content\/uploads\/2024\/06\/redresor-ups-site-gorseli.jpg\",\"contentUrl\":\"https:\/\/redsanstore.com\/wp-content\/uploads\/2024\/06\/redresor-ups-site-gorseli.jpg\",\"width\":1200,\"height\":675,\"caption\":\"Redsan Store\"},\"image\":{\"@id\":\"https:\/\/redsanstore.com\/#\/schema\/logo\/image\/\"},\"sameAs\":[\"https:\/\/www.facebook.com\/redsanelektronik\",\"https:\/\/www.instagram.com\/redsanelektronik\/\",\"https:\/\/www.linkedin.com\/company\/redsan-elektronik\/\"]}]}<\/script>\n<!-- \/ Yoast SEO Premium plugin. -->","yoast_head_json":{"title":"UPS for Uninterrupted Energy - Redsan Store","description":"UPS for Uninterrupted Energy protects devices and prevents data loss during power outages. For detailed information...","robots":{"index":"index","follow":"follow","max-snippet":"max-snippet:-1","max-image-preview":"max-image-preview:large","max-video-preview":"max-video-preview:-1"},"canonical":"https:\/\/redsanstore.com\/en\/ups-for-uninterrupted-energy\/","og_locale":"en_US","og_type":"article","og_title":"UPS for Uninterrupted Energy","og_description":"UPS for Uninterrupted Energy protects devices and prevents data loss during power outages. For detailed information...","og_url":"https:\/\/redsanstore.com\/en\/ups-for-uninterrupted-energy\/","og_site_name":"Redsan Store","article_publisher":"https:\/\/www.facebook.com\/redsanelektronik","article_modified_time":"2025-03-05T10:02:13+00:00","og_image":[{"width":1600,"height":1200,"url":"https:\/\/redsanstore.com\/wp-content\/uploads\/2024\/09\/Kesintisiz-Enerji-Icin-UPS.jpeg","type":"image\/jpeg"}],"twitter_card":"summary_large_image","twitter_misc":{"Est. reading time":"2 minutes"},"schema":{"@context":"https:\/\/schema.org","@graph":[{"@type":"WebPage","@id":"https:\/\/redsanstore.com\/en\/ups-for-uninterrupted-energy\/","url":"https:\/\/redsanstore.com\/en\/ups-for-uninterrupted-energy\/","name":"UPS for Uninterrupted Energy - Redsan Store","isPartOf":{"@id":"https:\/\/redsanstore.com\/#website"},"primaryImageOfPage":{"@id":"https:\/\/redsanstore.com\/en\/ups-for-uninterrupted-energy\/#primaryimage"},"image":{"@id":"https:\/\/redsanstore.com\/en\/ups-for-uninterrupted-energy\/#primaryimage"},"thumbnailUrl":"https:\/\/redsanstore.com\/wp-content\/uploads\/2024\/09\/Kesintisiz-Enerji-Icin-UPS-1024x768.jpeg","datePublished":"2024-09-11T10:33:56+00:00","dateModified":"2025-03-05T10:02:13+00:00","description":"UPS for Uninterrupted Energy protects devices and prevents data loss during power outages. For detailed information...","breadcrumb":{"@id":"https:\/\/redsanstore.com\/en\/ups-for-uninterrupted-energy\/#breadcrumb"},"inLanguage":"en-US","potentialAction":[{"@type":"ReadAction","target":["https:\/\/redsanstore.com\/en\/ups-for-uninterrupted-energy\/"]}]},{"@type":"ImageObject","inLanguage":"en-US","@id":"https:\/\/redsanstore.com\/en\/ups-for-uninterrupted-energy\/#primaryimage","url":"https:\/\/redsanstore.com\/wp-content\/uploads\/2024\/09\/Kesintisiz-Enerji-Icin-UPS-1024x768.jpeg","contentUrl":"https:\/\/redsanstore.com\/wp-content\/uploads\/2024\/09\/Kesintisiz-Enerji-Icin-UPS-1024x768.jpeg"},{"@type":"BreadcrumbList","@id":"https:\/\/redsanstore.com\/en\/ups-for-uninterrupted-energy\/#breadcrumb","itemListElement":[{"@type":"ListItem","position":1,"name":"Anasayfa","item":"https:\/\/redsanstore.com\/fr\/"},{"@type":"ListItem","position":2,"name":"UPS for Uninterrupted Energy"}]},{"@type":"WebSite","@id":"https:\/\/redsanstore.com\/#website","url":"https:\/\/redsanstore.com\/","name":"Redsan Store","description":"Redres\u00f6r - Reg\u00fclat\u00f6r - UPS - Ak\u00fc","publisher":{"@id":"https:\/\/redsanstore.com\/#organization"},"alternateName":"Redres\u00f6r ve Kesintisiz G\u00fc\u00e7 Kayna\u011f\u0131 Ups","potentialAction":[{"@type":"SearchAction","target":{"@type":"EntryPoint","urlTemplate":"https:\/\/redsanstore.com\/?s={search_term_string}"},"query-input":{"@type":"PropertyValueSpecification","valueRequired":true,"valueName":"search_term_string"}}],"inLanguage":"en-US"},{"@type":"Organization","@id":"https:\/\/redsanstore.com\/#organization","name":"Redsan Store","alternateName":"Redres\u00f6r ve Kesintisiz G\u00fc\u00e7 Kayna\u011f\u0131 Ups","url":"https:\/\/redsanstore.com\/","logo":{"@type":"ImageObject","inLanguage":"en-US","@id":"https:\/\/redsanstore.com\/#\/schema\/logo\/image\/","url":"https:\/\/redsanstore.com\/wp-content\/uploads\/2024\/06\/redresor-ups-site-gorseli.jpg","contentUrl":"https:\/\/redsanstore.com\/wp-content\/uploads\/2024\/06\/redresor-ups-site-gorseli.jpg","width":1200,"height":675,"caption":"Redsan Store"},"image":{"@id":"https:\/\/redsanstore.com\/#\/schema\/logo\/image\/"},"sameAs":["https:\/\/www.facebook.com\/redsanelektronik","https:\/\/www.instagram.com\/redsanelektronik\/","https:\/\/www.linkedin.com\/company\/redsan-elektronik\/"]}]}},"_links":{"self":[{"href":"https:\/\/redsanstore.com\/en\/wp-json\/wp\/v2\/pages\/95815","targetHints":{"allow":["GET"]}}],"collection":[{"href":"https:\/\/redsanstore.com\/en\/wp-json\/wp\/v2\/pages"}],"about":[{"href":"https:\/\/redsanstore.com\/en\/wp-json\/wp\/v2\/types\/page"}],"author":[{"embeddable":true,"href":"https:\/\/redsanstore.com\/en\/wp-json\/wp\/v2\/users\/1"}],"replies":[{"embeddable":true,"href":"https:\/\/redsanstore.com\/en\/wp-json\/wp\/v2\/comments?post=95815"}],"version-history":[{"count":0,"href":"https:\/\/redsanstore.com\/en\/wp-json\/wp\/v2\/pages\/95815\/revisions"}],"wp:attachment":[{"href":"https:\/\/redsanstore.com\/en\/wp-json\/wp\/v2\/media?parent=95815"}],"curies":[{"name":"wp","href":"https:\/\/api.w.org\/{rel}","templated":true}]}}