{"id":95789,"date":"2024-02-22T11:46:18","date_gmt":"2024-02-22T08:46:18","guid":{"rendered":"https:\/\/redsanstore.com\/inverter\/"},"modified":"2025-03-05T12:40:52","modified_gmt":"2025-03-05T09:40:52","slug":"inverter","status":"publish","type":"page","link":"https:\/\/redsanstore.com\/en\/inverter\/","title":{"rendered":"INVERTER"},"content":{"rendered":"\t\t<div data-elementor-type=\"wp-page\" data-elementor-id=\"95789\" class=\"elementor elementor-95789 elementor-91384\" data-elementor-post-type=\"page\">\n\t\t\t\t\t\t<section class=\"wd-negative-gap elementor-section elementor-top-section elementor-element elementor-element-227226a elementor-section-boxed elementor-section-height-default elementor-section-height-default\" data-id=\"227226a\" data-element_type=\"section\" data-settings=\"{&quot;jet_parallax_layout_list&quot;:[]}\">\n\t\t\t\t\t\t<div class=\"elementor-container elementor-column-gap-default\">\n\t\t\t\t\t<div class=\"elementor-column elementor-col-50 elementor-top-column elementor-element elementor-element-b3be767\" data-id=\"b3be767\" data-element_type=\"column\">\n\t\t\t<div class=\"elementor-widget-wrap elementor-element-populated\">\n\t\t\t\t\t\t<div class=\"elementor-element elementor-element-ae8221d elementor-widget elementor-widget-wd_text_block\" data-id=\"ae8221d\" data-element_type=\"widget\" data-widget_type=\"wd_text_block.default\">\n\t\t\t\t<div class=\"elementor-widget-container\">\n\t\t\t\t\t\t\t<div class=\"wd-text-block reset-last-child text-left\">\n\t\t\t\n\t\t\t<h2 style=\"text-align: center;\">Inverters Modern Energy Conversion with Solar Power<\/h2><p>Inverter : Solar energy is gaining more and more popularity in the modern world and interest in the clean and limitless energy of the sun to meet our energy needs is growing. In this context, inverters are critical technologies for converting solar energy into usable electrical energy. <\/p><h3 style=\"text-align: center;\">What is an Inverter?<\/h3><p>An inverter is a device that converts direct current (DC) electricity generated by solar panels into alternating current (AC) that can be used in homes or businesses. The DC electricity generated by solar panel arrays is harmonized with AC-powered devices such as household appliances and industrial equipment. <\/p>\n\t\t\t\t\t<\/div>\n\t\t\t\t\t\t<\/div>\n\t\t\t\t<\/div>\n\t\t\t\t<div class=\"elementor-element elementor-element-d7d540d elementor-widget elementor-widget-image\" data-id=\"d7d540d\" data-element_type=\"widget\" data-widget_type=\"image.default\">\n\t\t\t\t<div class=\"elementor-widget-container\">\n\t\t\t\t\t\t\t\t\t\t\t\t\t\t\t<img fetchpriority=\"high\" decoding=\"async\" width=\"320\" height=\"320\" src=\"https:\/\/redsanstore.com\/wp-content\/uploads\/2024\/02\/INVERTOR.webp\" class=\"attachment-large size-large wp-image-91387\" alt=\"\" srcset=\"https:\/\/redsanstore.com\/wp-content\/uploads\/2024\/02\/INVERTOR.webp 320w, https:\/\/redsanstore.com\/wp-content\/uploads\/2024\/02\/INVERTOR-300x300.webp 300w, https:\/\/redsanstore.com\/wp-content\/uploads\/2024\/02\/INVERTOR-150x150.webp 150w\" sizes=\"(max-width: 320px) 100vw, 320px\" \/>\t\t\t\t\t\t\t\t\t\t\t\t\t\t\t<\/div>\n\t\t\t\t<\/div>\n\t\t\t\t\t<\/div>\n\t\t<\/div>\n\t\t\t\t<div class=\"elementor-column elementor-col-50 elementor-top-column elementor-element elementor-element-44c4ab4\" data-id=\"44c4ab4\" data-element_type=\"column\">\n\t\t\t<div class=\"elementor-widget-wrap elementor-element-populated\">\n\t\t\t\t\t\t<div class=\"elementor-element elementor-element-ea61571 elementor-widget elementor-widget-image\" data-id=\"ea61571\" data-element_type=\"widget\" data-widget_type=\"image.default\">\n\t\t\t\t<div class=\"elementor-widget-container\">\n\t\t\t\t\t\t\t\t\t\t\t\t\t\t\t<img fetchpriority=\"high\" decoding=\"async\" width=\"320\" height=\"320\" src=\"https:\/\/redsanstore.com\/wp-content\/uploads\/2024\/02\/INVERTOR.webp\" class=\"attachment-large size-large wp-image-91387\" alt=\"\" srcset=\"https:\/\/redsanstore.com\/wp-content\/uploads\/2024\/02\/INVERTOR.webp 320w, https:\/\/redsanstore.com\/wp-content\/uploads\/2024\/02\/INVERTOR-300x300.webp 300w, https:\/\/redsanstore.com\/wp-content\/uploads\/2024\/02\/INVERTOR-150x150.webp 150w\" sizes=\"(max-width: 320px) 100vw, 320px\" \/>\t\t\t\t\t\t\t\t\t\t\t\t\t\t\t<\/div>\n\t\t\t\t<\/div>\n\t\t\t\t<div class=\"elementor-element elementor-element-cc2a6bb elementor-widget elementor-widget-wd_text_block\" data-id=\"cc2a6bb\" data-element_type=\"widget\" data-widget_type=\"wd_text_block.default\">\n\t\t\t\t<div class=\"elementor-widget-container\">\n\t\t\t\t\t\t\t<div class=\"wd-text-block reset-last-child text-left\">\n\t\t\t\n\t\t\t<h3 style=\"text-align: center;\">How does it work?<\/h3><ol><li><p><strong>Collection of DC Electricity: <\/strong>Solar panels convert sunlight directly into electrical energy and generate DC electricity.<\/p><\/li><li><p><strong>Inverter Conversion: <\/strong>The inverter takes the incoming DC electricity and converts it into AC electricity through the electronic circuits inside.<\/p><\/li><li><p><strong>Using AC Electricity: <\/strong>The generated AC electricity is connected to a building's electrical system or to the power grid, making it available for use by household appliances, lighting systems and other electrical devices.<\/p><\/li><\/ol>\n\t\t\t\t\t<\/div>\n\t\t\t\t\t\t<\/div>\n\t\t\t\t<\/div>\n\t\t\t\t\t<\/div>\n\t\t<\/div>\n\t\t\t\t\t<\/div>\n\t\t<\/section>\n\t\t\t\t<section class=\"wd-negative-gap elementor-section elementor-top-section elementor-element elementor-element-2d8195b elementor-section-boxed elementor-section-height-default elementor-section-height-default\" data-id=\"2d8195b\" data-element_type=\"section\" data-settings=\"{&quot;jet_parallax_layout_list&quot;:[]}\">\n\t\t\t\t\t\t<div class=\"elementor-container elementor-column-gap-default\">\n\t\t\t\t\t<div class=\"elementor-column elementor-col-100 elementor-top-column elementor-element elementor-element-1023cba\" data-id=\"1023cba\" data-element_type=\"column\">\n\t\t\t<div class=\"elementor-widget-wrap elementor-element-populated\">\n\t\t\t\t\t\t<div class=\"elementor-element elementor-element-fe68728 elementor-widget elementor-widget-spacer\" data-id=\"fe68728\" data-element_type=\"widget\" data-widget_type=\"spacer.default\">\n\t\t\t\t<div class=\"elementor-widget-container\">\n\t\t\t\t\t\t\t<div class=\"elementor-spacer\">\n\t\t\t<div class=\"elementor-spacer-inner\"><\/div>\n\t\t<\/div>\n\t\t\t\t\t\t<\/div>\n\t\t\t\t<\/div>\n\t\t\t\t\t<\/div>\n\t\t<\/div>\n\t\t\t\t\t<\/div>\n\t\t<\/section>\n\t\t\t\t<section class=\"wd-negative-gap elementor-section elementor-top-section elementor-element elementor-element-da56ebc elementor-section-boxed elementor-section-height-default elementor-section-height-default\" data-id=\"da56ebc\" data-element_type=\"section\" data-settings=\"{&quot;jet_parallax_layout_list&quot;:[]}\">\n\t\t\t\t\t\t<div class=\"elementor-container elementor-column-gap-default\">\n\t\t\t\t\t<div class=\"elementor-column elementor-col-50 elementor-top-column elementor-element elementor-element-f43f63d\" data-id=\"f43f63d\" data-element_type=\"column\">\n\t\t\t<div class=\"elementor-widget-wrap elementor-element-populated\">\n\t\t\t\t\t\t<div class=\"elementor-element elementor-element-3ba51ef elementor-widget elementor-widget-wd_text_block\" data-id=\"3ba51ef\" data-element_type=\"widget\" data-widget_type=\"wd_text_block.default\">\n\t\t\t\t<div class=\"elementor-widget-container\">\n\t\t\t\t\t\t\t<div class=\"wd-text-block reset-last-child text-left\">\n\t\t\t\n\t\t\t<h3 style=\"text-align: center;\">Inverter Types<\/h3><ol><li><p><strong>Centralized Inverters: <\/strong>Used in large-scale solar systems, this type of inverter collects the DC electricity generated by many solar panels and converts it into AC electricity through a single large inverter.<\/p><\/li><li><p><strong>Array Inverters: <\/strong>Used for small-scale systems or home solar installations, these inverters are located below each solar panel array and convert the DC output of each panel to AC.<\/p><\/li><li><p><strong>Micro Inverters: <\/strong>Mounted on each solar panel, these inverters immediately convert the DC electricity from each panel to AC, increasing efficiency and allowing monitoring of the panel's performance.<\/p><\/li><\/ol>\n\t\t\t\t\t<\/div>\n\t\t\t\t\t\t<\/div>\n\t\t\t\t<\/div>\n\t\t\t\t\t<\/div>\n\t\t<\/div>\n\t\t\t\t<div class=\"elementor-column elementor-col-50 elementor-top-column elementor-element elementor-element-a4d7dab\" data-id=\"a4d7dab\" data-element_type=\"column\">\n\t\t\t<div class=\"elementor-widget-wrap elementor-element-populated\">\n\t\t\t\t\t\t<div class=\"elementor-element elementor-element-84da816 elementor-widget elementor-widget-wd_text_block\" data-id=\"84da816\" data-element_type=\"widget\" data-widget_type=\"wd_text_block.default\">\n\t\t\t\t<div class=\"elementor-widget-container\">\n\t\t\t\t\t\t\t<div class=\"wd-text-block reset-last-child text-left\">\n\t\t\t\n\t\t\t<div class=\"flex-1 overflow-hidden\"><div class=\"react-scroll-to-bottom--css-cbanq-79elbk h-full\"><div class=\"react-scroll-to-bottom--css-cbanq-1n7m0yu\"><div class=\"flex flex-col pb-9 text-sm\"><div class=\"w-full text-token-text-primary\" data-testid=\"conversation-turn-5\"><div class=\"px-4 py-2 justify-center text-base md:gap-6 m-auto\"><div class=\"flex flex-1 text-base mx-auto gap-3 md:px-5 lg:px-1 xl:px-5 md:max-w-3xl lg:max-w-[40rem] xl:max-w-[48rem] group final-completion\"><div class=\"relative flex w-full flex-col agent-turn\"><div class=\"flex-col gap-1 md:gap-3\"><div class=\"flex flex-grow flex-col max-w-full\"><div class=\"min-h-[20px] text-message flex flex-col items-start gap-3 whitespace-pre-wrap break-words [.text-message+&amp;]:mt-5 overflow-x-auto\" data-message-author-role=\"assistant\" data-message-id=\"6b3e95aa-70a2-4e98-b56a-2a7e910825c8\"><div class=\"markdown prose w-full break-words dark:prose-invert dark\"><h3 style=\"text-align: center;\">Advantages<\/h3><ul><li><strong>Clean Energy Production: <\/strong>Provides environmentally friendly and sustainable electricity generation using solar energy.<\/li><li><strong>Low Maintenance Costs: <\/strong>Inverters are generally low maintenance and have a long lifetime.<\/li><li><strong>Energy Independence: <\/strong>Solar and inverters increase energy independence by reducing dependence on the electricity grid.<\/li><\/ul><p>Inverters have an important role to play in expanding the use of solar energy and accelerating the transition to sustainable energy. These technologies are an important step towards providing cleaner and greener energy in the future. <\/p><\/div><\/div><\/div><\/div><\/div><\/div><\/div><\/div><\/div><\/div><\/div><\/div>\n\t\t\t\t\t<\/div>\n\t\t\t\t\t\t<\/div>\n\t\t\t\t<\/div>\n\t\t\t\t\t<\/div>\n\t\t<\/div>\n\t\t\t\t\t<\/div>\n\t\t<\/section>\n\t\t\t\t<section class=\"wd-negative-gap elementor-section elementor-top-section elementor-element elementor-element-592de7c elementor-section-boxed elementor-section-height-default elementor-section-height-default\" data-id=\"592de7c\" data-element_type=\"section\" data-settings=\"{&quot;jet_parallax_layout_list&quot;:[]}\">\n\t\t\t\t\t\t<div class=\"elementor-container elementor-column-gap-default\">\n\t\t\t\t\t<div class=\"elementor-column elementor-col-100 elementor-top-column elementor-element elementor-element-aa1c433\" data-id=\"aa1c433\" data-element_type=\"column\">\n\t\t\t<div class=\"elementor-widget-wrap elementor-element-populated\">\n\t\t\t\t\t\t<div class=\"elementor-element elementor-element-560f21c elementor-widget elementor-widget-spacer\" data-id=\"560f21c\" data-element_type=\"widget\" data-widget_type=\"spacer.default\">\n\t\t\t\t<div class=\"elementor-widget-container\">\n\t\t\t\t\t\t\t<div class=\"elementor-spacer\">\n\t\t\t<div class=\"elementor-spacer-inner\"><\/div>\n\t\t<\/div>\n\t\t\t\t\t\t<\/div>\n\t\t\t\t<\/div>\n\t\t\t\t\t<\/div>\n\t\t<\/div>\n\t\t\t\t\t<\/div>\n\t\t<\/section>\n\t\t\t\t<section class=\"wd-negative-gap elementor-section elementor-top-section elementor-element elementor-element-a7a4114 elementor-section-boxed elementor-section-height-default elementor-section-height-default\" data-id=\"a7a4114\" data-element_type=\"section\" data-settings=\"{&quot;jet_parallax_layout_list&quot;:[]}\">\n\t\t\t\t\t\t<div class=\"elementor-container elementor-column-gap-default\">\n\t\t\t\t\t<div class=\"elementor-column elementor-col-100 elementor-top-column elementor-element elementor-element-c66dac6\" data-id=\"c66dac6\" data-element_type=\"column\">\n\t\t\t<div class=\"elementor-widget-wrap elementor-element-populated\">\n\t\t\t\t\t\t<div class=\"elementor-element elementor-element-52b3322 elementor-widget elementor-widget-wd_text_block\" data-id=\"52b3322\" data-element_type=\"widget\" data-widget_type=\"wd_text_block.default\">\n\t\t\t\t<div class=\"elementor-widget-container\">\n\t\t\t\t\t\t\t<div class=\"wd-text-block reset-last-child text-left\">\n\t\t\t\n\t\t\t<h3 style=\"text-align: center;\">Areas of Use of Inverters<\/h3><p><strong>Power Supply: <\/strong>Inverters are used to convert DC power to AC where AC power supply is not available, especially for portable electronic devices. This is commonly done to enable the use of electronic devices during camping, RV trips or traveling. <\/p><p><strong>Renewable Energy Systems: <\/strong>Renewable energy sources such as solar panels or wind turbines generate DC electricity. However, homes and businesses often use AC electricity. Inverters are used to convert this direct current into AC electricity that can be used in homes or businesses.  <\/p><p><strong><a href=\"https:\/\/redsanstore.com\/ups-monofaze-trifaze\/\">UPS (Uninterruptible Power Supply) Systems: <\/a><\/strong>Uninterruptible power supply systems are used to provide continuous power during AC power outages. In these systems, a battery provides DC power and an inverter converts this DC power to AC, allowing connected devices to operate. <\/p><p><strong>Electric Vehicle Charging Stations: <\/strong>Electric vehicles run on DC electricity, but many charging stations provide AC power. Inverters are used at charging stations to convert AC power to DC, allowing electric vehicles to be charged. <\/p>\n\t\t\t\t\t<\/div>\n\t\t\t\t\t\t<\/div>\n\t\t\t\t<\/div>\n\t\t\t\t\t<\/div>\n\t\t<\/div>\n\t\t\t\t\t<\/div>\n\t\t<\/section>\n\t\t\t\t<\/div>\n\t\t","protected":false},"excerpt":{"rendered":"<p>Inverters Modern Energy Conversion with Solar Power Inverter : Solar energy is gaining more and more popularity in the modern<\/p>\n","protected":false},"author":1,"featured_media":0,"parent":0,"menu_order":0,"comment_status":"closed","ping_status":"closed","template":"","meta":{"footnotes":""},"class_list":["post-95789","page","type-page","status-publish","hentry"],"yoast_head":"<!-- This site is optimized with the Yoast SEO Premium plugin v25.8 (Yoast SEO v25.9) - https:\/\/yoast.com\/wordpress\/plugins\/seo\/ -->\n<title>INVERTER - Redsan Store<\/title>\n<meta name=\"description\" content=\"INVERTER : The inverter converts direct current (DC) electricity generated by solar panels into alternating current that can be used in homes or workplaces.\" \/>\n<meta name=\"robots\" content=\"index, follow, max-snippet:-1, max-image-preview:large, max-video-preview:-1\" \/>\n<link rel=\"canonical\" href=\"https:\/\/redsanstore.com\/en\/inverter\/\" \/>\n<meta property=\"og:locale\" content=\"en_US\" \/>\n<meta property=\"og:type\" content=\"article\" \/>\n<meta property=\"og:title\" content=\"INVERTER\" \/>\n<meta property=\"og:description\" content=\"INVERTER : The inverter converts direct current (DC) electricity generated by solar panels into alternating current that can be used in homes or workplaces.\" \/>\n<meta property=\"og:url\" content=\"https:\/\/redsanstore.com\/en\/inverter\/\" \/>\n<meta property=\"og:site_name\" content=\"Redsan Store\" \/>\n<meta property=\"article:publisher\" content=\"https:\/\/www.facebook.com\/redsanelektronik\" \/>\n<meta property=\"article:modified_time\" content=\"2025-03-05T09:40:52+00:00\" \/>\n<meta property=\"og:image\" content=\"https:\/\/redsanstore.com\/wp-content\/uploads\/2024\/02\/INVERTOR.webp\" \/>\n\t<meta property=\"og:image:width\" content=\"320\" \/>\n\t<meta property=\"og:image:height\" content=\"320\" \/>\n\t<meta property=\"og:image:type\" content=\"image\/webp\" \/>\n<meta name=\"twitter:card\" content=\"summary_large_image\" \/>\n<meta name=\"twitter:label1\" content=\"Est. reading time\" \/>\n\t<meta name=\"twitter:data1\" content=\"3 minutes\" \/>\n<script type=\"application\/ld+json\" class=\"yoast-schema-graph\">{\"@context\":\"https:\/\/schema.org\",\"@graph\":[{\"@type\":\"WebPage\",\"@id\":\"https:\/\/redsanstore.com\/en\/inverter\/\",\"url\":\"https:\/\/redsanstore.com\/en\/inverter\/\",\"name\":\"INVERTER - Redsan Store\",\"isPartOf\":{\"@id\":\"https:\/\/redsanstore.com\/#website\"},\"primaryImageOfPage\":{\"@id\":\"https:\/\/redsanstore.com\/en\/inverter\/#primaryimage\"},\"image\":{\"@id\":\"https:\/\/redsanstore.com\/en\/inverter\/#primaryimage\"},\"thumbnailUrl\":\"https:\/\/redsanstore.com\/wp-content\/uploads\/2024\/02\/INVERTOR.webp\",\"datePublished\":\"2024-02-22T08:46:18+00:00\",\"dateModified\":\"2025-03-05T09:40:52+00:00\",\"description\":\"INVERTER : The inverter converts direct current (DC) electricity generated by solar panels into alternating current that can be used in homes or workplaces.\",\"breadcrumb\":{\"@id\":\"https:\/\/redsanstore.com\/en\/inverter\/#breadcrumb\"},\"inLanguage\":\"en-US\",\"potentialAction\":[{\"@type\":\"ReadAction\",\"target\":[\"https:\/\/redsanstore.com\/en\/inverter\/\"]}]},{\"@type\":\"ImageObject\",\"inLanguage\":\"en-US\",\"@id\":\"https:\/\/redsanstore.com\/en\/inverter\/#primaryimage\",\"url\":\"https:\/\/redsanstore.com\/wp-content\/uploads\/2024\/02\/INVERTOR.webp\",\"contentUrl\":\"https:\/\/redsanstore.com\/wp-content\/uploads\/2024\/02\/INVERTOR.webp\"},{\"@type\":\"BreadcrumbList\",\"@id\":\"https:\/\/redsanstore.com\/en\/inverter\/#breadcrumb\",\"itemListElement\":[{\"@type\":\"ListItem\",\"position\":1,\"name\":\"Anasayfa\",\"item\":\"https:\/\/redsanstore.com\/fr\/\"},{\"@type\":\"ListItem\",\"position\":2,\"name\":\"INVERTER\"}]},{\"@type\":\"WebSite\",\"@id\":\"https:\/\/redsanstore.com\/#website\",\"url\":\"https:\/\/redsanstore.com\/\",\"name\":\"Redsan Store\",\"description\":\"Redres\u00f6r - Reg\u00fclat\u00f6r - UPS - Ak\u00fc\",\"publisher\":{\"@id\":\"https:\/\/redsanstore.com\/#organization\"},\"alternateName\":\"Redres\u00f6r ve Kesintisiz G\u00fc\u00e7 Kayna\u011f\u0131 Ups\",\"potentialAction\":[{\"@type\":\"SearchAction\",\"target\":{\"@type\":\"EntryPoint\",\"urlTemplate\":\"https:\/\/redsanstore.com\/?s={search_term_string}\"},\"query-input\":{\"@type\":\"PropertyValueSpecification\",\"valueRequired\":true,\"valueName\":\"search_term_string\"}}],\"inLanguage\":\"en-US\"},{\"@type\":\"Organization\",\"@id\":\"https:\/\/redsanstore.com\/#organization\",\"name\":\"Redsan Store\",\"alternateName\":\"Redres\u00f6r ve Kesintisiz G\u00fc\u00e7 Kayna\u011f\u0131 Ups\",\"url\":\"https:\/\/redsanstore.com\/\",\"logo\":{\"@type\":\"ImageObject\",\"inLanguage\":\"en-US\",\"@id\":\"https:\/\/redsanstore.com\/#\/schema\/logo\/image\/\",\"url\":\"https:\/\/redsanstore.com\/wp-content\/uploads\/2024\/06\/redresor-ups-site-gorseli.jpg\",\"contentUrl\":\"https:\/\/redsanstore.com\/wp-content\/uploads\/2024\/06\/redresor-ups-site-gorseli.jpg\",\"width\":1200,\"height\":675,\"caption\":\"Redsan Store\"},\"image\":{\"@id\":\"https:\/\/redsanstore.com\/#\/schema\/logo\/image\/\"},\"sameAs\":[\"https:\/\/www.facebook.com\/redsanelektronik\",\"https:\/\/www.instagram.com\/redsanelektronik\/\",\"https:\/\/www.linkedin.com\/company\/redsan-elektronik\/\"]}]}<\/script>\n<!-- \/ Yoast SEO Premium plugin. -->","yoast_head_json":{"title":"INVERTER - Redsan Store","description":"INVERTER : The inverter converts direct current (DC) electricity generated by solar panels into alternating current that can be used in homes or workplaces.","robots":{"index":"index","follow":"follow","max-snippet":"max-snippet:-1","max-image-preview":"max-image-preview:large","max-video-preview":"max-video-preview:-1"},"canonical":"https:\/\/redsanstore.com\/en\/inverter\/","og_locale":"en_US","og_type":"article","og_title":"INVERTER","og_description":"INVERTER : The inverter converts direct current (DC) electricity generated by solar panels into alternating current that can be used in homes or workplaces.","og_url":"https:\/\/redsanstore.com\/en\/inverter\/","og_site_name":"Redsan Store","article_publisher":"https:\/\/www.facebook.com\/redsanelektronik","article_modified_time":"2025-03-05T09:40:52+00:00","og_image":[{"width":320,"height":320,"url":"https:\/\/redsanstore.com\/wp-content\/uploads\/2024\/02\/INVERTOR.webp","type":"image\/webp"}],"twitter_card":"summary_large_image","twitter_misc":{"Est. reading time":"3 minutes"},"schema":{"@context":"https:\/\/schema.org","@graph":[{"@type":"WebPage","@id":"https:\/\/redsanstore.com\/en\/inverter\/","url":"https:\/\/redsanstore.com\/en\/inverter\/","name":"INVERTER - Redsan Store","isPartOf":{"@id":"https:\/\/redsanstore.com\/#website"},"primaryImageOfPage":{"@id":"https:\/\/redsanstore.com\/en\/inverter\/#primaryimage"},"image":{"@id":"https:\/\/redsanstore.com\/en\/inverter\/#primaryimage"},"thumbnailUrl":"https:\/\/redsanstore.com\/wp-content\/uploads\/2024\/02\/INVERTOR.webp","datePublished":"2024-02-22T08:46:18+00:00","dateModified":"2025-03-05T09:40:52+00:00","description":"INVERTER : The inverter converts direct current (DC) electricity generated by solar panels into alternating current that can be used in homes or workplaces.","breadcrumb":{"@id":"https:\/\/redsanstore.com\/en\/inverter\/#breadcrumb"},"inLanguage":"en-US","potentialAction":[{"@type":"ReadAction","target":["https:\/\/redsanstore.com\/en\/inverter\/"]}]},{"@type":"ImageObject","inLanguage":"en-US","@id":"https:\/\/redsanstore.com\/en\/inverter\/#primaryimage","url":"https:\/\/redsanstore.com\/wp-content\/uploads\/2024\/02\/INVERTOR.webp","contentUrl":"https:\/\/redsanstore.com\/wp-content\/uploads\/2024\/02\/INVERTOR.webp"},{"@type":"BreadcrumbList","@id":"https:\/\/redsanstore.com\/en\/inverter\/#breadcrumb","itemListElement":[{"@type":"ListItem","position":1,"name":"Anasayfa","item":"https:\/\/redsanstore.com\/fr\/"},{"@type":"ListItem","position":2,"name":"INVERTER"}]},{"@type":"WebSite","@id":"https:\/\/redsanstore.com\/#website","url":"https:\/\/redsanstore.com\/","name":"Redsan Store","description":"Redres\u00f6r - Reg\u00fclat\u00f6r - UPS - Ak\u00fc","publisher":{"@id":"https:\/\/redsanstore.com\/#organization"},"alternateName":"Redres\u00f6r ve Kesintisiz G\u00fc\u00e7 Kayna\u011f\u0131 Ups","potentialAction":[{"@type":"SearchAction","target":{"@type":"EntryPoint","urlTemplate":"https:\/\/redsanstore.com\/?s={search_term_string}"},"query-input":{"@type":"PropertyValueSpecification","valueRequired":true,"valueName":"search_term_string"}}],"inLanguage":"en-US"},{"@type":"Organization","@id":"https:\/\/redsanstore.com\/#organization","name":"Redsan Store","alternateName":"Redres\u00f6r ve Kesintisiz G\u00fc\u00e7 Kayna\u011f\u0131 Ups","url":"https:\/\/redsanstore.com\/","logo":{"@type":"ImageObject","inLanguage":"en-US","@id":"https:\/\/redsanstore.com\/#\/schema\/logo\/image\/","url":"https:\/\/redsanstore.com\/wp-content\/uploads\/2024\/06\/redresor-ups-site-gorseli.jpg","contentUrl":"https:\/\/redsanstore.com\/wp-content\/uploads\/2024\/06\/redresor-ups-site-gorseli.jpg","width":1200,"height":675,"caption":"Redsan Store"},"image":{"@id":"https:\/\/redsanstore.com\/#\/schema\/logo\/image\/"},"sameAs":["https:\/\/www.facebook.com\/redsanelektronik","https:\/\/www.instagram.com\/redsanelektronik\/","https:\/\/www.linkedin.com\/company\/redsan-elektronik\/"]}]}},"_links":{"self":[{"href":"https:\/\/redsanstore.com\/en\/wp-json\/wp\/v2\/pages\/95789","targetHints":{"allow":["GET"]}}],"collection":[{"href":"https:\/\/redsanstore.com\/en\/wp-json\/wp\/v2\/pages"}],"about":[{"href":"https:\/\/redsanstore.com\/en\/wp-json\/wp\/v2\/types\/page"}],"author":[{"embeddable":true,"href":"https:\/\/redsanstore.com\/en\/wp-json\/wp\/v2\/users\/1"}],"replies":[{"embeddable":true,"href":"https:\/\/redsanstore.com\/en\/wp-json\/wp\/v2\/comments?post=95789"}],"version-history":[{"count":0,"href":"https:\/\/redsanstore.com\/en\/wp-json\/wp\/v2\/pages\/95789\/revisions"}],"wp:attachment":[{"href":"https:\/\/redsanstore.com\/en\/wp-json\/wp\/v2\/media?parent=95789"}],"curies":[{"name":"wp","href":"https:\/\/api.w.org\/{rel}","templated":true}]}}