{"id":95726,"date":"2024-09-25T14:18:54","date_gmt":"2024-09-25T11:18:54","guid":{"rendered":"https:\/\/redsanstore.com\/industrial-ups-solutions-and-advantages\/"},"modified":"2025-03-05T11:31:09","modified_gmt":"2025-03-05T08:31:09","slug":"industrial-ups-solutions-and-advantages","status":"publish","type":"page","link":"https:\/\/redsanstore.com\/en\/industrial-ups-solutions-and-advantages\/","title":{"rendered":"Industrial UPS Solutions and Advantages"},"content":{"rendered":"\t\t<div data-elementor-type=\"wp-page\" data-elementor-id=\"95726\" class=\"elementor elementor-95726 elementor-94384\" data-elementor-post-type=\"page\">\n\t\t\t\t\t\t<section class=\"wd-negative-gap elementor-section elementor-top-section elementor-element elementor-element-ead9038 elementor-section-boxed elementor-section-height-default elementor-section-height-default\" data-id=\"ead9038\" data-element_type=\"section\" data-settings=\"{&quot;jet_parallax_layout_list&quot;:[]}\">\n\t\t\t\t\t\t<div class=\"elementor-container elementor-column-gap-default\">\n\t\t\t\t\t<div class=\"elementor-column elementor-col-50 elementor-top-column elementor-element elementor-element-0e039e5\" data-id=\"0e039e5\" data-element_type=\"column\">\n\t\t\t<div class=\"elementor-widget-wrap elementor-element-populated\">\n\t\t\t\t\t\t<div class=\"elementor-element elementor-element-e112ddd color-scheme-inherit text-left elementor-widget elementor-widget-text-editor\" data-id=\"e112ddd\" data-element_type=\"widget\" data-widget_type=\"text-editor.default\">\n\t\t\t\t<div class=\"elementor-widget-container\">\n\t\t\t\t\t\t\t\t\t<h2><strong>Industrial UPS Solutions and Advantages<\/strong><\/h2>\n<p>Industrial uninterruptible power supplies (UPS) are critical for factories, data centers, hospitals and other large enterprises. Power outages or fluctuations can adversely affect the operation of systems in such facilities and ultimately lead to financial losses. Industrial UPS solutions are designed to solve these problems and ensure business continuity. This article will examine the advantages and uses of industrial UPS solutions.   <\/p>\n<h4>Uninterruptible Power Supply<\/h4>\n<p>Industrial UPS systems ensure that critical equipment and systems remain operational in the event of power outages. This ensures that the production process is not interrupted and data loss is prevented. Industrial UPS systems are vital in the following situations:  <\/p>\n<ul>\n<li>\n<p><strong>Network Security:<\/strong> In places where network infrastructure is critical, such as data centers and server rooms, providing uninterrupted power is critical for data security.<\/p>\n<\/li>\n<li>\n<p><strong>Production Continuity<\/strong>: In factories, power outages can lead to serious costs as machines need to run continuously. Industrial UPS ensures production continuity by preventing such situations. <\/p>\n<\/li>\n<\/ul>\n<h4>Increased Efficiency and Performance<\/h4>\n<p>Industrial UPS systems help businesses improve energy efficiency. These systems protect against power surges and offer the following benefits: <\/p>\n<ul>\n<li>\n<p><strong>Less Energy Consumption: <\/strong>Modern industrial UPS systems help businesses reduce energy costs by optimizing energy savings.<\/p>\n<\/li>\n<li>\n<p><strong>High Efficiency: <\/strong>These systems are designed to have high efficiency rates. This minimizes energy loss and improves power quality. <\/p>\n<\/li>\n<\/ul>\n<h4>Device Protection<\/h4>\n<p>Industrial plants contain sensitive equipment and machinery. This equipment can be severely affected by power surges and sudden outages. Industrial UPS solutions offer the following protection elements:  <\/p>\n<ul>\n<li>\n<p><strong>Over Voltage Protection: <\/strong>UPS systems prevent damage to devices in over-voltage situations. Thus, the life of the devices is extended and maintenance costs are reduced. <\/p>\n<\/li>\n<li>\n<p><strong>Surge Prevention:<\/strong> Power surges can cause failures in sensitive equipment. Industrial UPS stabilizes such fluctuations, ensuring the safe operation of equipment. <\/p>\n<\/li>\n<\/ul>\n\t\t\t\t\t\t\t\t<\/div>\n\t\t\t\t<\/div>\n\t\t\t\t\t<\/div>\n\t\t<\/div>\n\t\t\t\t<div class=\"elementor-column elementor-col-50 elementor-top-column elementor-element elementor-element-752ce14\" data-id=\"752ce14\" data-element_type=\"column\">\n\t\t\t<div class=\"elementor-widget-wrap elementor-element-populated\">\n\t\t\t\t\t\t<div class=\"elementor-element elementor-element-2d93a3e elementor-widget elementor-widget-image\" data-id=\"2d93a3e\" data-element_type=\"widget\" data-widget_type=\"image.default\">\n\t\t\t\t<div class=\"elementor-widget-container\">\n\t\t\t\t\t\t\t\t\t\t\t\t\t\t\t<img fetchpriority=\"high\" decoding=\"async\" width=\"1024\" height=\"768\" src=\"https:\/\/redsanstore.com\/wp-content\/uploads\/2024\/09\/Endustriyel-UPS-Cozumleri-ve-Avantajlari-1024x768.jpeg\" class=\"attachment-large size-large wp-image-94389\" alt=\"End\u00fcstriyel UPS \u00c7\u00f6z\u00fcmleri ve Avantajlar\u0131\" srcset=\"https:\/\/redsanstore.com\/wp-content\/uploads\/2024\/09\/Endustriyel-UPS-Cozumleri-ve-Avantajlari-1024x768.jpeg 1024w, https:\/\/redsanstore.com\/wp-content\/uploads\/2024\/09\/Endustriyel-UPS-Cozumleri-ve-Avantajlari-300x225.jpeg 300w, https:\/\/redsanstore.com\/wp-content\/uploads\/2024\/09\/Endustriyel-UPS-Cozumleri-ve-Avantajlari-768x576.jpeg 768w, https:\/\/redsanstore.com\/wp-content\/uploads\/2024\/09\/Endustriyel-UPS-Cozumleri-ve-Avantajlari-1536x1152.jpeg 1536w, https:\/\/redsanstore.com\/wp-content\/uploads\/2024\/09\/Endustriyel-UPS-Cozumleri-ve-Avantajlari-600x450.jpeg 600w, https:\/\/redsanstore.com\/wp-content\/uploads\/2024\/09\/Endustriyel-UPS-Cozumleri-ve-Avantajlari-150x113.jpeg 150w, https:\/\/redsanstore.com\/wp-content\/uploads\/2024\/09\/Endustriyel-UPS-Cozumleri-ve-Avantajlari.jpeg 1600w\" sizes=\"(max-width: 1024px) 100vw, 1024px\" \/>\t\t\t\t\t\t\t\t\t\t\t\t\t\t\t<\/div>\n\t\t\t\t<\/div>\n\t\t\t\t<div class=\"elementor-element elementor-element-bdee4d0 color-scheme-inherit text-left elementor-widget elementor-widget-text-editor\" data-id=\"bdee4d0\" data-element_type=\"widget\" data-widget_type=\"text-editor.default\">\n\t\t\t\t<div class=\"elementor-widget-container\">\n\t\t\t\t\t\t\t\t\t<h4>Crisis Management and Business Continuity<\/h4>\n<p>Industrial UPS systems ensure preparedness against power outages. The advantages provided by these systems are of great importance in the crisis management of businesses: <\/p>\n<ul>\n<li>\n<p><strong>Emergency Planning: <\/strong>UPS helps businesses get back to normal quickly by keeping critical systems running during emergencies.<\/p>\n<\/li>\n<li>\n<p><strong>Risk Management:<\/strong> Industrial UPS solutions provide businesses with a safer working environment by minimizing the risk of power outages. This is a critical step for business continuity. <\/p>\n<\/li>\n<\/ul>\n<h4>Environmental Sustainability<\/h4>\n<p>Industrial UPS systems also offer significant benefits in terms of environmental sustainability. Ensuring energy efficiency helps businesses reduce their carbon footprint: <\/p>\n<ul>\n<li>\n<p><strong>Use Less Energy:<\/strong> Industrial UPS systems reduce environmental impact by optimizing energy savings. This helps businesses achieve their environmental sustainability goals. <\/p>\n<\/li>\n<li>\n<p><strong>Waste Management: <\/strong>Energy efficiency helps reduce waste by avoiding unnecessary energy use. This is an important contribution to environmentally friendly practices. <\/p>\n<\/li>\n<\/ul>\n<p>Industrial UPS solutions play a critical role in the energy management of large enterprises. In addition to providing uninterrupted power, they improve energy efficiency, protect equipment and support business continuity. They also make a significant contribution to achieving environmental sustainability goals. By considering UPS systems as part of their energy management strategy, industrial facilities can minimize potential energy-related issues and make business processes more reliable.   <\/p>\n\t\t\t\t\t\t\t\t<\/div>\n\t\t\t\t<\/div>\n\t\t\t\t\t<\/div>\n\t\t<\/div>\n\t\t\t\t\t<\/div>\n\t\t<\/section>\n\t\t\t\t<\/div>\n\t\t","protected":false},"excerpt":{"rendered":"<p>Industrial UPS Solutions and Advantages Industrial uninterruptible power supplies (UPS) are critical for factories, data centers, hospitals and other large<\/p>\n","protected":false},"author":1,"featured_media":0,"parent":0,"menu_order":0,"comment_status":"closed","ping_status":"closed","template":"","meta":{"footnotes":""},"class_list":["post-95726","page","type-page","status-publish","hentry"],"yoast_head":"<!-- This site is optimized with the Yoast SEO Premium plugin v25.8 (Yoast SEO v25.9) - https:\/\/yoast.com\/wordpress\/plugins\/seo\/ -->\n<title>Industrial UPS Solutions and Advantages - Redsan Store<\/title>\n<meta name=\"description\" content=\"Industrial UPS Solutions and Advantages offer productivity and business continuity while protecting against power outages. Detailed information...\" \/>\n<meta name=\"robots\" content=\"index, follow, max-snippet:-1, max-image-preview:large, max-video-preview:-1\" \/>\n<link rel=\"canonical\" href=\"https:\/\/redsanstore.com\/en\/industrial-ups-solutions-and-advantages\/\" \/>\n<meta property=\"og:locale\" content=\"en_US\" \/>\n<meta property=\"og:type\" content=\"article\" \/>\n<meta property=\"og:title\" content=\"Industrial UPS Solutions and Advantages\" \/>\n<meta property=\"og:description\" content=\"Industrial UPS Solutions and Advantages offer productivity and business continuity while protecting against power outages. Detailed information...\" \/>\n<meta property=\"og:url\" content=\"https:\/\/redsanstore.com\/en\/industrial-ups-solutions-and-advantages\/\" \/>\n<meta property=\"og:site_name\" content=\"Redsan Store\" \/>\n<meta property=\"article:publisher\" content=\"https:\/\/www.facebook.com\/redsanelektronik\" \/>\n<meta property=\"article:modified_time\" content=\"2025-03-05T08:31:09+00:00\" \/>\n<meta property=\"og:image\" content=\"https:\/\/redsanstore.com\/wp-content\/uploads\/2024\/09\/Endustriyel-UPS-Cozumleri-ve-Avantajlari.jpeg\" \/>\n\t<meta property=\"og:image:width\" content=\"1600\" \/>\n\t<meta property=\"og:image:height\" content=\"1200\" \/>\n\t<meta property=\"og:image:type\" content=\"image\/jpeg\" \/>\n<meta name=\"twitter:card\" content=\"summary_large_image\" \/>\n<meta name=\"twitter:label1\" content=\"Est. reading time\" \/>\n\t<meta name=\"twitter:data1\" content=\"2 minutes\" \/>\n<script type=\"application\/ld+json\" class=\"yoast-schema-graph\">{\"@context\":\"https:\/\/schema.org\",\"@graph\":[{\"@type\":\"WebPage\",\"@id\":\"https:\/\/redsanstore.com\/en\/industrial-ups-solutions-and-advantages\/\",\"url\":\"https:\/\/redsanstore.com\/en\/industrial-ups-solutions-and-advantages\/\",\"name\":\"Industrial UPS Solutions and Advantages - Redsan Store\",\"isPartOf\":{\"@id\":\"https:\/\/redsanstore.com\/#website\"},\"primaryImageOfPage\":{\"@id\":\"https:\/\/redsanstore.com\/en\/industrial-ups-solutions-and-advantages\/#primaryimage\"},\"image\":{\"@id\":\"https:\/\/redsanstore.com\/en\/industrial-ups-solutions-and-advantages\/#primaryimage\"},\"thumbnailUrl\":\"https:\/\/redsanstore.com\/wp-content\/uploads\/2024\/09\/Endustriyel-UPS-Cozumleri-ve-Avantajlari-1024x768.jpeg\",\"datePublished\":\"2024-09-25T11:18:54+00:00\",\"dateModified\":\"2025-03-05T08:31:09+00:00\",\"description\":\"Industrial UPS Solutions and Advantages offer productivity and business continuity while protecting against power outages. Detailed information...\",\"breadcrumb\":{\"@id\":\"https:\/\/redsanstore.com\/en\/industrial-ups-solutions-and-advantages\/#breadcrumb\"},\"inLanguage\":\"en-US\",\"potentialAction\":[{\"@type\":\"ReadAction\",\"target\":[\"https:\/\/redsanstore.com\/en\/industrial-ups-solutions-and-advantages\/\"]}]},{\"@type\":\"ImageObject\",\"inLanguage\":\"en-US\",\"@id\":\"https:\/\/redsanstore.com\/en\/industrial-ups-solutions-and-advantages\/#primaryimage\",\"url\":\"https:\/\/redsanstore.com\/wp-content\/uploads\/2024\/09\/Endustriyel-UPS-Cozumleri-ve-Avantajlari-1024x768.jpeg\",\"contentUrl\":\"https:\/\/redsanstore.com\/wp-content\/uploads\/2024\/09\/Endustriyel-UPS-Cozumleri-ve-Avantajlari-1024x768.jpeg\"},{\"@type\":\"BreadcrumbList\",\"@id\":\"https:\/\/redsanstore.com\/en\/industrial-ups-solutions-and-advantages\/#breadcrumb\",\"itemListElement\":[{\"@type\":\"ListItem\",\"position\":1,\"name\":\"Anasayfa\",\"item\":\"https:\/\/redsanstore.com\/fr\/\"},{\"@type\":\"ListItem\",\"position\":2,\"name\":\"Industrial UPS Solutions and Advantages\"}]},{\"@type\":\"WebSite\",\"@id\":\"https:\/\/redsanstore.com\/#website\",\"url\":\"https:\/\/redsanstore.com\/\",\"name\":\"Redsan Store\",\"description\":\"Redres\u00f6r - Reg\u00fclat\u00f6r - UPS - Ak\u00fc\",\"publisher\":{\"@id\":\"https:\/\/redsanstore.com\/#organization\"},\"alternateName\":\"Redres\u00f6r ve Kesintisiz G\u00fc\u00e7 Kayna\u011f\u0131 Ups\",\"potentialAction\":[{\"@type\":\"SearchAction\",\"target\":{\"@type\":\"EntryPoint\",\"urlTemplate\":\"https:\/\/redsanstore.com\/?s={search_term_string}\"},\"query-input\":{\"@type\":\"PropertyValueSpecification\",\"valueRequired\":true,\"valueName\":\"search_term_string\"}}],\"inLanguage\":\"en-US\"},{\"@type\":\"Organization\",\"@id\":\"https:\/\/redsanstore.com\/#organization\",\"name\":\"Redsan Store\",\"alternateName\":\"Redres\u00f6r ve Kesintisiz G\u00fc\u00e7 Kayna\u011f\u0131 Ups\",\"url\":\"https:\/\/redsanstore.com\/\",\"logo\":{\"@type\":\"ImageObject\",\"inLanguage\":\"en-US\",\"@id\":\"https:\/\/redsanstore.com\/#\/schema\/logo\/image\/\",\"url\":\"https:\/\/redsanstore.com\/wp-content\/uploads\/2024\/06\/redresor-ups-site-gorseli.jpg\",\"contentUrl\":\"https:\/\/redsanstore.com\/wp-content\/uploads\/2024\/06\/redresor-ups-site-gorseli.jpg\",\"width\":1200,\"height\":675,\"caption\":\"Redsan Store\"},\"image\":{\"@id\":\"https:\/\/redsanstore.com\/#\/schema\/logo\/image\/\"},\"sameAs\":[\"https:\/\/www.facebook.com\/redsanelektronik\",\"https:\/\/www.instagram.com\/redsanelektronik\/\",\"https:\/\/www.linkedin.com\/company\/redsan-elektronik\/\"]}]}<\/script>\n<!-- \/ Yoast SEO Premium plugin. -->","yoast_head_json":{"title":"Industrial UPS Solutions and Advantages - Redsan Store","description":"Industrial UPS Solutions and Advantages offer productivity and business continuity while protecting against power outages. Detailed information...","robots":{"index":"index","follow":"follow","max-snippet":"max-snippet:-1","max-image-preview":"max-image-preview:large","max-video-preview":"max-video-preview:-1"},"canonical":"https:\/\/redsanstore.com\/en\/industrial-ups-solutions-and-advantages\/","og_locale":"en_US","og_type":"article","og_title":"Industrial UPS Solutions and Advantages","og_description":"Industrial UPS Solutions and Advantages offer productivity and business continuity while protecting against power outages. Detailed information...","og_url":"https:\/\/redsanstore.com\/en\/industrial-ups-solutions-and-advantages\/","og_site_name":"Redsan Store","article_publisher":"https:\/\/www.facebook.com\/redsanelektronik","article_modified_time":"2025-03-05T08:31:09+00:00","og_image":[{"width":1600,"height":1200,"url":"https:\/\/redsanstore.com\/wp-content\/uploads\/2024\/09\/Endustriyel-UPS-Cozumleri-ve-Avantajlari.jpeg","type":"image\/jpeg"}],"twitter_card":"summary_large_image","twitter_misc":{"Est. reading time":"2 minutes"},"schema":{"@context":"https:\/\/schema.org","@graph":[{"@type":"WebPage","@id":"https:\/\/redsanstore.com\/en\/industrial-ups-solutions-and-advantages\/","url":"https:\/\/redsanstore.com\/en\/industrial-ups-solutions-and-advantages\/","name":"Industrial UPS Solutions and Advantages - Redsan Store","isPartOf":{"@id":"https:\/\/redsanstore.com\/#website"},"primaryImageOfPage":{"@id":"https:\/\/redsanstore.com\/en\/industrial-ups-solutions-and-advantages\/#primaryimage"},"image":{"@id":"https:\/\/redsanstore.com\/en\/industrial-ups-solutions-and-advantages\/#primaryimage"},"thumbnailUrl":"https:\/\/redsanstore.com\/wp-content\/uploads\/2024\/09\/Endustriyel-UPS-Cozumleri-ve-Avantajlari-1024x768.jpeg","datePublished":"2024-09-25T11:18:54+00:00","dateModified":"2025-03-05T08:31:09+00:00","description":"Industrial UPS Solutions and Advantages offer productivity and business continuity while protecting against power outages. Detailed information...","breadcrumb":{"@id":"https:\/\/redsanstore.com\/en\/industrial-ups-solutions-and-advantages\/#breadcrumb"},"inLanguage":"en-US","potentialAction":[{"@type":"ReadAction","target":["https:\/\/redsanstore.com\/en\/industrial-ups-solutions-and-advantages\/"]}]},{"@type":"ImageObject","inLanguage":"en-US","@id":"https:\/\/redsanstore.com\/en\/industrial-ups-solutions-and-advantages\/#primaryimage","url":"https:\/\/redsanstore.com\/wp-content\/uploads\/2024\/09\/Endustriyel-UPS-Cozumleri-ve-Avantajlari-1024x768.jpeg","contentUrl":"https:\/\/redsanstore.com\/wp-content\/uploads\/2024\/09\/Endustriyel-UPS-Cozumleri-ve-Avantajlari-1024x768.jpeg"},{"@type":"BreadcrumbList","@id":"https:\/\/redsanstore.com\/en\/industrial-ups-solutions-and-advantages\/#breadcrumb","itemListElement":[{"@type":"ListItem","position":1,"name":"Anasayfa","item":"https:\/\/redsanstore.com\/fr\/"},{"@type":"ListItem","position":2,"name":"Industrial UPS Solutions and Advantages"}]},{"@type":"WebSite","@id":"https:\/\/redsanstore.com\/#website","url":"https:\/\/redsanstore.com\/","name":"Redsan Store","description":"Redres\u00f6r - Reg\u00fclat\u00f6r - UPS - Ak\u00fc","publisher":{"@id":"https:\/\/redsanstore.com\/#organization"},"alternateName":"Redres\u00f6r ve Kesintisiz G\u00fc\u00e7 Kayna\u011f\u0131 Ups","potentialAction":[{"@type":"SearchAction","target":{"@type":"EntryPoint","urlTemplate":"https:\/\/redsanstore.com\/?s={search_term_string}"},"query-input":{"@type":"PropertyValueSpecification","valueRequired":true,"valueName":"search_term_string"}}],"inLanguage":"en-US"},{"@type":"Organization","@id":"https:\/\/redsanstore.com\/#organization","name":"Redsan Store","alternateName":"Redres\u00f6r ve Kesintisiz G\u00fc\u00e7 Kayna\u011f\u0131 Ups","url":"https:\/\/redsanstore.com\/","logo":{"@type":"ImageObject","inLanguage":"en-US","@id":"https:\/\/redsanstore.com\/#\/schema\/logo\/image\/","url":"https:\/\/redsanstore.com\/wp-content\/uploads\/2024\/06\/redresor-ups-site-gorseli.jpg","contentUrl":"https:\/\/redsanstore.com\/wp-content\/uploads\/2024\/06\/redresor-ups-site-gorseli.jpg","width":1200,"height":675,"caption":"Redsan Store"},"image":{"@id":"https:\/\/redsanstore.com\/#\/schema\/logo\/image\/"},"sameAs":["https:\/\/www.facebook.com\/redsanelektronik","https:\/\/www.instagram.com\/redsanelektronik\/","https:\/\/www.linkedin.com\/company\/redsan-elektronik\/"]}]}},"_links":{"self":[{"href":"https:\/\/redsanstore.com\/en\/wp-json\/wp\/v2\/pages\/95726","targetHints":{"allow":["GET"]}}],"collection":[{"href":"https:\/\/redsanstore.com\/en\/wp-json\/wp\/v2\/pages"}],"about":[{"href":"https:\/\/redsanstore.com\/en\/wp-json\/wp\/v2\/types\/page"}],"author":[{"embeddable":true,"href":"https:\/\/redsanstore.com\/en\/wp-json\/wp\/v2\/users\/1"}],"replies":[{"embeddable":true,"href":"https:\/\/redsanstore.com\/en\/wp-json\/wp\/v2\/comments?post=95726"}],"version-history":[{"count":0,"href":"https:\/\/redsanstore.com\/en\/wp-json\/wp\/v2\/pages\/95726\/revisions"}],"wp:attachment":[{"href":"https:\/\/redsanstore.com\/en\/wp-json\/wp\/v2\/media?parent=95726"}],"curies":[{"name":"wp","href":"https:\/\/api.w.org\/{rel}","templated":true}]}}