{"id":95613,"date":"2024-03-21T14:46:57","date_gmt":"2024-03-21T11:46:57","guid":{"rendered":"https:\/\/redsanstore.com\/2-kva-ups-price\/"},"modified":"2025-03-04T13:43:53","modified_gmt":"2025-03-04T10:43:53","slug":"2-kva-ups-price","status":"publish","type":"page","link":"https:\/\/redsanstore.com\/en\/2-kva-ups-price\/","title":{"rendered":"2 KVA UPS Price"},"content":{"rendered":"\t\t<div data-elementor-type=\"wp-page\" data-elementor-id=\"95613\" class=\"elementor elementor-95613 elementor-91874\" data-elementor-post-type=\"page\">\n\t\t\t\t\t\t<section class=\"wd-negative-gap elementor-section elementor-top-section elementor-element elementor-element-115cebf elementor-section-boxed elementor-section-height-default elementor-section-height-default\" data-id=\"115cebf\" data-element_type=\"section\" data-settings=\"{&quot;jet_parallax_layout_list&quot;:[]}\">\n\t\t\t\t\t\t<div class=\"elementor-container elementor-column-gap-default\">\n\t\t\t\t\t<div class=\"elementor-column elementor-col-50 elementor-top-column elementor-element elementor-element-6dcd07e\" data-id=\"6dcd07e\" data-element_type=\"column\">\n\t\t\t<div class=\"elementor-widget-wrap elementor-element-populated\">\n\t\t\t\t\t\t<div class=\"elementor-element elementor-element-9b89901 elementor-widget elementor-widget-wd_text_block\" data-id=\"9b89901\" data-element_type=\"widget\" data-widget_type=\"wd_text_block.default\">\n\t\t\t\t<div class=\"elementor-widget-container\">\n\t\t\t\t\t\t\t<div class=\"wd-text-block reset-last-child text-left\">\n\t\t\t\n\t\t\t<p><strong>2 KVA UPS Price: Factors Determining Uninterruptible Power Supply Costs<\/strong><\/p><p>2 KVA UPS Price: 2 kVA UPS is an ideal solution to ensure the safety and continuity of electronic equipment, but their prices vary depending on different factors.<\/p><p>2 KVA UPS Price: We have compiled some of the main factors affecting the UPS price for you below...<\/p>\n\t\t\t\t\t<\/div>\n\t\t\t\t\t\t<\/div>\n\t\t\t\t<\/div>\n\t\t\t\t<div class=\"elementor-element elementor-element-156f61b elementor-widget elementor-widget-spacer\" data-id=\"156f61b\" data-element_type=\"widget\" data-widget_type=\"spacer.default\">\n\t\t\t\t<div class=\"elementor-widget-container\">\n\t\t\t\t\t\t\t<div class=\"elementor-spacer\">\n\t\t\t<div class=\"elementor-spacer-inner\"><\/div>\n\t\t<\/div>\n\t\t\t\t\t\t<\/div>\n\t\t\t\t<\/div>\n\t\t\t\t<div class=\"elementor-element elementor-element-03993b0 elementor-widget elementor-widget-wd_text_block\" data-id=\"03993b0\" data-element_type=\"widget\" data-widget_type=\"wd_text_block.default\">\n\t\t\t\t<div class=\"elementor-widget-container\">\n\t\t\t\t\t\t\t<div class=\"wd-text-block reset-last-child text-left\">\n\t\t\t\n\t\t\t<p><strong>Brand and Model:<\/strong> Different brands and models may have different prices. Well-known brands usually come at higher prices, while lesser-known brands may offer more affordable prices. <\/p><p><strong>Capacity:<\/strong> As the power capacity increases, the price of the UPS usually increases. A 2 kVA UPS may have a lower price than higher capacity models. <\/p><p><strong>Features: <\/strong>Battery life, smart monitoring features, remote access capabilities and other extra features can affect the price of a UPS. Models with more advanced features usually come at higher prices. <\/p><p><strong>Warranty and Support: <\/strong>UPS models that offer long-term warranties and strong customer support services typically come at higher prices.<\/p><p><strong>Purchase Quantity: <\/strong>Bulk purchases often come with discounts and special prices. Buying more than one UPS can lower the unit price. <\/p><p>By considering these factors that determine 2 KVA UPS prices, you can find the most suitable option for your needs and optimize your uninterruptible power supply costs.<\/p>\n\t\t\t\t\t<\/div>\n\t\t\t\t\t\t<\/div>\n\t\t\t\t<\/div>\n\t\t\t\t\t<\/div>\n\t\t<\/div>\n\t\t\t\t<div class=\"elementor-column elementor-col-50 elementor-top-column elementor-element elementor-element-3cbdfec\" data-id=\"3cbdfec\" data-element_type=\"column\">\n\t\t\t<div class=\"elementor-widget-wrap elementor-element-populated\">\n\t\t\t\t\t\t<div class=\"elementor-element elementor-element-be56168 elementor-widget elementor-widget-image\" data-id=\"be56168\" data-element_type=\"widget\" data-widget_type=\"image.default\">\n\t\t\t\t<div class=\"elementor-widget-container\">\n\t\t\t\t\t\t\t\t\t\t\t\t\t\t\t<img fetchpriority=\"high\" decoding=\"async\" width=\"1024\" height=\"768\" src=\"https:\/\/redsanstore.com\/wp-content\/uploads\/2024\/03\/2-kva-ups-fiyat.png\" class=\"attachment-large size-large wp-image-91877\" alt=\"\" srcset=\"https:\/\/redsanstore.com\/wp-content\/uploads\/2024\/03\/2-kva-ups-fiyat.png 1024w, https:\/\/redsanstore.com\/wp-content\/uploads\/2024\/03\/2-kva-ups-fiyat-300x225.png 300w, https:\/\/redsanstore.com\/wp-content\/uploads\/2024\/03\/2-kva-ups-fiyat-768x576.png 768w, https:\/\/redsanstore.com\/wp-content\/uploads\/2024\/03\/2-kva-ups-fiyat-600x450.png 600w, https:\/\/redsanstore.com\/wp-content\/uploads\/2024\/03\/2-kva-ups-fiyat-150x113.png 150w\" sizes=\"(max-width: 1024px) 100vw, 1024px\" \/>\t\t\t\t\t\t\t\t\t\t\t\t\t\t\t<\/div>\n\t\t\t\t<\/div>\n\t\t\t\t<div class=\"elementor-element elementor-element-fec0c2e elementor-widget elementor-widget-spacer\" data-id=\"fec0c2e\" data-element_type=\"widget\" data-widget_type=\"spacer.default\">\n\t\t\t\t<div class=\"elementor-widget-container\">\n\t\t\t\t\t\t\t<div class=\"elementor-spacer\">\n\t\t\t<div class=\"elementor-spacer-inner\"><\/div>\n\t\t<\/div>\n\t\t\t\t\t\t<\/div>\n\t\t\t\t<\/div>\n\t\t\t\t<div class=\"elementor-element elementor-element-e93ff23 elementor-widget elementor-widget-wd_text_block\" data-id=\"e93ff23\" data-element_type=\"widget\" data-widget_type=\"wd_text_block.default\">\n\t\t\t\t<div class=\"elementor-widget-container\">\n\t\t\t\t\t\t\t<div class=\"wd-text-block reset-last-child text-left\">\n\t\t\t\n\t\t\t<h3 style=\"text-align: center;\">2 KVA UPS Price<\/h3><p>In addition to the factors that determine 2 KVA UPS prices, the features of the product to be purchased can also have an impact on its price. For example, UPS models with a longer battery life can often command a higher price because they provide longer backup. Also, the output type of the UPS can affect the price. There can be price differences between UPS models with single-phase or three-phase output.   <\/p><p>The design and structural features of the product can also have an impact on the price. UPS models with a more durable and robust construction can often command a higher price because they may be better suited for long-term use. In addition, the efficiency of the UPS is also a factor that affects the price. Models with higher efficiency levels usually command a higher price, while saving on energy costs in the long run.   <\/p><p>With all these factors combined, 2 KVA UPS prices can vary over a wide range. It is important to carefully evaluate your needs and budget and compare different options before making a purchase. This way, you can find the most suitable and cost-effective solution for your needs.  <\/p>\n\t\t\t\t\t<\/div>\n\t\t\t\t\t\t<\/div>\n\t\t\t\t<\/div>\n\t\t\t\t\t<\/div>\n\t\t<\/div>\n\t\t\t\t\t<\/div>\n\t\t<\/section>\n\t\t\t\t<section class=\"wd-negative-gap elementor-section elementor-top-section elementor-element elementor-element-9e9c837 elementor-section-boxed elementor-section-height-default elementor-section-height-default\" data-id=\"9e9c837\" data-element_type=\"section\" data-settings=\"{&quot;jet_parallax_layout_list&quot;:[]}\">\n\t\t\t\t\t\t<div class=\"elementor-container elementor-column-gap-default\">\n\t\t\t\t\t<div class=\"elementor-column elementor-col-100 elementor-top-column elementor-element elementor-element-a4d9855\" data-id=\"a4d9855\" data-element_type=\"column\">\n\t\t\t<div class=\"elementor-widget-wrap elementor-element-populated\">\n\t\t\t\t\t\t<div class=\"elementor-element elementor-element-dbcf6b1 elementor-widget elementor-widget-spacer\" data-id=\"dbcf6b1\" data-element_type=\"widget\" data-widget_type=\"spacer.default\">\n\t\t\t\t<div class=\"elementor-widget-container\">\n\t\t\t\t\t\t\t<div class=\"elementor-spacer\">\n\t\t\t<div class=\"elementor-spacer-inner\"><\/div>\n\t\t<\/div>\n\t\t\t\t\t\t<\/div>\n\t\t\t\t<\/div>\n\t\t\t\t\t<\/div>\n\t\t<\/div>\n\t\t\t\t\t<\/div>\n\t\t<\/section>\n\t\t\t\t<\/div>\n\t\t","protected":false},"excerpt":{"rendered":"<p>2 KVA UPS Price: Factors Determining Uninterruptible Power Supply Costs 2 KVA UPS Price: 2 kVA UPS is an ideal<\/p>\n","protected":false},"author":1,"featured_media":0,"parent":0,"menu_order":0,"comment_status":"closed","ping_status":"closed","template":"","meta":{"footnotes":""},"class_list":["post-95613","page","type-page","status-publish","hentry"],"yoast_head":"<!-- This site is optimized with the Yoast SEO Premium plugin v25.8 (Yoast SEO v25.9) - https:\/\/yoast.com\/wordpress\/plugins\/seo\/ -->\n<title>2 KVA UPS Price - Redsan Store<\/title>\n<meta name=\"description\" content=\"2 KVA UPS Price is the solution to ensure the continuity of electronic equipment. Their prices vary depending on different factors.\" \/>\n<meta name=\"robots\" content=\"index, follow, max-snippet:-1, max-image-preview:large, max-video-preview:-1\" \/>\n<link rel=\"canonical\" href=\"https:\/\/redsanstore.com\/en\/2-kva-ups-price\/\" \/>\n<meta property=\"og:locale\" content=\"en_US\" \/>\n<meta property=\"og:type\" content=\"article\" \/>\n<meta property=\"og:title\" content=\"2 KVA UPS Price\" \/>\n<meta property=\"og:description\" content=\"2 KVA UPS Price is the solution to ensure the continuity of electronic equipment. Their prices vary depending on different factors.\" \/>\n<meta property=\"og:url\" content=\"https:\/\/redsanstore.com\/en\/2-kva-ups-price\/\" \/>\n<meta property=\"og:site_name\" content=\"Redsan Store\" \/>\n<meta property=\"article:publisher\" content=\"https:\/\/www.facebook.com\/redsanelektronik\" \/>\n<meta property=\"article:modified_time\" content=\"2025-03-04T10:43:53+00:00\" \/>\n<meta property=\"og:image\" content=\"https:\/\/redsanstore.com\/wp-content\/uploads\/2024\/03\/2-kva-ups-fiyat.png\" \/>\n\t<meta property=\"og:image:width\" content=\"1024\" \/>\n\t<meta property=\"og:image:height\" content=\"768\" \/>\n\t<meta property=\"og:image:type\" content=\"image\/png\" \/>\n<meta name=\"twitter:card\" content=\"summary_large_image\" \/>\n<meta name=\"twitter:label1\" content=\"Est. reading time\" \/>\n\t<meta name=\"twitter:data1\" content=\"2 minutes\" \/>\n<script type=\"application\/ld+json\" class=\"yoast-schema-graph\">{\"@context\":\"https:\/\/schema.org\",\"@graph\":[{\"@type\":\"WebPage\",\"@id\":\"https:\/\/redsanstore.com\/en\/2-kva-ups-price\/\",\"url\":\"https:\/\/redsanstore.com\/en\/2-kva-ups-price\/\",\"name\":\"2 KVA UPS Price - Redsan Store\",\"isPartOf\":{\"@id\":\"https:\/\/redsanstore.com\/#website\"},\"primaryImageOfPage\":{\"@id\":\"https:\/\/redsanstore.com\/en\/2-kva-ups-price\/#primaryimage\"},\"image\":{\"@id\":\"https:\/\/redsanstore.com\/en\/2-kva-ups-price\/#primaryimage\"},\"thumbnailUrl\":\"https:\/\/redsanstore.com\/wp-content\/uploads\/2024\/03\/2-kva-ups-fiyat.png\",\"datePublished\":\"2024-03-21T11:46:57+00:00\",\"dateModified\":\"2025-03-04T10:43:53+00:00\",\"description\":\"2 KVA UPS Price is the solution to ensure the continuity of electronic equipment. Their prices vary depending on different factors.\",\"breadcrumb\":{\"@id\":\"https:\/\/redsanstore.com\/en\/2-kva-ups-price\/#breadcrumb\"},\"inLanguage\":\"en-US\",\"potentialAction\":[{\"@type\":\"ReadAction\",\"target\":[\"https:\/\/redsanstore.com\/en\/2-kva-ups-price\/\"]}]},{\"@type\":\"ImageObject\",\"inLanguage\":\"en-US\",\"@id\":\"https:\/\/redsanstore.com\/en\/2-kva-ups-price\/#primaryimage\",\"url\":\"https:\/\/redsanstore.com\/wp-content\/uploads\/2024\/03\/2-kva-ups-fiyat.png\",\"contentUrl\":\"https:\/\/redsanstore.com\/wp-content\/uploads\/2024\/03\/2-kva-ups-fiyat.png\"},{\"@type\":\"BreadcrumbList\",\"@id\":\"https:\/\/redsanstore.com\/en\/2-kva-ups-price\/#breadcrumb\",\"itemListElement\":[{\"@type\":\"ListItem\",\"position\":1,\"name\":\"Anasayfa\",\"item\":\"https:\/\/redsanstore.com\/fr\/\"},{\"@type\":\"ListItem\",\"position\":2,\"name\":\"2 KVA UPS Price\"}]},{\"@type\":\"WebSite\",\"@id\":\"https:\/\/redsanstore.com\/#website\",\"url\":\"https:\/\/redsanstore.com\/\",\"name\":\"Redsan Store\",\"description\":\"Redres\u00f6r - Reg\u00fclat\u00f6r - UPS - Ak\u00fc\",\"publisher\":{\"@id\":\"https:\/\/redsanstore.com\/#organization\"},\"alternateName\":\"Redres\u00f6r ve Kesintisiz G\u00fc\u00e7 Kayna\u011f\u0131 Ups\",\"potentialAction\":[{\"@type\":\"SearchAction\",\"target\":{\"@type\":\"EntryPoint\",\"urlTemplate\":\"https:\/\/redsanstore.com\/?s={search_term_string}\"},\"query-input\":{\"@type\":\"PropertyValueSpecification\",\"valueRequired\":true,\"valueName\":\"search_term_string\"}}],\"inLanguage\":\"en-US\"},{\"@type\":\"Organization\",\"@id\":\"https:\/\/redsanstore.com\/#organization\",\"name\":\"Redsan Store\",\"alternateName\":\"Redres\u00f6r ve Kesintisiz G\u00fc\u00e7 Kayna\u011f\u0131 Ups\",\"url\":\"https:\/\/redsanstore.com\/\",\"logo\":{\"@type\":\"ImageObject\",\"inLanguage\":\"en-US\",\"@id\":\"https:\/\/redsanstore.com\/#\/schema\/logo\/image\/\",\"url\":\"https:\/\/redsanstore.com\/wp-content\/uploads\/2024\/06\/redresor-ups-site-gorseli.jpg\",\"contentUrl\":\"https:\/\/redsanstore.com\/wp-content\/uploads\/2024\/06\/redresor-ups-site-gorseli.jpg\",\"width\":1200,\"height\":675,\"caption\":\"Redsan Store\"},\"image\":{\"@id\":\"https:\/\/redsanstore.com\/#\/schema\/logo\/image\/\"},\"sameAs\":[\"https:\/\/www.facebook.com\/redsanelektronik\",\"https:\/\/www.instagram.com\/redsanelektronik\/\",\"https:\/\/www.linkedin.com\/company\/redsan-elektronik\/\"]}]}<\/script>\n<!-- \/ Yoast SEO Premium plugin. -->","yoast_head_json":{"title":"2 KVA UPS Price - Redsan Store","description":"2 KVA UPS Price is the solution to ensure the continuity of electronic equipment. Their prices vary depending on different factors.","robots":{"index":"index","follow":"follow","max-snippet":"max-snippet:-1","max-image-preview":"max-image-preview:large","max-video-preview":"max-video-preview:-1"},"canonical":"https:\/\/redsanstore.com\/en\/2-kva-ups-price\/","og_locale":"en_US","og_type":"article","og_title":"2 KVA UPS Price","og_description":"2 KVA UPS Price is the solution to ensure the continuity of electronic equipment. Their prices vary depending on different factors.","og_url":"https:\/\/redsanstore.com\/en\/2-kva-ups-price\/","og_site_name":"Redsan Store","article_publisher":"https:\/\/www.facebook.com\/redsanelektronik","article_modified_time":"2025-03-04T10:43:53+00:00","og_image":[{"width":1024,"height":768,"url":"https:\/\/redsanstore.com\/wp-content\/uploads\/2024\/03\/2-kva-ups-fiyat.png","type":"image\/png"}],"twitter_card":"summary_large_image","twitter_misc":{"Est. reading time":"2 minutes"},"schema":{"@context":"https:\/\/schema.org","@graph":[{"@type":"WebPage","@id":"https:\/\/redsanstore.com\/en\/2-kva-ups-price\/","url":"https:\/\/redsanstore.com\/en\/2-kva-ups-price\/","name":"2 KVA UPS Price - Redsan Store","isPartOf":{"@id":"https:\/\/redsanstore.com\/#website"},"primaryImageOfPage":{"@id":"https:\/\/redsanstore.com\/en\/2-kva-ups-price\/#primaryimage"},"image":{"@id":"https:\/\/redsanstore.com\/en\/2-kva-ups-price\/#primaryimage"},"thumbnailUrl":"https:\/\/redsanstore.com\/wp-content\/uploads\/2024\/03\/2-kva-ups-fiyat.png","datePublished":"2024-03-21T11:46:57+00:00","dateModified":"2025-03-04T10:43:53+00:00","description":"2 KVA UPS Price is the solution to ensure the continuity of electronic equipment. Their prices vary depending on different factors.","breadcrumb":{"@id":"https:\/\/redsanstore.com\/en\/2-kva-ups-price\/#breadcrumb"},"inLanguage":"en-US","potentialAction":[{"@type":"ReadAction","target":["https:\/\/redsanstore.com\/en\/2-kva-ups-price\/"]}]},{"@type":"ImageObject","inLanguage":"en-US","@id":"https:\/\/redsanstore.com\/en\/2-kva-ups-price\/#primaryimage","url":"https:\/\/redsanstore.com\/wp-content\/uploads\/2024\/03\/2-kva-ups-fiyat.png","contentUrl":"https:\/\/redsanstore.com\/wp-content\/uploads\/2024\/03\/2-kva-ups-fiyat.png"},{"@type":"BreadcrumbList","@id":"https:\/\/redsanstore.com\/en\/2-kva-ups-price\/#breadcrumb","itemListElement":[{"@type":"ListItem","position":1,"name":"Anasayfa","item":"https:\/\/redsanstore.com\/fr\/"},{"@type":"ListItem","position":2,"name":"2 KVA UPS Price"}]},{"@type":"WebSite","@id":"https:\/\/redsanstore.com\/#website","url":"https:\/\/redsanstore.com\/","name":"Redsan Store","description":"Redres\u00f6r - Reg\u00fclat\u00f6r - UPS - Ak\u00fc","publisher":{"@id":"https:\/\/redsanstore.com\/#organization"},"alternateName":"Redres\u00f6r ve Kesintisiz G\u00fc\u00e7 Kayna\u011f\u0131 Ups","potentialAction":[{"@type":"SearchAction","target":{"@type":"EntryPoint","urlTemplate":"https:\/\/redsanstore.com\/?s={search_term_string}"},"query-input":{"@type":"PropertyValueSpecification","valueRequired":true,"valueName":"search_term_string"}}],"inLanguage":"en-US"},{"@type":"Organization","@id":"https:\/\/redsanstore.com\/#organization","name":"Redsan Store","alternateName":"Redres\u00f6r ve Kesintisiz G\u00fc\u00e7 Kayna\u011f\u0131 Ups","url":"https:\/\/redsanstore.com\/","logo":{"@type":"ImageObject","inLanguage":"en-US","@id":"https:\/\/redsanstore.com\/#\/schema\/logo\/image\/","url":"https:\/\/redsanstore.com\/wp-content\/uploads\/2024\/06\/redresor-ups-site-gorseli.jpg","contentUrl":"https:\/\/redsanstore.com\/wp-content\/uploads\/2024\/06\/redresor-ups-site-gorseli.jpg","width":1200,"height":675,"caption":"Redsan Store"},"image":{"@id":"https:\/\/redsanstore.com\/#\/schema\/logo\/image\/"},"sameAs":["https:\/\/www.facebook.com\/redsanelektronik","https:\/\/www.instagram.com\/redsanelektronik\/","https:\/\/www.linkedin.com\/company\/redsan-elektronik\/"]}]}},"_links":{"self":[{"href":"https:\/\/redsanstore.com\/en\/wp-json\/wp\/v2\/pages\/95613","targetHints":{"allow":["GET"]}}],"collection":[{"href":"https:\/\/redsanstore.com\/en\/wp-json\/wp\/v2\/pages"}],"about":[{"href":"https:\/\/redsanstore.com\/en\/wp-json\/wp\/v2\/types\/page"}],"author":[{"embeddable":true,"href":"https:\/\/redsanstore.com\/en\/wp-json\/wp\/v2\/users\/1"}],"replies":[{"embeddable":true,"href":"https:\/\/redsanstore.com\/en\/wp-json\/wp\/v2\/comments?post=95613"}],"version-history":[{"count":0,"href":"https:\/\/redsanstore.com\/en\/wp-json\/wp\/v2\/pages\/95613\/revisions"}],"wp:attachment":[{"href":"https:\/\/redsanstore.com\/en\/wp-json\/wp\/v2\/media?parent=95613"}],"curies":[{"name":"wp","href":"https:\/\/api.w.org\/{rel}","templated":true}]}}