{"id":94525,"date":"2024-10-02T09:43:08","date_gmt":"2024-10-02T06:43:08","guid":{"rendered":"https:\/\/redsanstore.com\/?post_type=product&#038;p=94525"},"modified":"2026-04-27T13:48:41","modified_gmt":"2026-04-27T10:48:41","slug":"%d9%85%d9%82%d9%88%d9%85-220-24-%d9%81%d9%88%d9%84%d8%aa-%d8%aa%d9%8a%d8%a7%d8%b1-%d9%85%d8%b3%d8%aa%d9%85%d8%b1-26-%d8%a3%d9%85%d8%a8%d9%8a%d8%b1-%d8%b3%d8%a7%d8%b9%d8%a9-10-%d8%a3%d9%85%d8%a8%d9%8a","status":"publish","type":"product","link":"https:\/\/redsanstore.com\/ar\/urun\/%d9%85%d9%82%d9%88%d9%85-220-24-%d9%81%d9%88%d9%84%d8%aa-%d8%aa%d9%8a%d8%a7%d8%b1-%d9%85%d8%b3%d8%aa%d9%85%d8%b1-26-%d8%a3%d9%85%d8%a8%d9%8a%d8%b1-%d8%b3%d8%a7%d8%b9%d8%a9-10-%d8%a3%d9%85%d8%a8%d9%8a\/","title":{"rendered":"\u0645\u0642\u0648\u0645 220-24 \u0641\u0648\u0644\u062a \u062a\u064a\u0627\u0631 \u0645\u0633\u062a\u0645\u0631 -26 \u0623\u0645\u0628\u064a\u0631 \u0633\u0627\u0639\u0629 10 \u0623\u0645\u0628\u064a\u0631"},"content":{"rendered":"<table border=\"0\" width=\"710\" cellspacing=\"0\" cellpadding=\"0\">\n<colgroup>\n<col span=\"10\" width=\"71\" \/><\/colgroup>\n<tbody>\n<tr>\n<td class=\"xl65\" colspan=\"5\" width=\"355\" height=\"20\">\u0627\u0644\u062c\u0647\u062f \u0627\u0644\u0627\u0633\u0645\u064a<\/td>\n<td class=\"xl65\" colspan=\"5\" width=\"355\">230 \u0641\u0648\u0644\u062a \u062a\u064a\u0627\u0631 \u0645\u062a\u0631\u062f\u062f (\u00b1 20\u066a)<\/td>\n<\/tr>\n<tr>\n<td class=\"xl65\" colspan=\"5\" height=\"20\">\u0627\u0644\u062a\u0631\u062f\u062f<\/td>\n<td class=\"xl65\" colspan=\"5\">50 \u0647\u0631\u062a\u0632 (\u00b1 5\u066a)<\/td>\n<\/tr>\n<tr>\n<td class=\"xl65\" colspan=\"5\" height=\"20\">\u0637\u0627\u0642\u0629 \u0627\u0644\u0645\u062f\u062e\u0644<\/td>\n<td class=\"xl65\" colspan=\"5\">500VA<\/td>\n<\/tr>\n<tr>\n<td class=\"xl65\" colspan=\"5\" height=\"20\">\u0639\u0627\u0645\u0644 \u0627\u0644\u0637\u0627\u0642\u0629<\/td>\n<td class=\"xl65\" colspan=\"5\">&gt; 0.8<\/td>\n<\/tr>\n<tr>\n<td class=\"xl65\" colspan=\"5\" height=\"20\">\u062c\u0647\u062f \u0627\u0644\u0645\u062e\u0631\u062c<\/td>\n<td class=\"xl65\" colspan=\"5\">26.5 \u0641\u0648\u0644\u062a \u062a\u064a\u0627\u0631 \u0645\u0633\u062a\u0645\u0631<\/td>\n<\/tr>\n<tr>\n<td class=\"xl65\" colspan=\"5\" height=\"20\">\u0627\u0644\u062c\u0647\u062f \u0627\u0644\u0642\u0627\u0628\u0644 \u0644\u0644\u062a\u0639\u062f\u064a\u0644<\/td>\n<td class=\"xl65\" colspan=\"5\">\u00a020-30 \u0641\u0648\u0644\u062a \u062a\u064a\u0627\u0631 \u0645\u0633\u062a\u0645\u0631 (\u0628\u062e\u0637\u0648\u0627\u062a 1 \u0641\u0648\u0644\u062a)<\/td>\n<\/tr>\n<tr>\n<td class=\"xl65\" colspan=\"5\" height=\"20\">\u062a\u064a\u0627\u0631 \u0627\u0644\u0645\u062e\u0631\u062c<\/td>\n<td class=\"xl68\" colspan=\"5\">10 \u0623<\/td>\n<\/tr>\n<tr>\n<td class=\"xl65\" colspan=\"5\" height=\"20\">\u062a\u064a\u0627\u0631 \u0627\u0644\u0645\u062e\u0631\u062c \u0627\u0644\u0642\u0627\u0628\u0644 \u0644\u0644\u062a\u0639\u062f\u064a\u0644<\/td>\n<td class=\"xl65\" colspan=\"5\">1-10A<\/td>\n<\/tr>\n<tr>\n<td class=\"xl65\" colspan=\"5\" height=\"20\">\u0637\u0627\u0642\u0629 \u0627\u0644\u0645\u062e\u0631\u062c<\/td>\n<td class=\"xl65\" colspan=\"5\">300 \u0648\u0627\u0637 (\u062d\u062f \u0623\u0642\u0635\u0649)<\/td>\n<\/tr>\n<tr>\n<td class=\"xl65\" colspan=\"5\" height=\"20\">\u062a\u0642\u0646\u064a\u0629 \u0627\u0644\u062a\u062d\u0643\u0645 \u0641\u064a \u0627\u0644\u0637\u0627\u0642\u0629<\/td>\n<td class=\"xl65\" colspan=\"5\">\u0645\u0639\u062f\u0644 \u0627\u0644\u062a\u062d\u0643\u0645 \u0628\u0627\u0644\u062b\u0627\u064a\u0631\u0633\u062a\u0648\u0631 \u0645\u0639 \u0645\u062d\u0648\u0644 \u0627\u0644\u0639\u0632\u0644<\/td>\n<\/tr>\n<tr>\n<td class=\"xl65\" colspan=\"5\" height=\"20\">\u0627\u0644\u0643\u0641\u0627\u0621\u0629<\/td>\n<td class=\"xl65\" colspan=\"5\">\u02c3 75\u066a<\/td>\n<\/tr>\n<tr>\n<td class=\"xl65\" colspan=\"5\" height=\"20\">\u0627\u0644\u062a\u0628\u0631\u064a\u062f<\/td>\n<td class=\"xl65\" colspan=\"5\">\u0627\u062d\u0635\u0644 \u0639\u0644\u0649. \u062a\u0642\u0644\u064a\u0644 \u0627\u0644\u062d\u0631\u0627\u0631\u0629<\/td>\n<\/tr>\n<tr>\n<td class=\"xl65\" colspan=\"5\" height=\"20\">\u0627\u0644\u0639\u0632\u0644<\/td>\n<td class=\"xl65\" colspan=\"5\">2 \u0643\u064a\u0644\u0648 \u0641\u0648\u0644\u062a \/ 1 \u062f\u0642\u064a\u0642\u0629 (\u0627\u0644\u0645\u062f\u062e\u0644-\u0627\u0644\u0645\u062e\u0631\u062c\u060c \u0627\u0644\u0645\u062f\u062e\u0644-\u0627\u0644\u0647\u064a\u0643\u0644\u060c \u0627\u0644\u0647\u064a\u0643\u0644-\u0627\u0644\u0645\u062e\u0631\u062c)<\/td>\n<\/tr>\n<tr>\n<td class=\"xl65\" colspan=\"5\" height=\"20\">\n<table width=\"100%\">\n<tbody>\n<tr>\n<td width=\"50%\">\u0645\u062c\u0645\u0648\u0639\u0629 \u0627\u0644\u0628\u0637\u0627\u0631\u064a\u0627\u062a<\/td>\n<\/tr>\n<\/tbody>\n<\/table>\n<\/td>\n<td class=\"xl65\" colspan=\"5\">26 \u0623\u0645\u0628\u064a\u0631<\/td>\n<\/tr>\n<tr>\n<td class=\"xl69\" colspan=\"5\" width=\"355\" height=\"59\">\u0627\u0644\u0645\u0639\u0644\u0645\u0627\u062a \u0627\u0644\u062a\u064a \u064a\u0645\u0643\u0646 \u0645\u0631\u0627\u0642\u0628\u062a\u0647\u0627 \u0639\u0644\u0649 \u0627\u0644\u0634\u0627\u0634\u0629 \u0627\u0644\u0631\u0626\u064a\u0633\u064a\u0629<\/td>\n<td class=\"xl72\" colspan=\"5\" width=\"355\">\u062c\u0647\u062f \u0648\u062a\u064a\u0627\u0631 \u0627\u0644\u0645\u062e\u0631\u062c\u060c \u062a\u0633\u0631\u0628 \u062a\u064a\u0627\u0631 \u0645\u0633\u062a\u0645\u0631 \u0632\u0627\u0626\u062f \u0648\u0646\u0627\u0642\u0635\u060c \u0627\u0644\u062d\u0645\u0644 \u0627\u0644\u0632\u0627\u0626\u062f<\/td>\n<\/tr>\n<\/tbody>\n<\/table>\n<div id=\"simple-translate\" class=\"simple-translate-system-theme\">\n<div>\n<div class=\"simple-translate-button isShow\" style=\"background-image: url('moz-extension:\/\/7ff7c006-852c-404e-8a15-3a09ae8dd062\/icons\/512.png'); height: 22px; width: 22px; top: 27px; left: 51px;\"><\/div>\n<div class=\"simple-translate-panel \" style=\"width: 300px; height: 200px; top: 0px; left: 0px; font-size: 13px;\">\n<div class=\"simple-translate-result-wrapper\" style=\"overflow: hidden;\">\n<div class=\"simple-translate-move\" draggable=\"true\"><\/div>\n<div class=\"simple-translate-result-contents\">\n<p class=\"simple-translate-result\" dir=\"auto\">\n<p class=\"simple-translate-candidate\" dir=\"auto\">\n<\/div>\n<\/div>\n<\/div>\n<\/div>\n<\/div>\n","protected":false},"excerpt":{"rendered":"<p>\u0627\u0644\u062c\u0647\u062f \u0627\u0644\u0627\u0633\u0645\u064a 230 \u0641\u0648\u0644\u062a \u062a\u064a\u0627\u0631 \u0645\u062a\u0631\u062f\u062f (\u00b1 20\u066a) \u0627\u0644\u062a\u0631\u062f\u062f 50 \u0647\u0631\u062a\u0632 (\u00b1 5\u066a) \u0637\u0627\u0642\u0629 \u0627\u0644\u0645\u062f\u062e\u0644 500VA \u0639\u0627\u0645\u0644 \u0627\u0644\u0637\u0627\u0642\u0629 &gt; 0.8<\/p>\n","protected":false},"featured_media":95108,"comment_status":"open","ping_status":"closed","template":"","meta":[],"product_brand":[],"product_cat":[477],"product_tag":[],"class_list":{"0":"post-94525","1":"product","2":"type-product","3":"status-publish","4":"has-post-thumbnail","6":"product_cat-24---","8":"first","9":"instock","10":"taxable","11":"shipping-taxable","12":"purchasable","13":"product-type-simple"},"yoast_head":"<!-- This site is optimized with the Yoast SEO Premium plugin v25.8 (Yoast SEO v25.9) - https:\/\/yoast.com\/wordpress\/plugins\/seo\/ -->\n<title>\u0645\u0642\u0648\u0645 220-24 \u0641\u0648\u0644\u062a \u062a\u064a\u0627\u0631 \u0645\u0633\u062a\u0645\u0631 -26 \u0623\u0645\u0628\u064a\u0631 \u0633\u0627\u0639\u0629 10 \u0623\u0645\u0628\u064a\u0631 - \u0645\u062a\u062c\u0631 Redsan<\/title>\n<meta name=\"robots\" content=\"index, follow, max-snippet:-1, max-image-preview:large, max-video-preview:-1\" \/>\n<link rel=\"canonical\" href=\"https:\/\/redsanstore.com\/ar\/urun\/\u0645\u0642\u0648\u0645-220-24-\u0641\u0648\u0644\u062a-\u062a\u064a\u0627\u0631-\u0645\u0633\u062a\u0645\u0631-26-\u0623\u0645\u0628\u064a\u0631-\u0633\u0627\u0639\u0629-10-\u0623\u0645\u0628\u064a\/\" \/>\n<meta property=\"og:locale\" content=\"ar_AR\" \/>\n<meta property=\"og:type\" content=\"article\" \/>\n<meta property=\"og:title\" content=\"\u0645\u0642\u0648\u0645 220-24 \u0641\u0648\u0644\u062a \u062a\u064a\u0627\u0631 \u0645\u0633\u062a\u0645\u0631 -26 \u0623\u0645\u0628\u064a\u0631 \u0633\u0627\u0639\u0629 10 \u0623\u0645\u0628\u064a\u0631\" \/>\n<meta property=\"og:description\" content=\"\u0627\u0644\u062c\u0647\u062f \u0627\u0644\u0627\u0633\u0645\u064a 230 \u0641\u0648\u0644\u062a \u062a\u064a\u0627\u0631 \u0645\u062a\u0631\u062f\u062f (\u00b1 20\u066a) \u0627\u0644\u062a\u0631\u062f\u062f 50 \u0647\u0631\u062a\u0632 (\u00b1 5\u066a) \u0637\u0627\u0642\u0629 \u0627\u0644\u0645\u062f\u062e\u0644 500VA \u0639\u0627\u0645\u0644 \u0627\u0644\u0637\u0627\u0642\u0629 &gt; 0.8\" \/>\n<meta property=\"og:url\" content=\"https:\/\/redsanstore.com\/ar\/urun\/\u0645\u0642\u0648\u0645-220-24-\u0641\u0648\u0644\u062a-\u062a\u064a\u0627\u0631-\u0645\u0633\u062a\u0645\u0631-26-\u0623\u0645\u0628\u064a\u0631-\u0633\u0627\u0639\u0629-10-\u0623\u0645\u0628\u064a\/\" \/>\n<meta property=\"og:site_name\" content=\"Redsan Store\" \/>\n<meta property=\"article:publisher\" content=\"https:\/\/www.facebook.com\/redsanelektronik\" \/>\n<meta property=\"article:modified_time\" content=\"2026-04-27T10:48:41+00:00\" \/>\n<meta property=\"og:image\" content=\"https:\/\/redsanstore.com\/wp-content\/uploads\/2024\/10\/220-24V-DC-26-Ahr-20A-REDRESOR-on.jpg\" \/>\n\t<meta property=\"og:image:width\" content=\"1200\" \/>\n\t<meta property=\"og:image:height\" content=\"1200\" \/>\n\t<meta property=\"og:image:type\" content=\"image\/jpeg\" \/>\n<meta name=\"twitter:card\" content=\"summary_large_image\" \/>\n<meta name=\"twitter:label1\" content=\"\u0648\u0642\u062a \u0627\u0644\u0642\u0631\u0627\u0621\u0629 \u0627\u0644\u0645\u064f\u0642\u062f\u0651\u0631\" \/>\n\t<meta name=\"twitter:data1\" content=\"1 \u062f\u0642\u064a\u0642\u0629\" \/>\n<script type=\"application\/ld+json\" class=\"yoast-schema-graph\">{\"@context\":\"https:\/\/schema.org\",\"@graph\":[{\"@type\":\"WebPage\",\"@id\":\"https:\/\/redsanstore.com\/ar\/urun\/%d9%85%d9%82%d9%88%d9%85-220-24-%d9%81%d9%88%d9%84%d8%aa-%d8%aa%d9%8a%d8%a7%d8%b1-%d9%85%d8%b3%d8%aa%d9%85%d8%b1-26-%d8%a3%d9%85%d8%a8%d9%8a%d8%b1-%d8%b3%d8%a7%d8%b9%d8%a9-10-%d8%a3%d9%85%d8%a8%d9%8a\/\",\"url\":\"https:\/\/redsanstore.com\/ar\/urun\/%d9%85%d9%82%d9%88%d9%85-220-24-%d9%81%d9%88%d9%84%d8%aa-%d8%aa%d9%8a%d8%a7%d8%b1-%d9%85%d8%b3%d8%aa%d9%85%d8%b1-26-%d8%a3%d9%85%d8%a8%d9%8a%d8%b1-%d8%b3%d8%a7%d8%b9%d8%a9-10-%d8%a3%d9%85%d8%a8%d9%8a\/\",\"name\":\"\u0645\u0642\u0648\u0645 220-24 \u0641\u0648\u0644\u062a \u062a\u064a\u0627\u0631 \u0645\u0633\u062a\u0645\u0631 -26 \u0623\u0645\u0628\u064a\u0631 \u0633\u0627\u0639\u0629 10 \u0623\u0645\u0628\u064a\u0631 - \u0645\u062a\u062c\u0631 Redsan\",\"isPartOf\":{\"@id\":\"https:\/\/redsanstore.com\/#website\"},\"primaryImageOfPage\":{\"@id\":\"https:\/\/redsanstore.com\/ar\/urun\/%d9%85%d9%82%d9%88%d9%85-220-24-%d9%81%d9%88%d9%84%d8%aa-%d8%aa%d9%8a%d8%a7%d8%b1-%d9%85%d8%b3%d8%aa%d9%85%d8%b1-26-%d8%a3%d9%85%d8%a8%d9%8a%d8%b1-%d8%b3%d8%a7%d8%b9%d8%a9-10-%d8%a3%d9%85%d8%a8%d9%8a\/#primaryimage\"},\"image\":{\"@id\":\"https:\/\/redsanstore.com\/ar\/urun\/%d9%85%d9%82%d9%88%d9%85-220-24-%d9%81%d9%88%d9%84%d8%aa-%d8%aa%d9%8a%d8%a7%d8%b1-%d9%85%d8%b3%d8%aa%d9%85%d8%b1-26-%d8%a3%d9%85%d8%a8%d9%8a%d8%b1-%d8%b3%d8%a7%d8%b9%d8%a9-10-%d8%a3%d9%85%d8%a8%d9%8a\/#primaryimage\"},\"thumbnailUrl\":\"https:\/\/redsanstore.com\/wp-content\/uploads\/2024\/10\/220-24V-DC-26-Ahr-20A-REDRESOR-on.jpg\",\"datePublished\":\"2024-10-02T06:43:08+00:00\",\"dateModified\":\"2026-04-27T10:48:41+00:00\",\"breadcrumb\":{\"@id\":\"https:\/\/redsanstore.com\/ar\/urun\/%d9%85%d9%82%d9%88%d9%85-220-24-%d9%81%d9%88%d9%84%d8%aa-%d8%aa%d9%8a%d8%a7%d8%b1-%d9%85%d8%b3%d8%aa%d9%85%d8%b1-26-%d8%a3%d9%85%d8%a8%d9%8a%d8%b1-%d8%b3%d8%a7%d8%b9%d8%a9-10-%d8%a3%d9%85%d8%a8%d9%8a\/#breadcrumb\"},\"inLanguage\":\"ar\",\"potentialAction\":[{\"@type\":\"ReadAction\",\"target\":[\"https:\/\/redsanstore.com\/ar\/urun\/%d9%85%d9%82%d9%88%d9%85-220-24-%d9%81%d9%88%d9%84%d8%aa-%d8%aa%d9%8a%d8%a7%d8%b1-%d9%85%d8%b3%d8%aa%d9%85%d8%b1-26-%d8%a3%d9%85%d8%a8%d9%8a%d8%b1-%d8%b3%d8%a7%d8%b9%d8%a9-10-%d8%a3%d9%85%d8%a8%d9%8a\/\"]}]},{\"@type\":\"ImageObject\",\"inLanguage\":\"ar\",\"@id\":\"https:\/\/redsanstore.com\/ar\/urun\/%d9%85%d9%82%d9%88%d9%85-220-24-%d9%81%d9%88%d9%84%d8%aa-%d8%aa%d9%8a%d8%a7%d8%b1-%d9%85%d8%b3%d8%aa%d9%85%d8%b1-26-%d8%a3%d9%85%d8%a8%d9%8a%d8%b1-%d8%b3%d8%a7%d8%b9%d8%a9-10-%d8%a3%d9%85%d8%a8%d9%8a\/#primaryimage\",\"url\":\"https:\/\/redsanstore.com\/wp-content\/uploads\/2024\/10\/220-24V-DC-26-Ahr-20A-REDRESOR-on.jpg\",\"contentUrl\":\"https:\/\/redsanstore.com\/wp-content\/uploads\/2024\/10\/220-24V-DC-26-Ahr-20A-REDRESOR-on.jpg\",\"width\":1200,\"height\":1200},{\"@type\":\"BreadcrumbList\",\"@id\":\"https:\/\/redsanstore.com\/ar\/urun\/%d9%85%d9%82%d9%88%d9%85-220-24-%d9%81%d9%88%d9%84%d8%aa-%d8%aa%d9%8a%d8%a7%d8%b1-%d9%85%d8%b3%d8%aa%d9%85%d8%b1-26-%d8%a3%d9%85%d8%a8%d9%8a%d8%b1-%d8%b3%d8%a7%d8%b9%d8%a9-10-%d8%a3%d9%85%d8%a8%d9%8a\/#breadcrumb\",\"itemListElement\":[{\"@type\":\"ListItem\",\"position\":1,\"name\":\"Anasayfa\",\"item\":\"https:\/\/redsanstore.com\/fr\/\"},{\"@type\":\"ListItem\",\"position\":2,\"name\":\"\u0645\u0631\u0643\u0632 \u062a\u0633\u0648\u0642\",\"item\":\"https:\/\/redsanstore.com\/ar\/%d9%85%d8%b1%d9%83%d8%b2-%d8%aa%d8%b3%d9%88%d9%82\/\"},{\"@type\":\"ListItem\",\"position\":3,\"name\":\"\u0645\u0642\u0648\u0645 220-24 \u0641\u0648\u0644\u062a \u062a\u064a\u0627\u0631 \u0645\u0633\u062a\u0645\u0631 -26 \u0623\u0645\u0628\u064a\u0631 \u0633\u0627\u0639\u0629 10 \u0623\u0645\u0628\u064a\u0631\"}]},{\"@type\":\"WebSite\",\"@id\":\"https:\/\/redsanstore.com\/#website\",\"url\":\"https:\/\/redsanstore.com\/\",\"name\":\"Redsan Store\",\"description\":\"Redres\u00f6r - Reg\u00fclat\u00f6r - UPS - Ak\u00fc\",\"publisher\":{\"@id\":\"https:\/\/redsanstore.com\/#organization\"},\"alternateName\":\"Redres\u00f6r ve Kesintisiz G\u00fc\u00e7 Kayna\u011f\u0131 Ups\",\"potentialAction\":[{\"@type\":\"SearchAction\",\"target\":{\"@type\":\"EntryPoint\",\"urlTemplate\":\"https:\/\/redsanstore.com\/?s={search_term_string}\"},\"query-input\":{\"@type\":\"PropertyValueSpecification\",\"valueRequired\":true,\"valueName\":\"search_term_string\"}}],\"inLanguage\":\"ar\"},{\"@type\":\"Organization\",\"@id\":\"https:\/\/redsanstore.com\/#organization\",\"name\":\"Redsan Store\",\"alternateName\":\"Redres\u00f6r ve Kesintisiz G\u00fc\u00e7 Kayna\u011f\u0131 Ups\",\"url\":\"https:\/\/redsanstore.com\/\",\"logo\":{\"@type\":\"ImageObject\",\"inLanguage\":\"ar\",\"@id\":\"https:\/\/redsanstore.com\/#\/schema\/logo\/image\/\",\"url\":\"https:\/\/redsanstore.com\/wp-content\/uploads\/2024\/06\/redresor-ups-site-gorseli.jpg\",\"contentUrl\":\"https:\/\/redsanstore.com\/wp-content\/uploads\/2024\/06\/redresor-ups-site-gorseli.jpg\",\"width\":1200,\"height\":675,\"caption\":\"Redsan Store\"},\"image\":{\"@id\":\"https:\/\/redsanstore.com\/#\/schema\/logo\/image\/\"},\"sameAs\":[\"https:\/\/www.facebook.com\/redsanelektronik\",\"https:\/\/www.instagram.com\/redsanelektronik\/\",\"https:\/\/www.linkedin.com\/company\/redsan-elektronik\/\"]}]}<\/script>\n<!-- \/ Yoast SEO Premium plugin. -->","yoast_head_json":{"title":"\u0645\u0642\u0648\u0645 220-24 \u0641\u0648\u0644\u062a \u062a\u064a\u0627\u0631 \u0645\u0633\u062a\u0645\u0631 -26 \u0623\u0645\u0628\u064a\u0631 \u0633\u0627\u0639\u0629 10 \u0623\u0645\u0628\u064a\u0631 - \u0645\u062a\u062c\u0631 Redsan","robots":{"index":"index","follow":"follow","max-snippet":"max-snippet:-1","max-image-preview":"max-image-preview:large","max-video-preview":"max-video-preview:-1"},"canonical":"https:\/\/redsanstore.com\/ar\/urun\/\u0645\u0642\u0648\u0645-220-24-\u0641\u0648\u0644\u062a-\u062a\u064a\u0627\u0631-\u0645\u0633\u062a\u0645\u0631-26-\u0623\u0645\u0628\u064a\u0631-\u0633\u0627\u0639\u0629-10-\u0623\u0645\u0628\u064a\/","og_locale":"ar_AR","og_type":"article","og_title":"\u0645\u0642\u0648\u0645 220-24 \u0641\u0648\u0644\u062a \u062a\u064a\u0627\u0631 \u0645\u0633\u062a\u0645\u0631 -26 \u0623\u0645\u0628\u064a\u0631 \u0633\u0627\u0639\u0629 10 \u0623\u0645\u0628\u064a\u0631","og_description":"\u0627\u0644\u062c\u0647\u062f \u0627\u0644\u0627\u0633\u0645\u064a 230 \u0641\u0648\u0644\u062a \u062a\u064a\u0627\u0631 \u0645\u062a\u0631\u062f\u062f (\u00b1 20\u066a) \u0627\u0644\u062a\u0631\u062f\u062f 50 \u0647\u0631\u062a\u0632 (\u00b1 5\u066a) \u0637\u0627\u0642\u0629 \u0627\u0644\u0645\u062f\u062e\u0644 500VA \u0639\u0627\u0645\u0644 \u0627\u0644\u0637\u0627\u0642\u0629 &gt; 0.8","og_url":"https:\/\/redsanstore.com\/ar\/urun\/\u0645\u0642\u0648\u0645-220-24-\u0641\u0648\u0644\u062a-\u062a\u064a\u0627\u0631-\u0645\u0633\u062a\u0645\u0631-26-\u0623\u0645\u0628\u064a\u0631-\u0633\u0627\u0639\u0629-10-\u0623\u0645\u0628\u064a\/","og_site_name":"Redsan Store","article_publisher":"https:\/\/www.facebook.com\/redsanelektronik","article_modified_time":"2026-04-27T10:48:41+00:00","og_image":[{"width":1200,"height":1200,"url":"https:\/\/redsanstore.com\/wp-content\/uploads\/2024\/10\/220-24V-DC-26-Ahr-20A-REDRESOR-on.jpg","type":"image\/jpeg"}],"twitter_card":"summary_large_image","twitter_misc":{"\u0648\u0642\u062a \u0627\u0644\u0642\u0631\u0627\u0621\u0629 \u0627\u0644\u0645\u064f\u0642\u062f\u0651\u0631":"1 \u062f\u0642\u064a\u0642\u0629"},"schema":{"@context":"https:\/\/schema.org","@graph":[{"@type":"WebPage","@id":"https:\/\/redsanstore.com\/ar\/urun\/%d9%85%d9%82%d9%88%d9%85-220-24-%d9%81%d9%88%d9%84%d8%aa-%d8%aa%d9%8a%d8%a7%d8%b1-%d9%85%d8%b3%d8%aa%d9%85%d8%b1-26-%d8%a3%d9%85%d8%a8%d9%8a%d8%b1-%d8%b3%d8%a7%d8%b9%d8%a9-10-%d8%a3%d9%85%d8%a8%d9%8a\/","url":"https:\/\/redsanstore.com\/ar\/urun\/%d9%85%d9%82%d9%88%d9%85-220-24-%d9%81%d9%88%d9%84%d8%aa-%d8%aa%d9%8a%d8%a7%d8%b1-%d9%85%d8%b3%d8%aa%d9%85%d8%b1-26-%d8%a3%d9%85%d8%a8%d9%8a%d8%b1-%d8%b3%d8%a7%d8%b9%d8%a9-10-%d8%a3%d9%85%d8%a8%d9%8a\/","name":"\u0645\u0642\u0648\u0645 220-24 \u0641\u0648\u0644\u062a \u062a\u064a\u0627\u0631 \u0645\u0633\u062a\u0645\u0631 -26 \u0623\u0645\u0628\u064a\u0631 \u0633\u0627\u0639\u0629 10 \u0623\u0645\u0628\u064a\u0631 - \u0645\u062a\u062c\u0631 Redsan","isPartOf":{"@id":"https:\/\/redsanstore.com\/#website"},"primaryImageOfPage":{"@id":"https:\/\/redsanstore.com\/ar\/urun\/%d9%85%d9%82%d9%88%d9%85-220-24-%d9%81%d9%88%d9%84%d8%aa-%d8%aa%d9%8a%d8%a7%d8%b1-%d9%85%d8%b3%d8%aa%d9%85%d8%b1-26-%d8%a3%d9%85%d8%a8%d9%8a%d8%b1-%d8%b3%d8%a7%d8%b9%d8%a9-10-%d8%a3%d9%85%d8%a8%d9%8a\/#primaryimage"},"image":{"@id":"https:\/\/redsanstore.com\/ar\/urun\/%d9%85%d9%82%d9%88%d9%85-220-24-%d9%81%d9%88%d9%84%d8%aa-%d8%aa%d9%8a%d8%a7%d8%b1-%d9%85%d8%b3%d8%aa%d9%85%d8%b1-26-%d8%a3%d9%85%d8%a8%d9%8a%d8%b1-%d8%b3%d8%a7%d8%b9%d8%a9-10-%d8%a3%d9%85%d8%a8%d9%8a\/#primaryimage"},"thumbnailUrl":"https:\/\/redsanstore.com\/wp-content\/uploads\/2024\/10\/220-24V-DC-26-Ahr-20A-REDRESOR-on.jpg","datePublished":"2024-10-02T06:43:08+00:00","dateModified":"2026-04-27T10:48:41+00:00","breadcrumb":{"@id":"https:\/\/redsanstore.com\/ar\/urun\/%d9%85%d9%82%d9%88%d9%85-220-24-%d9%81%d9%88%d9%84%d8%aa-%d8%aa%d9%8a%d8%a7%d8%b1-%d9%85%d8%b3%d8%aa%d9%85%d8%b1-26-%d8%a3%d9%85%d8%a8%d9%8a%d8%b1-%d8%b3%d8%a7%d8%b9%d8%a9-10-%d8%a3%d9%85%d8%a8%d9%8a\/#breadcrumb"},"inLanguage":"ar","potentialAction":[{"@type":"ReadAction","target":["https:\/\/redsanstore.com\/ar\/urun\/%d9%85%d9%82%d9%88%d9%85-220-24-%d9%81%d9%88%d9%84%d8%aa-%d8%aa%d9%8a%d8%a7%d8%b1-%d9%85%d8%b3%d8%aa%d9%85%d8%b1-26-%d8%a3%d9%85%d8%a8%d9%8a%d8%b1-%d8%b3%d8%a7%d8%b9%d8%a9-10-%d8%a3%d9%85%d8%a8%d9%8a\/"]}]},{"@type":"ImageObject","inLanguage":"ar","@id":"https:\/\/redsanstore.com\/ar\/urun\/%d9%85%d9%82%d9%88%d9%85-220-24-%d9%81%d9%88%d9%84%d8%aa-%d8%aa%d9%8a%d8%a7%d8%b1-%d9%85%d8%b3%d8%aa%d9%85%d8%b1-26-%d8%a3%d9%85%d8%a8%d9%8a%d8%b1-%d8%b3%d8%a7%d8%b9%d8%a9-10-%d8%a3%d9%85%d8%a8%d9%8a\/#primaryimage","url":"https:\/\/redsanstore.com\/wp-content\/uploads\/2024\/10\/220-24V-DC-26-Ahr-20A-REDRESOR-on.jpg","contentUrl":"https:\/\/redsanstore.com\/wp-content\/uploads\/2024\/10\/220-24V-DC-26-Ahr-20A-REDRESOR-on.jpg","width":1200,"height":1200},{"@type":"BreadcrumbList","@id":"https:\/\/redsanstore.com\/ar\/urun\/%d9%85%d9%82%d9%88%d9%85-220-24-%d9%81%d9%88%d9%84%d8%aa-%d8%aa%d9%8a%d8%a7%d8%b1-%d9%85%d8%b3%d8%aa%d9%85%d8%b1-26-%d8%a3%d9%85%d8%a8%d9%8a%d8%b1-%d8%b3%d8%a7%d8%b9%d8%a9-10-%d8%a3%d9%85%d8%a8%d9%8a\/#breadcrumb","itemListElement":[{"@type":"ListItem","position":1,"name":"Anasayfa","item":"https:\/\/redsanstore.com\/fr\/"},{"@type":"ListItem","position":2,"name":"\u0645\u0631\u0643\u0632 \u062a\u0633\u0648\u0642","item":"https:\/\/redsanstore.com\/ar\/%d9%85%d8%b1%d9%83%d8%b2-%d8%aa%d8%b3%d9%88%d9%82\/"},{"@type":"ListItem","position":3,"name":"\u0645\u0642\u0648\u0645 220-24 \u0641\u0648\u0644\u062a \u062a\u064a\u0627\u0631 \u0645\u0633\u062a\u0645\u0631 -26 \u0623\u0645\u0628\u064a\u0631 \u0633\u0627\u0639\u0629 10 \u0623\u0645\u0628\u064a\u0631"}]},{"@type":"WebSite","@id":"https:\/\/redsanstore.com\/#website","url":"https:\/\/redsanstore.com\/","name":"Redsan Store","description":"Redres\u00f6r - Reg\u00fclat\u00f6r - UPS - Ak\u00fc","publisher":{"@id":"https:\/\/redsanstore.com\/#organization"},"alternateName":"Redres\u00f6r ve Kesintisiz G\u00fc\u00e7 Kayna\u011f\u0131 Ups","potentialAction":[{"@type":"SearchAction","target":{"@type":"EntryPoint","urlTemplate":"https:\/\/redsanstore.com\/?s={search_term_string}"},"query-input":{"@type":"PropertyValueSpecification","valueRequired":true,"valueName":"search_term_string"}}],"inLanguage":"ar"},{"@type":"Organization","@id":"https:\/\/redsanstore.com\/#organization","name":"Redsan Store","alternateName":"Redres\u00f6r ve Kesintisiz G\u00fc\u00e7 Kayna\u011f\u0131 Ups","url":"https:\/\/redsanstore.com\/","logo":{"@type":"ImageObject","inLanguage":"ar","@id":"https:\/\/redsanstore.com\/#\/schema\/logo\/image\/","url":"https:\/\/redsanstore.com\/wp-content\/uploads\/2024\/06\/redresor-ups-site-gorseli.jpg","contentUrl":"https:\/\/redsanstore.com\/wp-content\/uploads\/2024\/06\/redresor-ups-site-gorseli.jpg","width":1200,"height":675,"caption":"Redsan Store"},"image":{"@id":"https:\/\/redsanstore.com\/#\/schema\/logo\/image\/"},"sameAs":["https:\/\/www.facebook.com\/redsanelektronik","https:\/\/www.instagram.com\/redsanelektronik\/","https:\/\/www.linkedin.com\/company\/redsan-elektronik\/"]}]}},"_links":{"self":[{"href":"https:\/\/redsanstore.com\/ar\/wp-json\/wp\/v2\/product\/94525","targetHints":{"allow":["GET"]}}],"collection":[{"href":"https:\/\/redsanstore.com\/ar\/wp-json\/wp\/v2\/product"}],"about":[{"href":"https:\/\/redsanstore.com\/ar\/wp-json\/wp\/v2\/types\/product"}],"replies":[{"embeddable":true,"href":"https:\/\/redsanstore.com\/ar\/wp-json\/wp\/v2\/comments?post=94525"}],"version-history":[{"count":3,"href":"https:\/\/redsanstore.com\/ar\/wp-json\/wp\/v2\/product\/94525\/revisions"}],"predecessor-version":[{"id":101727,"href":"https:\/\/redsanstore.com\/ar\/wp-json\/wp\/v2\/product\/94525\/revisions\/101727"}],"wp:featuredmedia":[{"embeddable":true,"href":"https:\/\/redsanstore.com\/ar\/wp-json\/wp\/v2\/media\/95108"}],"wp:attachment":[{"href":"https:\/\/redsanstore.com\/ar\/wp-json\/wp\/v2\/media?parent=94525"}],"wp:term":[{"taxonomy":"product_brand","embeddable":true,"href":"https:\/\/redsanstore.com\/ar\/wp-json\/wp\/v2\/product_brand?post=94525"},{"taxonomy":"product_cat","embeddable":true,"href":"https:\/\/redsanstore.com\/ar\/wp-json\/wp\/v2\/product_cat?post=94525"},{"taxonomy":"product_tag","embeddable":true,"href":"https:\/\/redsanstore.com\/ar\/wp-json\/wp\/v2\/product_tag?post=94525"}],"curies":[{"name":"wp","href":"https:\/\/api.w.org\/{rel}","templated":true}]}}