{"id":87420,"date":"2023-03-16T14:52:54","date_gmt":"2023-03-16T11:52:54","guid":{"rendered":"https:\/\/redsanstore.com\/urun\/%d9%85%d9%82%d9%88%d9%85-%d8%b4%d8%b1%d9%8a%d8%b7-24-%d9%81%d9%88%d9%84%d8%aa-%d8%aa%d9%8a%d8%a7%d8%b1-%d9%85%d8%b3%d8%aa%d9%85%d8%b1-7-18-%d8%a3%d9%85%d8%a8%d9%8a%d8%b1-%d8%b3%d8%a7%d8%b9%d8%a9-2-2\/"},"modified":"2026-02-25T12:51:11","modified_gmt":"2026-02-25T09:51:11","slug":"bar-24v-dc-7-18-ahr-2a-redresor","status":"publish","type":"product","link":"https:\/\/redsanstore.com\/ar\/urun\/bar-24v-dc-7-18-ahr-2a-redresor\/","title":{"rendered":"\u0634\u0631\u064a\u0637 24 \u0641\u0648\u0644\u062a \u062a\u064a\u0627\u0631 \u0645\u0633\u062a\u0645\u0631 7 AHR 5 \u0623\u0645\u0628\u064a\u0631 \u0645\u0642\u0648\u0645"},"content":{"rendered":"\t\t<div data-elementor-type=\"product-post\" data-elementor-id=\"87420\" class=\"elementor elementor-87420 elementor-87365\" data-elementor-post-type=\"product\">\n\t\t\t\t\t\t<section class=\"wd-negative-gap elementor-section elementor-top-section elementor-element elementor-element-fbf3a48 elementor-section-boxed elementor-section-height-default elementor-section-height-default\" data-id=\"fbf3a48\" data-element_type=\"section\" data-settings=\"{&quot;jet_parallax_layout_list&quot;:[]}\">\n\t\t\t\t\t\t<div class=\"elementor-container elementor-column-gap-default\">\n\t\t\t\t\t<div class=\"elementor-column elementor-col-100 elementor-top-column elementor-element elementor-element-ab9147f\" data-id=\"ab9147f\" data-element_type=\"column\">\n\t\t\t<div class=\"elementor-widget-wrap elementor-element-populated\">\n\t\t\t\t\t\t<div class=\"elementor-element elementor-element-258f280 color-scheme-inherit text-left elementor-widget elementor-widget-text-editor\" data-id=\"258f280\" data-element_type=\"widget\" data-widget_type=\"text-editor.default\">\n\t\t\t\t<div class=\"elementor-widget-container\">\n\t\t\t\t\t\t\t\t\t<h2 style=\"color: #8b2533;\"><strong>\u0645\u0642\u062f\u0645\u0629 \u0639\u0627\u0645\u0629<\/strong><\/h2><p>\u0645\u0642\u0648\u0645 \u0627\u0644\u062a\u064a\u0627\u0631 \u0627\u0644\u0645\u0633\u062a\u0645\u0631 24 \u0641\u0648\u0644\u062a 7 \u0623\u0645\u0628\u064a\u0631 \u0633\u0627\u0639\u0629 5 \u0623\u0645\u0628\u064a\u0631 \u0647\u0648 \u062d\u0644 \u0645\u062f\u0645\u062c \u0644\u0625\u0645\u062f\u0627\u062f \u0627\u0644\u0637\u0627\u0642\u0629 \u064a\u062d\u0648\u0644 \u062c\u0647\u062f \u0627\u0644\u062a\u064a\u0627\u0631 \u0627\u0644\u0645\u062a\u0631\u062f\u062f 220 \u0641\u0648\u0644\u062a \u0625\u0644\u0649 \u062e\u0631\u062c \u062a\u064a\u0627\u0631 \u0645\u0633\u062a\u0645\u0631 24 \u0641\u0648\u0644\u062a \u0645\u0633\u062a\u0642\u0631 \u0648\u0645\u0646\u0638\u0645. \u064a\u062a\u0648\u0627\u0641\u0642 \u0647\u0630\u0627 \u0627\u0644\u0637\u0631\u0627\u0632 \u0645\u0639 \u0628\u0637\u0627\u0631\u064a\u0629 \u0628\u0633\u0639\u0629 7 \u0623\u0645\u0628\u064a\u0631 \u0633\u0627\u0639\u0629\u060c \u0648\u064a\u0648\u0641\u0631 \u0648\u0638\u0627\u0626\u0641 \u0625\u0645\u062f\u0627\u062f \u0627\u0644\u062d\u0645\u0644 \u0648\u0634\u062d\u0646 \u0627\u0644\u0628\u0637\u0627\u0631\u064a\u0629 \u0641\u064a \u062c\u0647\u0627\u0632 \u0648\u0627\u062d\u062f. <\/p><p>\u062a\u0639\u062f \u0623\u0646\u0638\u0645\u0629 \u0627\u0644\u0623\u0645\u0627\u0646 \u0627\u0644\u0635\u063a\u064a\u0631\u0629 \u0627\u0644\u062d\u062c\u0645 \u0648\u0644\u0648\u062d\u0627\u062a \u0627\u0644\u0625\u0646\u0630\u0627\u0631 \u0648\u062a\u0637\u0628\u064a\u0642\u0627\u062a \u0627\u0644\u0625\u0636\u0627\u0621\u0629 \u0641\u064a \u062d\u0627\u0644\u0627\u062a \u0627\u0644\u0637\u0648\u0627\u0631\u0626 \u0648\u0623\u0646\u0638\u0645\u0629 \u0627\u0644\u062a\u064a\u0627\u0631 \u0627\u0644\u0645\u0633\u062a\u0645\u0631 \u0645\u0646\u062e\u0641\u0636\u0629 \u0627\u0644\u0637\u0627\u0642\u0629 \u062e\u064a\u0627\u0631\u0627\u062a \u0645\u062b\u0627\u0644\u064a\u0629. \u064a\u0636\u0645\u0646 \u062e\u0631\u062c\u0647\u0627 \u0627\u0644\u0645\u0633\u062a\u0642\u0631 \u0627\u0644\u062a\u0634\u063a\u064a\u0644 \u0627\u0644\u0622\u0645\u0646 \u0648\u0627\u0644\u062e\u0627\u0644\u064a \u0645\u0646 \u0627\u0644\u0645\u0634\u0627\u0643\u0644 \u0644\u0644\u0645\u0639\u062f\u0627\u062a \u0627\u0644\u0645\u062a\u0635\u0644\u0629. <\/p><h2 style=\"color: #8b2533;\"><strong>\u0627\u0644\u0645\u0648\u0627\u0635\u0641\u0627\u062a \u0627\u0644\u0641\u0646\u064a\u0629<\/strong><\/h2><ul><li><strong>\u062c\u0647\u062f \u0627\u0644\u062f\u062e\u0644:<\/strong> 220 \u0641\u0648\u0644\u062a \u062a\u064a\u0627\u0631 \u0645\u062a\u0631\u062f\u062f<\/li><li><strong>\u062c\u0647\u062f \u0627\u0644\u062e\u0631\u062c:<\/strong> 24 \u0641\u0648\u0644\u062a \u062a\u064a\u0627\u0631 \u0645\u0633\u062a\u0645\u0631 (\u0645\u0646\u0638\u0645)<\/li><li><strong>\u062a\u064a\u0627\u0631 \u0627\u0644\u062e\u0631\u062c:<\/strong> 5 \u0623\u0645\u0628\u064a\u0631<\/li><li><strong>\u062a\u0648\u0627\u0641\u0642 \u0627\u0644\u0628\u0637\u0627\u0631\u064a\u0629:<\/strong> 7 AHR<\/li><li><strong>\u062a\u0642\u0646\u064a\u0629 \u0627\u0644\u0634\u062d\u0646:<\/strong> \u0646\u0638\u0627\u0645 \u0627\u0644\u062a\u062d\u0643\u0645 \u0627\u0644\u0630\u0643\u064a \u0627\u0644\u062a\u0644\u0642\u0627\u0626\u064a \u0641\u064a \u0627\u0644\u0634\u062d\u0646<\/li><li><strong>\u0645\u064a\u0632\u0627\u062a \u0627\u0644\u062d\u0645\u0627\u064a\u0629:<\/strong> \u062d\u0645\u0627\u064a\u0629 \u0645\u0646 \u0627\u0644\u062a\u064a\u0627\u0631 \u0627\u0644\u0632\u0627\u0626\u062f\u060c \u0627\u0644\u062f\u0627\u0626\u0631\u0629 \u0627\u0644\u0642\u0635\u064a\u0631\u0629\u060c \u0639\u0643\u0633 \u0627\u0644\u0642\u0637\u0628\u064a\u0629 \u0648\u0627\u0644\u0633\u062e\u0648\u0646\u0629 \u0627\u0644\u0632\u0627\u0626\u062f\u0629<\/li><li><strong>\u0627\u0644\u062a\u0628\u0631\u064a\u062f:<\/strong> \u062a\u0628\u0631\u064a\u062f \u0637\u0628\u064a\u0639\u064a \u0623\u0648 \u0646\u0638\u0627\u0645 \u062a\u0628\u0631\u064a\u062f \u0628\u0645\u0631\u0648\u062d\u0629 (\u062d\u0633\u0628 \u0627\u0644\u0637\u0631\u0627\u0632)<\/li><li><strong>\u0627\u0644\u0645\u0624\u0634\u0631:<\/strong> \u0645\u0624\u0634\u0631\u0627\u062a \u062a\u0634\u063a\u064a\u0644 LED \u0648\u0645\u0624\u0634\u0631\u0627\u062a \u0627\u0644\u0623\u0639\u0637\u0627\u0644<\/li><\/ul><h2 style=\"color: #8b2533;\"><strong>\u0627\u0633\u062a\u0645\u0631\u0627\u0631\u064a\u0629 \u0627\u0644\u0637\u0627\u0642\u0629 \u0627\u0644\u0645\u062f\u0639\u0648\u0645\u0629 \u0628\u0627\u0644\u0628\u0637\u0627\u0631\u064a\u0629<\/strong><\/h2><p>\u064a\u0642\u0648\u0645 \u0627\u0644\u062c\u0647\u0627\u0632 \u0628\u0634\u062d\u0646 \u0627\u0644\u0628\u0637\u0627\u0631\u064a\u0629 7 AHR \u062a\u0644\u0642\u0627\u0626\u064a\u064b\u0627 \u0639\u0646\u062f \u062a\u0648\u0641\u0631 \u0627\u0644\u0637\u0627\u0642\u0629 \u0627\u0644\u0643\u0647\u0631\u0628\u0627\u0626\u064a\u0629. \u0641\u064a \u062d\u0627\u0644\u0629 \u0627\u0646\u0642\u0637\u0627\u0639 \u0627\u0644\u062a\u064a\u0627\u0631 \u0627\u0644\u0643\u0647\u0631\u0628\u0627\u0626\u064a\u060c \u064a\u0648\u0641\u0631 \u0627\u0644\u0637\u0627\u0642\u0629 \u0645\u0646 \u0627\u0644\u0628\u0637\u0627\u0631\u064a\u0629\u060c \u0645\u0645\u0627 \u064a\u0636\u0645\u0646 \u0627\u0633\u062a\u0645\u0631\u0627\u0631 \u062a\u0634\u063a\u064a\u0644 \u0627\u0644\u0623\u0646\u0638\u0645\u0629 \u0627\u0644\u0645\u062a\u0635\u0644\u0629. <\/p><p>\u064a\u062d\u0645\u064a \u0646\u0638\u0627\u0645 \u0627\u0644\u0634\u062d\u0646 \u0627\u0644\u0630\u0643\u064a \u0627\u0644\u0628\u0637\u0627\u0631\u064a\u0629 \u0645\u0646 \u0627\u0644\u0634\u062d\u0646 \u0627\u0644\u0632\u0627\u0626\u062f \u0648\u064a\u0645\u0646\u0639 \u0627\u0644\u062a\u0641\u0631\u064a\u063a \u0627\u0644\u0639\u0645\u064a\u0642. \u0648\u0647\u0630\u0627 \u064a\u0637\u064a\u0644 \u0645\u0646 \u0639\u0645\u0631 \u0627\u0644\u0628\u0637\u0627\u0631\u064a\u0629 \u0648\u064a\u0642\u0644\u0644 \u0645\u0646 \u062a\u0643\u0627\u0644\u064a\u0641 \u0627\u0644\u0635\u064a\u0627\u0646\u0629. <\/p><h2 style=\"color: #8b2533;\"><strong>\u062e\u0631\u062c \u062a\u064a\u0627\u0631 \u0645\u0633\u062a\u0645\u0631 \u0645\u0633\u062a\u0642\u0631 \u0648\u0646\u0638\u064a\u0641<\/strong><\/h2><p>\u064a\u0642\u0644\u0644 \u062e\u0631\u062c \u0627\u0644\u062a\u064a\u0627\u0631 \u0627\u0644\u0645\u0633\u062a\u0645\u0631 24 \u0641\u0648\u0644\u062a \u0627\u0644\u0645\u0646\u0638\u0645 \u0645\u0646 \u062a\u0642\u0644\u0628\u0627\u062a \u0627\u0644\u062c\u0647\u062f. \u0628\u0641\u0636\u0644 \u0645\u0639\u062f\u0644 \u0627\u0644\u062a\u0645\u0648\u062c \u0627\u0644\u0645\u0646\u062e\u0641\u0636\u060c \u062a\u0639\u0645\u0644 \u0627\u0644\u062f\u0648\u0627\u0626\u0631 \u0627\u0644\u0625\u0644\u0643\u062a\u0631\u0648\u0646\u064a\u0629 \u0627\u0644\u062d\u0633\u0627\u0633\u0629 \u0648\u0644\u0648\u062d\u0627\u062a \u0627\u0644\u0625\u0646\u0630\u0627\u0631 \u0648\u0623\u0646\u0638\u0645\u0629 \u0627\u0644\u062a\u062d\u0643\u0645 \u0627\u0644\u0635\u063a\u064a\u0631\u0629 \u0628\u0634\u0643\u0644 \u0645\u0648\u062b\u0648\u0642. <\/p><p>\u062a\u0639\u0645\u0644 \u0647\u0630\u0647 \u0627\u0644\u0645\u064a\u0632\u0629 \u0639\u0644\u0649 \u062a\u062d\u0633\u064a\u0646 \u0623\u062f\u0627\u0621 \u0627\u0644\u062c\u0647\u0627\u0632 \u0645\u0639 \u062a\u0639\u0632\u064a\u0632 \u0645\u0648\u062b\u0648\u0642\u064a\u0629 \u0627\u0644\u0646\u0638\u0627\u0645 \u0625\u0644\u0649 \u0623\u0642\u0635\u0649 \u062d\u062f.<\/p><h2 style=\"color: #8b2533;\"><strong>\u0645\u062c\u0627\u0644\u0627\u062a \u0627\u0644\u0627\u0633\u062a\u062e\u062f\u0627\u0645<\/strong><\/h2><ul><li>\u0623\u0646\u0638\u0645\u0629 \u0627\u0644\u0625\u0646\u0630\u0627\u0631 \u0648\u0627\u0644\u0623\u0645\u0646<\/li><li>\u062d\u0644\u0648\u0644 \u0627\u0644\u0625\u0636\u0627\u0621\u0629 \u0641\u064a \u062d\u0627\u0644\u0627\u062a \u0627\u0644\u0637\u0648\u0627\u0631\u0626<\/li><li>\u0645\u0639\u062f\u0627\u062a \u0627\u062a\u0635\u0627\u0644\u0627\u062a \u0635\u063a\u064a\u0631\u0629<\/li><li>\u0644\u0648\u062d\u0627\u062a \u0627\u0644\u062a\u062d\u0643\u0645<\/li><li>\u062a\u0637\u0628\u064a\u0642\u0627\u062a \u0627\u0644\u0645\u062d\u0631\u0643\u0627\u062a \u0630\u0627\u062a \u0627\u0644\u062a\u064a\u0627\u0631 \u0627\u0644\u0645\u0633\u062a\u0645\u0631 \u0645\u0646\u062e\u0641\u0636\u0629 \u0627\u0644\u0637\u0627\u0642\u0629<\/li><li>\u0623\u0646\u0638\u0645\u0629 \u0627\u0644\u0637\u0627\u0642\u0629 \u0627\u0644\u0627\u062d\u062a\u064a\u0627\u0637\u064a\u0629<\/li><\/ul><h2 style=\"color: #8b2533;\"><strong>\u0627\u0644\u0633\u0644\u0627\u0645\u0629 \u0648\u0627\u0644\u0645\u062a\u0627\u0646\u0629<\/strong><\/h2><p>\u0641\u064a \u062d\u0627\u0644\u0629 \u062d\u062f\u0648\u062b \u062d\u0645\u0644 \u0632\u0627\u0626\u062f \u0623\u0648 \u0642\u0635\u0631 \u0641\u064a \u0627\u0644\u062f\u0627\u0626\u0631\u0629 \u0627\u0644\u0643\u0647\u0631\u0628\u0627\u0626\u064a\u0629\u060c \u064a\u062a\u0645 \u062a\u0634\u063a\u064a\u0644 \u0627\u0644\u062d\u0645\u0627\u064a\u0629 \u0627\u0644\u062a\u0644\u0642\u0627\u0626\u064a\u0629 \u0644\u062d\u0645\u0627\u064a\u0629 \u0627\u0644\u062c\u0647\u0627\u0632 \u0648\u0627\u0644\u0645\u0639\u062f\u0627\u062a \u0627\u0644\u0645\u062a\u0635\u0644\u0629 \u0628\u0647. \u0648\u064a\u0636\u0645\u0646 \u0647\u064a\u0643\u0644\u0647 \u0627\u0644\u0642\u0648\u064a \u0648\u0645\u0643\u0648\u0646\u0627\u062a\u0647 \u0639\u0627\u0644\u064a\u0629 \u0627\u0644\u062c\u0648\u062f\u0629 \u0627\u0633\u062a\u062e\u062f\u0627\u0645\u0647 \u0644\u0641\u062a\u0631\u0629 \u0637\u0648\u064a\u0644\u0629. <\/p><p>\u064a\u0648\u0641\u0631 \u062d\u0644\u0627\u064b \u0627\u0642\u062a\u0635\u0627\u062f\u064a\u0627\u064b \u0648\u0645\u0648\u062b\u0648\u0642\u0627\u064b \u0644\u062a\u0632\u0648\u064a\u062f \u0627\u0644\u0637\u0627\u0642\u0629 \u0628\u0627\u0644\u062a\u064a\u0627\u0631 \u0627\u0644\u0645\u0633\u062a\u0645\u0631 \u0628\u0641\u0636\u0644 \u0647\u064a\u0643\u0644\u0647 \u0639\u0627\u0644\u064a \u0627\u0644\u0643\u0641\u0627\u0621\u0629 \u0641\u064a \u0627\u0633\u062a\u062e\u062f\u0627\u0645 \u0627\u0644\u0637\u0627\u0642\u0629.<\/p><h2 style=\"color: #8b2533;\"><strong>\u0644\u0645\u0627\u0630\u0627 \u062a\u062e\u062a\u0627\u0631 \u0627\u0644\u0645\u0642\u0648\u0645 24V DC 7 AHR 5A\u061f<\/strong><\/h2><p>\u0628\u0641\u0636\u0644 \u062d\u062c\u0645\u0647 \u0627\u0644\u0635\u063a\u064a\u0631 \u0648\u0623\u062f\u0627\u0626\u0647 \u0627\u0644\u0645\u0648\u062b\u0648\u0642 \u0648\u062a\u0635\u0645\u064a\u0645\u0647 \u0627\u0644\u0630\u064a \u064a\u0639\u0645\u0644 \u0628\u0627\u0644\u0628\u0637\u0627\u0631\u064a\u0629\u060c \u0641\u0647\u0648 \u0627\u0644\u062d\u0644 \u0627\u0644\u0645\u062b\u0627\u0644\u064a \u0644\u0644\u0623\u0646\u0638\u0645\u0629 \u0630\u0627\u062a \u0645\u062a\u0637\u0644\u0628\u0627\u062a \u0627\u0644\u0637\u0627\u0642\u0629 \u0627\u0644\u0645\u0646\u062e\u0641\u0636\u0629. \u064a\u0648\u0641\u0631 \u0637\u0627\u0642\u0629 \u0645\u0633\u062a\u0642\u0631\u0629 \u0648\u0622\u0645\u0646\u0629 \u0628\u0642\u062f\u0631\u0629 \u062e\u0631\u062c \u062a\u0628\u0644\u063a 5 \u0623\u0645\u0628\u064a\u0631. <\/p><p>\u0625\u0646\u0647 \u0627\u0644\u062e\u064a\u0627\u0631 \u0627\u0644\u0645\u0646\u0627\u0633\u0628 \u0644\u0644\u0645\u0633\u062a\u062e\u062f\u0645\u064a\u0646 \u0627\u0644\u0630\u064a\u0646 \u064a\u0628\u062d\u062b\u0648\u0646 \u0639\u0646 \u0645\u0635\u062f\u0631 \u0637\u0627\u0642\u0629 24 \u0641\u0648\u0644\u062a \u062a\u064a\u0627\u0631 \u0645\u0633\u062a\u0645\u0631 \u0627\u0642\u062a\u0635\u0627\u062f\u064a \u0648\u0645\u062a\u064a\u0646 \u0648\u0637\u0648\u064a\u0644 \u0627\u0644\u0623\u0645\u062f.<\/p>\t\t\t\t\t\t\t\t<\/div>\n\t\t\t\t<\/div>\n\t\t\t\t\t<\/div>\n\t\t<\/div>\n\t\t\t\t\t<\/div>\n\t\t<\/section>\n\t\t\t\t<\/div>\n\t\t","protected":false},"excerpt":{"rendered":"<p><a href=\"https:\/\/redsanstore.com\/wp-content\/uploads\/2022\/09\/Varlik-1.png\"><img decoding=\"async\" class=\"wp-image-93650 alignnone\" src=\"https:\/\/redsanstore.com\/wp-content\/uploads\/2022\/09\/Varlik-1.png\" alt=\"\" width=\"209\" height=\"37\" srcset=\"https:\/\/redsanstore.com\/wp-content\/uploads\/2022\/09\/Varlik-1.png 361w, https:\/\/redsanstore.com\/wp-content\/uploads\/2022\/09\/Varlik-1-300x53.png 300w, https:\/\/redsanstore.com\/wp-content\/uploads\/2022\/09\/Varlik-1-150x27.png 150w\" sizes=\"(max-width: 209px) 100vw, 209px\" \/><\/a><\/p>\n<div class=\"woocommerce-product-details__short-description\">\n<p>\u0633\u064a\u062a\u0645 \u0634\u062d\u0646 \u0627\u0644\u0645\u0646\u062a\u062c \u0641\u064a \u063a\u0636\u0648\u0646 1-3 \u0623\u064a\u0627\u0645 \u0639\u0645\u0644.<\/p>\n[table id=\"17\" \/]\n<\/div>\n","protected":false},"featured_media":95153,"comment_status":"open","ping_status":"closed","template":"","meta":[],"product_brand":[],"product_cat":[477,475],"product_tag":[],"class_list":{"0":"post-87420","1":"product","2":"type-product","3":"status-publish","4":"has-post-thumbnail","6":"product_cat-24---","7":"product_cat-475","9":"first","10":"instock","11":"taxable","12":"shipping-taxable","13":"purchasable","14":"product-type-simple"},"yoast_head":"<!-- This site is optimized with the Yoast SEO Premium plugin v25.8 (Yoast SEO v25.9) - https:\/\/yoast.com\/wordpress\/plugins\/seo\/ -->\n<title>\u0634\u0631\u064a\u0637 24 \u0641\u0648\u0644\u062a \u062a\u064a\u0627\u0631 \u0645\u0633\u062a\u0645\u0631 7 AHR 5 \u0623\u0645\u0628\u064a\u0631 \u0645\u0642\u0648\u0645 - Redsan Store<\/title>\n<meta name=\"robots\" content=\"index, follow, max-snippet:-1, max-image-preview:large, max-video-preview:-1\" \/>\n<link rel=\"canonical\" href=\"https:\/\/redsanstore.com\/ar\/urun\/bar-24v-dc-7-18-ahr-2a-redresor\/\" \/>\n<meta property=\"og:locale\" content=\"ar_AR\" \/>\n<meta property=\"og:type\" content=\"article\" \/>\n<meta property=\"og:title\" content=\"\u0634\u0631\u064a\u0637 24 \u0641\u0648\u0644\u062a \u062a\u064a\u0627\u0631 \u0645\u0633\u062a\u0645\u0631 7 AHR 5 \u0623\u0645\u0628\u064a\u0631 \u0645\u0642\u0648\u0645\" \/>\n<meta property=\"og:description\" content=\"\u0633\u064a\u062a\u0645 \u0634\u062d\u0646 \u0627\u0644\u0645\u0646\u062a\u062c \u0641\u064a \u063a\u0636\u0648\u0646 1-3 \u0623\u064a\u0627\u0645 \u0639\u0645\u0644.\" \/>\n<meta property=\"og:url\" content=\"https:\/\/redsanstore.com\/ar\/urun\/bar-24v-dc-7-18-ahr-2a-redresor\/\" \/>\n<meta property=\"og:site_name\" content=\"Redsan Store\" \/>\n<meta property=\"article:publisher\" content=\"https:\/\/www.facebook.com\/redsanelektronik\" \/>\n<meta property=\"article:modified_time\" content=\"2026-02-25T09:51:11+00:00\" \/>\n<meta property=\"og:image\" content=\"https:\/\/redsanstore.com\/wp-content\/uploads\/2023\/03\/Bar-24V-DC-18-AHR-5A-REDRESOR-on.jpg\" \/>\n\t<meta property=\"og:image:width\" content=\"1200\" \/>\n\t<meta property=\"og:image:height\" content=\"1200\" \/>\n\t<meta property=\"og:image:type\" content=\"image\/jpeg\" \/>\n<meta name=\"twitter:card\" content=\"summary_large_image\" \/>\n<script type=\"application\/ld+json\" class=\"yoast-schema-graph\">{\"@context\":\"https:\/\/schema.org\",\"@graph\":[{\"@type\":\"WebPage\",\"@id\":\"https:\/\/redsanstore.com\/ar\/urun\/bar-24v-dc-7-18-ahr-2a-redresor\/\",\"url\":\"https:\/\/redsanstore.com\/ar\/urun\/bar-24v-dc-7-18-ahr-2a-redresor\/\",\"name\":\"\u0634\u0631\u064a\u0637 24 \u0641\u0648\u0644\u062a \u062a\u064a\u0627\u0631 \u0645\u0633\u062a\u0645\u0631 7 AHR 5 \u0623\u0645\u0628\u064a\u0631 \u0645\u0642\u0648\u0645 - Redsan Store\",\"isPartOf\":{\"@id\":\"https:\/\/redsanstore.com\/#website\"},\"primaryImageOfPage\":{\"@id\":\"https:\/\/redsanstore.com\/ar\/urun\/bar-24v-dc-7-18-ahr-2a-redresor\/#primaryimage\"},\"image\":{\"@id\":\"https:\/\/redsanstore.com\/ar\/urun\/bar-24v-dc-7-18-ahr-2a-redresor\/#primaryimage\"},\"thumbnailUrl\":\"https:\/\/redsanstore.com\/wp-content\/uploads\/2023\/03\/Bar-24V-DC-18-AHR-5A-REDRESOR-on.jpg\",\"datePublished\":\"2023-03-16T11:52:54+00:00\",\"dateModified\":\"2026-02-25T09:51:11+00:00\",\"breadcrumb\":{\"@id\":\"https:\/\/redsanstore.com\/ar\/urun\/bar-24v-dc-7-18-ahr-2a-redresor\/#breadcrumb\"},\"inLanguage\":\"ar\",\"potentialAction\":[{\"@type\":\"ReadAction\",\"target\":[\"https:\/\/redsanstore.com\/ar\/urun\/bar-24v-dc-7-18-ahr-2a-redresor\/\"]}]},{\"@type\":\"ImageObject\",\"inLanguage\":\"ar\",\"@id\":\"https:\/\/redsanstore.com\/ar\/urun\/bar-24v-dc-7-18-ahr-2a-redresor\/#primaryimage\",\"url\":\"https:\/\/redsanstore.com\/wp-content\/uploads\/2023\/03\/Bar-24V-DC-18-AHR-5A-REDRESOR-on.jpg\",\"contentUrl\":\"https:\/\/redsanstore.com\/wp-content\/uploads\/2023\/03\/Bar-24V-DC-18-AHR-5A-REDRESOR-on.jpg\",\"width\":1200,\"height\":1200},{\"@type\":\"BreadcrumbList\",\"@id\":\"https:\/\/redsanstore.com\/ar\/urun\/bar-24v-dc-7-18-ahr-2a-redresor\/#breadcrumb\",\"itemListElement\":[{\"@type\":\"ListItem\",\"position\":1,\"name\":\"Anasayfa\",\"item\":\"https:\/\/redsanstore.com\/fr\/\"},{\"@type\":\"ListItem\",\"position\":2,\"name\":\"\u0645\u0631\u0643\u0632 \u062a\u0633\u0648\u0642\",\"item\":\"https:\/\/redsanstore.com\/ar\/%d9%85%d8%b1%d9%83%d8%b2-%d8%aa%d8%b3%d9%88%d9%82\/\"},{\"@type\":\"ListItem\",\"position\":3,\"name\":\"\u0634\u0631\u064a\u0637 24 \u0641\u0648\u0644\u062a \u062a\u064a\u0627\u0631 \u0645\u0633\u062a\u0645\u0631 7 AHR 5 \u0623\u0645\u0628\u064a\u0631 \u0645\u0642\u0648\u0645\"}]},{\"@type\":\"WebSite\",\"@id\":\"https:\/\/redsanstore.com\/#website\",\"url\":\"https:\/\/redsanstore.com\/\",\"name\":\"Redsan Store\",\"description\":\"Redres\u00f6r - Reg\u00fclat\u00f6r - UPS - Ak\u00fc\",\"publisher\":{\"@id\":\"https:\/\/redsanstore.com\/#organization\"},\"alternateName\":\"Redres\u00f6r ve Kesintisiz G\u00fc\u00e7 Kayna\u011f\u0131 Ups\",\"potentialAction\":[{\"@type\":\"SearchAction\",\"target\":{\"@type\":\"EntryPoint\",\"urlTemplate\":\"https:\/\/redsanstore.com\/?s={search_term_string}\"},\"query-input\":{\"@type\":\"PropertyValueSpecification\",\"valueRequired\":true,\"valueName\":\"search_term_string\"}}],\"inLanguage\":\"ar\"},{\"@type\":\"Organization\",\"@id\":\"https:\/\/redsanstore.com\/#organization\",\"name\":\"Redsan Store\",\"alternateName\":\"Redres\u00f6r ve Kesintisiz G\u00fc\u00e7 Kayna\u011f\u0131 Ups\",\"url\":\"https:\/\/redsanstore.com\/\",\"logo\":{\"@type\":\"ImageObject\",\"inLanguage\":\"ar\",\"@id\":\"https:\/\/redsanstore.com\/#\/schema\/logo\/image\/\",\"url\":\"https:\/\/redsanstore.com\/wp-content\/uploads\/2024\/06\/redresor-ups-site-gorseli.jpg\",\"contentUrl\":\"https:\/\/redsanstore.com\/wp-content\/uploads\/2024\/06\/redresor-ups-site-gorseli.jpg\",\"width\":1200,\"height\":675,\"caption\":\"Redsan Store\"},\"image\":{\"@id\":\"https:\/\/redsanstore.com\/#\/schema\/logo\/image\/\"},\"sameAs\":[\"https:\/\/www.facebook.com\/redsanelektronik\",\"https:\/\/www.instagram.com\/redsanelektronik\/\",\"https:\/\/www.linkedin.com\/company\/redsan-elektronik\/\"]}]}<\/script>\n<!-- \/ Yoast SEO Premium plugin. -->","yoast_head_json":{"title":"\u0634\u0631\u064a\u0637 24 \u0641\u0648\u0644\u062a \u062a\u064a\u0627\u0631 \u0645\u0633\u062a\u0645\u0631 7 AHR 5 \u0623\u0645\u0628\u064a\u0631 \u0645\u0642\u0648\u0645 - Redsan Store","robots":{"index":"index","follow":"follow","max-snippet":"max-snippet:-1","max-image-preview":"max-image-preview:large","max-video-preview":"max-video-preview:-1"},"canonical":"https:\/\/redsanstore.com\/ar\/urun\/bar-24v-dc-7-18-ahr-2a-redresor\/","og_locale":"ar_AR","og_type":"article","og_title":"\u0634\u0631\u064a\u0637 24 \u0641\u0648\u0644\u062a \u062a\u064a\u0627\u0631 \u0645\u0633\u062a\u0645\u0631 7 AHR 5 \u0623\u0645\u0628\u064a\u0631 \u0645\u0642\u0648\u0645","og_description":"\u0633\u064a\u062a\u0645 \u0634\u062d\u0646 \u0627\u0644\u0645\u0646\u062a\u062c \u0641\u064a \u063a\u0636\u0648\u0646 1-3 \u0623\u064a\u0627\u0645 \u0639\u0645\u0644.","og_url":"https:\/\/redsanstore.com\/ar\/urun\/bar-24v-dc-7-18-ahr-2a-redresor\/","og_site_name":"Redsan Store","article_publisher":"https:\/\/www.facebook.com\/redsanelektronik","article_modified_time":"2026-02-25T09:51:11+00:00","og_image":[{"width":1200,"height":1200,"url":"https:\/\/redsanstore.com\/wp-content\/uploads\/2023\/03\/Bar-24V-DC-18-AHR-5A-REDRESOR-on.jpg","type":"image\/jpeg"}],"twitter_card":"summary_large_image","schema":{"@context":"https:\/\/schema.org","@graph":[{"@type":"WebPage","@id":"https:\/\/redsanstore.com\/ar\/urun\/bar-24v-dc-7-18-ahr-2a-redresor\/","url":"https:\/\/redsanstore.com\/ar\/urun\/bar-24v-dc-7-18-ahr-2a-redresor\/","name":"\u0634\u0631\u064a\u0637 24 \u0641\u0648\u0644\u062a \u062a\u064a\u0627\u0631 \u0645\u0633\u062a\u0645\u0631 7 AHR 5 \u0623\u0645\u0628\u064a\u0631 \u0645\u0642\u0648\u0645 - Redsan Store","isPartOf":{"@id":"https:\/\/redsanstore.com\/#website"},"primaryImageOfPage":{"@id":"https:\/\/redsanstore.com\/ar\/urun\/bar-24v-dc-7-18-ahr-2a-redresor\/#primaryimage"},"image":{"@id":"https:\/\/redsanstore.com\/ar\/urun\/bar-24v-dc-7-18-ahr-2a-redresor\/#primaryimage"},"thumbnailUrl":"https:\/\/redsanstore.com\/wp-content\/uploads\/2023\/03\/Bar-24V-DC-18-AHR-5A-REDRESOR-on.jpg","datePublished":"2023-03-16T11:52:54+00:00","dateModified":"2026-02-25T09:51:11+00:00","breadcrumb":{"@id":"https:\/\/redsanstore.com\/ar\/urun\/bar-24v-dc-7-18-ahr-2a-redresor\/#breadcrumb"},"inLanguage":"ar","potentialAction":[{"@type":"ReadAction","target":["https:\/\/redsanstore.com\/ar\/urun\/bar-24v-dc-7-18-ahr-2a-redresor\/"]}]},{"@type":"ImageObject","inLanguage":"ar","@id":"https:\/\/redsanstore.com\/ar\/urun\/bar-24v-dc-7-18-ahr-2a-redresor\/#primaryimage","url":"https:\/\/redsanstore.com\/wp-content\/uploads\/2023\/03\/Bar-24V-DC-18-AHR-5A-REDRESOR-on.jpg","contentUrl":"https:\/\/redsanstore.com\/wp-content\/uploads\/2023\/03\/Bar-24V-DC-18-AHR-5A-REDRESOR-on.jpg","width":1200,"height":1200},{"@type":"BreadcrumbList","@id":"https:\/\/redsanstore.com\/ar\/urun\/bar-24v-dc-7-18-ahr-2a-redresor\/#breadcrumb","itemListElement":[{"@type":"ListItem","position":1,"name":"Anasayfa","item":"https:\/\/redsanstore.com\/fr\/"},{"@type":"ListItem","position":2,"name":"\u0645\u0631\u0643\u0632 \u062a\u0633\u0648\u0642","item":"https:\/\/redsanstore.com\/ar\/%d9%85%d8%b1%d9%83%d8%b2-%d8%aa%d8%b3%d9%88%d9%82\/"},{"@type":"ListItem","position":3,"name":"\u0634\u0631\u064a\u0637 24 \u0641\u0648\u0644\u062a \u062a\u064a\u0627\u0631 \u0645\u0633\u062a\u0645\u0631 7 AHR 5 \u0623\u0645\u0628\u064a\u0631 \u0645\u0642\u0648\u0645"}]},{"@type":"WebSite","@id":"https:\/\/redsanstore.com\/#website","url":"https:\/\/redsanstore.com\/","name":"Redsan Store","description":"Redres\u00f6r - Reg\u00fclat\u00f6r - UPS - Ak\u00fc","publisher":{"@id":"https:\/\/redsanstore.com\/#organization"},"alternateName":"Redres\u00f6r ve Kesintisiz G\u00fc\u00e7 Kayna\u011f\u0131 Ups","potentialAction":[{"@type":"SearchAction","target":{"@type":"EntryPoint","urlTemplate":"https:\/\/redsanstore.com\/?s={search_term_string}"},"query-input":{"@type":"PropertyValueSpecification","valueRequired":true,"valueName":"search_term_string"}}],"inLanguage":"ar"},{"@type":"Organization","@id":"https:\/\/redsanstore.com\/#organization","name":"Redsan Store","alternateName":"Redres\u00f6r ve Kesintisiz G\u00fc\u00e7 Kayna\u011f\u0131 Ups","url":"https:\/\/redsanstore.com\/","logo":{"@type":"ImageObject","inLanguage":"ar","@id":"https:\/\/redsanstore.com\/#\/schema\/logo\/image\/","url":"https:\/\/redsanstore.com\/wp-content\/uploads\/2024\/06\/redresor-ups-site-gorseli.jpg","contentUrl":"https:\/\/redsanstore.com\/wp-content\/uploads\/2024\/06\/redresor-ups-site-gorseli.jpg","width":1200,"height":675,"caption":"Redsan Store"},"image":{"@id":"https:\/\/redsanstore.com\/#\/schema\/logo\/image\/"},"sameAs":["https:\/\/www.facebook.com\/redsanelektronik","https:\/\/www.instagram.com\/redsanelektronik\/","https:\/\/www.linkedin.com\/company\/redsan-elektronik\/"]}]}},"_links":{"self":[{"href":"https:\/\/redsanstore.com\/ar\/wp-json\/wp\/v2\/product\/87420","targetHints":{"allow":["GET"]}}],"collection":[{"href":"https:\/\/redsanstore.com\/ar\/wp-json\/wp\/v2\/product"}],"about":[{"href":"https:\/\/redsanstore.com\/ar\/wp-json\/wp\/v2\/types\/product"}],"replies":[{"embeddable":true,"href":"https:\/\/redsanstore.com\/ar\/wp-json\/wp\/v2\/comments?post=87420"}],"version-history":[{"count":2,"href":"https:\/\/redsanstore.com\/ar\/wp-json\/wp\/v2\/product\/87420\/revisions"}],"predecessor-version":[{"id":101471,"href":"https:\/\/redsanstore.com\/ar\/wp-json\/wp\/v2\/product\/87420\/revisions\/101471"}],"wp:featuredmedia":[{"embeddable":true,"href":"https:\/\/redsanstore.com\/ar\/wp-json\/wp\/v2\/media\/95153"}],"wp:attachment":[{"href":"https:\/\/redsanstore.com\/ar\/wp-json\/wp\/v2\/media?parent=87420"}],"wp:term":[{"taxonomy":"product_brand","embeddable":true,"href":"https:\/\/redsanstore.com\/ar\/wp-json\/wp\/v2\/product_brand?post=87420"},{"taxonomy":"product_cat","embeddable":true,"href":"https:\/\/redsanstore.com\/ar\/wp-json\/wp\/v2\/product_cat?post=87420"},{"taxonomy":"product_tag","embeddable":true,"href":"https:\/\/redsanstore.com\/ar\/wp-json\/wp\/v2\/product_tag?post=87420"}],"curies":[{"name":"wp","href":"https:\/\/api.w.org\/{rel}","templated":true}]}}