{"id":84437,"date":"2021-10-12T13:46:11","date_gmt":"2021-10-12T10:46:11","guid":{"rendered":"https:\/\/redsanstore.com\/%d9%85%d9%81%d8%b6%d9%84%d8%aa%d9%8a\/"},"modified":"2025-03-05T12:08:01","modified_gmt":"2025-03-05T09:08:01","slug":"%d9%85%d9%81%d8%b6%d9%84%d8%aa%d9%8a","status":"publish","type":"page","link":"https:\/\/redsanstore.com\/ar\/%d9%85%d9%81%d8%b6%d9%84%d8%aa%d9%8a\/","title":{"rendered":"\u0645\u0641\u0636\u0644\u062a\u064a"},"content":{"rendered":"\t\t\n\t\t\n\t\t<div class=\"\">\n\t\t\t\t\t\t<div class=\"wd-wishlist-content\">\n\t\t\t\t\t\t\t\t\t\t\t\n\t\t<p class=\"wd-empty-wishlist wd-empty-page\">\n\t\t\tThis wishlist is empty.\t\t<\/p>\n\n\t\t\t\t\t<div class=\"wd-empty-page-text\">\n\t\t\t\t\u0644\u0645 \u064a\u062a\u0645 \u0625\u0636\u0627\u0641\u0629 \u0623\u064a \u0645\u0646\u062a\u062c\u0627\u062a \u0625\u0644\u0649 \u0642\u0627\u0626\u0645\u0629 \u0627\u0644\u0645\u0641\u0636\u0644\u0629. \u064a\u062c\u0628 \u0639\u0644\u064a\u0643 \u062a\u062d\u062f\u064a\u062f \u0628\u0639\u0636 \u0627\u0644\u0645\u0646\u062a\u062c\u0627\u062a \u0644\u0625\u0636\u0627\u0641\u062a\u0647\u0627 \u0625\u0644\u0649 \u0645\u0646\u062a\u062c\u0627\u062a\u0643 \u0627\u0644\u0645\u0641\u0636\u0644\u0629.\t\t\t<\/div>\n\t\t\n\t\t\n\t\t\t\t\t<p class=\"return-to-shop\">\n\t\t\t\t<a class=\"button\" href=\"https:\/\/redsanstore.com\/ar\/%d9%85%d8%b1%d9%83%d8%b2-%d8%aa%d8%b3%d9%88%d9%82\/\">\n\t\t\t\t\tReturn to shop\t\t\t\t<\/a>\n\t\t\t<\/p>\n\t\t\t\t\t\t\t\t\t\t\t<\/div>\n\t\t\t\t<\/div>\n\t\t\n","protected":false},"excerpt":{"rendered":"","protected":false},"author":1,"featured_media":0,"parent":0,"menu_order":0,"comment_status":"closed","ping_status":"closed","template":"","meta":{"footnotes":""},"class_list":["post-84437","page","type-page","status-publish","hentry"],"yoast_head":"<!-- This site is optimized with the Yoast SEO Premium plugin v25.8 (Yoast SEO v25.9) - https:\/\/yoast.com\/wordpress\/plugins\/seo\/ -->\n<title>\u0645\u0641\u0636\u0644\u062a\u064a - Redsan Store<\/title>\n<meta name=\"robots\" content=\"noindex, follow\" \/>\n<meta property=\"og:locale\" content=\"ar_AR\" \/>\n<meta property=\"og:type\" content=\"article\" \/>\n<meta property=\"og:title\" content=\"\u0645\u0641\u0636\u0644\u062a\u064a\" \/>\n<meta property=\"og:url\" content=\"https:\/\/redsanstore.com\/ar\/\u0645\u0641\u0636\u0644\u062a\u064a\/\" \/>\n<meta property=\"og:site_name\" content=\"Redsan Store\" \/>\n<meta property=\"article:publisher\" content=\"https:\/\/www.facebook.com\/redsanelektronik\" \/>\n<meta property=\"article:modified_time\" content=\"2025-03-05T09:08:01+00:00\" \/>\n<meta property=\"og:image\" content=\"https:\/\/redsanstore.com\/wp-content\/uploads\/2024\/06\/redresor-ups-site-gorseli.jpg\" \/>\n\t<meta property=\"og:image:width\" content=\"1200\" \/>\n\t<meta property=\"og:image:height\" content=\"675\" \/>\n\t<meta property=\"og:image:type\" content=\"image\/jpeg\" \/>\n<meta name=\"twitter:card\" content=\"summary_large_image\" \/>\n<script type=\"application\/ld+json\" class=\"yoast-schema-graph\">{\"@context\":\"https:\/\/schema.org\",\"@graph\":[{\"@type\":\"WebPage\",\"@id\":\"https:\/\/redsanstore.com\/ar\/%d9%85%d9%81%d8%b6%d9%84%d8%aa%d9%8a\/\",\"url\":\"https:\/\/redsanstore.com\/ar\/%d9%85%d9%81%d8%b6%d9%84%d8%aa%d9%8a\/\",\"name\":\"\u0645\u0641\u0636\u0644\u062a\u064a - Redsan Store\",\"isPartOf\":{\"@id\":\"https:\/\/redsanstore.com\/#website\"},\"datePublished\":\"2021-10-12T10:46:11+00:00\",\"dateModified\":\"2025-03-05T09:08:01+00:00\",\"breadcrumb\":{\"@id\":\"https:\/\/redsanstore.com\/ar\/%d9%85%d9%81%d8%b6%d9%84%d8%aa%d9%8a\/#breadcrumb\"},\"inLanguage\":\"ar\",\"potentialAction\":[{\"@type\":\"ReadAction\",\"target\":[\"https:\/\/redsanstore.com\/ar\/%d9%85%d9%81%d8%b6%d9%84%d8%aa%d9%8a\/\"]}]},{\"@type\":\"BreadcrumbList\",\"@id\":\"https:\/\/redsanstore.com\/ar\/%d9%85%d9%81%d8%b6%d9%84%d8%aa%d9%8a\/#breadcrumb\",\"itemListElement\":[{\"@type\":\"ListItem\",\"position\":1,\"name\":\"Anasayfa\",\"item\":\"https:\/\/redsanstore.com\/fr\/\"},{\"@type\":\"ListItem\",\"position\":2,\"name\":\"\u0645\u0641\u0636\u0644\u062a\u064a\"}]},{\"@type\":\"WebSite\",\"@id\":\"https:\/\/redsanstore.com\/#website\",\"url\":\"https:\/\/redsanstore.com\/\",\"name\":\"Redsan Store\",\"description\":\"Redres\u00f6r - Reg\u00fclat\u00f6r - UPS - Ak\u00fc\",\"publisher\":{\"@id\":\"https:\/\/redsanstore.com\/#organization\"},\"alternateName\":\"Redres\u00f6r ve Kesintisiz G\u00fc\u00e7 Kayna\u011f\u0131 Ups\",\"potentialAction\":[{\"@type\":\"SearchAction\",\"target\":{\"@type\":\"EntryPoint\",\"urlTemplate\":\"https:\/\/redsanstore.com\/?s={search_term_string}\"},\"query-input\":{\"@type\":\"PropertyValueSpecification\",\"valueRequired\":true,\"valueName\":\"search_term_string\"}}],\"inLanguage\":\"ar\"},{\"@type\":\"Organization\",\"@id\":\"https:\/\/redsanstore.com\/#organization\",\"name\":\"Redsan Store\",\"alternateName\":\"Redres\u00f6r ve Kesintisiz G\u00fc\u00e7 Kayna\u011f\u0131 Ups\",\"url\":\"https:\/\/redsanstore.com\/\",\"logo\":{\"@type\":\"ImageObject\",\"inLanguage\":\"ar\",\"@id\":\"https:\/\/redsanstore.com\/#\/schema\/logo\/image\/\",\"url\":\"https:\/\/redsanstore.com\/wp-content\/uploads\/2024\/06\/redresor-ups-site-gorseli.jpg\",\"contentUrl\":\"https:\/\/redsanstore.com\/wp-content\/uploads\/2024\/06\/redresor-ups-site-gorseli.jpg\",\"width\":1200,\"height\":675,\"caption\":\"Redsan Store\"},\"image\":{\"@id\":\"https:\/\/redsanstore.com\/#\/schema\/logo\/image\/\"},\"sameAs\":[\"https:\/\/www.facebook.com\/redsanelektronik\",\"https:\/\/www.instagram.com\/redsanelektronik\/\",\"https:\/\/www.linkedin.com\/company\/redsan-elektronik\/\"]}]}<\/script>\n<!-- \/ Yoast SEO Premium plugin. -->","yoast_head_json":{"title":"\u0645\u0641\u0636\u0644\u062a\u064a - Redsan Store","robots":{"index":"noindex","follow":"follow"},"og_locale":"ar_AR","og_type":"article","og_title":"\u0645\u0641\u0636\u0644\u062a\u064a","og_url":"https:\/\/redsanstore.com\/ar\/\u0645\u0641\u0636\u0644\u062a\u064a\/","og_site_name":"Redsan Store","article_publisher":"https:\/\/www.facebook.com\/redsanelektronik","article_modified_time":"2025-03-05T09:08:01+00:00","og_image":[{"width":1200,"height":675,"url":"https:\/\/redsanstore.com\/wp-content\/uploads\/2024\/06\/redresor-ups-site-gorseli.jpg","type":"image\/jpeg"}],"twitter_card":"summary_large_image","schema":{"@context":"https:\/\/schema.org","@graph":[{"@type":"WebPage","@id":"https:\/\/redsanstore.com\/ar\/%d9%85%d9%81%d8%b6%d9%84%d8%aa%d9%8a\/","url":"https:\/\/redsanstore.com\/ar\/%d9%85%d9%81%d8%b6%d9%84%d8%aa%d9%8a\/","name":"\u0645\u0641\u0636\u0644\u062a\u064a - Redsan Store","isPartOf":{"@id":"https:\/\/redsanstore.com\/#website"},"datePublished":"2021-10-12T10:46:11+00:00","dateModified":"2025-03-05T09:08:01+00:00","breadcrumb":{"@id":"https:\/\/redsanstore.com\/ar\/%d9%85%d9%81%d8%b6%d9%84%d8%aa%d9%8a\/#breadcrumb"},"inLanguage":"ar","potentialAction":[{"@type":"ReadAction","target":["https:\/\/redsanstore.com\/ar\/%d9%85%d9%81%d8%b6%d9%84%d8%aa%d9%8a\/"]}]},{"@type":"BreadcrumbList","@id":"https:\/\/redsanstore.com\/ar\/%d9%85%d9%81%d8%b6%d9%84%d8%aa%d9%8a\/#breadcrumb","itemListElement":[{"@type":"ListItem","position":1,"name":"Anasayfa","item":"https:\/\/redsanstore.com\/fr\/"},{"@type":"ListItem","position":2,"name":"\u0645\u0641\u0636\u0644\u062a\u064a"}]},{"@type":"WebSite","@id":"https:\/\/redsanstore.com\/#website","url":"https:\/\/redsanstore.com\/","name":"Redsan Store","description":"Redres\u00f6r - Reg\u00fclat\u00f6r - UPS - Ak\u00fc","publisher":{"@id":"https:\/\/redsanstore.com\/#organization"},"alternateName":"Redres\u00f6r ve Kesintisiz G\u00fc\u00e7 Kayna\u011f\u0131 Ups","potentialAction":[{"@type":"SearchAction","target":{"@type":"EntryPoint","urlTemplate":"https:\/\/redsanstore.com\/?s={search_term_string}"},"query-input":{"@type":"PropertyValueSpecification","valueRequired":true,"valueName":"search_term_string"}}],"inLanguage":"ar"},{"@type":"Organization","@id":"https:\/\/redsanstore.com\/#organization","name":"Redsan Store","alternateName":"Redres\u00f6r ve Kesintisiz G\u00fc\u00e7 Kayna\u011f\u0131 Ups","url":"https:\/\/redsanstore.com\/","logo":{"@type":"ImageObject","inLanguage":"ar","@id":"https:\/\/redsanstore.com\/#\/schema\/logo\/image\/","url":"https:\/\/redsanstore.com\/wp-content\/uploads\/2024\/06\/redresor-ups-site-gorseli.jpg","contentUrl":"https:\/\/redsanstore.com\/wp-content\/uploads\/2024\/06\/redresor-ups-site-gorseli.jpg","width":1200,"height":675,"caption":"Redsan Store"},"image":{"@id":"https:\/\/redsanstore.com\/#\/schema\/logo\/image\/"},"sameAs":["https:\/\/www.facebook.com\/redsanelektronik","https:\/\/www.instagram.com\/redsanelektronik\/","https:\/\/www.linkedin.com\/company\/redsan-elektronik\/"]}]}},"_links":{"self":[{"href":"https:\/\/redsanstore.com\/ar\/wp-json\/wp\/v2\/pages\/84437","targetHints":{"allow":["GET"]}}],"collection":[{"href":"https:\/\/redsanstore.com\/ar\/wp-json\/wp\/v2\/pages"}],"about":[{"href":"https:\/\/redsanstore.com\/ar\/wp-json\/wp\/v2\/types\/page"}],"author":[{"embeddable":true,"href":"https:\/\/redsanstore.com\/ar\/wp-json\/wp\/v2\/users\/1"}],"replies":[{"embeddable":true,"href":"https:\/\/redsanstore.com\/ar\/wp-json\/wp\/v2\/comments?post=84437"}],"version-history":[{"count":0,"href":"https:\/\/redsanstore.com\/ar\/wp-json\/wp\/v2\/pages\/84437\/revisions"}],"wp:attachment":[{"href":"https:\/\/redsanstore.com\/ar\/wp-json\/wp\/v2\/media?parent=84437"}],"curies":[{"name":"wp","href":"https:\/\/api.w.org\/{rel}","templated":true}]}}